{"id":4148,"date":"2024-12-08T17:22:39","date_gmt":"2024-12-08T16:22:39","guid":{"rendered":"http:\/\/arwann.com\/?post_type=product&#038;p=4148"},"modified":"2026-01-14T17:18:47","modified_gmt":"2026-01-14T16:18:47","slug":"le-coeur-de-jehanne-20e","status":"publish","type":"product","link":"https:\/\/arwann.com\/?product=le-coeur-de-jehanne-20e","title":{"rendered":"Le C\u0153ur de Jehanne (20\u20ac)"},"content":{"rendered":"<p><strong><em>Le C\u0153ur de Jehanne<\/em><\/strong> est un roman de la collection <strong>Foulard Rouge <\/strong>qui s\u2019adresse aux jeunes \u00e0 partir de 17 ans.<\/p>\n<p>410 pages,<br \/>\nFormat: 14 x 20,5 cm<\/p>\n<p><span style=\"color: #993300;\"><strong>20\u20ac<\/strong><\/span><\/p>\n<p><img loading=\"lazy\" decoding=\"async\" class=\"alignnone size-full wp-image-4147\" src=\"http:\/\/arwann.com\/wp-content\/uploads\/2024\/12\/Livre-3D-Coeur-de-Jehanne.png\" alt=\"\" width=\"2751\" height=\"3022\" srcset=\"https:\/\/arwann.com\/wp-content\/uploads\/2024\/12\/Livre-3D-Coeur-de-Jehanne.png 2751w, https:\/\/arwann.com\/wp-content\/uploads\/2024\/12\/Livre-3D-Coeur-de-Jehanne-273x300.png 273w, https:\/\/arwann.com\/wp-content\/uploads\/2024\/12\/Livre-3D-Coeur-de-Jehanne-932x1024.png 932w, https:\/\/arwann.com\/wp-content\/uploads\/2024\/12\/Livre-3D-Coeur-de-Jehanne-768x844.png 768w, https:\/\/arwann.com\/wp-content\/uploads\/2024\/12\/Livre-3D-Coeur-de-Jehanne-1398x1536.png 1398w, https:\/\/arwann.com\/wp-content\/uploads\/2024\/12\/Livre-3D-Coeur-de-Jehanne-1864x2048.png 1864w, https:\/\/arwann.com\/wp-content\/uploads\/2024\/12\/Livre-3D-Coeur-de-Jehanne-300x330.png 300w\" sizes=\"auto, (max-width: 2751px) 100vw, 2751px\" \/><\/p>\n<p>&nbsp;<\/p>\n<p>&nbsp;<\/p>\n","protected":false},"excerpt":{"rendered":"<div data-ogsc=\"rgb(0, 0, 0)\">\n<p><strong>R\u00c9SUM\u00c9<\/strong><\/p>\n<p>Bien que ce roman puisse \u00eatre lu seul, il se place dans une chronologie que l\u2019on peut consulter sur la page en regard. Pour ce roman, comme pour tous les autres, nous avons pris soin de rapporter et d\u2019expliquer certains \u00e9l\u00e9ments des romans pr\u00e9c\u00e9dents qui ont besoin d\u2019\u00eatre connus.<\/p>\n<p>Plus pr\u00e9cis\u00e9ment, le h\u00e9ros du <i>C\u0153ur de Jehanne<\/i> est le fameux Albin qui, chass\u00e9 de sa troupe pour une peccadille, avait particip\u00e9 au camp de Rosnay dans le Taennchel (Vosges). D\u00e9sign\u00e9 comme le messager de la Demoiselle blanche \u2013 en fait un grand jeu \u00ad\u2013 il avait \u00e9t\u00e9 profond\u00e9ment marqu\u00e9 par ce grand jeu et ce camp. Le temps ayant pass\u00e9, le voici maintenant \u00e9tudiant \u00e0 Rouen.<\/p>\n<p>Deux personnages principaux \u00e9voluent selon la trame de ce roman\u00a0: Albin et C\u00e9leste (tous deux Chefs \u00e9claireurs et \u00e9claireuse juste sortis du \u00ab\u00a0service actif\u00a0\u00bb). Mais il faut tenir compte de deux autres personnages tr\u00e8s importants\u00a0: Tout d\u2019abord Jeanne d\u2019Arc tr\u00e8s pr\u00e9sente malgr\u00e9 les six si\u00e8cles qui s\u00e9parent cette aventure\u00a0 de son \u00e9pop\u00e9e ; ensuite il faut compter avec la Seine, ce grand fleuve qui r\u00e9servera bien des surprises et des tracas pour nos jeunes h\u00e9ros.<\/p>\n<p><strong><span style=\"font-size: large;\">Extrait<\/span><\/strong><\/p>\n<p>Sur le pont, Albin traversa les voies du tram et, au moment favorable, il franchit en courant les voies de circulation. Il ralentit son allure pour arriver jusqu\u2019\u00e0 la jeune fille inconnue. Toujours pench\u00e9e vers la Seine,\u00a0celle-ci ne l\u2019avait pas vu venir. Il l\u2019aborda en ces termes\u00a0:<\/p>\n<p>&#8211; Alors, apr\u00e8s votre rendez-vous manqu\u00e9, vous cherchez maintenant \u00e0 quitter cette vie cruelle\u00a0?<\/p>\n<p>&#8211; Oh\u00a0!&#8230; vous m\u2019avez fait peur, s\u2019exclama l\u2019inconnue en sursautant.<\/p>\n<p>Juste derri\u00e8re l\u2019expression de surprise Albin eut le temps de remarquer l\u2019ombre du tourment qui s\u2019estompait rapidement sur le visage de la jeune fille.<\/p>\n<p>&#8211; Je suis navr\u00e9 de vous d\u00e9ranger une nouvelle fois, mais de loin on aurait jur\u00e9 que vous alliez vous jeter dans la Seine\u2026 Un gros chagrin peut-\u00eatre\u00a0?<\/p>\n<p>Albin s\u2019\u00e9tait lui aussi appuy\u00e9 au parapet et, pour ne pas \u00eatre g\u00ean\u00e9 par le soleil d\u00e9clinant, il tournait franchement la t\u00eate vers la jeune fille. L\u2019inconnue lui sourit.<\/p>\n<p>&#8211; J\u2019admire votre pers\u00e9v\u00e9rance et la constance avec laquelle vous perturbez ma m\u00e9ditation.<\/p>\n<p>&#8211; La premi\u00e8re fois ce n\u2019\u00e9tait pas ma faute, mademoiselle, j\u2019y ai \u00e9t\u00e9 contraint par mes camarades \u00e9tudiants. Cette fois c\u2019est par pure curiosit\u00e9 car je suis intrigu\u00e9 par vos agissements. Laissez-moi deviner\u2026 vous n\u2019\u00eates pas de Rouen, n\u2019est-ce pas\u00a0?<\/p>\n<p>&#8211; En effet, je peux dire que c\u2019est la premi\u00e8re fois que je viens \u00e0 Rouen.<\/p>\n<p>&#8211; Hum\u00a0! je vois\u2026 Je vois aussi que vous \u00eates \u00e9tudiante, que vous avez termin\u00e9 vos examens. Vous vivez dans une maison avec un jardin, vous avez de nombreux fr\u00e8res et s\u0153urs. Qu\u2019\u00e9tudiez-vous donc\u00a0?&#8230; Voyons voir\u2026 Ah\u00a0! histoire ou lettres\u2026 Je pencherais plut\u00f4t pour l\u2019histoire.<\/p>\n<ul>\n<li>\u00c9tonnant ! s\u2019exclama la jeune fille dans un registre narquois, tout est juste.<\/li>\n<\/ul>\n<p>Mais Albin \u00e9tait loin d\u2019imaginer le lourd secret qui pesait sur la vie de la jeune inconnue qui l\u2019intriguait. Sachant tout ce qui allait s\u2019encha\u00eener, aurait-il pers\u00e9v\u00e9r\u00e9 apr\u00e8s cette rencontre ?&#8230; Mais surtout, \u00e9tait-il pr\u00eat pour une aventure hors norme et vraiment d\u00e9raisonnable ?<\/p>\n<p><img loading=\"lazy\" decoding=\"async\" class=\"alignnone size-full wp-image-2281\" src=\"http:\/\/arwann.com\/wp-content\/uploads\/2014\/12\/paiement-secure.png\" alt=\"\" width=\"1222\" height=\"632\" srcset=\"https:\/\/arwann.com\/wp-content\/uploads\/2014\/12\/paiement-secure.png 1222w, https:\/\/arwann.com\/wp-content\/uploads\/2014\/12\/paiement-secure-300x155.png 300w, https:\/\/arwann.com\/wp-content\/uploads\/2014\/12\/paiement-secure-1024x529.png 1024w\" sizes=\"auto, (max-width: 1222px) 100vw, 1222px\" \/><\/p>\n<\/div>\n<p><strong>20\u20ac<\/strong><\/p>\n","protected":false},"featured_media":4147,"comment_status":"open","ping_status":"closed","template":"","meta":[],"product_brand":[],"product_cat":[26],"product_tag":[],"class_list":{"0":"post-4148","1":"product","2":"type-product","3":"status-publish","4":"has-post-thumbnail","6":"product_cat-livres","7":"product_shipping_class-livre","9":"first","10":"instock","11":"featured","12":"purchasable","13":"product-type-simple"},"yoast_head":"<!-- This site is optimized with the Yoast SEO plugin v27.2 - https:\/\/yoast.com\/product\/yoast-seo-wordpress\/ -->\n<title>Le C\u0153ur de Jehanne (20\u20ac) -<\/title>\n<meta name=\"robots\" content=\"index, follow, max-snippet:-1, max-image-preview:large, max-video-preview:-1\" \/>\n<link rel=\"canonical\" href=\"https:\/\/arwann.com\/?product=le-coeur-de-jehanne-20e\" \/>\n<meta property=\"og:locale\" content=\"fr_FR\" \/>\n<meta property=\"og:type\" content=\"article\" \/>\n<meta property=\"og:title\" content=\"Le C\u0153ur de Jehanne (20\u20ac) -\" \/>\n<meta property=\"og:description\" content=\"R\u00c9SUM\u00c9  Bien que ce roman puisse \u00eatre lu seul, il se place dans une chronologie que l\u2019on peut consulter sur la page en regard. Pour ce roman, comme pour tous les autres, nous avons pris soin de rapporter et d\u2019expliquer certains \u00e9l\u00e9ments des romans pr\u00e9c\u00e9dents qui ont besoin d\u2019\u00eatre connus.  Plus pr\u00e9cis\u00e9ment, le h\u00e9ros du C\u0153ur de Jehanne est le fameux Albin qui, chass\u00e9 de sa troupe pour une peccadille, avait particip\u00e9 au camp de Rosnay dans le Taennchel (Vosges). D\u00e9sign\u00e9 comme le messager de la Demoiselle blanche \u2013 en fait un grand jeu \u00ad\u2013 il avait \u00e9t\u00e9 profond\u00e9ment marqu\u00e9 par ce grand jeu et ce camp. Le temps ayant pass\u00e9, le voici maintenant \u00e9tudiant \u00e0 Rouen.  Deux personnages principaux \u00e9voluent selon la trame de ce roman\u00a0: Albin et C\u00e9leste (tous deux Chefs \u00e9claireurs et \u00e9claireuse juste sortis du \u00ab\u00a0service actif\u00a0\u00bb). Mais il faut tenir compte de deux autres personnages tr\u00e8s importants\u00a0: Tout d\u2019abord Jeanne d\u2019Arc tr\u00e8s pr\u00e9sente malgr\u00e9 les six si\u00e8cles qui s\u00e9parent cette aventure\u00a0 de son \u00e9pop\u00e9e ; ensuite il faut compter avec la Seine, ce grand fleuve qui r\u00e9servera bien des surprises et des tracas pour nos jeunes h\u00e9ros.  Extrait  Sur le pont, Albin traversa les voies du tram et, au moment favorable, il franchit en courant les voies de circulation. Il ralentit son allure pour arriver jusqu\u2019\u00e0 la jeune fille inconnue. Toujours pench\u00e9e vers la Seine,\u00a0celle-ci ne l\u2019avait pas vu venir. Il l\u2019aborda en ces termes\u00a0:  - Alors, apr\u00e8s votre rendez-vous manqu\u00e9, vous cherchez maintenant \u00e0 quitter cette vie cruelle\u00a0?  - Oh\u00a0!... vous m\u2019avez fait peur, s\u2019exclama l\u2019inconnue en sursautant.  Juste derri\u00e8re l\u2019expression de surprise Albin eut le temps de remarquer l\u2019ombre du tourment qui s\u2019estompait rapidement sur le visage de la jeune fille.  - Je suis navr\u00e9 de vous d\u00e9ranger une nouvelle fois, mais de loin on aurait jur\u00e9 que vous alliez vous jeter dans la Seine\u2026 Un gros chagrin peut-\u00eatre\u00a0?  Albin s\u2019\u00e9tait lui aussi appuy\u00e9 au parapet et, pour ne pas \u00eatre g\u00ean\u00e9 par le soleil d\u00e9clinant, il tournait franchement la t\u00eate vers la jeune fille. L\u2019inconnue lui sourit.  - J\u2019admire votre pers\u00e9v\u00e9rance et la constance avec laquelle vous perturbez ma m\u00e9ditation.  - La premi\u00e8re fois ce n\u2019\u00e9tait pas ma faute, mademoiselle, j\u2019y ai \u00e9t\u00e9 contraint par mes camarades \u00e9tudiants. Cette fois c\u2019est par pure curiosit\u00e9 car je suis intrigu\u00e9 par vos agissements. Laissez-moi deviner\u2026 vous n\u2019\u00eates pas de Rouen, n\u2019est-ce pas\u00a0?  - En effet, je peux dire que c\u2019est la premi\u00e8re fois que je viens \u00e0 Rouen.  - Hum\u00a0! je vois\u2026 Je vois aussi que vous \u00eates \u00e9tudiante, que vous avez termin\u00e9 vos examens. Vous vivez dans une maison avec un jardin, vous avez de nombreux fr\u00e8res et s\u0153urs. Qu\u2019\u00e9tudiez-vous donc\u00a0?... Voyons voir\u2026 Ah\u00a0! histoire ou lettres\u2026 Je pencherais plut\u00f4t pour l\u2019histoire.   \u00c9tonnant ! s\u2019exclama la jeune fille dans un registre narquois, tout est juste.  Mais Albin \u00e9tait loin d\u2019imaginer le lourd secret qui pesait sur la vie de la jeune inconnue qui l\u2019intriguait. Sachant tout ce qui allait s\u2019encha\u00eener, aurait-il pers\u00e9v\u00e9r\u00e9 apr\u00e8s cette rencontre ?... Mais surtout, \u00e9tait-il pr\u00eat pour une aventure hors norme et vraiment d\u00e9raisonnable ?     20\u20ac\" \/>\n<meta property=\"og:url\" content=\"https:\/\/arwann.com\/?product=le-coeur-de-jehanne-20e\" \/>\n<meta property=\"article:modified_time\" content=\"2026-01-14T16:18:47+00:00\" \/>\n<meta property=\"og:image\" content=\"https:\/\/arwann.com\/wp-content\/uploads\/2024\/12\/Livre-3D-Coeur-de-Jehanne-932x1024.png\" \/>\n\t<meta property=\"og:image:width\" content=\"932\" \/>\n\t<meta property=\"og:image:height\" content=\"1024\" \/>\n\t<meta property=\"og:image:type\" content=\"image\/png\" \/>\n<meta name=\"twitter:label1\" content=\"Dur\u00e9e de lecture estim\u00e9e\" \/>\n\t<meta name=\"twitter:data1\" content=\"1 minute\" \/>\n<script type=\"application\/ld+json\" class=\"yoast-schema-graph\">{\"@context\":\"https:\/\/schema.org\",\"@graph\":[{\"@type\":\"WebPage\",\"@id\":\"https:\/\/arwann.com\/?product=le-coeur-de-jehanne-20e\",\"url\":\"https:\/\/arwann.com\/?product=le-coeur-de-jehanne-20e\",\"name\":\"Le C\u0153ur de Jehanne (20\u20ac) -\",\"isPartOf\":{\"@id\":\"https:\/\/arwann.com\/#website\"},\"primaryImageOfPage\":{\"@id\":\"https:\/\/arwann.com\/?product=le-coeur-de-jehanne-20e#primaryimage\"},\"image\":{\"@id\":\"https:\/\/arwann.com\/?product=le-coeur-de-jehanne-20e#primaryimage\"},\"thumbnailUrl\":\"https:\/\/arwann.com\/wp-content\/uploads\/2024\/12\/Livre-3D-Coeur-de-Jehanne.png\",\"datePublished\":\"2024-12-08T16:22:39+00:00\",\"dateModified\":\"2026-01-14T16:18:47+00:00\",\"breadcrumb\":{\"@id\":\"https:\/\/arwann.com\/?product=le-coeur-de-jehanne-20e#breadcrumb\"},\"inLanguage\":\"fr-FR\",\"potentialAction\":[{\"@type\":\"ReadAction\",\"target\":[\"https:\/\/arwann.com\/?product=le-coeur-de-jehanne-20e\"]}]},{\"@type\":\"ImageObject\",\"inLanguage\":\"fr-FR\",\"@id\":\"https:\/\/arwann.com\/?product=le-coeur-de-jehanne-20e#primaryimage\",\"url\":\"https:\/\/arwann.com\/wp-content\/uploads\/2024\/12\/Livre-3D-Coeur-de-Jehanne.png\",\"contentUrl\":\"https:\/\/arwann.com\/wp-content\/uploads\/2024\/12\/Livre-3D-Coeur-de-Jehanne.png\",\"width\":2751,\"height\":3022},{\"@type\":\"BreadcrumbList\",\"@id\":\"https:\/\/arwann.com\/?product=le-coeur-de-jehanne-20e#breadcrumb\",\"itemListElement\":[{\"@type\":\"ListItem\",\"position\":1,\"name\":\"Home\",\"item\":\"https:\/\/arwann.com\/\"},{\"@type\":\"ListItem\",\"position\":2,\"name\":\"\u00e9ditions Arwann\",\"item\":\"http:\/\/arwann.com\/?page_id=83\"},{\"@type\":\"ListItem\",\"position\":3,\"name\":\"Le C\u0153ur de Jehanne (20\u20ac)\"}]},{\"@type\":\"WebSite\",\"@id\":\"https:\/\/arwann.com\/#website\",\"url\":\"https:\/\/arwann.com\/\",\"name\":\"Arwann.com\",\"description\":\"\",\"publisher\":{\"@id\":\"https:\/\/arwann.com\/#organization\"},\"potentialAction\":[{\"@type\":\"SearchAction\",\"target\":{\"@type\":\"EntryPoint\",\"urlTemplate\":\"https:\/\/arwann.com\/?s={search_term_string}\"},\"query-input\":{\"@type\":\"PropertyValueSpecification\",\"valueRequired\":true,\"valueName\":\"search_term_string\"}}],\"inLanguage\":\"fr-FR\"},{\"@type\":\"Organization\",\"@id\":\"https:\/\/arwann.com\/#organization\",\"name\":\"Arwann\",\"url\":\"https:\/\/arwann.com\/\",\"logo\":{\"@type\":\"ImageObject\",\"inLanguage\":\"fr-FR\",\"@id\":\"https:\/\/arwann.com\/#\/schema\/logo\/image\/\",\"url\":\"http:\/\/arwann.com\/wp-content\/uploads\/2014\/04\/cropped-bandeau-arwann-5.png\",\"contentUrl\":\"http:\/\/arwann.com\/wp-content\/uploads\/2014\/04\/cropped-bandeau-arwann-5.png\",\"width\":1600,\"height\":230,\"caption\":\"Arwann\"},\"image\":{\"@id\":\"https:\/\/arwann.com\/#\/schema\/logo\/image\/\"}}]}<\/script>\n<!-- \/ Yoast SEO plugin. -->","yoast_head_json":{"title":"Le C\u0153ur de Jehanne (20\u20ac) -","robots":{"index":"index","follow":"follow","max-snippet":"max-snippet:-1","max-image-preview":"max-image-preview:large","max-video-preview":"max-video-preview:-1"},"canonical":"https:\/\/arwann.com\/?product=le-coeur-de-jehanne-20e","og_locale":"fr_FR","og_type":"article","og_title":"Le C\u0153ur de Jehanne (20\u20ac) -","og_description":"R\u00c9SUM\u00c9  Bien que ce roman puisse \u00eatre lu seul, il se place dans une chronologie que l\u2019on peut consulter sur la page en regard. Pour ce roman, comme pour tous les autres, nous avons pris soin de rapporter et d\u2019expliquer certains \u00e9l\u00e9ments des romans pr\u00e9c\u00e9dents qui ont besoin d\u2019\u00eatre connus.  Plus pr\u00e9cis\u00e9ment, le h\u00e9ros du C\u0153ur de Jehanne est le fameux Albin qui, chass\u00e9 de sa troupe pour une peccadille, avait particip\u00e9 au camp de Rosnay dans le Taennchel (Vosges). D\u00e9sign\u00e9 comme le messager de la Demoiselle blanche \u2013 en fait un grand jeu \u00ad\u2013 il avait \u00e9t\u00e9 profond\u00e9ment marqu\u00e9 par ce grand jeu et ce camp. Le temps ayant pass\u00e9, le voici maintenant \u00e9tudiant \u00e0 Rouen.  Deux personnages principaux \u00e9voluent selon la trame de ce roman\u00a0: Albin et C\u00e9leste (tous deux Chefs \u00e9claireurs et \u00e9claireuse juste sortis du \u00ab\u00a0service actif\u00a0\u00bb). Mais il faut tenir compte de deux autres personnages tr\u00e8s importants\u00a0: Tout d\u2019abord Jeanne d\u2019Arc tr\u00e8s pr\u00e9sente malgr\u00e9 les six si\u00e8cles qui s\u00e9parent cette aventure\u00a0 de son \u00e9pop\u00e9e ; ensuite il faut compter avec la Seine, ce grand fleuve qui r\u00e9servera bien des surprises et des tracas pour nos jeunes h\u00e9ros.  Extrait  Sur le pont, Albin traversa les voies du tram et, au moment favorable, il franchit en courant les voies de circulation. Il ralentit son allure pour arriver jusqu\u2019\u00e0 la jeune fille inconnue. Toujours pench\u00e9e vers la Seine,\u00a0celle-ci ne l\u2019avait pas vu venir. Il l\u2019aborda en ces termes\u00a0:  - Alors, apr\u00e8s votre rendez-vous manqu\u00e9, vous cherchez maintenant \u00e0 quitter cette vie cruelle\u00a0?  - Oh\u00a0!... vous m\u2019avez fait peur, s\u2019exclama l\u2019inconnue en sursautant.  Juste derri\u00e8re l\u2019expression de surprise Albin eut le temps de remarquer l\u2019ombre du tourment qui s\u2019estompait rapidement sur le visage de la jeune fille.  - Je suis navr\u00e9 de vous d\u00e9ranger une nouvelle fois, mais de loin on aurait jur\u00e9 que vous alliez vous jeter dans la Seine\u2026 Un gros chagrin peut-\u00eatre\u00a0?  Albin s\u2019\u00e9tait lui aussi appuy\u00e9 au parapet et, pour ne pas \u00eatre g\u00ean\u00e9 par le soleil d\u00e9clinant, il tournait franchement la t\u00eate vers la jeune fille. L\u2019inconnue lui sourit.  - J\u2019admire votre pers\u00e9v\u00e9rance et la constance avec laquelle vous perturbez ma m\u00e9ditation.  - La premi\u00e8re fois ce n\u2019\u00e9tait pas ma faute, mademoiselle, j\u2019y ai \u00e9t\u00e9 contraint par mes camarades \u00e9tudiants. Cette fois c\u2019est par pure curiosit\u00e9 car je suis intrigu\u00e9 par vos agissements. Laissez-moi deviner\u2026 vous n\u2019\u00eates pas de Rouen, n\u2019est-ce pas\u00a0?  - En effet, je peux dire que c\u2019est la premi\u00e8re fois que je viens \u00e0 Rouen.  - Hum\u00a0! je vois\u2026 Je vois aussi que vous \u00eates \u00e9tudiante, que vous avez termin\u00e9 vos examens. Vous vivez dans une maison avec un jardin, vous avez de nombreux fr\u00e8res et s\u0153urs. Qu\u2019\u00e9tudiez-vous donc\u00a0?... Voyons voir\u2026 Ah\u00a0! histoire ou lettres\u2026 Je pencherais plut\u00f4t pour l\u2019histoire.   \u00c9tonnant ! s\u2019exclama la jeune fille dans un registre narquois, tout est juste.  Mais Albin \u00e9tait loin d\u2019imaginer le lourd secret qui pesait sur la vie de la jeune inconnue qui l\u2019intriguait. Sachant tout ce qui allait s\u2019encha\u00eener, aurait-il pers\u00e9v\u00e9r\u00e9 apr\u00e8s cette rencontre ?... Mais surtout, \u00e9tait-il pr\u00eat pour une aventure hors norme et vraiment d\u00e9raisonnable ?     20\u20ac","og_url":"https:\/\/arwann.com\/?product=le-coeur-de-jehanne-20e","article_modified_time":"2026-01-14T16:18:47+00:00","og_image":[{"width":932,"height":1024,"url":"https:\/\/arwann.com\/wp-content\/uploads\/2024\/12\/Livre-3D-Coeur-de-Jehanne-932x1024.png","type":"image\/png"}],"twitter_misc":{"Dur\u00e9e de lecture estim\u00e9e":"1 minute"},"schema":{"@context":"https:\/\/schema.org","@graph":[{"@type":"WebPage","@id":"https:\/\/arwann.com\/?product=le-coeur-de-jehanne-20e","url":"https:\/\/arwann.com\/?product=le-coeur-de-jehanne-20e","name":"Le C\u0153ur de Jehanne (20\u20ac) -","isPartOf":{"@id":"https:\/\/arwann.com\/#website"},"primaryImageOfPage":{"@id":"https:\/\/arwann.com\/?product=le-coeur-de-jehanne-20e#primaryimage"},"image":{"@id":"https:\/\/arwann.com\/?product=le-coeur-de-jehanne-20e#primaryimage"},"thumbnailUrl":"https:\/\/arwann.com\/wp-content\/uploads\/2024\/12\/Livre-3D-Coeur-de-Jehanne.png","datePublished":"2024-12-08T16:22:39+00:00","dateModified":"2026-01-14T16:18:47+00:00","breadcrumb":{"@id":"https:\/\/arwann.com\/?product=le-coeur-de-jehanne-20e#breadcrumb"},"inLanguage":"fr-FR","potentialAction":[{"@type":"ReadAction","target":["https:\/\/arwann.com\/?product=le-coeur-de-jehanne-20e"]}]},{"@type":"ImageObject","inLanguage":"fr-FR","@id":"https:\/\/arwann.com\/?product=le-coeur-de-jehanne-20e#primaryimage","url":"https:\/\/arwann.com\/wp-content\/uploads\/2024\/12\/Livre-3D-Coeur-de-Jehanne.png","contentUrl":"https:\/\/arwann.com\/wp-content\/uploads\/2024\/12\/Livre-3D-Coeur-de-Jehanne.png","width":2751,"height":3022},{"@type":"BreadcrumbList","@id":"https:\/\/arwann.com\/?product=le-coeur-de-jehanne-20e#breadcrumb","itemListElement":[{"@type":"ListItem","position":1,"name":"Home","item":"https:\/\/arwann.com\/"},{"@type":"ListItem","position":2,"name":"\u00e9ditions Arwann","item":"http:\/\/arwann.com\/?page_id=83"},{"@type":"ListItem","position":3,"name":"Le C\u0153ur de Jehanne (20\u20ac)"}]},{"@type":"WebSite","@id":"https:\/\/arwann.com\/#website","url":"https:\/\/arwann.com\/","name":"Arwann.com","description":"","publisher":{"@id":"https:\/\/arwann.com\/#organization"},"potentialAction":[{"@type":"SearchAction","target":{"@type":"EntryPoint","urlTemplate":"https:\/\/arwann.com\/?s={search_term_string}"},"query-input":{"@type":"PropertyValueSpecification","valueRequired":true,"valueName":"search_term_string"}}],"inLanguage":"fr-FR"},{"@type":"Organization","@id":"https:\/\/arwann.com\/#organization","name":"Arwann","url":"https:\/\/arwann.com\/","logo":{"@type":"ImageObject","inLanguage":"fr-FR","@id":"https:\/\/arwann.com\/#\/schema\/logo\/image\/","url":"http:\/\/arwann.com\/wp-content\/uploads\/2014\/04\/cropped-bandeau-arwann-5.png","contentUrl":"http:\/\/arwann.com\/wp-content\/uploads\/2014\/04\/cropped-bandeau-arwann-5.png","width":1600,"height":230,"caption":"Arwann"},"image":{"@id":"https:\/\/arwann.com\/#\/schema\/logo\/image\/"}}]}},"_links":{"self":[{"href":"https:\/\/arwann.com\/index.php?rest_route=\/wp\/v2\/product\/4148","targetHints":{"allow":["GET"]}}],"collection":[{"href":"https:\/\/arwann.com\/index.php?rest_route=\/wp\/v2\/product"}],"about":[{"href":"https:\/\/arwann.com\/index.php?rest_route=\/wp\/v2\/types\/product"}],"replies":[{"embeddable":true,"href":"https:\/\/arwann.com\/index.php?rest_route=%2Fwp%2Fv2%2Fcomments&post=4148"}],"wp:featuredmedia":[{"embeddable":true,"href":"https:\/\/arwann.com\/index.php?rest_route=\/wp\/v2\/media\/4147"}],"wp:attachment":[{"href":"https:\/\/arwann.com\/index.php?rest_route=%2Fwp%2Fv2%2Fmedia&parent=4148"}],"wp:term":[{"taxonomy":"product_brand","embeddable":true,"href":"https:\/\/arwann.com\/index.php?rest_route=%2Fwp%2Fv2%2Fproduct_brand&post=4148"},{"taxonomy":"product_cat","embeddable":true,"href":"https:\/\/arwann.com\/index.php?rest_route=%2Fwp%2Fv2%2Fproduct_cat&post=4148"},{"taxonomy":"product_tag","embeddable":true,"href":"https:\/\/arwann.com\/index.php?rest_route=%2Fwp%2Fv2%2Fproduct_tag&post=4148"}],"curies":[{"name":"wp","href":"https:\/\/api.w.org\/{rel}","templated":true}]}}