{"id":4049,"date":"2023-09-28T08:17:42","date_gmt":"2023-09-28T07:17:42","guid":{"rendered":"http:\/\/arwann.com\/?post_type=product&#038;p=4049"},"modified":"2023-10-12T16:50:41","modified_gmt":"2023-10-12T15:50:41","slug":"deux-millions-de-pas-22e","status":"publish","type":"product","link":"https:\/\/arwann.com\/?product=deux-millions-de-pas-22e","title":{"rendered":"Deux millions de pas (22\u20ac)"},"content":{"rendered":"<p>\u00ab Deux millions de pas \u00bb est un roman de la collection <strong>Foulard Blanc <\/strong>qui s\u2019adresse \u00e0 tous \u00e0 partir de 17 ans.<\/p>\n<p>385 pages,<br \/>\nFormat: 14 x 20,5 cm<\/p>\n<p><span style=\"color: #993300;\"><strong>22\u20ac<\/strong><\/span><\/p>\n<p><img loading=\"lazy\" decoding=\"async\" class=\"alignnone size-full wp-image-4058\" src=\"http:\/\/arwann.com\/wp-content\/uploads\/2023\/09\/12-Vezelay-Loreto.png\" alt=\"\" width=\"1000\" height=\"1000\" srcset=\"https:\/\/arwann.com\/wp-content\/uploads\/2023\/09\/12-Vezelay-Loreto.png 1000w, https:\/\/arwann.com\/wp-content\/uploads\/2023\/09\/12-Vezelay-Loreto-300x300.png 300w, https:\/\/arwann.com\/wp-content\/uploads\/2023\/09\/12-Vezelay-Loreto-150x150.png 150w, https:\/\/arwann.com\/wp-content\/uploads\/2023\/09\/12-Vezelay-Loreto-768x768.png 768w, https:\/\/arwann.com\/wp-content\/uploads\/2023\/09\/12-Vezelay-Loreto-200x200.png 200w, https:\/\/arwann.com\/wp-content\/uploads\/2023\/09\/12-Vezelay-Loreto-100x100.png 100w\" sizes=\"auto, (max-width: 1000px) 100vw, 1000px\" \/><\/p>\n<p>&nbsp;<\/p>\n","protected":false},"excerpt":{"rendered":"<div data-ogsc=\"rgb(0, 0, 0)\">\n<p><strong>R\u00c9SUM\u00c9<\/strong><\/p>\n<p>Fran\u00e7ois n\u2019avait jamais p\u00e9lerin\u00e9 loin et longtemps, l\u2019occasion concr\u00e8te ne s\u2019\u00e9tait pas pr\u00e9sent\u00e9e, le temps lui manquait, la vie allait trop vite&#8230; Mais un jour une terrible nouvelle tombe qui \u00e9branle toute la famille. Au cours d\u2019un banal examen, son fils ain\u00e9, d\u00e9j\u00e0 p\u00e8re de quatre enfants, apprend qu\u2019une grosse tumeur se d\u00e9veloppe dans son cerveau. Apr\u00e8s une op\u00e9ration d\u00e9licate et tr\u00e8s \u00e9prouvante, les chirurgiens refusent de se prononcer au-del\u00e0 d\u2019une ann\u00e9e. Toute la famille comprend ce que cela signifie.<\/p>\n<p>Alors, apr\u00e8s avoir longuement m\u00fbri sa d\u00e9cision, Fran\u00e7ois annonce ce p\u00e8lerinage pour obtenir la gu\u00e9rison de son fils. Un vrai p\u00e8lerinage, cette fois, avec un facteur 20 compar\u00e9 aux petits p\u00e9l\u00e9s souvent effectu\u00e9s.<\/p>\n<p>&#8211; Toi qui souffres et qui viens \u00e0 moi, as-tu confiance en moi ? \u00bb<\/p>\n<p>&#8211; Oui, Sainte Vierge Marie, Vous avez tout pouvoir sur votre fils J\u00e9sus. Je vous confie cette demande, \u00f4 Marie, notre m\u00e8re, vous seule saurez exactement comment la pr\u00e9senter \u00e0 votre Fils. Je vous offre ces nombreux jours d\u2019effort, ces 1300 km \u00e0 pied pour vous honorer. Je ne sais gu\u00e8re faire que cela, mais j\u2019y mettrai toutes mes forces et tout mon c\u0153ur. Vous en appr\u00e9cierez vous-m\u00eame la valeur p\u00e9nitentielle. Je ne suis pas mystique, gu\u00e8re m\u00e9ditatif et pas pieux comme il le faudrait, mais je sais peiner et pers\u00e9v\u00e9rer, je sais accomplir mon devoir et aussi ne jamais abandonner, c\u2019est-\u00e0-dire avoir une confiance in\u00e9branlable au-del\u00e0 des doutes les plus accablants. Alors, Marie, je vous offre ce que je suis et ce que je sais faire : avoir confiance et pers\u00e9v\u00e9rer.<\/p>\n<p>De cet humble p\u00e8lerinage effectu\u00e9 \u00ab\u00a0\u00e0 la scoute\u00a0\u00bb, Fran\u00e7ois Villars tire un journal frais, vivant, loin des mythes et ne conc\u00e9dant rien \u00e0 l\u2019imagerie convenue.<\/p>\n<p>Ce journal, il le destine d\u2019abord \u00e0 sa famille, mais bien plus largement \u00e0 tous ceux qui souffrent pour leurs proches et qui ne savent comment les soutenir.<\/p>\n<p>Ce journal est un appel \u00e0 l\u2019espoir &#8211; sans lequel rien ne peut s\u2019entreprendre,<\/p>\n<p>c\u2019est une impulsion pour l\u2019action &#8211; sans laquelle rien ne s\u2019accomplit,<\/p>\n<p>il est une invitation \u00e0 la confiance en Dieu &#8211; sans laquelle rien ne peut r\u00e9ussir.<\/p>\n<p><img loading=\"lazy\" decoding=\"async\" class=\"alignnone size-full wp-image-2281\" src=\"http:\/\/arwann.com\/wp-content\/uploads\/2014\/12\/paiement-secure.png\" alt=\"\" width=\"1222\" height=\"632\" srcset=\"https:\/\/arwann.com\/wp-content\/uploads\/2014\/12\/paiement-secure.png 1222w, https:\/\/arwann.com\/wp-content\/uploads\/2014\/12\/paiement-secure-300x155.png 300w, https:\/\/arwann.com\/wp-content\/uploads\/2014\/12\/paiement-secure-1024x529.png 1024w\" sizes=\"auto, (max-width: 1222px) 100vw, 1222px\" \/><\/p>\n<\/div>\n<p><strong>22\u20ac<\/strong><\/p>\n","protected":false},"featured_media":4058,"comment_status":"open","ping_status":"closed","template":"","meta":[],"product_brand":[],"product_cat":[26],"product_tag":[],"class_list":{"0":"post-4049","1":"product","2":"type-product","3":"status-publish","4":"has-post-thumbnail","6":"product_cat-livres","7":"product_shipping_class-livre","9":"first","10":"instock","11":"featured","12":"purchasable","13":"product-type-simple"},"yoast_head":"<!-- This site is optimized with the Yoast SEO plugin v27.2 - https:\/\/yoast.com\/product\/yoast-seo-wordpress\/ -->\n<title>Deux millions de pas (22\u20ac) -<\/title>\n<meta name=\"robots\" content=\"index, follow, max-snippet:-1, max-image-preview:large, max-video-preview:-1\" \/>\n<link rel=\"canonical\" href=\"https:\/\/arwann.com\/?product=deux-millions-de-pas-22e\" \/>\n<meta property=\"og:locale\" content=\"fr_FR\" \/>\n<meta property=\"og:type\" content=\"article\" \/>\n<meta property=\"og:title\" content=\"Deux millions de pas (22\u20ac) -\" \/>\n<meta property=\"og:description\" content=\"R\u00c9SUM\u00c9  Fran\u00e7ois n\u2019avait jamais p\u00e9lerin\u00e9 loin et longtemps, l\u2019occasion concr\u00e8te ne s\u2019\u00e9tait pas pr\u00e9sent\u00e9e, le temps lui manquait, la vie allait trop vite... Mais un jour une terrible nouvelle tombe qui \u00e9branle toute la famille. Au cours d\u2019un banal examen, son fils ain\u00e9, d\u00e9j\u00e0 p\u00e8re de quatre enfants, apprend qu\u2019une grosse tumeur se d\u00e9veloppe dans son cerveau. Apr\u00e8s une op\u00e9ration d\u00e9licate et tr\u00e8s \u00e9prouvante, les chirurgiens refusent de se prononcer au-del\u00e0 d\u2019une ann\u00e9e. Toute la famille comprend ce que cela signifie.  Alors, apr\u00e8s avoir longuement m\u00fbri sa d\u00e9cision, Fran\u00e7ois annonce ce p\u00e8lerinage pour obtenir la gu\u00e9rison de son fils. Un vrai p\u00e8lerinage, cette fois, avec un facteur 20 compar\u00e9 aux petits p\u00e9l\u00e9s souvent effectu\u00e9s.  - Toi qui souffres et qui viens \u00e0 moi, as-tu confiance en moi ? \u00bb  - Oui, Sainte Vierge Marie, Vous avez tout pouvoir sur votre fils J\u00e9sus. Je vous confie cette demande, \u00f4 Marie, notre m\u00e8re, vous seule saurez exactement comment la pr\u00e9senter \u00e0 votre Fils. Je vous offre ces nombreux jours d\u2019effort, ces 1300 km \u00e0 pied pour vous honorer. Je ne sais gu\u00e8re faire que cela, mais j\u2019y mettrai toutes mes forces et tout mon c\u0153ur. Vous en appr\u00e9cierez vous-m\u00eame la valeur p\u00e9nitentielle. Je ne suis pas mystique, gu\u00e8re m\u00e9ditatif et pas pieux comme il le faudrait, mais je sais peiner et pers\u00e9v\u00e9rer, je sais accomplir mon devoir et aussi ne jamais abandonner, c\u2019est-\u00e0-dire avoir une confiance in\u00e9branlable au-del\u00e0 des doutes les plus accablants. Alors, Marie, je vous offre ce que je suis et ce que je sais faire : avoir confiance et pers\u00e9v\u00e9rer.  De cet humble p\u00e8lerinage effectu\u00e9 \u00ab\u00a0\u00e0 la scoute\u00a0\u00bb, Fran\u00e7ois Villars tire un journal frais, vivant, loin des mythes et ne conc\u00e9dant rien \u00e0 l\u2019imagerie convenue.  Ce journal, il le destine d\u2019abord \u00e0 sa famille, mais bien plus largement \u00e0 tous ceux qui souffrent pour leurs proches et qui ne savent comment les soutenir.  Ce journal est un appel \u00e0 l\u2019espoir - sans lequel rien ne peut s\u2019entreprendre,  c\u2019est une impulsion pour l\u2019action - sans laquelle rien ne s\u2019accomplit,  il est une invitation \u00e0 la confiance en Dieu - sans laquelle rien ne peut r\u00e9ussir.     22\u20ac\" \/>\n<meta property=\"og:url\" content=\"https:\/\/arwann.com\/?product=deux-millions-de-pas-22e\" \/>\n<meta property=\"article:modified_time\" content=\"2023-10-12T15:50:41+00:00\" \/>\n<meta property=\"og:image\" content=\"http:\/\/arwann.com\/wp-content\/uploads\/2023\/09\/12-Vezelay-Loreto.png\" \/>\n\t<meta property=\"og:image:width\" content=\"1000\" \/>\n\t<meta property=\"og:image:height\" content=\"1000\" \/>\n\t<meta property=\"og:image:type\" content=\"image\/png\" \/>\n<meta name=\"twitter:label1\" content=\"Dur\u00e9e de lecture estim\u00e9e\" \/>\n\t<meta name=\"twitter:data1\" content=\"1 minute\" \/>\n<script type=\"application\/ld+json\" class=\"yoast-schema-graph\">{\"@context\":\"https:\/\/schema.org\",\"@graph\":[{\"@type\":\"WebPage\",\"@id\":\"https:\/\/arwann.com\/?product=deux-millions-de-pas-22e\",\"url\":\"https:\/\/arwann.com\/?product=deux-millions-de-pas-22e\",\"name\":\"Deux millions de pas (22\u20ac) -\",\"isPartOf\":{\"@id\":\"https:\/\/arwann.com\/#website\"},\"primaryImageOfPage\":{\"@id\":\"https:\/\/arwann.com\/?product=deux-millions-de-pas-22e#primaryimage\"},\"image\":{\"@id\":\"https:\/\/arwann.com\/?product=deux-millions-de-pas-22e#primaryimage\"},\"thumbnailUrl\":\"https:\/\/arwann.com\/wp-content\/uploads\/2023\/09\/12-Vezelay-Loreto.png\",\"datePublished\":\"2023-09-28T07:17:42+00:00\",\"dateModified\":\"2023-10-12T15:50:41+00:00\",\"breadcrumb\":{\"@id\":\"https:\/\/arwann.com\/?product=deux-millions-de-pas-22e#breadcrumb\"},\"inLanguage\":\"fr-FR\",\"potentialAction\":[{\"@type\":\"ReadAction\",\"target\":[\"https:\/\/arwann.com\/?product=deux-millions-de-pas-22e\"]}]},{\"@type\":\"ImageObject\",\"inLanguage\":\"fr-FR\",\"@id\":\"https:\/\/arwann.com\/?product=deux-millions-de-pas-22e#primaryimage\",\"url\":\"https:\/\/arwann.com\/wp-content\/uploads\/2023\/09\/12-Vezelay-Loreto.png\",\"contentUrl\":\"https:\/\/arwann.com\/wp-content\/uploads\/2023\/09\/12-Vezelay-Loreto.png\",\"width\":1000,\"height\":1000},{\"@type\":\"BreadcrumbList\",\"@id\":\"https:\/\/arwann.com\/?product=deux-millions-de-pas-22e#breadcrumb\",\"itemListElement\":[{\"@type\":\"ListItem\",\"position\":1,\"name\":\"Home\",\"item\":\"https:\/\/arwann.com\/\"},{\"@type\":\"ListItem\",\"position\":2,\"name\":\"\u00e9ditions Arwann\",\"item\":\"http:\/\/arwann.com\/?page_id=83\"},{\"@type\":\"ListItem\",\"position\":3,\"name\":\"Deux millions de pas (22\u20ac)\"}]},{\"@type\":\"WebSite\",\"@id\":\"https:\/\/arwann.com\/#website\",\"url\":\"https:\/\/arwann.com\/\",\"name\":\"Arwann.com\",\"description\":\"\",\"publisher\":{\"@id\":\"https:\/\/arwann.com\/#organization\"},\"potentialAction\":[{\"@type\":\"SearchAction\",\"target\":{\"@type\":\"EntryPoint\",\"urlTemplate\":\"https:\/\/arwann.com\/?s={search_term_string}\"},\"query-input\":{\"@type\":\"PropertyValueSpecification\",\"valueRequired\":true,\"valueName\":\"search_term_string\"}}],\"inLanguage\":\"fr-FR\"},{\"@type\":\"Organization\",\"@id\":\"https:\/\/arwann.com\/#organization\",\"name\":\"Arwann\",\"url\":\"https:\/\/arwann.com\/\",\"logo\":{\"@type\":\"ImageObject\",\"inLanguage\":\"fr-FR\",\"@id\":\"https:\/\/arwann.com\/#\/schema\/logo\/image\/\",\"url\":\"http:\/\/arwann.com\/wp-content\/uploads\/2014\/04\/cropped-bandeau-arwann-5.png\",\"contentUrl\":\"http:\/\/arwann.com\/wp-content\/uploads\/2014\/04\/cropped-bandeau-arwann-5.png\",\"width\":1600,\"height\":230,\"caption\":\"Arwann\"},\"image\":{\"@id\":\"https:\/\/arwann.com\/#\/schema\/logo\/image\/\"}}]}<\/script>\n<!-- \/ Yoast SEO plugin. -->","yoast_head_json":{"title":"Deux millions de pas (22\u20ac) -","robots":{"index":"index","follow":"follow","max-snippet":"max-snippet:-1","max-image-preview":"max-image-preview:large","max-video-preview":"max-video-preview:-1"},"canonical":"https:\/\/arwann.com\/?product=deux-millions-de-pas-22e","og_locale":"fr_FR","og_type":"article","og_title":"Deux millions de pas (22\u20ac) -","og_description":"R\u00c9SUM\u00c9  Fran\u00e7ois n\u2019avait jamais p\u00e9lerin\u00e9 loin et longtemps, l\u2019occasion concr\u00e8te ne s\u2019\u00e9tait pas pr\u00e9sent\u00e9e, le temps lui manquait, la vie allait trop vite... Mais un jour une terrible nouvelle tombe qui \u00e9branle toute la famille. Au cours d\u2019un banal examen, son fils ain\u00e9, d\u00e9j\u00e0 p\u00e8re de quatre enfants, apprend qu\u2019une grosse tumeur se d\u00e9veloppe dans son cerveau. Apr\u00e8s une op\u00e9ration d\u00e9licate et tr\u00e8s \u00e9prouvante, les chirurgiens refusent de se prononcer au-del\u00e0 d\u2019une ann\u00e9e. Toute la famille comprend ce que cela signifie.  Alors, apr\u00e8s avoir longuement m\u00fbri sa d\u00e9cision, Fran\u00e7ois annonce ce p\u00e8lerinage pour obtenir la gu\u00e9rison de son fils. Un vrai p\u00e8lerinage, cette fois, avec un facteur 20 compar\u00e9 aux petits p\u00e9l\u00e9s souvent effectu\u00e9s.  - Toi qui souffres et qui viens \u00e0 moi, as-tu confiance en moi ? \u00bb  - Oui, Sainte Vierge Marie, Vous avez tout pouvoir sur votre fils J\u00e9sus. Je vous confie cette demande, \u00f4 Marie, notre m\u00e8re, vous seule saurez exactement comment la pr\u00e9senter \u00e0 votre Fils. Je vous offre ces nombreux jours d\u2019effort, ces 1300 km \u00e0 pied pour vous honorer. Je ne sais gu\u00e8re faire que cela, mais j\u2019y mettrai toutes mes forces et tout mon c\u0153ur. Vous en appr\u00e9cierez vous-m\u00eame la valeur p\u00e9nitentielle. Je ne suis pas mystique, gu\u00e8re m\u00e9ditatif et pas pieux comme il le faudrait, mais je sais peiner et pers\u00e9v\u00e9rer, je sais accomplir mon devoir et aussi ne jamais abandonner, c\u2019est-\u00e0-dire avoir une confiance in\u00e9branlable au-del\u00e0 des doutes les plus accablants. Alors, Marie, je vous offre ce que je suis et ce que je sais faire : avoir confiance et pers\u00e9v\u00e9rer.  De cet humble p\u00e8lerinage effectu\u00e9 \u00ab\u00a0\u00e0 la scoute\u00a0\u00bb, Fran\u00e7ois Villars tire un journal frais, vivant, loin des mythes et ne conc\u00e9dant rien \u00e0 l\u2019imagerie convenue.  Ce journal, il le destine d\u2019abord \u00e0 sa famille, mais bien plus largement \u00e0 tous ceux qui souffrent pour leurs proches et qui ne savent comment les soutenir.  Ce journal est un appel \u00e0 l\u2019espoir - sans lequel rien ne peut s\u2019entreprendre,  c\u2019est une impulsion pour l\u2019action - sans laquelle rien ne s\u2019accomplit,  il est une invitation \u00e0 la confiance en Dieu - sans laquelle rien ne peut r\u00e9ussir.     22\u20ac","og_url":"https:\/\/arwann.com\/?product=deux-millions-de-pas-22e","article_modified_time":"2023-10-12T15:50:41+00:00","og_image":[{"width":1000,"height":1000,"url":"http:\/\/arwann.com\/wp-content\/uploads\/2023\/09\/12-Vezelay-Loreto.png","type":"image\/png"}],"twitter_misc":{"Dur\u00e9e de lecture estim\u00e9e":"1 minute"},"schema":{"@context":"https:\/\/schema.org","@graph":[{"@type":"WebPage","@id":"https:\/\/arwann.com\/?product=deux-millions-de-pas-22e","url":"https:\/\/arwann.com\/?product=deux-millions-de-pas-22e","name":"Deux millions de pas (22\u20ac) -","isPartOf":{"@id":"https:\/\/arwann.com\/#website"},"primaryImageOfPage":{"@id":"https:\/\/arwann.com\/?product=deux-millions-de-pas-22e#primaryimage"},"image":{"@id":"https:\/\/arwann.com\/?product=deux-millions-de-pas-22e#primaryimage"},"thumbnailUrl":"https:\/\/arwann.com\/wp-content\/uploads\/2023\/09\/12-Vezelay-Loreto.png","datePublished":"2023-09-28T07:17:42+00:00","dateModified":"2023-10-12T15:50:41+00:00","breadcrumb":{"@id":"https:\/\/arwann.com\/?product=deux-millions-de-pas-22e#breadcrumb"},"inLanguage":"fr-FR","potentialAction":[{"@type":"ReadAction","target":["https:\/\/arwann.com\/?product=deux-millions-de-pas-22e"]}]},{"@type":"ImageObject","inLanguage":"fr-FR","@id":"https:\/\/arwann.com\/?product=deux-millions-de-pas-22e#primaryimage","url":"https:\/\/arwann.com\/wp-content\/uploads\/2023\/09\/12-Vezelay-Loreto.png","contentUrl":"https:\/\/arwann.com\/wp-content\/uploads\/2023\/09\/12-Vezelay-Loreto.png","width":1000,"height":1000},{"@type":"BreadcrumbList","@id":"https:\/\/arwann.com\/?product=deux-millions-de-pas-22e#breadcrumb","itemListElement":[{"@type":"ListItem","position":1,"name":"Home","item":"https:\/\/arwann.com\/"},{"@type":"ListItem","position":2,"name":"\u00e9ditions Arwann","item":"http:\/\/arwann.com\/?page_id=83"},{"@type":"ListItem","position":3,"name":"Deux millions de pas (22\u20ac)"}]},{"@type":"WebSite","@id":"https:\/\/arwann.com\/#website","url":"https:\/\/arwann.com\/","name":"Arwann.com","description":"","publisher":{"@id":"https:\/\/arwann.com\/#organization"},"potentialAction":[{"@type":"SearchAction","target":{"@type":"EntryPoint","urlTemplate":"https:\/\/arwann.com\/?s={search_term_string}"},"query-input":{"@type":"PropertyValueSpecification","valueRequired":true,"valueName":"search_term_string"}}],"inLanguage":"fr-FR"},{"@type":"Organization","@id":"https:\/\/arwann.com\/#organization","name":"Arwann","url":"https:\/\/arwann.com\/","logo":{"@type":"ImageObject","inLanguage":"fr-FR","@id":"https:\/\/arwann.com\/#\/schema\/logo\/image\/","url":"http:\/\/arwann.com\/wp-content\/uploads\/2014\/04\/cropped-bandeau-arwann-5.png","contentUrl":"http:\/\/arwann.com\/wp-content\/uploads\/2014\/04\/cropped-bandeau-arwann-5.png","width":1600,"height":230,"caption":"Arwann"},"image":{"@id":"https:\/\/arwann.com\/#\/schema\/logo\/image\/"}}]}},"_links":{"self":[{"href":"https:\/\/arwann.com\/index.php?rest_route=\/wp\/v2\/product\/4049","targetHints":{"allow":["GET"]}}],"collection":[{"href":"https:\/\/arwann.com\/index.php?rest_route=\/wp\/v2\/product"}],"about":[{"href":"https:\/\/arwann.com\/index.php?rest_route=\/wp\/v2\/types\/product"}],"replies":[{"embeddable":true,"href":"https:\/\/arwann.com\/index.php?rest_route=%2Fwp%2Fv2%2Fcomments&post=4049"}],"wp:featuredmedia":[{"embeddable":true,"href":"https:\/\/arwann.com\/index.php?rest_route=\/wp\/v2\/media\/4058"}],"wp:attachment":[{"href":"https:\/\/arwann.com\/index.php?rest_route=%2Fwp%2Fv2%2Fmedia&parent=4049"}],"wp:term":[{"taxonomy":"product_brand","embeddable":true,"href":"https:\/\/arwann.com\/index.php?rest_route=%2Fwp%2Fv2%2Fproduct_brand&post=4049"},{"taxonomy":"product_cat","embeddable":true,"href":"https:\/\/arwann.com\/index.php?rest_route=%2Fwp%2Fv2%2Fproduct_cat&post=4049"},{"taxonomy":"product_tag","embeddable":true,"href":"https:\/\/arwann.com\/index.php?rest_route=%2Fwp%2Fv2%2Fproduct_tag&post=4049"}],"curies":[{"name":"wp","href":"https:\/\/api.w.org\/{rel}","templated":true}]}}