{"id":4007,"date":"2022-11-28T14:06:44","date_gmt":"2022-11-28T13:06:44","guid":{"rendered":"http:\/\/arwann.com\/?post_type=product&#038;p=4007"},"modified":"2026-03-01T02:39:38","modified_gmt":"2026-03-01T01:39:38","slug":"tempete-au-carrauntoohil-16e","status":"publish","type":"product","link":"https:\/\/arwann.com\/?product=tempete-au-carrauntoohil-16e","title":{"rendered":"Temp\u00eate au Carrauntoohil (16\u20ac)"},"content":{"rendered":"<p>\u00ab Temp\u00eate au Carrauntoohil \u00bb est un roman de la collection <strong>Foulard Vert <\/strong>qui s\u2019adresse aux adolescents d\u2019au moins 14 ans.<\/p>\n<p>260 pages,<br \/>\nFormat: 14 x 20,5 cm<br \/>\npoids: 389 g .<\/p>\n<p><span style=\"color: #993300;\"><strong>16\u20ac<\/strong><\/span><\/p>\n<p><img loading=\"lazy\" decoding=\"async\" class=\"alignnone size-full wp-image-4010\" src=\"http:\/\/arwann.com\/wp-content\/uploads\/2022\/11\/Couverture-Carrauntoohil.jpg\" alt=\"\" width=\"1000\" height=\"1000\" srcset=\"https:\/\/arwann.com\/wp-content\/uploads\/2022\/11\/Couverture-Carrauntoohil.jpg 1000w, https:\/\/arwann.com\/wp-content\/uploads\/2022\/11\/Couverture-Carrauntoohil-300x300.jpg 300w, https:\/\/arwann.com\/wp-content\/uploads\/2022\/11\/Couverture-Carrauntoohil-150x150.jpg 150w, https:\/\/arwann.com\/wp-content\/uploads\/2022\/11\/Couverture-Carrauntoohil-768x768.jpg 768w, https:\/\/arwann.com\/wp-content\/uploads\/2022\/11\/Couverture-Carrauntoohil-200x200.jpg 200w, https:\/\/arwann.com\/wp-content\/uploads\/2022\/11\/Couverture-Carrauntoohil-100x100.jpg 100w\" sizes=\"auto, (max-width: 1000px) 100vw, 1000px\" \/><\/p>\n","protected":false},"excerpt":{"rendered":"<div data-ogsc=\"rgb(0, 0, 0)\">\n<p><strong>R\u00c9SUM\u00c9<\/strong><\/p>\n<p><span class=\"x_ContentPasted0\" data-ogsc=\"black\">La troupe de Rosnay campe en Irlande, dans le Kerry et plus pr\u00e9cis\u00e9ment dans le petit massif des Macgillycuddy\u2019s Reeks au centre duquel se dresse le Carrauntoohil, sommet de \u00ab\u00a0l\u2019\u00eele verte\u00a0\u00bb. La vaste prairie qui accueille le camp offre tout ce que des scouts peuvent d\u00e9sirer : espace, bois, rivi\u00e8re, vue imprenable sur les\u00a0<\/span><span class=\"x_ContentPasted0\" data-ogsc=\"black\">Reek\u2019s<\/span><span class=\"x_ContentPasted0\" data-ogsc=\"black\">\u2026 et moutons. Tout se pr\u00e9sente bien pour un camp inoubliable\u2026 et ce camp le sera \u00e0 cause du climat. Pas vraiment \u00e0 cause de la pluie mais plut\u00f4t du vent. Face aux \u00e9l\u00e9ments qui se d\u00e9cha\u00eenent, bien des scouts auraient abandonn\u00e9, mais pour la 1<\/span><span class=\"x_ContentPasted0\" data-ogsc=\"black\">\u00e8re<\/span><span class=\"x_ContentPasted0\" data-ogsc=\"black\">\u00a0Rosnay il n\u2019en est pas question. Les scouts vont relever ce d\u00e9fi et vont m\u00eame aider d\u2019autres unit\u00e9s en difficult\u00e9.<\/span><\/p>\n<p><span class=\"x_ContentPasted0\" data-ogsc=\"black\">Tous les scouts ?&#8230; Non, le nouveau Venance semble voir baiss\u00e9 les bras. Chacun \u00e0 sa mani\u00e8re, les scouts du H\u00e9risson vont \u00ab\u00a0l\u2019aider\u00a0\u00bb\u2026 Jusqu\u2019\u00e0 un petit miracle qui se produit au bivouac de l&rsquo;explo Dans la Black Valley.<\/span><\/p>\n<\/div>\n<p><strong>EXTRAIT<\/strong><\/p>\n<p><span class=\"x_ContentPasted0\" data-ogsc=\"black\">L\u2019explo \u00e0 peine commenc\u00e9e, la patrouille devait s\u2019arr\u00eater devant le flot grondant et tumultueux de la rivi\u00e8re. Les pluies continuelles de la nuit avaient consid\u00e9rablement grossi le torrent. S\u2019il avait paru simple de le franchir auparavant, la travers\u00e9e s\u2019av\u00e9rait maintenant, sinon p\u00e9rilleuse, au moins acrobatiquement mouill\u00e9e.<\/span><\/p>\n<p><span class=\"x_ContentPasted0\" data-ogsc=\"black\">&#8211; On ne va pas traverser \u00e7a, murmura Venance en roulant des yeux effar\u00e9s. Mais pourquoi ne prend-on pas le pont comme tout le monde\u00a0? Oh, Maman\u00a0!\u2026 Je veux rentrer chez moi\u00a0!<\/span><\/p>\n<p><span class=\"x_ContentPasted0\" data-ogsc=\"black\">&#8211; Oh ! \u00e7a va bien, s\u2019\u00e9nerva K\u00e9vin qui le talonnait. Arr\u00eate de chouiner, toi\u00a0! Nous allons passer ici. Nous sommes \u00e0 la recherche des chefs rebelles ; si nous passons par le pont, nous pourrions nous faire rep\u00e9rer.<\/span><\/p>\n<p><span class=\"x_ContentPasted0\" data-ogsc=\"black\">Venance consid\u00e9ra le second d\u2019un air ahuri\u2026 \u00e9tait-il possible qu\u2019il croie \u00e0 cette histoire\u00a0?\u2026 Mais enfin, ce n\u2019\u00e9tait qu\u2019un jeu, pourquoi alors se faire tant de mal\u00a0en traversant la rivi\u00e8re ici ?<\/span><\/p>\n<p><span class=\"x_ContentPasted0\" data-ogsc=\"black\">Le CP Jo\u00ebl trouva la solution ; abattu par la temp\u00eate, un arbre s\u2019\u00e9tait couch\u00e9 en travers de la Gaddagh River\u2026<\/span><\/p>\n<div data-ogsc=\"rgb(0, 0, 0)\">\n<p><img loading=\"lazy\" decoding=\"async\" class=\"alignnone size-full wp-image-2281\" src=\"http:\/\/arwann.com\/wp-content\/uploads\/2014\/12\/paiement-secure.png\" alt=\"\" width=\"1222\" height=\"632\" srcset=\"https:\/\/arwann.com\/wp-content\/uploads\/2014\/12\/paiement-secure.png 1222w, https:\/\/arwann.com\/wp-content\/uploads\/2014\/12\/paiement-secure-300x155.png 300w, https:\/\/arwann.com\/wp-content\/uploads\/2014\/12\/paiement-secure-1024x529.png 1024w\" sizes=\"auto, (max-width: 1222px) 100vw, 1222px\" \/><\/p>\n<\/div>\n<p><strong>16\u20ac<\/strong><\/p>\n","protected":false},"featured_media":4008,"comment_status":"open","ping_status":"closed","template":"","meta":[],"product_brand":[],"product_cat":[26],"product_tag":[],"class_list":{"0":"post-4007","1":"product","2":"type-product","3":"status-publish","4":"has-post-thumbnail","6":"product_cat-livres","7":"product_shipping_class-livre","9":"first","10":"instock","11":"featured","12":"purchasable","13":"product-type-simple"},"yoast_head":"<!-- This site is optimized with the Yoast SEO plugin v27.2 - https:\/\/yoast.com\/product\/yoast-seo-wordpress\/ -->\n<title>Temp\u00eate au Carrauntoohil (16\u20ac) -<\/title>\n<meta name=\"robots\" content=\"index, follow, max-snippet:-1, max-image-preview:large, max-video-preview:-1\" \/>\n<link rel=\"canonical\" href=\"https:\/\/arwann.com\/?product=tempete-au-carrauntoohil-16e\" \/>\n<meta property=\"og:locale\" content=\"fr_FR\" \/>\n<meta property=\"og:type\" content=\"article\" \/>\n<meta property=\"og:title\" content=\"Temp\u00eate au Carrauntoohil (16\u20ac) -\" \/>\n<meta property=\"og:description\" content=\"R\u00c9SUM\u00c9  La troupe de Rosnay campe en Irlande, dans le Kerry et plus pr\u00e9cis\u00e9ment dans le petit massif des Macgillycuddy\u2019s Reeks au centre duquel se dresse le Carrauntoohil, sommet de \u00ab\u00a0l\u2019\u00eele verte\u00a0\u00bb. La vaste prairie qui accueille le camp offre tout ce que des scouts peuvent d\u00e9sirer : espace, bois, rivi\u00e8re, vue imprenable sur les\u00a0Reek\u2019s\u2026 et moutons. Tout se pr\u00e9sente bien pour un camp inoubliable\u2026 et ce camp le sera \u00e0 cause du climat. Pas vraiment \u00e0 cause de la pluie mais plut\u00f4t du vent. Face aux \u00e9l\u00e9ments qui se d\u00e9cha\u00eenent, bien des scouts auraient abandonn\u00e9, mais pour la 1\u00e8re\u00a0Rosnay il n\u2019en est pas question. Les scouts vont relever ce d\u00e9fi et vont m\u00eame aider d\u2019autres unit\u00e9s en difficult\u00e9.  Tous les scouts ?... Non, le nouveau Venance semble voir baiss\u00e9 les bras. Chacun \u00e0 sa mani\u00e8re, les scouts du H\u00e9risson vont \u00ab\u00a0l\u2019aider\u00a0\u00bb\u2026 Jusqu\u2019\u00e0 un petit miracle qui se produit au bivouac de l&#039;explo Dans la Black Valley.   EXTRAIT  L\u2019explo \u00e0 peine commenc\u00e9e, la patrouille devait s\u2019arr\u00eater devant le flot grondant et tumultueux de la rivi\u00e8re. Les pluies continuelles de la nuit avaient consid\u00e9rablement grossi le torrent. S\u2019il avait paru simple de le franchir auparavant, la travers\u00e9e s\u2019av\u00e9rait maintenant, sinon p\u00e9rilleuse, au moins acrobatiquement mouill\u00e9e.  - On ne va pas traverser \u00e7a, murmura Venance en roulant des yeux effar\u00e9s. Mais pourquoi ne prend-on pas le pont comme tout le monde\u00a0? Oh, Maman\u00a0!\u2026 Je veux rentrer chez moi\u00a0!  - Oh ! \u00e7a va bien, s\u2019\u00e9nerva K\u00e9vin qui le talonnait. Arr\u00eate de chouiner, toi\u00a0! Nous allons passer ici. Nous sommes \u00e0 la recherche des chefs rebelles ; si nous passons par le pont, nous pourrions nous faire rep\u00e9rer.  Venance consid\u00e9ra le second d\u2019un air ahuri\u2026 \u00e9tait-il possible qu\u2019il croie \u00e0 cette histoire\u00a0?\u2026 Mais enfin, ce n\u2019\u00e9tait qu\u2019un jeu, pourquoi alors se faire tant de mal\u00a0en traversant la rivi\u00e8re ici ?  Le CP Jo\u00ebl trouva la solution ; abattu par la temp\u00eate, un arbre s\u2019\u00e9tait couch\u00e9 en travers de la Gaddagh River\u2026      16\u20ac\" \/>\n<meta property=\"og:url\" content=\"https:\/\/arwann.com\/?product=tempete-au-carrauntoohil-16e\" \/>\n<meta property=\"article:modified_time\" content=\"2026-03-01T01:39:38+00:00\" \/>\n<meta property=\"og:image\" content=\"http:\/\/arwann.com\/wp-content\/uploads\/2022\/11\/livre-Carrauntoohil.png\" \/>\n\t<meta property=\"og:image:width\" content=\"1000\" \/>\n\t<meta property=\"og:image:height\" content=\"1000\" \/>\n\t<meta property=\"og:image:type\" content=\"image\/png\" \/>\n<meta name=\"twitter:label1\" content=\"Dur\u00e9e de lecture estim\u00e9e\" \/>\n\t<meta name=\"twitter:data1\" content=\"1 minute\" \/>\n<script type=\"application\/ld+json\" class=\"yoast-schema-graph\">{\"@context\":\"https:\/\/schema.org\",\"@graph\":[{\"@type\":\"WebPage\",\"@id\":\"https:\/\/arwann.com\/?product=tempete-au-carrauntoohil-16e\",\"url\":\"https:\/\/arwann.com\/?product=tempete-au-carrauntoohil-16e\",\"name\":\"Temp\u00eate au Carrauntoohil (16\u20ac) -\",\"isPartOf\":{\"@id\":\"https:\/\/arwann.com\/#website\"},\"primaryImageOfPage\":{\"@id\":\"https:\/\/arwann.com\/?product=tempete-au-carrauntoohil-16e#primaryimage\"},\"image\":{\"@id\":\"https:\/\/arwann.com\/?product=tempete-au-carrauntoohil-16e#primaryimage\"},\"thumbnailUrl\":\"https:\/\/arwann.com\/wp-content\/uploads\/2022\/11\/livre-Carrauntoohil.png\",\"datePublished\":\"2022-11-28T13:06:44+00:00\",\"dateModified\":\"2026-03-01T01:39:38+00:00\",\"breadcrumb\":{\"@id\":\"https:\/\/arwann.com\/?product=tempete-au-carrauntoohil-16e#breadcrumb\"},\"inLanguage\":\"fr-FR\",\"potentialAction\":[{\"@type\":\"ReadAction\",\"target\":[\"https:\/\/arwann.com\/?product=tempete-au-carrauntoohil-16e\"]}]},{\"@type\":\"ImageObject\",\"inLanguage\":\"fr-FR\",\"@id\":\"https:\/\/arwann.com\/?product=tempete-au-carrauntoohil-16e#primaryimage\",\"url\":\"https:\/\/arwann.com\/wp-content\/uploads\/2022\/11\/livre-Carrauntoohil.png\",\"contentUrl\":\"https:\/\/arwann.com\/wp-content\/uploads\/2022\/11\/livre-Carrauntoohil.png\",\"width\":1000,\"height\":1000},{\"@type\":\"BreadcrumbList\",\"@id\":\"https:\/\/arwann.com\/?product=tempete-au-carrauntoohil-16e#breadcrumb\",\"itemListElement\":[{\"@type\":\"ListItem\",\"position\":1,\"name\":\"Home\",\"item\":\"https:\/\/arwann.com\/\"},{\"@type\":\"ListItem\",\"position\":2,\"name\":\"\u00e9ditions Arwann\",\"item\":\"http:\/\/arwann.com\/?page_id=83\"},{\"@type\":\"ListItem\",\"position\":3,\"name\":\"Temp\u00eate au Carrauntoohil (16\u20ac)\"}]},{\"@type\":\"WebSite\",\"@id\":\"https:\/\/arwann.com\/#website\",\"url\":\"https:\/\/arwann.com\/\",\"name\":\"Arwann.com\",\"description\":\"\",\"publisher\":{\"@id\":\"https:\/\/arwann.com\/#organization\"},\"potentialAction\":[{\"@type\":\"SearchAction\",\"target\":{\"@type\":\"EntryPoint\",\"urlTemplate\":\"https:\/\/arwann.com\/?s={search_term_string}\"},\"query-input\":{\"@type\":\"PropertyValueSpecification\",\"valueRequired\":true,\"valueName\":\"search_term_string\"}}],\"inLanguage\":\"fr-FR\"},{\"@type\":\"Organization\",\"@id\":\"https:\/\/arwann.com\/#organization\",\"name\":\"Arwann\",\"url\":\"https:\/\/arwann.com\/\",\"logo\":{\"@type\":\"ImageObject\",\"inLanguage\":\"fr-FR\",\"@id\":\"https:\/\/arwann.com\/#\/schema\/logo\/image\/\",\"url\":\"http:\/\/arwann.com\/wp-content\/uploads\/2014\/04\/cropped-bandeau-arwann-5.png\",\"contentUrl\":\"http:\/\/arwann.com\/wp-content\/uploads\/2014\/04\/cropped-bandeau-arwann-5.png\",\"width\":1600,\"height\":230,\"caption\":\"Arwann\"},\"image\":{\"@id\":\"https:\/\/arwann.com\/#\/schema\/logo\/image\/\"}}]}<\/script>\n<!-- \/ Yoast SEO plugin. -->","yoast_head_json":{"title":"Temp\u00eate au Carrauntoohil (16\u20ac) -","robots":{"index":"index","follow":"follow","max-snippet":"max-snippet:-1","max-image-preview":"max-image-preview:large","max-video-preview":"max-video-preview:-1"},"canonical":"https:\/\/arwann.com\/?product=tempete-au-carrauntoohil-16e","og_locale":"fr_FR","og_type":"article","og_title":"Temp\u00eate au Carrauntoohil (16\u20ac) -","og_description":"R\u00c9SUM\u00c9  La troupe de Rosnay campe en Irlande, dans le Kerry et plus pr\u00e9cis\u00e9ment dans le petit massif des Macgillycuddy\u2019s Reeks au centre duquel se dresse le Carrauntoohil, sommet de \u00ab\u00a0l\u2019\u00eele verte\u00a0\u00bb. La vaste prairie qui accueille le camp offre tout ce que des scouts peuvent d\u00e9sirer : espace, bois, rivi\u00e8re, vue imprenable sur les\u00a0Reek\u2019s\u2026 et moutons. Tout se pr\u00e9sente bien pour un camp inoubliable\u2026 et ce camp le sera \u00e0 cause du climat. Pas vraiment \u00e0 cause de la pluie mais plut\u00f4t du vent. Face aux \u00e9l\u00e9ments qui se d\u00e9cha\u00eenent, bien des scouts auraient abandonn\u00e9, mais pour la 1\u00e8re\u00a0Rosnay il n\u2019en est pas question. Les scouts vont relever ce d\u00e9fi et vont m\u00eame aider d\u2019autres unit\u00e9s en difficult\u00e9.  Tous les scouts ?... Non, le nouveau Venance semble voir baiss\u00e9 les bras. Chacun \u00e0 sa mani\u00e8re, les scouts du H\u00e9risson vont \u00ab\u00a0l\u2019aider\u00a0\u00bb\u2026 Jusqu\u2019\u00e0 un petit miracle qui se produit au bivouac de l'explo Dans la Black Valley.   EXTRAIT  L\u2019explo \u00e0 peine commenc\u00e9e, la patrouille devait s\u2019arr\u00eater devant le flot grondant et tumultueux de la rivi\u00e8re. Les pluies continuelles de la nuit avaient consid\u00e9rablement grossi le torrent. S\u2019il avait paru simple de le franchir auparavant, la travers\u00e9e s\u2019av\u00e9rait maintenant, sinon p\u00e9rilleuse, au moins acrobatiquement mouill\u00e9e.  - On ne va pas traverser \u00e7a, murmura Venance en roulant des yeux effar\u00e9s. Mais pourquoi ne prend-on pas le pont comme tout le monde\u00a0? Oh, Maman\u00a0!\u2026 Je veux rentrer chez moi\u00a0!  - Oh ! \u00e7a va bien, s\u2019\u00e9nerva K\u00e9vin qui le talonnait. Arr\u00eate de chouiner, toi\u00a0! Nous allons passer ici. Nous sommes \u00e0 la recherche des chefs rebelles ; si nous passons par le pont, nous pourrions nous faire rep\u00e9rer.  Venance consid\u00e9ra le second d\u2019un air ahuri\u2026 \u00e9tait-il possible qu\u2019il croie \u00e0 cette histoire\u00a0?\u2026 Mais enfin, ce n\u2019\u00e9tait qu\u2019un jeu, pourquoi alors se faire tant de mal\u00a0en traversant la rivi\u00e8re ici ?  Le CP Jo\u00ebl trouva la solution ; abattu par la temp\u00eate, un arbre s\u2019\u00e9tait couch\u00e9 en travers de la Gaddagh River\u2026      16\u20ac","og_url":"https:\/\/arwann.com\/?product=tempete-au-carrauntoohil-16e","article_modified_time":"2026-03-01T01:39:38+00:00","og_image":[{"width":1000,"height":1000,"url":"http:\/\/arwann.com\/wp-content\/uploads\/2022\/11\/livre-Carrauntoohil.png","type":"image\/png"}],"twitter_misc":{"Dur\u00e9e de lecture estim\u00e9e":"1 minute"},"schema":{"@context":"https:\/\/schema.org","@graph":[{"@type":"WebPage","@id":"https:\/\/arwann.com\/?product=tempete-au-carrauntoohil-16e","url":"https:\/\/arwann.com\/?product=tempete-au-carrauntoohil-16e","name":"Temp\u00eate au Carrauntoohil (16\u20ac) -","isPartOf":{"@id":"https:\/\/arwann.com\/#website"},"primaryImageOfPage":{"@id":"https:\/\/arwann.com\/?product=tempete-au-carrauntoohil-16e#primaryimage"},"image":{"@id":"https:\/\/arwann.com\/?product=tempete-au-carrauntoohil-16e#primaryimage"},"thumbnailUrl":"https:\/\/arwann.com\/wp-content\/uploads\/2022\/11\/livre-Carrauntoohil.png","datePublished":"2022-11-28T13:06:44+00:00","dateModified":"2026-03-01T01:39:38+00:00","breadcrumb":{"@id":"https:\/\/arwann.com\/?product=tempete-au-carrauntoohil-16e#breadcrumb"},"inLanguage":"fr-FR","potentialAction":[{"@type":"ReadAction","target":["https:\/\/arwann.com\/?product=tempete-au-carrauntoohil-16e"]}]},{"@type":"ImageObject","inLanguage":"fr-FR","@id":"https:\/\/arwann.com\/?product=tempete-au-carrauntoohil-16e#primaryimage","url":"https:\/\/arwann.com\/wp-content\/uploads\/2022\/11\/livre-Carrauntoohil.png","contentUrl":"https:\/\/arwann.com\/wp-content\/uploads\/2022\/11\/livre-Carrauntoohil.png","width":1000,"height":1000},{"@type":"BreadcrumbList","@id":"https:\/\/arwann.com\/?product=tempete-au-carrauntoohil-16e#breadcrumb","itemListElement":[{"@type":"ListItem","position":1,"name":"Home","item":"https:\/\/arwann.com\/"},{"@type":"ListItem","position":2,"name":"\u00e9ditions Arwann","item":"http:\/\/arwann.com\/?page_id=83"},{"@type":"ListItem","position":3,"name":"Temp\u00eate au Carrauntoohil (16\u20ac)"}]},{"@type":"WebSite","@id":"https:\/\/arwann.com\/#website","url":"https:\/\/arwann.com\/","name":"Arwann.com","description":"","publisher":{"@id":"https:\/\/arwann.com\/#organization"},"potentialAction":[{"@type":"SearchAction","target":{"@type":"EntryPoint","urlTemplate":"https:\/\/arwann.com\/?s={search_term_string}"},"query-input":{"@type":"PropertyValueSpecification","valueRequired":true,"valueName":"search_term_string"}}],"inLanguage":"fr-FR"},{"@type":"Organization","@id":"https:\/\/arwann.com\/#organization","name":"Arwann","url":"https:\/\/arwann.com\/","logo":{"@type":"ImageObject","inLanguage":"fr-FR","@id":"https:\/\/arwann.com\/#\/schema\/logo\/image\/","url":"http:\/\/arwann.com\/wp-content\/uploads\/2014\/04\/cropped-bandeau-arwann-5.png","contentUrl":"http:\/\/arwann.com\/wp-content\/uploads\/2014\/04\/cropped-bandeau-arwann-5.png","width":1600,"height":230,"caption":"Arwann"},"image":{"@id":"https:\/\/arwann.com\/#\/schema\/logo\/image\/"}}]}},"_links":{"self":[{"href":"https:\/\/arwann.com\/index.php?rest_route=\/wp\/v2\/product\/4007","targetHints":{"allow":["GET"]}}],"collection":[{"href":"https:\/\/arwann.com\/index.php?rest_route=\/wp\/v2\/product"}],"about":[{"href":"https:\/\/arwann.com\/index.php?rest_route=\/wp\/v2\/types\/product"}],"replies":[{"embeddable":true,"href":"https:\/\/arwann.com\/index.php?rest_route=%2Fwp%2Fv2%2Fcomments&post=4007"}],"wp:featuredmedia":[{"embeddable":true,"href":"https:\/\/arwann.com\/index.php?rest_route=\/wp\/v2\/media\/4008"}],"wp:attachment":[{"href":"https:\/\/arwann.com\/index.php?rest_route=%2Fwp%2Fv2%2Fmedia&parent=4007"}],"wp:term":[{"taxonomy":"product_brand","embeddable":true,"href":"https:\/\/arwann.com\/index.php?rest_route=%2Fwp%2Fv2%2Fproduct_brand&post=4007"},{"taxonomy":"product_cat","embeddable":true,"href":"https:\/\/arwann.com\/index.php?rest_route=%2Fwp%2Fv2%2Fproduct_cat&post=4007"},{"taxonomy":"product_tag","embeddable":true,"href":"https:\/\/arwann.com\/index.php?rest_route=%2Fwp%2Fv2%2Fproduct_tag&post=4007"}],"curies":[{"name":"wp","href":"https:\/\/api.w.org\/{rel}","templated":true}]}}