{"id":3246,"date":"2018-03-02T17:00:08","date_gmt":"2018-03-02T16:00:08","guid":{"rendered":"http:\/\/arwann.com\/?post_type=product&#038;p=3246"},"modified":"2021-04-30T20:30:51","modified_gmt":"2021-04-30T19:30:51","slug":"dernier-camisard-15e","status":"publish","type":"product","link":"https:\/\/arwann.com\/?product=dernier-camisard-15e","title":{"rendered":"Le dernier Camisard (15\u20ac)"},"content":{"rendered":"<p>291 pages, dont 4 d\u2019annexes techniques<br \/>\nFormat: 14 x 20,5 cm<br \/>\npoids: 360 g .<\/p>\n<p><span style=\"color: #993300;\"><strong>15\u20ac<\/strong><\/span><\/p>\n<hr \/>\n<p><img loading=\"lazy\" decoding=\"async\" class=\"alignnone size-full wp-image-3247\" src=\"http:\/\/arwann.com\/wp-content\/uploads\/2018\/03\/Couverture-Camisard-1000x1000.png\" alt=\"\" width=\"1000\" height=\"1000\" srcset=\"https:\/\/arwann.com\/wp-content\/uploads\/2018\/03\/Couverture-Camisard-1000x1000.png 1000w, https:\/\/arwann.com\/wp-content\/uploads\/2018\/03\/Couverture-Camisard-1000x1000-200x200.png 200w, https:\/\/arwann.com\/wp-content\/uploads\/2018\/03\/Couverture-Camisard-1000x1000-100x100.png 100w, https:\/\/arwann.com\/wp-content\/uploads\/2018\/03\/Couverture-Camisard-1000x1000-300x300.png 300w, https:\/\/arwann.com\/wp-content\/uploads\/2018\/03\/Couverture-Camisard-1000x1000-150x150.png 150w, https:\/\/arwann.com\/wp-content\/uploads\/2018\/03\/Couverture-Camisard-1000x1000-768x768.png 768w\" sizes=\"auto, (max-width: 1000px) 100vw, 1000px\" \/><\/p>\n","protected":false},"excerpt":{"rendered":"<p><strong>R\u00c9SUM\u00c9<\/strong><\/p>\n<p>Pleine d\u2019insouciance, sous un soleil magnifique, la troupe parcourt les chemins et les drailles des C\u00e9vennes, r\u00e9gion qui connut, au tout d\u00e9but du XVIII<sup>e<\/sup> si\u00e8cle, un dramatique soul\u00e8vement des populations protestantes : la r\u00e9volte des Camisards.<\/p>\n<p>Mais au d\u00e9tour d\u2019un grand jeu, dans toute sa force et son \u00e9tranget\u00e9, l\u2019Histoire s\u2019impose brutalement aux scouts du H\u00e9risson. Ensuite, les \u00e9v\u00e9nements insolites s\u2019accumulent pendant le camp. Alors, sans qu\u2019ils s\u2019en aper\u00e7oivent, les scouts s\u2019engagent dans une enqu\u00eate fantastique \u00e0 travers le temps, la garrigue et les monts c\u00e9venols. Le tr\u00e9sor inviol\u00e9 de la r\u00e9volte a-t-il exist\u00e9 ? Sans doute le \u00ab\u00a0dernier Camisard\u00a0\u00bb conna\u00eet-il la r\u00e9ponse.<\/p>\n<p><span style=\"color: #993300;\"><strong>EXTRAIT<\/strong><\/span><\/p>\n<p><span style=\"color: #993300;\">Thierry assurait son camarade Jo\u00ebl qui descendait dans l\u2019orifice b\u00e9ant de l\u2019effondrement. En bas, le boyau mis \u00e0 jour restait assez sombre et\u00a0 Jo\u00ebl alluma sa lampe torche. Il commen\u00e7a \u00e0 fouiller parmi les \u00e9boulis r\u00e9cents, son b\u00e9ret perdu devait forc\u00e9ment se trouver par l\u00e0.<\/span><\/p>\n<p><span style=\"color: #993300;\">&#8211; C\u2019est dr\u00f4le, lan\u00e7a-t-il, cela fait comme une galerie qui descend parall\u00e8lement \u00e0 la pente. Tiens\u00a0!&#8230; C\u2019est quoi ce truc ? Et il se pencha.<\/span><\/p>\n<p><span style=\"color: #993300;\">Un hurlement d\u2019horreur sortit de terre et sembla rouler dans la montagne comme un coup de tonnerre. Thierry se jeta \u00e0 plat ventre au bord du trou, pr\u00eat \u00e0 y sauter.<\/span><\/p>\n<p><span style=\"color: #993300;\">&#8211; Jo\u00ebl ! Jo\u00ebl ! Qu\u2019est-ce qu\u2019il y a ? R\u00e9ponds !<\/span><\/p>\n<p><span style=\"color: #993300;\">Jo\u00ebl \u00e9tait l\u00e0, il le voyait, mais le jeune gar\u00e7on s\u2019\u00e9tait jet\u00e9 contre la paroi, le visage d\u00e9form\u00e9 par une expression de terreur.<\/span><\/p>\n<p style=\"text-align: justify;\"><a href=\"http:\/\/arwann.com\/wp-content\/uploads\/2014\/12\/paiement-secure.png\"><img loading=\"lazy\" decoding=\"async\" class=\"aligncenter wp-image-2281 size-full\" src=\"http:\/\/arwann.com\/wp-content\/uploads\/2014\/12\/paiement-secure.png\" alt=\"paiement secure\" width=\"1222\" height=\"632\" srcset=\"https:\/\/arwann.com\/wp-content\/uploads\/2014\/12\/paiement-secure.png 1222w, https:\/\/arwann.com\/wp-content\/uploads\/2014\/12\/paiement-secure-300x155.png 300w, https:\/\/arwann.com\/wp-content\/uploads\/2014\/12\/paiement-secure-1024x529.png 1024w\" sizes=\"auto, (max-width: 1222px) 100vw, 1222px\" \/><\/a><\/p>\n<h3 style=\"text-align: justify;\">Prix: 15\u20ac<\/h3>\n<p>&nbsp;<\/p>\n","protected":false},"featured_media":3249,"comment_status":"open","ping_status":"closed","template":"","meta":[],"product_brand":[],"product_cat":[26],"product_tag":[],"class_list":{"0":"post-3246","1":"product","2":"type-product","3":"status-publish","4":"has-post-thumbnail","6":"product_cat-livres","7":"product_shipping_class-livre","9":"first","10":"instock","11":"purchasable","12":"product-type-simple"},"yoast_head":"<!-- This site is optimized with the Yoast SEO plugin v27.2 - https:\/\/yoast.com\/product\/yoast-seo-wordpress\/ -->\n<title>Le dernier Camisard (15\u20ac) -<\/title>\n<meta name=\"robots\" content=\"index, follow, max-snippet:-1, max-image-preview:large, max-video-preview:-1\" \/>\n<link rel=\"canonical\" href=\"https:\/\/arwann.com\/?product=dernier-camisard-15e\" \/>\n<meta property=\"og:locale\" content=\"fr_FR\" \/>\n<meta property=\"og:type\" content=\"article\" \/>\n<meta property=\"og:title\" content=\"Le dernier Camisard (15\u20ac) -\" \/>\n<meta property=\"og:description\" content=\"R\u00c9SUM\u00c9  Pleine d\u2019insouciance, sous un soleil magnifique, la troupe parcourt les chemins et les drailles des C\u00e9vennes, r\u00e9gion qui connut, au tout d\u00e9but du XVIIIe si\u00e8cle, un dramatique soul\u00e8vement des populations protestantes : la r\u00e9volte des Camisards.  Mais au d\u00e9tour d\u2019un grand jeu, dans toute sa force et son \u00e9tranget\u00e9, l\u2019Histoire s\u2019impose brutalement aux scouts du H\u00e9risson. Ensuite, les \u00e9v\u00e9nements insolites s\u2019accumulent pendant le camp. Alors, sans qu\u2019ils s\u2019en aper\u00e7oivent, les scouts s\u2019engagent dans une enqu\u00eate fantastique \u00e0 travers le temps, la garrigue et les monts c\u00e9venols. Le tr\u00e9sor inviol\u00e9 de la r\u00e9volte a-t-il exist\u00e9 ? Sans doute le \u00ab\u00a0dernier Camisard\u00a0\u00bb conna\u00eet-il la r\u00e9ponse.  EXTRAIT  Thierry assurait son camarade Jo\u00ebl qui descendait dans l\u2019orifice b\u00e9ant de l\u2019effondrement. En bas, le boyau mis \u00e0 jour restait assez sombre et\u00a0 Jo\u00ebl alluma sa lampe torche. Il commen\u00e7a \u00e0 fouiller parmi les \u00e9boulis r\u00e9cents, son b\u00e9ret perdu devait forc\u00e9ment se trouver par l\u00e0.  - C\u2019est dr\u00f4le, lan\u00e7a-t-il, cela fait comme une galerie qui descend parall\u00e8lement \u00e0 la pente. Tiens\u00a0!... C\u2019est quoi ce truc ? Et il se pencha.  Un hurlement d\u2019horreur sortit de terre et sembla rouler dans la montagne comme un coup de tonnerre. Thierry se jeta \u00e0 plat ventre au bord du trou, pr\u00eat \u00e0 y sauter.  - Jo\u00ebl ! Jo\u00ebl ! Qu\u2019est-ce qu\u2019il y a ? R\u00e9ponds !  Jo\u00ebl \u00e9tait l\u00e0, il le voyait, mais le jeune gar\u00e7on s\u2019\u00e9tait jet\u00e9 contre la paroi, le visage d\u00e9form\u00e9 par une expression de terreur.   Prix: 15\u20ac &nbsp;\" \/>\n<meta property=\"og:url\" content=\"https:\/\/arwann.com\/?product=dernier-camisard-15e\" \/>\n<meta property=\"article:modified_time\" content=\"2021-04-30T19:30:51+00:00\" \/>\n<meta property=\"og:image\" content=\"https:\/\/arwann.com\/wp-content\/uploads\/2018\/03\/livre-camisard-1000x1000.png\" \/>\n\t<meta property=\"og:image:width\" content=\"1000\" \/>\n\t<meta property=\"og:image:height\" content=\"1000\" \/>\n\t<meta property=\"og:image:type\" content=\"image\/png\" \/>\n<script type=\"application\/ld+json\" class=\"yoast-schema-graph\">{\"@context\":\"https:\/\/schema.org\",\"@graph\":[{\"@type\":\"WebPage\",\"@id\":\"https:\/\/arwann.com\/?product=dernier-camisard-15e\",\"url\":\"https:\/\/arwann.com\/?product=dernier-camisard-15e\",\"name\":\"Le dernier Camisard (15\u20ac) -\",\"isPartOf\":{\"@id\":\"https:\/\/arwann.com\/#website\"},\"primaryImageOfPage\":{\"@id\":\"https:\/\/arwann.com\/?product=dernier-camisard-15e#primaryimage\"},\"image\":{\"@id\":\"https:\/\/arwann.com\/?product=dernier-camisard-15e#primaryimage\"},\"thumbnailUrl\":\"https:\/\/arwann.com\/wp-content\/uploads\/2018\/03\/livre-camisard-1000x1000.png\",\"datePublished\":\"2018-03-02T16:00:08+00:00\",\"dateModified\":\"2021-04-30T19:30:51+00:00\",\"breadcrumb\":{\"@id\":\"https:\/\/arwann.com\/?product=dernier-camisard-15e#breadcrumb\"},\"inLanguage\":\"fr-FR\",\"potentialAction\":[{\"@type\":\"ReadAction\",\"target\":[\"https:\/\/arwann.com\/?product=dernier-camisard-15e\"]}]},{\"@type\":\"ImageObject\",\"inLanguage\":\"fr-FR\",\"@id\":\"https:\/\/arwann.com\/?product=dernier-camisard-15e#primaryimage\",\"url\":\"https:\/\/arwann.com\/wp-content\/uploads\/2018\/03\/livre-camisard-1000x1000.png\",\"contentUrl\":\"https:\/\/arwann.com\/wp-content\/uploads\/2018\/03\/livre-camisard-1000x1000.png\",\"width\":1000,\"height\":1000},{\"@type\":\"BreadcrumbList\",\"@id\":\"https:\/\/arwann.com\/?product=dernier-camisard-15e#breadcrumb\",\"itemListElement\":[{\"@type\":\"ListItem\",\"position\":1,\"name\":\"Home\",\"item\":\"http:\/\/arwann.com\/\"},{\"@type\":\"ListItem\",\"position\":2,\"name\":\"\u00e9ditions Arwann\",\"item\":\"https:\/\/arwann.com\/?page_id=83\"},{\"@type\":\"ListItem\",\"position\":3,\"name\":\"Le dernier Camisard (15\u20ac)\"}]},{\"@type\":\"WebSite\",\"@id\":\"https:\/\/arwann.com\/#website\",\"url\":\"https:\/\/arwann.com\/\",\"name\":\"Arwann.com\",\"description\":\"\",\"publisher\":{\"@id\":\"https:\/\/arwann.com\/#organization\"},\"potentialAction\":[{\"@type\":\"SearchAction\",\"target\":{\"@type\":\"EntryPoint\",\"urlTemplate\":\"https:\/\/arwann.com\/?s={search_term_string}\"},\"query-input\":{\"@type\":\"PropertyValueSpecification\",\"valueRequired\":true,\"valueName\":\"search_term_string\"}}],\"inLanguage\":\"fr-FR\"},{\"@type\":\"Organization\",\"@id\":\"https:\/\/arwann.com\/#organization\",\"name\":\"Arwann\",\"url\":\"https:\/\/arwann.com\/\",\"logo\":{\"@type\":\"ImageObject\",\"inLanguage\":\"fr-FR\",\"@id\":\"https:\/\/arwann.com\/#\/schema\/logo\/image\/\",\"url\":\"http:\/\/arwann.com\/wp-content\/uploads\/2014\/04\/cropped-bandeau-arwann-5.png\",\"contentUrl\":\"http:\/\/arwann.com\/wp-content\/uploads\/2014\/04\/cropped-bandeau-arwann-5.png\",\"width\":1600,\"height\":230,\"caption\":\"Arwann\"},\"image\":{\"@id\":\"https:\/\/arwann.com\/#\/schema\/logo\/image\/\"}}]}<\/script>\n<!-- \/ Yoast SEO plugin. -->","yoast_head_json":{"title":"Le dernier Camisard (15\u20ac) -","robots":{"index":"index","follow":"follow","max-snippet":"max-snippet:-1","max-image-preview":"max-image-preview:large","max-video-preview":"max-video-preview:-1"},"canonical":"https:\/\/arwann.com\/?product=dernier-camisard-15e","og_locale":"fr_FR","og_type":"article","og_title":"Le dernier Camisard (15\u20ac) -","og_description":"R\u00c9SUM\u00c9  Pleine d\u2019insouciance, sous un soleil magnifique, la troupe parcourt les chemins et les drailles des C\u00e9vennes, r\u00e9gion qui connut, au tout d\u00e9but du XVIIIe si\u00e8cle, un dramatique soul\u00e8vement des populations protestantes : la r\u00e9volte des Camisards.  Mais au d\u00e9tour d\u2019un grand jeu, dans toute sa force et son \u00e9tranget\u00e9, l\u2019Histoire s\u2019impose brutalement aux scouts du H\u00e9risson. Ensuite, les \u00e9v\u00e9nements insolites s\u2019accumulent pendant le camp. Alors, sans qu\u2019ils s\u2019en aper\u00e7oivent, les scouts s\u2019engagent dans une enqu\u00eate fantastique \u00e0 travers le temps, la garrigue et les monts c\u00e9venols. Le tr\u00e9sor inviol\u00e9 de la r\u00e9volte a-t-il exist\u00e9 ? Sans doute le \u00ab\u00a0dernier Camisard\u00a0\u00bb conna\u00eet-il la r\u00e9ponse.  EXTRAIT  Thierry assurait son camarade Jo\u00ebl qui descendait dans l\u2019orifice b\u00e9ant de l\u2019effondrement. En bas, le boyau mis \u00e0 jour restait assez sombre et\u00a0 Jo\u00ebl alluma sa lampe torche. Il commen\u00e7a \u00e0 fouiller parmi les \u00e9boulis r\u00e9cents, son b\u00e9ret perdu devait forc\u00e9ment se trouver par l\u00e0.  - C\u2019est dr\u00f4le, lan\u00e7a-t-il, cela fait comme une galerie qui descend parall\u00e8lement \u00e0 la pente. Tiens\u00a0!... C\u2019est quoi ce truc ? Et il se pencha.  Un hurlement d\u2019horreur sortit de terre et sembla rouler dans la montagne comme un coup de tonnerre. Thierry se jeta \u00e0 plat ventre au bord du trou, pr\u00eat \u00e0 y sauter.  - Jo\u00ebl ! Jo\u00ebl ! Qu\u2019est-ce qu\u2019il y a ? R\u00e9ponds !  Jo\u00ebl \u00e9tait l\u00e0, il le voyait, mais le jeune gar\u00e7on s\u2019\u00e9tait jet\u00e9 contre la paroi, le visage d\u00e9form\u00e9 par une expression de terreur.   Prix: 15\u20ac &nbsp;","og_url":"https:\/\/arwann.com\/?product=dernier-camisard-15e","article_modified_time":"2021-04-30T19:30:51+00:00","og_image":[{"width":1000,"height":1000,"url":"https:\/\/arwann.com\/wp-content\/uploads\/2018\/03\/livre-camisard-1000x1000.png","type":"image\/png"}],"schema":{"@context":"https:\/\/schema.org","@graph":[{"@type":"WebPage","@id":"https:\/\/arwann.com\/?product=dernier-camisard-15e","url":"https:\/\/arwann.com\/?product=dernier-camisard-15e","name":"Le dernier Camisard (15\u20ac) -","isPartOf":{"@id":"https:\/\/arwann.com\/#website"},"primaryImageOfPage":{"@id":"https:\/\/arwann.com\/?product=dernier-camisard-15e#primaryimage"},"image":{"@id":"https:\/\/arwann.com\/?product=dernier-camisard-15e#primaryimage"},"thumbnailUrl":"https:\/\/arwann.com\/wp-content\/uploads\/2018\/03\/livre-camisard-1000x1000.png","datePublished":"2018-03-02T16:00:08+00:00","dateModified":"2021-04-30T19:30:51+00:00","breadcrumb":{"@id":"https:\/\/arwann.com\/?product=dernier-camisard-15e#breadcrumb"},"inLanguage":"fr-FR","potentialAction":[{"@type":"ReadAction","target":["https:\/\/arwann.com\/?product=dernier-camisard-15e"]}]},{"@type":"ImageObject","inLanguage":"fr-FR","@id":"https:\/\/arwann.com\/?product=dernier-camisard-15e#primaryimage","url":"https:\/\/arwann.com\/wp-content\/uploads\/2018\/03\/livre-camisard-1000x1000.png","contentUrl":"https:\/\/arwann.com\/wp-content\/uploads\/2018\/03\/livre-camisard-1000x1000.png","width":1000,"height":1000},{"@type":"BreadcrumbList","@id":"https:\/\/arwann.com\/?product=dernier-camisard-15e#breadcrumb","itemListElement":[{"@type":"ListItem","position":1,"name":"Home","item":"http:\/\/arwann.com\/"},{"@type":"ListItem","position":2,"name":"\u00e9ditions Arwann","item":"https:\/\/arwann.com\/?page_id=83"},{"@type":"ListItem","position":3,"name":"Le dernier Camisard (15\u20ac)"}]},{"@type":"WebSite","@id":"https:\/\/arwann.com\/#website","url":"https:\/\/arwann.com\/","name":"Arwann.com","description":"","publisher":{"@id":"https:\/\/arwann.com\/#organization"},"potentialAction":[{"@type":"SearchAction","target":{"@type":"EntryPoint","urlTemplate":"https:\/\/arwann.com\/?s={search_term_string}"},"query-input":{"@type":"PropertyValueSpecification","valueRequired":true,"valueName":"search_term_string"}}],"inLanguage":"fr-FR"},{"@type":"Organization","@id":"https:\/\/arwann.com\/#organization","name":"Arwann","url":"https:\/\/arwann.com\/","logo":{"@type":"ImageObject","inLanguage":"fr-FR","@id":"https:\/\/arwann.com\/#\/schema\/logo\/image\/","url":"http:\/\/arwann.com\/wp-content\/uploads\/2014\/04\/cropped-bandeau-arwann-5.png","contentUrl":"http:\/\/arwann.com\/wp-content\/uploads\/2014\/04\/cropped-bandeau-arwann-5.png","width":1600,"height":230,"caption":"Arwann"},"image":{"@id":"https:\/\/arwann.com\/#\/schema\/logo\/image\/"}}]}},"_links":{"self":[{"href":"https:\/\/arwann.com\/index.php?rest_route=\/wp\/v2\/product\/3246","targetHints":{"allow":["GET"]}}],"collection":[{"href":"https:\/\/arwann.com\/index.php?rest_route=\/wp\/v2\/product"}],"about":[{"href":"https:\/\/arwann.com\/index.php?rest_route=\/wp\/v2\/types\/product"}],"replies":[{"embeddable":true,"href":"https:\/\/arwann.com\/index.php?rest_route=%2Fwp%2Fv2%2Fcomments&post=3246"}],"wp:featuredmedia":[{"embeddable":true,"href":"https:\/\/arwann.com\/index.php?rest_route=\/wp\/v2\/media\/3249"}],"wp:attachment":[{"href":"https:\/\/arwann.com\/index.php?rest_route=%2Fwp%2Fv2%2Fmedia&parent=3246"}],"wp:term":[{"taxonomy":"product_brand","embeddable":true,"href":"https:\/\/arwann.com\/index.php?rest_route=%2Fwp%2Fv2%2Fproduct_brand&post=3246"},{"taxonomy":"product_cat","embeddable":true,"href":"https:\/\/arwann.com\/index.php?rest_route=%2Fwp%2Fv2%2Fproduct_cat&post=3246"},{"taxonomy":"product_tag","embeddable":true,"href":"https:\/\/arwann.com\/index.php?rest_route=%2Fwp%2Fv2%2Fproduct_tag&post=3246"}],"curies":[{"name":"wp","href":"https:\/\/api.w.org\/{rel}","templated":true}]}}