{"id":3342,"date":"2018-07-02T11:44:11","date_gmt":"2018-07-02T10:44:11","guid":{"rendered":"http:\/\/arwann.com\/?page_id=3342"},"modified":"2019-07-27T11:30:18","modified_gmt":"2019-07-27T10:30:18","slug":"une-cheminee-au-camp","status":"publish","type":"page","link":"https:\/\/arwann.com\/?page_id=3342","title":{"rendered":"Une chemin\u00e9e au Camp"},"content":{"rendered":"<p>Par Lama<\/p>\n<h2><span style=\"color: #ff00ff;\">Avertissements<\/span><\/h2>\n<p><img loading=\"lazy\" decoding=\"async\" class=\"alignright wp-image-3375 size-full\" src=\"http:\/\/arwann.com\/wp-content\/uploads\/2018\/07\/Chemin\u00e9es-50.png\" alt=\"\" width=\"771\" height=\"678\" srcset=\"https:\/\/arwann.com\/wp-content\/uploads\/2018\/07\/Chemin\u00e9es-50.png 771w, https:\/\/arwann.com\/wp-content\/uploads\/2018\/07\/Chemin\u00e9es-50-300x264.png 300w, https:\/\/arwann.com\/wp-content\/uploads\/2018\/07\/Chemin\u00e9es-50-768x675.png 768w\" sizes=\"auto, (max-width: 771px) 100vw, 771px\" \/>Lorsque la patrouille ou le Kra\u00e2l dispose de toutes les commodit\u00e9s, il n\u2019est pas oiseux d\u2019imaginer construire une chemin\u00e9e. C\u2019est un travail technique assez long et ce peut \u00eatre consid\u00e9r\u00e9 comme superflu mais cela change radicalement l\u2019aspect de la tente de patrouille, tente rehauss\u00e9e bien s\u00fbr car une chemin\u00e9e serait particuli\u00e8rement dangereuse dans une tente simplement plant\u00e9e au sol. En clair construire une chemin\u00e9e ne s\u2019adresse qu\u2019\u00e0 des gens assez dou\u00e9s et rapides pour avoir d\u00e9j\u00e0 tout construit au mieux dans le temps d\u00e9volu aux installations.<br \/>\nQue les patrouilles ou les ma\u00eetrises qui ne sont pas encore au top se contentent d\u00e9j\u00e0 de bien r\u00e9aliser les installations de base. Qu\u2019elles se perfectionnent et, plus tard, elles pourront se lancer dans la construction d\u2019une chemin\u00e9e.<\/p>\n<h2><span style=\"color: #ff00ff;\">les mat\u00e9riaux<\/span><\/h2>\n<p>Pour construire une chemin\u00e9e, il faut imp\u00e9rativement disposer en grande quantit\u00e9s de pierres et de boue.<\/p>\n<p><strong>LA BOUE <\/strong>: n\u2019est pas tr\u00e8s compliqu\u00e9e \u00e0 fabriquer\u00a0: de la terre un peu argileuse et de l\u2019eau. \u00c0 la rigueur on peut consid\u00e9rer qu\u2019on en trouve partout \u00e0 condition de creuser un peu.<br \/>\nLa terre doit n\u00e9cessairement comporter une composante argileuse, ce n\u2019est pas forc\u00e9ment le cas de tous les sols. Il faut aussi disposer facilement d\u2019eau. Pour cela il faut un cours d\u2019eau, une mare ou un \u00e9tang \u00e0 proximit\u00e9. L\u2019id\u00e9al est de pouvoir creuser dans les rives d\u2019une rivi\u00e8re en \u00e9tant suffisamment intelligent pour ne pas les faire s\u2019effondrer, le propri\u00e9taire ne serait pas content.<br \/>\nLa boue ne doit pas couler, ne doit pas s\u2019effriter, elle doit \u00eatre juste gluante. Les plus jeunes de la patrouille sont assez dou\u00e9 pour bien la patouiller. Il en faut une bonne quantit\u00e9.<\/p>\n<p><strong>LES PIERRES<\/strong> <strong>: il en faut beaucoup et pas trop loin,<\/strong> c\u2019est long et lourd \u00e0 charrier. L\u2019id\u00e9al est de les trouver dans le lit d\u2019une rivi\u00e8re, elles y sont souvent en abondance. Et ce sera tr\u00e8s pratique \u00e0 la fin du camp de tout d\u00e9truite et de le rejeter \u00e0 l\u2019eau. J\u2019insiste sur ce point\u00a0: ce sont les pierres les plus importantes, il en faut beaucoup de toutes les tailles et de formes plut\u00f4t plates ou anguleuses\u00a0; les galets trop ronds se r\u00e9v\u00e8lent \u00eatre de pi\u00e8tres mat\u00e9riaux.<\/p>\n<h2><span style=\"color: #ff00ff;\">L\u2019emplacement de la chemin\u00e9e<\/span><\/h2>\n<p><strong><span style=\"color: #ff0000;\">Attention au feu qui prend \u00e0 la tente ou au double toit.<br \/>\n<\/span><\/strong>Donc on placera la chemin\u00e9e sur un bord du double-toit qui prolonge la tente. Le foyer sera raisonnablement loin de tout ce qui peut s\u2019enflammer.<br \/>\nEnsuite, l\u2019\u00e9vacuation sup\u00e9rieure sera suffisamment haute pour deux raisons\u00a0: d\u2019abord pour laisser le temps aux escarbilles le temps de s\u2019\u00e9teindre dans le conduit et ensuite, si elles devaient sortir par le haut du conduit, les placer assez haut pour limiter le risque qu\u2019elles ne retombent sur le double toit. Sous le soleil, un double toit bien sec s\u2019enflamme avec trois fois rien et la flamme y court incroyablement vite.<br \/>\nIl est terriblement dangereux de faire arriver le conduit \u00e0 peine plus haut que le double toit, les risques d\u2019incendie sont tr\u00e8s \u00e9lev\u00e9s.<\/p>\n<h2><span style=\"color: #ff00ff;\">Le tirage de la chemin\u00e9e<\/span><\/h2>\n<p>L\u00e0, c\u2019est tr\u00e8s simple, votre chemin\u00e9e tirera tr\u00e8s mal pour la simple raison qu\u2019elle est en ext\u00e9rieur. C\u2019est presque mieux pour la s\u00e9curit\u00e9 incendie. Vous aurez sans doute de la fum\u00e9e dans les yeux mais c\u2019est autant d\u2019escarbilles qui ne risqueront pas de monter jusqu\u2019au double-toit par le conduit de chemin\u00e9e.<br \/>\nSi on est dans une r\u00e9gion \u00e0 dominante d\u2019un vent particulier. (Par exemple Tramontane dans le sud ouest), alors on mettra la chemin\u00e9e sous le vent mais son foyer au vent. Ainsi la pression favorisera le tirage de la chemin\u00e9 et le vent emportera loin de la tente, tous les risques d\u2019escarbilles.<\/p>\n<h2><span style=\"color: #ff00ff;\">Les difficult\u00e9s d\u2019une chemin\u00e9e<\/span><\/h2>\n<h3><span style=\"color: #800080;\"><strong>L\u2019assise<\/strong><\/span><\/h3>\n<p><img loading=\"lazy\" decoding=\"async\" class=\"alignright wp-image-3343 size-full\" src=\"http:\/\/arwann.com\/wp-content\/uploads\/2018\/07\/Chemin\u00e9e-1.png\" alt=\"\" width=\"700\" height=\"365\" srcset=\"https:\/\/arwann.com\/wp-content\/uploads\/2018\/07\/Chemin\u00e9e-1.png 700w, https:\/\/arwann.com\/wp-content\/uploads\/2018\/07\/Chemin\u00e9e-1-300x156.png 300w\" sizes=\"auto, (max-width: 700px) 100vw, 700px\" \/>La construction du foyer est difficile et demande beaucoup de pierres. Il faut pr\u00e9voir l\u2019assise de ce foyer bien large pour que la paroi du fond et celles des c\u00f4t\u00e9s soient assez \u00e9paisses, sinon les pierres ne tiendront pas malgr\u00e9 le maigre ciment de la boue. La surface au sol de l\u2019assise de la chemin\u00e9e doit \u00eatre environ 3 ou 4 fois plus grande que celle du foyer. En outre, au d\u00e9but de la construction il faut utiliser les plus grosses pierres \u00e0 disposition.<\/p>\n<h3><span style=\"color: #800080;\"><strong>Le linteau<\/strong><\/span><\/h3>\n<p><img loading=\"lazy\" decoding=\"async\" class=\"alignright wp-image-3374 size-full\" src=\"http:\/\/arwann.com\/wp-content\/uploads\/2018\/07\/Chemin\u00e9es-30.png\" alt=\"\" width=\"631\" height=\"344\" srcset=\"https:\/\/arwann.com\/wp-content\/uploads\/2018\/07\/Chemin\u00e9es-30.png 631w, https:\/\/arwann.com\/wp-content\/uploads\/2018\/07\/Chemin\u00e9es-30-300x164.png 300w\" sizes=\"auto, (max-width: 631px) 100vw, 631px\" \/>On peut utiliser un linteau en bois. C\u2019est beau et c\u2019est assez commode pour la construction. Cependant, <span style=\"color: #ff0000;\"><strong>Attention<\/strong><\/span>\u00a0! M\u00eame si les flammes ne l\u00e8chent pas ce linteau, leur rayonnement va peut \u00e0 peu le creuser en le br\u00fblant. D\u00e8s lors il y a deux solutions.<\/p>\n<ul>\n<li>Soit on pr\u00e9voit ce linteau assez gros pour qu\u2019il reste encore solide apr\u00e8s 2 semaine de camp (le bois vert se ronge moins vite que le bois mort mais la diff\u00e9rence est faible)<\/li>\n<li>Soit on le prot\u00e8ge\u00a0sur ses faces inf\u00e9rieure et sup\u00e9rieure\u00a0: par une t\u00f4le qui m\u00e9nage une ventilation ou par une s\u00e9rie de pierres plates dispos\u00e9es sur des barrafs.<\/li>\n<\/ul>\n<p><img loading=\"lazy\" decoding=\"async\" class=\"alignleft wp-image-3377 size-full\" src=\"http:\/\/arwann.com\/wp-content\/uploads\/2018\/07\/Chemin\u00e9es-200.png\" alt=\"\" width=\"532\" height=\"603\" srcset=\"https:\/\/arwann.com\/wp-content\/uploads\/2018\/07\/Chemin\u00e9es-200.png 532w, https:\/\/arwann.com\/wp-content\/uploads\/2018\/07\/Chemin\u00e9es-200-300x340.png 300w, https:\/\/arwann.com\/wp-content\/uploads\/2018\/07\/Chemin\u00e9es-200-265x300.png 265w\" sizes=\"auto, (max-width: 532px) 100vw, 532px\" \/>Devant ces complications, il est souvent pr\u00e9f\u00e9rable de se passer de linteau en bois et de construire une vo\u00fbte en pierre et boue. Pour construire cette vo\u00fbte il faut auparavant se construire un gabarit arrondi (cartons, cageot, planches, rondins, terre\u2026) pour y appuyer la vo\u00fbte en construction. Ce gabarit pourra dispara\u00eetre assez rapidement, (on pourra avoir int\u00e9r\u00eat \u00e0 le faire br\u00fbler plut\u00f4t que le d\u00e9monter).<\/p>\n<p>Si on trouve une grande pierre en longueur, on peut essayer d\u2019un faire un linteau.<\/p>\n<h3><span style=\"color: #800080;\"><strong>Le conduit<\/strong><\/span><\/h3>\n<p><img loading=\"lazy\" decoding=\"async\" class=\"alignright wp-image-3372 size-full\" src=\"http:\/\/arwann.com\/wp-content\/uploads\/2018\/07\/Chemin\u00e9es-40.png\" alt=\"\" width=\"712\" height=\"574\" srcset=\"https:\/\/arwann.com\/wp-content\/uploads\/2018\/07\/Chemin\u00e9es-40.png 712w, https:\/\/arwann.com\/wp-content\/uploads\/2018\/07\/Chemin\u00e9es-40-300x242.png 300w\" sizes=\"auto, (max-width: 712px) 100vw, 712px\" \/>Le conduit est assez simple \u00e0 construire mais c\u2019est assez long et surtout il faut aller haut. Pour cela il faut d\u2019abord monter des bancs puis sur une table et peut \u00eatre encore plus haut.<br \/>\nLe conduit doit \u00eatre construit avec des pierres plates de plus en plus petites.<br \/>\nIl faut resserrer progressivement son diam\u00e8tre pour que l\u2019assise soit bonne et ne pas risquer de le voir s\u2019\u00e9crouler. Mais pas d\u2019inqui\u00e9tude, c\u2019est une tendance naturelle que de monter les pierres en resserrant le conduit. Il faut plut\u00f4t s\u2019inqui\u00e9ter que le d\u00e9part du manteau et du conduit soit assez large lorsque le linteau est pos\u00e9.<br \/>\nPour que la construction soit belle et facile il faut obtenir au final une forme \u00ab\u00a0Tour Eiffel\u00a0\u00bb ou une forme \u00ab\u00a0tenon r\u00e9ussi\u00a0\u00bb.<br \/>\nEn outre, il faut monter le conduit suffisamment lentement pour que la boue des parties inf\u00e9rieures ait le temps de s\u00e9cher pour supporter la masse croissante des nouvelles parties qui s\u2019\u00e9rigent. Si on va trop vite, ce n\u2019est pas sec et tout s\u2019\u00e9croule.<br \/>\nSi on dispose de grands cartons d\u2019emballage, on peut tenter de r\u00e9aliser des gabarits internes en les roulant puis en les ficelant.<\/p>\n<p><strong><img loading=\"lazy\" decoding=\"async\" class=\"alignright wp-image-3373 size-full\" src=\"http:\/\/arwann.com\/wp-content\/uploads\/2018\/07\/Chemin\u00e9es-60.png\" alt=\"\" width=\"669\" height=\"756\" srcset=\"https:\/\/arwann.com\/wp-content\/uploads\/2018\/07\/Chemin\u00e9es-60.png 669w, https:\/\/arwann.com\/wp-content\/uploads\/2018\/07\/Chemin\u00e9es-60-300x339.png 300w, https:\/\/arwann.com\/wp-content\/uploads\/2018\/07\/Chemin\u00e9es-60-265x300.png 265w\" sizes=\"auto, (max-width: 669px) 100vw, 669px\" \/>Attention<\/strong>, avec la boue, ces cartons vont \u00eatre mouill\u00e9s et vont se d\u00e9liter. Il faut les huiler pour qu\u2019ils refusent l\u2019eau de la boue. Mais huil\u00e9s, ils vont refuser le scotch qui ne pourra plus adh\u00e9rer. Il faut alors ceinturer plusieurs fois le scotch pour qu\u2019il adh\u00e8re sur lui-m\u00eame en r\u00e9alisant des cerclages complets ou alors on utiliser de la ficelle pour ces cerclages. On peut aussi coudre le carton avec la ficelle. Il faut r\u00e9aliser ces gabarits en forme conique et il en faudra 2 ou 3 pour aller jusqu\u2019en haut de la chemin\u00e9e. ATTENTION\u00a0: il faut poser ces gabarits de mani\u00e8re parfaitement verticale sinon la chemin\u00e9e finale sera de travers. Pas beau et risque d\u2019\u00e9croulement.<\/p>\n<p>Utiliser des gabarits prends beaucoup de temps \u00e0 la pose de chaque gabarit et au final on ne va gu\u00e8re plus vite car, de toute fa\u00e7on, m\u00eame avec ces gabarits internes, il faut attendre que la boue s\u00e8che progressivement pour \u00e9lever le conduit.<br \/>\nIl faut retirer ces gabarits ( par l\u2019int\u00e9rieur) avant de faire du feu dans la chemin\u00e9e car ils risquent de s\u2019enflammer et le conduit va cracher quantit\u00e9 d\u2019escarbilles de carton en feu, ce que risque de ne pas du tout appr\u00e9cier le double-toit.<\/p>\n<h2><span style=\"color: #ff00ff;\">Quelques astuces<\/span><\/h2>\n<p>Si on est fort et courageux, on peut imaginer de sur\u00e9lever s\u00e9rieusement le foyer et de ne pas le laisser au ras du sol ou simplement relev\u00e9 sur une sole. \u00c7a fait vraiment bien plus de pierres mais le r\u00e9sultat vaut le coup et \u00e7a \u00e9vite de recevoir trop de fum\u00e9e dans les yeux lorsqu\u2019on est autour de la chemin\u00e9e.<\/p>\n<p>S\u2019il y a un talus, on, peut imaginer une chemin\u00e9e qui y est partiellement int\u00e9gr\u00e9e, cela peut donner de tr\u00e8s jolies choses et s\u00e9rieusement simplifier la construction du foyer. Peut \u00eatre faudra-il utiliser des barrafs pour soutenir ici ou l\u00e0 quelques grosses pierres plates. Il faut creuser (fouiller) placer des pierre et remblayer. En fouillant quelques d\u00e9charges on peut trouver de tr\u00e8s bons mat\u00e9riaux comme de vieilles lessiveuses qui, leur fond retir\u00e9, servira de gabarit au conduit.<\/p>\n<p>Aussi, ne pas oublier la technique des gabions : une armature en bois et un remplissage en terre et pierres. Pour fa\u00e7onner le foyer il faut tout de m\u00eame empiler de grosses pierres plus ou moins plates mais \u00e0 l\u2019ext\u00e9rieur elles peuvent s\u2019appuyer sur la terre du gabion. Car, bien-s\u00fbr, le caisson de bois du gabion ne pourra \u00eatre qu\u2019\u00e0 l\u2019ext\u00e9rieur. En revanche il faut faire un conduit en pierre comme pr\u00e9c\u00e9demment.<\/p>\n<h2><span style=\"color: #ff00ff;\"><strong>Utilisation de la chemin\u00e9e<\/strong><\/span><\/h2>\n<p>Pas de grosses flamb\u00e9es ==&gt; risque de feu dans tente ou sur le double-toit.<\/p>\n<p>Pas de bois vert ou humide qui br\u00fble ==&gt;\u00a0 pour limiter la fum\u00e9e<\/p>\n<p>Pas de d\u00e9chets qui puent ==&gt; la chemin\u00e9e garde les odeurs bien plus longtemps<\/p>\n<p><strong>Au d\u00e9part du camp<\/strong><\/p>\n<p>Il faut se r\u00e9soudre \u00e0 d\u00e9truire votre chemin\u00e9e, de toute fa\u00e7on la pluie va l\u2019\u00e9crouler en une seule saisons. Autant le faire proprement \u00e0 la fin du camp.<\/p>\n<p>Si on construit la chemin\u00e9e dans une prairie, il est imp\u00e9ratif d\u2019\u00e9liminer <strong><span style=\"color: #ff0000;\">TOUTES<\/span><\/strong> les pierres car, l\u2019ann\u00e9e suivante, les appareils \u00e0 faucher n\u2019appr\u00e9cient pas du tout de rencontrer une pierre dans l\u2019herbe haute, cela provoquera le bris des lames qui sont alors projet\u00e9es \u00e0 tr\u00e8s grande vitesse dans n\u2019importe qu\u2019elle direction\u00a0: <strong><span style=\"color: #ff0000;\">SUPER DANGEREUX.\u00a0<\/span><\/strong><\/p>\n<p><a href=\"http:\/\/arwann.com\/?page_id=31\">Retour \u00e0 La Haute Patrouille<\/a><br \/>\n<a href=\"http:\/\/arwann.com\/?page_id=347\">Retour \u00e0 Campisme<\/a><br \/>\n<a href=\"http:\/\/arwann.com\/?page_id=1240\">Tables \u00e0 Feu<\/a><br \/>\n<a href=\"http:\/\/arwann.com\/?page_id=2769\">Tentes am\u00e9nag\u00e9es<br \/>\n<\/a><a href=\"http:\/\/arwann.com\/?page_id=1264\">L&rsquo;art du feu<\/a><\/p>\n<p>&nbsp;<\/p>\n<p>&nbsp;<\/p>\n<p>&nbsp;<\/p>\n<p>&nbsp;<\/p>\n","protected":false},"excerpt":{"rendered":"<p>Par Lama Avertissements Lorsque la patrouille ou le Kra\u00e2l dispose de toutes les commodit\u00e9s, il n\u2019est pas oiseux d\u2019imaginer construire une chemin\u00e9e. C\u2019est un travail technique assez long et ce peut \u00eatre consid\u00e9r\u00e9 comme superflu mais cela change radicalement l\u2019aspect de la tente de patrouille, tente rehauss\u00e9e bien s\u00fbr car une chemin\u00e9e serait particuli\u00e8rement dangereuse &hellip; <a href=\"https:\/\/arwann.com\/?page_id=3342\" class=\"more-link\">Continuer la lecture de <span class=\"screen-reader-text\">Une chemin\u00e9e au Camp<\/span> <span class=\"meta-nav\">&rarr;<\/span><\/a><\/p>\n","protected":false},"author":1,"featured_media":0,"parent":31,"menu_order":0,"comment_status":"closed","ping_status":"closed","template":"","meta":{"footnotes":""},"class_list":["post-3342","page","type-page","status-publish","hentry"],"yoast_head":"<!-- This site is optimized with the Yoast SEO plugin v27.2 - https:\/\/yoast.com\/product\/yoast-seo-wordpress\/ -->\n<title>Une chemin\u00e9e au Camp -<\/title>\n<meta name=\"robots\" content=\"index, follow, max-snippet:-1, max-image-preview:large, max-video-preview:-1\" \/>\n<link rel=\"canonical\" href=\"https:\/\/arwann.com\/?page_id=3342\" \/>\n<meta property=\"og:locale\" content=\"fr_FR\" \/>\n<meta property=\"og:type\" content=\"article\" \/>\n<meta property=\"og:title\" content=\"Une chemin\u00e9e au Camp -\" \/>\n<meta property=\"og:description\" content=\"Par Lama Avertissements Lorsque la patrouille ou le Kra\u00e2l dispose de toutes les commodit\u00e9s, il n\u2019est pas oiseux d\u2019imaginer construire une chemin\u00e9e. C\u2019est un travail technique assez long et ce peut \u00eatre consid\u00e9r\u00e9 comme superflu mais cela change radicalement l\u2019aspect de la tente de patrouille, tente rehauss\u00e9e bien s\u00fbr car une chemin\u00e9e serait particuli\u00e8rement dangereuse &hellip; Continuer la lecture de Une chemin\u00e9e au Camp &rarr;\" \/>\n<meta property=\"og:url\" content=\"https:\/\/arwann.com\/?page_id=3342\" \/>\n<meta property=\"article:modified_time\" content=\"2019-07-27T10:30:18+00:00\" \/>\n<meta name=\"twitter:label1\" content=\"Dur\u00e9e de lecture estim\u00e9e\" \/>\n\t<meta name=\"twitter:data1\" content=\"9 minutes\" \/>\n<script type=\"application\/ld+json\" class=\"yoast-schema-graph\">{\"@context\":\"https:\/\/schema.org\",\"@graph\":[{\"@type\":\"WebPage\",\"@id\":\"https:\/\/arwann.com\/?page_id=3342\",\"url\":\"https:\/\/arwann.com\/?page_id=3342\",\"name\":\"Une chemin\u00e9e au Camp -\",\"isPartOf\":{\"@id\":\"https:\/\/arwann.com\/#website\"},\"datePublished\":\"2018-07-02T10:44:11+00:00\",\"dateModified\":\"2019-07-27T10:30:18+00:00\",\"breadcrumb\":{\"@id\":\"https:\/\/arwann.com\/?page_id=3342#breadcrumb\"},\"inLanguage\":\"fr-FR\",\"potentialAction\":[{\"@type\":\"ReadAction\",\"target\":[\"https:\/\/arwann.com\/?page_id=3342\"]}]},{\"@type\":\"BreadcrumbList\",\"@id\":\"https:\/\/arwann.com\/?page_id=3342#breadcrumb\",\"itemListElement\":[{\"@type\":\"ListItem\",\"position\":1,\"name\":\"Home\",\"item\":\"http:\/\/arwann.com\/\"},{\"@type\":\"ListItem\",\"position\":2,\"name\":\"La Haute Patrouille\",\"item\":\"http:\/\/arwann.com\/?page_id=31\"},{\"@type\":\"ListItem\",\"position\":3,\"name\":\"Une chemin\u00e9e au Camp\"}]},{\"@type\":\"WebSite\",\"@id\":\"https:\/\/arwann.com\/#website\",\"url\":\"https:\/\/arwann.com\/\",\"name\":\"Arwann.com\",\"description\":\"\",\"publisher\":{\"@id\":\"https:\/\/arwann.com\/#organization\"},\"potentialAction\":[{\"@type\":\"SearchAction\",\"target\":{\"@type\":\"EntryPoint\",\"urlTemplate\":\"https:\/\/arwann.com\/?s={search_term_string}\"},\"query-input\":{\"@type\":\"PropertyValueSpecification\",\"valueRequired\":true,\"valueName\":\"search_term_string\"}}],\"inLanguage\":\"fr-FR\"},{\"@type\":\"Organization\",\"@id\":\"https:\/\/arwann.com\/#organization\",\"name\":\"Arwann\",\"url\":\"https:\/\/arwann.com\/\",\"logo\":{\"@type\":\"ImageObject\",\"inLanguage\":\"fr-FR\",\"@id\":\"https:\/\/arwann.com\/#\/schema\/logo\/image\/\",\"url\":\"http:\/\/arwann.com\/wp-content\/uploads\/2014\/04\/cropped-bandeau-arwann-5.png\",\"contentUrl\":\"http:\/\/arwann.com\/wp-content\/uploads\/2014\/04\/cropped-bandeau-arwann-5.png\",\"width\":1600,\"height\":230,\"caption\":\"Arwann\"},\"image\":{\"@id\":\"https:\/\/arwann.com\/#\/schema\/logo\/image\/\"}}]}<\/script>\n<!-- \/ Yoast SEO plugin. -->","yoast_head_json":{"title":"Une chemin\u00e9e au Camp -","robots":{"index":"index","follow":"follow","max-snippet":"max-snippet:-1","max-image-preview":"max-image-preview:large","max-video-preview":"max-video-preview:-1"},"canonical":"https:\/\/arwann.com\/?page_id=3342","og_locale":"fr_FR","og_type":"article","og_title":"Une chemin\u00e9e au Camp -","og_description":"Par Lama Avertissements Lorsque la patrouille ou le Kra\u00e2l dispose de toutes les commodit\u00e9s, il n\u2019est pas oiseux d\u2019imaginer construire une chemin\u00e9e. C\u2019est un travail technique assez long et ce peut \u00eatre consid\u00e9r\u00e9 comme superflu mais cela change radicalement l\u2019aspect de la tente de patrouille, tente rehauss\u00e9e bien s\u00fbr car une chemin\u00e9e serait particuli\u00e8rement dangereuse &hellip; Continuer la lecture de Une chemin\u00e9e au Camp &rarr;","og_url":"https:\/\/arwann.com\/?page_id=3342","article_modified_time":"2019-07-27T10:30:18+00:00","twitter_misc":{"Dur\u00e9e de lecture estim\u00e9e":"9 minutes"},"schema":{"@context":"https:\/\/schema.org","@graph":[{"@type":"WebPage","@id":"https:\/\/arwann.com\/?page_id=3342","url":"https:\/\/arwann.com\/?page_id=3342","name":"Une chemin\u00e9e au Camp -","isPartOf":{"@id":"https:\/\/arwann.com\/#website"},"datePublished":"2018-07-02T10:44:11+00:00","dateModified":"2019-07-27T10:30:18+00:00","breadcrumb":{"@id":"https:\/\/arwann.com\/?page_id=3342#breadcrumb"},"inLanguage":"fr-FR","potentialAction":[{"@type":"ReadAction","target":["https:\/\/arwann.com\/?page_id=3342"]}]},{"@type":"BreadcrumbList","@id":"https:\/\/arwann.com\/?page_id=3342#breadcrumb","itemListElement":[{"@type":"ListItem","position":1,"name":"Home","item":"http:\/\/arwann.com\/"},{"@type":"ListItem","position":2,"name":"La Haute Patrouille","item":"http:\/\/arwann.com\/?page_id=31"},{"@type":"ListItem","position":3,"name":"Une chemin\u00e9e au Camp"}]},{"@type":"WebSite","@id":"https:\/\/arwann.com\/#website","url":"https:\/\/arwann.com\/","name":"Arwann.com","description":"","publisher":{"@id":"https:\/\/arwann.com\/#organization"},"potentialAction":[{"@type":"SearchAction","target":{"@type":"EntryPoint","urlTemplate":"https:\/\/arwann.com\/?s={search_term_string}"},"query-input":{"@type":"PropertyValueSpecification","valueRequired":true,"valueName":"search_term_string"}}],"inLanguage":"fr-FR"},{"@type":"Organization","@id":"https:\/\/arwann.com\/#organization","name":"Arwann","url":"https:\/\/arwann.com\/","logo":{"@type":"ImageObject","inLanguage":"fr-FR","@id":"https:\/\/arwann.com\/#\/schema\/logo\/image\/","url":"http:\/\/arwann.com\/wp-content\/uploads\/2014\/04\/cropped-bandeau-arwann-5.png","contentUrl":"http:\/\/arwann.com\/wp-content\/uploads\/2014\/04\/cropped-bandeau-arwann-5.png","width":1600,"height":230,"caption":"Arwann"},"image":{"@id":"https:\/\/arwann.com\/#\/schema\/logo\/image\/"}}]}},"_links":{"self":[{"href":"https:\/\/arwann.com\/index.php?rest_route=\/wp\/v2\/pages\/3342","targetHints":{"allow":["GET"]}}],"collection":[{"href":"https:\/\/arwann.com\/index.php?rest_route=\/wp\/v2\/pages"}],"about":[{"href":"https:\/\/arwann.com\/index.php?rest_route=\/wp\/v2\/types\/page"}],"author":[{"embeddable":true,"href":"https:\/\/arwann.com\/index.php?rest_route=\/wp\/v2\/users\/1"}],"replies":[{"embeddable":true,"href":"https:\/\/arwann.com\/index.php?rest_route=%2Fwp%2Fv2%2Fcomments&post=3342"}],"version-history":[{"count":12,"href":"https:\/\/arwann.com\/index.php?rest_route=\/wp\/v2\/pages\/3342\/revisions"}],"predecessor-version":[{"id":3538,"href":"https:\/\/arwann.com\/index.php?rest_route=\/wp\/v2\/pages\/3342\/revisions\/3538"}],"up":[{"embeddable":true,"href":"https:\/\/arwann.com\/index.php?rest_route=\/wp\/v2\/pages\/31"}],"wp:attachment":[{"href":"https:\/\/arwann.com\/index.php?rest_route=%2Fwp%2Fv2%2Fmedia&parent=3342"}],"curies":[{"name":"wp","href":"https:\/\/api.w.org\/{rel}","templated":true}]}}