{"id":2080,"date":"2014-09-18T08:35:52","date_gmt":"2014-09-18T07:35:52","guid":{"rendered":"http:\/\/arwann.com\/?page_id=2080"},"modified":"2015-12-15T08:47:31","modified_gmt":"2015-12-15T07:47:31","slug":"sites-visiter","status":"publish","type":"page","link":"https:\/\/arwann.com\/?page_id=2080","title":{"rendered":"Sites \u00e0 visiter"},"content":{"rendered":"<p>Voici une petite liste de sites que nous trouvons int\u00e9ressants pour les scouts:<\/p>\n<p><span style=\"color: #ff6600;\"><strong><a style=\"color: #ff6600;\" href=\"http:\/\/davidmanise.com\/\">davidmanise<\/a><\/strong><\/span>: Vie dans la nature.<br \/>\n<a href=\"http:\/\/davidmanise.com\/\">http:\/\/davidmanise.com\/<\/a><\/p>\n<p><span style=\"color: #ff6600;\"><strong><a style=\"color: #ff6600;\" href=\"http:\/\/tra-son.fr\/carnet_de_chants_scout.php\">Tra-son<\/a><\/strong><\/span>: Carnet de chant assez complet. T\u00e9l\u00e9chargeable en pdf.<br \/>\n<a href=\"http:\/\/tra-son.fr\/carnet_de_chants_scout.php\">http:\/\/tra-son.fr\/carnet_de_chants_scout.php<\/a><\/p>\n<p><span style=\"color: #ff6600;\"><strong><a style=\"color: #ff6600;\" href=\"http:\/\/scoutimages.free.fr\/\">Scout images<\/a><\/strong><\/span>: dessins scouts libres de droits.<br \/>\n<a href=\"http:\/\/scoutimages.free.fr\/\">http:\/\/scoutimages.free.fr\/<\/a><\/p>\n<p><span style=\"color: #ff6600;\"><strong><a style=\"color: #ff6600;\" href=\"http:\/\/www.oiseaux.net\/oiseaux\/europe.html\">Oiseaux.net<\/a><\/strong><\/span> : encyclop\u00e9die sur les oiseaux en ligne, pour apprendre ou identifier les oiseaux.<br \/>\n<a title=\"http:\/\/www.oiseaux.net\/oiseaux\/europe.html\" href=\"http:\/\/www.oiseaux.net\/oiseaux\/europe.html\">http:\/\/www.oiseaux.net\/oiseaux\/europe.html<\/a><\/p>\n<p><span style=\"color: #ff6600;\"><strong><a style=\"color: #ff6600;\" href=\"http:\/\/www.lieux-insolites.fr\/lieuxinsolites.htm\">Lieux insolites<\/a><\/strong><\/span> : compilation de lieux pr\u00e9sentant un int\u00e9r\u00eat particulier. Utilisable pour les grand jeux, les explorations&#8230;<br \/>\n<a title=\"http:\/\/www.lieux-insolites.fr\/lieuxinsolites.htm\" href=\"http:\/\/www.lieux-insolites.fr\/lieuxinsolites.htm\">http:\/\/www.lieux-insolites.fr\/lieuxinsolites.htm<\/a><\/p>\n<p><span style=\"color: #ff6600;\"><strong><a style=\"color: #ff6600;\" href=\"http:\/\/www.eclaireurs.org\/\">Eclaireurs Neutres de France<\/a><\/strong><\/span> :<br \/>\n<a href=\"http:\/\/www.eclaireurs.org\/\">http:\/\/www.eclaireurs.org\/<\/a><\/p>\n<p><a href=\"http:\/\/arwann.com\/wp-content\/uploads\/2014\/05\/cropped-bandeau-arwann-15.png\"><img loading=\"lazy\" decoding=\"async\" class=\"aligncenter wp-image-1104 size-large\" src=\"http:\/\/arwann.com\/wp-content\/uploads\/2014\/05\/cropped-bandeau-arwann-15-1024x147.png\" alt=\"cropped-bandeau-arwann-15.png\" width=\"604\" height=\"86\" srcset=\"https:\/\/arwann.com\/wp-content\/uploads\/2014\/05\/cropped-bandeau-arwann-15-1024x147.png 1024w, https:\/\/arwann.com\/wp-content\/uploads\/2014\/05\/cropped-bandeau-arwann-15-300x43.png 300w, https:\/\/arwann.com\/wp-content\/uploads\/2014\/05\/cropped-bandeau-arwann-15.png 1600w\" sizes=\"auto, (max-width: 604px) 100vw, 604px\" \/><\/a><\/p>\n","protected":false},"excerpt":{"rendered":"<p>Voici une petite liste de sites que nous trouvons int\u00e9ressants pour les scouts: davidmanise: Vie dans la nature. http:\/\/davidmanise.com\/ Tra-son: Carnet de chant assez complet. T\u00e9l\u00e9chargeable en pdf. http:\/\/tra-son.fr\/carnet_de_chants_scout.php Scout images: dessins scouts libres de droits. http:\/\/scoutimages.free.fr\/ Oiseaux.net : encyclop\u00e9die sur les oiseaux en ligne, pour apprendre ou identifier les oiseaux. http:\/\/www.oiseaux.net\/oiseaux\/europe.html Lieux insolites : &hellip; <a href=\"https:\/\/arwann.com\/?page_id=2080\" class=\"more-link\">Continuer la lecture de <span class=\"screen-reader-text\">Sites \u00e0 visiter<\/span> <span class=\"meta-nav\">&rarr;<\/span><\/a><\/p>\n","protected":false},"author":1,"featured_media":0,"parent":284,"menu_order":0,"comment_status":"open","ping_status":"open","template":"","meta":{"footnotes":""},"class_list":["post-2080","page","type-page","status-publish","hentry"],"yoast_head":"<!-- This site is optimized with the Yoast SEO plugin v27.2 - https:\/\/yoast.com\/product\/yoast-seo-wordpress\/ -->\n<title>Sites \u00e0 visiter -<\/title>\n<meta name=\"robots\" content=\"index, follow, max-snippet:-1, max-image-preview:large, max-video-preview:-1\" \/>\n<link rel=\"canonical\" href=\"https:\/\/arwann.com\/?page_id=2080\" \/>\n<meta property=\"og:locale\" content=\"fr_FR\" \/>\n<meta property=\"og:type\" content=\"article\" \/>\n<meta property=\"og:title\" content=\"Sites \u00e0 visiter -\" \/>\n<meta property=\"og:description\" content=\"Voici une petite liste de sites que nous trouvons int\u00e9ressants pour les scouts: davidmanise: Vie dans la nature. http:\/\/davidmanise.com\/ Tra-son: Carnet de chant assez complet. T\u00e9l\u00e9chargeable en pdf. http:\/\/tra-son.fr\/carnet_de_chants_scout.php Scout images: dessins scouts libres de droits. http:\/\/scoutimages.free.fr\/ Oiseaux.net : encyclop\u00e9die sur les oiseaux en ligne, pour apprendre ou identifier les oiseaux. http:\/\/www.oiseaux.net\/oiseaux\/europe.html Lieux insolites : &hellip; Continuer la lecture de Sites \u00e0 visiter &rarr;\" \/>\n<meta property=\"og:url\" content=\"https:\/\/arwann.com\/?page_id=2080\" \/>\n<meta property=\"article:modified_time\" content=\"2015-12-15T07:47:31+00:00\" \/>\n<meta property=\"og:image\" content=\"http:\/\/arwann.com\/wp-content\/uploads\/2014\/05\/cropped-bandeau-arwann-15-1024x147.png\" \/>\n<meta name=\"twitter:label1\" content=\"Dur\u00e9e de lecture estim\u00e9e\" \/>\n\t<meta name=\"twitter:data1\" content=\"1 minute\" \/>\n<script type=\"application\/ld+json\" class=\"yoast-schema-graph\">{\"@context\":\"https:\/\/schema.org\",\"@graph\":[{\"@type\":\"WebPage\",\"@id\":\"https:\/\/arwann.com\/?page_id=2080\",\"url\":\"https:\/\/arwann.com\/?page_id=2080\",\"name\":\"Sites \u00e0 visiter -\",\"isPartOf\":{\"@id\":\"https:\/\/arwann.com\/#website\"},\"primaryImageOfPage\":{\"@id\":\"https:\/\/arwann.com\/?page_id=2080#primaryimage\"},\"image\":{\"@id\":\"https:\/\/arwann.com\/?page_id=2080#primaryimage\"},\"thumbnailUrl\":\"http:\/\/arwann.com\/wp-content\/uploads\/2014\/05\/cropped-bandeau-arwann-15-1024x147.png\",\"datePublished\":\"2014-09-18T07:35:52+00:00\",\"dateModified\":\"2015-12-15T07:47:31+00:00\",\"breadcrumb\":{\"@id\":\"https:\/\/arwann.com\/?page_id=2080#breadcrumb\"},\"inLanguage\":\"fr-FR\",\"potentialAction\":[{\"@type\":\"ReadAction\",\"target\":[\"https:\/\/arwann.com\/?page_id=2080\"]}]},{\"@type\":\"ImageObject\",\"inLanguage\":\"fr-FR\",\"@id\":\"https:\/\/arwann.com\/?page_id=2080#primaryimage\",\"url\":\"https:\/\/arwann.com\/wp-content\/uploads\/2014\/05\/cropped-bandeau-arwann-15.png\",\"contentUrl\":\"https:\/\/arwann.com\/wp-content\/uploads\/2014\/05\/cropped-bandeau-arwann-15.png\",\"width\":1600,\"height\":230},{\"@type\":\"BreadcrumbList\",\"@id\":\"https:\/\/arwann.com\/?page_id=2080#breadcrumb\",\"itemListElement\":[{\"@type\":\"ListItem\",\"position\":1,\"name\":\"Home\",\"item\":\"http:\/\/arwann.com\/\"},{\"@type\":\"ListItem\",\"position\":2,\"name\":\"Arwann\",\"item\":\"http:\/\/arwann.com\/?page_id=284\"},{\"@type\":\"ListItem\",\"position\":3,\"name\":\"Sites \u00e0 visiter\"}]},{\"@type\":\"WebSite\",\"@id\":\"https:\/\/arwann.com\/#website\",\"url\":\"https:\/\/arwann.com\/\",\"name\":\"Arwann.com\",\"description\":\"\",\"publisher\":{\"@id\":\"https:\/\/arwann.com\/#organization\"},\"potentialAction\":[{\"@type\":\"SearchAction\",\"target\":{\"@type\":\"EntryPoint\",\"urlTemplate\":\"https:\/\/arwann.com\/?s={search_term_string}\"},\"query-input\":{\"@type\":\"PropertyValueSpecification\",\"valueRequired\":true,\"valueName\":\"search_term_string\"}}],\"inLanguage\":\"fr-FR\"},{\"@type\":\"Organization\",\"@id\":\"https:\/\/arwann.com\/#organization\",\"name\":\"Arwann\",\"url\":\"https:\/\/arwann.com\/\",\"logo\":{\"@type\":\"ImageObject\",\"inLanguage\":\"fr-FR\",\"@id\":\"https:\/\/arwann.com\/#\/schema\/logo\/image\/\",\"url\":\"http:\/\/arwann.com\/wp-content\/uploads\/2014\/04\/cropped-bandeau-arwann-5.png\",\"contentUrl\":\"http:\/\/arwann.com\/wp-content\/uploads\/2014\/04\/cropped-bandeau-arwann-5.png\",\"width\":1600,\"height\":230,\"caption\":\"Arwann\"},\"image\":{\"@id\":\"https:\/\/arwann.com\/#\/schema\/logo\/image\/\"}}]}<\/script>\n<!-- \/ Yoast SEO plugin. -->","yoast_head_json":{"title":"Sites \u00e0 visiter -","robots":{"index":"index","follow":"follow","max-snippet":"max-snippet:-1","max-image-preview":"max-image-preview:large","max-video-preview":"max-video-preview:-1"},"canonical":"https:\/\/arwann.com\/?page_id=2080","og_locale":"fr_FR","og_type":"article","og_title":"Sites \u00e0 visiter -","og_description":"Voici une petite liste de sites que nous trouvons int\u00e9ressants pour les scouts: davidmanise: Vie dans la nature. http:\/\/davidmanise.com\/ Tra-son: Carnet de chant assez complet. T\u00e9l\u00e9chargeable en pdf. http:\/\/tra-son.fr\/carnet_de_chants_scout.php Scout images: dessins scouts libres de droits. http:\/\/scoutimages.free.fr\/ Oiseaux.net : encyclop\u00e9die sur les oiseaux en ligne, pour apprendre ou identifier les oiseaux. http:\/\/www.oiseaux.net\/oiseaux\/europe.html Lieux insolites : &hellip; Continuer la lecture de Sites \u00e0 visiter &rarr;","og_url":"https:\/\/arwann.com\/?page_id=2080","article_modified_time":"2015-12-15T07:47:31+00:00","og_image":[{"url":"http:\/\/arwann.com\/wp-content\/uploads\/2014\/05\/cropped-bandeau-arwann-15-1024x147.png","type":"","width":"","height":""}],"twitter_misc":{"Dur\u00e9e de lecture estim\u00e9e":"1 minute"},"schema":{"@context":"https:\/\/schema.org","@graph":[{"@type":"WebPage","@id":"https:\/\/arwann.com\/?page_id=2080","url":"https:\/\/arwann.com\/?page_id=2080","name":"Sites \u00e0 visiter -","isPartOf":{"@id":"https:\/\/arwann.com\/#website"},"primaryImageOfPage":{"@id":"https:\/\/arwann.com\/?page_id=2080#primaryimage"},"image":{"@id":"https:\/\/arwann.com\/?page_id=2080#primaryimage"},"thumbnailUrl":"http:\/\/arwann.com\/wp-content\/uploads\/2014\/05\/cropped-bandeau-arwann-15-1024x147.png","datePublished":"2014-09-18T07:35:52+00:00","dateModified":"2015-12-15T07:47:31+00:00","breadcrumb":{"@id":"https:\/\/arwann.com\/?page_id=2080#breadcrumb"},"inLanguage":"fr-FR","potentialAction":[{"@type":"ReadAction","target":["https:\/\/arwann.com\/?page_id=2080"]}]},{"@type":"ImageObject","inLanguage":"fr-FR","@id":"https:\/\/arwann.com\/?page_id=2080#primaryimage","url":"https:\/\/arwann.com\/wp-content\/uploads\/2014\/05\/cropped-bandeau-arwann-15.png","contentUrl":"https:\/\/arwann.com\/wp-content\/uploads\/2014\/05\/cropped-bandeau-arwann-15.png","width":1600,"height":230},{"@type":"BreadcrumbList","@id":"https:\/\/arwann.com\/?page_id=2080#breadcrumb","itemListElement":[{"@type":"ListItem","position":1,"name":"Home","item":"http:\/\/arwann.com\/"},{"@type":"ListItem","position":2,"name":"Arwann","item":"http:\/\/arwann.com\/?page_id=284"},{"@type":"ListItem","position":3,"name":"Sites \u00e0 visiter"}]},{"@type":"WebSite","@id":"https:\/\/arwann.com\/#website","url":"https:\/\/arwann.com\/","name":"Arwann.com","description":"","publisher":{"@id":"https:\/\/arwann.com\/#organization"},"potentialAction":[{"@type":"SearchAction","target":{"@type":"EntryPoint","urlTemplate":"https:\/\/arwann.com\/?s={search_term_string}"},"query-input":{"@type":"PropertyValueSpecification","valueRequired":true,"valueName":"search_term_string"}}],"inLanguage":"fr-FR"},{"@type":"Organization","@id":"https:\/\/arwann.com\/#organization","name":"Arwann","url":"https:\/\/arwann.com\/","logo":{"@type":"ImageObject","inLanguage":"fr-FR","@id":"https:\/\/arwann.com\/#\/schema\/logo\/image\/","url":"http:\/\/arwann.com\/wp-content\/uploads\/2014\/04\/cropped-bandeau-arwann-5.png","contentUrl":"http:\/\/arwann.com\/wp-content\/uploads\/2014\/04\/cropped-bandeau-arwann-5.png","width":1600,"height":230,"caption":"Arwann"},"image":{"@id":"https:\/\/arwann.com\/#\/schema\/logo\/image\/"}}]}},"_links":{"self":[{"href":"https:\/\/arwann.com\/index.php?rest_route=\/wp\/v2\/pages\/2080","targetHints":{"allow":["GET"]}}],"collection":[{"href":"https:\/\/arwann.com\/index.php?rest_route=\/wp\/v2\/pages"}],"about":[{"href":"https:\/\/arwann.com\/index.php?rest_route=\/wp\/v2\/types\/page"}],"author":[{"embeddable":true,"href":"https:\/\/arwann.com\/index.php?rest_route=\/wp\/v2\/users\/1"}],"replies":[{"embeddable":true,"href":"https:\/\/arwann.com\/index.php?rest_route=%2Fwp%2Fv2%2Fcomments&post=2080"}],"version-history":[{"count":12,"href":"https:\/\/arwann.com\/index.php?rest_route=\/wp\/v2\/pages\/2080\/revisions"}],"predecessor-version":[{"id":2980,"href":"https:\/\/arwann.com\/index.php?rest_route=\/wp\/v2\/pages\/2080\/revisions\/2980"}],"up":[{"embeddable":true,"href":"https:\/\/arwann.com\/index.php?rest_route=\/wp\/v2\/pages\/284"}],"wp:attachment":[{"href":"https:\/\/arwann.com\/index.php?rest_route=%2Fwp%2Fv2%2Fmedia&parent=2080"}],"curies":[{"name":"wp","href":"https:\/\/api.w.org\/{rel}","templated":true}]}}