{"id":2024,"date":"2014-09-12T14:58:30","date_gmt":"2014-09-12T13:58:30","guid":{"rendered":"http:\/\/arwann.com\/?page_id=2024"},"modified":"2017-04-27T10:59:25","modified_gmt":"2017-04-27T09:59:25","slug":"paiement","status":"publish","type":"page","link":"https:\/\/arwann.com\/?page_id=2024","title":{"rendered":"Commande &#038; Paiement"},"content":{"rendered":"<h2 style=\"text-align: justify;\"><span style=\"color: #008000;\">Pour Commander sur Arwann:<\/span><\/h2>\n<p style=\"text-align: justify;\">Visitez notre boutique et choisissez les produits en cliquant sur <strong><em>\u00ab <span style=\"color: #ff0000;\">Ajouter au Panier<\/span>\u00a0\u00bb<\/em><\/strong>.<\/p>\n<p style=\"text-align: justify;\"><a href=\"http:\/\/arwann.com\/wp-content\/uploads\/2014\/12\/ajouter-au-panier.png\"><img loading=\"lazy\" decoding=\"async\" class=\"aligncenter wp-image-2317 size-medium\" src=\"http:\/\/arwann.com\/wp-content\/uploads\/2014\/12\/ajouter-au-panier-245x300.png\" alt=\"ajouter au panier\" width=\"245\" height=\"300\" srcset=\"https:\/\/arwann.com\/wp-content\/uploads\/2014\/12\/ajouter-au-panier-245x300.png 245w, https:\/\/arwann.com\/wp-content\/uploads\/2014\/12\/ajouter-au-panier-300x366.png 300w, https:\/\/arwann.com\/wp-content\/uploads\/2014\/12\/ajouter-au-panier.png 303w\" sizes=\"auto, (max-width: 245px) 100vw, 245px\" \/><\/a><a href=\"http:\/\/arwann.com\/wp-content\/uploads\/2014\/12\/ajouter-au-panier2.png\"><img loading=\"lazy\" decoding=\"async\" class=\"aligncenter wp-image-2318 size-medium\" src=\"http:\/\/arwann.com\/wp-content\/uploads\/2014\/12\/ajouter-au-panier2-300x234.png\" alt=\"ajouter au panier2\" width=\"300\" height=\"234\" srcset=\"https:\/\/arwann.com\/wp-content\/uploads\/2014\/12\/ajouter-au-panier2-300x235.png 300w, https:\/\/arwann.com\/wp-content\/uploads\/2014\/12\/ajouter-au-panier2.png 530w\" sizes=\"auto, (max-width: 300px) 100vw, 300px\" \/><\/a><\/p>\n<p style=\"text-align: justify;\">Quand vous avez fini, faites <strong><em>\u00ab\u00a0<span style=\"color: #ff0000;\">voir Panier<\/span>\u00a0\u00bb<\/em><\/strong> ou dans le bandeau <strong><em>Librairie-&gt;Panier<\/em><\/strong>.<\/p>\n<p style=\"text-align: justify;\"><a href=\"http:\/\/arwann.com\/wp-content\/uploads\/2014\/12\/panier.png\"><img loading=\"lazy\" decoding=\"async\" class=\"aligncenter wp-image-2320 size-full\" src=\"http:\/\/arwann.com\/wp-content\/uploads\/2014\/12\/panier.png\" alt=\"panier\" width=\"924\" height=\"120\" srcset=\"https:\/\/arwann.com\/wp-content\/uploads\/2014\/12\/panier.png 924w, https:\/\/arwann.com\/wp-content\/uploads\/2014\/12\/panier-300x39.png 300w\" sizes=\"auto, (max-width: 924px) 100vw, 924px\" \/><\/a><\/p>\n<p style=\"text-align: justify;\">Les diff\u00e9rents articles que vous avez choisis apparaissent, avec les frais de port en plus.<\/p>\n<p style=\"text-align: justify;\"><a href=\"http:\/\/arwann.com\/wp-content\/uploads\/2014\/12\/Panier3.png\"><img loading=\"lazy\" decoding=\"async\" class=\"aligncenter wp-image-2321 size-full\" src=\"http:\/\/arwann.com\/wp-content\/uploads\/2014\/12\/Panier3.png\" alt=\"Panier3\" width=\"936\" height=\"578\" srcset=\"https:\/\/arwann.com\/wp-content\/uploads\/2014\/12\/Panier3.png 936w, https:\/\/arwann.com\/wp-content\/uploads\/2014\/12\/Panier3-300x185.png 300w\" sizes=\"auto, (max-width: 936px) 100vw, 936px\" \/><\/a><\/p>\n<p style=\"text-align: justify;\">Cliquez sur <strong>\u00ab\u00a0<span style=\"color: #ff0000;\">Proc\u00e9der \u00e0 la Commande<\/span>\u00a0\u00bb<\/strong> si tout est bon.<\/p>\n<p style=\"text-align: justify;\">Rentrez vos informations, nom, adresse\u2026 pour que nous puissions vous envoyer vos articles.<\/p>\n<p style=\"text-align: justify;\">Choisissez le moyen de paiement que vous pr\u00e9f\u00e9rez et cliquer sur <span style=\"color: #000000;\"><strong>\u00ab\u00a0<span style=\"color: #ff0000;\">Commander<\/span>\u00a0\u00bb<\/strong><\/span>.<\/p>\n<h2 style=\"text-align: justify;\"><span style=\"color: #008000;\">Moyen de paiement\u00a0:<\/span><\/h2>\n<p style=\"text-align: justify;\"><span style=\"color: #0000ff;\"><strong>Ch\u00e8que<\/strong><\/span>\u00a0: nous vous donnons notre adresse pour que vous puissiez nous envoyer un ch\u00e8que \u00e0 l\u2019ordre d\u2019Arwann. Nous vous envoyons la commande d\u00e8s que nous avons re\u00e7u les fonds.<\/p>\n<p style=\"text-align: justify;\"><a href=\"http:\/\/arwann.com\/wp-content\/uploads\/2014\/12\/cheque.png\"><img loading=\"lazy\" decoding=\"async\" class=\"aligncenter wp-image-2332 size-full\" src=\"http:\/\/arwann.com\/wp-content\/uploads\/2014\/12\/cheque.png\" alt=\"cheque\" width=\"913\" height=\"579\" srcset=\"https:\/\/arwann.com\/wp-content\/uploads\/2014\/12\/cheque.png 913w, https:\/\/arwann.com\/wp-content\/uploads\/2014\/12\/cheque-300x190.png 300w\" sizes=\"auto, (max-width: 913px) 100vw, 913px\" \/><\/a><\/p>\n<p style=\"text-align: justify;\"><span style=\"color: #0000ff;\"><strong>Virement\u00a0<\/strong><\/span>: nous vous donnons nos coordonn\u00e9es bancaires (IBAN et BIC) pour que vous puissiez nous faire un virement depuis votre compte en banque. N\u2019oubliez pas de pr\u00e9ciser le num\u00e9ro de commande en r\u00e9f\u00e9rence du virement. Nous vous envoyons la commande d\u00e8s que nous avons re\u00e7u les fonds.<\/p>\n<p style=\"text-align: justify;\"><a href=\"http:\/\/arwann.com\/wp-content\/uploads\/2014\/12\/Virement.png\"><img loading=\"lazy\" decoding=\"async\" class=\"aligncenter wp-image-2333 size-full\" src=\"http:\/\/arwann.com\/wp-content\/uploads\/2014\/12\/Virement.png\" alt=\"Virement\" width=\"906\" height=\"588\" srcset=\"https:\/\/arwann.com\/wp-content\/uploads\/2014\/12\/Virement.png 906w, https:\/\/arwann.com\/wp-content\/uploads\/2014\/12\/Virement-300x195.png 300w\" sizes=\"auto, (max-width: 906px) 100vw, 906px\" \/><\/a><\/p>\n<p style=\"text-align: justify;\"><span style=\"color: #0000ff;\"><strong>Paypal\u00a0<\/strong><\/span>: nous passons par la plateforme de paypal pour que vous puissiez payer en ligne avec un compte paypal, une carte bancaire, une carte visa, une mastercard\u2026<\/p>\n<p style=\"text-align: justify;\"><a href=\"http:\/\/arwann.com\/wp-content\/uploads\/2014\/12\/paypal.png\"><img loading=\"lazy\" decoding=\"async\" class=\"aligncenter wp-image-2322 size-full\" src=\"http:\/\/arwann.com\/wp-content\/uploads\/2014\/12\/paypal.png\" alt=\"paypal\" width=\"910\" height=\"581\" srcset=\"https:\/\/arwann.com\/wp-content\/uploads\/2014\/12\/paypal.png 910w, https:\/\/arwann.com\/wp-content\/uploads\/2014\/12\/paypal-300x192.png 300w\" sizes=\"auto, (max-width: 910px) 100vw, 910px\" \/><\/a>Si vous n&rsquo;avez pas de compte Paypal, ce n&rsquo;est pas un probl\u00e8me! Choisissez simplement \u00ab\u00a0<strong>Vous n&rsquo;avez pas de compte Paypal?<\/strong>\u00ab\u00a0.<\/p>\n<p style=\"text-align: justify;\"><a href=\"http:\/\/arwann.com\/wp-content\/uploads\/2014\/12\/Paypal2.png\"><img loading=\"lazy\" decoding=\"async\" class=\"aligncenter wp-image-2323 size-full\" src=\"http:\/\/arwann.com\/wp-content\/uploads\/2014\/12\/Paypal2.png\" alt=\"Paypal2\" width=\"1016\" height=\"457\" srcset=\"https:\/\/arwann.com\/wp-content\/uploads\/2014\/12\/Paypal2.png 1016w, https:\/\/arwann.com\/wp-content\/uploads\/2014\/12\/Paypal2-300x135.png 300w\" sizes=\"auto, (max-width: 1016px) 100vw, 1016px\" \/><\/a><\/p>\n<p style=\"text-align: justify;\">Choisissez ensuite le type de carte et compl\u00e9tez le n\u00b0 de carte, la date d&rsquo;expiration et le cryptogramme visuel.<\/p>\n<p style=\"text-align: justify;\"><a href=\"http:\/\/arwann.com\/wp-content\/uploads\/2014\/12\/Paypal3.png\"><img loading=\"lazy\" decoding=\"async\" class=\"aligncenter wp-image-2324 size-full\" src=\"http:\/\/arwann.com\/wp-content\/uploads\/2014\/12\/Paypal3.png\" alt=\"Paypal3\" width=\"926\" height=\"712\" srcset=\"https:\/\/arwann.com\/wp-content\/uploads\/2014\/12\/Paypal3.png 926w, https:\/\/arwann.com\/wp-content\/uploads\/2014\/12\/Paypal3-300x231.png 300w\" sizes=\"auto, (max-width: 926px) 100vw, 926px\" \/><\/a>Paypal nous informe que les fonds ont \u00e9t\u00e9 vers\u00e9s et nous vous envoyons aussit\u00f4t la commande.<\/p>\n<h2 style=\"text-align: justify;\"><span style=\"color: #008000;\">Frais de port\u00a0:<\/span><\/h2>\n<p style=\"text-align: justify;\">Nous envoyons les commandes par la Poste.<br \/>\nNous rajoutons donc 3\u20ac par commande + 2\u20ac par livre.<\/p>\n<p style=\"text-align: justify;\">La livraison est gratuite au-del\u00e0 de 50\u20ac de commande.<\/p>\n<p style=\"text-align: justify;\">Pour le moment nous n&rsquo;exp\u00e9dions que vers la France, la Belgique et la Suisse.<\/p>\n<p style=\"text-align: justify;\">Pour toute question, n&rsquo;h\u00e9sitez pas nous contacter :\u00a0<img loading=\"lazy\" decoding=\"async\" class=\"alignnone size-full wp-image-3185\" src=\"http:\/\/arwann.com\/wp-content\/uploads\/2017\/04\/contact.png\" alt=\"\" width=\"153\" height=\"19\" srcset=\"https:\/\/arwann.com\/wp-content\/uploads\/2017\/04\/contact.png 153w, https:\/\/arwann.com\/wp-content\/uploads\/2017\/04\/contact-150x19.png 150w\" sizes=\"auto, (max-width: 153px) 100vw, 153px\" \/><\/p>\n<p style=\"text-align: justify;\"><a href=\"http:\/\/arwann.com\/wp-content\/uploads\/2014\/12\/foulard-rouge.jpg\"><img loading=\"lazy\" decoding=\"async\" class=\"aligncenter wp-image-2302 size-full\" src=\"http:\/\/arwann.com\/wp-content\/uploads\/2014\/12\/foulard-rouge.jpg\" alt=\"foulard rouge\" width=\"761\" height=\"352\" srcset=\"https:\/\/arwann.com\/wp-content\/uploads\/2014\/12\/foulard-rouge.jpg 761w, https:\/\/arwann.com\/wp-content\/uploads\/2014\/12\/foulard-rouge-300x139.jpg 300w\" sizes=\"auto, (max-width: 761px) 100vw, 761px\" \/><\/a><\/p>\n","protected":false},"excerpt":{"rendered":"<p>Pour Commander sur Arwann: Visitez notre boutique et choisissez les produits en cliquant sur \u00ab Ajouter au Panier\u00a0\u00bb. Quand vous avez fini, faites \u00ab\u00a0voir Panier\u00a0\u00bb ou dans le bandeau Librairie-&gt;Panier. Les diff\u00e9rents articles que vous avez choisis apparaissent, avec les frais de port en plus. Cliquez sur \u00ab\u00a0Proc\u00e9der \u00e0 la Commande\u00a0\u00bb si tout est bon. &hellip; <a href=\"https:\/\/arwann.com\/?page_id=2024\" class=\"more-link\">Continuer la lecture de <span class=\"screen-reader-text\">Commande &#038; Paiement<\/span> <span class=\"meta-nav\">&rarr;<\/span><\/a><\/p>\n","protected":false},"author":1,"featured_media":0,"parent":284,"menu_order":0,"comment_status":"open","ping_status":"open","template":"","meta":{"footnotes":""},"class_list":["post-2024","page","type-page","status-publish","hentry"],"yoast_head":"<!-- This site is optimized with the Yoast SEO plugin v27.2 - https:\/\/yoast.com\/product\/yoast-seo-wordpress\/ -->\n<title>Commande &amp; Paiement -<\/title>\n<meta name=\"robots\" content=\"index, follow, max-snippet:-1, max-image-preview:large, max-video-preview:-1\" \/>\n<link rel=\"canonical\" href=\"https:\/\/arwann.com\/?page_id=2024\" \/>\n<meta property=\"og:locale\" content=\"fr_FR\" \/>\n<meta property=\"og:type\" content=\"article\" \/>\n<meta property=\"og:title\" content=\"Commande &amp; Paiement -\" \/>\n<meta property=\"og:description\" content=\"Pour Commander sur Arwann: Visitez notre boutique et choisissez les produits en cliquant sur \u00ab Ajouter au Panier\u00a0\u00bb. Quand vous avez fini, faites \u00ab\u00a0voir Panier\u00a0\u00bb ou dans le bandeau Librairie-&gt;Panier. Les diff\u00e9rents articles que vous avez choisis apparaissent, avec les frais de port en plus. Cliquez sur \u00ab\u00a0Proc\u00e9der \u00e0 la Commande\u00a0\u00bb si tout est bon. &hellip; Continuer la lecture de Commande &#038; Paiement &rarr;\" \/>\n<meta property=\"og:url\" content=\"https:\/\/arwann.com\/?page_id=2024\" \/>\n<meta property=\"article:modified_time\" content=\"2017-04-27T09:59:25+00:00\" \/>\n<meta property=\"og:image\" content=\"http:\/\/arwann.com\/wp-content\/uploads\/2014\/12\/ajouter-au-panier-245x300.png\" \/>\n<meta name=\"twitter:label1\" content=\"Dur\u00e9e de lecture estim\u00e9e\" \/>\n\t<meta name=\"twitter:data1\" content=\"2 minutes\" \/>\n<script type=\"application\/ld+json\" class=\"yoast-schema-graph\">{\"@context\":\"https:\/\/schema.org\",\"@graph\":[{\"@type\":\"WebPage\",\"@id\":\"https:\/\/arwann.com\/?page_id=2024\",\"url\":\"https:\/\/arwann.com\/?page_id=2024\",\"name\":\"Commande & Paiement -\",\"isPartOf\":{\"@id\":\"https:\/\/arwann.com\/#website\"},\"primaryImageOfPage\":{\"@id\":\"https:\/\/arwann.com\/?page_id=2024#primaryimage\"},\"image\":{\"@id\":\"https:\/\/arwann.com\/?page_id=2024#primaryimage\"},\"thumbnailUrl\":\"http:\/\/arwann.com\/wp-content\/uploads\/2014\/12\/ajouter-au-panier-245x300.png\",\"datePublished\":\"2014-09-12T13:58:30+00:00\",\"dateModified\":\"2017-04-27T09:59:25+00:00\",\"breadcrumb\":{\"@id\":\"https:\/\/arwann.com\/?page_id=2024#breadcrumb\"},\"inLanguage\":\"fr-FR\",\"potentialAction\":[{\"@type\":\"ReadAction\",\"target\":[\"https:\/\/arwann.com\/?page_id=2024\"]}]},{\"@type\":\"ImageObject\",\"inLanguage\":\"fr-FR\",\"@id\":\"https:\/\/arwann.com\/?page_id=2024#primaryimage\",\"url\":\"https:\/\/arwann.com\/wp-content\/uploads\/2014\/12\/ajouter-au-panier.png\",\"contentUrl\":\"https:\/\/arwann.com\/wp-content\/uploads\/2014\/12\/ajouter-au-panier.png\",\"width\":303,\"height\":370},{\"@type\":\"BreadcrumbList\",\"@id\":\"https:\/\/arwann.com\/?page_id=2024#breadcrumb\",\"itemListElement\":[{\"@type\":\"ListItem\",\"position\":1,\"name\":\"Home\",\"item\":\"http:\/\/arwann.com\/\"},{\"@type\":\"ListItem\",\"position\":2,\"name\":\"Arwann\",\"item\":\"http:\/\/arwann.com\/?page_id=284\"},{\"@type\":\"ListItem\",\"position\":3,\"name\":\"Commande &#038; Paiement\"}]},{\"@type\":\"WebSite\",\"@id\":\"https:\/\/arwann.com\/#website\",\"url\":\"https:\/\/arwann.com\/\",\"name\":\"Arwann.com\",\"description\":\"\",\"publisher\":{\"@id\":\"https:\/\/arwann.com\/#organization\"},\"potentialAction\":[{\"@type\":\"SearchAction\",\"target\":{\"@type\":\"EntryPoint\",\"urlTemplate\":\"https:\/\/arwann.com\/?s={search_term_string}\"},\"query-input\":{\"@type\":\"PropertyValueSpecification\",\"valueRequired\":true,\"valueName\":\"search_term_string\"}}],\"inLanguage\":\"fr-FR\"},{\"@type\":\"Organization\",\"@id\":\"https:\/\/arwann.com\/#organization\",\"name\":\"Arwann\",\"url\":\"https:\/\/arwann.com\/\",\"logo\":{\"@type\":\"ImageObject\",\"inLanguage\":\"fr-FR\",\"@id\":\"https:\/\/arwann.com\/#\/schema\/logo\/image\/\",\"url\":\"http:\/\/arwann.com\/wp-content\/uploads\/2014\/04\/cropped-bandeau-arwann-5.png\",\"contentUrl\":\"http:\/\/arwann.com\/wp-content\/uploads\/2014\/04\/cropped-bandeau-arwann-5.png\",\"width\":1600,\"height\":230,\"caption\":\"Arwann\"},\"image\":{\"@id\":\"https:\/\/arwann.com\/#\/schema\/logo\/image\/\"}}]}<\/script>\n<!-- \/ Yoast SEO plugin. -->","yoast_head_json":{"title":"Commande & Paiement -","robots":{"index":"index","follow":"follow","max-snippet":"max-snippet:-1","max-image-preview":"max-image-preview:large","max-video-preview":"max-video-preview:-1"},"canonical":"https:\/\/arwann.com\/?page_id=2024","og_locale":"fr_FR","og_type":"article","og_title":"Commande & Paiement -","og_description":"Pour Commander sur Arwann: Visitez notre boutique et choisissez les produits en cliquant sur \u00ab Ajouter au Panier\u00a0\u00bb. Quand vous avez fini, faites \u00ab\u00a0voir Panier\u00a0\u00bb ou dans le bandeau Librairie-&gt;Panier. Les diff\u00e9rents articles que vous avez choisis apparaissent, avec les frais de port en plus. Cliquez sur \u00ab\u00a0Proc\u00e9der \u00e0 la Commande\u00a0\u00bb si tout est bon. &hellip; Continuer la lecture de Commande &#038; Paiement &rarr;","og_url":"https:\/\/arwann.com\/?page_id=2024","article_modified_time":"2017-04-27T09:59:25+00:00","og_image":[{"url":"http:\/\/arwann.com\/wp-content\/uploads\/2014\/12\/ajouter-au-panier-245x300.png","type":"","width":"","height":""}],"twitter_misc":{"Dur\u00e9e de lecture estim\u00e9e":"2 minutes"},"schema":{"@context":"https:\/\/schema.org","@graph":[{"@type":"WebPage","@id":"https:\/\/arwann.com\/?page_id=2024","url":"https:\/\/arwann.com\/?page_id=2024","name":"Commande & Paiement -","isPartOf":{"@id":"https:\/\/arwann.com\/#website"},"primaryImageOfPage":{"@id":"https:\/\/arwann.com\/?page_id=2024#primaryimage"},"image":{"@id":"https:\/\/arwann.com\/?page_id=2024#primaryimage"},"thumbnailUrl":"http:\/\/arwann.com\/wp-content\/uploads\/2014\/12\/ajouter-au-panier-245x300.png","datePublished":"2014-09-12T13:58:30+00:00","dateModified":"2017-04-27T09:59:25+00:00","breadcrumb":{"@id":"https:\/\/arwann.com\/?page_id=2024#breadcrumb"},"inLanguage":"fr-FR","potentialAction":[{"@type":"ReadAction","target":["https:\/\/arwann.com\/?page_id=2024"]}]},{"@type":"ImageObject","inLanguage":"fr-FR","@id":"https:\/\/arwann.com\/?page_id=2024#primaryimage","url":"https:\/\/arwann.com\/wp-content\/uploads\/2014\/12\/ajouter-au-panier.png","contentUrl":"https:\/\/arwann.com\/wp-content\/uploads\/2014\/12\/ajouter-au-panier.png","width":303,"height":370},{"@type":"BreadcrumbList","@id":"https:\/\/arwann.com\/?page_id=2024#breadcrumb","itemListElement":[{"@type":"ListItem","position":1,"name":"Home","item":"http:\/\/arwann.com\/"},{"@type":"ListItem","position":2,"name":"Arwann","item":"http:\/\/arwann.com\/?page_id=284"},{"@type":"ListItem","position":3,"name":"Commande &#038; Paiement"}]},{"@type":"WebSite","@id":"https:\/\/arwann.com\/#website","url":"https:\/\/arwann.com\/","name":"Arwann.com","description":"","publisher":{"@id":"https:\/\/arwann.com\/#organization"},"potentialAction":[{"@type":"SearchAction","target":{"@type":"EntryPoint","urlTemplate":"https:\/\/arwann.com\/?s={search_term_string}"},"query-input":{"@type":"PropertyValueSpecification","valueRequired":true,"valueName":"search_term_string"}}],"inLanguage":"fr-FR"},{"@type":"Organization","@id":"https:\/\/arwann.com\/#organization","name":"Arwann","url":"https:\/\/arwann.com\/","logo":{"@type":"ImageObject","inLanguage":"fr-FR","@id":"https:\/\/arwann.com\/#\/schema\/logo\/image\/","url":"http:\/\/arwann.com\/wp-content\/uploads\/2014\/04\/cropped-bandeau-arwann-5.png","contentUrl":"http:\/\/arwann.com\/wp-content\/uploads\/2014\/04\/cropped-bandeau-arwann-5.png","width":1600,"height":230,"caption":"Arwann"},"image":{"@id":"https:\/\/arwann.com\/#\/schema\/logo\/image\/"}}]}},"_links":{"self":[{"href":"https:\/\/arwann.com\/index.php?rest_route=\/wp\/v2\/pages\/2024","targetHints":{"allow":["GET"]}}],"collection":[{"href":"https:\/\/arwann.com\/index.php?rest_route=\/wp\/v2\/pages"}],"about":[{"href":"https:\/\/arwann.com\/index.php?rest_route=\/wp\/v2\/types\/page"}],"author":[{"embeddable":true,"href":"https:\/\/arwann.com\/index.php?rest_route=\/wp\/v2\/users\/1"}],"replies":[{"embeddable":true,"href":"https:\/\/arwann.com\/index.php?rest_route=%2Fwp%2Fv2%2Fcomments&post=2024"}],"version-history":[{"count":20,"href":"https:\/\/arwann.com\/index.php?rest_route=\/wp\/v2\/pages\/2024\/revisions"}],"predecessor-version":[{"id":3186,"href":"https:\/\/arwann.com\/index.php?rest_route=\/wp\/v2\/pages\/2024\/revisions\/3186"}],"up":[{"embeddable":true,"href":"https:\/\/arwann.com\/index.php?rest_route=\/wp\/v2\/pages\/284"}],"wp:attachment":[{"href":"https:\/\/arwann.com\/index.php?rest_route=%2Fwp%2Fv2%2Fmedia&parent=2024"}],"curies":[{"name":"wp","href":"https:\/\/api.w.org\/{rel}","templated":true}]}}