{"id":1309,"date":"2014-05-14T11:14:33","date_gmt":"2014-05-14T10:14:33","guid":{"rendered":"http:\/\/arwann.com\/?page_id=1309"},"modified":"2020-04-09T10:21:33","modified_gmt":"2020-04-09T09:21:33","slug":"lessive-repassage-au-camp","status":"publish","type":"page","link":"https:\/\/arwann.com\/?page_id=1309","title":{"rendered":"Lessive et repassage au camp"},"content":{"rendered":"<p style=\"text-align: justify;\"><a href=\"http:\/\/arwann.com\/wp-content\/uploads\/2014\/04\/bouton-scout.png\"><img loading=\"lazy\" decoding=\"async\" class=\"alignright wp-image-892\" src=\"http:\/\/arwann.com\/wp-content\/uploads\/2014\/04\/bouton-scout.png\" alt=\"bouton scout\" width=\"200\" height=\"200\" srcset=\"https:\/\/arwann.com\/wp-content\/uploads\/2014\/04\/bouton-scout.png 400w, https:\/\/arwann.com\/wp-content\/uploads\/2014\/04\/bouton-scout-200x200.png 200w, https:\/\/arwann.com\/wp-content\/uploads\/2014\/04\/bouton-scout-100x100.png 100w, https:\/\/arwann.com\/wp-content\/uploads\/2014\/04\/bouton-scout-300x300.png 300w, https:\/\/arwann.com\/wp-content\/uploads\/2014\/04\/bouton-scout-150x150.png 150w\" sizes=\"auto, (max-width: 200px) 100vw, 200px\" \/><\/a><a name=\"Haut\"><\/a>Par Lama. <a href=\"http:\/\/arwann.com\/?page_id=29\">Le coin des scouts<\/a> -&gt; <a href=\"http:\/\/arwann.com\/?page_id=347\">Campisme<\/a><\/p>\n<p style=\"text-align: justify;\">Autrefois lorsque les scouts partaient en camp, dans leur sac \u00e0 dos ils emportaient A) du linge de rechange\u00a0; B) un sac de linge sale.<\/p>\n<p style=\"text-align: justify;\">Au retour du camp, une esp\u00e8ce de chose brune et sentant le jambon fum\u00e9 d\u00e9versait sur le carrelage de la buanderie, un chargement de v\u00eatements brun\u00e2tres empuantis de la tenace odeur de fum\u00e9e. C\u2019est une chose qui ne devrait plus arriver\u00a0; au camp il est parfaitement possible de laver et m\u00eame de repasser les habits. La lessive et le repassage au camp procurent un avantage au d\u00e9part du camp, pendant le camp et au retour du camp.<\/p>\n<h3 style=\"text-align: justify;\"><span style=\"color: #0000ff;\"><strong>Avantage au d\u00e9part<\/strong><\/span><\/h3>\n<p style=\"text-align: justify;\">Au d\u00e9part, il n\u2019est plus n\u00e9cessaire de se surcharger avec du linge suppl\u00e9mentaire. Il suffit de pr\u00e9voir juste en double chaque type d\u2019effet. Deux chemises\u00a0: une d\u2019uniforme et une de camp\u00a0; deux shorts\u00a0: un d\u2019uniforme et un de camp. On en d\u00e9duit au passage que chemise et short de camp auront le bon go\u00fbt d\u2019\u00eatre assez proches de la chemise et du short d\u2019uniforme. Lorsque l\u2019un des deux sera au lavage, on portera l\u2019autre. Par exemple la chemise de camp sera de la m\u00eame couleur, sans insignes ou avec des insignes pas tout \u00e0 fait r\u00e9glos. Pour le reste des effets\u00a0: deux paires de chaussettes, deux cale\u00e7ons (on pourra compter le slip de bain comme cale\u00e7on), deux tricots de peau et ainsi de suite. On voit donc imm\u00e9diatement que le sac \u00e0 dos se vide s\u00e9rieusement. Ensuite il n\u2019est sans doute pas n\u00e9cessaire d\u2019emporter le fameux sac de linge sale.<\/p>\n<h3 style=\"text-align: justify;\"><span style=\"color: #0000ff;\"><strong>Avantage pendant le camp<\/strong><\/span><\/h3>\n<p style=\"text-align: justify;\">Rien n\u2019est plus simple et plus dr\u00f4le que de faire la lessive au camp. On peut utiliser les bassines du vaisselier mais attention, il faut qu\u2019elles soient propres et cela n\u2019est pas gagn\u00e9 si on y lave les gamelles pleines de noir de fum\u00e9e. Si la patrouille ne dispose pas de bassine ou si ces derni\u00e8res ne sont pas impeccables, alors il faut utiliser les gamelles de cuisine. Tr\u00e8s simple, on fait chauffer de l\u2019eau, pas la peine de bouillir, on temp\u00e8re ou on compl\u00e8te avec de l\u2019eau froide afin de ne pas se br\u00fbler les mains. Ensuite on m\u00e9lange du savon de Marseille, celui dont on se sert pour se laver. Pour dissoudre le savon, il suffit de commencer par se laver les mains au savon dans cette gamelle d\u2019eau ti\u00e8de dans laquelle se trouvent d\u00e9j\u00e0 les affaires \u00e0 laver. Ensuite il faut malaxer et patouiller fermement les affaires assez longtemps. Bien vite l\u2019eau devient boueuse. Il ne faut surtout pas la changer, tout au plus on rajoutera de l\u2019eau chaude ou du savon. Lorsqu\u2019on n&rsquo;arrive plus \u00e0 rendre l\u2019eau encore plus sale il faut sortir ce que l\u2019on lave et rincer \u00e0 l\u2019eau claire pour d\u00e9gorger le savon mais aussi l\u2019eau noire. Et l\u00e0 <strong>ATTENTION\u00a0! <\/strong> Il ne faut surtout pas essorer.<\/p>\n<p style=\"text-align: justify;\"><a href=\"http:\/\/arwann.com\/wp-content\/uploads\/2014\/05\/lessive1.png\"><img loading=\"lazy\" decoding=\"async\" class=\"aligncenter wp-image-1313 size-medium\" src=\"http:\/\/arwann.com\/wp-content\/uploads\/2014\/05\/lessive1-274x300.png\" alt=\"lessive1\" width=\"274\" height=\"300\" srcset=\"https:\/\/arwann.com\/wp-content\/uploads\/2014\/05\/lessive1-274x300.png 274w, https:\/\/arwann.com\/wp-content\/uploads\/2014\/05\/lessive1-300x328.png 300w, https:\/\/arwann.com\/wp-content\/uploads\/2014\/05\/lessive1.png 507w\" sizes=\"auto, (max-width: 274px) 100vw, 274px\" \/><\/a><\/p>\n<h3 style=\"text-align: justify;\"><span style=\"color: #0000ff;\"><strong>Le secret du repassage au camp<\/strong><\/span><\/h3>\n<p style=\"text-align: justify;\">Voici l\u2019astuce. Il faut bien en comprendre le principe. Nous allons parler de la chemise car c\u2019est \u00e0 notre avis l\u2019effet principal qui m\u00e9rite vraiment d\u2019\u00eatre sans pli. Donc la chemise est rinc\u00e9e \u00e0 l\u2019eau claire (chaude ou froide). <span style=\"color: #ff0000;\"><strong>Surtout ne pas l\u2019essorer.<\/strong><\/span> Il faut bien la garder tremp\u00e9e et aussi lourde que possible. On l\u2019arrange sur un cintre qu\u2019on se sera fabriqu\u00e9 auparavant. Mais alors, un vrai cintre, bien galb\u00e9 qui soutien bien les \u00e9paules et le col. Sans doute faut-il boutonner les boutons. Il faut obtenir que la chemise tremp\u00e9e tombe bien nette, sans faux pli. Le poids de l\u2019eau dans le tissu permet cette mise en forme. Il ne faut donc pas essorer pour deux raisons\u00a0: A) En essorant on va chiffonner le tissu et le marquer d\u2019une multitude de petits plis. B) il faut garder l\u2019eau pour donner suffisamment de poids au tissu afin qu\u2019il pende bien et se tende naturellement.<\/p>\n<p style=\"text-align: justify;\"><a href=\"http:\/\/arwann.com\/wp-content\/uploads\/2014\/05\/lessive2.png\"><img loading=\"lazy\" decoding=\"async\" class=\"alignleft wp-image-1314 size-medium\" src=\"http:\/\/arwann.com\/wp-content\/uploads\/2014\/05\/lessive2-300x251.png\" alt=\"lessive2\" width=\"300\" height=\"251\" srcset=\"https:\/\/arwann.com\/wp-content\/uploads\/2014\/05\/lessive2-300x252.png 300w, https:\/\/arwann.com\/wp-content\/uploads\/2014\/05\/lessive2.png 331w\" sizes=\"auto, (max-width: 300px) 100vw, 300px\" \/><\/a><\/p>\n<p style=\"text-align: justify;\">Ensuite on laisse s\u00e9cher. En \u00e9t\u00e9 \u00e7a va vite, m\u00eame lorsque la chemise est tremp\u00e9e au d\u00e9part. Pour les autres saisons, on acc\u00e9l\u00e8re le s\u00e9chage en pla\u00e7ant au chaud pas trop pr\u00e8s d\u2019un feu, attention \u00e0 l\u2019odeur de fum\u00e9e. Lorsqu\u2019elle est s\u00e8che la chemise a gard\u00e9 exactement l\u2019aspect qu\u2019elle avait lorsqu\u2019elle \u00e9tait tremp\u00e9e. Il n\u2019y a donc aucun pli si on a fait attention de bien les retirer lorsque la chemise \u00e9tait tremp\u00e9e.<\/p>\n<p style=\"text-align: justify;\"><a href=\"http:\/\/arwann.com\/wp-content\/uploads\/2014\/05\/lessive3.png\"><img loading=\"lazy\" decoding=\"async\" class=\"alignright wp-image-1315 size-medium\" src=\"http:\/\/arwann.com\/wp-content\/uploads\/2014\/05\/lessive3-162x300.png\" alt=\"lessive3\" width=\"162\" height=\"300\" srcset=\"https:\/\/arwann.com\/wp-content\/uploads\/2014\/05\/lessive3-162x300.png 162w, https:\/\/arwann.com\/wp-content\/uploads\/2014\/05\/lessive3-300x556.png 300w, https:\/\/arwann.com\/wp-content\/uploads\/2014\/05\/lessive3.png 378w\" sizes=\"auto, (max-width: 162px) 100vw, 162px\" \/><\/a><\/p>\n<p style=\"text-align: justify;\">La chemise est l\u2019effet le plus compliqu\u00e9. Les autres effets sont encore plus simples car souvent ils souffrent assez bien quelques plis, c\u2019est le cas du short de camp par exemple.<\/p>\n<p style=\"text-align: justify;\">Pour le foulard et d\u2019autres effets qui pourraient lui ressembler, il existe une autre technique. Cette fois-ci on peut essorer mais juste apr\u00e8s il faut tendre violemment la pi\u00e8ce afin de faire dispara\u00eetre aussit\u00f4t la multitude de petits plis. Une fois tendu, l\u2019effet est plac\u00e9 adroitement sur une corde \u00e0 linge, ou sur un rocher ou encore sur l\u2019herbe de la prairie. Le but est de conserver l\u2019aspect tendu qui va se conserver jusqu\u2019au s\u00e9chage complet.<\/p>\n<p style=\"text-align: justify;\">D\u2019une mani\u00e8re g\u00e9n\u00e9rale, il faut faire s\u00e9cher les affaires dans la position ou la forme qu\u2019on veut leur voir garder une fois s\u00e8ches.<\/p>\n<p style=\"text-align: justify;\">Laver ses affaires au camp est un v\u00e9ritable plaisir, on profitera des journ\u00e9es repos, des retours d\u2019explo, de la fin des installes et de toutes les p\u00e9riodes o\u00f9 l\u2019on peut raisonnablement penser que les affaires seront vite s\u00e8ches.<\/p>\n<p style=\"text-align: justify;\">Pendant ces lavages, on essayera de se rappeler que si les affaires sont sales, les corps le sont certainement \u00e9galement et se laver \u00e0 l\u2019eau ti\u00e8de est \u00e9galement un vrai plaisir.<\/p>\n<h3 style=\"text-align: justify;\"><span style=\"color: #0000ff;\"><strong>Au retour, Maman est contente<\/strong><\/span><\/h3>\n<p style=\"text-align: justify;\">Lorsque le scout revient du camp le tas de v\u00eatement sale sera nettement plus raisonnable et Maman ne sera pas contrainte de faire tourner jour et nuit la machine \u00e0 laver. Il n\u2019est pas rare de devoir laver plusieurs fois les affaires pour venir \u00e0 bout de l\u2019odeur et de la couche brun\u00e2tre de goudron qui impr\u00e8gne les affaires et que les campeurs ne sentent m\u00eame plus tellement la fum\u00e9e leur est devenue famili\u00e8re. Mais il n\u2019y a pas que Maman, le conducteur du car est content \u00e9galement car au lieu de reconduire vers la civilisation 20 ou 30 jambons fum\u00e9s qui vont impr\u00e9gner les si\u00e8ges de son car de leur odeur puissante il v\u00e9hiculera les m\u00eames gaillards propres et fleurant bon le foin et l\u2019humus des bois.<\/p>\n<h3 style=\"text-align: justify;\"><span style=\"color: #0000ff;\"><strong>Fabriquer sa propre lessive au camp<\/strong><\/span><\/h3>\n<p style=\"text-align: justify;\">Pour faire sa lessive au camp on peut utiliser du savon de Marseille mais on peut faire bien mieux et c\u2019est assez rigolo. La cendre du feu de bois est utilis\u00e9e pour fabriquer de la lessive. Ce proc\u00e9d\u00e9 permet de r\u00e9cup\u00e9rer la potasse contenue dans la cendre et il faut pour cela br\u00fbler du bois et de pr\u00e9f\u00e9rence des branches plut\u00f4t que du tronc (c&rsquo;est exactement le cas des feux scouts).<br \/>\nLa lessive obtenue lave bien et mousse fort peu ce qui est pr\u00e9f\u00e9rable car souvent l&rsquo;eau de lessive risque de retourner \u00e0 la rivi\u00e8re et se mettrait \u00e0 y mousser, ce qui produirait des amas de mousse bien disgracieux. Quelques indications ci-dessous mais pour la proc\u00e9dure compl\u00e8te, suivre le lien <a href=\"http:\/\/arwann.com\/?page_id=3279\">fabriquer sa lessive au camp<\/a><\/p>\n<p style=\"text-align: justify;\">Pour fabriquer de la lessive, il faut prendre la cendre du feu de bois, retirer les gros d\u00e9bris, pierres, papiers alu, charbon de bois\u00a0: bref, les d\u00e9bris qui flotteraient et ceux qui couleraient. L\u2019id\u00e9al est de pouvoir tamiser mais il faut avoir pr\u00e9vu son affaire et avoir emport\u00e9 dans la cantine un fin tamis.<\/p>\n<p style=\"text-align: justify;\">Touiller et laisser reposer de temps en temps et ceci pendant 1 ou 2 journ\u00e9es tant que de grosses bulles remontent \u00e0 la surface. Si des d\u00e9bris remontent, ou de la mousse grise, les retirer avec une \u00e9cumoire ou une petite passoire. si on laisse bien d\u00e9canter, les cendres lourdes tombent toutes au fond et le liquide jaune clair devient parfaitement limpide.<br \/>\nPour r\u00e9cup\u00e9rer ce liquide sans perturber la boue de cendres du fond on peut verser<\/p>\n<p style=\"text-align: justify;\">tr\u00e8s doucement mais la meilleure technique est de siphonner avec un mince tuyau souple en prenant garde de ne pas aspirer les boues.\u00a0 Si pendant cette op\u00e9ration le liquide s\u2019opacifie \u00e0 cause du remuage, cesser et laisser reposer quelques instants. on peut incliner doucement le seau pour augmenter la hauteur libre de liquide. Il n&rsquo;est pas idiot de se fabriquer un semblant d&rsquo;entonnoir et de filtre (haut de bouteille en plastique et vieille chaussette fine ou bas) cela arr\u00eatera les plus petits d\u00e9bris et le liquide de lessive sera plus \u00ab\u00a0app\u00e9tissant\u00a0\u00bb.<\/p>\n<p style=\"text-align: justify;\">Lorsqu\u2019il y a assez de liquide r\u00e9cup\u00e9r\u00e9, on peut jeter le d\u00e9p\u00f4t dans les fourr\u00e9s. Le liquide de lessive est devenu jaune et l\u00e9g\u00e8rement sirupeux. Si on n&rsquo;a pas filtr\u00e9 pendant la r\u00e9cup\u00e9ration il faut le faire \u00e0 ce moment et transvaser une nouvelle fois. Voici la m\u00e9thode pr\u00e9conis\u00e9e.<\/p>\n<p style=\"text-align: justify;\">A) verser le contenu de la gamelle dans un bidon \u00e0 l\u2019aide d\u2019un entonnoir (de cuisine ou fabriqu\u00e9 avec une \u00e9corce).<br \/>\nB) sur le goulot du bidon, ou dans l&rsquo;entonnoir, fixer une chaussette propre.<br \/>\nC) reverser le contenu du bidon dans la gamelle, la chaussette va agir comme un filtre (attention, \u00e7a tend \u00e0 couler un peu n\u2019importe o\u00f9, de l\u00e0 l\u2019int\u00e9r\u00eat de verser dans une gamelle assez grande).<br \/>\nD) recommencer l\u2019op\u00e9ration plusieurs fois s\u2019il y a lieu, en nettoyant la chaussette \u00e0 chaque fois. Si on est assez nombreux on peut utiliser un grand torchon tendu au-dessus de la gamelle pour le filtrage, c&rsquo;est plus simple que la chaussette et on n&rsquo;en met beaucoup moins \u00e0 c\u00f4t\u00e9. Pour aller plus vite on peut faire chauffer mod\u00e9r\u00e9ment\u00a0 la pr\u00e9paration, ainsi on peut tout faire dans la m\u00eame demi- journ\u00e9e.<\/p>\n<p style=\"text-align: justify;\">Il est recommand\u00e9 de traiter souvent de petites quantit\u00e9s de cendres plut\u00f4t que de faire une seule fois\u00a0 la m\u00e9ga production qui mobilise de gros moyens. Un simple quart de lessive peut laver les effets de plusieurs scouts.<\/p>\n<p style=\"text-align: justify;\">La lessive est pr\u00eate, elle fonctionne beaucoup mieux avec de l\u2019eau chaude. C\u2019est cette lessive qui peut \u00eatre utilis\u00e9e telle-quelle dans la machine \u00e0 laver de Maman (dans le petit compartiment \u00e0 lessive). Cependant il est pr\u00e9f\u00e9rable de mettre un peu de parfum dans cette \u00ab\u00a0lessive des bois\u00a0\u00bb qui ne sent rien. Un peu de lessive industrielle parfum\u00e9e fait l&rsquo;affaire, ou un peu d&rsquo;eau de Cologne, ou quelques gouttes d&rsquo;huiles essentielles, ou autres id\u00e9es \u00e0 tester. Au camp, le \u00ab\u00a0parfumage\u00a0\u00bb n&rsquo;est pas n\u00e9cessaire.<\/p>\n<p style=\"text-align: justify;\"><a href=\"#Haut\">Retour en haut<\/a><br \/>\n<em>page pr\u00e9c\u00e9dente: <a title=\"L\u2019art du feu\" href=\"http:\/\/arwann.com\/?page_id=1264\">l&rsquo;art du feu<\/a><\/em><br \/>\n<em>page suivante: <a title=\"Construire un four\" href=\"http:\/\/arwann.com\/?page_id=1321\">construire un four<\/a><br \/>\n<\/em><\/p>\n","protected":false},"excerpt":{"rendered":"<p>Par Lama. Le coin des scouts -&gt; Campisme Autrefois lorsque les scouts partaient en camp, dans leur sac \u00e0 dos ils emportaient A) du linge de rechange\u00a0; B) un sac de linge sale. Au retour du camp, une esp\u00e8ce de chose brune et sentant le jambon fum\u00e9 d\u00e9versait sur le carrelage de la buanderie, un &hellip; <a href=\"https:\/\/arwann.com\/?page_id=1309\" class=\"more-link\">Continuer la lecture de <span class=\"screen-reader-text\">Lessive et repassage au camp<\/span> <span class=\"meta-nav\">&rarr;<\/span><\/a><\/p>\n","protected":false},"author":1,"featured_media":0,"parent":347,"menu_order":0,"comment_status":"open","ping_status":"open","template":"","meta":{"footnotes":""},"class_list":["post-1309","page","type-page","status-publish","hentry"],"yoast_head":"<!-- This site is optimized with the Yoast SEO plugin v27.2 - https:\/\/yoast.com\/product\/yoast-seo-wordpress\/ -->\n<title>Lessive et repassage au camp -<\/title>\n<meta name=\"description\" content=\"lessive et repassage au camp scout\" \/>\n<meta name=\"robots\" content=\"index, follow, max-snippet:-1, max-image-preview:large, max-video-preview:-1\" \/>\n<link rel=\"canonical\" href=\"https:\/\/arwann.com\/?page_id=1309\" \/>\n<meta property=\"og:locale\" content=\"fr_FR\" \/>\n<meta property=\"og:type\" content=\"article\" \/>\n<meta property=\"og:title\" content=\"Lessive et repassage au camp -\" \/>\n<meta property=\"og:description\" content=\"lessive et repassage au camp scout\" \/>\n<meta property=\"og:url\" content=\"https:\/\/arwann.com\/?page_id=1309\" \/>\n<meta property=\"article:modified_time\" content=\"2020-04-09T09:21:33+00:00\" \/>\n<meta property=\"og:image\" content=\"http:\/\/arwann.com\/wp-content\/uploads\/2014\/04\/bouton-scout.png\" \/>\n<meta name=\"twitter:label1\" content=\"Dur\u00e9e de lecture estim\u00e9e\" \/>\n\t<meta name=\"twitter:data1\" content=\"10 minutes\" \/>\n<script type=\"application\/ld+json\" class=\"yoast-schema-graph\">{\"@context\":\"https:\/\/schema.org\",\"@graph\":[{\"@type\":\"WebPage\",\"@id\":\"https:\/\/arwann.com\/?page_id=1309\",\"url\":\"https:\/\/arwann.com\/?page_id=1309\",\"name\":\"Lessive et repassage au camp -\",\"isPartOf\":{\"@id\":\"https:\/\/arwann.com\/#website\"},\"primaryImageOfPage\":{\"@id\":\"https:\/\/arwann.com\/?page_id=1309#primaryimage\"},\"image\":{\"@id\":\"https:\/\/arwann.com\/?page_id=1309#primaryimage\"},\"thumbnailUrl\":\"http:\/\/arwann.com\/wp-content\/uploads\/2014\/04\/bouton-scout.png\",\"datePublished\":\"2014-05-14T10:14:33+00:00\",\"dateModified\":\"2020-04-09T09:21:33+00:00\",\"description\":\"lessive et repassage au camp scout\",\"breadcrumb\":{\"@id\":\"https:\/\/arwann.com\/?page_id=1309#breadcrumb\"},\"inLanguage\":\"fr-FR\",\"potentialAction\":[{\"@type\":\"ReadAction\",\"target\":[\"https:\/\/arwann.com\/?page_id=1309\"]}]},{\"@type\":\"ImageObject\",\"inLanguage\":\"fr-FR\",\"@id\":\"https:\/\/arwann.com\/?page_id=1309#primaryimage\",\"url\":\"https:\/\/arwann.com\/wp-content\/uploads\/2014\/04\/bouton-scout.png\",\"contentUrl\":\"https:\/\/arwann.com\/wp-content\/uploads\/2014\/04\/bouton-scout.png\",\"width\":400,\"height\":400},{\"@type\":\"BreadcrumbList\",\"@id\":\"https:\/\/arwann.com\/?page_id=1309#breadcrumb\",\"itemListElement\":[{\"@type\":\"ListItem\",\"position\":1,\"name\":\"Home\",\"item\":\"https:\/\/arwann.com\/\"},{\"@type\":\"ListItem\",\"position\":2,\"name\":\"Le coin des Scouts\",\"item\":\"https:\/\/arwann.com\/?page_id=29\"},{\"@type\":\"ListItem\",\"position\":3,\"name\":\"Campisme\",\"item\":\"https:\/\/arwann.com\/?page_id=347\"},{\"@type\":\"ListItem\",\"position\":4,\"name\":\"Lessive et repassage au camp\"}]},{\"@type\":\"WebSite\",\"@id\":\"https:\/\/arwann.com\/#website\",\"url\":\"https:\/\/arwann.com\/\",\"name\":\"Arwann.com\",\"description\":\"\",\"publisher\":{\"@id\":\"https:\/\/arwann.com\/#organization\"},\"potentialAction\":[{\"@type\":\"SearchAction\",\"target\":{\"@type\":\"EntryPoint\",\"urlTemplate\":\"https:\/\/arwann.com\/?s={search_term_string}\"},\"query-input\":{\"@type\":\"PropertyValueSpecification\",\"valueRequired\":true,\"valueName\":\"search_term_string\"}}],\"inLanguage\":\"fr-FR\"},{\"@type\":\"Organization\",\"@id\":\"https:\/\/arwann.com\/#organization\",\"name\":\"Arwann\",\"url\":\"https:\/\/arwann.com\/\",\"logo\":{\"@type\":\"ImageObject\",\"inLanguage\":\"fr-FR\",\"@id\":\"https:\/\/arwann.com\/#\/schema\/logo\/image\/\",\"url\":\"http:\/\/arwann.com\/wp-content\/uploads\/2014\/04\/cropped-bandeau-arwann-5.png\",\"contentUrl\":\"http:\/\/arwann.com\/wp-content\/uploads\/2014\/04\/cropped-bandeau-arwann-5.png\",\"width\":1600,\"height\":230,\"caption\":\"Arwann\"},\"image\":{\"@id\":\"https:\/\/arwann.com\/#\/schema\/logo\/image\/\"}}]}<\/script>\n<!-- \/ Yoast SEO plugin. -->","yoast_head_json":{"title":"Lessive et repassage au camp -","description":"lessive et repassage au camp scout","robots":{"index":"index","follow":"follow","max-snippet":"max-snippet:-1","max-image-preview":"max-image-preview:large","max-video-preview":"max-video-preview:-1"},"canonical":"https:\/\/arwann.com\/?page_id=1309","og_locale":"fr_FR","og_type":"article","og_title":"Lessive et repassage au camp -","og_description":"lessive et repassage au camp scout","og_url":"https:\/\/arwann.com\/?page_id=1309","article_modified_time":"2020-04-09T09:21:33+00:00","og_image":[{"url":"http:\/\/arwann.com\/wp-content\/uploads\/2014\/04\/bouton-scout.png","type":"","width":"","height":""}],"twitter_misc":{"Dur\u00e9e de lecture estim\u00e9e":"10 minutes"},"schema":{"@context":"https:\/\/schema.org","@graph":[{"@type":"WebPage","@id":"https:\/\/arwann.com\/?page_id=1309","url":"https:\/\/arwann.com\/?page_id=1309","name":"Lessive et repassage au camp -","isPartOf":{"@id":"https:\/\/arwann.com\/#website"},"primaryImageOfPage":{"@id":"https:\/\/arwann.com\/?page_id=1309#primaryimage"},"image":{"@id":"https:\/\/arwann.com\/?page_id=1309#primaryimage"},"thumbnailUrl":"http:\/\/arwann.com\/wp-content\/uploads\/2014\/04\/bouton-scout.png","datePublished":"2014-05-14T10:14:33+00:00","dateModified":"2020-04-09T09:21:33+00:00","description":"lessive et repassage au camp scout","breadcrumb":{"@id":"https:\/\/arwann.com\/?page_id=1309#breadcrumb"},"inLanguage":"fr-FR","potentialAction":[{"@type":"ReadAction","target":["https:\/\/arwann.com\/?page_id=1309"]}]},{"@type":"ImageObject","inLanguage":"fr-FR","@id":"https:\/\/arwann.com\/?page_id=1309#primaryimage","url":"https:\/\/arwann.com\/wp-content\/uploads\/2014\/04\/bouton-scout.png","contentUrl":"https:\/\/arwann.com\/wp-content\/uploads\/2014\/04\/bouton-scout.png","width":400,"height":400},{"@type":"BreadcrumbList","@id":"https:\/\/arwann.com\/?page_id=1309#breadcrumb","itemListElement":[{"@type":"ListItem","position":1,"name":"Home","item":"https:\/\/arwann.com\/"},{"@type":"ListItem","position":2,"name":"Le coin des Scouts","item":"https:\/\/arwann.com\/?page_id=29"},{"@type":"ListItem","position":3,"name":"Campisme","item":"https:\/\/arwann.com\/?page_id=347"},{"@type":"ListItem","position":4,"name":"Lessive et repassage au camp"}]},{"@type":"WebSite","@id":"https:\/\/arwann.com\/#website","url":"https:\/\/arwann.com\/","name":"Arwann.com","description":"","publisher":{"@id":"https:\/\/arwann.com\/#organization"},"potentialAction":[{"@type":"SearchAction","target":{"@type":"EntryPoint","urlTemplate":"https:\/\/arwann.com\/?s={search_term_string}"},"query-input":{"@type":"PropertyValueSpecification","valueRequired":true,"valueName":"search_term_string"}}],"inLanguage":"fr-FR"},{"@type":"Organization","@id":"https:\/\/arwann.com\/#organization","name":"Arwann","url":"https:\/\/arwann.com\/","logo":{"@type":"ImageObject","inLanguage":"fr-FR","@id":"https:\/\/arwann.com\/#\/schema\/logo\/image\/","url":"http:\/\/arwann.com\/wp-content\/uploads\/2014\/04\/cropped-bandeau-arwann-5.png","contentUrl":"http:\/\/arwann.com\/wp-content\/uploads\/2014\/04\/cropped-bandeau-arwann-5.png","width":1600,"height":230,"caption":"Arwann"},"image":{"@id":"https:\/\/arwann.com\/#\/schema\/logo\/image\/"}}]}},"_links":{"self":[{"href":"https:\/\/arwann.com\/index.php?rest_route=\/wp\/v2\/pages\/1309","targetHints":{"allow":["GET"]}}],"collection":[{"href":"https:\/\/arwann.com\/index.php?rest_route=\/wp\/v2\/pages"}],"about":[{"href":"https:\/\/arwann.com\/index.php?rest_route=\/wp\/v2\/types\/page"}],"author":[{"embeddable":true,"href":"https:\/\/arwann.com\/index.php?rest_route=\/wp\/v2\/users\/1"}],"replies":[{"embeddable":true,"href":"https:\/\/arwann.com\/index.php?rest_route=%2Fwp%2Fv2%2Fcomments&post=1309"}],"version-history":[{"count":17,"href":"https:\/\/arwann.com\/index.php?rest_route=\/wp\/v2\/pages\/1309\/revisions"}],"predecessor-version":[{"id":3799,"href":"https:\/\/arwann.com\/index.php?rest_route=\/wp\/v2\/pages\/1309\/revisions\/3799"}],"up":[{"embeddable":true,"href":"https:\/\/arwann.com\/index.php?rest_route=\/wp\/v2\/pages\/347"}],"wp:attachment":[{"href":"https:\/\/arwann.com\/index.php?rest_route=%2Fwp%2Fv2%2Fmedia&parent=1309"}],"curies":[{"name":"wp","href":"https:\/\/api.w.org\/{rel}","templated":true}]}}