{"id":121,"date":"2014-03-27T21:39:51","date_gmt":"2014-03-27T20:39:51","guid":{"rendered":"http:\/\/arwann.com\/?page_id=121"},"modified":"2020-04-16T17:05:17","modified_gmt":"2020-04-16T16:05:17","slug":"forestage-et-installations","status":"publish","type":"page","link":"https:\/\/arwann.com\/?page_id=121","title":{"rendered":"Forestage et installations"},"content":{"rendered":"<p><a href=\"http:\/\/arwann.com\/wp-content\/uploads\/2014\/04\/bouton-scout.png\"><img loading=\"lazy\" decoding=\"async\" class=\"alignright wp-image-892\" src=\"http:\/\/arwann.com\/wp-content\/uploads\/2014\/04\/bouton-scout.png\" alt=\"bouton scout\" width=\"200\" height=\"200\" srcset=\"https:\/\/arwann.com\/wp-content\/uploads\/2014\/04\/bouton-scout.png 400w, https:\/\/arwann.com\/wp-content\/uploads\/2014\/04\/bouton-scout-200x200.png 200w, https:\/\/arwann.com\/wp-content\/uploads\/2014\/04\/bouton-scout-100x100.png 100w, https:\/\/arwann.com\/wp-content\/uploads\/2014\/04\/bouton-scout-300x300.png 300w, https:\/\/arwann.com\/wp-content\/uploads\/2014\/04\/bouton-scout-150x150.png 150w\" sizes=\"auto, (max-width: 200px) 100vw, 200px\" \/><\/a><a title=\"Outils\" href=\"http:\/\/arwann.com\/?page_id=299\">Outils<\/a><br \/>\n<a title=\"La tenue\" href=\"http:\/\/arwann.com\/?page_id=579\">La tenue<\/a><br \/>\n<a title=\"Le chantier\" href=\"http:\/\/arwann.com\/?page_id=564\">Le chantier<\/a><br \/>\n<a title=\"Froissartage\" href=\"http:\/\/arwann.com\/?page_id=125\">Froissartage<\/a><a title=\"Mettre un coin dans un tenon\" href=\"http:\/\/arwann.com\/?page_id=253\"><br \/>\n<\/a><a title=\"Froissartage ou  Forestage\" href=\"http:\/\/arwann.com\/?page_id=131\">Froissartage ou\u00a0 Forestage<\/a><br \/>\n<a title=\"Esprit du Forestage\" href=\"http:\/\/arwann.com\/?page_id=135\">Esprit du Forestage<\/a><br \/>\n<a title=\"L\u2019assemblage Tenon-Mortaise\" href=\"http:\/\/arwann.com\/?page_id=303\">L&rsquo;assemblage tenon-mortaise<\/a><br \/>\n<a title=\"Le tenon\" href=\"http:\/\/arwann.com\/?page_id=228\">Le tenon<\/a><br \/>\n<a title=\"La mortaise\" href=\"http:\/\/arwann.com\/?page_id=251\">La mortaise<\/a><br \/>\n<a title=\"Mettre un coin dans un tenon\" href=\"http:\/\/arwann.com\/?page_id=253\">Mettre un coin dans un tenon<br \/>\n<\/a><a title=\"les Cadres et les Modules\" href=\"http:\/\/arwann.com\/?page_id=373\">les Cadres et les Modules<\/a><br \/>\n<a href=\"http:\/\/arwann.com\/?page_id=3813\">Construire les f\u00e9quinettes<\/a><br \/>\n<a title=\"Construire des bancs\" href=\"http:\/\/arwann.com\/?page_id=464\">Construire des bancs<\/a><br \/>\n<a title=\"Construire des tables\" href=\"http:\/\/arwann.com\/?page_id=1240\">Construire des tables<\/a><br \/>\n<a title=\"Les cuisines\" href=\"http:\/\/arwann.com\/?page_id=1293\">Les cuisines<\/a><br \/>\n<a href=\"http:\/\/arwann.com\/?page_id=2769\">Les tentes am\u00e9nag\u00e9es<\/a><br \/>\n<a title=\"Quels bois choisir ?\" href=\"http:\/\/arwann.com\/?page_id=2432\">Quels bois choisir ?<\/a><br \/>\n<a href=\"http:\/\/arwann.com\/?page_id=2626\">Comment couper<\/a><\/p>\n","protected":false},"excerpt":{"rendered":"<p>Outils La tenue Le chantier Froissartage Froissartage ou\u00a0 Forestage Esprit du Forestage L&rsquo;assemblage tenon-mortaise Le tenon La mortaise Mettre un coin dans un tenon les Cadres et les Modules Construire les f\u00e9quinettes Construire des bancs Construire des tables Les cuisines Les tentes am\u00e9nag\u00e9es Quels bois choisir ? Comment couper<\/p>\n","protected":false},"author":1,"featured_media":0,"parent":29,"menu_order":0,"comment_status":"closed","ping_status":"closed","template":"","meta":{"footnotes":""},"class_list":["post-121","page","type-page","status-publish","hentry"],"yoast_head":"<!-- This site is optimized with the Yoast SEO plugin v27.2 - https:\/\/yoast.com\/product\/yoast-seo-wordpress\/ -->\n<title>Forestage et installations -<\/title>\n<meta name=\"robots\" content=\"index, follow, max-snippet:-1, max-image-preview:large, max-video-preview:-1\" \/>\n<link rel=\"canonical\" href=\"https:\/\/arwann.com\/?page_id=121\" \/>\n<meta property=\"og:locale\" content=\"fr_FR\" \/>\n<meta property=\"og:type\" content=\"article\" \/>\n<meta property=\"og:title\" content=\"Forestage et installations -\" \/>\n<meta property=\"og:description\" content=\"Outils La tenue Le chantier Froissartage Froissartage ou\u00a0 Forestage Esprit du Forestage L&rsquo;assemblage tenon-mortaise Le tenon La mortaise Mettre un coin dans un tenon les Cadres et les Modules Construire les f\u00e9quinettes Construire des bancs Construire des tables Les cuisines Les tentes am\u00e9nag\u00e9es Quels bois choisir ? Comment couper\" \/>\n<meta property=\"og:url\" content=\"https:\/\/arwann.com\/?page_id=121\" \/>\n<meta property=\"article:modified_time\" content=\"2020-04-16T16:05:17+00:00\" \/>\n<meta property=\"og:image\" content=\"http:\/\/arwann.com\/wp-content\/uploads\/2014\/04\/bouton-scout.png\" \/>\n<script type=\"application\/ld+json\" class=\"yoast-schema-graph\">{\"@context\":\"https:\/\/schema.org\",\"@graph\":[{\"@type\":\"WebPage\",\"@id\":\"https:\/\/arwann.com\/?page_id=121\",\"url\":\"https:\/\/arwann.com\/?page_id=121\",\"name\":\"Forestage et installations -\",\"isPartOf\":{\"@id\":\"https:\/\/arwann.com\/#website\"},\"primaryImageOfPage\":{\"@id\":\"https:\/\/arwann.com\/?page_id=121#primaryimage\"},\"image\":{\"@id\":\"https:\/\/arwann.com\/?page_id=121#primaryimage\"},\"thumbnailUrl\":\"http:\/\/arwann.com\/wp-content\/uploads\/2014\/04\/bouton-scout.png\",\"datePublished\":\"2014-03-27T20:39:51+00:00\",\"dateModified\":\"2020-04-16T16:05:17+00:00\",\"breadcrumb\":{\"@id\":\"https:\/\/arwann.com\/?page_id=121#breadcrumb\"},\"inLanguage\":\"fr-FR\",\"potentialAction\":[{\"@type\":\"ReadAction\",\"target\":[\"https:\/\/arwann.com\/?page_id=121\"]}]},{\"@type\":\"ImageObject\",\"inLanguage\":\"fr-FR\",\"@id\":\"https:\/\/arwann.com\/?page_id=121#primaryimage\",\"url\":\"https:\/\/arwann.com\/wp-content\/uploads\/2014\/04\/bouton-scout.png\",\"contentUrl\":\"https:\/\/arwann.com\/wp-content\/uploads\/2014\/04\/bouton-scout.png\",\"width\":400,\"height\":400},{\"@type\":\"BreadcrumbList\",\"@id\":\"https:\/\/arwann.com\/?page_id=121#breadcrumb\",\"itemListElement\":[{\"@type\":\"ListItem\",\"position\":1,\"name\":\"Home\",\"item\":\"http:\/\/arwann.com\/\"},{\"@type\":\"ListItem\",\"position\":2,\"name\":\"Le coin des Scouts\",\"item\":\"http:\/\/arwann.com\/?page_id=29\"},{\"@type\":\"ListItem\",\"position\":3,\"name\":\"Forestage et installations\"}]},{\"@type\":\"WebSite\",\"@id\":\"https:\/\/arwann.com\/#website\",\"url\":\"https:\/\/arwann.com\/\",\"name\":\"Arwann.com\",\"description\":\"\",\"publisher\":{\"@id\":\"https:\/\/arwann.com\/#organization\"},\"potentialAction\":[{\"@type\":\"SearchAction\",\"target\":{\"@type\":\"EntryPoint\",\"urlTemplate\":\"https:\/\/arwann.com\/?s={search_term_string}\"},\"query-input\":{\"@type\":\"PropertyValueSpecification\",\"valueRequired\":true,\"valueName\":\"search_term_string\"}}],\"inLanguage\":\"fr-FR\"},{\"@type\":\"Organization\",\"@id\":\"https:\/\/arwann.com\/#organization\",\"name\":\"Arwann\",\"url\":\"https:\/\/arwann.com\/\",\"logo\":{\"@type\":\"ImageObject\",\"inLanguage\":\"fr-FR\",\"@id\":\"https:\/\/arwann.com\/#\/schema\/logo\/image\/\",\"url\":\"http:\/\/arwann.com\/wp-content\/uploads\/2014\/04\/cropped-bandeau-arwann-5.png\",\"contentUrl\":\"http:\/\/arwann.com\/wp-content\/uploads\/2014\/04\/cropped-bandeau-arwann-5.png\",\"width\":1600,\"height\":230,\"caption\":\"Arwann\"},\"image\":{\"@id\":\"https:\/\/arwann.com\/#\/schema\/logo\/image\/\"}}]}<\/script>\n<!-- \/ Yoast SEO plugin. -->","yoast_head_json":{"title":"Forestage et installations -","robots":{"index":"index","follow":"follow","max-snippet":"max-snippet:-1","max-image-preview":"max-image-preview:large","max-video-preview":"max-video-preview:-1"},"canonical":"https:\/\/arwann.com\/?page_id=121","og_locale":"fr_FR","og_type":"article","og_title":"Forestage et installations -","og_description":"Outils La tenue Le chantier Froissartage Froissartage ou\u00a0 Forestage Esprit du Forestage L&rsquo;assemblage tenon-mortaise Le tenon La mortaise Mettre un coin dans un tenon les Cadres et les Modules Construire les f\u00e9quinettes Construire des bancs Construire des tables Les cuisines Les tentes am\u00e9nag\u00e9es Quels bois choisir ? Comment couper","og_url":"https:\/\/arwann.com\/?page_id=121","article_modified_time":"2020-04-16T16:05:17+00:00","og_image":[{"url":"http:\/\/arwann.com\/wp-content\/uploads\/2014\/04\/bouton-scout.png","type":"","width":"","height":""}],"schema":{"@context":"https:\/\/schema.org","@graph":[{"@type":"WebPage","@id":"https:\/\/arwann.com\/?page_id=121","url":"https:\/\/arwann.com\/?page_id=121","name":"Forestage et installations -","isPartOf":{"@id":"https:\/\/arwann.com\/#website"},"primaryImageOfPage":{"@id":"https:\/\/arwann.com\/?page_id=121#primaryimage"},"image":{"@id":"https:\/\/arwann.com\/?page_id=121#primaryimage"},"thumbnailUrl":"http:\/\/arwann.com\/wp-content\/uploads\/2014\/04\/bouton-scout.png","datePublished":"2014-03-27T20:39:51+00:00","dateModified":"2020-04-16T16:05:17+00:00","breadcrumb":{"@id":"https:\/\/arwann.com\/?page_id=121#breadcrumb"},"inLanguage":"fr-FR","potentialAction":[{"@type":"ReadAction","target":["https:\/\/arwann.com\/?page_id=121"]}]},{"@type":"ImageObject","inLanguage":"fr-FR","@id":"https:\/\/arwann.com\/?page_id=121#primaryimage","url":"https:\/\/arwann.com\/wp-content\/uploads\/2014\/04\/bouton-scout.png","contentUrl":"https:\/\/arwann.com\/wp-content\/uploads\/2014\/04\/bouton-scout.png","width":400,"height":400},{"@type":"BreadcrumbList","@id":"https:\/\/arwann.com\/?page_id=121#breadcrumb","itemListElement":[{"@type":"ListItem","position":1,"name":"Home","item":"http:\/\/arwann.com\/"},{"@type":"ListItem","position":2,"name":"Le coin des Scouts","item":"http:\/\/arwann.com\/?page_id=29"},{"@type":"ListItem","position":3,"name":"Forestage et installations"}]},{"@type":"WebSite","@id":"https:\/\/arwann.com\/#website","url":"https:\/\/arwann.com\/","name":"Arwann.com","description":"","publisher":{"@id":"https:\/\/arwann.com\/#organization"},"potentialAction":[{"@type":"SearchAction","target":{"@type":"EntryPoint","urlTemplate":"https:\/\/arwann.com\/?s={search_term_string}"},"query-input":{"@type":"PropertyValueSpecification","valueRequired":true,"valueName":"search_term_string"}}],"inLanguage":"fr-FR"},{"@type":"Organization","@id":"https:\/\/arwann.com\/#organization","name":"Arwann","url":"https:\/\/arwann.com\/","logo":{"@type":"ImageObject","inLanguage":"fr-FR","@id":"https:\/\/arwann.com\/#\/schema\/logo\/image\/","url":"http:\/\/arwann.com\/wp-content\/uploads\/2014\/04\/cropped-bandeau-arwann-5.png","contentUrl":"http:\/\/arwann.com\/wp-content\/uploads\/2014\/04\/cropped-bandeau-arwann-5.png","width":1600,"height":230,"caption":"Arwann"},"image":{"@id":"https:\/\/arwann.com\/#\/schema\/logo\/image\/"}}]}},"_links":{"self":[{"href":"https:\/\/arwann.com\/index.php?rest_route=\/wp\/v2\/pages\/121","targetHints":{"allow":["GET"]}}],"collection":[{"href":"https:\/\/arwann.com\/index.php?rest_route=\/wp\/v2\/pages"}],"about":[{"href":"https:\/\/arwann.com\/index.php?rest_route=\/wp\/v2\/types\/page"}],"author":[{"embeddable":true,"href":"https:\/\/arwann.com\/index.php?rest_route=\/wp\/v2\/users\/1"}],"replies":[{"embeddable":true,"href":"https:\/\/arwann.com\/index.php?rest_route=%2Fwp%2Fv2%2Fcomments&post=121"}],"version-history":[{"count":36,"href":"https:\/\/arwann.com\/index.php?rest_route=\/wp\/v2\/pages\/121\/revisions"}],"predecessor-version":[{"id":3821,"href":"https:\/\/arwann.com\/index.php?rest_route=\/wp\/v2\/pages\/121\/revisions\/3821"}],"up":[{"embeddable":true,"href":"https:\/\/arwann.com\/index.php?rest_route=\/wp\/v2\/pages\/29"}],"wp:attachment":[{"href":"https:\/\/arwann.com\/index.php?rest_route=%2Fwp%2Fv2%2Fmedia&parent=121"}],"curies":[{"name":"wp","href":"https:\/\/api.w.org\/{rel}","templated":true}]}}