{"id":1187,"date":"2014-05-12T08:59:27","date_gmt":"2014-05-12T07:59:27","guid":{"rendered":"http:\/\/arwann.com\/?page_id=1187"},"modified":"2018-06-06T15:57:33","modified_gmt":"2018-06-06T14:57:33","slug":"organiser-laventure","status":"publish","type":"page","link":"https:\/\/arwann.com\/?page_id=1187","title":{"rendered":"Organiser l&rsquo;aventure"},"content":{"rendered":"<p><a href=\"http:\/\/arwann.com\/?page_id=3222\">Le lieu de camp<\/a><br \/>\n<a title=\"Forestage et vie au camp\" href=\"http:\/\/arwann.com\/?page_id=1037\">Forestage et vie au camp<\/a><a href=\"http:\/\/arwann.com\/?page_id=1037\"><img loading=\"lazy\" decoding=\"async\" class=\"alignright wp-image-601\" src=\"http:\/\/arwann.com\/wp-content\/uploads\/2014\/04\/baden_powell_portrait-Copie-300x300.png\" alt=\"baden_powell_portrait - Copie\" width=\"200\" height=\"200\" srcset=\"https:\/\/arwann.com\/wp-content\/uploads\/2014\/04\/baden_powell_portrait-Copie-300x300.png 300w, https:\/\/arwann.com\/wp-content\/uploads\/2014\/04\/baden_powell_portrait-Copie-200x200.png 200w, https:\/\/arwann.com\/wp-content\/uploads\/2014\/04\/baden_powell_portrait-Copie-100x100.png 100w, https:\/\/arwann.com\/wp-content\/uploads\/2014\/04\/baden_powell_portrait-Copie-150x150.png 150w, https:\/\/arwann.com\/wp-content\/uploads\/2014\/04\/baden_powell_portrait-Copie.png 400w\" sizes=\"auto, (max-width: 200px) 100vw, 200px\" \/><\/a><br \/>\n<a title=\"Monter un m\u00e9ga grand-jeu\" href=\"http:\/\/arwann.com\/?page_id=1135\">Monter un m\u00e9ga grand-jeu<\/a><br \/>\n<a title=\"Topagraphie \/ orientation (2)\" href=\"http:\/\/arwann.com\/?page_id=1502\">Topographie\/orientation<\/a><br \/>\n<a title=\"Croquis Panoramique et Topographique\" href=\"http:\/\/arwann.com\/?page_id=1751\">Croquis pano &amp; Croquis Topo<\/a><br \/>\nl&rsquo;explo<br \/>\n<a title=\"L\u2019intendance, un poste cl\u00e9\" href=\"http:\/\/arwann.com\/?page_id=2110\">L&rsquo;intendance<\/a><br \/>\n<a title=\"Descente de rivi\u00e8re\" href=\"http:\/\/arwann.com\/?page_id=1872\">Descente de rivi\u00e8re<\/a><br \/>\n<a title=\"Les journ\u00e9es \u00ab\u00a0traditionnelles\u00a0\u00bb du camp\" href=\"http:\/\/arwann.com\/?page_id=1997\">Les Journ\u00e9es \u00ab\u00a0traditionnelles\u00a0\u00bb du camp<\/a><br \/>\n<a title=\"La veill\u00e9e, du point du vue des chefs\" href=\"http:\/\/arwann.com\/?page_id=2555\">La veill\u00e9e, vie et communion de l&rsquo;unit\u00e9<br \/>\n<\/a><a href=\"http:\/\/arwann.com\/?page_id=3322\">Un v\u00e9hicule au camp ?<\/a><\/p>\n","protected":false},"excerpt":{"rendered":"<p>Le lieu de camp Forestage et vie au camp Monter un m\u00e9ga grand-jeu Topographie\/orientation Croquis pano &amp; Croquis Topo l&rsquo;explo L&rsquo;intendance Descente de rivi\u00e8re Les Journ\u00e9es \u00ab\u00a0traditionnelles\u00a0\u00bb du camp La veill\u00e9e, vie et communion de l&rsquo;unit\u00e9 Un v\u00e9hicule au camp ?<\/p>\n","protected":false},"author":1,"featured_media":0,"parent":33,"menu_order":0,"comment_status":"closed","ping_status":"closed","template":"","meta":{"footnotes":""},"class_list":["post-1187","page","type-page","status-publish","hentry"],"yoast_head":"<!-- This site is optimized with the Yoast SEO plugin v27.2 - https:\/\/yoast.com\/product\/yoast-seo-wordpress\/ -->\n<title>Organiser l&#039;aventure -<\/title>\n<meta name=\"robots\" content=\"index, follow, max-snippet:-1, max-image-preview:large, max-video-preview:-1\" \/>\n<link rel=\"canonical\" href=\"https:\/\/arwann.com\/?page_id=1187\" \/>\n<meta property=\"og:locale\" content=\"fr_FR\" \/>\n<meta property=\"og:type\" content=\"article\" \/>\n<meta property=\"og:title\" content=\"Organiser l&#039;aventure -\" \/>\n<meta property=\"og:description\" content=\"Le lieu de camp Forestage et vie au camp Monter un m\u00e9ga grand-jeu Topographie\/orientation Croquis pano &amp; Croquis Topo l&rsquo;explo L&rsquo;intendance Descente de rivi\u00e8re Les Journ\u00e9es \u00ab\u00a0traditionnelles\u00a0\u00bb du camp La veill\u00e9e, vie et communion de l&rsquo;unit\u00e9 Un v\u00e9hicule au camp ?\" \/>\n<meta property=\"og:url\" content=\"https:\/\/arwann.com\/?page_id=1187\" \/>\n<meta property=\"article:modified_time\" content=\"2018-06-06T14:57:33+00:00\" \/>\n<meta property=\"og:image\" content=\"http:\/\/arwann.com\/wp-content\/uploads\/2014\/04\/baden_powell_portrait-Copie-300x300.png\" \/>\n<script type=\"application\/ld+json\" class=\"yoast-schema-graph\">{\"@context\":\"https:\/\/schema.org\",\"@graph\":[{\"@type\":\"WebPage\",\"@id\":\"https:\/\/arwann.com\/?page_id=1187\",\"url\":\"https:\/\/arwann.com\/?page_id=1187\",\"name\":\"Organiser l'aventure -\",\"isPartOf\":{\"@id\":\"https:\/\/arwann.com\/#website\"},\"primaryImageOfPage\":{\"@id\":\"https:\/\/arwann.com\/?page_id=1187#primaryimage\"},\"image\":{\"@id\":\"https:\/\/arwann.com\/?page_id=1187#primaryimage\"},\"thumbnailUrl\":\"http:\/\/arwann.com\/wp-content\/uploads\/2014\/04\/baden_powell_portrait-Copie-300x300.png\",\"datePublished\":\"2014-05-12T07:59:27+00:00\",\"dateModified\":\"2018-06-06T14:57:33+00:00\",\"breadcrumb\":{\"@id\":\"https:\/\/arwann.com\/?page_id=1187#breadcrumb\"},\"inLanguage\":\"fr-FR\",\"potentialAction\":[{\"@type\":\"ReadAction\",\"target\":[\"https:\/\/arwann.com\/?page_id=1187\"]}]},{\"@type\":\"ImageObject\",\"inLanguage\":\"fr-FR\",\"@id\":\"https:\/\/arwann.com\/?page_id=1187#primaryimage\",\"url\":\"https:\/\/arwann.com\/wp-content\/uploads\/2014\/04\/baden_powell_portrait-Copie.png\",\"contentUrl\":\"https:\/\/arwann.com\/wp-content\/uploads\/2014\/04\/baden_powell_portrait-Copie.png\",\"width\":400,\"height\":400},{\"@type\":\"BreadcrumbList\",\"@id\":\"https:\/\/arwann.com\/?page_id=1187#breadcrumb\",\"itemListElement\":[{\"@type\":\"ListItem\",\"position\":1,\"name\":\"Home\",\"item\":\"https:\/\/arwann.com\/\"},{\"@type\":\"ListItem\",\"position\":2,\"name\":\"Le Kr\u00e2al\",\"item\":\"https:\/\/arwann.com\/?page_id=33\"},{\"@type\":\"ListItem\",\"position\":3,\"name\":\"Organiser l&rsquo;aventure\"}]},{\"@type\":\"WebSite\",\"@id\":\"https:\/\/arwann.com\/#website\",\"url\":\"https:\/\/arwann.com\/\",\"name\":\"Arwann.com\",\"description\":\"\",\"publisher\":{\"@id\":\"https:\/\/arwann.com\/#organization\"},\"potentialAction\":[{\"@type\":\"SearchAction\",\"target\":{\"@type\":\"EntryPoint\",\"urlTemplate\":\"https:\/\/arwann.com\/?s={search_term_string}\"},\"query-input\":{\"@type\":\"PropertyValueSpecification\",\"valueRequired\":true,\"valueName\":\"search_term_string\"}}],\"inLanguage\":\"fr-FR\"},{\"@type\":\"Organization\",\"@id\":\"https:\/\/arwann.com\/#organization\",\"name\":\"Arwann\",\"url\":\"https:\/\/arwann.com\/\",\"logo\":{\"@type\":\"ImageObject\",\"inLanguage\":\"fr-FR\",\"@id\":\"https:\/\/arwann.com\/#\/schema\/logo\/image\/\",\"url\":\"http:\/\/arwann.com\/wp-content\/uploads\/2014\/04\/cropped-bandeau-arwann-5.png\",\"contentUrl\":\"http:\/\/arwann.com\/wp-content\/uploads\/2014\/04\/cropped-bandeau-arwann-5.png\",\"width\":1600,\"height\":230,\"caption\":\"Arwann\"},\"image\":{\"@id\":\"https:\/\/arwann.com\/#\/schema\/logo\/image\/\"}}]}<\/script>\n<!-- \/ Yoast SEO plugin. -->","yoast_head_json":{"title":"Organiser l'aventure -","robots":{"index":"index","follow":"follow","max-snippet":"max-snippet:-1","max-image-preview":"max-image-preview:large","max-video-preview":"max-video-preview:-1"},"canonical":"https:\/\/arwann.com\/?page_id=1187","og_locale":"fr_FR","og_type":"article","og_title":"Organiser l'aventure -","og_description":"Le lieu de camp Forestage et vie au camp Monter un m\u00e9ga grand-jeu Topographie\/orientation Croquis pano &amp; Croquis Topo l&rsquo;explo L&rsquo;intendance Descente de rivi\u00e8re Les Journ\u00e9es \u00ab\u00a0traditionnelles\u00a0\u00bb du camp La veill\u00e9e, vie et communion de l&rsquo;unit\u00e9 Un v\u00e9hicule au camp ?","og_url":"https:\/\/arwann.com\/?page_id=1187","article_modified_time":"2018-06-06T14:57:33+00:00","og_image":[{"url":"http:\/\/arwann.com\/wp-content\/uploads\/2014\/04\/baden_powell_portrait-Copie-300x300.png","type":"","width":"","height":""}],"schema":{"@context":"https:\/\/schema.org","@graph":[{"@type":"WebPage","@id":"https:\/\/arwann.com\/?page_id=1187","url":"https:\/\/arwann.com\/?page_id=1187","name":"Organiser l'aventure -","isPartOf":{"@id":"https:\/\/arwann.com\/#website"},"primaryImageOfPage":{"@id":"https:\/\/arwann.com\/?page_id=1187#primaryimage"},"image":{"@id":"https:\/\/arwann.com\/?page_id=1187#primaryimage"},"thumbnailUrl":"http:\/\/arwann.com\/wp-content\/uploads\/2014\/04\/baden_powell_portrait-Copie-300x300.png","datePublished":"2014-05-12T07:59:27+00:00","dateModified":"2018-06-06T14:57:33+00:00","breadcrumb":{"@id":"https:\/\/arwann.com\/?page_id=1187#breadcrumb"},"inLanguage":"fr-FR","potentialAction":[{"@type":"ReadAction","target":["https:\/\/arwann.com\/?page_id=1187"]}]},{"@type":"ImageObject","inLanguage":"fr-FR","@id":"https:\/\/arwann.com\/?page_id=1187#primaryimage","url":"https:\/\/arwann.com\/wp-content\/uploads\/2014\/04\/baden_powell_portrait-Copie.png","contentUrl":"https:\/\/arwann.com\/wp-content\/uploads\/2014\/04\/baden_powell_portrait-Copie.png","width":400,"height":400},{"@type":"BreadcrumbList","@id":"https:\/\/arwann.com\/?page_id=1187#breadcrumb","itemListElement":[{"@type":"ListItem","position":1,"name":"Home","item":"https:\/\/arwann.com\/"},{"@type":"ListItem","position":2,"name":"Le Kr\u00e2al","item":"https:\/\/arwann.com\/?page_id=33"},{"@type":"ListItem","position":3,"name":"Organiser l&rsquo;aventure"}]},{"@type":"WebSite","@id":"https:\/\/arwann.com\/#website","url":"https:\/\/arwann.com\/","name":"Arwann.com","description":"","publisher":{"@id":"https:\/\/arwann.com\/#organization"},"potentialAction":[{"@type":"SearchAction","target":{"@type":"EntryPoint","urlTemplate":"https:\/\/arwann.com\/?s={search_term_string}"},"query-input":{"@type":"PropertyValueSpecification","valueRequired":true,"valueName":"search_term_string"}}],"inLanguage":"fr-FR"},{"@type":"Organization","@id":"https:\/\/arwann.com\/#organization","name":"Arwann","url":"https:\/\/arwann.com\/","logo":{"@type":"ImageObject","inLanguage":"fr-FR","@id":"https:\/\/arwann.com\/#\/schema\/logo\/image\/","url":"http:\/\/arwann.com\/wp-content\/uploads\/2014\/04\/cropped-bandeau-arwann-5.png","contentUrl":"http:\/\/arwann.com\/wp-content\/uploads\/2014\/04\/cropped-bandeau-arwann-5.png","width":1600,"height":230,"caption":"Arwann"},"image":{"@id":"https:\/\/arwann.com\/#\/schema\/logo\/image\/"}}]}},"_links":{"self":[{"href":"https:\/\/arwann.com\/index.php?rest_route=\/wp\/v2\/pages\/1187","targetHints":{"allow":["GET"]}}],"collection":[{"href":"https:\/\/arwann.com\/index.php?rest_route=\/wp\/v2\/pages"}],"about":[{"href":"https:\/\/arwann.com\/index.php?rest_route=\/wp\/v2\/types\/page"}],"author":[{"embeddable":true,"href":"https:\/\/arwann.com\/index.php?rest_route=\/wp\/v2\/users\/1"}],"replies":[{"embeddable":true,"href":"https:\/\/arwann.com\/index.php?rest_route=%2Fwp%2Fv2%2Fcomments&post=1187"}],"version-history":[{"count":26,"href":"https:\/\/arwann.com\/index.php?rest_route=\/wp\/v2\/pages\/1187\/revisions"}],"predecessor-version":[{"id":3333,"href":"https:\/\/arwann.com\/index.php?rest_route=\/wp\/v2\/pages\/1187\/revisions\/3333"}],"up":[{"embeddable":true,"href":"https:\/\/arwann.com\/index.php?rest_route=\/wp\/v2\/pages\/33"}],"wp:attachment":[{"href":"https:\/\/arwann.com\/index.php?rest_route=%2Fwp%2Fv2%2Fmedia&parent=1187"}],"curies":[{"name":"wp","href":"https:\/\/api.w.org\/{rel}","templated":true}]}}