{"id":1089,"date":"2014-04-23T12:32:55","date_gmt":"2014-04-23T11:32:55","guid":{"rendered":"http:\/\/arwann.com\/?page_id=1089"},"modified":"2014-04-23T12:38:45","modified_gmt":"2014-04-23T11:38:45","slug":"mot-passe-perdu","status":"publish","type":"page","link":"https:\/\/arwann.com\/?page_id=1089","title":{"rendered":"mot de passe perdu"},"content":{"rendered":"<p>Apr\u00e8s 3 \u00e9checs de connexion, l&rsquo;acc\u00e8s \u00e0 la section sachem est bloqu\u00e9e pour un certain temps. R\u00e9essaye donc plus tard.<\/p>\n<p>Si tu as vraiment oubli\u00e9 ton mot de passe, remplis le formulaire ci dessous:<\/p>\n\n<div class=\"wpcf7 no-js\" id=\"wpcf7-f1091-o1\" lang=\"fr-FR\" dir=\"ltr\" data-wpcf7-id=\"1091\">\n<div class=\"screen-reader-response\"><p role=\"status\" aria-live=\"polite\" aria-atomic=\"true\"><\/p> <ul><\/ul><\/div>\n<form action=\"\/index.php?rest_route=%2Fwp%2Fv2%2Fpages%2F1089#wpcf7-f1091-o1\" method=\"post\" class=\"wpcf7-form init\" aria-label=\"Formulaire de contact\" novalidate=\"novalidate\" data-status=\"init\">\n<fieldset class=\"hidden-fields-container\"><input type=\"hidden\" name=\"_wpcf7\" value=\"1091\" \/><input type=\"hidden\" name=\"_wpcf7_version\" value=\"6.1.5\" \/><input type=\"hidden\" name=\"_wpcf7_locale\" value=\"fr_FR\" \/><input type=\"hidden\" name=\"_wpcf7_unit_tag\" value=\"wpcf7-f1091-o1\" \/><input type=\"hidden\" name=\"_wpcf7_container_post\" value=\"0\" \/><input type=\"hidden\" name=\"_wpcf7_posted_data_hash\" value=\"\" \/>\n<\/fieldset>\n<p>ton login\n<\/p>\n<p><span class=\"wpcf7-form-control-wrap\" data-name=\"your-name\"><input size=\"40\" maxlength=\"400\" class=\"wpcf7-form-control wpcf7-text wpcf7-validates-as-required\" aria-required=\"true\" aria-invalid=\"false\" value=\"\" type=\"text\" name=\"your-name\" \/><\/span>\n<\/p>\n<p>ton totem\n<\/p>\n<p><span class=\"wpcf7-form-control-wrap\" data-name=\"your-tot\"><input size=\"40\" maxlength=\"400\" class=\"wpcf7-form-control wpcf7-text wpcf7-validates-as-required\" aria-required=\"true\" aria-invalid=\"false\" value=\"\" type=\"text\" name=\"your-tot\" \/><\/span>\n<\/p>\n<p>ton email\n<\/p>\n<p><span class=\"wpcf7-form-control-wrap\" data-name=\"your-email\"><input size=\"40\" maxlength=\"400\" class=\"wpcf7-form-control wpcf7-email wpcf7-validates-as-required wpcf7-text wpcf7-validates-as-email\" aria-required=\"true\" aria-invalid=\"false\" value=\"\" type=\"email\" name=\"your-email\" \/><\/span>\n<\/p>\n<p>ann\u00e9e de tot\u00e9misation\n<\/p>\n<p><span class=\"wpcf7-form-control-wrap\" data-name=\"annee\"><input size=\"40\" maxlength=\"400\" class=\"wpcf7-form-control wpcf7-text wpcf7-validates-as-required\" aria-required=\"true\" aria-invalid=\"false\" value=\"\" type=\"text\" name=\"annee\" \/><\/span>\n<\/p>\n<p><input class=\"wpcf7-form-control wpcf7-submit has-spinner\" type=\"submit\" value=\"Envoyer\" \/>\n<\/p><p style=\"display: none !important;\" class=\"akismet-fields-container\" data-prefix=\"_wpcf7_ak_\"><label>&#916;<textarea name=\"_wpcf7_ak_hp_textarea\" cols=\"45\" rows=\"8\" maxlength=\"100\"><\/textarea><\/label><input type=\"hidden\" id=\"ak_js_1\" name=\"_wpcf7_ak_js\" value=\"174\"\/><script>document.getElementById( \"ak_js_1\" ).setAttribute( \"value\", ( new Date() ).getTime() );<\/script><\/p><input type='hidden' class='wpcf7-pum' value='{\"closepopup\":false,\"closedelay\":0,\"openpopup\":false,\"openpopup_id\":0}' \/><div class=\"wpcf7-response-output\" aria-hidden=\"true\"><\/div>\n<\/form>\n<\/div>\n\n","protected":false},"excerpt":{"rendered":"<p>Apr\u00e8s 3 \u00e9checs de connexion, l&rsquo;acc\u00e8s \u00e0 la section sachem est bloqu\u00e9e pour un certain temps. R\u00e9essaye donc plus tard. Si tu as vraiment oubli\u00e9 ton mot de passe, remplis le formulaire ci dessous:<\/p>\n","protected":false},"author":1,"featured_media":0,"parent":206,"menu_order":0,"comment_status":"open","ping_status":"open","template":"","meta":{"footnotes":""},"class_list":["post-1089","page","type-page","status-publish","hentry"],"yoast_head":"<!-- This site is optimized with the Yoast SEO plugin v27.2 - https:\/\/yoast.com\/product\/yoast-seo-wordpress\/ -->\n<title>mot de passe perdu -<\/title>\n<meta name=\"robots\" content=\"index, follow, max-snippet:-1, max-image-preview:large, max-video-preview:-1\" \/>\n<link rel=\"canonical\" href=\"https:\/\/arwann.com\/?page_id=1089\" \/>\n<meta property=\"og:locale\" content=\"fr_FR\" \/>\n<meta property=\"og:type\" content=\"article\" \/>\n<meta property=\"og:title\" content=\"mot de passe perdu -\" \/>\n<meta property=\"og:description\" content=\"Apr\u00e8s 3 \u00e9checs de connexion, l&rsquo;acc\u00e8s \u00e0 la section sachem est bloqu\u00e9e pour un certain temps. R\u00e9essaye donc plus tard. Si tu as vraiment oubli\u00e9 ton mot de passe, remplis le formulaire ci dessous:\" \/>\n<meta property=\"og:url\" content=\"https:\/\/arwann.com\/?page_id=1089\" \/>\n<meta property=\"article:modified_time\" content=\"2014-04-23T11:38:45+00:00\" \/>\n<script type=\"application\/ld+json\" class=\"yoast-schema-graph\">{\"@context\":\"https:\/\/schema.org\",\"@graph\":[{\"@type\":\"WebPage\",\"@id\":\"https:\/\/arwann.com\/?page_id=1089\",\"url\":\"https:\/\/arwann.com\/?page_id=1089\",\"name\":\"mot de passe perdu -\",\"isPartOf\":{\"@id\":\"https:\/\/arwann.com\/#website\"},\"datePublished\":\"2014-04-23T11:32:55+00:00\",\"dateModified\":\"2014-04-23T11:38:45+00:00\",\"breadcrumb\":{\"@id\":\"https:\/\/arwann.com\/?page_id=1089#breadcrumb\"},\"inLanguage\":\"fr-FR\",\"potentialAction\":[{\"@type\":\"ReadAction\",\"target\":[\"https:\/\/arwann.com\/?page_id=1089\"]}]},{\"@type\":\"BreadcrumbList\",\"@id\":\"https:\/\/arwann.com\/?page_id=1089#breadcrumb\",\"itemListElement\":[{\"@type\":\"ListItem\",\"position\":1,\"name\":\"Home\",\"item\":\"http:\/\/arwann.com\/\"},{\"@type\":\"ListItem\",\"position\":2,\"name\":\"Sachem\",\"item\":\"https:\/\/arwann.com\/?page_id=206\"},{\"@type\":\"ListItem\",\"position\":3,\"name\":\"mot de passe perdu\"}]},{\"@type\":\"WebSite\",\"@id\":\"https:\/\/arwann.com\/#website\",\"url\":\"https:\/\/arwann.com\/\",\"name\":\"Arwann.com\",\"description\":\"\",\"publisher\":{\"@id\":\"https:\/\/arwann.com\/#organization\"},\"potentialAction\":[{\"@type\":\"SearchAction\",\"target\":{\"@type\":\"EntryPoint\",\"urlTemplate\":\"https:\/\/arwann.com\/?s={search_term_string}\"},\"query-input\":{\"@type\":\"PropertyValueSpecification\",\"valueRequired\":true,\"valueName\":\"search_term_string\"}}],\"inLanguage\":\"fr-FR\"},{\"@type\":\"Organization\",\"@id\":\"https:\/\/arwann.com\/#organization\",\"name\":\"Arwann\",\"url\":\"https:\/\/arwann.com\/\",\"logo\":{\"@type\":\"ImageObject\",\"inLanguage\":\"fr-FR\",\"@id\":\"https:\/\/arwann.com\/#\/schema\/logo\/image\/\",\"url\":\"http:\/\/arwann.com\/wp-content\/uploads\/2014\/04\/cropped-bandeau-arwann-5.png\",\"contentUrl\":\"http:\/\/arwann.com\/wp-content\/uploads\/2014\/04\/cropped-bandeau-arwann-5.png\",\"width\":1600,\"height\":230,\"caption\":\"Arwann\"},\"image\":{\"@id\":\"https:\/\/arwann.com\/#\/schema\/logo\/image\/\"}}]}<\/script>\n<!-- \/ Yoast SEO plugin. -->","yoast_head_json":{"title":"mot de passe perdu -","robots":{"index":"index","follow":"follow","max-snippet":"max-snippet:-1","max-image-preview":"max-image-preview:large","max-video-preview":"max-video-preview:-1"},"canonical":"https:\/\/arwann.com\/?page_id=1089","og_locale":"fr_FR","og_type":"article","og_title":"mot de passe perdu -","og_description":"Apr\u00e8s 3 \u00e9checs de connexion, l&rsquo;acc\u00e8s \u00e0 la section sachem est bloqu\u00e9e pour un certain temps. R\u00e9essaye donc plus tard. Si tu as vraiment oubli\u00e9 ton mot de passe, remplis le formulaire ci dessous:","og_url":"https:\/\/arwann.com\/?page_id=1089","article_modified_time":"2014-04-23T11:38:45+00:00","schema":{"@context":"https:\/\/schema.org","@graph":[{"@type":"WebPage","@id":"https:\/\/arwann.com\/?page_id=1089","url":"https:\/\/arwann.com\/?page_id=1089","name":"mot de passe perdu -","isPartOf":{"@id":"https:\/\/arwann.com\/#website"},"datePublished":"2014-04-23T11:32:55+00:00","dateModified":"2014-04-23T11:38:45+00:00","breadcrumb":{"@id":"https:\/\/arwann.com\/?page_id=1089#breadcrumb"},"inLanguage":"fr-FR","potentialAction":[{"@type":"ReadAction","target":["https:\/\/arwann.com\/?page_id=1089"]}]},{"@type":"BreadcrumbList","@id":"https:\/\/arwann.com\/?page_id=1089#breadcrumb","itemListElement":[{"@type":"ListItem","position":1,"name":"Home","item":"http:\/\/arwann.com\/"},{"@type":"ListItem","position":2,"name":"Sachem","item":"https:\/\/arwann.com\/?page_id=206"},{"@type":"ListItem","position":3,"name":"mot de passe perdu"}]},{"@type":"WebSite","@id":"https:\/\/arwann.com\/#website","url":"https:\/\/arwann.com\/","name":"Arwann.com","description":"","publisher":{"@id":"https:\/\/arwann.com\/#organization"},"potentialAction":[{"@type":"SearchAction","target":{"@type":"EntryPoint","urlTemplate":"https:\/\/arwann.com\/?s={search_term_string}"},"query-input":{"@type":"PropertyValueSpecification","valueRequired":true,"valueName":"search_term_string"}}],"inLanguage":"fr-FR"},{"@type":"Organization","@id":"https:\/\/arwann.com\/#organization","name":"Arwann","url":"https:\/\/arwann.com\/","logo":{"@type":"ImageObject","inLanguage":"fr-FR","@id":"https:\/\/arwann.com\/#\/schema\/logo\/image\/","url":"http:\/\/arwann.com\/wp-content\/uploads\/2014\/04\/cropped-bandeau-arwann-5.png","contentUrl":"http:\/\/arwann.com\/wp-content\/uploads\/2014\/04\/cropped-bandeau-arwann-5.png","width":1600,"height":230,"caption":"Arwann"},"image":{"@id":"https:\/\/arwann.com\/#\/schema\/logo\/image\/"}}]}},"_links":{"self":[{"href":"https:\/\/arwann.com\/index.php?rest_route=\/wp\/v2\/pages\/1089","targetHints":{"allow":["GET"]}}],"collection":[{"href":"https:\/\/arwann.com\/index.php?rest_route=\/wp\/v2\/pages"}],"about":[{"href":"https:\/\/arwann.com\/index.php?rest_route=\/wp\/v2\/types\/page"}],"author":[{"embeddable":true,"href":"https:\/\/arwann.com\/index.php?rest_route=\/wp\/v2\/users\/1"}],"replies":[{"embeddable":true,"href":"https:\/\/arwann.com\/index.php?rest_route=%2Fwp%2Fv2%2Fcomments&post=1089"}],"version-history":[{"count":2,"href":"https:\/\/arwann.com\/index.php?rest_route=\/wp\/v2\/pages\/1089\/revisions"}],"predecessor-version":[{"id":1092,"href":"https:\/\/arwann.com\/index.php?rest_route=\/wp\/v2\/pages\/1089\/revisions\/1092"}],"up":[{"embeddable":true,"href":"https:\/\/arwann.com\/index.php?rest_route=\/wp\/v2\/pages\/206"}],"wp:attachment":[{"href":"https:\/\/arwann.com\/index.php?rest_route=%2Fwp%2Fv2%2Fmedia&parent=1089"}],"curies":[{"name":"wp","href":"https:\/\/api.w.org\/{rel}","templated":true}]}}