{"id":4087,"date":"2023-11-29T15:05:04","date_gmt":"2023-11-29T14:05:04","guid":{"rendered":"http:\/\/arwann.com\/?post_type=product&#038;p=4087"},"modified":"2023-11-29T15:15:50","modified_gmt":"2023-11-29T14:15:50","slug":"kimberley-20e","status":"publish","type":"product","link":"http:\/\/arwann.com\/?product=kimberley-20e","title":{"rendered":"Kimberley (20\u20ac)"},"content":{"rendered":"<p><strong><em>Kimberley<\/em><\/strong> est un roman de la collection <strong>Foulard Rouge <\/strong>qui s\u2019adresse aux jeunes \u00e0 partir de 17 ans.<\/p>\n<p>412 pages,<br \/>\nFormat: 14 x 20,5 cm<\/p>\n<p><span style=\"color: #993300;\"><strong>20\u20ac<\/strong><\/span><\/p>\n<p><img loading=\"lazy\" decoding=\"async\" class=\"alignnone size-full wp-image-4086\" src=\"http:\/\/arwann.com\/wp-content\/uploads\/2023\/11\/Kimberley-livre.png\" alt=\"\" width=\"2631\" height=\"3090\" srcset=\"http:\/\/arwann.com\/wp-content\/uploads\/2023\/11\/Kimberley-livre.png 2631w, http:\/\/arwann.com\/wp-content\/uploads\/2023\/11\/Kimberley-livre-255x300.png 255w, http:\/\/arwann.com\/wp-content\/uploads\/2023\/11\/Kimberley-livre-872x1024.png 872w, http:\/\/arwann.com\/wp-content\/uploads\/2023\/11\/Kimberley-livre-768x902.png 768w, http:\/\/arwann.com\/wp-content\/uploads\/2023\/11\/Kimberley-livre-1308x1536.png 1308w, http:\/\/arwann.com\/wp-content\/uploads\/2023\/11\/Kimberley-livre-1744x2048.png 1744w, http:\/\/arwann.com\/wp-content\/uploads\/2023\/11\/Kimberley-livre-300x352.png 300w\" sizes=\"auto, (max-width: 2631px) 100vw, 2631px\" \/><\/p>\n<p>&nbsp;<\/p>\n<p>&nbsp;<\/p>\n","protected":false},"excerpt":{"rendered":"<div data-ogsc=\"rgb(0, 0, 0)\">\n<p><strong>R\u00c9SUM\u00c9<\/strong><\/p>\n<p>Dans <strong><em>La Petite Croix de Laponie<\/em><\/strong>, on se souvient que S\u00e9bastien \u2013 second de la patrouille du H\u00e9risson dans la troupe de Rosnay campant cette ann\u00e9e en Laponie finlandaise \u2013 avait rencontr\u00e9 Kim \u2013 une jeune Allemande voyageant en touristes avec sa famille \u2013 et qu\u2019ensemble ils avaient \u00e9t\u00e9 enlev\u00e9s par des bandits russes qui passaient en Russie des motor-homes vol\u00e9s \u00e0 des touristes se rendant au Cap Nord.<\/p>\n<p>Un tendre sentiment avait rapproch\u00e9 les deux adolescents. Mais voil\u00e0, ils \u00e9taient trop jeunes et surtout bien diff\u00e9rents.<\/p>\n<p>Cinq pleines ann\u00e9es ont pass\u00e9 et les hasards de la vie vont ranimer ce pass\u00e9. Les deux h\u00e9ros de <strong><em>La petite Croix de Laponie<\/em><\/strong> se retrouvent par les hasards de la destin\u00e9e et c\u2019est ce que raconte le roman <strong><em>Kimberley<\/em><\/strong>. Nos deux h\u00e9ros se sentent attir\u00e9s l&rsquo;un par l&rsquo;autre, cherchent \u00e0 se comprendre, s&rsquo;\u00e9vitent, se fuient&#8230; enfin, rien n&rsquo;est simple lorsque les personnalit\u00e9 et les parcours sont trop diff\u00e9rents.<\/p>\n<p><img loading=\"lazy\" decoding=\"async\" class=\"alignnone size-full wp-image-2281\" src=\"http:\/\/arwann.com\/wp-content\/uploads\/2014\/12\/paiement-secure.png\" alt=\"\" width=\"1222\" height=\"632\" srcset=\"http:\/\/arwann.com\/wp-content\/uploads\/2014\/12\/paiement-secure.png 1222w, http:\/\/arwann.com\/wp-content\/uploads\/2014\/12\/paiement-secure-300x155.png 300w, http:\/\/arwann.com\/wp-content\/uploads\/2014\/12\/paiement-secure-1024x529.png 1024w\" sizes=\"auto, (max-width: 1222px) 100vw, 1222px\" \/><\/p>\n<\/div>\n<p><strong>20\u20ac<\/strong><\/p>\n","protected":false},"featured_media":4086,"comment_status":"open","ping_status":"closed","template":"","meta":[],"product_brand":[],"product_cat":[26],"product_tag":[],"class_list":{"0":"post-4087","1":"product","2":"type-product","3":"status-publish","4":"has-post-thumbnail","6":"product_cat-livres","7":"product_shipping_class-livre","9":"first","10":"instock","11":"featured","12":"purchasable","13":"product-type-simple"},"yoast_head":"<!-- This site is optimized with the Yoast SEO plugin v27.2 - https:\/\/yoast.com\/product\/yoast-seo-wordpress\/ -->\n<title>Kimberley (20\u20ac) -<\/title>\n<meta name=\"robots\" content=\"index, follow, max-snippet:-1, max-image-preview:large, max-video-preview:-1\" \/>\n<link rel=\"canonical\" href=\"http:\/\/arwann.com\/?product=kimberley-20e\" \/>\n<meta property=\"og:locale\" content=\"fr_FR\" \/>\n<meta property=\"og:type\" content=\"article\" \/>\n<meta property=\"og:title\" content=\"Kimberley (20\u20ac) -\" \/>\n<meta property=\"og:description\" content=\"R\u00c9SUM\u00c9  Dans La Petite Croix de Laponie, on se souvient que S\u00e9bastien \u2013 second de la patrouille du H\u00e9risson dans la troupe de Rosnay campant cette ann\u00e9e en Laponie finlandaise \u2013 avait rencontr\u00e9 Kim \u2013 une jeune Allemande voyageant en touristes avec sa famille \u2013 et qu\u2019ensemble ils avaient \u00e9t\u00e9 enlev\u00e9s par des bandits russes qui passaient en Russie des motor-homes vol\u00e9s \u00e0 des touristes se rendant au Cap Nord.  Un tendre sentiment avait rapproch\u00e9 les deux adolescents. Mais voil\u00e0, ils \u00e9taient trop jeunes et surtout bien diff\u00e9rents.  Cinq pleines ann\u00e9es ont pass\u00e9 et les hasards de la vie vont ranimer ce pass\u00e9. Les deux h\u00e9ros de La petite Croix de Laponie se retrouvent par les hasards de la destin\u00e9e et c\u2019est ce que raconte le roman Kimberley. Nos deux h\u00e9ros se sentent attir\u00e9s l&#039;un par l&#039;autre, cherchent \u00e0 se comprendre, s&#039;\u00e9vitent, se fuient... enfin, rien n&#039;est simple lorsque les personnalit\u00e9 et les parcours sont trop diff\u00e9rents.     20\u20ac\" \/>\n<meta property=\"og:url\" content=\"http:\/\/arwann.com\/?product=kimberley-20e\" \/>\n<meta property=\"article:modified_time\" content=\"2023-11-29T14:15:50+00:00\" \/>\n<meta property=\"og:image\" content=\"http:\/\/arwann.com\/wp-content\/uploads\/2023\/11\/Kimberley-livre-872x1024.png\" \/>\n\t<meta property=\"og:image:width\" content=\"872\" \/>\n\t<meta property=\"og:image:height\" content=\"1024\" \/>\n\t<meta property=\"og:image:type\" content=\"image\/png\" \/>\n<meta name=\"twitter:label1\" content=\"Dur\u00e9e de lecture estim\u00e9e\" \/>\n\t<meta name=\"twitter:data1\" content=\"1 minute\" \/>\n<script type=\"application\/ld+json\" class=\"yoast-schema-graph\">{\"@context\":\"https:\/\/schema.org\",\"@graph\":[{\"@type\":\"WebPage\",\"@id\":\"http:\/\/arwann.com\/?product=kimberley-20e\",\"url\":\"http:\/\/arwann.com\/?product=kimberley-20e\",\"name\":\"Kimberley (20\u20ac) -\",\"isPartOf\":{\"@id\":\"http:\/\/arwann.com\/#website\"},\"primaryImageOfPage\":{\"@id\":\"http:\/\/arwann.com\/?product=kimberley-20e#primaryimage\"},\"image\":{\"@id\":\"http:\/\/arwann.com\/?product=kimberley-20e#primaryimage\"},\"thumbnailUrl\":\"http:\/\/arwann.com\/wp-content\/uploads\/2023\/11\/Kimberley-livre.png\",\"datePublished\":\"2023-11-29T14:05:04+00:00\",\"dateModified\":\"2023-11-29T14:15:50+00:00\",\"breadcrumb\":{\"@id\":\"http:\/\/arwann.com\/?product=kimberley-20e#breadcrumb\"},\"inLanguage\":\"fr-FR\",\"potentialAction\":[{\"@type\":\"ReadAction\",\"target\":[\"http:\/\/arwann.com\/?product=kimberley-20e\"]}]},{\"@type\":\"ImageObject\",\"inLanguage\":\"fr-FR\",\"@id\":\"http:\/\/arwann.com\/?product=kimberley-20e#primaryimage\",\"url\":\"http:\/\/arwann.com\/wp-content\/uploads\/2023\/11\/Kimberley-livre.png\",\"contentUrl\":\"http:\/\/arwann.com\/wp-content\/uploads\/2023\/11\/Kimberley-livre.png\",\"width\":2631,\"height\":3090},{\"@type\":\"BreadcrumbList\",\"@id\":\"http:\/\/arwann.com\/?product=kimberley-20e#breadcrumb\",\"itemListElement\":[{\"@type\":\"ListItem\",\"position\":1,\"name\":\"Home\",\"item\":\"https:\/\/arwann.com\/\"},{\"@type\":\"ListItem\",\"position\":2,\"name\":\"\u00e9ditions Arwann\",\"item\":\"http:\/\/arwann.com\/?page_id=83\"},{\"@type\":\"ListItem\",\"position\":3,\"name\":\"Kimberley (20\u20ac)\"}]},{\"@type\":\"WebSite\",\"@id\":\"http:\/\/arwann.com\/#website\",\"url\":\"http:\/\/arwann.com\/\",\"name\":\"Arwann.com\",\"description\":\"\",\"publisher\":{\"@id\":\"http:\/\/arwann.com\/#organization\"},\"potentialAction\":[{\"@type\":\"SearchAction\",\"target\":{\"@type\":\"EntryPoint\",\"urlTemplate\":\"http:\/\/arwann.com\/?s={search_term_string}\"},\"query-input\":{\"@type\":\"PropertyValueSpecification\",\"valueRequired\":true,\"valueName\":\"search_term_string\"}}],\"inLanguage\":\"fr-FR\"},{\"@type\":\"Organization\",\"@id\":\"http:\/\/arwann.com\/#organization\",\"name\":\"Arwann\",\"url\":\"http:\/\/arwann.com\/\",\"logo\":{\"@type\":\"ImageObject\",\"inLanguage\":\"fr-FR\",\"@id\":\"http:\/\/arwann.com\/#\/schema\/logo\/image\/\",\"url\":\"http:\/\/arwann.com\/wp-content\/uploads\/2014\/04\/cropped-bandeau-arwann-5.png\",\"contentUrl\":\"http:\/\/arwann.com\/wp-content\/uploads\/2014\/04\/cropped-bandeau-arwann-5.png\",\"width\":1600,\"height\":230,\"caption\":\"Arwann\"},\"image\":{\"@id\":\"http:\/\/arwann.com\/#\/schema\/logo\/image\/\"}}]}<\/script>\n<!-- \/ Yoast SEO plugin. -->","yoast_head_json":{"title":"Kimberley (20\u20ac) -","robots":{"index":"index","follow":"follow","max-snippet":"max-snippet:-1","max-image-preview":"max-image-preview:large","max-video-preview":"max-video-preview:-1"},"canonical":"http:\/\/arwann.com\/?product=kimberley-20e","og_locale":"fr_FR","og_type":"article","og_title":"Kimberley (20\u20ac) -","og_description":"R\u00c9SUM\u00c9  Dans La Petite Croix de Laponie, on se souvient que S\u00e9bastien \u2013 second de la patrouille du H\u00e9risson dans la troupe de Rosnay campant cette ann\u00e9e en Laponie finlandaise \u2013 avait rencontr\u00e9 Kim \u2013 une jeune Allemande voyageant en touristes avec sa famille \u2013 et qu\u2019ensemble ils avaient \u00e9t\u00e9 enlev\u00e9s par des bandits russes qui passaient en Russie des motor-homes vol\u00e9s \u00e0 des touristes se rendant au Cap Nord.  Un tendre sentiment avait rapproch\u00e9 les deux adolescents. Mais voil\u00e0, ils \u00e9taient trop jeunes et surtout bien diff\u00e9rents.  Cinq pleines ann\u00e9es ont pass\u00e9 et les hasards de la vie vont ranimer ce pass\u00e9. Les deux h\u00e9ros de La petite Croix de Laponie se retrouvent par les hasards de la destin\u00e9e et c\u2019est ce que raconte le roman Kimberley. Nos deux h\u00e9ros se sentent attir\u00e9s l'un par l'autre, cherchent \u00e0 se comprendre, s'\u00e9vitent, se fuient... enfin, rien n'est simple lorsque les personnalit\u00e9 et les parcours sont trop diff\u00e9rents.     20\u20ac","og_url":"http:\/\/arwann.com\/?product=kimberley-20e","article_modified_time":"2023-11-29T14:15:50+00:00","og_image":[{"width":872,"height":1024,"url":"http:\/\/arwann.com\/wp-content\/uploads\/2023\/11\/Kimberley-livre-872x1024.png","type":"image\/png"}],"twitter_misc":{"Dur\u00e9e de lecture estim\u00e9e":"1 minute"},"schema":{"@context":"https:\/\/schema.org","@graph":[{"@type":"WebPage","@id":"http:\/\/arwann.com\/?product=kimberley-20e","url":"http:\/\/arwann.com\/?product=kimberley-20e","name":"Kimberley (20\u20ac) -","isPartOf":{"@id":"http:\/\/arwann.com\/#website"},"primaryImageOfPage":{"@id":"http:\/\/arwann.com\/?product=kimberley-20e#primaryimage"},"image":{"@id":"http:\/\/arwann.com\/?product=kimberley-20e#primaryimage"},"thumbnailUrl":"http:\/\/arwann.com\/wp-content\/uploads\/2023\/11\/Kimberley-livre.png","datePublished":"2023-11-29T14:05:04+00:00","dateModified":"2023-11-29T14:15:50+00:00","breadcrumb":{"@id":"http:\/\/arwann.com\/?product=kimberley-20e#breadcrumb"},"inLanguage":"fr-FR","potentialAction":[{"@type":"ReadAction","target":["http:\/\/arwann.com\/?product=kimberley-20e"]}]},{"@type":"ImageObject","inLanguage":"fr-FR","@id":"http:\/\/arwann.com\/?product=kimberley-20e#primaryimage","url":"http:\/\/arwann.com\/wp-content\/uploads\/2023\/11\/Kimberley-livre.png","contentUrl":"http:\/\/arwann.com\/wp-content\/uploads\/2023\/11\/Kimberley-livre.png","width":2631,"height":3090},{"@type":"BreadcrumbList","@id":"http:\/\/arwann.com\/?product=kimberley-20e#breadcrumb","itemListElement":[{"@type":"ListItem","position":1,"name":"Home","item":"https:\/\/arwann.com\/"},{"@type":"ListItem","position":2,"name":"\u00e9ditions Arwann","item":"http:\/\/arwann.com\/?page_id=83"},{"@type":"ListItem","position":3,"name":"Kimberley (20\u20ac)"}]},{"@type":"WebSite","@id":"http:\/\/arwann.com\/#website","url":"http:\/\/arwann.com\/","name":"Arwann.com","description":"","publisher":{"@id":"http:\/\/arwann.com\/#organization"},"potentialAction":[{"@type":"SearchAction","target":{"@type":"EntryPoint","urlTemplate":"http:\/\/arwann.com\/?s={search_term_string}"},"query-input":{"@type":"PropertyValueSpecification","valueRequired":true,"valueName":"search_term_string"}}],"inLanguage":"fr-FR"},{"@type":"Organization","@id":"http:\/\/arwann.com\/#organization","name":"Arwann","url":"http:\/\/arwann.com\/","logo":{"@type":"ImageObject","inLanguage":"fr-FR","@id":"http:\/\/arwann.com\/#\/schema\/logo\/image\/","url":"http:\/\/arwann.com\/wp-content\/uploads\/2014\/04\/cropped-bandeau-arwann-5.png","contentUrl":"http:\/\/arwann.com\/wp-content\/uploads\/2014\/04\/cropped-bandeau-arwann-5.png","width":1600,"height":230,"caption":"Arwann"},"image":{"@id":"http:\/\/arwann.com\/#\/schema\/logo\/image\/"}}]}},"_links":{"self":[{"href":"http:\/\/arwann.com\/index.php?rest_route=\/wp\/v2\/product\/4087","targetHints":{"allow":["GET"]}}],"collection":[{"href":"http:\/\/arwann.com\/index.php?rest_route=\/wp\/v2\/product"}],"about":[{"href":"http:\/\/arwann.com\/index.php?rest_route=\/wp\/v2\/types\/product"}],"replies":[{"embeddable":true,"href":"http:\/\/arwann.com\/index.php?rest_route=%2Fwp%2Fv2%2Fcomments&post=4087"}],"wp:featuredmedia":[{"embeddable":true,"href":"http:\/\/arwann.com\/index.php?rest_route=\/wp\/v2\/media\/4086"}],"wp:attachment":[{"href":"http:\/\/arwann.com\/index.php?rest_route=%2Fwp%2Fv2%2Fmedia&parent=4087"}],"wp:term":[{"taxonomy":"product_brand","embeddable":true,"href":"http:\/\/arwann.com\/index.php?rest_route=%2Fwp%2Fv2%2Fproduct_brand&post=4087"},{"taxonomy":"product_cat","embeddable":true,"href":"http:\/\/arwann.com\/index.php?rest_route=%2Fwp%2Fv2%2Fproduct_cat&post=4087"},{"taxonomy":"product_tag","embeddable":true,"href":"http:\/\/arwann.com\/index.php?rest_route=%2Fwp%2Fv2%2Fproduct_tag&post=4087"}],"curies":[{"name":"wp","href":"https:\/\/api.w.org\/{rel}","templated":true}]}}