{"id":3302,"date":"2018-05-25T15:33:37","date_gmt":"2018-05-25T14:33:37","guid":{"rendered":"http:\/\/arwann.com\/?post_type=product&#038;p=3302"},"modified":"2025-04-13T21:25:01","modified_gmt":"2025-04-13T20:25:01","slug":"operation-balerina-15e","status":"publish","type":"product","link":"http:\/\/arwann.com\/?product=operation-balerina-15e","title":{"rendered":"Op\u00e9ration Balerina (18\u20ac)"},"content":{"rendered":"<p>428 pages, dont 4 d\u2019annexes techniques<br \/>\nFormat: 14 x 20,5 cm<br \/>\npoids: 530 g .<\/p>\n<p><span style=\"color: #993300;\"><strong>18\u20ac<\/strong><\/span><\/p>\n<hr \/>\n<p><img loading=\"lazy\" decoding=\"async\" class=\"alignnone size-full wp-image-3300\" src=\"http:\/\/arwann.com\/wp-content\/uploads\/2018\/05\/Op\u00e9ration-Balerina-1000x1000.png\" alt=\"\" width=\"1660\" height=\"1660\" srcset=\"http:\/\/arwann.com\/wp-content\/uploads\/2018\/05\/Op\u00e9ration-Balerina-1000x1000.png 1660w, http:\/\/arwann.com\/wp-content\/uploads\/2018\/05\/Op\u00e9ration-Balerina-1000x1000-200x200.png 200w, http:\/\/arwann.com\/wp-content\/uploads\/2018\/05\/Op\u00e9ration-Balerina-1000x1000-100x100.png 100w, http:\/\/arwann.com\/wp-content\/uploads\/2018\/05\/Op\u00e9ration-Balerina-1000x1000-300x300.png 300w, http:\/\/arwann.com\/wp-content\/uploads\/2018\/05\/Op\u00e9ration-Balerina-1000x1000-150x150.png 150w, http:\/\/arwann.com\/wp-content\/uploads\/2018\/05\/Op\u00e9ration-Balerina-1000x1000-768x768.png 768w, http:\/\/arwann.com\/wp-content\/uploads\/2018\/05\/Op\u00e9ration-Balerina-1000x1000-1024x1024.png 1024w\" sizes=\"auto, (max-width: 1660px) 100vw, 1660px\" \/><\/p>\n","protected":false},"excerpt":{"rendered":"<p><strong>OPERATION BALERINA<\/strong><\/p>\n<p>\u00ab\u00a0Op\u00e9ration Balerina\u00a0\u00bb est le premier roman de la collection <strong>Foulard Rouge <\/strong>qui s\u2019adresse aux adolescents d\u2019au moins 17 ans.<\/p>\n<p>\u00ab\u00a0Op\u00e9ration Balerina\u00a0\u00bb est le prolongement du \u00ab\u00a0Bouquet du Rodia\u00a0\u00bb. On y retrouve K\u00e9vin et Kerttu-Kadi 6 ann\u00e9es plus tard.<\/p>\n<p><strong>R\u00c9SUM\u00c9<\/strong><\/p>\n<p>C\u2019est au cours d\u2019un d\u00e9placement professionnel \u00e0 Helsinki que K\u00e9vin retrouve par hasard Kerttu-Kadi, son amie estonienne. Alors adolescent, il l\u2019avait connue au cours d\u2019une singuli\u00e8re aventure, juste avant qu\u2019elle ne retourne avec sa famille en Estonie. K\u00e9vin d\u00e9couvre que son amie Kerttu-Kadi porte un terrible secret qui semble \u00e9craser sa vie. Chevaleresque, le jeune homme veut la secourir, mais voici qu\u2019elle dispara\u00eet !<\/p>\n<p>Avec des alli\u00e9s de circonstance et faisant fl\u00e8che de tout bois, le jeune homme part \u00e0 Saint P\u00e9tersbourg pour rompre le mal\u00e9fice qui broie sa belle. Alors que Saint-P\u00e9tersbourg s\u2019illumine \u00e0 la veille de No\u00ebl, commence une aventure inqui\u00e9tante et risqu\u00e9e. Les choses sont bien engag\u00e9es lorsque tout d\u00e9raille de mani\u00e8re dramatique.<\/p>\n<p>&nbsp;<\/p>\n<p style=\"text-align: justify;\"><a href=\"http:\/\/arwann.com\/wp-content\/uploads\/2014\/12\/paiement-secure.png\"><img loading=\"lazy\" decoding=\"async\" class=\"aligncenter wp-image-2281 size-full\" src=\"http:\/\/arwann.com\/wp-content\/uploads\/2014\/12\/paiement-secure.png\" alt=\"paiement secure\" width=\"1222\" height=\"632\" srcset=\"http:\/\/arwann.com\/wp-content\/uploads\/2014\/12\/paiement-secure.png 1222w, http:\/\/arwann.com\/wp-content\/uploads\/2014\/12\/paiement-secure-300x155.png 300w, http:\/\/arwann.com\/wp-content\/uploads\/2014\/12\/paiement-secure-1024x529.png 1024w\" sizes=\"auto, (max-width: 1222px) 100vw, 1222px\" \/><\/a><\/p>\n<h3 style=\"text-align: justify;\">Prix: 18\u20ac<\/h3>\n<p>&nbsp;<\/p>\n","protected":false},"featured_media":3299,"comment_status":"open","ping_status":"closed","template":"","meta":[],"product_brand":[],"product_cat":[26],"product_tag":[],"class_list":{"0":"post-3302","1":"product","2":"type-product","3":"status-publish","4":"has-post-thumbnail","6":"product_cat-livres","7":"product_shipping_class-livre","9":"first","10":"instock","11":"featured","12":"purchasable","13":"product-type-simple"},"yoast_head":"<!-- This site is optimized with the Yoast SEO plugin v27.2 - https:\/\/yoast.com\/product\/yoast-seo-wordpress\/ -->\n<title>Op\u00e9ration Balerina (18\u20ac) -<\/title>\n<meta name=\"robots\" content=\"index, follow, max-snippet:-1, max-image-preview:large, max-video-preview:-1\" \/>\n<link rel=\"canonical\" href=\"http:\/\/arwann.com\/?product=operation-balerina-15e\" \/>\n<meta property=\"og:locale\" content=\"fr_FR\" \/>\n<meta property=\"og:type\" content=\"article\" \/>\n<meta property=\"og:title\" content=\"Op\u00e9ration Balerina (18\u20ac) -\" \/>\n<meta property=\"og:description\" content=\"OPERATION BALERINA  \u00ab\u00a0Op\u00e9ration Balerina\u00a0\u00bb est le premier roman de la collection Foulard Rouge qui s\u2019adresse aux adolescents d\u2019au moins 17 ans.  \u00ab\u00a0Op\u00e9ration Balerina\u00a0\u00bb est le prolongement du \u00ab\u00a0Bouquet du Rodia\u00a0\u00bb. On y retrouve K\u00e9vin et Kerttu-Kadi 6 ann\u00e9es plus tard.  R\u00c9SUM\u00c9  C\u2019est au cours d\u2019un d\u00e9placement professionnel \u00e0 Helsinki que K\u00e9vin retrouve par hasard Kerttu-Kadi, son amie estonienne. Alors adolescent, il l\u2019avait connue au cours d\u2019une singuli\u00e8re aventure, juste avant qu\u2019elle ne retourne avec sa famille en Estonie. K\u00e9vin d\u00e9couvre que son amie Kerttu-Kadi porte un terrible secret qui semble \u00e9craser sa vie. Chevaleresque, le jeune homme veut la secourir, mais voici qu\u2019elle dispara\u00eet !  Avec des alli\u00e9s de circonstance et faisant fl\u00e8che de tout bois, le jeune homme part \u00e0 Saint P\u00e9tersbourg pour rompre le mal\u00e9fice qui broie sa belle. Alors que Saint-P\u00e9tersbourg s\u2019illumine \u00e0 la veille de No\u00ebl, commence une aventure inqui\u00e9tante et risqu\u00e9e. Les choses sont bien engag\u00e9es lorsque tout d\u00e9raille de mani\u00e8re dramatique.  &nbsp;   Prix: 18\u20ac &nbsp;\" \/>\n<meta property=\"og:url\" content=\"http:\/\/arwann.com\/?product=operation-balerina-15e\" \/>\n<meta property=\"article:modified_time\" content=\"2025-04-13T20:25:01+00:00\" \/>\n<meta property=\"og:image\" content=\"https:\/\/arwann.com\/wp-content\/uploads\/2018\/05\/08-Op\u00e9ration-Balerina.png\" \/>\n\t<meta property=\"og:image:width\" content=\"1274\" \/>\n\t<meta property=\"og:image:height\" content=\"1274\" \/>\n\t<meta property=\"og:image:type\" content=\"image\/png\" \/>\n<script type=\"application\/ld+json\" class=\"yoast-schema-graph\">{\"@context\":\"https:\/\/schema.org\",\"@graph\":[{\"@type\":\"WebPage\",\"@id\":\"http:\/\/arwann.com\/?product=operation-balerina-15e\",\"url\":\"http:\/\/arwann.com\/?product=operation-balerina-15e\",\"name\":\"Op\u00e9ration Balerina (18\u20ac) -\",\"isPartOf\":{\"@id\":\"http:\/\/arwann.com\/#website\"},\"primaryImageOfPage\":{\"@id\":\"http:\/\/arwann.com\/?product=operation-balerina-15e#primaryimage\"},\"image\":{\"@id\":\"http:\/\/arwann.com\/?product=operation-balerina-15e#primaryimage\"},\"thumbnailUrl\":\"http:\/\/arwann.com\/wp-content\/uploads\/2018\/05\/08-Op\u00e9ration-Balerina.png\",\"datePublished\":\"2018-05-25T14:33:37+00:00\",\"dateModified\":\"2025-04-13T20:25:01+00:00\",\"breadcrumb\":{\"@id\":\"http:\/\/arwann.com\/?product=operation-balerina-15e#breadcrumb\"},\"inLanguage\":\"fr-FR\",\"potentialAction\":[{\"@type\":\"ReadAction\",\"target\":[\"http:\/\/arwann.com\/?product=operation-balerina-15e\"]}]},{\"@type\":\"ImageObject\",\"inLanguage\":\"fr-FR\",\"@id\":\"http:\/\/arwann.com\/?product=operation-balerina-15e#primaryimage\",\"url\":\"http:\/\/arwann.com\/wp-content\/uploads\/2018\/05\/08-Op\u00e9ration-Balerina.png\",\"contentUrl\":\"http:\/\/arwann.com\/wp-content\/uploads\/2018\/05\/08-Op\u00e9ration-Balerina.png\",\"width\":1274,\"height\":1274},{\"@type\":\"BreadcrumbList\",\"@id\":\"http:\/\/arwann.com\/?product=operation-balerina-15e#breadcrumb\",\"itemListElement\":[{\"@type\":\"ListItem\",\"position\":1,\"name\":\"Home\",\"item\":\"http:\/\/arwann.com\/\"},{\"@type\":\"ListItem\",\"position\":2,\"name\":\"\u00e9ditions Arwann\",\"item\":\"https:\/\/arwann.com\/?page_id=83\"},{\"@type\":\"ListItem\",\"position\":3,\"name\":\"Op\u00e9ration Balerina (18\u20ac)\"}]},{\"@type\":\"WebSite\",\"@id\":\"http:\/\/arwann.com\/#website\",\"url\":\"http:\/\/arwann.com\/\",\"name\":\"Arwann.com\",\"description\":\"\",\"publisher\":{\"@id\":\"http:\/\/arwann.com\/#organization\"},\"potentialAction\":[{\"@type\":\"SearchAction\",\"target\":{\"@type\":\"EntryPoint\",\"urlTemplate\":\"http:\/\/arwann.com\/?s={search_term_string}\"},\"query-input\":{\"@type\":\"PropertyValueSpecification\",\"valueRequired\":true,\"valueName\":\"search_term_string\"}}],\"inLanguage\":\"fr-FR\"},{\"@type\":\"Organization\",\"@id\":\"http:\/\/arwann.com\/#organization\",\"name\":\"Arwann\",\"url\":\"http:\/\/arwann.com\/\",\"logo\":{\"@type\":\"ImageObject\",\"inLanguage\":\"fr-FR\",\"@id\":\"http:\/\/arwann.com\/#\/schema\/logo\/image\/\",\"url\":\"http:\/\/arwann.com\/wp-content\/uploads\/2014\/04\/cropped-bandeau-arwann-5.png\",\"contentUrl\":\"http:\/\/arwann.com\/wp-content\/uploads\/2014\/04\/cropped-bandeau-arwann-5.png\",\"width\":1600,\"height\":230,\"caption\":\"Arwann\"},\"image\":{\"@id\":\"http:\/\/arwann.com\/#\/schema\/logo\/image\/\"}}]}<\/script>\n<!-- \/ Yoast SEO plugin. -->","yoast_head_json":{"title":"Op\u00e9ration Balerina (18\u20ac) -","robots":{"index":"index","follow":"follow","max-snippet":"max-snippet:-1","max-image-preview":"max-image-preview:large","max-video-preview":"max-video-preview:-1"},"canonical":"http:\/\/arwann.com\/?product=operation-balerina-15e","og_locale":"fr_FR","og_type":"article","og_title":"Op\u00e9ration Balerina (18\u20ac) -","og_description":"OPERATION BALERINA  \u00ab\u00a0Op\u00e9ration Balerina\u00a0\u00bb est le premier roman de la collection Foulard Rouge qui s\u2019adresse aux adolescents d\u2019au moins 17 ans.  \u00ab\u00a0Op\u00e9ration Balerina\u00a0\u00bb est le prolongement du \u00ab\u00a0Bouquet du Rodia\u00a0\u00bb. On y retrouve K\u00e9vin et Kerttu-Kadi 6 ann\u00e9es plus tard.  R\u00c9SUM\u00c9  C\u2019est au cours d\u2019un d\u00e9placement professionnel \u00e0 Helsinki que K\u00e9vin retrouve par hasard Kerttu-Kadi, son amie estonienne. Alors adolescent, il l\u2019avait connue au cours d\u2019une singuli\u00e8re aventure, juste avant qu\u2019elle ne retourne avec sa famille en Estonie. K\u00e9vin d\u00e9couvre que son amie Kerttu-Kadi porte un terrible secret qui semble \u00e9craser sa vie. Chevaleresque, le jeune homme veut la secourir, mais voici qu\u2019elle dispara\u00eet !  Avec des alli\u00e9s de circonstance et faisant fl\u00e8che de tout bois, le jeune homme part \u00e0 Saint P\u00e9tersbourg pour rompre le mal\u00e9fice qui broie sa belle. Alors que Saint-P\u00e9tersbourg s\u2019illumine \u00e0 la veille de No\u00ebl, commence une aventure inqui\u00e9tante et risqu\u00e9e. Les choses sont bien engag\u00e9es lorsque tout d\u00e9raille de mani\u00e8re dramatique.  &nbsp;   Prix: 18\u20ac &nbsp;","og_url":"http:\/\/arwann.com\/?product=operation-balerina-15e","article_modified_time":"2025-04-13T20:25:01+00:00","og_image":[{"width":1274,"height":1274,"url":"https:\/\/arwann.com\/wp-content\/uploads\/2018\/05\/08-Op\u00e9ration-Balerina.png","type":"image\/png"}],"schema":{"@context":"https:\/\/schema.org","@graph":[{"@type":"WebPage","@id":"http:\/\/arwann.com\/?product=operation-balerina-15e","url":"http:\/\/arwann.com\/?product=operation-balerina-15e","name":"Op\u00e9ration Balerina (18\u20ac) -","isPartOf":{"@id":"http:\/\/arwann.com\/#website"},"primaryImageOfPage":{"@id":"http:\/\/arwann.com\/?product=operation-balerina-15e#primaryimage"},"image":{"@id":"http:\/\/arwann.com\/?product=operation-balerina-15e#primaryimage"},"thumbnailUrl":"http:\/\/arwann.com\/wp-content\/uploads\/2018\/05\/08-Op\u00e9ration-Balerina.png","datePublished":"2018-05-25T14:33:37+00:00","dateModified":"2025-04-13T20:25:01+00:00","breadcrumb":{"@id":"http:\/\/arwann.com\/?product=operation-balerina-15e#breadcrumb"},"inLanguage":"fr-FR","potentialAction":[{"@type":"ReadAction","target":["http:\/\/arwann.com\/?product=operation-balerina-15e"]}]},{"@type":"ImageObject","inLanguage":"fr-FR","@id":"http:\/\/arwann.com\/?product=operation-balerina-15e#primaryimage","url":"http:\/\/arwann.com\/wp-content\/uploads\/2018\/05\/08-Op\u00e9ration-Balerina.png","contentUrl":"http:\/\/arwann.com\/wp-content\/uploads\/2018\/05\/08-Op\u00e9ration-Balerina.png","width":1274,"height":1274},{"@type":"BreadcrumbList","@id":"http:\/\/arwann.com\/?product=operation-balerina-15e#breadcrumb","itemListElement":[{"@type":"ListItem","position":1,"name":"Home","item":"http:\/\/arwann.com\/"},{"@type":"ListItem","position":2,"name":"\u00e9ditions Arwann","item":"https:\/\/arwann.com\/?page_id=83"},{"@type":"ListItem","position":3,"name":"Op\u00e9ration Balerina (18\u20ac)"}]},{"@type":"WebSite","@id":"http:\/\/arwann.com\/#website","url":"http:\/\/arwann.com\/","name":"Arwann.com","description":"","publisher":{"@id":"http:\/\/arwann.com\/#organization"},"potentialAction":[{"@type":"SearchAction","target":{"@type":"EntryPoint","urlTemplate":"http:\/\/arwann.com\/?s={search_term_string}"},"query-input":{"@type":"PropertyValueSpecification","valueRequired":true,"valueName":"search_term_string"}}],"inLanguage":"fr-FR"},{"@type":"Organization","@id":"http:\/\/arwann.com\/#organization","name":"Arwann","url":"http:\/\/arwann.com\/","logo":{"@type":"ImageObject","inLanguage":"fr-FR","@id":"http:\/\/arwann.com\/#\/schema\/logo\/image\/","url":"http:\/\/arwann.com\/wp-content\/uploads\/2014\/04\/cropped-bandeau-arwann-5.png","contentUrl":"http:\/\/arwann.com\/wp-content\/uploads\/2014\/04\/cropped-bandeau-arwann-5.png","width":1600,"height":230,"caption":"Arwann"},"image":{"@id":"http:\/\/arwann.com\/#\/schema\/logo\/image\/"}}]}},"_links":{"self":[{"href":"http:\/\/arwann.com\/index.php?rest_route=\/wp\/v2\/product\/3302","targetHints":{"allow":["GET"]}}],"collection":[{"href":"http:\/\/arwann.com\/index.php?rest_route=\/wp\/v2\/product"}],"about":[{"href":"http:\/\/arwann.com\/index.php?rest_route=\/wp\/v2\/types\/product"}],"replies":[{"embeddable":true,"href":"http:\/\/arwann.com\/index.php?rest_route=%2Fwp%2Fv2%2Fcomments&post=3302"}],"wp:featuredmedia":[{"embeddable":true,"href":"http:\/\/arwann.com\/index.php?rest_route=\/wp\/v2\/media\/3299"}],"wp:attachment":[{"href":"http:\/\/arwann.com\/index.php?rest_route=%2Fwp%2Fv2%2Fmedia&parent=3302"}],"wp:term":[{"taxonomy":"product_brand","embeddable":true,"href":"http:\/\/arwann.com\/index.php?rest_route=%2Fwp%2Fv2%2Fproduct_brand&post=3302"},{"taxonomy":"product_cat","embeddable":true,"href":"http:\/\/arwann.com\/index.php?rest_route=%2Fwp%2Fv2%2Fproduct_cat&post=3302"},{"taxonomy":"product_tag","embeddable":true,"href":"http:\/\/arwann.com\/index.php?rest_route=%2Fwp%2Fv2%2Fproduct_tag&post=3302"}],"curies":[{"name":"wp","href":"https:\/\/api.w.org\/{rel}","templated":true}]}}