{"id":2750,"date":"2015-05-22T15:51:01","date_gmt":"2015-05-22T14:51:01","guid":{"rendered":"http:\/\/arwann.com\/?product=le-corbeau-de-la-loue-1350e"},"modified":"2024-07-07T17:43:41","modified_gmt":"2024-07-07T16:43:41","slug":"le-corbeau-de-la-loue-1350e","status":"publish","type":"product","link":"http:\/\/arwann.com\/?product=le-corbeau-de-la-loue-1350e","title":{"rendered":"Le Corbeau de la Loue (15\u20ac)"},"content":{"rendered":"<p>269 pages, dont 6 d\u2019annexes techniques<br \/>\nFormat: 14 x 20,5 cm<br \/>\npoids: 330 g .<br \/>\n<span style=\"color: #008080;\"><strong>15\u20ac<\/strong><\/span><\/p>\n<blockquote class=\"wp-embedded-content\" data-secret=\"oAaZxG3Xvz\"><p><a href=\"http:\/\/arwann.com\/?p=2847\">R\u00e9\u00e9dition du Corbeau de La loue<\/a><\/p><\/blockquote>\n<p><iframe loading=\"lazy\" class=\"wp-embedded-content\" sandbox=\"allow-scripts\" security=\"restricted\" style=\"position: absolute; clip: rect(1px, 1px, 1px, 1px);\" title=\"\u00ab\u00a0R\u00e9\u00e9dition du Corbeau de La loue\u00a0\u00bb &#8212; \" src=\"http:\/\/arwann.com\/?p=2847&#038;embed=true#?secret=fT45vUR3RY#?secret=oAaZxG3Xvz\" data-secret=\"oAaZxG3Xvz\" width=\"600\" height=\"338\" frameborder=\"0\" marginwidth=\"0\" marginheight=\"0\" scrolling=\"no\"><\/iframe><\/p>\n<hr \/>\n<p><a href=\"http:\/\/arwann.com\/wp-content\/uploads\/2015\/05\/image-couverture-Corbeau-Loue.png\"><img loading=\"lazy\" decoding=\"async\" class=\"alignright size-full wp-image-2752\" src=\"http:\/\/arwann.com\/wp-content\/uploads\/2015\/05\/image-couverture-Corbeau-Loue.png\" alt=\"image couverture Corbeau Loue\" width=\"1000\" height=\"1000\" srcset=\"http:\/\/arwann.com\/wp-content\/uploads\/2015\/05\/image-couverture-Corbeau-Loue.png 1000w, http:\/\/arwann.com\/wp-content\/uploads\/2015\/05\/image-couverture-Corbeau-Loue-200x200.png 200w, http:\/\/arwann.com\/wp-content\/uploads\/2015\/05\/image-couverture-Corbeau-Loue-100x100.png 100w, http:\/\/arwann.com\/wp-content\/uploads\/2015\/05\/image-couverture-Corbeau-Loue-300x300.png 300w, http:\/\/arwann.com\/wp-content\/uploads\/2015\/05\/image-couverture-Corbeau-Loue-150x150.png 150w\" sizes=\"auto, (max-width: 1000px) 100vw, 1000px\" \/><\/a><\/p>\n","protected":false},"excerpt":{"rendered":"<p style=\"text-align: justify;\"><a href=\"http:\/\/arwann.com\/?p=2847\"><em><strong>Lien vers une critique du livre<\/strong><\/em><\/a><\/p>\n<p style=\"text-align: justify;\"><strong style=\"text-align: justify;\">R\u00c9SUM\u00c9<br \/>\n<\/strong>Pour ce camp du Jura, la troupe de Rosnay s\u2019est install\u00e9e dans une prairie qui borde le Lison. Le camp est bien install\u00e9 lorsque les scouts subissent les attaques d\u2019une bande \u00e0 scooter. Par ailleurs des villageois re\u00e7oivent r\u00e9guli\u00e8rement des lettres de menaces, anonymes bien entendu, et cela cr\u00e9e une atmosph\u00e8re d\u00e9testable dans la r\u00e9gion. Mais les \u00e9v\u00e9nements se pr\u00e9cipitent et, dans l\u2019urgence se cr\u00e9ent, des alliances singuli\u00e8res.<\/p>\n<div>\u00a0\u00a0\u00a0\u00a0\u00a0\u00a0\u00a0 Une captivante finesse psychologique, le conflit du bien et du mal, de la r\u00e9volte et de la gr\u00e2ce, dans des c\u0153urs adolescents.<\/div>\n<div><\/div>\n<p style=\"text-align: justify;\"><span style=\"color: #3366ff;\"><strong>EXTRAIT<br \/>\n<\/strong>Ayant commis l\u2019erreur de s\u2019assoupir, Dimitri fut r\u00e9veill\u00e9 en sursaut. La combe nocturne s\u2019\u00e9tait soudain emplie d\u2019un concert agressif de moteurs de deux-roues, qui semblaient arriver droit sur son bivouac, tandis que l\u2019aire du chemin qui menait \u00e0 la combe \u00e9tait balay\u00e9e par la lumi\u00e8re crue des projecteurs des engins.<\/span><\/p>\n<div><span style=\"color: #3366ff;\">\u00a0\u00a0\u00a0\u00a0\u00a0\u00a0\u00a0 D\u2019un bond Dimitri fut hors de son duvet et, accroupi de l\u2019autre c\u00f4t\u00e9 de son feu, le c\u0153ur cognant \u00e0 lui d\u00e9foncer la poitrine, il tenta en un \u00e9clair de comprendre et d\u2019analyser la situation. Les cyclomoteurs gravissant l\u2019acc\u00e8s \u00e0 la combe avaient d\u00e9pass\u00e9 sa position. Il y en avait une demi-douzaine et leur raffut hargneux qui d\u00e9chirait le silence de la nuit commen\u00e7ait \u00e0 d\u00e9cro\u00eetre le long du sentier. L\u2019odeur \u00e2cre des gaz d\u2019\u00e9chappement s\u2019imposa un instant sur les odeurs de terre et de r\u00e9sine. Soudain, l\u00e0-bas, les moteurs s\u2019arr\u00eat\u00e8rent et, un \u00e0 un, les projecteurs s\u2019\u00e9teignirent.<\/span><\/div>\n<div><span style=\"color: #3366ff;\">\u00a0\u00a0\u00a0\u00a0\u00a0\u00a0\u00a0 \u00ab Ils me cherchent \u00bb, pensa Dimitri qui sentait l\u2019angoisse le saisir \u00e0 nouveau.<\/span><\/div>\n<p style=\"text-align: justify;\"><a href=\"http:\/\/arwann.com\/wp-content\/uploads\/2014\/12\/paiement-secure.png\"><img loading=\"lazy\" decoding=\"async\" class=\"aligncenter wp-image-2281 size-full\" src=\"http:\/\/arwann.com\/wp-content\/uploads\/2014\/12\/paiement-secure.png\" alt=\"paiement secure\" width=\"1222\" height=\"632\" srcset=\"http:\/\/arwann.com\/wp-content\/uploads\/2014\/12\/paiement-secure.png 1222w, http:\/\/arwann.com\/wp-content\/uploads\/2014\/12\/paiement-secure-300x155.png 300w, http:\/\/arwann.com\/wp-content\/uploads\/2014\/12\/paiement-secure-1024x529.png 1024w\" sizes=\"auto, (max-width: 1222px) 100vw, 1222px\" \/><\/a><\/p>\n<h3 style=\"text-align: justify;\">Prix: 15\u20ac<\/h3>\n","protected":false},"featured_media":2754,"comment_status":"open","ping_status":"closed","template":"","meta":[],"product_brand":[],"product_cat":[26],"product_tag":[],"class_list":{"0":"post-2750","1":"product","2":"type-product","3":"status-publish","4":"has-post-thumbnail","6":"product_cat-livres","7":"product_shipping_class-livre","9":"first","10":"instock","11":"purchasable","12":"product-type-simple"},"yoast_head":"<!-- This site is optimized with the Yoast SEO plugin v27.2 - https:\/\/yoast.com\/product\/yoast-seo-wordpress\/ -->\n<title>Le Corbeau de la Loue (15\u20ac) -<\/title>\n<meta name=\"robots\" content=\"index, follow, max-snippet:-1, max-image-preview:large, max-video-preview:-1\" \/>\n<link rel=\"canonical\" href=\"http:\/\/arwann.com\/?product=le-corbeau-de-la-loue-1350e\" \/>\n<meta property=\"og:locale\" content=\"fr_FR\" \/>\n<meta property=\"og:type\" content=\"article\" \/>\n<meta property=\"og:title\" content=\"Le Corbeau de la Loue (15\u20ac) -\" \/>\n<meta property=\"og:description\" content=\"Lien vers une critique du livre R\u00c9SUM\u00c9 Pour ce camp du Jura, la troupe de Rosnay s\u2019est install\u00e9e dans une prairie qui borde le Lison. Le camp est bien install\u00e9 lorsque les scouts subissent les attaques d\u2019une bande \u00e0 scooter. Par ailleurs des villageois re\u00e7oivent r\u00e9guli\u00e8rement des lettres de menaces, anonymes bien entendu, et cela cr\u00e9e une atmosph\u00e8re d\u00e9testable dans la r\u00e9gion. Mais les \u00e9v\u00e9nements se pr\u00e9cipitent et, dans l\u2019urgence se cr\u00e9ent, des alliances singuli\u00e8res.  \u00a0\u00a0\u00a0\u00a0\u00a0\u00a0\u00a0 Une captivante finesse psychologique, le conflit du bien et du mal, de la r\u00e9volte et de la gr\u00e2ce, dans des c\u0153urs adolescents.  EXTRAIT Ayant commis l\u2019erreur de s\u2019assoupir, Dimitri fut r\u00e9veill\u00e9 en sursaut. La combe nocturne s\u2019\u00e9tait soudain emplie d\u2019un concert agressif de moteurs de deux-roues, qui semblaient arriver droit sur son bivouac, tandis que l\u2019aire du chemin qui menait \u00e0 la combe \u00e9tait balay\u00e9e par la lumi\u00e8re crue des projecteurs des engins.  \u00a0\u00a0\u00a0\u00a0\u00a0\u00a0\u00a0 D\u2019un bond Dimitri fut hors de son duvet et, accroupi de l\u2019autre c\u00f4t\u00e9 de son feu, le c\u0153ur cognant \u00e0 lui d\u00e9foncer la poitrine, il tenta en un \u00e9clair de comprendre et d\u2019analyser la situation. Les cyclomoteurs gravissant l\u2019acc\u00e8s \u00e0 la combe avaient d\u00e9pass\u00e9 sa position. Il y en avait une demi-douzaine et leur raffut hargneux qui d\u00e9chirait le silence de la nuit commen\u00e7ait \u00e0 d\u00e9cro\u00eetre le long du sentier. L\u2019odeur \u00e2cre des gaz d\u2019\u00e9chappement s\u2019imposa un instant sur les odeurs de terre et de r\u00e9sine. Soudain, l\u00e0-bas, les moteurs s\u2019arr\u00eat\u00e8rent et, un \u00e0 un, les projecteurs s\u2019\u00e9teignirent. \u00a0\u00a0\u00a0\u00a0\u00a0\u00a0\u00a0 \u00ab Ils me cherchent \u00bb, pensa Dimitri qui sentait l\u2019angoisse le saisir \u00e0 nouveau.   Prix: 15\u20ac\" \/>\n<meta property=\"og:url\" content=\"http:\/\/arwann.com\/?product=le-corbeau-de-la-loue-1350e\" \/>\n<meta property=\"article:modified_time\" content=\"2024-07-07T16:43:41+00:00\" \/>\n<meta property=\"og:image\" content=\"http:\/\/arwann.com\/wp-content\/uploads\/2015\/05\/Livre-icone-Corbeau-de-la-Loue.png\" \/>\n\t<meta property=\"og:image:width\" content=\"768\" \/>\n\t<meta property=\"og:image:height\" content=\"768\" \/>\n\t<meta property=\"og:image:type\" content=\"image\/png\" \/>\n<meta name=\"twitter:label1\" content=\"Dur\u00e9e de lecture estim\u00e9e\" \/>\n\t<meta name=\"twitter:data1\" content=\"1 minute\" \/>\n<script type=\"application\/ld+json\" class=\"yoast-schema-graph\">{\"@context\":\"https:\/\/schema.org\",\"@graph\":[{\"@type\":\"WebPage\",\"@id\":\"http:\/\/arwann.com\/?product=le-corbeau-de-la-loue-1350e\",\"url\":\"http:\/\/arwann.com\/?product=le-corbeau-de-la-loue-1350e\",\"name\":\"Le Corbeau de la Loue (15\u20ac) -\",\"isPartOf\":{\"@id\":\"http:\/\/arwann.com\/#website\"},\"primaryImageOfPage\":{\"@id\":\"http:\/\/arwann.com\/?product=le-corbeau-de-la-loue-1350e#primaryimage\"},\"image\":{\"@id\":\"http:\/\/arwann.com\/?product=le-corbeau-de-la-loue-1350e#primaryimage\"},\"thumbnailUrl\":\"http:\/\/arwann.com\/wp-content\/uploads\/2015\/05\/Livre-icone-Corbeau-de-la-Loue.png\",\"datePublished\":\"2015-05-22T14:51:01+00:00\",\"dateModified\":\"2024-07-07T16:43:41+00:00\",\"breadcrumb\":{\"@id\":\"http:\/\/arwann.com\/?product=le-corbeau-de-la-loue-1350e#breadcrumb\"},\"inLanguage\":\"fr-FR\",\"potentialAction\":[{\"@type\":\"ReadAction\",\"target\":[\"http:\/\/arwann.com\/?product=le-corbeau-de-la-loue-1350e\"]}]},{\"@type\":\"ImageObject\",\"inLanguage\":\"fr-FR\",\"@id\":\"http:\/\/arwann.com\/?product=le-corbeau-de-la-loue-1350e#primaryimage\",\"url\":\"http:\/\/arwann.com\/wp-content\/uploads\/2015\/05\/Livre-icone-Corbeau-de-la-Loue.png\",\"contentUrl\":\"http:\/\/arwann.com\/wp-content\/uploads\/2015\/05\/Livre-icone-Corbeau-de-la-Loue.png\",\"width\":768,\"height\":768},{\"@type\":\"BreadcrumbList\",\"@id\":\"http:\/\/arwann.com\/?product=le-corbeau-de-la-loue-1350e#breadcrumb\",\"itemListElement\":[{\"@type\":\"ListItem\",\"position\":1,\"name\":\"Home\",\"item\":\"http:\/\/arwann.com\/\"},{\"@type\":\"ListItem\",\"position\":2,\"name\":\"\u00e9ditions Arwann\",\"item\":\"http:\/\/arwann.com\/?page_id=83\"},{\"@type\":\"ListItem\",\"position\":3,\"name\":\"Le Corbeau de la Loue (15\u20ac)\"}]},{\"@type\":\"WebSite\",\"@id\":\"http:\/\/arwann.com\/#website\",\"url\":\"http:\/\/arwann.com\/\",\"name\":\"Arwann.com\",\"description\":\"\",\"publisher\":{\"@id\":\"http:\/\/arwann.com\/#organization\"},\"potentialAction\":[{\"@type\":\"SearchAction\",\"target\":{\"@type\":\"EntryPoint\",\"urlTemplate\":\"http:\/\/arwann.com\/?s={search_term_string}\"},\"query-input\":{\"@type\":\"PropertyValueSpecification\",\"valueRequired\":true,\"valueName\":\"search_term_string\"}}],\"inLanguage\":\"fr-FR\"},{\"@type\":\"Organization\",\"@id\":\"http:\/\/arwann.com\/#organization\",\"name\":\"Arwann\",\"url\":\"http:\/\/arwann.com\/\",\"logo\":{\"@type\":\"ImageObject\",\"inLanguage\":\"fr-FR\",\"@id\":\"http:\/\/arwann.com\/#\/schema\/logo\/image\/\",\"url\":\"http:\/\/arwann.com\/wp-content\/uploads\/2014\/04\/cropped-bandeau-arwann-5.png\",\"contentUrl\":\"http:\/\/arwann.com\/wp-content\/uploads\/2014\/04\/cropped-bandeau-arwann-5.png\",\"width\":1600,\"height\":230,\"caption\":\"Arwann\"},\"image\":{\"@id\":\"http:\/\/arwann.com\/#\/schema\/logo\/image\/\"}}]}<\/script>\n<!-- \/ Yoast SEO plugin. -->","yoast_head_json":{"title":"Le Corbeau de la Loue (15\u20ac) -","robots":{"index":"index","follow":"follow","max-snippet":"max-snippet:-1","max-image-preview":"max-image-preview:large","max-video-preview":"max-video-preview:-1"},"canonical":"http:\/\/arwann.com\/?product=le-corbeau-de-la-loue-1350e","og_locale":"fr_FR","og_type":"article","og_title":"Le Corbeau de la Loue (15\u20ac) -","og_description":"Lien vers une critique du livre R\u00c9SUM\u00c9 Pour ce camp du Jura, la troupe de Rosnay s\u2019est install\u00e9e dans une prairie qui borde le Lison. Le camp est bien install\u00e9 lorsque les scouts subissent les attaques d\u2019une bande \u00e0 scooter. Par ailleurs des villageois re\u00e7oivent r\u00e9guli\u00e8rement des lettres de menaces, anonymes bien entendu, et cela cr\u00e9e une atmosph\u00e8re d\u00e9testable dans la r\u00e9gion. Mais les \u00e9v\u00e9nements se pr\u00e9cipitent et, dans l\u2019urgence se cr\u00e9ent, des alliances singuli\u00e8res.  \u00a0\u00a0\u00a0\u00a0\u00a0\u00a0\u00a0 Une captivante finesse psychologique, le conflit du bien et du mal, de la r\u00e9volte et de la gr\u00e2ce, dans des c\u0153urs adolescents.  EXTRAIT Ayant commis l\u2019erreur de s\u2019assoupir, Dimitri fut r\u00e9veill\u00e9 en sursaut. La combe nocturne s\u2019\u00e9tait soudain emplie d\u2019un concert agressif de moteurs de deux-roues, qui semblaient arriver droit sur son bivouac, tandis que l\u2019aire du chemin qui menait \u00e0 la combe \u00e9tait balay\u00e9e par la lumi\u00e8re crue des projecteurs des engins.  \u00a0\u00a0\u00a0\u00a0\u00a0\u00a0\u00a0 D\u2019un bond Dimitri fut hors de son duvet et, accroupi de l\u2019autre c\u00f4t\u00e9 de son feu, le c\u0153ur cognant \u00e0 lui d\u00e9foncer la poitrine, il tenta en un \u00e9clair de comprendre et d\u2019analyser la situation. Les cyclomoteurs gravissant l\u2019acc\u00e8s \u00e0 la combe avaient d\u00e9pass\u00e9 sa position. Il y en avait une demi-douzaine et leur raffut hargneux qui d\u00e9chirait le silence de la nuit commen\u00e7ait \u00e0 d\u00e9cro\u00eetre le long du sentier. L\u2019odeur \u00e2cre des gaz d\u2019\u00e9chappement s\u2019imposa un instant sur les odeurs de terre et de r\u00e9sine. Soudain, l\u00e0-bas, les moteurs s\u2019arr\u00eat\u00e8rent et, un \u00e0 un, les projecteurs s\u2019\u00e9teignirent. \u00a0\u00a0\u00a0\u00a0\u00a0\u00a0\u00a0 \u00ab Ils me cherchent \u00bb, pensa Dimitri qui sentait l\u2019angoisse le saisir \u00e0 nouveau.   Prix: 15\u20ac","og_url":"http:\/\/arwann.com\/?product=le-corbeau-de-la-loue-1350e","article_modified_time":"2024-07-07T16:43:41+00:00","og_image":[{"width":768,"height":768,"url":"http:\/\/arwann.com\/wp-content\/uploads\/2015\/05\/Livre-icone-Corbeau-de-la-Loue.png","type":"image\/png"}],"twitter_misc":{"Dur\u00e9e de lecture estim\u00e9e":"1 minute"},"schema":{"@context":"https:\/\/schema.org","@graph":[{"@type":"WebPage","@id":"http:\/\/arwann.com\/?product=le-corbeau-de-la-loue-1350e","url":"http:\/\/arwann.com\/?product=le-corbeau-de-la-loue-1350e","name":"Le Corbeau de la Loue (15\u20ac) -","isPartOf":{"@id":"http:\/\/arwann.com\/#website"},"primaryImageOfPage":{"@id":"http:\/\/arwann.com\/?product=le-corbeau-de-la-loue-1350e#primaryimage"},"image":{"@id":"http:\/\/arwann.com\/?product=le-corbeau-de-la-loue-1350e#primaryimage"},"thumbnailUrl":"http:\/\/arwann.com\/wp-content\/uploads\/2015\/05\/Livre-icone-Corbeau-de-la-Loue.png","datePublished":"2015-05-22T14:51:01+00:00","dateModified":"2024-07-07T16:43:41+00:00","breadcrumb":{"@id":"http:\/\/arwann.com\/?product=le-corbeau-de-la-loue-1350e#breadcrumb"},"inLanguage":"fr-FR","potentialAction":[{"@type":"ReadAction","target":["http:\/\/arwann.com\/?product=le-corbeau-de-la-loue-1350e"]}]},{"@type":"ImageObject","inLanguage":"fr-FR","@id":"http:\/\/arwann.com\/?product=le-corbeau-de-la-loue-1350e#primaryimage","url":"http:\/\/arwann.com\/wp-content\/uploads\/2015\/05\/Livre-icone-Corbeau-de-la-Loue.png","contentUrl":"http:\/\/arwann.com\/wp-content\/uploads\/2015\/05\/Livre-icone-Corbeau-de-la-Loue.png","width":768,"height":768},{"@type":"BreadcrumbList","@id":"http:\/\/arwann.com\/?product=le-corbeau-de-la-loue-1350e#breadcrumb","itemListElement":[{"@type":"ListItem","position":1,"name":"Home","item":"http:\/\/arwann.com\/"},{"@type":"ListItem","position":2,"name":"\u00e9ditions Arwann","item":"http:\/\/arwann.com\/?page_id=83"},{"@type":"ListItem","position":3,"name":"Le Corbeau de la Loue (15\u20ac)"}]},{"@type":"WebSite","@id":"http:\/\/arwann.com\/#website","url":"http:\/\/arwann.com\/","name":"Arwann.com","description":"","publisher":{"@id":"http:\/\/arwann.com\/#organization"},"potentialAction":[{"@type":"SearchAction","target":{"@type":"EntryPoint","urlTemplate":"http:\/\/arwann.com\/?s={search_term_string}"},"query-input":{"@type":"PropertyValueSpecification","valueRequired":true,"valueName":"search_term_string"}}],"inLanguage":"fr-FR"},{"@type":"Organization","@id":"http:\/\/arwann.com\/#organization","name":"Arwann","url":"http:\/\/arwann.com\/","logo":{"@type":"ImageObject","inLanguage":"fr-FR","@id":"http:\/\/arwann.com\/#\/schema\/logo\/image\/","url":"http:\/\/arwann.com\/wp-content\/uploads\/2014\/04\/cropped-bandeau-arwann-5.png","contentUrl":"http:\/\/arwann.com\/wp-content\/uploads\/2014\/04\/cropped-bandeau-arwann-5.png","width":1600,"height":230,"caption":"Arwann"},"image":{"@id":"http:\/\/arwann.com\/#\/schema\/logo\/image\/"}}]}},"_links":{"self":[{"href":"http:\/\/arwann.com\/index.php?rest_route=\/wp\/v2\/product\/2750","targetHints":{"allow":["GET"]}}],"collection":[{"href":"http:\/\/arwann.com\/index.php?rest_route=\/wp\/v2\/product"}],"about":[{"href":"http:\/\/arwann.com\/index.php?rest_route=\/wp\/v2\/types\/product"}],"replies":[{"embeddable":true,"href":"http:\/\/arwann.com\/index.php?rest_route=%2Fwp%2Fv2%2Fcomments&post=2750"}],"wp:featuredmedia":[{"embeddable":true,"href":"http:\/\/arwann.com\/index.php?rest_route=\/wp\/v2\/media\/2754"}],"wp:attachment":[{"href":"http:\/\/arwann.com\/index.php?rest_route=%2Fwp%2Fv2%2Fmedia&parent=2750"}],"wp:term":[{"taxonomy":"product_brand","embeddable":true,"href":"http:\/\/arwann.com\/index.php?rest_route=%2Fwp%2Fv2%2Fproduct_brand&post=2750"},{"taxonomy":"product_cat","embeddable":true,"href":"http:\/\/arwann.com\/index.php?rest_route=%2Fwp%2Fv2%2Fproduct_cat&post=2750"},{"taxonomy":"product_tag","embeddable":true,"href":"http:\/\/arwann.com\/index.php?rest_route=%2Fwp%2Fv2%2Fproduct_tag&post=2750"}],"curies":[{"name":"wp","href":"https:\/\/api.w.org\/{rel}","templated":true}]}}