{"id":952,"date":"2014-04-18T13:50:05","date_gmt":"2014-04-18T12:50:05","guid":{"rendered":"http:\/\/arwann.com\/?page_id=952"},"modified":"2015-05-08T11:09:21","modified_gmt":"2015-05-08T10:09:21","slug":"rappel","status":"publish","type":"page","link":"http:\/\/arwann.com\/?page_id=952","title":{"rendered":"Le rappel"},"content":{"rendered":"<p><img loading=\"lazy\" decoding=\"async\" class=\"alignright wp-image-892\" src=\"http:\/\/arwann.com\/wp-content\/uploads\/2014\/04\/bouton-scout.png\" alt=\"bouton scout\" width=\"200\" height=\"200\" srcset=\"http:\/\/arwann.com\/wp-content\/uploads\/2014\/04\/bouton-scout.png 400w, http:\/\/arwann.com\/wp-content\/uploads\/2014\/04\/bouton-scout-200x200.png 200w, http:\/\/arwann.com\/wp-content\/uploads\/2014\/04\/bouton-scout-100x100.png 100w, http:\/\/arwann.com\/wp-content\/uploads\/2014\/04\/bouton-scout-300x300.png 300w, http:\/\/arwann.com\/wp-content\/uploads\/2014\/04\/bouton-scout-150x150.png 150w\" sizes=\"auto, (max-width: 200px) 100vw, 200px\" \/>par Lama. \u00a0 <a href=\"http:\/\/arwann.com\/?page_id=29\">Le coin des scouts<\/a> -&gt; <a href=\"http:\/\/arwann.com\/?page_id=320\">N\u0153uds et cordages<\/a><\/p>\n<p style=\"text-align: justify;\">Et voil\u00e0 <a title=\"Noeuds de base\" href=\"http:\/\/arwann.com\/?page_id=332\">les douze n\u0153uds de base<\/a> sont connus. Voyons un exemple pratique qui utilise des n\u0153uds: le rappel.<\/p>\n<p style=\"text-align: justify;\">Au fait pourquoi cela s&rsquo;appelle-t-il rappel ? Simple, les alpinistes apr\u00e8s avoir escalad\u00e9 ne s&rsquo;amusaient pas \u00e0 d\u00e9-escalader pour descendre (d&rsquo;abord c&rsquo;est quasi impossible). Ils descendent \u00e0 l&rsquo;aide du rappel. Mais la corde qu&rsquo;ils utilisent, il faut pouvoir la rappeler depuis le bas, d&rsquo;o\u00f9 la mise en double de la corde. Il suffit de tirer sur un bout pour la r\u00e9cup\u00e9rer.<\/p>\n<p style=\"text-align: justify;\">Pour la corde d&rsquo;assurance on peut utiliser le n\u0153ud de chaise mais pour une s\u00e9curit\u00e9 absolue il est recommand\u00e9 d&rsquo;utiliser le n\u0153ud de huit en chaise car dans certains cas, si le n\u0153ud de chaise n&rsquo;a pas \u00e9t\u00e9 serr\u00e9 suffisamment, il risque de se d\u00e9faire (\u00e7a a d\u00fb arriver une fois quelque part alors on ne recommence plus). Ce n\u0153ud se construit de mani\u00e8re plus laborieuse que le n\u0153ud de chaise mais il est tr\u00e8s s\u00fbr m\u00eame s&rsquo;il n&rsquo;est pas serr\u00e9.<\/p>\n<p style=\"text-align: justify;\"><a href=\"http:\/\/arwann.com\/wp-content\/uploads\/2014\/04\/huit-double2.png\"><img loading=\"lazy\" decoding=\"async\" class=\"aligncenter wp-image-956 size-medium\" src=\"http:\/\/arwann.com\/wp-content\/uploads\/2014\/04\/huit-double2-300x221.png\" alt=\"huit double2\" width=\"300\" height=\"221\" srcset=\"http:\/\/arwann.com\/wp-content\/uploads\/2014\/04\/huit-double2-300x221.png 300w, http:\/\/arwann.com\/wp-content\/uploads\/2014\/04\/huit-double2.png 369w\" sizes=\"auto, (max-width: 300px) 100vw, 300px\" \/><\/a><\/p>\n<p style=\"text-align: justify;\">Lorsqu&rsquo;on fait du rappel il ne faut pas l\u00e9siner sur la s\u00e9curit\u00e9. Il faut pr\u00e9voir un deuxi\u00e8me ancrage au cas o\u00f9 le premier l\u00e2chait. Ensuite, sur le bord de la falaise on peut rajouter une main courante pour pouvoir s&rsquo;y accrocher,<\/p>\n<p style=\"text-align: justify;\"><a href=\"http:\/\/arwann.com\/wp-content\/uploads\/2014\/04\/rappel2.png\"><img loading=\"lazy\" decoding=\"async\" class=\"aligncenter wp-image-955 size-full\" src=\"http:\/\/arwann.com\/wp-content\/uploads\/2014\/04\/rappel2.png\" alt=\"rappel2\" width=\"402\" height=\"383\" srcset=\"http:\/\/arwann.com\/wp-content\/uploads\/2014\/04\/rappel2.png 402w, http:\/\/arwann.com\/wp-content\/uploads\/2014\/04\/rappel2-300x286.png 300w\" sizes=\"auto, (max-width: 402px) 100vw, 402px\" \/><\/a>Enfin le n\u0153ud (ou la technique) de freinage, celui qui assure la retenue du corps le long de la corde de rappel. Pour cette retenue on utilise simplement le frottement de la corde sur un anneau m\u00e9tallique en forme de huit. Le frottement occasionn\u00e9 pendant la descente se transforme en chaleur qui se r\u00e9partit le long de la corde de rappel et qui se concentre dans l&rsquo;anneau en huit. Si on descend assez vite l&rsquo;anneau est vraiment chaud. Gr\u00e2ce \u00e0 ce frottement qui travaille avec le poids du corps on peut facilement contr\u00f4ler sa vitesse, une force infime en sortie de l&rsquo;anneau permet de bloquer la descente. On dit que le frottement amplifie cette force de contr\u00f4le (pour les matheux, qu&rsquo;ils sachent que c&rsquo;est de mani\u00e8re exponentielle).<\/p>\n<p style=\"text-align: justify;\"><a href=\"http:\/\/arwann.com\/wp-content\/uploads\/2014\/04\/Rappel-1.png\"><img loading=\"lazy\" decoding=\"async\" class=\"aligncenter wp-image-1148 size-full\" src=\"http:\/\/arwann.com\/wp-content\/uploads\/2014\/04\/Rappel-1.png\" alt=\"Rappel-1\" width=\"601\" height=\"582\" srcset=\"http:\/\/arwann.com\/wp-content\/uploads\/2014\/04\/Rappel-1.png 601w, http:\/\/arwann.com\/wp-content\/uploads\/2014\/04\/Rappel-1-300x291.png 300w\" sizes=\"auto, (max-width: 601px) 100vw, 601px\" \/><\/a><\/p>\n<h4 style=\"text-align: justify;\"><span style=\"color: #ff00ff;\">R\u00e9ponse \u00e0 la question pour les champions en topographie :<\/span><\/h4>\n<p style=\"text-align: justify;\">Qu&rsquo;est-ce donc un b\u00e9lier ? Un b\u00e9lier est un b\u00e9lier hydraulique; C&rsquo;est un syst\u00e8me tr\u00e8s ing\u00e9nieux invent\u00e9 par un des fr\u00e8res Montgolfier et son p\u00e8re qui utilise la force intrins\u00e8que d&rsquo;un \u00e9coulement d&rsquo;eau pour remonter l&rsquo;eau bien au-dessus de son cours. il n&rsquo;y a qu&rsquo;une seule pi\u00e8ce mobile, un clapet qui bat et qui en se fermant brusquement provoque des\u00a0\u00bb coups de b\u00e9lier\u00a0\u00bb (cognement brutal de l&rsquo;eau dans les tuyaux). cette surpression est utilis\u00e9e pour remonter l&rsquo;eau assez haut. ce syst\u00e8me marche jour et nuit pendant facilement 1\/2 si\u00e8cle avec un rendement extraordinaire pour l&rsquo;\u00e9poque, 70%. Sur le terrain on devrait trouver un sorte de bassin prolong\u00e9 par un long tuyau en fonte qui part dans la pente sur une ou plusieurs dizaines de m\u00e8tres. le fameux clapet est au bout de ce tuyau et c&rsquo;est l\u00e0 le d\u00e9part de la canalisation qui remonte l&rsquo;eau.<\/p>\n<p style=\"text-align: justify;\"><em>page pr\u00e9c\u00e9dente : <a title=\"Noeuds de base\" href=\"http:\/\/arwann.com\/?page_id=332\">les n\u0153uds de base<br \/>\n<\/a>page suivante : <a title=\"Frapper un br\u00ealage\" href=\"http:\/\/arwann.com\/?page_id=965\">frapper un br\u00ealage<\/a><\/em><\/p>\n","protected":false},"excerpt":{"rendered":"<p>par Lama. \u00a0 Le coin des scouts -&gt; N\u0153uds et cordages Et voil\u00e0 les douze n\u0153uds de base sont connus. Voyons un exemple pratique qui utilise des n\u0153uds: le rappel. Au fait pourquoi cela s&rsquo;appelle-t-il rappel ? Simple, les alpinistes apr\u00e8s avoir escalad\u00e9 ne s&rsquo;amusaient pas \u00e0 d\u00e9-escalader pour descendre (d&rsquo;abord c&rsquo;est quasi impossible). Ils &hellip; <a href=\"http:\/\/arwann.com\/?page_id=952\" class=\"more-link\">Continuer la lecture de <span class=\"screen-reader-text\">Le rappel<\/span> <span class=\"meta-nav\">&rarr;<\/span><\/a><\/p>\n","protected":false},"author":1,"featured_media":0,"parent":320,"menu_order":0,"comment_status":"open","ping_status":"open","template":"","meta":{"footnotes":""},"class_list":["post-952","page","type-page","status-publish","hentry"],"yoast_head":"<!-- This site is optimized with the Yoast SEO plugin v27.2 - https:\/\/yoast.com\/product\/yoast-seo-wordpress\/ -->\n<title>Le rappel -<\/title>\n<meta name=\"description\" content=\"le rappel au scout\" \/>\n<meta name=\"robots\" content=\"index, follow, max-snippet:-1, max-image-preview:large, max-video-preview:-1\" \/>\n<link rel=\"canonical\" href=\"http:\/\/arwann.com\/?page_id=952\" \/>\n<meta property=\"og:locale\" content=\"fr_FR\" \/>\n<meta property=\"og:type\" content=\"article\" \/>\n<meta property=\"og:title\" content=\"Le rappel -\" \/>\n<meta property=\"og:description\" content=\"le rappel au scout\" \/>\n<meta property=\"og:url\" content=\"http:\/\/arwann.com\/?page_id=952\" \/>\n<meta property=\"article:modified_time\" content=\"2015-05-08T10:09:21+00:00\" \/>\n<meta property=\"og:image\" content=\"http:\/\/arwann.com\/wp-content\/uploads\/2014\/04\/bouton-scout.png\" \/>\n<meta name=\"twitter:label1\" content=\"Dur\u00e9e de lecture estim\u00e9e\" \/>\n\t<meta name=\"twitter:data1\" content=\"3 minutes\" \/>\n<script type=\"application\/ld+json\" class=\"yoast-schema-graph\">{\"@context\":\"https:\/\/schema.org\",\"@graph\":[{\"@type\":\"WebPage\",\"@id\":\"http:\/\/arwann.com\/?page_id=952\",\"url\":\"http:\/\/arwann.com\/?page_id=952\",\"name\":\"Le rappel -\",\"isPartOf\":{\"@id\":\"http:\/\/arwann.com\/#website\"},\"primaryImageOfPage\":{\"@id\":\"http:\/\/arwann.com\/?page_id=952#primaryimage\"},\"image\":{\"@id\":\"http:\/\/arwann.com\/?page_id=952#primaryimage\"},\"thumbnailUrl\":\"http:\/\/arwann.com\/wp-content\/uploads\/2014\/04\/bouton-scout.png\",\"datePublished\":\"2014-04-18T12:50:05+00:00\",\"dateModified\":\"2015-05-08T10:09:21+00:00\",\"description\":\"le rappel au scout\",\"breadcrumb\":{\"@id\":\"http:\/\/arwann.com\/?page_id=952#breadcrumb\"},\"inLanguage\":\"fr-FR\",\"potentialAction\":[{\"@type\":\"ReadAction\",\"target\":[\"http:\/\/arwann.com\/?page_id=952\"]}]},{\"@type\":\"ImageObject\",\"inLanguage\":\"fr-FR\",\"@id\":\"http:\/\/arwann.com\/?page_id=952#primaryimage\",\"url\":\"http:\/\/arwann.com\/wp-content\/uploads\/2014\/04\/bouton-scout.png\",\"contentUrl\":\"http:\/\/arwann.com\/wp-content\/uploads\/2014\/04\/bouton-scout.png\",\"width\":400,\"height\":400},{\"@type\":\"BreadcrumbList\",\"@id\":\"http:\/\/arwann.com\/?page_id=952#breadcrumb\",\"itemListElement\":[{\"@type\":\"ListItem\",\"position\":1,\"name\":\"Home\",\"item\":\"https:\/\/arwann.com\/\"},{\"@type\":\"ListItem\",\"position\":2,\"name\":\"Le coin des Scouts\",\"item\":\"https:\/\/arwann.com\/?page_id=29\"},{\"@type\":\"ListItem\",\"position\":3,\"name\":\"Noeuds et cordages\",\"item\":\"https:\/\/arwann.com\/?page_id=320\"},{\"@type\":\"ListItem\",\"position\":4,\"name\":\"Le rappel\"}]},{\"@type\":\"WebSite\",\"@id\":\"http:\/\/arwann.com\/#website\",\"url\":\"http:\/\/arwann.com\/\",\"name\":\"Arwann.com\",\"description\":\"\",\"publisher\":{\"@id\":\"http:\/\/arwann.com\/#organization\"},\"potentialAction\":[{\"@type\":\"SearchAction\",\"target\":{\"@type\":\"EntryPoint\",\"urlTemplate\":\"http:\/\/arwann.com\/?s={search_term_string}\"},\"query-input\":{\"@type\":\"PropertyValueSpecification\",\"valueRequired\":true,\"valueName\":\"search_term_string\"}}],\"inLanguage\":\"fr-FR\"},{\"@type\":\"Organization\",\"@id\":\"http:\/\/arwann.com\/#organization\",\"name\":\"Arwann\",\"url\":\"http:\/\/arwann.com\/\",\"logo\":{\"@type\":\"ImageObject\",\"inLanguage\":\"fr-FR\",\"@id\":\"http:\/\/arwann.com\/#\/schema\/logo\/image\/\",\"url\":\"http:\/\/arwann.com\/wp-content\/uploads\/2014\/04\/cropped-bandeau-arwann-5.png\",\"contentUrl\":\"http:\/\/arwann.com\/wp-content\/uploads\/2014\/04\/cropped-bandeau-arwann-5.png\",\"width\":1600,\"height\":230,\"caption\":\"Arwann\"},\"image\":{\"@id\":\"http:\/\/arwann.com\/#\/schema\/logo\/image\/\"}}]}<\/script>\n<!-- \/ Yoast SEO plugin. -->","yoast_head_json":{"title":"Le rappel -","description":"le rappel au scout","robots":{"index":"index","follow":"follow","max-snippet":"max-snippet:-1","max-image-preview":"max-image-preview:large","max-video-preview":"max-video-preview:-1"},"canonical":"http:\/\/arwann.com\/?page_id=952","og_locale":"fr_FR","og_type":"article","og_title":"Le rappel -","og_description":"le rappel au scout","og_url":"http:\/\/arwann.com\/?page_id=952","article_modified_time":"2015-05-08T10:09:21+00:00","og_image":[{"url":"http:\/\/arwann.com\/wp-content\/uploads\/2014\/04\/bouton-scout.png","type":"","width":"","height":""}],"twitter_misc":{"Dur\u00e9e de lecture estim\u00e9e":"3 minutes"},"schema":{"@context":"https:\/\/schema.org","@graph":[{"@type":"WebPage","@id":"http:\/\/arwann.com\/?page_id=952","url":"http:\/\/arwann.com\/?page_id=952","name":"Le rappel -","isPartOf":{"@id":"http:\/\/arwann.com\/#website"},"primaryImageOfPage":{"@id":"http:\/\/arwann.com\/?page_id=952#primaryimage"},"image":{"@id":"http:\/\/arwann.com\/?page_id=952#primaryimage"},"thumbnailUrl":"http:\/\/arwann.com\/wp-content\/uploads\/2014\/04\/bouton-scout.png","datePublished":"2014-04-18T12:50:05+00:00","dateModified":"2015-05-08T10:09:21+00:00","description":"le rappel au scout","breadcrumb":{"@id":"http:\/\/arwann.com\/?page_id=952#breadcrumb"},"inLanguage":"fr-FR","potentialAction":[{"@type":"ReadAction","target":["http:\/\/arwann.com\/?page_id=952"]}]},{"@type":"ImageObject","inLanguage":"fr-FR","@id":"http:\/\/arwann.com\/?page_id=952#primaryimage","url":"http:\/\/arwann.com\/wp-content\/uploads\/2014\/04\/bouton-scout.png","contentUrl":"http:\/\/arwann.com\/wp-content\/uploads\/2014\/04\/bouton-scout.png","width":400,"height":400},{"@type":"BreadcrumbList","@id":"http:\/\/arwann.com\/?page_id=952#breadcrumb","itemListElement":[{"@type":"ListItem","position":1,"name":"Home","item":"https:\/\/arwann.com\/"},{"@type":"ListItem","position":2,"name":"Le coin des Scouts","item":"https:\/\/arwann.com\/?page_id=29"},{"@type":"ListItem","position":3,"name":"Noeuds et cordages","item":"https:\/\/arwann.com\/?page_id=320"},{"@type":"ListItem","position":4,"name":"Le rappel"}]},{"@type":"WebSite","@id":"http:\/\/arwann.com\/#website","url":"http:\/\/arwann.com\/","name":"Arwann.com","description":"","publisher":{"@id":"http:\/\/arwann.com\/#organization"},"potentialAction":[{"@type":"SearchAction","target":{"@type":"EntryPoint","urlTemplate":"http:\/\/arwann.com\/?s={search_term_string}"},"query-input":{"@type":"PropertyValueSpecification","valueRequired":true,"valueName":"search_term_string"}}],"inLanguage":"fr-FR"},{"@type":"Organization","@id":"http:\/\/arwann.com\/#organization","name":"Arwann","url":"http:\/\/arwann.com\/","logo":{"@type":"ImageObject","inLanguage":"fr-FR","@id":"http:\/\/arwann.com\/#\/schema\/logo\/image\/","url":"http:\/\/arwann.com\/wp-content\/uploads\/2014\/04\/cropped-bandeau-arwann-5.png","contentUrl":"http:\/\/arwann.com\/wp-content\/uploads\/2014\/04\/cropped-bandeau-arwann-5.png","width":1600,"height":230,"caption":"Arwann"},"image":{"@id":"http:\/\/arwann.com\/#\/schema\/logo\/image\/"}}]}},"_links":{"self":[{"href":"http:\/\/arwann.com\/index.php?rest_route=\/wp\/v2\/pages\/952","targetHints":{"allow":["GET"]}}],"collection":[{"href":"http:\/\/arwann.com\/index.php?rest_route=\/wp\/v2\/pages"}],"about":[{"href":"http:\/\/arwann.com\/index.php?rest_route=\/wp\/v2\/types\/page"}],"author":[{"embeddable":true,"href":"http:\/\/arwann.com\/index.php?rest_route=\/wp\/v2\/users\/1"}],"replies":[{"embeddable":true,"href":"http:\/\/arwann.com\/index.php?rest_route=%2Fwp%2Fv2%2Fcomments&post=952"}],"version-history":[{"count":10,"href":"http:\/\/arwann.com\/index.php?rest_route=\/wp\/v2\/pages\/952\/revisions"}],"predecessor-version":[{"id":2736,"href":"http:\/\/arwann.com\/index.php?rest_route=\/wp\/v2\/pages\/952\/revisions\/2736"}],"up":[{"embeddable":true,"href":"http:\/\/arwann.com\/index.php?rest_route=\/wp\/v2\/pages\/320"}],"wp:attachment":[{"href":"http:\/\/arwann.com\/index.php?rest_route=%2Fwp%2Fv2%2Fmedia&parent=952"}],"curies":[{"name":"wp","href":"https:\/\/api.w.org\/{rel}","templated":true}]}}