{"id":863,"date":"2014-04-17T17:06:20","date_gmt":"2014-04-17T16:06:20","guid":{"rendered":"http:\/\/arwann.com\/?page_id=863"},"modified":"2014-05-12T09:20:03","modified_gmt":"2014-05-12T08:20:03","slug":"scoutisme-paroisses","status":"publish","type":"page","link":"http:\/\/arwann.com\/?page_id=863","title":{"rendered":"Scoutisme et paroisses"},"content":{"rendered":"<p style=\"text-align: justify;\"><a href=\"http:\/\/arwann.com\/wp-content\/uploads\/2014\/04\/parents.png\"><img loading=\"lazy\" decoding=\"async\" class=\"alignright wp-image-602\" src=\"http:\/\/arwann.com\/wp-content\/uploads\/2014\/04\/parents.png\" alt=\"parents\" width=\"200\" height=\"200\" srcset=\"http:\/\/arwann.com\/wp-content\/uploads\/2014\/04\/parents.png 400w, http:\/\/arwann.com\/wp-content\/uploads\/2014\/04\/parents-200x200.png 200w, http:\/\/arwann.com\/wp-content\/uploads\/2014\/04\/parents-100x100.png 100w, http:\/\/arwann.com\/wp-content\/uploads\/2014\/04\/parents-300x300.png 300w, http:\/\/arwann.com\/wp-content\/uploads\/2014\/04\/parents-150x150.png 150w\" sizes=\"auto, (max-width: 200px) 100vw, 200px\" \/><\/a><a name=\"Haut\"><\/a>Par Gerfaut.<\/p>\n<p style=\"text-align: justify;\">\u00a0C&rsquo;est un fait que, depuis l&rsquo;origine, les relations entre les troupes scoutes et les paroisses ont \u00e9t\u00e9 difficiles et bien souvent conflictuelles. Alors que certains pr\u00eatres ont tr\u00e8s vite compris toute l&rsquo;importance du scoutisme et tout le bien qu&rsquo;on pouvait en attendre pour le salut des \u00e2mes (p\u00e8re Sevin), nombre de bons cur\u00e9s de paroisse, enseignant une excellente doctrine, ont imm\u00e9diatement consid\u00e9r\u00e9 les troupes de scouts avec une d\u00e9fiance latente quand ce n&rsquo;\u00e9tait pas une hostilit\u00e9 ouverte.<\/p>\n<p style=\"text-align: justify;\">Cette d\u00e9fiance s\u2019est appuy\u00e9e sur deux id\u00e9es ou deux tendances dans les paroisses : la tendance au cl\u00e9ricalisme qui voudrait un contr\u00f4le total de toute activit\u00e9 men\u00e9e par des baptis\u00e9s et l&rsquo;inqui\u00e9tude devant un mouvement dont la finalit\u00e9 semblait \u00e9loign\u00e9e de la formation de la pi\u00e9t\u00e9 chez les jeunes.<\/p>\n<p style=\"text-align: justify;\"><strong>Le cl\u00e9ricalisme<\/strong><\/p>\n<p style=\"text-align: justify;\">La tendance au cl\u00e9ricalisme s&rsquo;est traduite par les tentatives de cr\u00e9ation de confr\u00e9ries pieuses d\u00e9guis\u00e9es en scouts : les C\u0153urs Vaillants. Ces tentatives ont g\u00e9n\u00e9ralement \u00e9chou\u00e9 d\u00e8s qu&rsquo;on a cess\u00e9 de les tenir \u00e0 bout de bras. Surtout, elles n&rsquo;ont pas donn\u00e9 de fruits. Ces tentatives sont \u00e0 mettre sur le m\u00eame plan que la tentative d\u2019enr\u00e9gimenter les activit\u00e9s politiques des catholiques sous le contr\u00f4le eccl\u00e9siastique. Ce fut l&rsquo;action catholique et les partis d\u00e9mocrates chr\u00e9tiens. L\u2019erreur de ces tentatives est \u00e0 imputer \u00e0 l\u2019impossible amalgame entre la fin surnaturelle de l\u2019\u00c9glise et la fin naturelle de la soci\u00e9t\u00e9 civile.<\/p>\n<p style=\"text-align: justify;\"><strong>Le surnaturalisme<\/strong><\/p>\n<p style=\"text-align: justify;\">La tendance au surnaturalisme s&rsquo;est traduite par l&rsquo;ing\u00e9rence envahissante de l&rsquo;aum\u00f4nier qui cherchait \u00e0 multiplier les exercices de pi\u00e9t\u00e9 afin de transformer la troupe scoute en une croisade eucharistique ou un patronage. Cette seconde tendance a pour r\u00e9sultat de st\u00e9riliser le scoutisme tr\u00e8s rapidement, exactement comme une famille dont le p\u00e8re s&rsquo;imaginerait \u00e9duquer d&rsquo;autant mieux ses enfants qu&rsquo;il les contraindrait \u00e0 un nombre croissant de d\u00e9votions.<\/p>\n<p style=\"text-align: justify;\"><strong>Comprendre l\u2019action du scoutisme<\/strong><\/p>\n<p style=\"text-align: justify;\">Ces quelques lignes se donnent pour objectif de faire prendre conscience aux confr\u00e8res eccl\u00e9siastiques que les particularit\u00e9s du scoutisme en font un mouvement de jeunesse r\u00e9ellement diff\u00e9rent.<\/p>\n<p style=\"text-align: justify;\">Le scoutisme poss\u00e8de une fin propre naturelle (et non surnaturelle), exactement comme la famille, exactement comme l&rsquo;\u00e9cole. Dans la soci\u00e9t\u00e9 moderne, la famille trouve bien difficilement les moyens de g\u00e9rer la crise d&rsquo;adolescence entre 12 ans et 16 ans pour assurer la transition harmonieuse de l&rsquo;enfant qui passe \u00e0 l&rsquo;\u00e2ge adulte elle doit alors se tourner vers une structure qui sera capable de l\u2019aider. C\u2019est d\u00e9j\u00e0 ainsi qu\u2019elle agit, lorsqu\u2019elle s\u2019aper\u00e7oit qu\u2019elle n&rsquo;a pas tous les moyens d&rsquo;assurer l&rsquo;instruction int\u00e9grale de ses enfants et qu&rsquo;elle est oblig\u00e9e de la d\u00e9l\u00e9guer \u00e0 l&rsquo;\u00e9cole,<\/p>\n<p style=\"text-align: justify;\">L&rsquo;\u00c9glise poss\u00e8de les moyens d&rsquo;ordonner les hommes \u00e0 la fin surnaturelle mais elle ne poss\u00e8de pas les moyens d&rsquo;ordonner \u00e0 la fin naturelle prochaine. Ceci est vrai pour l\u2019enfant qui doit devenir un adulte et c\u2019est vrai pour l\u2019homme adulte qui trouve son ach\u00e8vement par la vie dans la soci\u00e9t\u00e9. L\u2019\u00c9glise ne peut rien faire dans ce domaine, par manque de moyens et bien souvent par inaptitude. L\u2019\u00c9glise a besoin pour cela de la cit\u00e9 terrestre\u00a0: de la famille, de l&rsquo;\u00e9cole, de tous les corps interm\u00e9diaires. Parmi ces soci\u00e9t\u00e9s imparfaites mais n\u00e9cessaires, il faut inclure le scoutisme.<\/p>\n<p style=\"text-align: justify;\">Cependant, ces fins naturelles prochaines doivent elles-m\u00eames \u00eatre ordonn\u00e9es \u00e0 une fin surnaturelle. L\u2019\u00c9glise a donc un droit de regard et une autorit\u00e9 indirecte dans le domaine naturel. Vis-\u00e0-vis du scoutisme, l&rsquo;aum\u00f4nier aura donc une autorit\u00e9 indirecte, mais il n&rsquo;a pas comp\u00e9tence pour changer ni la fin propre du scoutisme ni les moyens essentiels qui lui permettent d&rsquo;atteindre ais\u00e9ment sa fin. Il doit seulement veiller \u00e0 ce que les moyens naturels ne fassent pas obstacle \u00e0 la fin surnaturelle. Il appara\u00eet alors clairement que l\u2019aum\u00f4nier doit avoir la connaissance de cette fin du scoutisme et des moyens essentiels employ\u00e9s par ce mouvement.<\/p>\n<p style=\"text-align: justify;\"><strong>Veiller sans interf\u00e9rer<\/strong><\/p>\n<p style=\"text-align: justify;\">Il faut donc que le cur\u00e9, le prieur, le chapelain ou tout autre responsable eccl\u00e9siastique de fid\u00e8les soit parfaitement conscient que les moyens surnaturels dont il dispose ne sont pas ordonn\u00e9s en eux-m\u00eames \u00e0 assurer le passage naturel harmonieux de l&rsquo;enfance \u00e0 l&rsquo;\u00e2ge adulte en passant par l&rsquo;adolescence. La saintet\u00e9 de l&rsquo;enfant, aussi belle soit-elle, ne supprimera pas \u00e0 elle seule les difficult\u00e9s de la transition \u00e0 travers la crise d&rsquo;adolescence.<\/p>\n<p style=\"text-align: justify;\">L&rsquo;existence d&rsquo;une troupe de scouts ou de guides qui fonctionne bien est alors une aubaine inesp\u00e9r\u00e9e pour une paroisse.<\/p>\n<p style=\"text-align: justify;\"><strong>Corollaires<\/strong><\/p>\n<p style=\"text-align: justify;\">Il convient alors d\u2019apporter quelques r\u00e9flexions ou pr\u00e9cisions importantes \u00e0 ce sujet :<\/p>\n<p style=\"text-align: justify;\">La troupe n&rsquo;est pas un satellite de la paroisse comme un patronage, ou la croisade eucharistique, ou le club de football paroissial. Une troupe scoute qui favorise le salut \u00e9ternel n&rsquo;est pas n\u00e9cessairement celle o\u00f9 il y a le plus de d\u00e9votions apparentes mais celle o\u00f9 la m\u00e9thode scoute est le mieux appliqu\u00e9e. (Exactement comme pour l&rsquo;\u00e9ducation des enfants dans une famille).<\/p>\n<p style=\"text-align: justify;\">L\u2019aum\u00f4nier doit \u00eatre tr\u00e8s prudent quand il intervient dans le fonctionnement d\u2019une troupe. Certes, il d\u00e9tient tous les moyens d&rsquo;imposer sa volont\u00e9 en faisant pression morale sur les parents ou sur le chef de groupe mais s&rsquo;il ne respecte pas la nature du scoutisme, sa fin et ses moyens propres, non seulement il st\u00e9rilise cette m\u00e9thode, mais il n&rsquo;obtiendra pas du tout les bons chr\u00e9tiens qu\u2019il voudrait : le forcing spirituel aux d\u00e9pens de la formation du caract\u00e8re ne produit plus des hommes, il produit<strong> des r\u00e9volt\u00e9s, des tricheurs ou des nouilles<\/strong>.<\/p>\n<p style=\"text-align: justify;\">Le scoutisme n&rsquo;a qu&rsquo;une utilit\u00e9 transitoire le temps du passage de l\u2019adolescence. Il ne faut pas essayer de le prolonger ind\u00e9finiment pour garder les jeunes gens dans un vivier facilement contr\u00f4lable. C\u2019est le grand mirage des scouts a\u00een\u00e9s et des routiers. La formation des routiers, tellement vant\u00e9e par tous les mouvements de scoutisme, n\u2019a aucune utilit\u00e9 pratique car les qualit\u00e9s d&rsquo;adulte du jeune homme s&rsquo;acqui\u00e8rent d\u00e9sormais par la prise de responsabilit\u00e9s d&rsquo;adulte dans la soci\u00e9t\u00e9 civile.<\/p>\n<p style=\"text-align: justify;\"><strong>Une fraternit\u00e9 ma\u00e7onnique\u00a0?<\/strong><\/p>\n<p style=\"text-align: justify;\">Il existe un autre foyer de m\u00e9fiance de l\u2019\u00c9glise envers le scoutisme. Il arrive que certains pr\u00eatres s&rsquo;inqui\u00e8tent de la fraternit\u00e9 scoute et y voient une esp\u00e8ce de fraternit\u00e9 ma\u00e7onnique qui transcende toutes les diff\u00e9rences religieuses. Ce sont g\u00e9n\u00e9ralement des pr\u00eatres qui n&rsquo;ont jamais v\u00e9cu le scoutisme ou alors qui y sont venus sur le tard, sans l\u2019avoir v\u00e9cu comme adolescent. Ces pr\u00eatres-l\u00e0 auraient \u00e9t\u00e9 d\u00e9tromp\u00e9s par l\u2019exp\u00e9rience.<\/p>\n<p style=\"text-align: justify;\">Autant vaudrait s&rsquo;inqui\u00e9ter de ce que l&rsquo;affection familiale subsiste m\u00eame lorsque des enfants tournent mal et perdent la foi. La fin propre de la famille \u00e9tant une fin naturelle, l&rsquo;amiti\u00e9 sociale qui d\u00e9coule de cette fin naturelle subsiste l\u00e9gitimement (tant qu&rsquo;il n&rsquo;y a pas de coop\u00e9ration au p\u00e9ch\u00e9) m\u00eame s&rsquo;il y a plus d&rsquo;union dans la foi. Ainsi il existe l\u00e9gitimement une sympathie entre jeunes gens qui pratiquent le scoutisme. Cette sympathie est naturelle et elle ne relativise pas la foi.<\/p>\n<p style=\"text-align: justify;\">Dans le cadre favorable du scoutisme, les relations naturelles d&rsquo;amiti\u00e9 favoriseront toujours la conversion du scout pa\u00efen, tandis qu&rsquo;on doit \u00eatre beaucoup plus prudent pour les amiti\u00e9s dans le cadre du monde qui favorisent de tous c\u00f4t\u00e9s l&rsquo;apostasie de l&rsquo;ami chr\u00e9tien. Au lieu d\u2019\u00eatre consid\u00e9r\u00e9e avec m\u00e9fiance, la fraternit\u00e9 scoute devrait \u00eatre per\u00e7ue comme l\u2019occasion d\u2019apprendre \u00e0 pratiquer l\u2019apostolat dans des conditions particuli\u00e8rement favorables. L&rsquo;exp\u00e9rience montre que dans ce domaine, un bon scout parvenu \u00e0 l\u2019\u00e2ge adulte, sera g\u00e9n\u00e9ralement beaucoup plus audacieux et bien plus adroit que l\u2019ancien bon petit \u00e9lev\u00e9 en serre chaude au sein des \u0153uvres paroissiales dirig\u00e9es.<\/p>\n<p style=\"text-align: justify;\"><a href=\"#Haut\">Retour en haut<\/a><em><br \/>\npage pr\u00e9c\u00e9dente : <\/em><a title=\"La formation des jeunes : l\u2019apport du scoutisme\" href=\"http:\/\/arwann.com\/?page_id=721\">la formation des jeunes, l&rsquo;apport du scoutisme<\/a><br \/>\n<em>page suivante : <a title=\"Eclaireuses et f\u00e9minit\u00e9\" href=\"http:\/\/arwann.com\/?page_id=974\">Eclaireuses et f\u00e9minit\u00e9<\/a><\/em><\/p>\n","protected":false},"excerpt":{"rendered":"<p>Par Gerfaut. \u00a0C&rsquo;est un fait que, depuis l&rsquo;origine, les relations entre les troupes scoutes et les paroisses ont \u00e9t\u00e9 difficiles et bien souvent conflictuelles. Alors que certains pr\u00eatres ont tr\u00e8s vite compris toute l&rsquo;importance du scoutisme et tout le bien qu&rsquo;on pouvait en attendre pour le salut des \u00e2mes (p\u00e8re Sevin), nombre de bons cur\u00e9s &hellip; <a href=\"http:\/\/arwann.com\/?page_id=863\" class=\"more-link\">Continuer la lecture de <span class=\"screen-reader-text\">Scoutisme et paroisses<\/span> <span class=\"meta-nav\">&rarr;<\/span><\/a><\/p>\n","protected":false},"author":1,"featured_media":0,"parent":1205,"menu_order":0,"comment_status":"open","ping_status":"open","template":"","meta":{"footnotes":""},"class_list":["post-863","page","type-page","status-publish","hentry"],"yoast_head":"<!-- This site is optimized with the Yoast SEO plugin v27.2 - https:\/\/yoast.com\/product\/yoast-seo-wordpress\/ -->\n<title>Scoutisme et paroisses -<\/title>\n<meta name=\"robots\" content=\"index, follow, max-snippet:-1, max-image-preview:large, max-video-preview:-1\" \/>\n<link rel=\"canonical\" href=\"http:\/\/arwann.com\/?page_id=863\" \/>\n<meta property=\"og:locale\" content=\"fr_FR\" \/>\n<meta property=\"og:type\" content=\"article\" \/>\n<meta property=\"og:title\" content=\"Scoutisme et paroisses -\" \/>\n<meta property=\"og:description\" content=\"Par Gerfaut. \u00a0C&rsquo;est un fait que, depuis l&rsquo;origine, les relations entre les troupes scoutes et les paroisses ont \u00e9t\u00e9 difficiles et bien souvent conflictuelles. Alors que certains pr\u00eatres ont tr\u00e8s vite compris toute l&rsquo;importance du scoutisme et tout le bien qu&rsquo;on pouvait en attendre pour le salut des \u00e2mes (p\u00e8re Sevin), nombre de bons cur\u00e9s &hellip; Continuer la lecture de Scoutisme et paroisses &rarr;\" \/>\n<meta property=\"og:url\" content=\"http:\/\/arwann.com\/?page_id=863\" \/>\n<meta property=\"article:modified_time\" content=\"2014-05-12T08:20:03+00:00\" \/>\n<meta property=\"og:image\" content=\"http:\/\/arwann.com\/wp-content\/uploads\/2014\/04\/parents.png\" \/>\n<meta name=\"twitter:label1\" content=\"Dur\u00e9e de lecture estim\u00e9e\" \/>\n\t<meta name=\"twitter:data1\" content=\"7 minutes\" \/>\n<script type=\"application\/ld+json\" class=\"yoast-schema-graph\">{\"@context\":\"https:\/\/schema.org\",\"@graph\":[{\"@type\":\"WebPage\",\"@id\":\"http:\/\/arwann.com\/?page_id=863\",\"url\":\"http:\/\/arwann.com\/?page_id=863\",\"name\":\"Scoutisme et paroisses -\",\"isPartOf\":{\"@id\":\"http:\/\/arwann.com\/#website\"},\"primaryImageOfPage\":{\"@id\":\"http:\/\/arwann.com\/?page_id=863#primaryimage\"},\"image\":{\"@id\":\"http:\/\/arwann.com\/?page_id=863#primaryimage\"},\"thumbnailUrl\":\"http:\/\/arwann.com\/wp-content\/uploads\/2014\/04\/parents.png\",\"datePublished\":\"2014-04-17T16:06:20+00:00\",\"dateModified\":\"2014-05-12T08:20:03+00:00\",\"breadcrumb\":{\"@id\":\"http:\/\/arwann.com\/?page_id=863#breadcrumb\"},\"inLanguage\":\"fr-FR\",\"potentialAction\":[{\"@type\":\"ReadAction\",\"target\":[\"http:\/\/arwann.com\/?page_id=863\"]}]},{\"@type\":\"ImageObject\",\"inLanguage\":\"fr-FR\",\"@id\":\"http:\/\/arwann.com\/?page_id=863#primaryimage\",\"url\":\"http:\/\/arwann.com\/wp-content\/uploads\/2014\/04\/parents.png\",\"contentUrl\":\"http:\/\/arwann.com\/wp-content\/uploads\/2014\/04\/parents.png\",\"width\":400,\"height\":400},{\"@type\":\"BreadcrumbList\",\"@id\":\"http:\/\/arwann.com\/?page_id=863#breadcrumb\",\"itemListElement\":[{\"@type\":\"ListItem\",\"position\":1,\"name\":\"Home\",\"item\":\"http:\/\/arwann.com\/\"},{\"@type\":\"ListItem\",\"position\":2,\"name\":\"La Maison\",\"item\":\"http:\/\/arwann.com\/?page_id=35\"},{\"@type\":\"ListItem\",\"position\":3,\"name\":\"l&rsquo;unit\u00e9 scoute et les autres mouvements \/ organisations\",\"item\":\"https:\/\/arwann.com\/?page_id=1205\"},{\"@type\":\"ListItem\",\"position\":4,\"name\":\"Scoutisme et paroisses\"}]},{\"@type\":\"WebSite\",\"@id\":\"http:\/\/arwann.com\/#website\",\"url\":\"http:\/\/arwann.com\/\",\"name\":\"Arwann.com\",\"description\":\"\",\"publisher\":{\"@id\":\"http:\/\/arwann.com\/#organization\"},\"potentialAction\":[{\"@type\":\"SearchAction\",\"target\":{\"@type\":\"EntryPoint\",\"urlTemplate\":\"http:\/\/arwann.com\/?s={search_term_string}\"},\"query-input\":{\"@type\":\"PropertyValueSpecification\",\"valueRequired\":true,\"valueName\":\"search_term_string\"}}],\"inLanguage\":\"fr-FR\"},{\"@type\":\"Organization\",\"@id\":\"http:\/\/arwann.com\/#organization\",\"name\":\"Arwann\",\"url\":\"http:\/\/arwann.com\/\",\"logo\":{\"@type\":\"ImageObject\",\"inLanguage\":\"fr-FR\",\"@id\":\"http:\/\/arwann.com\/#\/schema\/logo\/image\/\",\"url\":\"http:\/\/arwann.com\/wp-content\/uploads\/2014\/04\/cropped-bandeau-arwann-5.png\",\"contentUrl\":\"http:\/\/arwann.com\/wp-content\/uploads\/2014\/04\/cropped-bandeau-arwann-5.png\",\"width\":1600,\"height\":230,\"caption\":\"Arwann\"},\"image\":{\"@id\":\"http:\/\/arwann.com\/#\/schema\/logo\/image\/\"}}]}<\/script>\n<!-- \/ Yoast SEO plugin. -->","yoast_head_json":{"title":"Scoutisme et paroisses -","robots":{"index":"index","follow":"follow","max-snippet":"max-snippet:-1","max-image-preview":"max-image-preview:large","max-video-preview":"max-video-preview:-1"},"canonical":"http:\/\/arwann.com\/?page_id=863","og_locale":"fr_FR","og_type":"article","og_title":"Scoutisme et paroisses -","og_description":"Par Gerfaut. \u00a0C&rsquo;est un fait que, depuis l&rsquo;origine, les relations entre les troupes scoutes et les paroisses ont \u00e9t\u00e9 difficiles et bien souvent conflictuelles. Alors que certains pr\u00eatres ont tr\u00e8s vite compris toute l&rsquo;importance du scoutisme et tout le bien qu&rsquo;on pouvait en attendre pour le salut des \u00e2mes (p\u00e8re Sevin), nombre de bons cur\u00e9s &hellip; Continuer la lecture de Scoutisme et paroisses &rarr;","og_url":"http:\/\/arwann.com\/?page_id=863","article_modified_time":"2014-05-12T08:20:03+00:00","og_image":[{"url":"http:\/\/arwann.com\/wp-content\/uploads\/2014\/04\/parents.png","type":"","width":"","height":""}],"twitter_misc":{"Dur\u00e9e de lecture estim\u00e9e":"7 minutes"},"schema":{"@context":"https:\/\/schema.org","@graph":[{"@type":"WebPage","@id":"http:\/\/arwann.com\/?page_id=863","url":"http:\/\/arwann.com\/?page_id=863","name":"Scoutisme et paroisses -","isPartOf":{"@id":"http:\/\/arwann.com\/#website"},"primaryImageOfPage":{"@id":"http:\/\/arwann.com\/?page_id=863#primaryimage"},"image":{"@id":"http:\/\/arwann.com\/?page_id=863#primaryimage"},"thumbnailUrl":"http:\/\/arwann.com\/wp-content\/uploads\/2014\/04\/parents.png","datePublished":"2014-04-17T16:06:20+00:00","dateModified":"2014-05-12T08:20:03+00:00","breadcrumb":{"@id":"http:\/\/arwann.com\/?page_id=863#breadcrumb"},"inLanguage":"fr-FR","potentialAction":[{"@type":"ReadAction","target":["http:\/\/arwann.com\/?page_id=863"]}]},{"@type":"ImageObject","inLanguage":"fr-FR","@id":"http:\/\/arwann.com\/?page_id=863#primaryimage","url":"http:\/\/arwann.com\/wp-content\/uploads\/2014\/04\/parents.png","contentUrl":"http:\/\/arwann.com\/wp-content\/uploads\/2014\/04\/parents.png","width":400,"height":400},{"@type":"BreadcrumbList","@id":"http:\/\/arwann.com\/?page_id=863#breadcrumb","itemListElement":[{"@type":"ListItem","position":1,"name":"Home","item":"http:\/\/arwann.com\/"},{"@type":"ListItem","position":2,"name":"La Maison","item":"http:\/\/arwann.com\/?page_id=35"},{"@type":"ListItem","position":3,"name":"l&rsquo;unit\u00e9 scoute et les autres mouvements \/ organisations","item":"https:\/\/arwann.com\/?page_id=1205"},{"@type":"ListItem","position":4,"name":"Scoutisme et paroisses"}]},{"@type":"WebSite","@id":"http:\/\/arwann.com\/#website","url":"http:\/\/arwann.com\/","name":"Arwann.com","description":"","publisher":{"@id":"http:\/\/arwann.com\/#organization"},"potentialAction":[{"@type":"SearchAction","target":{"@type":"EntryPoint","urlTemplate":"http:\/\/arwann.com\/?s={search_term_string}"},"query-input":{"@type":"PropertyValueSpecification","valueRequired":true,"valueName":"search_term_string"}}],"inLanguage":"fr-FR"},{"@type":"Organization","@id":"http:\/\/arwann.com\/#organization","name":"Arwann","url":"http:\/\/arwann.com\/","logo":{"@type":"ImageObject","inLanguage":"fr-FR","@id":"http:\/\/arwann.com\/#\/schema\/logo\/image\/","url":"http:\/\/arwann.com\/wp-content\/uploads\/2014\/04\/cropped-bandeau-arwann-5.png","contentUrl":"http:\/\/arwann.com\/wp-content\/uploads\/2014\/04\/cropped-bandeau-arwann-5.png","width":1600,"height":230,"caption":"Arwann"},"image":{"@id":"http:\/\/arwann.com\/#\/schema\/logo\/image\/"}}]}},"_links":{"self":[{"href":"http:\/\/arwann.com\/index.php?rest_route=\/wp\/v2\/pages\/863","targetHints":{"allow":["GET"]}}],"collection":[{"href":"http:\/\/arwann.com\/index.php?rest_route=\/wp\/v2\/pages"}],"about":[{"href":"http:\/\/arwann.com\/index.php?rest_route=\/wp\/v2\/types\/page"}],"author":[{"embeddable":true,"href":"http:\/\/arwann.com\/index.php?rest_route=\/wp\/v2\/users\/1"}],"replies":[{"embeddable":true,"href":"http:\/\/arwann.com\/index.php?rest_route=%2Fwp%2Fv2%2Fcomments&post=863"}],"version-history":[{"count":7,"href":"http:\/\/arwann.com\/index.php?rest_route=\/wp\/v2\/pages\/863\/revisions"}],"predecessor-version":[{"id":978,"href":"http:\/\/arwann.com\/index.php?rest_route=\/wp\/v2\/pages\/863\/revisions\/978"}],"up":[{"embeddable":true,"href":"http:\/\/arwann.com\/index.php?rest_route=\/wp\/v2\/pages\/1205"}],"wp:attachment":[{"href":"http:\/\/arwann.com\/index.php?rest_route=%2Fwp%2Fv2%2Fmedia&parent=863"}],"curies":[{"name":"wp","href":"https:\/\/api.w.org\/{rel}","templated":true}]}}