{"id":762,"date":"2014-04-16T11:43:23","date_gmt":"2014-04-16T10:43:23","guid":{"rendered":"http:\/\/arwann.com\/?page_id=762"},"modified":"2015-05-08T10:55:47","modified_gmt":"2015-05-08T09:55:47","slug":"bivouaquer-par-grand-froid","status":"publish","type":"page","link":"http:\/\/arwann.com\/?page_id=762","title":{"rendered":"Bivouaquer par grand froid"},"content":{"rendered":"<p style=\"text-align: justify;\"><a href=\"http:\/\/arwann.com\/wp-content\/uploads\/2014\/04\/bouton-scout.png\"><img loading=\"lazy\" decoding=\"async\" class=\"alignright wp-image-892\" src=\"http:\/\/arwann.com\/wp-content\/uploads\/2014\/04\/bouton-scout.png\" alt=\"bouton scout\" width=\"200\" height=\"200\" srcset=\"http:\/\/arwann.com\/wp-content\/uploads\/2014\/04\/bouton-scout.png 400w, http:\/\/arwann.com\/wp-content\/uploads\/2014\/04\/bouton-scout-200x200.png 200w, http:\/\/arwann.com\/wp-content\/uploads\/2014\/04\/bouton-scout-100x100.png 100w, http:\/\/arwann.com\/wp-content\/uploads\/2014\/04\/bouton-scout-300x300.png 300w, http:\/\/arwann.com\/wp-content\/uploads\/2014\/04\/bouton-scout-150x150.png 150w\" sizes=\"auto, (max-width: 200px) 100vw, 200px\" \/><\/a><a name=\"Haut\"><\/a>Par Lama. <a href=\"http:\/\/arwann.com\/?page_id=29\">Le coin des scouts<\/a> -&gt;<a href=\"http:\/\/arwann.com\/?page_id=350\"> Bivouac<\/a><\/p>\n<p style=\"text-align: justify;\">Voil\u00e0\u00a0! Ton bivouac est mont\u00e9, but de foot ou cerf-volant. Arrive l&rsquo;heure du coucher. C&rsquo;est un instant d\u00e9terminant puisque qu&rsquo;il conditionne toute la nuit. Si on ne prend pas certaines pr\u00e9cautions par temps froid on est s\u00fbr de se r\u00e9veiller quelques heures plus tard transi et \u00a0grelottant. Se rendormir deviendra alors tr\u00e8s difficile.<\/p>\n<p style=\"text-align: justify;\"><b>La chaleur interne\u2026<\/b><\/p>\n<p style=\"text-align: justify;\">On se couche le soir avec un capital de calories qu&rsquo;il faut conserver car c&rsquo;est une mati\u00e8re tr\u00e8s pr\u00e9cieuse pour un week-end d&rsquo;hiver. Le corps poss\u00e8de sa propre source de chaleur mais elle est limit\u00e9e : ce sont les nouilles et la soupe qui br\u00fblent doucement dans ton corps, d&rsquo;une combustion sans flamme qui maintient le corps \u00e0 la temp\u00e9rature de 37\u00b0C<\/p>\n<p style=\"text-align: justify;\"><b>\u2026 Qui s\u2019\u00e9chappe<\/b><\/p>\n<p style=\"text-align: justify;\">Nous ressentons le froid lorsque la chaleur s\u2019\u00e9chappe trop vite de notre corps. Les lois de la thermique nous enseignent simplement de s&rsquo;isoler pour r\u00e9duire ces d\u00e9perditions. Le meilleur isolant est le vide. Manque de chance il n&rsquo;y en a pas au bivouac. Apr\u00e8s le vide, presque aussi efficace : l&rsquo;air&#8230; l&rsquo;air immobile. Ce n&rsquo;est pas la laine qui est chaude mais l&rsquo;air emprisonn\u00e9 dans la laine qui assure l\u2019isolation thermique. En utilisant ce principe d\u2019une tr\u00e8s grande simplicit\u00e9, nous devons trouver les moyens de conserver la chaleur de notre corps lorsque nous dormons dans le froid.<\/p>\n<p style=\"text-align: justify;\"><b>Se changer enti\u00e8rement<\/b><\/p>\n<p style=\"text-align: justify;\">Premi\u00e8re chose, on change tous les habits qui ont \u00e9t\u00e9 au contact de la peau durant la journ\u00e9e. Il ne faut garder aucun sous-v\u00eatement. La raison principale est qu&rsquo;on a su\u00e9, que \u00e7a sent un peu le fauve. Mais il y a plus important, ces habits de la journ\u00e9e sont un peu humides\u00a0; l&rsquo;eau est un bon conducteur de la chaleur et que se d\u00e9barrasser de l\u2019humidit\u00e9 consomme beaucoup de chaleur. Cette r\u00e8gle d\u2019hygi\u00e8ne et de physique devrait \u00eatre naturellement appliqu\u00e9e mais l&rsquo;exp\u00e9rience a montr\u00e9 que bon nombre de scouts ne se changent pas avant de dormir\u00a0; depuis le novice qui ne conna\u00eet pas ces r\u00e8gles jusqu\u2019au CP qui est un flemmard. Il faut imp\u00e9rativement emporter des v\u00eatements de peau r\u00e9serv\u00e9s exclusivement pour la nuit.<\/p>\n<p style=\"text-align: justify;\"><b>Plusieurs couches s\u00e8ches<\/b><\/p>\n<p style=\"text-align: justify;\">Une fois en pyjama, on peut toutefois r\u00e9enfiler son pull d&rsquo;uniforme. Plusieurs petites \u00e9paisseurs tiennent plus chaud qu&rsquo;un gros pull car de l&rsquo;air isolant se retrouve emprisonn\u00e9 entre les diff\u00e9rentes couches de v\u00eatements. Il faut simplement que l\u2019ensemble reste ample et surtout pas serr\u00e9. Pour les pieds, pr\u00e9voir une paire de grosses chaussettes de nuit. En g\u00e9n\u00e9ral des pieds enfil\u00e9s froids dans le duvet restent froids, il faut donc se coucher avec les pieds d\u00e9j\u00e0 chauds. On se les r\u00f4tira \u00e0 la chaleur du feu pour ne pas avoir \u00e0 se les r\u00e9chauffer de l&rsquo;int\u00e9rieur en utilisant les calories fournies par le repas.<\/p>\n<p style=\"text-align: justify;\"><b>Un bonnet pour r\u00e9chauffer ses pieds<\/b><\/p>\n<p style=\"text-align: justify;\">Le bonnet de nuit n\u2019est pas r\u00e9serv\u00e9 aux frileux ou \u00e0 ceux qui sont atteints de calvitie. L\u2019organe prioritaire est le cerveau. Co\u00fbte que co\u00fbte, il sera maintenu \u00e0 37\u00b0C par l\u2019organisme au d\u00e9triment de toutes les autres parties du corps. De plus, l\u2019isolation du cerveau n\u2019est pas fameuse, la peau est fine, l\u2019os du cr\u00e2ne peu isolant, reste la tignasse mais souvent les scouts portent les cheveux courts (les guides ont un\u00a0 avantage) C\u2019est ainsi qu\u2019en portant un bonnet sur la t\u00eate on se r\u00e9chauffe les pieds bien plus facilement.<\/p>\n<p style=\"text-align: justify;\">Il ne faut pas s\u2019enfermer la t\u00eate sous le duvet. Au minimum il faut garder le nez au dehors. Si tu t\u2019enfermes compl\u00e9tement sous le duvet tu vas respirer ton propre\u00a0CO<sub>2<\/sub> et tu te r\u00e9veilleras avec mal au cr\u00e2ne et un besoin incoercible d\u2019air frais.<\/p>\n<p style=\"text-align: justify;\" align=\"center\">Rappelons ici le raccourci de BP pour expliquer comment bien dormir :<br \/>\n<em>\u00ab\u00a0Le nez au frais et les pieds au chaud\u00a0\u00bb<\/em><\/p>\n<p style=\"text-align: justify;\"><b>Un bon duvet<\/b><\/p>\n<p style=\"text-align: justify;\">Maintenant \u00e9tudions le duvet. D&rsquo;abord prendre un bon duvet. Performance thermique = -5\u00b0C au minimum (c\u2019est forc\u00e9ment indiqu\u00e9 sur le duvet). La fermeture \u00e9clair est toujours le point faible de l\u2019isolation d\u2019un duvet. Veiller qu\u2019elle soit recouverte par une langue de ouate. Ensuite il faut bien comprendre la chose suivante\u00a0: le duvet est une laine synth\u00e9tique qui retient de l&rsquo;air immobile prisonnier. C&rsquo;est donc un excellent isolant. Mais voil\u00e0, le dormeur ne flotte pas dans l&rsquo;air, il doit reposer sur le sol. Son propre poids va donc \u00e9craser ce matelas d&rsquo;air et r\u00e9duire consid\u00e9rablement son \u00e9paisseur. L&rsquo;isolation va donc s&rsquo;en trouver tr\u00e8s sensiblement r\u00e9duite. Il est donc hors de question se s&rsquo;allonger directement sur le sol. Il va falloir s&rsquo;assurer d&rsquo;une isolation suppl\u00e9mentaire contre le sol.<\/p>\n<p style=\"text-align: justify;\"><b>Le sol = le froid<\/b><\/p>\n<p style=\"text-align: justify;\">C&rsquo;est par le sol que le dormeur se refroidit, c&rsquo;est dans la terre que se sauvent les pr\u00e9cieuses calories produites par la combustion des spaghettis. L\u2019\u00e9crasement de l\u2019isolation de ton duvet facilite cette fuite.<\/p>\n<p style=\"text-align: center;\"><a href=\"http:\/\/arwann.com\/wp-content\/uploads\/2014\/04\/chaleur-sol.png\"><img loading=\"lazy\" decoding=\"async\" class=\"size-full wp-image-761 aligncenter\" src=\"http:\/\/arwann.com\/wp-content\/uploads\/2014\/04\/chaleur-sol.png\" alt=\"chaleur sol\" width=\"491\" height=\"378\" srcset=\"http:\/\/arwann.com\/wp-content\/uploads\/2014\/04\/chaleur-sol.png 491w, http:\/\/arwann.com\/wp-content\/uploads\/2014\/04\/chaleur-sol-300x231.png 300w\" sizes=\"auto, (max-width: 491px) 100vw, 491px\" \/><\/a><\/p>\n<p style=\"text-align: justify;\">Lorsque l&rsquo;on monte le bivouac on peut mettre des feuilles mortes bien s\u00e8ches ou des foug\u00e8res \u00e0 l&rsquo;endroit de la couche. Attention le mouill\u00e9 refroidit (voir explication en fin d&rsquo;article). Si on poss\u00e8de une couverture assez grande on peut en mettre un peu en dessous et rabattre le reste par-dessus. Pour ma part je me sers du ch\u00e8che ou d\u2019une petite couverture comme d&rsquo;un tapis de sol sous le corps. En effet un ch\u00e8che n&rsquo;est pas tr\u00e8s encombrant. Il reste encore beaucoup \u00e0 faire pour am\u00e9liorer l&rsquo;isolation. Les habits de la journ\u00e9e seront pli\u00e9s et \u00e9tal\u00e9s en guise de matelas. La veste de treillis (ou le manteau) est referm\u00e9e et sert de house pour que les habits ne soient pas \u00e9parpill\u00e9s \u00e0 l&rsquo;occasion des mouvements du dormeur. En outre, aucun probl\u00e8me pour les retrouver le lendemain matin et&#8230;. ti\u00e8des s&rsquo;il vous plait!<\/p>\n<p style=\"text-align: justify;\">Si la patrouille utilise son tapis de sol, attention. La mati\u00e8re du tapis de sol, comme son \u00e9paisseur ne procurent aucune isolation. Au mieux on est \u00e0 l\u2019abri de l\u2019humidit\u00e9. Ce tapis de sol peut servir \u00e0 bien contenir un matelas de feuilles ou de foug\u00e8res s\u00e8ches, voire des branches de bruy\u00e8re ou de gen\u00eat.<\/p>\n<p style=\"text-align: justify;\"><b>Tout utiliser<\/b><\/p>\n<p style=\"text-align: justify;\">Mais si l&rsquo;on jette un coup d&rsquo;\u0153il autour de soi avant de se coucher on d\u00e9couvre que le sac \u00e0 dos est quasiment vide. Et en effet il est presque vide, la montre est accroch\u00e9e aux perches, le couteau aussi, les gamelles qui ne craignent pas la pluie peuvent rester dehors, la couverture et les habits servent de matelas, les chaussures servent d\u2019oreiller, la nourriture est aval\u00e9e. Alors que fait-on ? Eh\u00a0 bien ! On enfile le bout du duvet avec ses pieds dans le sac \u00e0 dos. Je ne veux faire ici aucune publicit\u00e9 mais pour cette application on ne trouve pas mieux que le sac F1 avec sa grande chemin\u00e9e. Le sac n&rsquo;apporte pas de renfort d&rsquo;isolation par lui-m\u00eame mais il \u00e9paissit le duvet et renforce donc l&rsquo;isolation.<\/p>\n<p style=\"text-align: center;\"><a href=\"http:\/\/arwann.com\/wp-content\/uploads\/2014\/04\/air-immobile.png\"><img loading=\"lazy\" decoding=\"async\" class=\"size-full wp-image-760 aligncenter\" src=\"http:\/\/arwann.com\/wp-content\/uploads\/2014\/04\/air-immobile.png\" alt=\"air immobile\" width=\"479\" height=\"377\" srcset=\"http:\/\/arwann.com\/wp-content\/uploads\/2014\/04\/air-immobile.png 479w, http:\/\/arwann.com\/wp-content\/uploads\/2014\/04\/air-immobile-300x236.png 300w\" sizes=\"auto, (max-width: 479px) 100vw, 479px\" \/><\/a><\/p>\n<p style=\"text-align: justify;\">A la place d&rsquo;enfiler ses pieds dans le sac on peut proc\u00e9der autrement lorsque le froid se fait mordant. Le scout se recroqueville naturellement en chien de fusil et le bout du duvet se trouve libre. On attrape le bout des plumes et on le retourne \u00e0 l\u2019int\u00e9rieur. Ainsi on obtient plus d\u2019air immobile autour des pieds.<\/p>\n<p style=\"text-align: justify;\"><b>Autre ennemi = Les crampes<\/b><\/p>\n<p style=\"text-align: justify;\">Derni\u00e8re chose \u00e0 savoir. On arrive assez bien \u00e0 dormir m\u00eame si on a froid, souvent ce sont les crampes qui r\u00e9veillent et apr\u00e8s impossible de se rendormir. Pour se prot\u00e9ger au mieux du froid, on se place instinctivement dans une position favorable. Il faut que cette position reste confortable et ne provoque pas de crampes. Donc, avant de se coucher, il faut veiller \u00e0 supprimer les petites souches, les creux, les bosses \u00e0 l&rsquo;endroit de la couche. On profitera du matelas isolant fait de foug\u00e8res et de feuilles mortes\u00a0 pour favoriser \u00e9galement le moelleux.<\/p>\n<p style=\"text-align: justify;\">J\u2019ai d\u00e9couvert une astuce tr\u00e8s confortable\u00a0: il faut veiller \u00e0 ce que la toile int\u00e9rieure du duvet et le v\u00eatement du dormeur ne s\u2019accrochent pas ensemble. L\u2019id\u00e9al est que \u00e7a glisse bien lorsqu\u2019on se repositionne ou qu\u2019on se retourne. Il faut donc veiller \u00e0 opposer un rev\u00eatement int\u00e9rieur duvet accrocheur (coton par exemple) \u00e0 un v\u00eatement glissant (pyjama nylon par exemple). Ou alors l\u2019inverse, rev\u00eatement int\u00e9rieur sac de couchage glissant et v\u00eatement accrochant (pull d\u2019uniforme par exemple).<\/p>\n<p style=\"text-align: justify;\">Ouais\u00a0! C\u2019est bien beau \u00e7a mais comment changer l\u2019int\u00e9rieur du sac de couchage s\u2019il est en coton accrocheur\u00a0? Tr\u00e8s simple, souvent les duvets ont un ext\u00e9rieur et un int\u00e9rieur en mati\u00e8re diff\u00e9rentes. Traditionnellement l\u2019int\u00e9rieur est majoritairement en coton (plus hygi\u00e9nique) et l\u2019ext\u00e9rieur est en synth\u00e9tique pour mieux r\u00e9sister aux agressions du sol. Il suffit de retourner son duvet et de coucher dans la partie synth\u00e9tique glissante.<\/p>\n<p style=\"text-align: justify;\">Malheureusement cette astuce ne convient pas \u00e0 tout le monde car certain ne peuvent pas supporter le synth\u00e9tique sur leur visage.<\/p>\n<p style=\"text-align: justify;\"><b>Dernier rem\u00e8de<\/b><\/p>\n<p style=\"text-align: justify;\">Si malgr\u00e9 tout cela tu as encore froid tu peux te dire qu&rsquo;il ne fait vraiment pas chaud dehors et que la prochaine fois tu prendras une couverture suppl\u00e9mentaire. Et en tout dernier recours, suivant la chanson c\u00e9l\u00e8bre, il reste la solution de chanter\u00a0:<\/p>\n<p style=\"text-align: center;\" align=\"center\">Tout au bord de la rivi\u00e8re<br \/>\nLaissez-moi vous dire qu&rsquo;il faisait gla-gla&#8230;<br \/>\n<b>&#8230; Vaut bien mieux passer la nuit<br \/>\n\u00e0 se fendre la pomme.<\/b><\/p>\n<p style=\"text-align: justify;\"><b>La physique\u00a0:<\/b><\/p>\n<p style=\"text-align: justify;\"><b>Pourquoi le mouill\u00e9 refroidit-il ?<\/b> Simple : \u00e0 cause de la chaleur latente de vaporisation. Hein ? Quoi ? Qu&rsquo;est-ce qu&rsquo;il dit ? Bon, faisons \u00e7a plus simple : le s\u00e9chage demande beaucoup d&rsquo;\u00e9nergie. Transformer de l&rsquo;eau liquide en eau vapeur demande \u00e9norm\u00e9ment d&rsquo;\u00e9nergie. Il faut 100 calories pour passer de l&rsquo;eau de 0\u00b0C \u00e0 100\u00b0C et il faut 536 calories pour passer de 100\u00b0C eau \u00e0 100\u00b0C vapeur. Il vaut donc mieux utiliser cette \u00e9nergie pour conserver une douce temp\u00e9rature dans le duvet que de l&rsquo;utiliser \u00e0 essayer de s\u00e9cher des trucs mouill\u00e9s. Moralit\u00e9 : <span style=\"text-decoration: underline;\">ne rien garder de mouill\u00e9 ou simplement humide pour dormir<\/span>. A la rigueur tu peux mettre tes affaires vaguement humides sous ta couche en guise de matelas et d&rsquo;isolation pour mieux t&rsquo;isoler du sol mais le v\u00e9ritable scout les fait d&rsquo;abord s\u00e9cher au pr\u00e8s du feu (sans les faire cramer).<\/p>\n<p style=\"text-align: justify;\"><a href=\"#Haut\">Retour en haut<\/a><em><br \/>\npage pr\u00e9c\u00e9dente : <a title=\"Le puncho cerf-volant\" href=\"http:\/\/arwann.com\/?page_id=493\">le puncho cerf-volant<\/a><\/em><br \/>\n<em>page suivante : <a title=\"Cuisine Trappeur\" href=\"http:\/\/arwann.com\/?page_id=1907\">cuisine trappeur<\/a><br \/>\n<\/em><\/p>\n","protected":false},"excerpt":{"rendered":"<p>Par Lama. Le coin des scouts -&gt; Bivouac Voil\u00e0\u00a0! Ton bivouac est mont\u00e9, but de foot ou cerf-volant. Arrive l&rsquo;heure du coucher. C&rsquo;est un instant d\u00e9terminant puisque qu&rsquo;il conditionne toute la nuit. Si on ne prend pas certaines pr\u00e9cautions par temps froid on est s\u00fbr de se r\u00e9veiller quelques heures plus tard transi et \u00a0grelottant. &hellip; <a href=\"http:\/\/arwann.com\/?page_id=762\" class=\"more-link\">Continuer la lecture de <span class=\"screen-reader-text\">Bivouaquer par grand froid<\/span> <span class=\"meta-nav\">&rarr;<\/span><\/a><\/p>\n","protected":false},"author":1,"featured_media":0,"parent":350,"menu_order":0,"comment_status":"open","ping_status":"open","template":"","meta":{"footnotes":""},"class_list":["post-762","page","type-page","status-publish","hentry"],"yoast_head":"<!-- This site is optimized with the Yoast SEO plugin v27.2 - https:\/\/yoast.com\/product\/yoast-seo-wordpress\/ -->\n<title>Bivouaquer par grand froid -<\/title>\n<meta name=\"description\" content=\"Si on ne prend pas certaines pr\u00e9cautions pour un bivouac par temps froid on est s\u00fbr de se r\u00e9veiller quelques heures plus tard transi et grelottant.\" \/>\n<meta name=\"robots\" content=\"index, follow, max-snippet:-1, max-image-preview:large, max-video-preview:-1\" \/>\n<link rel=\"canonical\" href=\"http:\/\/arwann.com\/?page_id=762\" \/>\n<meta property=\"og:locale\" content=\"fr_FR\" \/>\n<meta property=\"og:type\" content=\"article\" \/>\n<meta property=\"og:title\" content=\"Bivouaquer par grand froid -\" \/>\n<meta property=\"og:description\" content=\"Si on ne prend pas certaines pr\u00e9cautions pour un bivouac par temps froid on est s\u00fbr de se r\u00e9veiller quelques heures plus tard transi et grelottant.\" \/>\n<meta property=\"og:url\" content=\"http:\/\/arwann.com\/?page_id=762\" \/>\n<meta property=\"article:modified_time\" content=\"2015-05-08T09:55:47+00:00\" \/>\n<meta property=\"og:image\" content=\"http:\/\/arwann.com\/wp-content\/uploads\/2014\/04\/bouton-scout.png\" \/>\n<meta name=\"twitter:label1\" content=\"Dur\u00e9e de lecture estim\u00e9e\" \/>\n\t<meta name=\"twitter:data1\" content=\"9 minutes\" \/>\n<script type=\"application\/ld+json\" class=\"yoast-schema-graph\">{\"@context\":\"https:\/\/schema.org\",\"@graph\":[{\"@type\":\"WebPage\",\"@id\":\"http:\/\/arwann.com\/?page_id=762\",\"url\":\"http:\/\/arwann.com\/?page_id=762\",\"name\":\"Bivouaquer par grand froid -\",\"isPartOf\":{\"@id\":\"http:\/\/arwann.com\/#website\"},\"primaryImageOfPage\":{\"@id\":\"http:\/\/arwann.com\/?page_id=762#primaryimage\"},\"image\":{\"@id\":\"http:\/\/arwann.com\/?page_id=762#primaryimage\"},\"thumbnailUrl\":\"http:\/\/arwann.com\/wp-content\/uploads\/2014\/04\/bouton-scout.png\",\"datePublished\":\"2014-04-16T10:43:23+00:00\",\"dateModified\":\"2015-05-08T09:55:47+00:00\",\"description\":\"Si on ne prend pas certaines pr\u00e9cautions pour un bivouac par temps froid on est s\u00fbr de se r\u00e9veiller quelques heures plus tard transi et grelottant.\",\"breadcrumb\":{\"@id\":\"http:\/\/arwann.com\/?page_id=762#breadcrumb\"},\"inLanguage\":\"fr-FR\",\"potentialAction\":[{\"@type\":\"ReadAction\",\"target\":[\"http:\/\/arwann.com\/?page_id=762\"]}]},{\"@type\":\"ImageObject\",\"inLanguage\":\"fr-FR\",\"@id\":\"http:\/\/arwann.com\/?page_id=762#primaryimage\",\"url\":\"http:\/\/arwann.com\/wp-content\/uploads\/2014\/04\/bouton-scout.png\",\"contentUrl\":\"http:\/\/arwann.com\/wp-content\/uploads\/2014\/04\/bouton-scout.png\",\"width\":400,\"height\":400},{\"@type\":\"BreadcrumbList\",\"@id\":\"http:\/\/arwann.com\/?page_id=762#breadcrumb\",\"itemListElement\":[{\"@type\":\"ListItem\",\"position\":1,\"name\":\"Home\",\"item\":\"https:\/\/arwann.com\/\"},{\"@type\":\"ListItem\",\"position\":2,\"name\":\"Le coin des Scouts\",\"item\":\"https:\/\/arwann.com\/?page_id=29\"},{\"@type\":\"ListItem\",\"position\":3,\"name\":\"Bivouac\",\"item\":\"https:\/\/arwann.com\/?page_id=350\"},{\"@type\":\"ListItem\",\"position\":4,\"name\":\"Bivouaquer par grand froid\"}]},{\"@type\":\"WebSite\",\"@id\":\"http:\/\/arwann.com\/#website\",\"url\":\"http:\/\/arwann.com\/\",\"name\":\"Arwann.com\",\"description\":\"\",\"publisher\":{\"@id\":\"http:\/\/arwann.com\/#organization\"},\"potentialAction\":[{\"@type\":\"SearchAction\",\"target\":{\"@type\":\"EntryPoint\",\"urlTemplate\":\"http:\/\/arwann.com\/?s={search_term_string}\"},\"query-input\":{\"@type\":\"PropertyValueSpecification\",\"valueRequired\":true,\"valueName\":\"search_term_string\"}}],\"inLanguage\":\"fr-FR\"},{\"@type\":\"Organization\",\"@id\":\"http:\/\/arwann.com\/#organization\",\"name\":\"Arwann\",\"url\":\"http:\/\/arwann.com\/\",\"logo\":{\"@type\":\"ImageObject\",\"inLanguage\":\"fr-FR\",\"@id\":\"http:\/\/arwann.com\/#\/schema\/logo\/image\/\",\"url\":\"http:\/\/arwann.com\/wp-content\/uploads\/2014\/04\/cropped-bandeau-arwann-5.png\",\"contentUrl\":\"http:\/\/arwann.com\/wp-content\/uploads\/2014\/04\/cropped-bandeau-arwann-5.png\",\"width\":1600,\"height\":230,\"caption\":\"Arwann\"},\"image\":{\"@id\":\"http:\/\/arwann.com\/#\/schema\/logo\/image\/\"}}]}<\/script>\n<!-- \/ Yoast SEO plugin. -->","yoast_head_json":{"title":"Bivouaquer par grand froid -","description":"Si on ne prend pas certaines pr\u00e9cautions pour un bivouac par temps froid on est s\u00fbr de se r\u00e9veiller quelques heures plus tard transi et grelottant.","robots":{"index":"index","follow":"follow","max-snippet":"max-snippet:-1","max-image-preview":"max-image-preview:large","max-video-preview":"max-video-preview:-1"},"canonical":"http:\/\/arwann.com\/?page_id=762","og_locale":"fr_FR","og_type":"article","og_title":"Bivouaquer par grand froid -","og_description":"Si on ne prend pas certaines pr\u00e9cautions pour un bivouac par temps froid on est s\u00fbr de se r\u00e9veiller quelques heures plus tard transi et grelottant.","og_url":"http:\/\/arwann.com\/?page_id=762","article_modified_time":"2015-05-08T09:55:47+00:00","og_image":[{"url":"http:\/\/arwann.com\/wp-content\/uploads\/2014\/04\/bouton-scout.png","type":"","width":"","height":""}],"twitter_misc":{"Dur\u00e9e de lecture estim\u00e9e":"9 minutes"},"schema":{"@context":"https:\/\/schema.org","@graph":[{"@type":"WebPage","@id":"http:\/\/arwann.com\/?page_id=762","url":"http:\/\/arwann.com\/?page_id=762","name":"Bivouaquer par grand froid -","isPartOf":{"@id":"http:\/\/arwann.com\/#website"},"primaryImageOfPage":{"@id":"http:\/\/arwann.com\/?page_id=762#primaryimage"},"image":{"@id":"http:\/\/arwann.com\/?page_id=762#primaryimage"},"thumbnailUrl":"http:\/\/arwann.com\/wp-content\/uploads\/2014\/04\/bouton-scout.png","datePublished":"2014-04-16T10:43:23+00:00","dateModified":"2015-05-08T09:55:47+00:00","description":"Si on ne prend pas certaines pr\u00e9cautions pour un bivouac par temps froid on est s\u00fbr de se r\u00e9veiller quelques heures plus tard transi et grelottant.","breadcrumb":{"@id":"http:\/\/arwann.com\/?page_id=762#breadcrumb"},"inLanguage":"fr-FR","potentialAction":[{"@type":"ReadAction","target":["http:\/\/arwann.com\/?page_id=762"]}]},{"@type":"ImageObject","inLanguage":"fr-FR","@id":"http:\/\/arwann.com\/?page_id=762#primaryimage","url":"http:\/\/arwann.com\/wp-content\/uploads\/2014\/04\/bouton-scout.png","contentUrl":"http:\/\/arwann.com\/wp-content\/uploads\/2014\/04\/bouton-scout.png","width":400,"height":400},{"@type":"BreadcrumbList","@id":"http:\/\/arwann.com\/?page_id=762#breadcrumb","itemListElement":[{"@type":"ListItem","position":1,"name":"Home","item":"https:\/\/arwann.com\/"},{"@type":"ListItem","position":2,"name":"Le coin des Scouts","item":"https:\/\/arwann.com\/?page_id=29"},{"@type":"ListItem","position":3,"name":"Bivouac","item":"https:\/\/arwann.com\/?page_id=350"},{"@type":"ListItem","position":4,"name":"Bivouaquer par grand froid"}]},{"@type":"WebSite","@id":"http:\/\/arwann.com\/#website","url":"http:\/\/arwann.com\/","name":"Arwann.com","description":"","publisher":{"@id":"http:\/\/arwann.com\/#organization"},"potentialAction":[{"@type":"SearchAction","target":{"@type":"EntryPoint","urlTemplate":"http:\/\/arwann.com\/?s={search_term_string}"},"query-input":{"@type":"PropertyValueSpecification","valueRequired":true,"valueName":"search_term_string"}}],"inLanguage":"fr-FR"},{"@type":"Organization","@id":"http:\/\/arwann.com\/#organization","name":"Arwann","url":"http:\/\/arwann.com\/","logo":{"@type":"ImageObject","inLanguage":"fr-FR","@id":"http:\/\/arwann.com\/#\/schema\/logo\/image\/","url":"http:\/\/arwann.com\/wp-content\/uploads\/2014\/04\/cropped-bandeau-arwann-5.png","contentUrl":"http:\/\/arwann.com\/wp-content\/uploads\/2014\/04\/cropped-bandeau-arwann-5.png","width":1600,"height":230,"caption":"Arwann"},"image":{"@id":"http:\/\/arwann.com\/#\/schema\/logo\/image\/"}}]}},"_links":{"self":[{"href":"http:\/\/arwann.com\/index.php?rest_route=\/wp\/v2\/pages\/762","targetHints":{"allow":["GET"]}}],"collection":[{"href":"http:\/\/arwann.com\/index.php?rest_route=\/wp\/v2\/pages"}],"about":[{"href":"http:\/\/arwann.com\/index.php?rest_route=\/wp\/v2\/types\/page"}],"author":[{"embeddable":true,"href":"http:\/\/arwann.com\/index.php?rest_route=\/wp\/v2\/users\/1"}],"replies":[{"embeddable":true,"href":"http:\/\/arwann.com\/index.php?rest_route=%2Fwp%2Fv2%2Fcomments&post=762"}],"version-history":[{"count":8,"href":"http:\/\/arwann.com\/index.php?rest_route=\/wp\/v2\/pages\/762\/revisions"}],"predecessor-version":[{"id":2731,"href":"http:\/\/arwann.com\/index.php?rest_route=\/wp\/v2\/pages\/762\/revisions\/2731"}],"up":[{"embeddable":true,"href":"http:\/\/arwann.com\/index.php?rest_route=\/wp\/v2\/pages\/350"}],"wp:attachment":[{"href":"http:\/\/arwann.com\/index.php?rest_route=%2Fwp%2Fv2%2Fmedia&parent=762"}],"curies":[{"name":"wp","href":"https:\/\/api.w.org\/{rel}","templated":true}]}}