{"id":618,"date":"2014-04-11T15:34:51","date_gmt":"2014-04-11T14:34:51","guid":{"rendered":"http:\/\/arwann.com\/?page_id=618"},"modified":"2021-11-23T09:52:12","modified_gmt":"2021-11-23T08:52:12","slug":"le-tipi","status":"publish","type":"page","link":"http:\/\/arwann.com\/?page_id=618","title":{"rendered":"Le Tipi"},"content":{"rendered":"<div class=\"members-access-error\">\n<p class=\"restricted\">D\u00e9sol\u00e9, vous n&rsquo;avez pas acc\u00e8s \u00e0 cette page car vous n&rsquo;\u00eates pas identifi\u00e9 comme sachem.<br \/>\nRetournez \u00e0 la page Sachem pour vous connecter.<\/p>\n<\/div>\n","protected":false},"excerpt":{"rendered":"<div class=\"members-access-error\">\n<p class=\"restricted\">D\u00e9sol\u00e9, vous n&rsquo;avez pas acc\u00e8s \u00e0 cette page car vous n&rsquo;\u00eates pas identifi\u00e9 comme sachem.<br \/>\nRetournez \u00e0 la page Sachem pour vous connecter.<\/p>\n<\/div>\n","protected":false},"author":1,"featured_media":0,"parent":206,"menu_order":0,"comment_status":"closed","ping_status":"closed","template":"","meta":{"footnotes":""},"class_list":["post-618","page","type-page","status-publish","hentry"],"yoast_head":"<!-- This site is optimized with the Yoast SEO plugin v27.2 - https:\/\/yoast.com\/product\/yoast-seo-wordpress\/ -->\n<title>Le Tipi -<\/title>\n<meta name=\"robots\" content=\"index, follow, max-snippet:-1, max-image-preview:large, max-video-preview:-1\" \/>\n<link rel=\"canonical\" href=\"http:\/\/arwann.com\/?page_id=618\" \/>\n<meta property=\"og:locale\" content=\"fr_FR\" \/>\n<meta property=\"og:type\" content=\"article\" \/>\n<meta property=\"og:title\" content=\"Le Tipi -\" \/>\n<meta property=\"og:description\" content=\"D\u00e9sol\u00e9, vous n&rsquo;avez pas acc\u00e8s \u00e0 cette page car vous n&rsquo;\u00eates pas identifi\u00e9 comme sachem. Retournez \u00e0 la page Sachem pour vous connecter.\" \/>\n<meta property=\"og:url\" content=\"http:\/\/arwann.com\/?page_id=618\" \/>\n<meta property=\"article:modified_time\" content=\"2021-11-23T08:52:12+00:00\" \/>\n<meta property=\"og:image\" content=\"http:\/\/arwann.com\/wp-content\/uploads\/2014\/03\/sachem.png\" \/>\n<meta name=\"twitter:label1\" content=\"Dur\u00e9e de lecture estim\u00e9e\" \/>\n\t<meta name=\"twitter:data1\" content=\"1 minute\" \/>\n<script type=\"application\/ld+json\" class=\"yoast-schema-graph\">{\"@context\":\"https:\/\/schema.org\",\"@graph\":[{\"@type\":\"WebPage\",\"@id\":\"http:\/\/arwann.com\/?page_id=618\",\"url\":\"http:\/\/arwann.com\/?page_id=618\",\"name\":\"Le Tipi -\",\"isPartOf\":{\"@id\":\"http:\/\/arwann.com\/#website\"},\"primaryImageOfPage\":{\"@id\":\"http:\/\/arwann.com\/?page_id=618#primaryimage\"},\"image\":{\"@id\":\"http:\/\/arwann.com\/?page_id=618#primaryimage\"},\"thumbnailUrl\":\"http:\/\/arwann.com\/wp-content\/uploads\/2014\/03\/sachem.png\",\"datePublished\":\"2014-04-11T14:34:51+00:00\",\"dateModified\":\"2021-11-23T08:52:12+00:00\",\"breadcrumb\":{\"@id\":\"http:\/\/arwann.com\/?page_id=618#breadcrumb\"},\"inLanguage\":\"fr-FR\",\"potentialAction\":[{\"@type\":\"ReadAction\",\"target\":[\"http:\/\/arwann.com\/?page_id=618\"]}]},{\"@type\":\"ImageObject\",\"inLanguage\":\"fr-FR\",\"@id\":\"http:\/\/arwann.com\/?page_id=618#primaryimage\",\"url\":\"http:\/\/arwann.com\/wp-content\/uploads\/2014\/03\/sachem.png\",\"contentUrl\":\"http:\/\/arwann.com\/wp-content\/uploads\/2014\/03\/sachem.png\",\"width\":400,\"height\":400},{\"@type\":\"BreadcrumbList\",\"@id\":\"http:\/\/arwann.com\/?page_id=618#breadcrumb\",\"itemListElement\":[{\"@type\":\"ListItem\",\"position\":1,\"name\":\"Home\",\"item\":\"https:\/\/arwann.com\/\"},{\"@type\":\"ListItem\",\"position\":2,\"name\":\"Sachem\",\"item\":\"http:\/\/arwann.com\/?page_id=206\"},{\"@type\":\"ListItem\",\"position\":3,\"name\":\"Le Tipi\"}]},{\"@type\":\"WebSite\",\"@id\":\"http:\/\/arwann.com\/#website\",\"url\":\"http:\/\/arwann.com\/\",\"name\":\"Arwann.com\",\"description\":\"\",\"publisher\":{\"@id\":\"http:\/\/arwann.com\/#organization\"},\"potentialAction\":[{\"@type\":\"SearchAction\",\"target\":{\"@type\":\"EntryPoint\",\"urlTemplate\":\"http:\/\/arwann.com\/?s={search_term_string}\"},\"query-input\":{\"@type\":\"PropertyValueSpecification\",\"valueRequired\":true,\"valueName\":\"search_term_string\"}}],\"inLanguage\":\"fr-FR\"},{\"@type\":\"Organization\",\"@id\":\"http:\/\/arwann.com\/#organization\",\"name\":\"Arwann\",\"url\":\"http:\/\/arwann.com\/\",\"logo\":{\"@type\":\"ImageObject\",\"inLanguage\":\"fr-FR\",\"@id\":\"http:\/\/arwann.com\/#\/schema\/logo\/image\/\",\"url\":\"http:\/\/arwann.com\/wp-content\/uploads\/2014\/04\/cropped-bandeau-arwann-5.png\",\"contentUrl\":\"http:\/\/arwann.com\/wp-content\/uploads\/2014\/04\/cropped-bandeau-arwann-5.png\",\"width\":1600,\"height\":230,\"caption\":\"Arwann\"},\"image\":{\"@id\":\"http:\/\/arwann.com\/#\/schema\/logo\/image\/\"}}]}<\/script>\n<!-- \/ Yoast SEO plugin. -->","yoast_head_json":{"title":"Le Tipi -","robots":{"index":"index","follow":"follow","max-snippet":"max-snippet:-1","max-image-preview":"max-image-preview:large","max-video-preview":"max-video-preview:-1"},"canonical":"http:\/\/arwann.com\/?page_id=618","og_locale":"fr_FR","og_type":"article","og_title":"Le Tipi -","og_description":"D\u00e9sol\u00e9, vous n&rsquo;avez pas acc\u00e8s \u00e0 cette page car vous n&rsquo;\u00eates pas identifi\u00e9 comme sachem. Retournez \u00e0 la page Sachem pour vous connecter.","og_url":"http:\/\/arwann.com\/?page_id=618","article_modified_time":"2021-11-23T08:52:12+00:00","og_image":[{"url":"http:\/\/arwann.com\/wp-content\/uploads\/2014\/03\/sachem.png","type":"","width":"","height":""}],"twitter_misc":{"Dur\u00e9e de lecture estim\u00e9e":"1 minute"},"schema":{"@context":"https:\/\/schema.org","@graph":[{"@type":"WebPage","@id":"http:\/\/arwann.com\/?page_id=618","url":"http:\/\/arwann.com\/?page_id=618","name":"Le Tipi -","isPartOf":{"@id":"http:\/\/arwann.com\/#website"},"primaryImageOfPage":{"@id":"http:\/\/arwann.com\/?page_id=618#primaryimage"},"image":{"@id":"http:\/\/arwann.com\/?page_id=618#primaryimage"},"thumbnailUrl":"http:\/\/arwann.com\/wp-content\/uploads\/2014\/03\/sachem.png","datePublished":"2014-04-11T14:34:51+00:00","dateModified":"2021-11-23T08:52:12+00:00","breadcrumb":{"@id":"http:\/\/arwann.com\/?page_id=618#breadcrumb"},"inLanguage":"fr-FR","potentialAction":[{"@type":"ReadAction","target":["http:\/\/arwann.com\/?page_id=618"]}]},{"@type":"ImageObject","inLanguage":"fr-FR","@id":"http:\/\/arwann.com\/?page_id=618#primaryimage","url":"http:\/\/arwann.com\/wp-content\/uploads\/2014\/03\/sachem.png","contentUrl":"http:\/\/arwann.com\/wp-content\/uploads\/2014\/03\/sachem.png","width":400,"height":400},{"@type":"BreadcrumbList","@id":"http:\/\/arwann.com\/?page_id=618#breadcrumb","itemListElement":[{"@type":"ListItem","position":1,"name":"Home","item":"https:\/\/arwann.com\/"},{"@type":"ListItem","position":2,"name":"Sachem","item":"http:\/\/arwann.com\/?page_id=206"},{"@type":"ListItem","position":3,"name":"Le Tipi"}]},{"@type":"WebSite","@id":"http:\/\/arwann.com\/#website","url":"http:\/\/arwann.com\/","name":"Arwann.com","description":"","publisher":{"@id":"http:\/\/arwann.com\/#organization"},"potentialAction":[{"@type":"SearchAction","target":{"@type":"EntryPoint","urlTemplate":"http:\/\/arwann.com\/?s={search_term_string}"},"query-input":{"@type":"PropertyValueSpecification","valueRequired":true,"valueName":"search_term_string"}}],"inLanguage":"fr-FR"},{"@type":"Organization","@id":"http:\/\/arwann.com\/#organization","name":"Arwann","url":"http:\/\/arwann.com\/","logo":{"@type":"ImageObject","inLanguage":"fr-FR","@id":"http:\/\/arwann.com\/#\/schema\/logo\/image\/","url":"http:\/\/arwann.com\/wp-content\/uploads\/2014\/04\/cropped-bandeau-arwann-5.png","contentUrl":"http:\/\/arwann.com\/wp-content\/uploads\/2014\/04\/cropped-bandeau-arwann-5.png","width":1600,"height":230,"caption":"Arwann"},"image":{"@id":"http:\/\/arwann.com\/#\/schema\/logo\/image\/"}}]}},"_links":{"self":[{"href":"http:\/\/arwann.com\/index.php?rest_route=\/wp\/v2\/pages\/618","targetHints":{"allow":["GET"]}}],"collection":[{"href":"http:\/\/arwann.com\/index.php?rest_route=\/wp\/v2\/pages"}],"about":[{"href":"http:\/\/arwann.com\/index.php?rest_route=\/wp\/v2\/types\/page"}],"author":[{"embeddable":true,"href":"http:\/\/arwann.com\/index.php?rest_route=\/wp\/v2\/users\/1"}],"replies":[{"embeddable":true,"href":"http:\/\/arwann.com\/index.php?rest_route=%2Fwp%2Fv2%2Fcomments&post=618"}],"version-history":[{"count":21,"href":"http:\/\/arwann.com\/index.php?rest_route=\/wp\/v2\/pages\/618\/revisions"}],"predecessor-version":[{"id":3969,"href":"http:\/\/arwann.com\/index.php?rest_route=\/wp\/v2\/pages\/618\/revisions\/3969"}],"up":[{"embeddable":true,"href":"http:\/\/arwann.com\/index.php?rest_route=\/wp\/v2\/pages\/206"}],"wp:attachment":[{"href":"http:\/\/arwann.com\/index.php?rest_route=%2Fwp%2Fv2%2Fmedia&parent=618"}],"curies":[{"name":"wp","href":"https:\/\/api.w.org\/{rel}","templated":true}]}}