{"id":545,"date":"2014-04-09T20:39:40","date_gmt":"2014-04-09T19:39:40","guid":{"rendered":"http:\/\/arwann.com\/?page_id=545"},"modified":"2014-04-21T21:09:27","modified_gmt":"2014-04-21T20:09:27","slug":"bien-que-le-temps-passe","status":"publish","type":"page","link":"http:\/\/arwann.com\/?page_id=545","title":{"rendered":"Bien que le temps passe"},"content":{"rendered":"<p>Par Cygne. <em>Pour \u00e9couter cliquez ici<\/em> -&gt;<\/p>\n<audio class=\"wp-audio-shortcode\" id=\"audio-545-1\" preload=\"none\" style=\"width: 100%;\" controls=\"controls\"><source type=\"audio\/x-ms-wma\" src=\"http:\/\/arwann.com\/wp-content\/uploads\/2014\/04\/bien-que-le-temps-passe.wma?_=1\" \/><a href=\"http:\/\/arwann.com\/wp-content\/uploads\/2014\/04\/bien-que-le-temps-passe.wma\">http:\/\/arwann.com\/wp-content\/uploads\/2014\/04\/bien-que-le-temps-passe.wma<\/a><\/audio>\n<p>Bien que le temps passe, je me rappelle<br \/>\nMon premier grand camp avec la troupe (avec les guides)<\/p>\n<p>Et le jour de ma promesse, un beau matin d&rsquo;\u00e9t\u00e9.<br \/>\nSouvent j&rsquo;y pense et je reste fid\u00e8le.<\/p>\n<p>Joyeux souvenir reste avec moi, accompagne-moi toujours!<\/p>\n","protected":false},"excerpt":{"rendered":"<p>Par Cygne. Pour \u00e9couter cliquez ici -&gt; Bien que le temps passe, je me rappelle Mon premier grand camp avec la troupe (avec les guides) Et le jour de ma promesse, un beau matin d&rsquo;\u00e9t\u00e9. Souvent j&rsquo;y pense et je reste fid\u00e8le. Joyeux souvenir reste avec moi, accompagne-moi toujours!<\/p>\n","protected":false},"author":1,"featured_media":0,"parent":996,"menu_order":0,"comment_status":"open","ping_status":"open","template":"","meta":{"footnotes":""},"class_list":["post-545","page","type-page","status-publish","hentry"],"yoast_head":"<!-- This site is optimized with the Yoast SEO plugin v27.2 - https:\/\/yoast.com\/product\/yoast-seo-wordpress\/ -->\n<title>Bien que le temps passe -<\/title>\n<meta name=\"robots\" content=\"index, follow, max-snippet:-1, max-image-preview:large, max-video-preview:-1\" \/>\n<link rel=\"canonical\" href=\"http:\/\/arwann.com\/?page_id=545\" \/>\n<meta property=\"og:locale\" content=\"fr_FR\" \/>\n<meta property=\"og:type\" content=\"article\" \/>\n<meta property=\"og:title\" content=\"Bien que le temps passe -\" \/>\n<meta property=\"og:description\" content=\"Par Cygne. Pour \u00e9couter cliquez ici -&gt; Bien que le temps passe, je me rappelle Mon premier grand camp avec la troupe (avec les guides) Et le jour de ma promesse, un beau matin d&rsquo;\u00e9t\u00e9. Souvent j&rsquo;y pense et je reste fid\u00e8le. Joyeux souvenir reste avec moi, accompagne-moi toujours!\" \/>\n<meta property=\"og:url\" content=\"http:\/\/arwann.com\/?page_id=545\" \/>\n<meta property=\"article:modified_time\" content=\"2014-04-21T20:09:27+00:00\" \/>\n<script type=\"application\/ld+json\" class=\"yoast-schema-graph\">{\"@context\":\"https:\/\/schema.org\",\"@graph\":[{\"@type\":\"WebPage\",\"@id\":\"http:\/\/arwann.com\/?page_id=545\",\"url\":\"http:\/\/arwann.com\/?page_id=545\",\"name\":\"Bien que le temps passe -\",\"isPartOf\":{\"@id\":\"http:\/\/arwann.com\/#website\"},\"datePublished\":\"2014-04-09T19:39:40+00:00\",\"dateModified\":\"2014-04-21T20:09:27+00:00\",\"breadcrumb\":{\"@id\":\"http:\/\/arwann.com\/?page_id=545#breadcrumb\"},\"inLanguage\":\"fr-FR\",\"potentialAction\":[{\"@type\":\"ReadAction\",\"target\":[\"http:\/\/arwann.com\/?page_id=545\"]}]},{\"@type\":\"BreadcrumbList\",\"@id\":\"http:\/\/arwann.com\/?page_id=545#breadcrumb\",\"itemListElement\":[{\"@type\":\"ListItem\",\"position\":1,\"name\":\"Home\",\"item\":\"https:\/\/arwann.com\/\"},{\"@type\":\"ListItem\",\"position\":2,\"name\":\"Le coin des Scouts\",\"item\":\"http:\/\/arwann.com\/?page_id=29\"},{\"@type\":\"ListItem\",\"position\":3,\"name\":\"Veill\u00e9es\",\"item\":\"http:\/\/arwann.com\/?page_id=273\"},{\"@type\":\"ListItem\",\"position\":4,\"name\":\"Chants\",\"item\":\"http:\/\/arwann.com\/?page_id=276\"},{\"@type\":\"ListItem\",\"position\":5,\"name\":\"Canons\",\"item\":\"http:\/\/arwann.com\/?page_id=996\"},{\"@type\":\"ListItem\",\"position\":6,\"name\":\"Bien que le temps passe\"}]},{\"@type\":\"WebSite\",\"@id\":\"http:\/\/arwann.com\/#website\",\"url\":\"http:\/\/arwann.com\/\",\"name\":\"Arwann.com\",\"description\":\"\",\"publisher\":{\"@id\":\"http:\/\/arwann.com\/#organization\"},\"potentialAction\":[{\"@type\":\"SearchAction\",\"target\":{\"@type\":\"EntryPoint\",\"urlTemplate\":\"http:\/\/arwann.com\/?s={search_term_string}\"},\"query-input\":{\"@type\":\"PropertyValueSpecification\",\"valueRequired\":true,\"valueName\":\"search_term_string\"}}],\"inLanguage\":\"fr-FR\"},{\"@type\":\"Organization\",\"@id\":\"http:\/\/arwann.com\/#organization\",\"name\":\"Arwann\",\"url\":\"http:\/\/arwann.com\/\",\"logo\":{\"@type\":\"ImageObject\",\"inLanguage\":\"fr-FR\",\"@id\":\"http:\/\/arwann.com\/#\/schema\/logo\/image\/\",\"url\":\"http:\/\/arwann.com\/wp-content\/uploads\/2014\/04\/cropped-bandeau-arwann-5.png\",\"contentUrl\":\"http:\/\/arwann.com\/wp-content\/uploads\/2014\/04\/cropped-bandeau-arwann-5.png\",\"width\":1600,\"height\":230,\"caption\":\"Arwann\"},\"image\":{\"@id\":\"http:\/\/arwann.com\/#\/schema\/logo\/image\/\"}}]}<\/script>\n<!-- \/ Yoast SEO plugin. -->","yoast_head_json":{"title":"Bien que le temps passe -","robots":{"index":"index","follow":"follow","max-snippet":"max-snippet:-1","max-image-preview":"max-image-preview:large","max-video-preview":"max-video-preview:-1"},"canonical":"http:\/\/arwann.com\/?page_id=545","og_locale":"fr_FR","og_type":"article","og_title":"Bien que le temps passe -","og_description":"Par Cygne. Pour \u00e9couter cliquez ici -&gt; Bien que le temps passe, je me rappelle Mon premier grand camp avec la troupe (avec les guides) Et le jour de ma promesse, un beau matin d&rsquo;\u00e9t\u00e9. Souvent j&rsquo;y pense et je reste fid\u00e8le. Joyeux souvenir reste avec moi, accompagne-moi toujours!","og_url":"http:\/\/arwann.com\/?page_id=545","article_modified_time":"2014-04-21T20:09:27+00:00","schema":{"@context":"https:\/\/schema.org","@graph":[{"@type":"WebPage","@id":"http:\/\/arwann.com\/?page_id=545","url":"http:\/\/arwann.com\/?page_id=545","name":"Bien que le temps passe -","isPartOf":{"@id":"http:\/\/arwann.com\/#website"},"datePublished":"2014-04-09T19:39:40+00:00","dateModified":"2014-04-21T20:09:27+00:00","breadcrumb":{"@id":"http:\/\/arwann.com\/?page_id=545#breadcrumb"},"inLanguage":"fr-FR","potentialAction":[{"@type":"ReadAction","target":["http:\/\/arwann.com\/?page_id=545"]}]},{"@type":"BreadcrumbList","@id":"http:\/\/arwann.com\/?page_id=545#breadcrumb","itemListElement":[{"@type":"ListItem","position":1,"name":"Home","item":"https:\/\/arwann.com\/"},{"@type":"ListItem","position":2,"name":"Le coin des Scouts","item":"http:\/\/arwann.com\/?page_id=29"},{"@type":"ListItem","position":3,"name":"Veill\u00e9es","item":"http:\/\/arwann.com\/?page_id=273"},{"@type":"ListItem","position":4,"name":"Chants","item":"http:\/\/arwann.com\/?page_id=276"},{"@type":"ListItem","position":5,"name":"Canons","item":"http:\/\/arwann.com\/?page_id=996"},{"@type":"ListItem","position":6,"name":"Bien que le temps passe"}]},{"@type":"WebSite","@id":"http:\/\/arwann.com\/#website","url":"http:\/\/arwann.com\/","name":"Arwann.com","description":"","publisher":{"@id":"http:\/\/arwann.com\/#organization"},"potentialAction":[{"@type":"SearchAction","target":{"@type":"EntryPoint","urlTemplate":"http:\/\/arwann.com\/?s={search_term_string}"},"query-input":{"@type":"PropertyValueSpecification","valueRequired":true,"valueName":"search_term_string"}}],"inLanguage":"fr-FR"},{"@type":"Organization","@id":"http:\/\/arwann.com\/#organization","name":"Arwann","url":"http:\/\/arwann.com\/","logo":{"@type":"ImageObject","inLanguage":"fr-FR","@id":"http:\/\/arwann.com\/#\/schema\/logo\/image\/","url":"http:\/\/arwann.com\/wp-content\/uploads\/2014\/04\/cropped-bandeau-arwann-5.png","contentUrl":"http:\/\/arwann.com\/wp-content\/uploads\/2014\/04\/cropped-bandeau-arwann-5.png","width":1600,"height":230,"caption":"Arwann"},"image":{"@id":"http:\/\/arwann.com\/#\/schema\/logo\/image\/"}}]}},"_links":{"self":[{"href":"http:\/\/arwann.com\/index.php?rest_route=\/wp\/v2\/pages\/545","targetHints":{"allow":["GET"]}}],"collection":[{"href":"http:\/\/arwann.com\/index.php?rest_route=\/wp\/v2\/pages"}],"about":[{"href":"http:\/\/arwann.com\/index.php?rest_route=\/wp\/v2\/types\/page"}],"author":[{"embeddable":true,"href":"http:\/\/arwann.com\/index.php?rest_route=\/wp\/v2\/users\/1"}],"replies":[{"embeddable":true,"href":"http:\/\/arwann.com\/index.php?rest_route=%2Fwp%2Fv2%2Fcomments&post=545"}],"version-history":[{"count":3,"href":"http:\/\/arwann.com\/index.php?rest_route=\/wp\/v2\/pages\/545\/revisions"}],"predecessor-version":[{"id":1004,"href":"http:\/\/arwann.com\/index.php?rest_route=\/wp\/v2\/pages\/545\/revisions\/1004"}],"up":[{"embeddable":true,"href":"http:\/\/arwann.com\/index.php?rest_route=\/wp\/v2\/pages\/996"}],"wp:attachment":[{"href":"http:\/\/arwann.com\/index.php?rest_route=%2Fwp%2Fv2%2Fmedia&parent=545"}],"curies":[{"name":"wp","href":"https:\/\/api.w.org\/{rel}","templated":true}]}}