{"id":541,"date":"2014-04-09T20:38:12","date_gmt":"2014-04-09T19:38:12","guid":{"rendered":"http:\/\/arwann.com\/?page_id=541"},"modified":"2014-04-09T21:02:28","modified_gmt":"2014-04-09T20:02:28","slug":"la-loi-scoute","status":"publish","type":"page","link":"http:\/\/arwann.com\/?page_id=541","title":{"rendered":"La loi scoute"},"content":{"rendered":"<p>Par Cygne. <em>Pour \u00e9couter cliquez ici<\/em> -&gt; <audio class=\"wp-audio-shortcode\" id=\"audio-541-1\" preload=\"none\" style=\"width: 100%;\" controls=\"controls\"><source type=\"audio\/x-ms-wma\" src=\"http:\/\/arwann.com\/wp-content\/uploads\/2014\/04\/la-loi-scoute.wma?_=1\" \/><a href=\"http:\/\/arwann.com\/wp-content\/uploads\/2014\/04\/la-loi-scoute.wma\">http:\/\/arwann.com\/wp-content\/uploads\/2014\/04\/la-loi-scoute.wma<\/a><\/audio><\/p>\n<p>Ceux qui hochent la t\u00eate avec un air de doute<br \/>\nLorsqu&rsquo;ils te voient porter les trois doigts au chapeau,<br \/>\nC\u2019est qu&rsquo;ils ne savent pas, mon fils, combien est beau<br \/>\nCe geste \u00e9vocateur de ton humble loi scoute.<\/p>\n<p>Ton uniforme n&rsquo;est pour eux qu\u2019un travesti,<br \/>\nTa loi, qu&rsquo;un abr\u00e9g\u00e9 de morale la\u00efque,<br \/>\nMais cette loi d&rsquo;honneur qui te rend v\u00e9ridique<br \/>\nElle doit plaire au Dieu qui n&rsquo;a jamais menti.<\/p>\n<p>Elle te veut loyal aux ordres que t&rsquo;intiment<br \/>\nTon pays, tes parents, m\u00eame un chef de hasard,<br \/>\nElle doit plaire au Dieu qui voulait qu&rsquo;\u00e0 C\u00e9sar<br \/>\nOn rend\u00eet le denier de l\u2019imp\u00f4t l\u00e9gitime.<\/p>\n<p>Bonne loi qui t&rsquo;oblige \u00e0 servir ton prochain,<br \/>\nA partager \u00e0 tous ton \u00e2me fraternelle,<br \/>\nJe pense que J\u00e9sus reconna\u00eetrait en elle<br \/>\nLa loi du Bon Pasteur et du Samaritain.<\/p>\n<p>Elle te dit d&rsquo;aimer les fleurs et leurs corolles<br \/>\nDont les feux du soleil font jouer les \u00e9maux,<br \/>\nElle te pr\u00eache la piti\u00e9 des animaux,<br \/>\nElle doit plaire au Dieu, diseur de paraboles.<\/p>\n<p>Sans r\u00e9plique ob\u00e9ir, ne rien faire \u00e0 moiti\u00e9<br \/>\nEt comme un ouvrier, de tout \u00eatre \u00e9conome,<br \/>\nN&rsquo;est-ce pas le portrait du Fils de Dieu fait homme<br \/>\nQui mourut sur la croix quand tout fut consomm\u00e9\u00a0?<\/p>\n<p>Elle ose t&rsquo;imposer la paix et le sourire<br \/>\nPour voiler ta ma\u00eetrise et ton renoncement,<br \/>\nElle doit plaire au Dieu qui sourit doucement<br \/>\nMalgr\u00e9 l&rsquo;intime horreur de son constant martyre.<\/p>\n<p>Elle te dit\u00a0: Sois pur en ton corps et ton c\u0153ur<br \/>\nEt que ton \u00e2me blanche ainsi qu&rsquo;un lis \u00e9merge,<br \/>\nElle doit plaire au Dieu qui naquit de la Vierge,<br \/>\nElle doit plaire au Dieu qui vit parmi les fleurs.<\/p>\n<p>Laisse donc plaisanter\u00a0: plaisanter est facile.<br \/>\nS&rsquo;ils devaient l&rsquo;observer, ils n&rsquo;en gloseraient plus.<br \/>\nTa loi scoute, elle est sainte et sent bon l&rsquo;\u00c9vangile,<br \/>\nTu peux en \u00eatre fier c&rsquo;est la loi de J\u00e9sus\u00a0!<\/p>\n","protected":false},"excerpt":{"rendered":"<p>Par Cygne. Pour \u00e9couter cliquez ici -&gt; Ceux qui hochent la t\u00eate avec un air de doute Lorsqu&rsquo;ils te voient porter les trois doigts au chapeau, C\u2019est qu&rsquo;ils ne savent pas, mon fils, combien est beau Ce geste \u00e9vocateur de ton humble loi scoute. Ton uniforme n&rsquo;est pour eux qu\u2019un travesti, Ta loi, qu&rsquo;un abr\u00e9g\u00e9 &hellip; <a href=\"http:\/\/arwann.com\/?page_id=541\" class=\"more-link\">Continuer la lecture de <span class=\"screen-reader-text\">La loi scoute<\/span> <span class=\"meta-nav\">&rarr;<\/span><\/a><\/p>\n","protected":false},"author":1,"featured_media":0,"parent":445,"menu_order":0,"comment_status":"open","ping_status":"open","template":"","meta":{"footnotes":""},"class_list":["post-541","page","type-page","status-publish","hentry"],"yoast_head":"<!-- This site is optimized with the Yoast SEO plugin v27.2 - https:\/\/yoast.com\/product\/yoast-seo-wordpress\/ -->\n<title>La loi scoute -<\/title>\n<meta name=\"robots\" content=\"index, follow, max-snippet:-1, max-image-preview:large, max-video-preview:-1\" \/>\n<link rel=\"canonical\" href=\"http:\/\/arwann.com\/?page_id=541\" \/>\n<meta property=\"og:locale\" content=\"fr_FR\" \/>\n<meta property=\"og:type\" content=\"article\" \/>\n<meta property=\"og:title\" content=\"La loi scoute -\" \/>\n<meta property=\"og:description\" content=\"Par Cygne. Pour \u00e9couter cliquez ici -&gt; Ceux qui hochent la t\u00eate avec un air de doute Lorsqu&rsquo;ils te voient porter les trois doigts au chapeau, C\u2019est qu&rsquo;ils ne savent pas, mon fils, combien est beau Ce geste \u00e9vocateur de ton humble loi scoute. Ton uniforme n&rsquo;est pour eux qu\u2019un travesti, Ta loi, qu&rsquo;un abr\u00e9g\u00e9 &hellip; Continuer la lecture de La loi scoute &rarr;\" \/>\n<meta property=\"og:url\" content=\"http:\/\/arwann.com\/?page_id=541\" \/>\n<meta property=\"article:modified_time\" content=\"2014-04-09T20:02:28+00:00\" \/>\n<meta name=\"twitter:label1\" content=\"Dur\u00e9e de lecture estim\u00e9e\" \/>\n\t<meta name=\"twitter:data1\" content=\"2 minutes\" \/>\n<script type=\"application\/ld+json\" class=\"yoast-schema-graph\">{\"@context\":\"https:\/\/schema.org\",\"@graph\":[{\"@type\":\"WebPage\",\"@id\":\"http:\/\/arwann.com\/?page_id=541\",\"url\":\"http:\/\/arwann.com\/?page_id=541\",\"name\":\"La loi scoute -\",\"isPartOf\":{\"@id\":\"http:\/\/arwann.com\/#website\"},\"datePublished\":\"2014-04-09T19:38:12+00:00\",\"dateModified\":\"2014-04-09T20:02:28+00:00\",\"breadcrumb\":{\"@id\":\"http:\/\/arwann.com\/?page_id=541#breadcrumb\"},\"inLanguage\":\"fr-FR\",\"potentialAction\":[{\"@type\":\"ReadAction\",\"target\":[\"http:\/\/arwann.com\/?page_id=541\"]}]},{\"@type\":\"BreadcrumbList\",\"@id\":\"http:\/\/arwann.com\/?page_id=541#breadcrumb\",\"itemListElement\":[{\"@type\":\"ListItem\",\"position\":1,\"name\":\"Home\",\"item\":\"https:\/\/arwann.com\/\"},{\"@type\":\"ListItem\",\"position\":2,\"name\":\"Le coin des Scouts\",\"item\":\"https:\/\/arwann.com\/?page_id=29\"},{\"@type\":\"ListItem\",\"position\":3,\"name\":\"Veill\u00e9es\",\"item\":\"http:\/\/arwann.com\/?page_id=273\"},{\"@type\":\"ListItem\",\"position\":4,\"name\":\"Chants\",\"item\":\"http:\/\/arwann.com\/?page_id=276\"},{\"@type\":\"ListItem\",\"position\":5,\"name\":\"Chants souts\",\"item\":\"http:\/\/arwann.com\/?page_id=445\"},{\"@type\":\"ListItem\",\"position\":6,\"name\":\"La loi scoute\"}]},{\"@type\":\"WebSite\",\"@id\":\"http:\/\/arwann.com\/#website\",\"url\":\"http:\/\/arwann.com\/\",\"name\":\"Arwann.com\",\"description\":\"\",\"publisher\":{\"@id\":\"http:\/\/arwann.com\/#organization\"},\"potentialAction\":[{\"@type\":\"SearchAction\",\"target\":{\"@type\":\"EntryPoint\",\"urlTemplate\":\"http:\/\/arwann.com\/?s={search_term_string}\"},\"query-input\":{\"@type\":\"PropertyValueSpecification\",\"valueRequired\":true,\"valueName\":\"search_term_string\"}}],\"inLanguage\":\"fr-FR\"},{\"@type\":\"Organization\",\"@id\":\"http:\/\/arwann.com\/#organization\",\"name\":\"Arwann\",\"url\":\"http:\/\/arwann.com\/\",\"logo\":{\"@type\":\"ImageObject\",\"inLanguage\":\"fr-FR\",\"@id\":\"http:\/\/arwann.com\/#\/schema\/logo\/image\/\",\"url\":\"http:\/\/arwann.com\/wp-content\/uploads\/2014\/04\/cropped-bandeau-arwann-5.png\",\"contentUrl\":\"http:\/\/arwann.com\/wp-content\/uploads\/2014\/04\/cropped-bandeau-arwann-5.png\",\"width\":1600,\"height\":230,\"caption\":\"Arwann\"},\"image\":{\"@id\":\"http:\/\/arwann.com\/#\/schema\/logo\/image\/\"}}]}<\/script>\n<!-- \/ Yoast SEO plugin. -->","yoast_head_json":{"title":"La loi scoute -","robots":{"index":"index","follow":"follow","max-snippet":"max-snippet:-1","max-image-preview":"max-image-preview:large","max-video-preview":"max-video-preview:-1"},"canonical":"http:\/\/arwann.com\/?page_id=541","og_locale":"fr_FR","og_type":"article","og_title":"La loi scoute -","og_description":"Par Cygne. Pour \u00e9couter cliquez ici -&gt; Ceux qui hochent la t\u00eate avec un air de doute Lorsqu&rsquo;ils te voient porter les trois doigts au chapeau, C\u2019est qu&rsquo;ils ne savent pas, mon fils, combien est beau Ce geste \u00e9vocateur de ton humble loi scoute. Ton uniforme n&rsquo;est pour eux qu\u2019un travesti, Ta loi, qu&rsquo;un abr\u00e9g\u00e9 &hellip; Continuer la lecture de La loi scoute &rarr;","og_url":"http:\/\/arwann.com\/?page_id=541","article_modified_time":"2014-04-09T20:02:28+00:00","twitter_misc":{"Dur\u00e9e de lecture estim\u00e9e":"2 minutes"},"schema":{"@context":"https:\/\/schema.org","@graph":[{"@type":"WebPage","@id":"http:\/\/arwann.com\/?page_id=541","url":"http:\/\/arwann.com\/?page_id=541","name":"La loi scoute -","isPartOf":{"@id":"http:\/\/arwann.com\/#website"},"datePublished":"2014-04-09T19:38:12+00:00","dateModified":"2014-04-09T20:02:28+00:00","breadcrumb":{"@id":"http:\/\/arwann.com\/?page_id=541#breadcrumb"},"inLanguage":"fr-FR","potentialAction":[{"@type":"ReadAction","target":["http:\/\/arwann.com\/?page_id=541"]}]},{"@type":"BreadcrumbList","@id":"http:\/\/arwann.com\/?page_id=541#breadcrumb","itemListElement":[{"@type":"ListItem","position":1,"name":"Home","item":"https:\/\/arwann.com\/"},{"@type":"ListItem","position":2,"name":"Le coin des Scouts","item":"https:\/\/arwann.com\/?page_id=29"},{"@type":"ListItem","position":3,"name":"Veill\u00e9es","item":"http:\/\/arwann.com\/?page_id=273"},{"@type":"ListItem","position":4,"name":"Chants","item":"http:\/\/arwann.com\/?page_id=276"},{"@type":"ListItem","position":5,"name":"Chants souts","item":"http:\/\/arwann.com\/?page_id=445"},{"@type":"ListItem","position":6,"name":"La loi scoute"}]},{"@type":"WebSite","@id":"http:\/\/arwann.com\/#website","url":"http:\/\/arwann.com\/","name":"Arwann.com","description":"","publisher":{"@id":"http:\/\/arwann.com\/#organization"},"potentialAction":[{"@type":"SearchAction","target":{"@type":"EntryPoint","urlTemplate":"http:\/\/arwann.com\/?s={search_term_string}"},"query-input":{"@type":"PropertyValueSpecification","valueRequired":true,"valueName":"search_term_string"}}],"inLanguage":"fr-FR"},{"@type":"Organization","@id":"http:\/\/arwann.com\/#organization","name":"Arwann","url":"http:\/\/arwann.com\/","logo":{"@type":"ImageObject","inLanguage":"fr-FR","@id":"http:\/\/arwann.com\/#\/schema\/logo\/image\/","url":"http:\/\/arwann.com\/wp-content\/uploads\/2014\/04\/cropped-bandeau-arwann-5.png","contentUrl":"http:\/\/arwann.com\/wp-content\/uploads\/2014\/04\/cropped-bandeau-arwann-5.png","width":1600,"height":230,"caption":"Arwann"},"image":{"@id":"http:\/\/arwann.com\/#\/schema\/logo\/image\/"}}]}},"_links":{"self":[{"href":"http:\/\/arwann.com\/index.php?rest_route=\/wp\/v2\/pages\/541","targetHints":{"allow":["GET"]}}],"collection":[{"href":"http:\/\/arwann.com\/index.php?rest_route=\/wp\/v2\/pages"}],"about":[{"href":"http:\/\/arwann.com\/index.php?rest_route=\/wp\/v2\/types\/page"}],"author":[{"embeddable":true,"href":"http:\/\/arwann.com\/index.php?rest_route=\/wp\/v2\/users\/1"}],"replies":[{"embeddable":true,"href":"http:\/\/arwann.com\/index.php?rest_route=%2Fwp%2Fv2%2Fcomments&post=541"}],"version-history":[{"count":3,"href":"http:\/\/arwann.com\/index.php?rest_route=\/wp\/v2\/pages\/541\/revisions"}],"predecessor-version":[{"id":559,"href":"http:\/\/arwann.com\/index.php?rest_route=\/wp\/v2\/pages\/541\/revisions\/559"}],"up":[{"embeddable":true,"href":"http:\/\/arwann.com\/index.php?rest_route=\/wp\/v2\/pages\/445"}],"wp:attachment":[{"href":"http:\/\/arwann.com\/index.php?rest_route=%2Fwp%2Fv2%2Fmedia&parent=541"}],"curies":[{"name":"wp","href":"https:\/\/api.w.org\/{rel}","templated":true}]}}