{"id":538,"date":"2014-04-09T20:37:02","date_gmt":"2014-04-09T19:37:02","guid":{"rendered":"http:\/\/arwann.com\/?page_id=538"},"modified":"2014-04-09T20:59:33","modified_gmt":"2014-04-09T19:59:33","slug":"je-taime-o-ma-patrie","status":"publish","type":"page","link":"http:\/\/arwann.com\/?page_id=538","title":{"rendered":"Je t&rsquo;aime \u00f4 ma patrie"},"content":{"rendered":"<p>Par Cygne. <em>Pour \u00e9couter cliquez ici<\/em> -&gt; <audio class=\"wp-audio-shortcode\" id=\"audio-538-1\" preload=\"none\" style=\"width: 100%;\" controls=\"controls\"><source type=\"audio\/x-ms-wma\" src=\"http:\/\/arwann.com\/wp-content\/uploads\/2014\/04\/je-t-aime-o-ma-patrie.wma?_=1\" \/><a href=\"http:\/\/arwann.com\/wp-content\/uploads\/2014\/04\/je-t-aime-o-ma-patrie.wma\">http:\/\/arwann.com\/wp-content\/uploads\/2014\/04\/je-t-aime-o-ma-patrie.wma<\/a><\/audio><\/p>\n<p>Je t\u2019aime, \u00f4 ma Patrie,<br \/>\nPour tes monts neigeux et fiers,<br \/>\nPour la chanson jolie<br \/>\nDe tes fleuves toujours clairs.<br \/>\nPour tes gr\u00e8ves,<br \/>\nQue soul\u00e8vent<br \/>\nDes flots si bleus,<br \/>\nO\u00f9 l\u2019on voit briller les cieux<br \/>\nEncore plus radieux.<\/p>\n<p>Je t\u2019aime pour tes plaines<br \/>\nO\u00f9 murissent les moissons,<br \/>\nPour tes for\u00eats de ch\u00eanes,<br \/>\nP our tes bois et tes vallons,<br \/>\nPour tes vignes,<br \/>\nQui s\u2019alignent<br \/>\nSur tes coteaux,<br \/>\nPour le chant de tes ruisseaux<br \/>\nO\u00f9 boivent les oiseaux.<\/p>\n<p>Je t\u2019aime pour la gr\u00e2ce<br \/>\nDont se parent tes enfants,<br \/>\nPour la fiert\u00e9 qui passe<br \/>\nAu regard de leurs vingt ans.<br \/>\nPour leur \u00e2me<br \/>\nQui s\u2019enflamme<br \/>\nPrompte au secours,<br \/>\nEt se donne, sans retour,<br \/>\nD\u2019un simple et pur amour.<\/p>\n<p>Je t\u2019aime, \u00f4 douce France,<br \/>\nPour la gloire de ton nom,<br \/>\nPour les bienfaits immenses<br \/>\nDe ton c\u0153ur joyeux et bon.<br \/>\nDe patrie<br \/>\nPlus ch\u00e9rie<br \/>\nIl n\u2019en est pas\u00a0;<br \/>\nPour ta paix, pour tes combats,<br \/>\nPrends nos c\u0153urs et nos bras!<\/p>\n","protected":false},"excerpt":{"rendered":"<p>Par Cygne. Pour \u00e9couter cliquez ici -&gt; Je t\u2019aime, \u00f4 ma Patrie, Pour tes monts neigeux et fiers, Pour la chanson jolie De tes fleuves toujours clairs. Pour tes gr\u00e8ves, Que soul\u00e8vent Des flots si bleus, O\u00f9 l\u2019on voit briller les cieux Encore plus radieux. Je t\u2019aime pour tes plaines O\u00f9 murissent les moissons, Pour &hellip; <a href=\"http:\/\/arwann.com\/?page_id=538\" class=\"more-link\">Continuer la lecture de <span class=\"screen-reader-text\">Je t&rsquo;aime \u00f4 ma patrie<\/span> <span class=\"meta-nav\">&rarr;<\/span><\/a><\/p>\n","protected":false},"author":1,"featured_media":0,"parent":359,"menu_order":0,"comment_status":"open","ping_status":"open","template":"","meta":{"footnotes":""},"class_list":["post-538","page","type-page","status-publish","hentry"],"yoast_head":"<!-- This site is optimized with the Yoast SEO plugin v27.2 - https:\/\/yoast.com\/product\/yoast-seo-wordpress\/ -->\n<title>Je t&#039;aime \u00f4 ma patrie -<\/title>\n<meta name=\"robots\" content=\"index, follow, max-snippet:-1, max-image-preview:large, max-video-preview:-1\" \/>\n<link rel=\"canonical\" href=\"http:\/\/arwann.com\/?page_id=538\" \/>\n<meta property=\"og:locale\" content=\"fr_FR\" \/>\n<meta property=\"og:type\" content=\"article\" \/>\n<meta property=\"og:title\" content=\"Je t&#039;aime \u00f4 ma patrie -\" \/>\n<meta property=\"og:description\" content=\"Par Cygne. Pour \u00e9couter cliquez ici -&gt; Je t\u2019aime, \u00f4 ma Patrie, Pour tes monts neigeux et fiers, Pour la chanson jolie De tes fleuves toujours clairs. Pour tes gr\u00e8ves, Que soul\u00e8vent Des flots si bleus, O\u00f9 l\u2019on voit briller les cieux Encore plus radieux. Je t\u2019aime pour tes plaines O\u00f9 murissent les moissons, Pour &hellip; Continuer la lecture de Je t&rsquo;aime \u00f4 ma patrie &rarr;\" \/>\n<meta property=\"og:url\" content=\"http:\/\/arwann.com\/?page_id=538\" \/>\n<meta property=\"article:modified_time\" content=\"2014-04-09T19:59:33+00:00\" \/>\n<meta name=\"twitter:label1\" content=\"Dur\u00e9e de lecture estim\u00e9e\" \/>\n\t<meta name=\"twitter:data1\" content=\"1 minute\" \/>\n<script type=\"application\/ld+json\" class=\"yoast-schema-graph\">{\"@context\":\"https:\/\/schema.org\",\"@graph\":[{\"@type\":\"WebPage\",\"@id\":\"http:\/\/arwann.com\/?page_id=538\",\"url\":\"http:\/\/arwann.com\/?page_id=538\",\"name\":\"Je t'aime \u00f4 ma patrie -\",\"isPartOf\":{\"@id\":\"http:\/\/arwann.com\/#website\"},\"datePublished\":\"2014-04-09T19:37:02+00:00\",\"dateModified\":\"2014-04-09T19:59:33+00:00\",\"breadcrumb\":{\"@id\":\"http:\/\/arwann.com\/?page_id=538#breadcrumb\"},\"inLanguage\":\"fr-FR\",\"potentialAction\":[{\"@type\":\"ReadAction\",\"target\":[\"http:\/\/arwann.com\/?page_id=538\"]}]},{\"@type\":\"BreadcrumbList\",\"@id\":\"http:\/\/arwann.com\/?page_id=538#breadcrumb\",\"itemListElement\":[{\"@type\":\"ListItem\",\"position\":1,\"name\":\"Home\",\"item\":\"https:\/\/arwann.com\/\"},{\"@type\":\"ListItem\",\"position\":2,\"name\":\"Le coin des Scouts\",\"item\":\"http:\/\/arwann.com\/?page_id=29\"},{\"@type\":\"ListItem\",\"position\":3,\"name\":\"Veill\u00e9es\",\"item\":\"https:\/\/arwann.com\/?page_id=273\"},{\"@type\":\"ListItem\",\"position\":4,\"name\":\"Chants\",\"item\":\"http:\/\/arwann.com\/?page_id=276\"},{\"@type\":\"ListItem\",\"position\":5,\"name\":\"Chants de traditions et de r\u00e9gions\",\"item\":\"http:\/\/arwann.com\/?page_id=359\"},{\"@type\":\"ListItem\",\"position\":6,\"name\":\"Je t&rsquo;aime \u00f4 ma patrie\"}]},{\"@type\":\"WebSite\",\"@id\":\"http:\/\/arwann.com\/#website\",\"url\":\"http:\/\/arwann.com\/\",\"name\":\"Arwann.com\",\"description\":\"\",\"publisher\":{\"@id\":\"http:\/\/arwann.com\/#organization\"},\"potentialAction\":[{\"@type\":\"SearchAction\",\"target\":{\"@type\":\"EntryPoint\",\"urlTemplate\":\"http:\/\/arwann.com\/?s={search_term_string}\"},\"query-input\":{\"@type\":\"PropertyValueSpecification\",\"valueRequired\":true,\"valueName\":\"search_term_string\"}}],\"inLanguage\":\"fr-FR\"},{\"@type\":\"Organization\",\"@id\":\"http:\/\/arwann.com\/#organization\",\"name\":\"Arwann\",\"url\":\"http:\/\/arwann.com\/\",\"logo\":{\"@type\":\"ImageObject\",\"inLanguage\":\"fr-FR\",\"@id\":\"http:\/\/arwann.com\/#\/schema\/logo\/image\/\",\"url\":\"http:\/\/arwann.com\/wp-content\/uploads\/2014\/04\/cropped-bandeau-arwann-5.png\",\"contentUrl\":\"http:\/\/arwann.com\/wp-content\/uploads\/2014\/04\/cropped-bandeau-arwann-5.png\",\"width\":1600,\"height\":230,\"caption\":\"Arwann\"},\"image\":{\"@id\":\"http:\/\/arwann.com\/#\/schema\/logo\/image\/\"}}]}<\/script>\n<!-- \/ Yoast SEO plugin. -->","yoast_head_json":{"title":"Je t'aime \u00f4 ma patrie -","robots":{"index":"index","follow":"follow","max-snippet":"max-snippet:-1","max-image-preview":"max-image-preview:large","max-video-preview":"max-video-preview:-1"},"canonical":"http:\/\/arwann.com\/?page_id=538","og_locale":"fr_FR","og_type":"article","og_title":"Je t'aime \u00f4 ma patrie -","og_description":"Par Cygne. Pour \u00e9couter cliquez ici -&gt; Je t\u2019aime, \u00f4 ma Patrie, Pour tes monts neigeux et fiers, Pour la chanson jolie De tes fleuves toujours clairs. Pour tes gr\u00e8ves, Que soul\u00e8vent Des flots si bleus, O\u00f9 l\u2019on voit briller les cieux Encore plus radieux. Je t\u2019aime pour tes plaines O\u00f9 murissent les moissons, Pour &hellip; Continuer la lecture de Je t&rsquo;aime \u00f4 ma patrie &rarr;","og_url":"http:\/\/arwann.com\/?page_id=538","article_modified_time":"2014-04-09T19:59:33+00:00","twitter_misc":{"Dur\u00e9e de lecture estim\u00e9e":"1 minute"},"schema":{"@context":"https:\/\/schema.org","@graph":[{"@type":"WebPage","@id":"http:\/\/arwann.com\/?page_id=538","url":"http:\/\/arwann.com\/?page_id=538","name":"Je t'aime \u00f4 ma patrie -","isPartOf":{"@id":"http:\/\/arwann.com\/#website"},"datePublished":"2014-04-09T19:37:02+00:00","dateModified":"2014-04-09T19:59:33+00:00","breadcrumb":{"@id":"http:\/\/arwann.com\/?page_id=538#breadcrumb"},"inLanguage":"fr-FR","potentialAction":[{"@type":"ReadAction","target":["http:\/\/arwann.com\/?page_id=538"]}]},{"@type":"BreadcrumbList","@id":"http:\/\/arwann.com\/?page_id=538#breadcrumb","itemListElement":[{"@type":"ListItem","position":1,"name":"Home","item":"https:\/\/arwann.com\/"},{"@type":"ListItem","position":2,"name":"Le coin des Scouts","item":"http:\/\/arwann.com\/?page_id=29"},{"@type":"ListItem","position":3,"name":"Veill\u00e9es","item":"https:\/\/arwann.com\/?page_id=273"},{"@type":"ListItem","position":4,"name":"Chants","item":"http:\/\/arwann.com\/?page_id=276"},{"@type":"ListItem","position":5,"name":"Chants de traditions et de r\u00e9gions","item":"http:\/\/arwann.com\/?page_id=359"},{"@type":"ListItem","position":6,"name":"Je t&rsquo;aime \u00f4 ma patrie"}]},{"@type":"WebSite","@id":"http:\/\/arwann.com\/#website","url":"http:\/\/arwann.com\/","name":"Arwann.com","description":"","publisher":{"@id":"http:\/\/arwann.com\/#organization"},"potentialAction":[{"@type":"SearchAction","target":{"@type":"EntryPoint","urlTemplate":"http:\/\/arwann.com\/?s={search_term_string}"},"query-input":{"@type":"PropertyValueSpecification","valueRequired":true,"valueName":"search_term_string"}}],"inLanguage":"fr-FR"},{"@type":"Organization","@id":"http:\/\/arwann.com\/#organization","name":"Arwann","url":"http:\/\/arwann.com\/","logo":{"@type":"ImageObject","inLanguage":"fr-FR","@id":"http:\/\/arwann.com\/#\/schema\/logo\/image\/","url":"http:\/\/arwann.com\/wp-content\/uploads\/2014\/04\/cropped-bandeau-arwann-5.png","contentUrl":"http:\/\/arwann.com\/wp-content\/uploads\/2014\/04\/cropped-bandeau-arwann-5.png","width":1600,"height":230,"caption":"Arwann"},"image":{"@id":"http:\/\/arwann.com\/#\/schema\/logo\/image\/"}}]}},"_links":{"self":[{"href":"http:\/\/arwann.com\/index.php?rest_route=\/wp\/v2\/pages\/538","targetHints":{"allow":["GET"]}}],"collection":[{"href":"http:\/\/arwann.com\/index.php?rest_route=\/wp\/v2\/pages"}],"about":[{"href":"http:\/\/arwann.com\/index.php?rest_route=\/wp\/v2\/types\/page"}],"author":[{"embeddable":true,"href":"http:\/\/arwann.com\/index.php?rest_route=\/wp\/v2\/users\/1"}],"replies":[{"embeddable":true,"href":"http:\/\/arwann.com\/index.php?rest_route=%2Fwp%2Fv2%2Fcomments&post=538"}],"version-history":[{"count":3,"href":"http:\/\/arwann.com\/index.php?rest_route=\/wp\/v2\/pages\/538\/revisions"}],"predecessor-version":[{"id":554,"href":"http:\/\/arwann.com\/index.php?rest_route=\/wp\/v2\/pages\/538\/revisions\/554"}],"up":[{"embeddable":true,"href":"http:\/\/arwann.com\/index.php?rest_route=\/wp\/v2\/pages\/359"}],"wp:attachment":[{"href":"http:\/\/arwann.com\/index.php?rest_route=%2Fwp%2Fv2%2Fmedia&parent=538"}],"curies":[{"name":"wp","href":"https:\/\/api.w.org\/{rel}","templated":true}]}}