{"id":536,"date":"2014-04-09T20:36:11","date_gmt":"2014-04-09T19:36:11","guid":{"rendered":"http:\/\/arwann.com\/?page_id=536"},"modified":"2014-04-09T20:58:26","modified_gmt":"2014-04-09T19:58:26","slug":"ma-normandie","status":"publish","type":"page","link":"http:\/\/arwann.com\/?page_id=536","title":{"rendered":"Ma Normandie"},"content":{"rendered":"<p align=\"LEFT\">Par Cygne. <em>Pour \u00e9couter cliquez ici<\/em> -&gt; <audio class=\"wp-audio-shortcode\" id=\"audio-536-1\" preload=\"none\" style=\"width: 100%;\" controls=\"controls\"><source type=\"audio\/x-ms-wma\" src=\"http:\/\/arwann.com\/wp-content\/uploads\/2014\/04\/ma-normandie.wma?_=1\" \/><a href=\"http:\/\/arwann.com\/wp-content\/uploads\/2014\/04\/ma-normandie.wma\">http:\/\/arwann.com\/wp-content\/uploads\/2014\/04\/ma-normandie.wma<\/a><\/audio><\/p>\n<p align=\"LEFT\">Quand tout rena\u00eet \u00e0 l&rsquo;esp\u00e9rance,<br \/>\nEt que l&rsquo;hiver fuit loin de nous,<br \/>\nSous le beau ciel de notre France,<br \/>\nQuand le soleil revient plus doux,<br \/>\nQuand la nature est reverdie,<br \/>\nQuand l&rsquo;hirondelle est de retour,<br \/>\nJ&rsquo;aime \u00e0 revoir ma Normandie\u00a0!<br \/>\nC&rsquo;est le pays qui m&rsquo;a donn\u00e9 le jour.<\/p>\n<p>J&rsquo;ai vu les champs de l&rsquo;Helv\u00e9tie,<br \/>\nEt ses chalets et ses glaciers\u00a0;<br \/>\nJ&rsquo;ai vu le ciel de l&rsquo;Italie,<br \/>\nEt Venise et ses gondoliers.<br \/>\nEn saluant chaque patrie,<br \/>\nJe me disais\u00a0: aucun s\u00e9jour<br \/>\nN&rsquo;est plus beau que ma Normandie\u00a0!<br \/>\nC&rsquo;est le pays qui m&rsquo;a donn\u00e9 le jour.<\/p>\n<p>Il est un \u00e2ge dans la vie,<br \/>\nO\u00f9 chaque r\u00eave doit finir,<br \/>\nUn \u00e2ge o\u00f9 l&rsquo;\u00e2me recueillie<br \/>\nA besoin de se souvenir.<br \/>\nLorsque ma muse refroidie<br \/>\nAura fini ses chants d&rsquo;amour,<br \/>\nJ&rsquo;irai revoir ma Normandie\u00a0!<br \/>\nC&rsquo;est le pays qui m&rsquo;a donn\u00e9 le jour.<\/p>\n","protected":false},"excerpt":{"rendered":"<p>Par Cygne. Pour \u00e9couter cliquez ici -&gt; Quand tout rena\u00eet \u00e0 l&rsquo;esp\u00e9rance, Et que l&rsquo;hiver fuit loin de nous, Sous le beau ciel de notre France, Quand le soleil revient plus doux, Quand la nature est reverdie, Quand l&rsquo;hirondelle est de retour, J&rsquo;aime \u00e0 revoir ma Normandie\u00a0! C&rsquo;est le pays qui m&rsquo;a donn\u00e9 le jour. &hellip; <a href=\"http:\/\/arwann.com\/?page_id=536\" class=\"more-link\">Continuer la lecture de <span class=\"screen-reader-text\">Ma Normandie<\/span> <span class=\"meta-nav\">&rarr;<\/span><\/a><\/p>\n","protected":false},"author":1,"featured_media":0,"parent":359,"menu_order":0,"comment_status":"open","ping_status":"open","template":"","meta":{"footnotes":""},"class_list":["post-536","page","type-page","status-publish","hentry"],"yoast_head":"<!-- This site is optimized with the Yoast SEO plugin v27.2 - https:\/\/yoast.com\/product\/yoast-seo-wordpress\/ -->\n<title>Ma Normandie -<\/title>\n<meta name=\"robots\" content=\"index, follow, max-snippet:-1, max-image-preview:large, max-video-preview:-1\" \/>\n<link rel=\"canonical\" href=\"http:\/\/arwann.com\/?page_id=536\" \/>\n<meta property=\"og:locale\" content=\"fr_FR\" \/>\n<meta property=\"og:type\" content=\"article\" \/>\n<meta property=\"og:title\" content=\"Ma Normandie -\" \/>\n<meta property=\"og:description\" content=\"Par Cygne. Pour \u00e9couter cliquez ici -&gt; Quand tout rena\u00eet \u00e0 l&rsquo;esp\u00e9rance, Et que l&rsquo;hiver fuit loin de nous, Sous le beau ciel de notre France, Quand le soleil revient plus doux, Quand la nature est reverdie, Quand l&rsquo;hirondelle est de retour, J&rsquo;aime \u00e0 revoir ma Normandie\u00a0! C&rsquo;est le pays qui m&rsquo;a donn\u00e9 le jour. &hellip; Continuer la lecture de Ma Normandie &rarr;\" \/>\n<meta property=\"og:url\" content=\"http:\/\/arwann.com\/?page_id=536\" \/>\n<meta property=\"article:modified_time\" content=\"2014-04-09T19:58:26+00:00\" \/>\n<meta name=\"twitter:label1\" content=\"Dur\u00e9e de lecture estim\u00e9e\" \/>\n\t<meta name=\"twitter:data1\" content=\"1 minute\" \/>\n<script type=\"application\/ld+json\" class=\"yoast-schema-graph\">{\"@context\":\"https:\/\/schema.org\",\"@graph\":[{\"@type\":\"WebPage\",\"@id\":\"http:\/\/arwann.com\/?page_id=536\",\"url\":\"http:\/\/arwann.com\/?page_id=536\",\"name\":\"Ma Normandie -\",\"isPartOf\":{\"@id\":\"http:\/\/arwann.com\/#website\"},\"datePublished\":\"2014-04-09T19:36:11+00:00\",\"dateModified\":\"2014-04-09T19:58:26+00:00\",\"breadcrumb\":{\"@id\":\"http:\/\/arwann.com\/?page_id=536#breadcrumb\"},\"inLanguage\":\"fr-FR\",\"potentialAction\":[{\"@type\":\"ReadAction\",\"target\":[\"http:\/\/arwann.com\/?page_id=536\"]}]},{\"@type\":\"BreadcrumbList\",\"@id\":\"http:\/\/arwann.com\/?page_id=536#breadcrumb\",\"itemListElement\":[{\"@type\":\"ListItem\",\"position\":1,\"name\":\"Home\",\"item\":\"https:\/\/arwann.com\/\"},{\"@type\":\"ListItem\",\"position\":2,\"name\":\"Le coin des Scouts\",\"item\":\"http:\/\/arwann.com\/?page_id=29\"},{\"@type\":\"ListItem\",\"position\":3,\"name\":\"Veill\u00e9es\",\"item\":\"https:\/\/arwann.com\/?page_id=273\"},{\"@type\":\"ListItem\",\"position\":4,\"name\":\"Chants\",\"item\":\"http:\/\/arwann.com\/?page_id=276\"},{\"@type\":\"ListItem\",\"position\":5,\"name\":\"Chants de traditions et de r\u00e9gions\",\"item\":\"http:\/\/arwann.com\/?page_id=359\"},{\"@type\":\"ListItem\",\"position\":6,\"name\":\"Ma Normandie\"}]},{\"@type\":\"WebSite\",\"@id\":\"http:\/\/arwann.com\/#website\",\"url\":\"http:\/\/arwann.com\/\",\"name\":\"Arwann.com\",\"description\":\"\",\"publisher\":{\"@id\":\"http:\/\/arwann.com\/#organization\"},\"potentialAction\":[{\"@type\":\"SearchAction\",\"target\":{\"@type\":\"EntryPoint\",\"urlTemplate\":\"http:\/\/arwann.com\/?s={search_term_string}\"},\"query-input\":{\"@type\":\"PropertyValueSpecification\",\"valueRequired\":true,\"valueName\":\"search_term_string\"}}],\"inLanguage\":\"fr-FR\"},{\"@type\":\"Organization\",\"@id\":\"http:\/\/arwann.com\/#organization\",\"name\":\"Arwann\",\"url\":\"http:\/\/arwann.com\/\",\"logo\":{\"@type\":\"ImageObject\",\"inLanguage\":\"fr-FR\",\"@id\":\"http:\/\/arwann.com\/#\/schema\/logo\/image\/\",\"url\":\"http:\/\/arwann.com\/wp-content\/uploads\/2014\/04\/cropped-bandeau-arwann-5.png\",\"contentUrl\":\"http:\/\/arwann.com\/wp-content\/uploads\/2014\/04\/cropped-bandeau-arwann-5.png\",\"width\":1600,\"height\":230,\"caption\":\"Arwann\"},\"image\":{\"@id\":\"http:\/\/arwann.com\/#\/schema\/logo\/image\/\"}}]}<\/script>\n<!-- \/ Yoast SEO plugin. -->","yoast_head_json":{"title":"Ma Normandie -","robots":{"index":"index","follow":"follow","max-snippet":"max-snippet:-1","max-image-preview":"max-image-preview:large","max-video-preview":"max-video-preview:-1"},"canonical":"http:\/\/arwann.com\/?page_id=536","og_locale":"fr_FR","og_type":"article","og_title":"Ma Normandie -","og_description":"Par Cygne. Pour \u00e9couter cliquez ici -&gt; Quand tout rena\u00eet \u00e0 l&rsquo;esp\u00e9rance, Et que l&rsquo;hiver fuit loin de nous, Sous le beau ciel de notre France, Quand le soleil revient plus doux, Quand la nature est reverdie, Quand l&rsquo;hirondelle est de retour, J&rsquo;aime \u00e0 revoir ma Normandie\u00a0! C&rsquo;est le pays qui m&rsquo;a donn\u00e9 le jour. &hellip; Continuer la lecture de Ma Normandie &rarr;","og_url":"http:\/\/arwann.com\/?page_id=536","article_modified_time":"2014-04-09T19:58:26+00:00","twitter_misc":{"Dur\u00e9e de lecture estim\u00e9e":"1 minute"},"schema":{"@context":"https:\/\/schema.org","@graph":[{"@type":"WebPage","@id":"http:\/\/arwann.com\/?page_id=536","url":"http:\/\/arwann.com\/?page_id=536","name":"Ma Normandie -","isPartOf":{"@id":"http:\/\/arwann.com\/#website"},"datePublished":"2014-04-09T19:36:11+00:00","dateModified":"2014-04-09T19:58:26+00:00","breadcrumb":{"@id":"http:\/\/arwann.com\/?page_id=536#breadcrumb"},"inLanguage":"fr-FR","potentialAction":[{"@type":"ReadAction","target":["http:\/\/arwann.com\/?page_id=536"]}]},{"@type":"BreadcrumbList","@id":"http:\/\/arwann.com\/?page_id=536#breadcrumb","itemListElement":[{"@type":"ListItem","position":1,"name":"Home","item":"https:\/\/arwann.com\/"},{"@type":"ListItem","position":2,"name":"Le coin des Scouts","item":"http:\/\/arwann.com\/?page_id=29"},{"@type":"ListItem","position":3,"name":"Veill\u00e9es","item":"https:\/\/arwann.com\/?page_id=273"},{"@type":"ListItem","position":4,"name":"Chants","item":"http:\/\/arwann.com\/?page_id=276"},{"@type":"ListItem","position":5,"name":"Chants de traditions et de r\u00e9gions","item":"http:\/\/arwann.com\/?page_id=359"},{"@type":"ListItem","position":6,"name":"Ma Normandie"}]},{"@type":"WebSite","@id":"http:\/\/arwann.com\/#website","url":"http:\/\/arwann.com\/","name":"Arwann.com","description":"","publisher":{"@id":"http:\/\/arwann.com\/#organization"},"potentialAction":[{"@type":"SearchAction","target":{"@type":"EntryPoint","urlTemplate":"http:\/\/arwann.com\/?s={search_term_string}"},"query-input":{"@type":"PropertyValueSpecification","valueRequired":true,"valueName":"search_term_string"}}],"inLanguage":"fr-FR"},{"@type":"Organization","@id":"http:\/\/arwann.com\/#organization","name":"Arwann","url":"http:\/\/arwann.com\/","logo":{"@type":"ImageObject","inLanguage":"fr-FR","@id":"http:\/\/arwann.com\/#\/schema\/logo\/image\/","url":"http:\/\/arwann.com\/wp-content\/uploads\/2014\/04\/cropped-bandeau-arwann-5.png","contentUrl":"http:\/\/arwann.com\/wp-content\/uploads\/2014\/04\/cropped-bandeau-arwann-5.png","width":1600,"height":230,"caption":"Arwann"},"image":{"@id":"http:\/\/arwann.com\/#\/schema\/logo\/image\/"}}]}},"_links":{"self":[{"href":"http:\/\/arwann.com\/index.php?rest_route=\/wp\/v2\/pages\/536","targetHints":{"allow":["GET"]}}],"collection":[{"href":"http:\/\/arwann.com\/index.php?rest_route=\/wp\/v2\/pages"}],"about":[{"href":"http:\/\/arwann.com\/index.php?rest_route=\/wp\/v2\/types\/page"}],"author":[{"embeddable":true,"href":"http:\/\/arwann.com\/index.php?rest_route=\/wp\/v2\/users\/1"}],"replies":[{"embeddable":true,"href":"http:\/\/arwann.com\/index.php?rest_route=%2Fwp%2Fv2%2Fcomments&post=536"}],"version-history":[{"count":3,"href":"http:\/\/arwann.com\/index.php?rest_route=\/wp\/v2\/pages\/536\/revisions"}],"predecessor-version":[{"id":552,"href":"http:\/\/arwann.com\/index.php?rest_route=\/wp\/v2\/pages\/536\/revisions\/552"}],"up":[{"embeddable":true,"href":"http:\/\/arwann.com\/index.php?rest_route=\/wp\/v2\/pages\/359"}],"wp:attachment":[{"href":"http:\/\/arwann.com\/index.php?rest_route=%2Fwp%2Fv2%2Fmedia&parent=536"}],"curies":[{"name":"wp","href":"https:\/\/api.w.org\/{rel}","templated":true}]}}