{"id":516,"date":"2014-04-08T20:58:19","date_gmt":"2014-04-08T19:58:19","guid":{"rendered":"http:\/\/arwann.com\/?page_id=516"},"modified":"2014-04-08T21:06:13","modified_gmt":"2014-04-08T20:06:13","slug":"lenfant-de-strasbourg","status":"publish","type":"page","link":"http:\/\/arwann.com\/?page_id=516","title":{"rendered":"L&rsquo;enfant de Strasbourg"},"content":{"rendered":"<p>par Cygne. <em>pour \u00e9couter cliquez ici -&gt;<\/em> <audio class=\"wp-audio-shortcode\" id=\"audio-516-1\" preload=\"none\" style=\"width: 100%;\" controls=\"controls\"><source type=\"audio\/x-ms-wma\" src=\"http:\/\/arwann.com\/wp-content\/uploads\/2014\/04\/enfant-de-strasbourg.wma?_=1\" \/><a href=\"http:\/\/arwann.com\/wp-content\/uploads\/2014\/04\/enfant-de-strasbourg.wma\">http:\/\/arwann.com\/wp-content\/uploads\/2014\/04\/enfant-de-strasbourg.wma<\/a><\/audio><\/p>\n<p><span style=\"color: #000000;\">Petit papa voici la mi-car\u00eame,<br \/>\nCar te voici d\u00e9guis\u00e9 en soldat<\/span><br \/>\n<span style=\"color: #000000;\">Petit papa dis moi si c&rsquo;est pour rire,<\/span><br \/>\n<span style=\"color: #000000;\">Ou pour faire peur aux tout petits enfants (bis)<\/span><\/p>\n<p><span style=\"color: #000000;\">Non mon enfant je pars pour la patrie, <\/span><br \/>\n<span style=\"color: #000000;\">C&rsquo;est un devoir o\u00f9 tous les papas s&rsquo;en vont,<\/span><br \/>\n<span style=\"color: #000000;\">Embrasse-moi petite fille ch\u00e9rie,<\/span><br \/>\n<span style=\"color: #000000;\">Je rentrerai bien vite \u00e0 la maison (bis)<\/span><\/p>\n<p><span style=\"color: #000000;\">Dis-moi maman quelle est cette m\u00e9daille,<\/span><br \/>\n<span style=\"color: #000000;\">Et cette lettre qu&rsquo;apporte le facteur,<\/span><br \/>\n<span style=\"color: #000000;\">Dis moi maman tu pleures et tu d\u00e9failles<\/span><br \/>\n<span style=\"color: #000000;\">Ils ont tu\u00e9 petit p\u00e8re ador\u00e9 (bis)<\/span><\/p>\n<p><span style=\"color: #000000;\">Oui mon enfant ils ont tu\u00e9 ton p\u00e8re,<\/span><br \/>\n<span style=\"color: #000000;\">Pleurons ensemble car nous les ha\u00efssons<\/span><br \/>\n<span style=\"color: #000000;\">Ces guerres atroces qui font pleurer les m\u00e8res,<\/span><br \/>\n<span style=\"color: #000000;\">Et tuent les p\u00e8res des petits anges blonds (bis)<\/span><\/p>\n<p><span style=\"color: #000000;\">La neige tombe aux portes de la ville,<\/span><br \/>\n<span style=\"color: #000000;\">L\u00e0 est assise une enfant de <a href=\"http:\/\/fr.wikipedia.org\/wiki\/Strasbourg\"><span style=\"color: #000000;\">Strasbourg<\/span><\/a>.<\/span><br \/>\n<span style=\"color: #000000;\">Elle reste l\u00e0 malgr\u00e9 le froid, la bise,<\/span><br \/>\n<span style=\"color: #000000;\">Elle reste l\u00e0 malgr\u00e9 la fin du jour (bis)<\/span><\/p>\n<p><span style=\"color: #000000;\">Un homme passe, \u00e0 la fillette donne.<\/span><br \/>\n<span style=\"color: #000000;\">Elle reconnait l&rsquo;uniforme allemand.<\/span><br \/>\n<span style=\"color: #000000;\">Elle refuse l&rsquo;aum\u00f4ne qu&rsquo;on lui donne,<\/span><br \/>\n<span style=\"color: #000000;\">\u00c0 l&rsquo;ennemi elle dit bien fi\u00e8rement (bis)<\/span><\/p>\n<p><span style=\"color: #000000;\">Gardez votre or je garde ma souffrance,<\/span><br \/>\n<span style=\"color: #000000;\">Soldat prussien passez votre chemin.<\/span><br \/>\n<span style=\"color: #000000;\">Moi je ne suis qu&rsquo;une enfant de la France,<\/span><br \/>\n<span style=\"color: #000000;\">\u00c0 l&rsquo;ennemi je ne tends pas la main (bis)<\/span><\/p>\n<p><span style=\"color: #000000;\">Tout en priant sous cette Cath\u00e9drale,<\/span><br \/>\n<span style=\"color: #000000;\">Ma m\u00e8re est morte sous ce porche \u00e9croul\u00e9.<\/span><br \/>\n<span style=\"color: #000000;\">Frapp\u00e9e \u00e0 mort par l&rsquo;une de vos balles,<\/span><br \/>\n<span style=\"color: #000000;\">Frapp\u00e9e \u00e0 mort par l&rsquo;un de vos boulets (bis)<\/span><\/p>\n<p><span style=\"color: #000000;\">Mon p\u00e8re est mort sur vos champs de bataille,<\/span><br \/>\n<span style=\"color: #000000;\">Je n&rsquo;ai pas vu l&rsquo;ombre de son cercueil.<\/span><br \/>\n<span style=\"color: #000000;\">Frapp\u00e9 \u00e0 mort par l&rsquo;une de vos balles,<\/span><br \/>\n<span style=\"color: #000000;\">C&rsquo;est la raison de ma robe de deuil (bis)<\/span><\/p>\n<p><span style=\"color: #000000;\">Vous avez eu l&rsquo;<a href=\"http:\/\/fr.wikipedia.org\/wiki\/Alsace-Lorraine\"><span style=\"color: #000000;\">Alsace et la Lorraine<\/span><\/a>,<\/span><br \/>\n<span style=\"color: #000000;\">Vous avez eu des millions d&rsquo;\u00e9trangers,<\/span><br \/>\n<span style=\"color: #000000;\">Vous avez eu <a href=\"http:\/\/fr.wikipedia.org\/wiki\/Germanie\"><span style=\"color: #000000;\">Germanie<\/span><\/a> et <a href=\"http:\/\/fr.wikipedia.org\/wiki\/Boh\u00eame\"><span style=\"color: #000000;\">Boh\u00eame<\/span><\/a>,<\/span><br \/>\n<span style=\"color: #000000;\">Mais mon p&rsquo;tit c\u0153ur vous ne l&rsquo;aurez jamais, <\/span><br \/>\n<span style=\"color: #000000;\">Mais mon p&rsquo;tit c\u0153ur il restera Fran\u00e7ais.<\/span><\/p>\n","protected":false},"excerpt":{"rendered":"<p>par Cygne. pour \u00e9couter cliquez ici -&gt; Petit papa voici la mi-car\u00eame, Car te voici d\u00e9guis\u00e9 en soldat Petit papa dis moi si c&rsquo;est pour rire, Ou pour faire peur aux tout petits enfants (bis) Non mon enfant je pars pour la patrie, C&rsquo;est un devoir o\u00f9 tous les papas s&rsquo;en vont, Embrasse-moi petite fille &hellip; <a href=\"http:\/\/arwann.com\/?page_id=516\" class=\"more-link\">Continuer la lecture de <span class=\"screen-reader-text\">L&rsquo;enfant de Strasbourg<\/span> <span class=\"meta-nav\">&rarr;<\/span><\/a><\/p>\n","protected":false},"author":1,"featured_media":0,"parent":359,"menu_order":0,"comment_status":"open","ping_status":"open","template":"","meta":{"footnotes":""},"class_list":["post-516","page","type-page","status-publish","hentry"],"yoast_head":"<!-- This site is optimized with the Yoast SEO plugin v27.2 - https:\/\/yoast.com\/product\/yoast-seo-wordpress\/ -->\n<title>L&#039;enfant de Strasbourg -<\/title>\n<meta name=\"robots\" content=\"index, follow, max-snippet:-1, max-image-preview:large, max-video-preview:-1\" \/>\n<link rel=\"canonical\" href=\"http:\/\/arwann.com\/?page_id=516\" \/>\n<meta property=\"og:locale\" content=\"fr_FR\" \/>\n<meta property=\"og:type\" content=\"article\" \/>\n<meta property=\"og:title\" content=\"L&#039;enfant de Strasbourg -\" \/>\n<meta property=\"og:description\" content=\"par Cygne. pour \u00e9couter cliquez ici -&gt; Petit papa voici la mi-car\u00eame, Car te voici d\u00e9guis\u00e9 en soldat Petit papa dis moi si c&rsquo;est pour rire, Ou pour faire peur aux tout petits enfants (bis) Non mon enfant je pars pour la patrie, C&rsquo;est un devoir o\u00f9 tous les papas s&rsquo;en vont, Embrasse-moi petite fille &hellip; Continuer la lecture de L&rsquo;enfant de Strasbourg &rarr;\" \/>\n<meta property=\"og:url\" content=\"http:\/\/arwann.com\/?page_id=516\" \/>\n<meta property=\"article:modified_time\" content=\"2014-04-08T20:06:13+00:00\" \/>\n<meta name=\"twitter:label1\" content=\"Dur\u00e9e de lecture estim\u00e9e\" \/>\n\t<meta name=\"twitter:data1\" content=\"2 minutes\" \/>\n<script type=\"application\/ld+json\" class=\"yoast-schema-graph\">{\"@context\":\"https:\/\/schema.org\",\"@graph\":[{\"@type\":\"WebPage\",\"@id\":\"http:\/\/arwann.com\/?page_id=516\",\"url\":\"http:\/\/arwann.com\/?page_id=516\",\"name\":\"L'enfant de Strasbourg -\",\"isPartOf\":{\"@id\":\"http:\/\/arwann.com\/#website\"},\"datePublished\":\"2014-04-08T19:58:19+00:00\",\"dateModified\":\"2014-04-08T20:06:13+00:00\",\"breadcrumb\":{\"@id\":\"http:\/\/arwann.com\/?page_id=516#breadcrumb\"},\"inLanguage\":\"fr-FR\",\"potentialAction\":[{\"@type\":\"ReadAction\",\"target\":[\"http:\/\/arwann.com\/?page_id=516\"]}]},{\"@type\":\"BreadcrumbList\",\"@id\":\"http:\/\/arwann.com\/?page_id=516#breadcrumb\",\"itemListElement\":[{\"@type\":\"ListItem\",\"position\":1,\"name\":\"Home\",\"item\":\"https:\/\/arwann.com\/\"},{\"@type\":\"ListItem\",\"position\":2,\"name\":\"Le coin des Scouts\",\"item\":\"https:\/\/arwann.com\/?page_id=29\"},{\"@type\":\"ListItem\",\"position\":3,\"name\":\"Veill\u00e9es\",\"item\":\"http:\/\/arwann.com\/?page_id=273\"},{\"@type\":\"ListItem\",\"position\":4,\"name\":\"Chants\",\"item\":\"http:\/\/arwann.com\/?page_id=276\"},{\"@type\":\"ListItem\",\"position\":5,\"name\":\"Chants de traditions et de r\u00e9gions\",\"item\":\"http:\/\/arwann.com\/?page_id=359\"},{\"@type\":\"ListItem\",\"position\":6,\"name\":\"L&rsquo;enfant de Strasbourg\"}]},{\"@type\":\"WebSite\",\"@id\":\"http:\/\/arwann.com\/#website\",\"url\":\"http:\/\/arwann.com\/\",\"name\":\"Arwann.com\",\"description\":\"\",\"publisher\":{\"@id\":\"http:\/\/arwann.com\/#organization\"},\"potentialAction\":[{\"@type\":\"SearchAction\",\"target\":{\"@type\":\"EntryPoint\",\"urlTemplate\":\"http:\/\/arwann.com\/?s={search_term_string}\"},\"query-input\":{\"@type\":\"PropertyValueSpecification\",\"valueRequired\":true,\"valueName\":\"search_term_string\"}}],\"inLanguage\":\"fr-FR\"},{\"@type\":\"Organization\",\"@id\":\"http:\/\/arwann.com\/#organization\",\"name\":\"Arwann\",\"url\":\"http:\/\/arwann.com\/\",\"logo\":{\"@type\":\"ImageObject\",\"inLanguage\":\"fr-FR\",\"@id\":\"http:\/\/arwann.com\/#\/schema\/logo\/image\/\",\"url\":\"http:\/\/arwann.com\/wp-content\/uploads\/2014\/04\/cropped-bandeau-arwann-5.png\",\"contentUrl\":\"http:\/\/arwann.com\/wp-content\/uploads\/2014\/04\/cropped-bandeau-arwann-5.png\",\"width\":1600,\"height\":230,\"caption\":\"Arwann\"},\"image\":{\"@id\":\"http:\/\/arwann.com\/#\/schema\/logo\/image\/\"}}]}<\/script>\n<!-- \/ Yoast SEO plugin. -->","yoast_head_json":{"title":"L'enfant de Strasbourg -","robots":{"index":"index","follow":"follow","max-snippet":"max-snippet:-1","max-image-preview":"max-image-preview:large","max-video-preview":"max-video-preview:-1"},"canonical":"http:\/\/arwann.com\/?page_id=516","og_locale":"fr_FR","og_type":"article","og_title":"L'enfant de Strasbourg -","og_description":"par Cygne. pour \u00e9couter cliquez ici -&gt; Petit papa voici la mi-car\u00eame, Car te voici d\u00e9guis\u00e9 en soldat Petit papa dis moi si c&rsquo;est pour rire, Ou pour faire peur aux tout petits enfants (bis) Non mon enfant je pars pour la patrie, C&rsquo;est un devoir o\u00f9 tous les papas s&rsquo;en vont, Embrasse-moi petite fille &hellip; Continuer la lecture de L&rsquo;enfant de Strasbourg &rarr;","og_url":"http:\/\/arwann.com\/?page_id=516","article_modified_time":"2014-04-08T20:06:13+00:00","twitter_misc":{"Dur\u00e9e de lecture estim\u00e9e":"2 minutes"},"schema":{"@context":"https:\/\/schema.org","@graph":[{"@type":"WebPage","@id":"http:\/\/arwann.com\/?page_id=516","url":"http:\/\/arwann.com\/?page_id=516","name":"L'enfant de Strasbourg -","isPartOf":{"@id":"http:\/\/arwann.com\/#website"},"datePublished":"2014-04-08T19:58:19+00:00","dateModified":"2014-04-08T20:06:13+00:00","breadcrumb":{"@id":"http:\/\/arwann.com\/?page_id=516#breadcrumb"},"inLanguage":"fr-FR","potentialAction":[{"@type":"ReadAction","target":["http:\/\/arwann.com\/?page_id=516"]}]},{"@type":"BreadcrumbList","@id":"http:\/\/arwann.com\/?page_id=516#breadcrumb","itemListElement":[{"@type":"ListItem","position":1,"name":"Home","item":"https:\/\/arwann.com\/"},{"@type":"ListItem","position":2,"name":"Le coin des Scouts","item":"https:\/\/arwann.com\/?page_id=29"},{"@type":"ListItem","position":3,"name":"Veill\u00e9es","item":"http:\/\/arwann.com\/?page_id=273"},{"@type":"ListItem","position":4,"name":"Chants","item":"http:\/\/arwann.com\/?page_id=276"},{"@type":"ListItem","position":5,"name":"Chants de traditions et de r\u00e9gions","item":"http:\/\/arwann.com\/?page_id=359"},{"@type":"ListItem","position":6,"name":"L&rsquo;enfant de Strasbourg"}]},{"@type":"WebSite","@id":"http:\/\/arwann.com\/#website","url":"http:\/\/arwann.com\/","name":"Arwann.com","description":"","publisher":{"@id":"http:\/\/arwann.com\/#organization"},"potentialAction":[{"@type":"SearchAction","target":{"@type":"EntryPoint","urlTemplate":"http:\/\/arwann.com\/?s={search_term_string}"},"query-input":{"@type":"PropertyValueSpecification","valueRequired":true,"valueName":"search_term_string"}}],"inLanguage":"fr-FR"},{"@type":"Organization","@id":"http:\/\/arwann.com\/#organization","name":"Arwann","url":"http:\/\/arwann.com\/","logo":{"@type":"ImageObject","inLanguage":"fr-FR","@id":"http:\/\/arwann.com\/#\/schema\/logo\/image\/","url":"http:\/\/arwann.com\/wp-content\/uploads\/2014\/04\/cropped-bandeau-arwann-5.png","contentUrl":"http:\/\/arwann.com\/wp-content\/uploads\/2014\/04\/cropped-bandeau-arwann-5.png","width":1600,"height":230,"caption":"Arwann"},"image":{"@id":"http:\/\/arwann.com\/#\/schema\/logo\/image\/"}}]}},"_links":{"self":[{"href":"http:\/\/arwann.com\/index.php?rest_route=\/wp\/v2\/pages\/516","targetHints":{"allow":["GET"]}}],"collection":[{"href":"http:\/\/arwann.com\/index.php?rest_route=\/wp\/v2\/pages"}],"about":[{"href":"http:\/\/arwann.com\/index.php?rest_route=\/wp\/v2\/types\/page"}],"author":[{"embeddable":true,"href":"http:\/\/arwann.com\/index.php?rest_route=\/wp\/v2\/users\/1"}],"replies":[{"embeddable":true,"href":"http:\/\/arwann.com\/index.php?rest_route=%2Fwp%2Fv2%2Fcomments&post=516"}],"version-history":[{"count":2,"href":"http:\/\/arwann.com\/index.php?rest_route=\/wp\/v2\/pages\/516\/revisions"}],"predecessor-version":[{"id":523,"href":"http:\/\/arwann.com\/index.php?rest_route=\/wp\/v2\/pages\/516\/revisions\/523"}],"up":[{"embeddable":true,"href":"http:\/\/arwann.com\/index.php?rest_route=\/wp\/v2\/pages\/359"}],"wp:attachment":[{"href":"http:\/\/arwann.com\/index.php?rest_route=%2Fwp%2Fv2%2Fmedia&parent=516"}],"curies":[{"name":"wp","href":"https:\/\/api.w.org\/{rel}","templated":true}]}}