{"id":500,"date":"2014-04-08T20:41:39","date_gmt":"2014-04-08T19:41:39","guid":{"rendered":"http:\/\/arwann.com\/?page_id=500"},"modified":"2014-04-08T20:56:12","modified_gmt":"2014-04-08T19:56:12","slug":"miserere-de-la-mer","status":"publish","type":"page","link":"http:\/\/arwann.com\/?page_id=500","title":{"rendered":"Miserere de la mer"},"content":{"rendered":"<p align=\"LEFT\">Par Cygne. <em>pour \u00e9couter cliquez ici-&gt;<\/em> <audio class=\"wp-audio-shortcode\" id=\"audio-500-1\" preload=\"none\" style=\"width: 100%;\" controls=\"controls\"><source type=\"audio\/x-ms-wma\" src=\"http:\/\/arwann.com\/wp-content\/uploads\/2014\/04\/miserere-de-la-mer.wma?_=1\" \/><a href=\"http:\/\/arwann.com\/wp-content\/uploads\/2014\/04\/miserere-de-la-mer.wma\">http:\/\/arwann.com\/wp-content\/uploads\/2014\/04\/miserere-de-la-mer.wma<\/a><\/audio><\/p>\n<p align=\"LEFT\">Perdu sous le ciel, perdu sur la mer,<br \/>\nL\u00e0-haut \u00e9coutez ma pri\u00e8re.<br \/>\nPerdu sous le ciel, si loin de la terre.<br \/>\nA moi, Notre-Dame et tous les saints,<br \/>\nPrenez en piti\u00e9 tous les marins ;<br \/>\nCalmez la vague, la vague et le vent,<br \/>\nCalmez pour moi l&rsquo;ouragan.<\/p>\n<p align=\"LEFT\">A tous les calvaires, aux croix des chemins,<br \/>\nJe promets un p\u00e8lerinage,<br \/>\nA tous les calvaires, aux croix des villages.<br \/>\nA moi, mon pays, mes souvenirs,<br \/>\nA moi tous mes r\u00eaves \u00e0 l&rsquo;avenir.<br \/>\nSur moi la vague, la vague s&rsquo;abat,<br \/>\nSur moi, la mer et le froid.<\/p>\n<p align=\"LEFT\">Plus jamais l&rsquo;\u00e9t\u00e9, plus jamais l&rsquo;hiver<br \/>\nPlus jamais la f\u00eate au village,<br \/>\nPlus jamais l&rsquo;amour sur un clair visage.<br \/>\nA moi, Christ en Croix, ayez piti\u00e9,<br \/>\nDu fond de la mer, miserere.<br \/>\nPardonnez, pardonnez, pardonnez moi,<br \/>\nSous mes p\u00e9ch\u00e9s je me noie.<\/p>\n<p>Perdu sous le ciel, perdu sous la mer,<br \/>\nPerdu au milieu des nuages,<br \/>\nPerdu dans le ciel, apr\u00e8s le naufrage.<br \/>\nA moi, Notre-Dame et tous les saints,<br \/>\nPrenez en piti\u00e9 tous les marins ;<br \/>\nCalmez la vague, la vague et le vent,<br \/>\nCalmez pour moi l&rsquo;ouragan.<\/p>\n","protected":false},"excerpt":{"rendered":"<p>Par Cygne. pour \u00e9couter cliquez ici-&gt; Perdu sous le ciel, perdu sur la mer, L\u00e0-haut \u00e9coutez ma pri\u00e8re. Perdu sous le ciel, si loin de la terre. A moi, Notre-Dame et tous les saints, Prenez en piti\u00e9 tous les marins ; Calmez la vague, la vague et le vent, Calmez pour moi l&rsquo;ouragan. A tous &hellip; <a href=\"http:\/\/arwann.com\/?page_id=500\" class=\"more-link\">Continuer la lecture de <span class=\"screen-reader-text\">Miserere de la mer<\/span> <span class=\"meta-nav\">&rarr;<\/span><\/a><\/p>\n","protected":false},"author":1,"featured_media":0,"parent":502,"menu_order":0,"comment_status":"open","ping_status":"open","template":"","meta":{"footnotes":""},"class_list":["post-500","page","type-page","status-publish","hentry"],"yoast_head":"<!-- This site is optimized with the Yoast SEO plugin v27.2 - https:\/\/yoast.com\/product\/yoast-seo-wordpress\/ -->\n<title>Miserere de la mer -<\/title>\n<meta name=\"robots\" content=\"index, follow, max-snippet:-1, max-image-preview:large, max-video-preview:-1\" \/>\n<link rel=\"canonical\" href=\"http:\/\/arwann.com\/?page_id=500\" \/>\n<meta property=\"og:locale\" content=\"fr_FR\" \/>\n<meta property=\"og:type\" content=\"article\" \/>\n<meta property=\"og:title\" content=\"Miserere de la mer -\" \/>\n<meta property=\"og:description\" content=\"Par Cygne. pour \u00e9couter cliquez ici-&gt; Perdu sous le ciel, perdu sur la mer, L\u00e0-haut \u00e9coutez ma pri\u00e8re. Perdu sous le ciel, si loin de la terre. A moi, Notre-Dame et tous les saints, Prenez en piti\u00e9 tous les marins ; Calmez la vague, la vague et le vent, Calmez pour moi l&rsquo;ouragan. A tous &hellip; Continuer la lecture de Miserere de la mer &rarr;\" \/>\n<meta property=\"og:url\" content=\"http:\/\/arwann.com\/?page_id=500\" \/>\n<meta property=\"article:modified_time\" content=\"2014-04-08T19:56:12+00:00\" \/>\n<meta name=\"twitter:label1\" content=\"Dur\u00e9e de lecture estim\u00e9e\" \/>\n\t<meta name=\"twitter:data1\" content=\"1 minute\" \/>\n<script type=\"application\/ld+json\" class=\"yoast-schema-graph\">{\"@context\":\"https:\/\/schema.org\",\"@graph\":[{\"@type\":\"WebPage\",\"@id\":\"http:\/\/arwann.com\/?page_id=500\",\"url\":\"http:\/\/arwann.com\/?page_id=500\",\"name\":\"Miserere de la mer -\",\"isPartOf\":{\"@id\":\"http:\/\/arwann.com\/#website\"},\"datePublished\":\"2014-04-08T19:41:39+00:00\",\"dateModified\":\"2014-04-08T19:56:12+00:00\",\"breadcrumb\":{\"@id\":\"http:\/\/arwann.com\/?page_id=500#breadcrumb\"},\"inLanguage\":\"fr-FR\",\"potentialAction\":[{\"@type\":\"ReadAction\",\"target\":[\"http:\/\/arwann.com\/?page_id=500\"]}]},{\"@type\":\"BreadcrumbList\",\"@id\":\"http:\/\/arwann.com\/?page_id=500#breadcrumb\",\"itemListElement\":[{\"@type\":\"ListItem\",\"position\":1,\"name\":\"Home\",\"item\":\"https:\/\/arwann.com\/\"},{\"@type\":\"ListItem\",\"position\":2,\"name\":\"Le coin des Scouts\",\"item\":\"http:\/\/arwann.com\/?page_id=29\"},{\"@type\":\"ListItem\",\"position\":3,\"name\":\"Veill\u00e9es\",\"item\":\"http:\/\/arwann.com\/?page_id=273\"},{\"@type\":\"ListItem\",\"position\":4,\"name\":\"Chants\",\"item\":\"http:\/\/arwann.com\/?page_id=276\"},{\"@type\":\"ListItem\",\"position\":5,\"name\":\"Chants marins\",\"item\":\"http:\/\/arwann.com\/?page_id=502\"},{\"@type\":\"ListItem\",\"position\":6,\"name\":\"Miserere de la mer\"}]},{\"@type\":\"WebSite\",\"@id\":\"http:\/\/arwann.com\/#website\",\"url\":\"http:\/\/arwann.com\/\",\"name\":\"Arwann.com\",\"description\":\"\",\"publisher\":{\"@id\":\"http:\/\/arwann.com\/#organization\"},\"potentialAction\":[{\"@type\":\"SearchAction\",\"target\":{\"@type\":\"EntryPoint\",\"urlTemplate\":\"http:\/\/arwann.com\/?s={search_term_string}\"},\"query-input\":{\"@type\":\"PropertyValueSpecification\",\"valueRequired\":true,\"valueName\":\"search_term_string\"}}],\"inLanguage\":\"fr-FR\"},{\"@type\":\"Organization\",\"@id\":\"http:\/\/arwann.com\/#organization\",\"name\":\"Arwann\",\"url\":\"http:\/\/arwann.com\/\",\"logo\":{\"@type\":\"ImageObject\",\"inLanguage\":\"fr-FR\",\"@id\":\"http:\/\/arwann.com\/#\/schema\/logo\/image\/\",\"url\":\"http:\/\/arwann.com\/wp-content\/uploads\/2014\/04\/cropped-bandeau-arwann-5.png\",\"contentUrl\":\"http:\/\/arwann.com\/wp-content\/uploads\/2014\/04\/cropped-bandeau-arwann-5.png\",\"width\":1600,\"height\":230,\"caption\":\"Arwann\"},\"image\":{\"@id\":\"http:\/\/arwann.com\/#\/schema\/logo\/image\/\"}}]}<\/script>\n<!-- \/ Yoast SEO plugin. -->","yoast_head_json":{"title":"Miserere de la mer -","robots":{"index":"index","follow":"follow","max-snippet":"max-snippet:-1","max-image-preview":"max-image-preview:large","max-video-preview":"max-video-preview:-1"},"canonical":"http:\/\/arwann.com\/?page_id=500","og_locale":"fr_FR","og_type":"article","og_title":"Miserere de la mer -","og_description":"Par Cygne. pour \u00e9couter cliquez ici-&gt; Perdu sous le ciel, perdu sur la mer, L\u00e0-haut \u00e9coutez ma pri\u00e8re. Perdu sous le ciel, si loin de la terre. A moi, Notre-Dame et tous les saints, Prenez en piti\u00e9 tous les marins ; Calmez la vague, la vague et le vent, Calmez pour moi l&rsquo;ouragan. A tous &hellip; Continuer la lecture de Miserere de la mer &rarr;","og_url":"http:\/\/arwann.com\/?page_id=500","article_modified_time":"2014-04-08T19:56:12+00:00","twitter_misc":{"Dur\u00e9e de lecture estim\u00e9e":"1 minute"},"schema":{"@context":"https:\/\/schema.org","@graph":[{"@type":"WebPage","@id":"http:\/\/arwann.com\/?page_id=500","url":"http:\/\/arwann.com\/?page_id=500","name":"Miserere de la mer -","isPartOf":{"@id":"http:\/\/arwann.com\/#website"},"datePublished":"2014-04-08T19:41:39+00:00","dateModified":"2014-04-08T19:56:12+00:00","breadcrumb":{"@id":"http:\/\/arwann.com\/?page_id=500#breadcrumb"},"inLanguage":"fr-FR","potentialAction":[{"@type":"ReadAction","target":["http:\/\/arwann.com\/?page_id=500"]}]},{"@type":"BreadcrumbList","@id":"http:\/\/arwann.com\/?page_id=500#breadcrumb","itemListElement":[{"@type":"ListItem","position":1,"name":"Home","item":"https:\/\/arwann.com\/"},{"@type":"ListItem","position":2,"name":"Le coin des Scouts","item":"http:\/\/arwann.com\/?page_id=29"},{"@type":"ListItem","position":3,"name":"Veill\u00e9es","item":"http:\/\/arwann.com\/?page_id=273"},{"@type":"ListItem","position":4,"name":"Chants","item":"http:\/\/arwann.com\/?page_id=276"},{"@type":"ListItem","position":5,"name":"Chants marins","item":"http:\/\/arwann.com\/?page_id=502"},{"@type":"ListItem","position":6,"name":"Miserere de la mer"}]},{"@type":"WebSite","@id":"http:\/\/arwann.com\/#website","url":"http:\/\/arwann.com\/","name":"Arwann.com","description":"","publisher":{"@id":"http:\/\/arwann.com\/#organization"},"potentialAction":[{"@type":"SearchAction","target":{"@type":"EntryPoint","urlTemplate":"http:\/\/arwann.com\/?s={search_term_string}"},"query-input":{"@type":"PropertyValueSpecification","valueRequired":true,"valueName":"search_term_string"}}],"inLanguage":"fr-FR"},{"@type":"Organization","@id":"http:\/\/arwann.com\/#organization","name":"Arwann","url":"http:\/\/arwann.com\/","logo":{"@type":"ImageObject","inLanguage":"fr-FR","@id":"http:\/\/arwann.com\/#\/schema\/logo\/image\/","url":"http:\/\/arwann.com\/wp-content\/uploads\/2014\/04\/cropped-bandeau-arwann-5.png","contentUrl":"http:\/\/arwann.com\/wp-content\/uploads\/2014\/04\/cropped-bandeau-arwann-5.png","width":1600,"height":230,"caption":"Arwann"},"image":{"@id":"http:\/\/arwann.com\/#\/schema\/logo\/image\/"}}]}},"_links":{"self":[{"href":"http:\/\/arwann.com\/index.php?rest_route=\/wp\/v2\/pages\/500","targetHints":{"allow":["GET"]}}],"collection":[{"href":"http:\/\/arwann.com\/index.php?rest_route=\/wp\/v2\/pages"}],"about":[{"href":"http:\/\/arwann.com\/index.php?rest_route=\/wp\/v2\/types\/page"}],"author":[{"embeddable":true,"href":"http:\/\/arwann.com\/index.php?rest_route=\/wp\/v2\/users\/1"}],"replies":[{"embeddable":true,"href":"http:\/\/arwann.com\/index.php?rest_route=%2Fwp%2Fv2%2Fcomments&post=500"}],"version-history":[{"count":3,"href":"http:\/\/arwann.com\/index.php?rest_route=\/wp\/v2\/pages\/500\/revisions"}],"predecessor-version":[{"id":515,"href":"http:\/\/arwann.com\/index.php?rest_route=\/wp\/v2\/pages\/500\/revisions\/515"}],"up":[{"embeddable":true,"href":"http:\/\/arwann.com\/index.php?rest_route=\/wp\/v2\/pages\/502"}],"wp:attachment":[{"href":"http:\/\/arwann.com\/index.php?rest_route=%2Fwp%2Fv2%2Fmedia&parent=500"}],"curies":[{"name":"wp","href":"https:\/\/api.w.org\/{rel}","templated":true}]}}