{"id":498,"date":"2014-04-08T20:40:56","date_gmt":"2014-04-08T19:40:56","guid":{"rendered":"http:\/\/arwann.com\/?page_id=498"},"modified":"2014-04-08T20:53:56","modified_gmt":"2014-04-08T19:53:56","slug":"saints-de-france","status":"publish","type":"page","link":"http:\/\/arwann.com\/?page_id=498","title":{"rendered":"Saints de France"},"content":{"rendered":"<p align=\"LEFT\">Par Cygne. <em>pour \u00e9couter cliquez ici-&gt;<\/em> <audio class=\"wp-audio-shortcode\" id=\"audio-498-1\" preload=\"none\" style=\"width: 100%;\" controls=\"controls\"><source type=\"audio\/x-ms-wma\" src=\"http:\/\/arwann.com\/wp-content\/uploads\/2014\/04\/saints-de-France.wma?_=1\" \/><a href=\"http:\/\/arwann.com\/wp-content\/uploads\/2014\/04\/saints-de-France.wma\">http:\/\/arwann.com\/wp-content\/uploads\/2014\/04\/saints-de-France.wma<\/a><\/audio><\/p>\n<p align=\"LEFT\"><strong>refrain<\/strong><\/p>\n<p align=\"LEFT\"><strong>Saints de France \u00e0 qui notre histoire<br \/>\nDoit ses heures de plus belle gloire,<br \/>\nDans le malheur et le danger,<br \/>\nVous saurez bien nous prot\u00e9ger. (bis)<\/strong><\/p>\n<p align=\"LEFT\">De la France qui se l\u00e8ve,<br \/>\nDieu b\u00e9nit le clair matin.<br \/>\nPar Clotilde et Genevi\u00e8ve,<br \/>\nSaint R\u00e9mi et Saint Martin.<\/p>\n<p align=\"LEFT\">Des vieux Francs, la foi profonde<br \/>\nDe l&rsquo;Eglise est le soutien.<br \/>\nEt Saint Louis pr\u00e9sente au monde<br \/>\nL&rsquo;id\u00e9al du Roy chr\u00e9tien.<\/p>\n<p align=\"LEFT\">Pour transmettre les messages<br \/>\nDe son Coeur victorieux,<br \/>\nDieu choisit nos vierges sages<br \/>\nDe Paray et de Lisieux<\/p>\n<p align=\"LEFT\">Quand se meurt la France en larmes,<br \/>\nLe secours lui vient du Ciel.<br \/>\nJeanne d&rsquo;Arc re\u00e7oit ses armes<br \/>\nDe l&rsquo;archange Saint Michel.<\/p>\n<p align=\"LEFT\">O grands Saints la France est fi\u00e8re<br \/>\nDe compter pr\u00e8s du Seigneur,<br \/>\nTant d&rsquo;\u00e9lus dont la pri\u00e8re<br \/>\nEst un gage de bonheur.<\/p>\n","protected":false},"excerpt":{"rendered":"<p>Par Cygne. pour \u00e9couter cliquez ici-&gt; refrain Saints de France \u00e0 qui notre histoire Doit ses heures de plus belle gloire, Dans le malheur et le danger, Vous saurez bien nous prot\u00e9ger. (bis) De la France qui se l\u00e8ve, Dieu b\u00e9nit le clair matin. Par Clotilde et Genevi\u00e8ve, Saint R\u00e9mi et Saint Martin. Des vieux &hellip; <a href=\"http:\/\/arwann.com\/?page_id=498\" class=\"more-link\">Continuer la lecture de <span class=\"screen-reader-text\">Saints de France<\/span> <span class=\"meta-nav\">&rarr;<\/span><\/a><\/p>\n","protected":false},"author":1,"featured_media":0,"parent":359,"menu_order":0,"comment_status":"open","ping_status":"open","template":"","meta":{"footnotes":""},"class_list":["post-498","page","type-page","status-publish","hentry"],"yoast_head":"<!-- This site is optimized with the Yoast SEO plugin v27.2 - https:\/\/yoast.com\/product\/yoast-seo-wordpress\/ -->\n<title>Saints de France -<\/title>\n<meta name=\"robots\" content=\"index, follow, max-snippet:-1, max-image-preview:large, max-video-preview:-1\" \/>\n<link rel=\"canonical\" href=\"http:\/\/arwann.com\/?page_id=498\" \/>\n<meta property=\"og:locale\" content=\"fr_FR\" \/>\n<meta property=\"og:type\" content=\"article\" \/>\n<meta property=\"og:title\" content=\"Saints de France -\" \/>\n<meta property=\"og:description\" content=\"Par Cygne. pour \u00e9couter cliquez ici-&gt; refrain Saints de France \u00e0 qui notre histoire Doit ses heures de plus belle gloire, Dans le malheur et le danger, Vous saurez bien nous prot\u00e9ger. (bis) De la France qui se l\u00e8ve, Dieu b\u00e9nit le clair matin. Par Clotilde et Genevi\u00e8ve, Saint R\u00e9mi et Saint Martin. Des vieux &hellip; Continuer la lecture de Saints de France &rarr;\" \/>\n<meta property=\"og:url\" content=\"http:\/\/arwann.com\/?page_id=498\" \/>\n<meta property=\"article:modified_time\" content=\"2014-04-08T19:53:56+00:00\" \/>\n<meta name=\"twitter:label1\" content=\"Dur\u00e9e de lecture estim\u00e9e\" \/>\n\t<meta name=\"twitter:data1\" content=\"1 minute\" \/>\n<script type=\"application\/ld+json\" class=\"yoast-schema-graph\">{\"@context\":\"https:\/\/schema.org\",\"@graph\":[{\"@type\":\"WebPage\",\"@id\":\"http:\/\/arwann.com\/?page_id=498\",\"url\":\"http:\/\/arwann.com\/?page_id=498\",\"name\":\"Saints de France -\",\"isPartOf\":{\"@id\":\"http:\/\/arwann.com\/#website\"},\"datePublished\":\"2014-04-08T19:40:56+00:00\",\"dateModified\":\"2014-04-08T19:53:56+00:00\",\"breadcrumb\":{\"@id\":\"http:\/\/arwann.com\/?page_id=498#breadcrumb\"},\"inLanguage\":\"fr-FR\",\"potentialAction\":[{\"@type\":\"ReadAction\",\"target\":[\"http:\/\/arwann.com\/?page_id=498\"]}]},{\"@type\":\"BreadcrumbList\",\"@id\":\"http:\/\/arwann.com\/?page_id=498#breadcrumb\",\"itemListElement\":[{\"@type\":\"ListItem\",\"position\":1,\"name\":\"Home\",\"item\":\"https:\/\/arwann.com\/\"},{\"@type\":\"ListItem\",\"position\":2,\"name\":\"Le coin des Scouts\",\"item\":\"http:\/\/arwann.com\/?page_id=29\"},{\"@type\":\"ListItem\",\"position\":3,\"name\":\"Veill\u00e9es\",\"item\":\"http:\/\/arwann.com\/?page_id=273\"},{\"@type\":\"ListItem\",\"position\":4,\"name\":\"Chants\",\"item\":\"http:\/\/arwann.com\/?page_id=276\"},{\"@type\":\"ListItem\",\"position\":5,\"name\":\"Chants de traditions et de r\u00e9gions\",\"item\":\"http:\/\/arwann.com\/?page_id=359\"},{\"@type\":\"ListItem\",\"position\":6,\"name\":\"Saints de France\"}]},{\"@type\":\"WebSite\",\"@id\":\"http:\/\/arwann.com\/#website\",\"url\":\"http:\/\/arwann.com\/\",\"name\":\"Arwann.com\",\"description\":\"\",\"publisher\":{\"@id\":\"http:\/\/arwann.com\/#organization\"},\"potentialAction\":[{\"@type\":\"SearchAction\",\"target\":{\"@type\":\"EntryPoint\",\"urlTemplate\":\"http:\/\/arwann.com\/?s={search_term_string}\"},\"query-input\":{\"@type\":\"PropertyValueSpecification\",\"valueRequired\":true,\"valueName\":\"search_term_string\"}}],\"inLanguage\":\"fr-FR\"},{\"@type\":\"Organization\",\"@id\":\"http:\/\/arwann.com\/#organization\",\"name\":\"Arwann\",\"url\":\"http:\/\/arwann.com\/\",\"logo\":{\"@type\":\"ImageObject\",\"inLanguage\":\"fr-FR\",\"@id\":\"http:\/\/arwann.com\/#\/schema\/logo\/image\/\",\"url\":\"http:\/\/arwann.com\/wp-content\/uploads\/2014\/04\/cropped-bandeau-arwann-5.png\",\"contentUrl\":\"http:\/\/arwann.com\/wp-content\/uploads\/2014\/04\/cropped-bandeau-arwann-5.png\",\"width\":1600,\"height\":230,\"caption\":\"Arwann\"},\"image\":{\"@id\":\"http:\/\/arwann.com\/#\/schema\/logo\/image\/\"}}]}<\/script>\n<!-- \/ Yoast SEO plugin. -->","yoast_head_json":{"title":"Saints de France -","robots":{"index":"index","follow":"follow","max-snippet":"max-snippet:-1","max-image-preview":"max-image-preview:large","max-video-preview":"max-video-preview:-1"},"canonical":"http:\/\/arwann.com\/?page_id=498","og_locale":"fr_FR","og_type":"article","og_title":"Saints de France -","og_description":"Par Cygne. pour \u00e9couter cliquez ici-&gt; refrain Saints de France \u00e0 qui notre histoire Doit ses heures de plus belle gloire, Dans le malheur et le danger, Vous saurez bien nous prot\u00e9ger. (bis) De la France qui se l\u00e8ve, Dieu b\u00e9nit le clair matin. Par Clotilde et Genevi\u00e8ve, Saint R\u00e9mi et Saint Martin. Des vieux &hellip; Continuer la lecture de Saints de France &rarr;","og_url":"http:\/\/arwann.com\/?page_id=498","article_modified_time":"2014-04-08T19:53:56+00:00","twitter_misc":{"Dur\u00e9e de lecture estim\u00e9e":"1 minute"},"schema":{"@context":"https:\/\/schema.org","@graph":[{"@type":"WebPage","@id":"http:\/\/arwann.com\/?page_id=498","url":"http:\/\/arwann.com\/?page_id=498","name":"Saints de France -","isPartOf":{"@id":"http:\/\/arwann.com\/#website"},"datePublished":"2014-04-08T19:40:56+00:00","dateModified":"2014-04-08T19:53:56+00:00","breadcrumb":{"@id":"http:\/\/arwann.com\/?page_id=498#breadcrumb"},"inLanguage":"fr-FR","potentialAction":[{"@type":"ReadAction","target":["http:\/\/arwann.com\/?page_id=498"]}]},{"@type":"BreadcrumbList","@id":"http:\/\/arwann.com\/?page_id=498#breadcrumb","itemListElement":[{"@type":"ListItem","position":1,"name":"Home","item":"https:\/\/arwann.com\/"},{"@type":"ListItem","position":2,"name":"Le coin des Scouts","item":"http:\/\/arwann.com\/?page_id=29"},{"@type":"ListItem","position":3,"name":"Veill\u00e9es","item":"http:\/\/arwann.com\/?page_id=273"},{"@type":"ListItem","position":4,"name":"Chants","item":"http:\/\/arwann.com\/?page_id=276"},{"@type":"ListItem","position":5,"name":"Chants de traditions et de r\u00e9gions","item":"http:\/\/arwann.com\/?page_id=359"},{"@type":"ListItem","position":6,"name":"Saints de France"}]},{"@type":"WebSite","@id":"http:\/\/arwann.com\/#website","url":"http:\/\/arwann.com\/","name":"Arwann.com","description":"","publisher":{"@id":"http:\/\/arwann.com\/#organization"},"potentialAction":[{"@type":"SearchAction","target":{"@type":"EntryPoint","urlTemplate":"http:\/\/arwann.com\/?s={search_term_string}"},"query-input":{"@type":"PropertyValueSpecification","valueRequired":true,"valueName":"search_term_string"}}],"inLanguage":"fr-FR"},{"@type":"Organization","@id":"http:\/\/arwann.com\/#organization","name":"Arwann","url":"http:\/\/arwann.com\/","logo":{"@type":"ImageObject","inLanguage":"fr-FR","@id":"http:\/\/arwann.com\/#\/schema\/logo\/image\/","url":"http:\/\/arwann.com\/wp-content\/uploads\/2014\/04\/cropped-bandeau-arwann-5.png","contentUrl":"http:\/\/arwann.com\/wp-content\/uploads\/2014\/04\/cropped-bandeau-arwann-5.png","width":1600,"height":230,"caption":"Arwann"},"image":{"@id":"http:\/\/arwann.com\/#\/schema\/logo\/image\/"}}]}},"_links":{"self":[{"href":"http:\/\/arwann.com\/index.php?rest_route=\/wp\/v2\/pages\/498","targetHints":{"allow":["GET"]}}],"collection":[{"href":"http:\/\/arwann.com\/index.php?rest_route=\/wp\/v2\/pages"}],"about":[{"href":"http:\/\/arwann.com\/index.php?rest_route=\/wp\/v2\/types\/page"}],"author":[{"embeddable":true,"href":"http:\/\/arwann.com\/index.php?rest_route=\/wp\/v2\/users\/1"}],"replies":[{"embeddable":true,"href":"http:\/\/arwann.com\/index.php?rest_route=%2Fwp%2Fv2%2Fcomments&post=498"}],"version-history":[{"count":3,"href":"http:\/\/arwann.com\/index.php?rest_route=\/wp\/v2\/pages\/498\/revisions"}],"predecessor-version":[{"id":511,"href":"http:\/\/arwann.com\/index.php?rest_route=\/wp\/v2\/pages\/498\/revisions\/511"}],"up":[{"embeddable":true,"href":"http:\/\/arwann.com\/index.php?rest_route=\/wp\/v2\/pages\/359"}],"wp:attachment":[{"href":"http:\/\/arwann.com\/index.php?rest_route=%2Fwp%2Fv2%2Fmedia&parent=498"}],"curies":[{"name":"wp","href":"https:\/\/api.w.org\/{rel}","templated":true}]}}