{"id":457,"date":"2014-04-06T20:43:18","date_gmt":"2014-04-06T19:43:18","guid":{"rendered":"http:\/\/arwann.com\/?page_id=457"},"modified":"2014-04-06T20:43:18","modified_gmt":"2014-04-06T19:43:18","slug":"cantique-des-patrouilles","status":"publish","type":"page","link":"http:\/\/arwann.com\/?page_id=457","title":{"rendered":"Cantique des patrouilles"},"content":{"rendered":"<p>Par Cygne. <em>Pour \u00e9couter cliquez ici -&gt;<\/em> <audio class=\"wp-audio-shortcode\" id=\"audio-457-1\" preload=\"none\" style=\"width: 100%;\" controls=\"controls\"><source type=\"audio\/x-ms-wma\" src=\"http:\/\/arwann.com\/wp-content\/uploads\/2014\/04\/cantique-des-patrouilles.wma?_=1\" \/><a href=\"http:\/\/arwann.com\/wp-content\/uploads\/2014\/04\/cantique-des-patrouilles.wma\">http:\/\/arwann.com\/wp-content\/uploads\/2014\/04\/cantique-des-patrouilles.wma<\/a><\/audio><\/p>\n<p>Seigneur, rassembl\u00e9s pr\u00e8s des tentes<br \/>\nPour saluer la fin du jour,<br \/>\nTes fils laissent leurs voix chantantes<br \/>\nVoler vers Toi, pleines d\u2019amour\u00a0:<br \/>\nTu dois aimer l\u2019humble pri\u00e8re<br \/>\nQui de ce camp s\u2019en va monter,<br \/>\nO Toi, qui n\u2019avait sur la terre<br \/>\nPas de maison pour t\u2019abriter\u00a0!<\/p>\n<p><b>Refrain<\/b><br \/>\nNous venons toutes les patrouilles,<br \/>\nTe prier pour Te servir mieux,<br \/>\nVois au bois silencieux,<br \/>\nTes scouts qui s\u2019agenouillent!<br \/>\nB\u00e9nis les, \u00f4 J\u00e9sus dans les Cieux\u00a0!<\/p>\n<p>Merci de ce jour d\u2019existence<br \/>\nO\u00f9 Ta bont\u00e9 nous conserva\u00a0;<br \/>\nMerci de Ta sainte pr\u00e9sence<br \/>\nQui de tout mal nous pr\u00e9serva.<br \/>\nMerci du bien fait par la troupe,<br \/>\nMerci des bons conseils re\u00e7us,<br \/>\nMerci de l\u2019amour qui nous groupe<br \/>\nComme des fr\u00e8res, \u00f4 J\u00e9sus.<\/p>\n<p>Nos c\u0153urs ont-ils perdu Ta gr\u00e2ce\u00a0?<br \/>\nPardonne encore \u00e0 nos erreurs\u00a0;<br \/>\nSeigneur, que Ta cl\u00e9mence efface<br \/>\nLes p\u00e9ch\u00e9s de Tes \u00e9claireurs.<br \/>\nEt que rempli de l\u2019all\u00e9gresse<br \/>\nD\u2019avoir r\u00e9p\u00e9t\u00e9 son serment,<br \/>\nChacun s\u2019endorme en la promesse<br \/>\nDe Te servir fid\u00e8lement.<\/p>\n<p>\u00d4 Toi qui veillais Tes ap\u00f4tres<br \/>\nEt les bordais durant la nuit,<br \/>\nD\u00e9fends notre camp et les autres<br \/>\nDes rondes du Malin Esprit\u00a0!<br \/>\nMonte la garde, \u00f4 notre Guide,<br \/>\nAfin que nous puissions demain<br \/>\nOuvrir des yeux toujours limpides<br \/>\nDevant l\u2019\u00c9toile du Matin.<\/p>\n","protected":false},"excerpt":{"rendered":"<p>Par Cygne. Pour \u00e9couter cliquez ici -&gt; Seigneur, rassembl\u00e9s pr\u00e8s des tentes Pour saluer la fin du jour, Tes fils laissent leurs voix chantantes Voler vers Toi, pleines d\u2019amour\u00a0: Tu dois aimer l\u2019humble pri\u00e8re Qui de ce camp s\u2019en va monter, O Toi, qui n\u2019avait sur la terre Pas de maison pour t\u2019abriter\u00a0! Refrain Nous &hellip; <a href=\"http:\/\/arwann.com\/?page_id=457\" class=\"more-link\">Continuer la lecture de <span class=\"screen-reader-text\">Cantique des patrouilles<\/span> <span class=\"meta-nav\">&rarr;<\/span><\/a><\/p>\n","protected":false},"author":1,"featured_media":0,"parent":445,"menu_order":0,"comment_status":"open","ping_status":"open","template":"","meta":{"footnotes":""},"class_list":["post-457","page","type-page","status-publish","hentry"],"yoast_head":"<!-- This site is optimized with the Yoast SEO plugin v27.2 - https:\/\/yoast.com\/product\/yoast-seo-wordpress\/ -->\n<title>Cantique des patrouilles -<\/title>\n<meta name=\"robots\" content=\"index, follow, max-snippet:-1, max-image-preview:large, max-video-preview:-1\" \/>\n<link rel=\"canonical\" href=\"http:\/\/arwann.com\/?page_id=457\" \/>\n<meta property=\"og:locale\" content=\"fr_FR\" \/>\n<meta property=\"og:type\" content=\"article\" \/>\n<meta property=\"og:title\" content=\"Cantique des patrouilles -\" \/>\n<meta property=\"og:description\" content=\"Par Cygne. Pour \u00e9couter cliquez ici -&gt; Seigneur, rassembl\u00e9s pr\u00e8s des tentes Pour saluer la fin du jour, Tes fils laissent leurs voix chantantes Voler vers Toi, pleines d\u2019amour\u00a0: Tu dois aimer l\u2019humble pri\u00e8re Qui de ce camp s\u2019en va monter, O Toi, qui n\u2019avait sur la terre Pas de maison pour t\u2019abriter\u00a0! Refrain Nous &hellip; Continuer la lecture de Cantique des patrouilles &rarr;\" \/>\n<meta property=\"og:url\" content=\"http:\/\/arwann.com\/?page_id=457\" \/>\n<meta name=\"twitter:label1\" content=\"Dur\u00e9e de lecture estim\u00e9e\" \/>\n\t<meta name=\"twitter:data1\" content=\"1 minute\" \/>\n<script type=\"application\/ld+json\" class=\"yoast-schema-graph\">{\"@context\":\"https:\/\/schema.org\",\"@graph\":[{\"@type\":\"WebPage\",\"@id\":\"http:\/\/arwann.com\/?page_id=457\",\"url\":\"http:\/\/arwann.com\/?page_id=457\",\"name\":\"Cantique des patrouilles -\",\"isPartOf\":{\"@id\":\"http:\/\/arwann.com\/#website\"},\"datePublished\":\"2014-04-06T19:43:18+00:00\",\"breadcrumb\":{\"@id\":\"http:\/\/arwann.com\/?page_id=457#breadcrumb\"},\"inLanguage\":\"fr-FR\",\"potentialAction\":[{\"@type\":\"ReadAction\",\"target\":[\"http:\/\/arwann.com\/?page_id=457\"]}]},{\"@type\":\"BreadcrumbList\",\"@id\":\"http:\/\/arwann.com\/?page_id=457#breadcrumb\",\"itemListElement\":[{\"@type\":\"ListItem\",\"position\":1,\"name\":\"Home\",\"item\":\"https:\/\/arwann.com\/\"},{\"@type\":\"ListItem\",\"position\":2,\"name\":\"Le coin des Scouts\",\"item\":\"https:\/\/arwann.com\/?page_id=29\"},{\"@type\":\"ListItem\",\"position\":3,\"name\":\"Veill\u00e9es\",\"item\":\"http:\/\/arwann.com\/?page_id=273\"},{\"@type\":\"ListItem\",\"position\":4,\"name\":\"Chants\",\"item\":\"http:\/\/arwann.com\/?page_id=276\"},{\"@type\":\"ListItem\",\"position\":5,\"name\":\"Chants souts\",\"item\":\"http:\/\/arwann.com\/?page_id=445\"},{\"@type\":\"ListItem\",\"position\":6,\"name\":\"Cantique des patrouilles\"}]},{\"@type\":\"WebSite\",\"@id\":\"http:\/\/arwann.com\/#website\",\"url\":\"http:\/\/arwann.com\/\",\"name\":\"Arwann.com\",\"description\":\"\",\"publisher\":{\"@id\":\"http:\/\/arwann.com\/#organization\"},\"potentialAction\":[{\"@type\":\"SearchAction\",\"target\":{\"@type\":\"EntryPoint\",\"urlTemplate\":\"http:\/\/arwann.com\/?s={search_term_string}\"},\"query-input\":{\"@type\":\"PropertyValueSpecification\",\"valueRequired\":true,\"valueName\":\"search_term_string\"}}],\"inLanguage\":\"fr-FR\"},{\"@type\":\"Organization\",\"@id\":\"http:\/\/arwann.com\/#organization\",\"name\":\"Arwann\",\"url\":\"http:\/\/arwann.com\/\",\"logo\":{\"@type\":\"ImageObject\",\"inLanguage\":\"fr-FR\",\"@id\":\"http:\/\/arwann.com\/#\/schema\/logo\/image\/\",\"url\":\"http:\/\/arwann.com\/wp-content\/uploads\/2014\/04\/cropped-bandeau-arwann-5.png\",\"contentUrl\":\"http:\/\/arwann.com\/wp-content\/uploads\/2014\/04\/cropped-bandeau-arwann-5.png\",\"width\":1600,\"height\":230,\"caption\":\"Arwann\"},\"image\":{\"@id\":\"http:\/\/arwann.com\/#\/schema\/logo\/image\/\"}}]}<\/script>\n<!-- \/ Yoast SEO plugin. -->","yoast_head_json":{"title":"Cantique des patrouilles -","robots":{"index":"index","follow":"follow","max-snippet":"max-snippet:-1","max-image-preview":"max-image-preview:large","max-video-preview":"max-video-preview:-1"},"canonical":"http:\/\/arwann.com\/?page_id=457","og_locale":"fr_FR","og_type":"article","og_title":"Cantique des patrouilles -","og_description":"Par Cygne. Pour \u00e9couter cliquez ici -&gt; Seigneur, rassembl\u00e9s pr\u00e8s des tentes Pour saluer la fin du jour, Tes fils laissent leurs voix chantantes Voler vers Toi, pleines d\u2019amour\u00a0: Tu dois aimer l\u2019humble pri\u00e8re Qui de ce camp s\u2019en va monter, O Toi, qui n\u2019avait sur la terre Pas de maison pour t\u2019abriter\u00a0! Refrain Nous &hellip; Continuer la lecture de Cantique des patrouilles &rarr;","og_url":"http:\/\/arwann.com\/?page_id=457","twitter_misc":{"Dur\u00e9e de lecture estim\u00e9e":"1 minute"},"schema":{"@context":"https:\/\/schema.org","@graph":[{"@type":"WebPage","@id":"http:\/\/arwann.com\/?page_id=457","url":"http:\/\/arwann.com\/?page_id=457","name":"Cantique des patrouilles -","isPartOf":{"@id":"http:\/\/arwann.com\/#website"},"datePublished":"2014-04-06T19:43:18+00:00","breadcrumb":{"@id":"http:\/\/arwann.com\/?page_id=457#breadcrumb"},"inLanguage":"fr-FR","potentialAction":[{"@type":"ReadAction","target":["http:\/\/arwann.com\/?page_id=457"]}]},{"@type":"BreadcrumbList","@id":"http:\/\/arwann.com\/?page_id=457#breadcrumb","itemListElement":[{"@type":"ListItem","position":1,"name":"Home","item":"https:\/\/arwann.com\/"},{"@type":"ListItem","position":2,"name":"Le coin des Scouts","item":"https:\/\/arwann.com\/?page_id=29"},{"@type":"ListItem","position":3,"name":"Veill\u00e9es","item":"http:\/\/arwann.com\/?page_id=273"},{"@type":"ListItem","position":4,"name":"Chants","item":"http:\/\/arwann.com\/?page_id=276"},{"@type":"ListItem","position":5,"name":"Chants souts","item":"http:\/\/arwann.com\/?page_id=445"},{"@type":"ListItem","position":6,"name":"Cantique des patrouilles"}]},{"@type":"WebSite","@id":"http:\/\/arwann.com\/#website","url":"http:\/\/arwann.com\/","name":"Arwann.com","description":"","publisher":{"@id":"http:\/\/arwann.com\/#organization"},"potentialAction":[{"@type":"SearchAction","target":{"@type":"EntryPoint","urlTemplate":"http:\/\/arwann.com\/?s={search_term_string}"},"query-input":{"@type":"PropertyValueSpecification","valueRequired":true,"valueName":"search_term_string"}}],"inLanguage":"fr-FR"},{"@type":"Organization","@id":"http:\/\/arwann.com\/#organization","name":"Arwann","url":"http:\/\/arwann.com\/","logo":{"@type":"ImageObject","inLanguage":"fr-FR","@id":"http:\/\/arwann.com\/#\/schema\/logo\/image\/","url":"http:\/\/arwann.com\/wp-content\/uploads\/2014\/04\/cropped-bandeau-arwann-5.png","contentUrl":"http:\/\/arwann.com\/wp-content\/uploads\/2014\/04\/cropped-bandeau-arwann-5.png","width":1600,"height":230,"caption":"Arwann"},"image":{"@id":"http:\/\/arwann.com\/#\/schema\/logo\/image\/"}}]}},"_links":{"self":[{"href":"http:\/\/arwann.com\/index.php?rest_route=\/wp\/v2\/pages\/457","targetHints":{"allow":["GET"]}}],"collection":[{"href":"http:\/\/arwann.com\/index.php?rest_route=\/wp\/v2\/pages"}],"about":[{"href":"http:\/\/arwann.com\/index.php?rest_route=\/wp\/v2\/types\/page"}],"author":[{"embeddable":true,"href":"http:\/\/arwann.com\/index.php?rest_route=\/wp\/v2\/users\/1"}],"replies":[{"embeddable":true,"href":"http:\/\/arwann.com\/index.php?rest_route=%2Fwp%2Fv2%2Fcomments&post=457"}],"version-history":[{"count":1,"href":"http:\/\/arwann.com\/index.php?rest_route=\/wp\/v2\/pages\/457\/revisions"}],"predecessor-version":[{"id":459,"href":"http:\/\/arwann.com\/index.php?rest_route=\/wp\/v2\/pages\/457\/revisions\/459"}],"up":[{"embeddable":true,"href":"http:\/\/arwann.com\/index.php?rest_route=\/wp\/v2\/pages\/445"}],"wp:attachment":[{"href":"http:\/\/arwann.com\/index.php?rest_route=%2Fwp%2Fv2%2Fmedia&parent=457"}],"curies":[{"name":"wp","href":"https:\/\/api.w.org\/{rel}","templated":true}]}}