{"id":418,"date":"2014-04-04T21:49:38","date_gmt":"2014-04-04T20:49:38","guid":{"rendered":"http:\/\/arwann.com\/?page_id=418"},"modified":"2014-04-21T20:50:06","modified_gmt":"2014-04-21T19:50:06","slug":"priere-patriotique","status":"publish","type":"page","link":"http:\/\/arwann.com\/?page_id=418","title":{"rendered":"Pri\u00e8re patriotique"},"content":{"rendered":"<p>Par Cygne. <em>Pour \u00e9couter cliquer ici-&gt;<\/em><\/p>\n<audio class=\"wp-audio-shortcode\" id=\"audio-418-1\" preload=\"none\" style=\"width: 100%;\" controls=\"controls\"><source type=\"audio\/x-ms-wma\" src=\"http:\/\/arwann.com\/wp-content\/uploads\/2014\/04\/pri\u00e8re-patriotique.wma?_=1\" \/><a href=\"http:\/\/arwann.com\/wp-content\/uploads\/2014\/04\/pri\u00e8re-patriotique.wma\">http:\/\/arwann.com\/wp-content\/uploads\/2014\/04\/pri\u00e8re-patriotique.wma<\/a><\/audio>\n<p>1.Seigneur, accorde ton secours<br \/>\nAu beau pays que mon c\u0153ur aime,<br \/>\nCelui que j&rsquo;aimerai toujours,<br \/>\nCelui que j&rsquo;aimerai quand m\u00eame.<\/p>\n<p><b>R. Tu m&rsquo;as dit d&rsquo;aimer et j&rsquo;ob\u00e9is&#8230;<br \/>\nMon Dieu, prot\u00e8ge mon pays! (bis)<br \/>\n<\/b><\/p>\n<p>2. Je l&rsquo;aime pour ses frais vallons,<br \/>\nEt j&rsquo;aime d&rsquo;un amour intime<br \/>\nLa cime blanche de ses monts<br \/>\nO\u00f9 plane l&rsquo;aigle au vol sublime.<\/p>\n<p>3. Il est ma force et mon appui,<br \/>\nM&rsquo;indique le chemin \u00e0 suivre.<br \/>\nJe l&rsquo;aime et je d\u00e9pends de lui,<br \/>\nSans lui, je ne pourrais pas vivre.<\/p>\n<p>4. D\u00e8s que son nom est prononc\u00e9,<br \/>\nJe sens tressaillir ma poitrine<br \/>\nO\u00f9 mon amour ensemenc\u00e9<br \/>\nAu fond du c\u0153ur a pris racine.<\/p>\n<p>5. Jadis, unissant leurs efforts,<br \/>\nDes gens d&rsquo;ailleurs l&rsquo;ont voulu prendre.<br \/>\nJe le ch\u00e9ris d&rsquo;autant plus fort<br \/>\nQue mes a\u00efeux l&rsquo;ont su d\u00e9fendre.<\/p>\n","protected":false},"excerpt":{"rendered":"<p>Par Cygne. Pour \u00e9couter cliquer ici-&gt; 1.Seigneur, accorde ton secours Au beau pays que mon c\u0153ur aime, Celui que j&rsquo;aimerai toujours, Celui que j&rsquo;aimerai quand m\u00eame. R. Tu m&rsquo;as dit d&rsquo;aimer et j&rsquo;ob\u00e9is&#8230; Mon Dieu, prot\u00e8ge mon pays! (bis) 2. Je l&rsquo;aime pour ses frais vallons, Et j&rsquo;aime d&rsquo;un amour intime La cime blanche de &hellip; <a href=\"http:\/\/arwann.com\/?page_id=418\" class=\"more-link\">Continuer la lecture de <span class=\"screen-reader-text\">Pri\u00e8re patriotique<\/span> <span class=\"meta-nav\">&rarr;<\/span><\/a><\/p>\n","protected":false},"author":1,"featured_media":0,"parent":359,"menu_order":0,"comment_status":"open","ping_status":"open","template":"","meta":{"footnotes":""},"class_list":["post-418","page","type-page","status-publish","hentry"],"yoast_head":"<!-- This site is optimized with the Yoast SEO plugin v27.2 - https:\/\/yoast.com\/product\/yoast-seo-wordpress\/ -->\n<title>Pri\u00e8re patriotique -<\/title>\n<meta name=\"robots\" content=\"index, follow, max-snippet:-1, max-image-preview:large, max-video-preview:-1\" \/>\n<link rel=\"canonical\" href=\"http:\/\/arwann.com\/?page_id=418\" \/>\n<meta property=\"og:locale\" content=\"fr_FR\" \/>\n<meta property=\"og:type\" content=\"article\" \/>\n<meta property=\"og:title\" content=\"Pri\u00e8re patriotique -\" \/>\n<meta property=\"og:description\" content=\"Par Cygne. Pour \u00e9couter cliquer ici-&gt; 1.Seigneur, accorde ton secours Au beau pays que mon c\u0153ur aime, Celui que j&rsquo;aimerai toujours, Celui que j&rsquo;aimerai quand m\u00eame. R. Tu m&rsquo;as dit d&rsquo;aimer et j&rsquo;ob\u00e9is&#8230; Mon Dieu, prot\u00e8ge mon pays! (bis) 2. Je l&rsquo;aime pour ses frais vallons, Et j&rsquo;aime d&rsquo;un amour intime La cime blanche de &hellip; Continuer la lecture de Pri\u00e8re patriotique &rarr;\" \/>\n<meta property=\"og:url\" content=\"http:\/\/arwann.com\/?page_id=418\" \/>\n<meta property=\"article:modified_time\" content=\"2014-04-21T19:50:06+00:00\" \/>\n<meta name=\"twitter:label1\" content=\"Dur\u00e9e de lecture estim\u00e9e\" \/>\n\t<meta name=\"twitter:data1\" content=\"1 minute\" \/>\n<script type=\"application\/ld+json\" class=\"yoast-schema-graph\">{\"@context\":\"https:\/\/schema.org\",\"@graph\":[{\"@type\":\"WebPage\",\"@id\":\"http:\/\/arwann.com\/?page_id=418\",\"url\":\"http:\/\/arwann.com\/?page_id=418\",\"name\":\"Pri\u00e8re patriotique -\",\"isPartOf\":{\"@id\":\"http:\/\/arwann.com\/#website\"},\"datePublished\":\"2014-04-04T20:49:38+00:00\",\"dateModified\":\"2014-04-21T19:50:06+00:00\",\"breadcrumb\":{\"@id\":\"http:\/\/arwann.com\/?page_id=418#breadcrumb\"},\"inLanguage\":\"fr-FR\",\"potentialAction\":[{\"@type\":\"ReadAction\",\"target\":[\"http:\/\/arwann.com\/?page_id=418\"]}]},{\"@type\":\"BreadcrumbList\",\"@id\":\"http:\/\/arwann.com\/?page_id=418#breadcrumb\",\"itemListElement\":[{\"@type\":\"ListItem\",\"position\":1,\"name\":\"Home\",\"item\":\"https:\/\/arwann.com\/\"},{\"@type\":\"ListItem\",\"position\":2,\"name\":\"Le coin des Scouts\",\"item\":\"http:\/\/arwann.com\/?page_id=29\"},{\"@type\":\"ListItem\",\"position\":3,\"name\":\"Veill\u00e9es\",\"item\":\"http:\/\/arwann.com\/?page_id=273\"},{\"@type\":\"ListItem\",\"position\":4,\"name\":\"Chants\",\"item\":\"http:\/\/arwann.com\/?page_id=276\"},{\"@type\":\"ListItem\",\"position\":5,\"name\":\"Chants de traditions et de r\u00e9gions\",\"item\":\"http:\/\/arwann.com\/?page_id=359\"},{\"@type\":\"ListItem\",\"position\":6,\"name\":\"Pri\u00e8re patriotique\"}]},{\"@type\":\"WebSite\",\"@id\":\"http:\/\/arwann.com\/#website\",\"url\":\"http:\/\/arwann.com\/\",\"name\":\"Arwann.com\",\"description\":\"\",\"publisher\":{\"@id\":\"http:\/\/arwann.com\/#organization\"},\"potentialAction\":[{\"@type\":\"SearchAction\",\"target\":{\"@type\":\"EntryPoint\",\"urlTemplate\":\"http:\/\/arwann.com\/?s={search_term_string}\"},\"query-input\":{\"@type\":\"PropertyValueSpecification\",\"valueRequired\":true,\"valueName\":\"search_term_string\"}}],\"inLanguage\":\"fr-FR\"},{\"@type\":\"Organization\",\"@id\":\"http:\/\/arwann.com\/#organization\",\"name\":\"Arwann\",\"url\":\"http:\/\/arwann.com\/\",\"logo\":{\"@type\":\"ImageObject\",\"inLanguage\":\"fr-FR\",\"@id\":\"http:\/\/arwann.com\/#\/schema\/logo\/image\/\",\"url\":\"http:\/\/arwann.com\/wp-content\/uploads\/2014\/04\/cropped-bandeau-arwann-5.png\",\"contentUrl\":\"http:\/\/arwann.com\/wp-content\/uploads\/2014\/04\/cropped-bandeau-arwann-5.png\",\"width\":1600,\"height\":230,\"caption\":\"Arwann\"},\"image\":{\"@id\":\"http:\/\/arwann.com\/#\/schema\/logo\/image\/\"}}]}<\/script>\n<!-- \/ Yoast SEO plugin. -->","yoast_head_json":{"title":"Pri\u00e8re patriotique -","robots":{"index":"index","follow":"follow","max-snippet":"max-snippet:-1","max-image-preview":"max-image-preview:large","max-video-preview":"max-video-preview:-1"},"canonical":"http:\/\/arwann.com\/?page_id=418","og_locale":"fr_FR","og_type":"article","og_title":"Pri\u00e8re patriotique -","og_description":"Par Cygne. Pour \u00e9couter cliquer ici-&gt; 1.Seigneur, accorde ton secours Au beau pays que mon c\u0153ur aime, Celui que j&rsquo;aimerai toujours, Celui que j&rsquo;aimerai quand m\u00eame. R. Tu m&rsquo;as dit d&rsquo;aimer et j&rsquo;ob\u00e9is&#8230; Mon Dieu, prot\u00e8ge mon pays! (bis) 2. Je l&rsquo;aime pour ses frais vallons, Et j&rsquo;aime d&rsquo;un amour intime La cime blanche de &hellip; Continuer la lecture de Pri\u00e8re patriotique &rarr;","og_url":"http:\/\/arwann.com\/?page_id=418","article_modified_time":"2014-04-21T19:50:06+00:00","twitter_misc":{"Dur\u00e9e de lecture estim\u00e9e":"1 minute"},"schema":{"@context":"https:\/\/schema.org","@graph":[{"@type":"WebPage","@id":"http:\/\/arwann.com\/?page_id=418","url":"http:\/\/arwann.com\/?page_id=418","name":"Pri\u00e8re patriotique -","isPartOf":{"@id":"http:\/\/arwann.com\/#website"},"datePublished":"2014-04-04T20:49:38+00:00","dateModified":"2014-04-21T19:50:06+00:00","breadcrumb":{"@id":"http:\/\/arwann.com\/?page_id=418#breadcrumb"},"inLanguage":"fr-FR","potentialAction":[{"@type":"ReadAction","target":["http:\/\/arwann.com\/?page_id=418"]}]},{"@type":"BreadcrumbList","@id":"http:\/\/arwann.com\/?page_id=418#breadcrumb","itemListElement":[{"@type":"ListItem","position":1,"name":"Home","item":"https:\/\/arwann.com\/"},{"@type":"ListItem","position":2,"name":"Le coin des Scouts","item":"http:\/\/arwann.com\/?page_id=29"},{"@type":"ListItem","position":3,"name":"Veill\u00e9es","item":"http:\/\/arwann.com\/?page_id=273"},{"@type":"ListItem","position":4,"name":"Chants","item":"http:\/\/arwann.com\/?page_id=276"},{"@type":"ListItem","position":5,"name":"Chants de traditions et de r\u00e9gions","item":"http:\/\/arwann.com\/?page_id=359"},{"@type":"ListItem","position":6,"name":"Pri\u00e8re patriotique"}]},{"@type":"WebSite","@id":"http:\/\/arwann.com\/#website","url":"http:\/\/arwann.com\/","name":"Arwann.com","description":"","publisher":{"@id":"http:\/\/arwann.com\/#organization"},"potentialAction":[{"@type":"SearchAction","target":{"@type":"EntryPoint","urlTemplate":"http:\/\/arwann.com\/?s={search_term_string}"},"query-input":{"@type":"PropertyValueSpecification","valueRequired":true,"valueName":"search_term_string"}}],"inLanguage":"fr-FR"},{"@type":"Organization","@id":"http:\/\/arwann.com\/#organization","name":"Arwann","url":"http:\/\/arwann.com\/","logo":{"@type":"ImageObject","inLanguage":"fr-FR","@id":"http:\/\/arwann.com\/#\/schema\/logo\/image\/","url":"http:\/\/arwann.com\/wp-content\/uploads\/2014\/04\/cropped-bandeau-arwann-5.png","contentUrl":"http:\/\/arwann.com\/wp-content\/uploads\/2014\/04\/cropped-bandeau-arwann-5.png","width":1600,"height":230,"caption":"Arwann"},"image":{"@id":"http:\/\/arwann.com\/#\/schema\/logo\/image\/"}}]}},"_links":{"self":[{"href":"http:\/\/arwann.com\/index.php?rest_route=\/wp\/v2\/pages\/418","targetHints":{"allow":["GET"]}}],"collection":[{"href":"http:\/\/arwann.com\/index.php?rest_route=\/wp\/v2\/pages"}],"about":[{"href":"http:\/\/arwann.com\/index.php?rest_route=\/wp\/v2\/types\/page"}],"author":[{"embeddable":true,"href":"http:\/\/arwann.com\/index.php?rest_route=\/wp\/v2\/users\/1"}],"replies":[{"embeddable":true,"href":"http:\/\/arwann.com\/index.php?rest_route=%2Fwp%2Fv2%2Fcomments&post=418"}],"version-history":[{"count":4,"href":"http:\/\/arwann.com\/index.php?rest_route=\/wp\/v2\/pages\/418\/revisions"}],"predecessor-version":[{"id":984,"href":"http:\/\/arwann.com\/index.php?rest_route=\/wp\/v2\/pages\/418\/revisions\/984"}],"up":[{"embeddable":true,"href":"http:\/\/arwann.com\/index.php?rest_route=\/wp\/v2\/pages\/359"}],"wp:attachment":[{"href":"http:\/\/arwann.com\/index.php?rest_route=%2Fwp%2Fv2%2Fmedia&parent=418"}],"curies":[{"name":"wp","href":"https:\/\/api.w.org\/{rel}","templated":true}]}}