{"id":415,"date":"2014-04-04T21:46:52","date_gmt":"2014-04-04T20:46:52","guid":{"rendered":"http:\/\/arwann.com\/?page_id=415"},"modified":"2014-04-04T22:11:35","modified_gmt":"2014-04-04T21:11:35","slug":"le-petit-ane-gris","status":"publish","type":"page","link":"http:\/\/arwann.com\/?page_id=415","title":{"rendered":"Le petit \u00e2ne gris"},"content":{"rendered":"<p>Par Cygne. <em>pour \u00e9couter cliquer ici-&gt; <audio class=\"wp-audio-shortcode\" id=\"audio-415-1\" preload=\"none\" style=\"width: 100%;\" controls=\"controls\"><source type=\"audio\/x-ms-wma\" src=\"http:\/\/arwann.com\/wp-content\/uploads\/2014\/04\/le-petit-ane-gris.wma?_=1\" \/><a href=\"http:\/\/arwann.com\/wp-content\/uploads\/2014\/04\/le-petit-ane-gris.wma\">http:\/\/arwann.com\/wp-content\/uploads\/2014\/04\/le-petit-ane-gris.wma<\/a><\/audio><\/em><\/p>\n<p>1. \u00c9coutez cette histoire que l&rsquo;on m&rsquo;a racont\u00e9e,<br \/>\nDu fond de ma m\u00e9moire, je vais vous la chanter.<br \/>\nElle se passe en Provence, au milieu des moutons,<br \/>\nDans le sud de la France, au pays des Santons. (bis)<\/p>\n<p>2. Quand il vint au domaine, y&rsquo;avait un beau troupeau,<br \/>\nLes \u00e9tables \u00e9taient pleines de brebis et d&rsquo;agneaux,<br \/>\nMarchant toujours en t\u00eate, aux premi\u00e8res lueurs,<br \/>\nPour tirer sa charrette, il mettait tout son c\u0153ur. (bis)<\/p>\n<p>3. Au temps des transhumances, il s&rsquo;en allait heureux,<br \/>\nRemontant la Durance, honn\u00eate et courageux.<br \/>\nMais un jour, de Marseille, des messieurs sont venus,<br \/>\nLa ferme \u00e9tait bien vieille, alors on l&rsquo;a vendue. (bis)<\/p>\n<p>4. Il resta au village, tout le monde l&rsquo;aimait bien,<br \/>\nVaillant, malgr\u00e9 son \u00e2ge et malgr\u00e9 son chagrin,<br \/>\nImage d&rsquo;\u00e9vangile, vivant d&rsquo;humilit\u00e9,<br \/>\nIl se rendait utile aupr\u00e8s du cantonnier. (bis)<\/p>\n<p>5. Cette vie honorable un soir s&rsquo;est termin\u00e9e,<br \/>\nDans le fond d&rsquo;une \u00e9table, tout seul, il s&rsquo;est couch\u00e9,<br \/>\nPauvre b\u00eate de somme, il a ferm\u00e9 les yeux,<br \/>\nAbandonn\u00e9 des hommes, il est mort sans adieux. (bis)<\/p>\n<p>6. Mmm&#8230;<br \/>\nMmm&#8230;<br \/>\nCette chanson sans gloire vous racontait la vie,<br \/>\nVous racontait l&rsquo;histoire d&rsquo;un petit \u00e2ne gris. (bis)<\/p>\n","protected":false},"excerpt":{"rendered":"<p>Par Cygne. pour \u00e9couter cliquer ici-&gt; 1. \u00c9coutez cette histoire que l&rsquo;on m&rsquo;a racont\u00e9e, Du fond de ma m\u00e9moire, je vais vous la chanter. Elle se passe en Provence, au milieu des moutons, Dans le sud de la France, au pays des Santons. (bis) 2. Quand il vint au domaine, y&rsquo;avait un beau troupeau, Les &hellip; <a href=\"http:\/\/arwann.com\/?page_id=415\" class=\"more-link\">Continuer la lecture de <span class=\"screen-reader-text\">Le petit \u00e2ne gris<\/span> <span class=\"meta-nav\">&rarr;<\/span><\/a><\/p>\n","protected":false},"author":1,"featured_media":0,"parent":359,"menu_order":0,"comment_status":"open","ping_status":"open","template":"","meta":{"footnotes":""},"class_list":["post-415","page","type-page","status-publish","hentry"],"yoast_head":"<!-- This site is optimized with the Yoast SEO plugin v27.2 - https:\/\/yoast.com\/product\/yoast-seo-wordpress\/ -->\n<title>Le petit \u00e2ne gris -<\/title>\n<meta name=\"robots\" content=\"index, follow, max-snippet:-1, max-image-preview:large, max-video-preview:-1\" \/>\n<link rel=\"canonical\" href=\"http:\/\/arwann.com\/?page_id=415\" \/>\n<meta property=\"og:locale\" content=\"fr_FR\" \/>\n<meta property=\"og:type\" content=\"article\" \/>\n<meta property=\"og:title\" content=\"Le petit \u00e2ne gris -\" \/>\n<meta property=\"og:description\" content=\"Par Cygne. pour \u00e9couter cliquer ici-&gt; 1. \u00c9coutez cette histoire que l&rsquo;on m&rsquo;a racont\u00e9e, Du fond de ma m\u00e9moire, je vais vous la chanter. Elle se passe en Provence, au milieu des moutons, Dans le sud de la France, au pays des Santons. (bis) 2. Quand il vint au domaine, y&rsquo;avait un beau troupeau, Les &hellip; Continuer la lecture de Le petit \u00e2ne gris &rarr;\" \/>\n<meta property=\"og:url\" content=\"http:\/\/arwann.com\/?page_id=415\" \/>\n<meta property=\"article:modified_time\" content=\"2014-04-04T21:11:35+00:00\" \/>\n<meta name=\"twitter:label1\" content=\"Dur\u00e9e de lecture estim\u00e9e\" \/>\n\t<meta name=\"twitter:data1\" content=\"1 minute\" \/>\n<script type=\"application\/ld+json\" class=\"yoast-schema-graph\">{\"@context\":\"https:\/\/schema.org\",\"@graph\":[{\"@type\":\"WebPage\",\"@id\":\"http:\/\/arwann.com\/?page_id=415\",\"url\":\"http:\/\/arwann.com\/?page_id=415\",\"name\":\"Le petit \u00e2ne gris -\",\"isPartOf\":{\"@id\":\"http:\/\/arwann.com\/#website\"},\"datePublished\":\"2014-04-04T20:46:52+00:00\",\"dateModified\":\"2014-04-04T21:11:35+00:00\",\"breadcrumb\":{\"@id\":\"http:\/\/arwann.com\/?page_id=415#breadcrumb\"},\"inLanguage\":\"fr-FR\",\"potentialAction\":[{\"@type\":\"ReadAction\",\"target\":[\"http:\/\/arwann.com\/?page_id=415\"]}]},{\"@type\":\"BreadcrumbList\",\"@id\":\"http:\/\/arwann.com\/?page_id=415#breadcrumb\",\"itemListElement\":[{\"@type\":\"ListItem\",\"position\":1,\"name\":\"Home\",\"item\":\"https:\/\/arwann.com\/\"},{\"@type\":\"ListItem\",\"position\":2,\"name\":\"Le coin des Scouts\",\"item\":\"http:\/\/arwann.com\/?page_id=29\"},{\"@type\":\"ListItem\",\"position\":3,\"name\":\"Veill\u00e9es\",\"item\":\"https:\/\/arwann.com\/?page_id=273\"},{\"@type\":\"ListItem\",\"position\":4,\"name\":\"Chants\",\"item\":\"http:\/\/arwann.com\/?page_id=276\"},{\"@type\":\"ListItem\",\"position\":5,\"name\":\"Chants de traditions et de r\u00e9gions\",\"item\":\"http:\/\/arwann.com\/?page_id=359\"},{\"@type\":\"ListItem\",\"position\":6,\"name\":\"Le petit \u00e2ne gris\"}]},{\"@type\":\"WebSite\",\"@id\":\"http:\/\/arwann.com\/#website\",\"url\":\"http:\/\/arwann.com\/\",\"name\":\"Arwann.com\",\"description\":\"\",\"publisher\":{\"@id\":\"http:\/\/arwann.com\/#organization\"},\"potentialAction\":[{\"@type\":\"SearchAction\",\"target\":{\"@type\":\"EntryPoint\",\"urlTemplate\":\"http:\/\/arwann.com\/?s={search_term_string}\"},\"query-input\":{\"@type\":\"PropertyValueSpecification\",\"valueRequired\":true,\"valueName\":\"search_term_string\"}}],\"inLanguage\":\"fr-FR\"},{\"@type\":\"Organization\",\"@id\":\"http:\/\/arwann.com\/#organization\",\"name\":\"Arwann\",\"url\":\"http:\/\/arwann.com\/\",\"logo\":{\"@type\":\"ImageObject\",\"inLanguage\":\"fr-FR\",\"@id\":\"http:\/\/arwann.com\/#\/schema\/logo\/image\/\",\"url\":\"http:\/\/arwann.com\/wp-content\/uploads\/2014\/04\/cropped-bandeau-arwann-5.png\",\"contentUrl\":\"http:\/\/arwann.com\/wp-content\/uploads\/2014\/04\/cropped-bandeau-arwann-5.png\",\"width\":1600,\"height\":230,\"caption\":\"Arwann\"},\"image\":{\"@id\":\"http:\/\/arwann.com\/#\/schema\/logo\/image\/\"}}]}<\/script>\n<!-- \/ Yoast SEO plugin. -->","yoast_head_json":{"title":"Le petit \u00e2ne gris -","robots":{"index":"index","follow":"follow","max-snippet":"max-snippet:-1","max-image-preview":"max-image-preview:large","max-video-preview":"max-video-preview:-1"},"canonical":"http:\/\/arwann.com\/?page_id=415","og_locale":"fr_FR","og_type":"article","og_title":"Le petit \u00e2ne gris -","og_description":"Par Cygne. pour \u00e9couter cliquer ici-&gt; 1. \u00c9coutez cette histoire que l&rsquo;on m&rsquo;a racont\u00e9e, Du fond de ma m\u00e9moire, je vais vous la chanter. Elle se passe en Provence, au milieu des moutons, Dans le sud de la France, au pays des Santons. (bis) 2. Quand il vint au domaine, y&rsquo;avait un beau troupeau, Les &hellip; Continuer la lecture de Le petit \u00e2ne gris &rarr;","og_url":"http:\/\/arwann.com\/?page_id=415","article_modified_time":"2014-04-04T21:11:35+00:00","twitter_misc":{"Dur\u00e9e de lecture estim\u00e9e":"1 minute"},"schema":{"@context":"https:\/\/schema.org","@graph":[{"@type":"WebPage","@id":"http:\/\/arwann.com\/?page_id=415","url":"http:\/\/arwann.com\/?page_id=415","name":"Le petit \u00e2ne gris -","isPartOf":{"@id":"http:\/\/arwann.com\/#website"},"datePublished":"2014-04-04T20:46:52+00:00","dateModified":"2014-04-04T21:11:35+00:00","breadcrumb":{"@id":"http:\/\/arwann.com\/?page_id=415#breadcrumb"},"inLanguage":"fr-FR","potentialAction":[{"@type":"ReadAction","target":["http:\/\/arwann.com\/?page_id=415"]}]},{"@type":"BreadcrumbList","@id":"http:\/\/arwann.com\/?page_id=415#breadcrumb","itemListElement":[{"@type":"ListItem","position":1,"name":"Home","item":"https:\/\/arwann.com\/"},{"@type":"ListItem","position":2,"name":"Le coin des Scouts","item":"http:\/\/arwann.com\/?page_id=29"},{"@type":"ListItem","position":3,"name":"Veill\u00e9es","item":"https:\/\/arwann.com\/?page_id=273"},{"@type":"ListItem","position":4,"name":"Chants","item":"http:\/\/arwann.com\/?page_id=276"},{"@type":"ListItem","position":5,"name":"Chants de traditions et de r\u00e9gions","item":"http:\/\/arwann.com\/?page_id=359"},{"@type":"ListItem","position":6,"name":"Le petit \u00e2ne gris"}]},{"@type":"WebSite","@id":"http:\/\/arwann.com\/#website","url":"http:\/\/arwann.com\/","name":"Arwann.com","description":"","publisher":{"@id":"http:\/\/arwann.com\/#organization"},"potentialAction":[{"@type":"SearchAction","target":{"@type":"EntryPoint","urlTemplate":"http:\/\/arwann.com\/?s={search_term_string}"},"query-input":{"@type":"PropertyValueSpecification","valueRequired":true,"valueName":"search_term_string"}}],"inLanguage":"fr-FR"},{"@type":"Organization","@id":"http:\/\/arwann.com\/#organization","name":"Arwann","url":"http:\/\/arwann.com\/","logo":{"@type":"ImageObject","inLanguage":"fr-FR","@id":"http:\/\/arwann.com\/#\/schema\/logo\/image\/","url":"http:\/\/arwann.com\/wp-content\/uploads\/2014\/04\/cropped-bandeau-arwann-5.png","contentUrl":"http:\/\/arwann.com\/wp-content\/uploads\/2014\/04\/cropped-bandeau-arwann-5.png","width":1600,"height":230,"caption":"Arwann"},"image":{"@id":"http:\/\/arwann.com\/#\/schema\/logo\/image\/"}}]}},"_links":{"self":[{"href":"http:\/\/arwann.com\/index.php?rest_route=\/wp\/v2\/pages\/415","targetHints":{"allow":["GET"]}}],"collection":[{"href":"http:\/\/arwann.com\/index.php?rest_route=\/wp\/v2\/pages"}],"about":[{"href":"http:\/\/arwann.com\/index.php?rest_route=\/wp\/v2\/types\/page"}],"author":[{"embeddable":true,"href":"http:\/\/arwann.com\/index.php?rest_route=\/wp\/v2\/users\/1"}],"replies":[{"embeddable":true,"href":"http:\/\/arwann.com\/index.php?rest_route=%2Fwp%2Fv2%2Fcomments&post=415"}],"version-history":[{"count":4,"href":"http:\/\/arwann.com\/index.php?rest_route=\/wp\/v2\/pages\/415\/revisions"}],"predecessor-version":[{"id":436,"href":"http:\/\/arwann.com\/index.php?rest_route=\/wp\/v2\/pages\/415\/revisions\/436"}],"up":[{"embeddable":true,"href":"http:\/\/arwann.com\/index.php?rest_route=\/wp\/v2\/pages\/359"}],"wp:attachment":[{"href":"http:\/\/arwann.com\/index.php?rest_route=%2Fwp%2Fv2%2Fmedia&parent=415"}],"curies":[{"name":"wp","href":"https:\/\/api.w.org\/{rel}","templated":true}]}}