{"id":3855,"date":"2020-07-07T09:55:01","date_gmt":"2020-07-07T08:55:01","guid":{"rendered":"http:\/\/arwann.com\/?page_id=3855"},"modified":"2021-03-11T17:39:25","modified_gmt":"2021-03-11T16:39:25","slug":"comprendre-et-lire-la-carte","status":"publish","type":"page","link":"http:\/\/arwann.com\/?page_id=3855","title":{"rendered":"Comprendre et lire la carte"},"content":{"rendered":"\n<h2 class=\"wp-block-heading\">Les signes topographiques<\/h2>\n\n\n\n<p>La carte au 50 000 ou au 25 000 est une mine de renseignement et bien peu savent l&rsquo;exploiter. Il est pourtant tr\u00e8s simple de se plonger dans l&rsquo;\u00e9tude de la l\u00e9gende qui rassemble tous les signes pr\u00e9sents sur la carte. J&rsquo;avoue qu&rsquo;apr\u00e8s 50 ans de scoutisme il arrive encore aux vieux scouts de consulter cette l\u00e9gende pour y d\u00e9couvrir la signification d&rsquo;un symbole qu&rsquo;il n&rsquo;a encore jamais rencontr\u00e9. Mais avant de conna\u00eetre tous les symboles topographiques il faut se garder de plusieurs erreurs graves pour les symboles simples.<\/p>\n\n\n\n<div class=\"wp-block-image\"><figure class=\"alignleft\"><a href=\"http:\/\/arwann.com\/wp-content\/uploads\/2014\/06\/carte-l\u00e9gende-1.png\"><img loading=\"lazy\" decoding=\"async\" width=\"362\" height=\"439\" src=\"http:\/\/arwann.com\/wp-content\/uploads\/2014\/06\/carte-l\u00e9gende-1.png\" alt=\"carte l\u00e9gende 1\" class=\"wp-image-1539\" srcset=\"http:\/\/arwann.com\/wp-content\/uploads\/2014\/06\/carte-l\u00e9gende-1.png 362w, http:\/\/arwann.com\/wp-content\/uploads\/2014\/06\/carte-l\u00e9gende-1-300x364.png 300w, http:\/\/arwann.com\/wp-content\/uploads\/2014\/06\/carte-l\u00e9gende-1-247x300.png 247w\" sizes=\"auto, (max-width: 362px) 100vw, 362px\" \/><\/a><\/figure><\/div>\n\n\n\n<div class=\"wp-block-image\"><figure class=\"alignright\"><a href=\"http:\/\/arwann.com\/wp-content\/uploads\/2014\/06\/carte-l\u00e9gende-2.png\"><img loading=\"lazy\" decoding=\"async\" width=\"343\" height=\"513\" src=\"http:\/\/arwann.com\/wp-content\/uploads\/2014\/06\/carte-l\u00e9gende-2.png\" alt=\"carte l\u00e9gende 2\" class=\"wp-image-1540\" srcset=\"http:\/\/arwann.com\/wp-content\/uploads\/2014\/06\/carte-l\u00e9gende-2.png 343w, http:\/\/arwann.com\/wp-content\/uploads\/2014\/06\/carte-l\u00e9gende-2-300x449.png 300w, http:\/\/arwann.com\/wp-content\/uploads\/2014\/06\/carte-l\u00e9gende-2-200x300.png 200w\" sizes=\"auto, (max-width: 343px) 100vw, 343px\" \/><\/a><\/figure><\/div>\n\n\n\n<p><strong>Premi\u00e8re erreur<\/strong> : confondre limite de commune, de canton, d&rsquo;arrondissement ou de d\u00e9partement et chemin. Ceux qui ont fait ce genre d&rsquo;erreur, qui les a immanquablement \u00e9gar\u00e9s, auraient pu s&rsquo;\u00e9viter ces d\u00e9boires par un simple coup d&rsquo;oeil \u00e0 la l\u00e9gende. Une erreur plus pernicieuse consiste \u00e0 prendre une limite de commune pour une haie. C&rsquo;est d&rsquo;autant plus tentant que cette limite de commune suit g\u00e9n\u00e9ralement le contour des champs et vraiment sur la carte c&rsquo;est parfois difficile de faire la distinction.<\/p>\n\n\n\n<p><strong>Deuxi\u00e8me erreur<\/strong> : confondre \u00e9glise et cimeti\u00e8re. Le cimeti\u00e8re est un polygone avec une ou plusieurs croix dedans (suivant sa taille). L&rsquo;\u00e9glise ou la chapelle c&rsquo;est un cercle surmont\u00e9 d&rsquo;une croix. Lorsque le cimeti\u00e8re est petit, la croix interne occupe toute sa superficie et on le confond avec l&rsquo;\u00e9glise. L&rsquo;\u00e9glise ou la chapelle poss\u00e8de toujours un rond. Combien de patrouilles ayant RDV \u00e0 l&rsquo;\u00e9glise pour ravitaillement sont arriv\u00e9es \u00e0 l&rsquo;heure au cimeti\u00e8re qui ne se trouve pas souvent au m\u00eame endroit.<\/p>\n\n\n\n<p><strong>Derni\u00e8re erreur de p\u00e9kin<\/strong> : prendre les lignes d&rsquo;\u00e9nergie pour des chemins ou des limites administratives. Pourtant ces lignes d&rsquo;\u00e9nergie sont facilement identifiables, elles comportent de petites fl\u00e8ches (sur la carte). Bien qu&rsquo;elles aient plut\u00f4t tendance \u00e0 enlaidir le terrain, elles sont pratiques pour l&rsquo;orientation car elles restent presque toujours visibles m\u00eame&nbsp;dans les bois car elles passent en larges&nbsp;trou\u00e9es.<\/p>\n\n\n\n<h2 class=\"wp-block-heading\">Lire la carte.<\/h2>\n\n\n\n<p>Jusqu&rsquo;\u00e0 pr\u00e9sent nous avons utilis\u00e9 la carte comme un instrument, un outil. Mais la carte c&rsquo;est bien plus que \u00e7a. La carte c&rsquo;est la description tr\u00e8s pr\u00e9cise d&rsquo;une r\u00e9gion. \u00c9videmment il n\u2019est pas possible de distinguer le style des maisons ni le fumet des plats r\u00e9gionaux mais on y lit la forme des cours d&rsquo;eau, des lacs, on y d\u00e9couvre le r\u00e9seau des chemins, les vall\u00e9es, les vallons, les collines, les escarpements, on y d\u00e9couvre les moulins, les ch\u00e2teaux, l&rsquo;organisation des villages. Et puis y sont \u00e9crits en toutes lettres les noms des lieux, des villages, des bois, des monts et des plaines. Une carte ne se regarde pas, on dit lire la carte ou \u00e9tudier la carte et c&rsquo;est exactement \u00e7a. Il y a beaucoup plus d&rsquo;informations dans une carte que dans un livre. Et lorsque nos yeux s&rsquo;y portent on doit voir le paysage et le terrain au-del\u00e0 des signes et des symboles, au-del\u00e0 des lignes et des couleurs. On doit sentir la fra\u00eecheur de ce petit ruisseau des bois, entendre le vent qui mugit dans ce col. Percevoir d\u00e9j\u00e0 les caillasses rouler sous nos pieds, flairer l&rsquo;humus de la for\u00eat apr\u00e8s la pluie. On doit d\u00e9j\u00e0 \u00e9prouver le terrain et y vivre en esprit. Il faut d\u00e9j\u00e0 imaginer les folles poursuites des jeux au milieu des ajoncs et des broussailles. On doit d\u00e9j\u00e0 ressentir le poids du jour et appr\u00e9cier l&rsquo;amiti\u00e9 du bivouac autour du feu. La carte c&rsquo;est l&rsquo;avant-go\u00fbt du camp, ce doit \u00eatre le livre de chevet du scout au moins 3 mois avant le camp. Et surtout, nous qui avons la chance d&rsquo;\u00eatre Fran\u00e7ais nous avons aussi la chance d&rsquo;avoir les meilleures cartes, les plus harmonieuses et les plus lisibles. En France, les sciences g\u00e9ographiques et topographiques ont \u00e9t\u00e9 peaufin\u00e9es depuis plusieurs si\u00e8cles gr\u00e2ce \u00e0 nos explorateurs, nos colonies \u00e0 policer mais aussi \u00e0 cause des nombreuses guerres sur notre territoire.<\/p>\n\n\n\n<p><strong>Question pour un champion<\/strong><\/p>\n\n\n\n<p>Sur la carte des Andelys un peu \u00e0 au nord du m\u00e9andre de la Seine on trouve une source et un peu en aval un point\u00a0 comme \u00e7a\u00a0 &#8211; <strong>\u039f<\/strong>\u00a0&#8211; ( noir) et il est \u00e9crit : B\u00e9lier. Qui sait dire ce que cela signifie et ce qu&rsquo;on devrait trouver sur le terrain ? R\u00e9ponse cach\u00e9e dans ces pages. On trouvera aussi la r\u00e9ponse dans le roman de Fran\u00e7ois VILLARS <strong>\u00ab\u00a0L&rsquo;Envol\u00e9e de Verdun\u00a0\u00bb<\/strong><\/p>\n\n\n\n<p>Retour \u00e0 <a href=\"http:\/\/arwann.com\/?page_id=1482\">Topographie \/ orientation<\/a><\/p>\n","protected":false},"excerpt":{"rendered":"<p>Les signes topographiques La carte au 50 000 ou au 25 000 est une mine de renseignement et bien peu savent l&rsquo;exploiter. Il est pourtant tr\u00e8s simple de se plonger dans l&rsquo;\u00e9tude de la l\u00e9gende qui rassemble tous les signes pr\u00e9sents sur la carte. J&rsquo;avoue qu&rsquo;apr\u00e8s 50 ans de scoutisme il arrive encore aux vieux &hellip; <a href=\"http:\/\/arwann.com\/?page_id=3855\" class=\"more-link\">Continuer la lecture de <span class=\"screen-reader-text\">Comprendre et lire la carte<\/span> <span class=\"meta-nav\">&rarr;<\/span><\/a><\/p>\n","protected":false},"author":1,"featured_media":0,"parent":1482,"menu_order":0,"comment_status":"closed","ping_status":"closed","template":"","meta":{"footnotes":""},"class_list":["post-3855","page","type-page","status-publish","hentry"],"yoast_head":"<!-- This site is optimized with the Yoast SEO plugin v27.2 - https:\/\/yoast.com\/product\/yoast-seo-wordpress\/ -->\n<title>Comprendre et lire la carte -<\/title>\n<meta name=\"robots\" content=\"index, follow, max-snippet:-1, max-image-preview:large, max-video-preview:-1\" \/>\n<link rel=\"canonical\" href=\"http:\/\/arwann.com\/?page_id=3855\" \/>\n<meta property=\"og:locale\" content=\"fr_FR\" \/>\n<meta property=\"og:type\" content=\"article\" \/>\n<meta property=\"og:title\" content=\"Comprendre et lire la carte -\" \/>\n<meta property=\"og:description\" content=\"Les signes topographiques La carte au 50 000 ou au 25 000 est une mine de renseignement et bien peu savent l&rsquo;exploiter. Il est pourtant tr\u00e8s simple de se plonger dans l&rsquo;\u00e9tude de la l\u00e9gende qui rassemble tous les signes pr\u00e9sents sur la carte. J&rsquo;avoue qu&rsquo;apr\u00e8s 50 ans de scoutisme il arrive encore aux vieux &hellip; Continuer la lecture de Comprendre et lire la carte &rarr;\" \/>\n<meta property=\"og:url\" content=\"http:\/\/arwann.com\/?page_id=3855\" \/>\n<meta property=\"article:modified_time\" content=\"2021-03-11T16:39:25+00:00\" \/>\n<meta name=\"twitter:label1\" content=\"Dur\u00e9e de lecture estim\u00e9e\" \/>\n\t<meta name=\"twitter:data1\" content=\"4 minutes\" \/>\n<script type=\"application\/ld+json\" class=\"yoast-schema-graph\">{\"@context\":\"https:\/\/schema.org\",\"@graph\":[{\"@type\":\"WebPage\",\"@id\":\"http:\/\/arwann.com\/?page_id=3855\",\"url\":\"http:\/\/arwann.com\/?page_id=3855\",\"name\":\"Comprendre et lire la carte -\",\"isPartOf\":{\"@id\":\"http:\/\/arwann.com\/#website\"},\"datePublished\":\"2020-07-07T08:55:01+00:00\",\"dateModified\":\"2021-03-11T16:39:25+00:00\",\"breadcrumb\":{\"@id\":\"http:\/\/arwann.com\/?page_id=3855#breadcrumb\"},\"inLanguage\":\"fr-FR\",\"potentialAction\":[{\"@type\":\"ReadAction\",\"target\":[\"http:\/\/arwann.com\/?page_id=3855\"]}]},{\"@type\":\"BreadcrumbList\",\"@id\":\"http:\/\/arwann.com\/?page_id=3855#breadcrumb\",\"itemListElement\":[{\"@type\":\"ListItem\",\"position\":1,\"name\":\"Home\",\"item\":\"http:\/\/arwann.com\/\"},{\"@type\":\"ListItem\",\"position\":2,\"name\":\"Le coin des Scouts\",\"item\":\"http:\/\/arwann.com\/?page_id=29\"},{\"@type\":\"ListItem\",\"position\":3,\"name\":\"Topographie \/ Orientation\",\"item\":\"http:\/\/arwann.com\/?page_id=1482\"},{\"@type\":\"ListItem\",\"position\":4,\"name\":\"Comprendre et lire la carte\"}]},{\"@type\":\"WebSite\",\"@id\":\"http:\/\/arwann.com\/#website\",\"url\":\"http:\/\/arwann.com\/\",\"name\":\"Arwann.com\",\"description\":\"\",\"publisher\":{\"@id\":\"http:\/\/arwann.com\/#organization\"},\"potentialAction\":[{\"@type\":\"SearchAction\",\"target\":{\"@type\":\"EntryPoint\",\"urlTemplate\":\"http:\/\/arwann.com\/?s={search_term_string}\"},\"query-input\":{\"@type\":\"PropertyValueSpecification\",\"valueRequired\":true,\"valueName\":\"search_term_string\"}}],\"inLanguage\":\"fr-FR\"},{\"@type\":\"Organization\",\"@id\":\"http:\/\/arwann.com\/#organization\",\"name\":\"Arwann\",\"url\":\"http:\/\/arwann.com\/\",\"logo\":{\"@type\":\"ImageObject\",\"inLanguage\":\"fr-FR\",\"@id\":\"http:\/\/arwann.com\/#\/schema\/logo\/image\/\",\"url\":\"http:\/\/arwann.com\/wp-content\/uploads\/2014\/04\/cropped-bandeau-arwann-5.png\",\"contentUrl\":\"http:\/\/arwann.com\/wp-content\/uploads\/2014\/04\/cropped-bandeau-arwann-5.png\",\"width\":1600,\"height\":230,\"caption\":\"Arwann\"},\"image\":{\"@id\":\"http:\/\/arwann.com\/#\/schema\/logo\/image\/\"}}]}<\/script>\n<!-- \/ Yoast SEO plugin. -->","yoast_head_json":{"title":"Comprendre et lire la carte -","robots":{"index":"index","follow":"follow","max-snippet":"max-snippet:-1","max-image-preview":"max-image-preview:large","max-video-preview":"max-video-preview:-1"},"canonical":"http:\/\/arwann.com\/?page_id=3855","og_locale":"fr_FR","og_type":"article","og_title":"Comprendre et lire la carte -","og_description":"Les signes topographiques La carte au 50 000 ou au 25 000 est une mine de renseignement et bien peu savent l&rsquo;exploiter. Il est pourtant tr\u00e8s simple de se plonger dans l&rsquo;\u00e9tude de la l\u00e9gende qui rassemble tous les signes pr\u00e9sents sur la carte. J&rsquo;avoue qu&rsquo;apr\u00e8s 50 ans de scoutisme il arrive encore aux vieux &hellip; Continuer la lecture de Comprendre et lire la carte &rarr;","og_url":"http:\/\/arwann.com\/?page_id=3855","article_modified_time":"2021-03-11T16:39:25+00:00","twitter_misc":{"Dur\u00e9e de lecture estim\u00e9e":"4 minutes"},"schema":{"@context":"https:\/\/schema.org","@graph":[{"@type":"WebPage","@id":"http:\/\/arwann.com\/?page_id=3855","url":"http:\/\/arwann.com\/?page_id=3855","name":"Comprendre et lire la carte -","isPartOf":{"@id":"http:\/\/arwann.com\/#website"},"datePublished":"2020-07-07T08:55:01+00:00","dateModified":"2021-03-11T16:39:25+00:00","breadcrumb":{"@id":"http:\/\/arwann.com\/?page_id=3855#breadcrumb"},"inLanguage":"fr-FR","potentialAction":[{"@type":"ReadAction","target":["http:\/\/arwann.com\/?page_id=3855"]}]},{"@type":"BreadcrumbList","@id":"http:\/\/arwann.com\/?page_id=3855#breadcrumb","itemListElement":[{"@type":"ListItem","position":1,"name":"Home","item":"http:\/\/arwann.com\/"},{"@type":"ListItem","position":2,"name":"Le coin des Scouts","item":"http:\/\/arwann.com\/?page_id=29"},{"@type":"ListItem","position":3,"name":"Topographie \/ Orientation","item":"http:\/\/arwann.com\/?page_id=1482"},{"@type":"ListItem","position":4,"name":"Comprendre et lire la carte"}]},{"@type":"WebSite","@id":"http:\/\/arwann.com\/#website","url":"http:\/\/arwann.com\/","name":"Arwann.com","description":"","publisher":{"@id":"http:\/\/arwann.com\/#organization"},"potentialAction":[{"@type":"SearchAction","target":{"@type":"EntryPoint","urlTemplate":"http:\/\/arwann.com\/?s={search_term_string}"},"query-input":{"@type":"PropertyValueSpecification","valueRequired":true,"valueName":"search_term_string"}}],"inLanguage":"fr-FR"},{"@type":"Organization","@id":"http:\/\/arwann.com\/#organization","name":"Arwann","url":"http:\/\/arwann.com\/","logo":{"@type":"ImageObject","inLanguage":"fr-FR","@id":"http:\/\/arwann.com\/#\/schema\/logo\/image\/","url":"http:\/\/arwann.com\/wp-content\/uploads\/2014\/04\/cropped-bandeau-arwann-5.png","contentUrl":"http:\/\/arwann.com\/wp-content\/uploads\/2014\/04\/cropped-bandeau-arwann-5.png","width":1600,"height":230,"caption":"Arwann"},"image":{"@id":"http:\/\/arwann.com\/#\/schema\/logo\/image\/"}}]}},"_links":{"self":[{"href":"http:\/\/arwann.com\/index.php?rest_route=\/wp\/v2\/pages\/3855","targetHints":{"allow":["GET"]}}],"collection":[{"href":"http:\/\/arwann.com\/index.php?rest_route=\/wp\/v2\/pages"}],"about":[{"href":"http:\/\/arwann.com\/index.php?rest_route=\/wp\/v2\/types\/page"}],"author":[{"embeddable":true,"href":"http:\/\/arwann.com\/index.php?rest_route=\/wp\/v2\/users\/1"}],"replies":[{"embeddable":true,"href":"http:\/\/arwann.com\/index.php?rest_route=%2Fwp%2Fv2%2Fcomments&post=3855"}],"version-history":[{"count":4,"href":"http:\/\/arwann.com\/index.php?rest_route=\/wp\/v2\/pages\/3855\/revisions"}],"predecessor-version":[{"id":3932,"href":"http:\/\/arwann.com\/index.php?rest_route=\/wp\/v2\/pages\/3855\/revisions\/3932"}],"up":[{"embeddable":true,"href":"http:\/\/arwann.com\/index.php?rest_route=\/wp\/v2\/pages\/1482"}],"wp:attachment":[{"href":"http:\/\/arwann.com\/index.php?rest_route=%2Fwp%2Fv2%2Fmedia&parent=3855"}],"curies":[{"name":"wp","href":"https:\/\/api.w.org\/{rel}","templated":true}]}}