{"id":3813,"date":"2020-04-16T17:02:26","date_gmt":"2020-04-16T16:02:26","guid":{"rendered":"http:\/\/arwann.com\/?page_id=3813"},"modified":"2024-02-05T20:58:50","modified_gmt":"2024-02-05T19:58:50","slug":"les-fequinettes-feuillees","status":"publish","type":"page","link":"http:\/\/arwann.com\/?page_id=3813","title":{"rendered":"Les F\u00e9quinettes (Feuill\u00e9es)"},"content":{"rendered":"\n<p>Les f\u00e9quinettes sont l&rsquo;Installation indispensable qu\u2019il faut r\u00e9aliser d\u00e8s le premier jour de camp, (au minimum un trou et une b\u00e2che). On pourra l&rsquo;am\u00e9liorer aussit\u00f4t que les installations seront bien parties.<\/p>\n\n\n\n<p>Le trou doit \u00eatre creus\u00e9 \u00e9troit, sinon il n\u2019est pas possible de bien se positionner au-dessus. En cons\u00e9quence, il doit \u00eatre creus\u00e9 profond. Voici une m\u00e9thode pour creuser un trou \u00e9troit et profond. C&rsquo;est la m\u00eame que pour creuser le trou du m\u00e2t des couleurs.<\/p>\n\n\n\n<figure class=\"wp-block-image size-large is-resized\"><img loading=\"lazy\" decoding=\"async\" width=\"979\" height=\"476\" src=\"http:\/\/arwann.com\/wp-content\/uploads\/2020\/04\/f\u00e9quinettes-1.png\" alt=\"\" class=\"wp-image-3814\" style=\"width:490px;height:238px\" srcset=\"http:\/\/arwann.com\/wp-content\/uploads\/2020\/04\/f\u00e9quinettes-1.png 979w, http:\/\/arwann.com\/wp-content\/uploads\/2020\/04\/f\u00e9quinettes-1-300x146.png 300w, http:\/\/arwann.com\/wp-content\/uploads\/2020\/04\/f\u00e9quinettes-1-768x373.png 768w\" sizes=\"auto, (max-width: 979px) 100vw, 979px\" \/><\/figure>\n\n\n\n<p>Ensuite le si\u00e8ge doit \u00eatre confortable et efficace. Ce doit \u00eatre un plaisir que d\u2019aller aux f\u00e9quinettes. Voici le meilleur mod\u00e8le jamais r\u00e9alis\u00e9 par des scouts.<\/p>\n\n\n\n<figure class=\"wp-block-image size-large is-resized\"><img loading=\"lazy\" decoding=\"async\" width=\"781\" height=\"575\" src=\"http:\/\/arwann.com\/wp-content\/uploads\/2020\/04\/F\u00e9quinettes-2.png\" alt=\"\" class=\"wp-image-3815\" style=\"width:391px;height:288px\" srcset=\"http:\/\/arwann.com\/wp-content\/uploads\/2020\/04\/F\u00e9quinettes-2.png 781w, http:\/\/arwann.com\/wp-content\/uploads\/2020\/04\/F\u00e9quinettes-2-300x221.png 300w, http:\/\/arwann.com\/wp-content\/uploads\/2020\/04\/F\u00e9quinettes-2-768x565.png 768w\" sizes=\"auto, (max-width: 781px) 100vw, 781px\" \/><\/figure>\n\n\n\n<p>Le tout devra \u00eatre prot\u00e9g\u00e9 par une b\u00e2che ou par des claires des branchages des arbres pr\u00e9lev\u00e9s pendant les installations. ATTENTION&nbsp;; pas de bricolages, tout doit \u00eatre bien r\u00e9alis\u00e9.<\/p>\n\n\n\n<figure class=\"wp-block-image size-large is-resized\"><img loading=\"lazy\" decoding=\"async\" width=\"1024\" height=\"793\" src=\"http:\/\/arwann.com\/wp-content\/uploads\/2020\/04\/F\u00e9quinette-termin\u00e9es-1024x793.png\" alt=\"\" class=\"wp-image-3816\" style=\"width:512px;height:397px\" srcset=\"http:\/\/arwann.com\/wp-content\/uploads\/2020\/04\/F\u00e9quinette-termin\u00e9es-1024x793.png 1024w, http:\/\/arwann.com\/wp-content\/uploads\/2020\/04\/F\u00e9quinette-termin\u00e9es-300x232.png 300w, http:\/\/arwann.com\/wp-content\/uploads\/2020\/04\/F\u00e9quinette-termin\u00e9es-768x595.png 768w, http:\/\/arwann.com\/wp-content\/uploads\/2020\/04\/F\u00e9quinette-termin\u00e9es.png 1201w\" sizes=\"auto, (max-width: 1024px) 100vw, 1024px\" \/><\/figure>\n\n\n\n<p>Enfin, les chefs ne doivent pas se construire de f\u00e9quinettes&nbsp;; Ils doivent utiliser (par rotation) les f\u00e9quinettes des patrouilles, cela sert d\u2019inspection permanente. Le chef DOIT imm\u00e9diatement faire rectifier ce qui cloche.<\/p>\n\n\n\n<p>Par ailleurs, en cas d&rsquo;inspection du camp, ces f\u00e9quinettes de luxe impressionneront hyper- favorablement le contr\u00f4leur.<br>Ceux qui ont lu \u00ab\u00a0L&rsquo;envol\u00e9e de Verdun\u00a0\u00bb se rappellent que la patrouille du H\u00e9risson a construit de belles f\u00e9quinettes qui ne sont pas diff\u00e9rentes que celles pr\u00e9sent\u00e9es ici. L&rsquo;arch\u00e9ologue qui se trouve en fouille sur le lieu du camp demande au H\u00e9risson de lui en fabriquer d&rsquo;aussi confortables. <\/p>\n\n\n\n<p><a href=\"http:\/\/arwann.com\/?page_id=373\">Page pr\u00e9c\u00e9dente<\/a> (les cadres et les modules)<br><a href=\"http:\/\/arwann.com\/?page_id=464\">Page suivante<\/a> (construire des bancs)<\/p>\n\n\n\n<p><br><\/p>\n","protected":false},"excerpt":{"rendered":"<p>Les f\u00e9quinettes sont l&rsquo;Installation indispensable qu\u2019il faut r\u00e9aliser d\u00e8s le premier jour de camp, (au minimum un trou et une b\u00e2che). On pourra l&rsquo;am\u00e9liorer aussit\u00f4t que les installations seront bien parties. Le trou doit \u00eatre creus\u00e9 \u00e9troit, sinon il n\u2019est pas possible de bien se positionner au-dessus. En cons\u00e9quence, il doit \u00eatre creus\u00e9 profond. Voici &hellip; <a href=\"http:\/\/arwann.com\/?page_id=3813\" class=\"more-link\">Continuer la lecture de <span class=\"screen-reader-text\">Les F\u00e9quinettes (Feuill\u00e9es)<\/span> <span class=\"meta-nav\">&rarr;<\/span><\/a><\/p>\n","protected":false},"author":1,"featured_media":0,"parent":121,"menu_order":0,"comment_status":"closed","ping_status":"closed","template":"","meta":{"footnotes":""},"class_list":["post-3813","page","type-page","status-publish","hentry"],"yoast_head":"<!-- This site is optimized with the Yoast SEO plugin v27.2 - https:\/\/yoast.com\/product\/yoast-seo-wordpress\/ -->\n<title>Les F\u00e9quinettes (Feuill\u00e9es) -<\/title>\n<meta name=\"robots\" content=\"index, follow, max-snippet:-1, max-image-preview:large, max-video-preview:-1\" \/>\n<link rel=\"canonical\" href=\"http:\/\/arwann.com\/?page_id=3813\" \/>\n<meta property=\"og:locale\" content=\"fr_FR\" \/>\n<meta property=\"og:type\" content=\"article\" \/>\n<meta property=\"og:title\" content=\"Les F\u00e9quinettes (Feuill\u00e9es) -\" \/>\n<meta property=\"og:description\" content=\"Les f\u00e9quinettes sont l&rsquo;Installation indispensable qu\u2019il faut r\u00e9aliser d\u00e8s le premier jour de camp, (au minimum un trou et une b\u00e2che). On pourra l&rsquo;am\u00e9liorer aussit\u00f4t que les installations seront bien parties. Le trou doit \u00eatre creus\u00e9 \u00e9troit, sinon il n\u2019est pas possible de bien se positionner au-dessus. En cons\u00e9quence, il doit \u00eatre creus\u00e9 profond. Voici &hellip; Continuer la lecture de Les F\u00e9quinettes (Feuill\u00e9es) &rarr;\" \/>\n<meta property=\"og:url\" content=\"http:\/\/arwann.com\/?page_id=3813\" \/>\n<meta property=\"article:modified_time\" content=\"2024-02-05T19:58:50+00:00\" \/>\n<meta name=\"twitter:label1\" content=\"Dur\u00e9e de lecture estim\u00e9e\" \/>\n\t<meta name=\"twitter:data1\" content=\"2 minutes\" \/>\n<script type=\"application\/ld+json\" class=\"yoast-schema-graph\">{\"@context\":\"https:\/\/schema.org\",\"@graph\":[{\"@type\":\"WebPage\",\"@id\":\"http:\/\/arwann.com\/?page_id=3813\",\"url\":\"http:\/\/arwann.com\/?page_id=3813\",\"name\":\"Les F\u00e9quinettes (Feuill\u00e9es) -\",\"isPartOf\":{\"@id\":\"http:\/\/arwann.com\/#website\"},\"datePublished\":\"2020-04-16T16:02:26+00:00\",\"dateModified\":\"2024-02-05T19:58:50+00:00\",\"breadcrumb\":{\"@id\":\"http:\/\/arwann.com\/?page_id=3813#breadcrumb\"},\"inLanguage\":\"fr-FR\",\"potentialAction\":[{\"@type\":\"ReadAction\",\"target\":[\"http:\/\/arwann.com\/?page_id=3813\"]}]},{\"@type\":\"BreadcrumbList\",\"@id\":\"http:\/\/arwann.com\/?page_id=3813#breadcrumb\",\"itemListElement\":[{\"@type\":\"ListItem\",\"position\":1,\"name\":\"Home\",\"item\":\"http:\/\/arwann.com\/\"},{\"@type\":\"ListItem\",\"position\":2,\"name\":\"Le coin des Scouts\",\"item\":\"http:\/\/arwann.com\/?page_id=29\"},{\"@type\":\"ListItem\",\"position\":3,\"name\":\"Forestage et installations\",\"item\":\"http:\/\/arwann.com\/?page_id=121\"},{\"@type\":\"ListItem\",\"position\":4,\"name\":\"Les F\u00e9quinettes (Feuill\u00e9es)\"}]},{\"@type\":\"WebSite\",\"@id\":\"http:\/\/arwann.com\/#website\",\"url\":\"http:\/\/arwann.com\/\",\"name\":\"Arwann.com\",\"description\":\"\",\"publisher\":{\"@id\":\"http:\/\/arwann.com\/#organization\"},\"potentialAction\":[{\"@type\":\"SearchAction\",\"target\":{\"@type\":\"EntryPoint\",\"urlTemplate\":\"http:\/\/arwann.com\/?s={search_term_string}\"},\"query-input\":{\"@type\":\"PropertyValueSpecification\",\"valueRequired\":true,\"valueName\":\"search_term_string\"}}],\"inLanguage\":\"fr-FR\"},{\"@type\":\"Organization\",\"@id\":\"http:\/\/arwann.com\/#organization\",\"name\":\"Arwann\",\"url\":\"http:\/\/arwann.com\/\",\"logo\":{\"@type\":\"ImageObject\",\"inLanguage\":\"fr-FR\",\"@id\":\"http:\/\/arwann.com\/#\/schema\/logo\/image\/\",\"url\":\"http:\/\/arwann.com\/wp-content\/uploads\/2014\/04\/cropped-bandeau-arwann-5.png\",\"contentUrl\":\"http:\/\/arwann.com\/wp-content\/uploads\/2014\/04\/cropped-bandeau-arwann-5.png\",\"width\":1600,\"height\":230,\"caption\":\"Arwann\"},\"image\":{\"@id\":\"http:\/\/arwann.com\/#\/schema\/logo\/image\/\"}}]}<\/script>\n<!-- \/ Yoast SEO plugin. -->","yoast_head_json":{"title":"Les F\u00e9quinettes (Feuill\u00e9es) -","robots":{"index":"index","follow":"follow","max-snippet":"max-snippet:-1","max-image-preview":"max-image-preview:large","max-video-preview":"max-video-preview:-1"},"canonical":"http:\/\/arwann.com\/?page_id=3813","og_locale":"fr_FR","og_type":"article","og_title":"Les F\u00e9quinettes (Feuill\u00e9es) -","og_description":"Les f\u00e9quinettes sont l&rsquo;Installation indispensable qu\u2019il faut r\u00e9aliser d\u00e8s le premier jour de camp, (au minimum un trou et une b\u00e2che). On pourra l&rsquo;am\u00e9liorer aussit\u00f4t que les installations seront bien parties. Le trou doit \u00eatre creus\u00e9 \u00e9troit, sinon il n\u2019est pas possible de bien se positionner au-dessus. En cons\u00e9quence, il doit \u00eatre creus\u00e9 profond. Voici &hellip; Continuer la lecture de Les F\u00e9quinettes (Feuill\u00e9es) &rarr;","og_url":"http:\/\/arwann.com\/?page_id=3813","article_modified_time":"2024-02-05T19:58:50+00:00","twitter_misc":{"Dur\u00e9e de lecture estim\u00e9e":"2 minutes"},"schema":{"@context":"https:\/\/schema.org","@graph":[{"@type":"WebPage","@id":"http:\/\/arwann.com\/?page_id=3813","url":"http:\/\/arwann.com\/?page_id=3813","name":"Les F\u00e9quinettes (Feuill\u00e9es) -","isPartOf":{"@id":"http:\/\/arwann.com\/#website"},"datePublished":"2020-04-16T16:02:26+00:00","dateModified":"2024-02-05T19:58:50+00:00","breadcrumb":{"@id":"http:\/\/arwann.com\/?page_id=3813#breadcrumb"},"inLanguage":"fr-FR","potentialAction":[{"@type":"ReadAction","target":["http:\/\/arwann.com\/?page_id=3813"]}]},{"@type":"BreadcrumbList","@id":"http:\/\/arwann.com\/?page_id=3813#breadcrumb","itemListElement":[{"@type":"ListItem","position":1,"name":"Home","item":"http:\/\/arwann.com\/"},{"@type":"ListItem","position":2,"name":"Le coin des Scouts","item":"http:\/\/arwann.com\/?page_id=29"},{"@type":"ListItem","position":3,"name":"Forestage et installations","item":"http:\/\/arwann.com\/?page_id=121"},{"@type":"ListItem","position":4,"name":"Les F\u00e9quinettes (Feuill\u00e9es)"}]},{"@type":"WebSite","@id":"http:\/\/arwann.com\/#website","url":"http:\/\/arwann.com\/","name":"Arwann.com","description":"","publisher":{"@id":"http:\/\/arwann.com\/#organization"},"potentialAction":[{"@type":"SearchAction","target":{"@type":"EntryPoint","urlTemplate":"http:\/\/arwann.com\/?s={search_term_string}"},"query-input":{"@type":"PropertyValueSpecification","valueRequired":true,"valueName":"search_term_string"}}],"inLanguage":"fr-FR"},{"@type":"Organization","@id":"http:\/\/arwann.com\/#organization","name":"Arwann","url":"http:\/\/arwann.com\/","logo":{"@type":"ImageObject","inLanguage":"fr-FR","@id":"http:\/\/arwann.com\/#\/schema\/logo\/image\/","url":"http:\/\/arwann.com\/wp-content\/uploads\/2014\/04\/cropped-bandeau-arwann-5.png","contentUrl":"http:\/\/arwann.com\/wp-content\/uploads\/2014\/04\/cropped-bandeau-arwann-5.png","width":1600,"height":230,"caption":"Arwann"},"image":{"@id":"http:\/\/arwann.com\/#\/schema\/logo\/image\/"}}]}},"_links":{"self":[{"href":"http:\/\/arwann.com\/index.php?rest_route=\/wp\/v2\/pages\/3813","targetHints":{"allow":["GET"]}}],"collection":[{"href":"http:\/\/arwann.com\/index.php?rest_route=\/wp\/v2\/pages"}],"about":[{"href":"http:\/\/arwann.com\/index.php?rest_route=\/wp\/v2\/types\/page"}],"author":[{"embeddable":true,"href":"http:\/\/arwann.com\/index.php?rest_route=\/wp\/v2\/users\/1"}],"replies":[{"embeddable":true,"href":"http:\/\/arwann.com\/index.php?rest_route=%2Fwp%2Fv2%2Fcomments&post=3813"}],"version-history":[{"count":5,"href":"http:\/\/arwann.com\/index.php?rest_route=\/wp\/v2\/pages\/3813\/revisions"}],"predecessor-version":[{"id":4096,"href":"http:\/\/arwann.com\/index.php?rest_route=\/wp\/v2\/pages\/3813\/revisions\/4096"}],"up":[{"embeddable":true,"href":"http:\/\/arwann.com\/index.php?rest_route=\/wp\/v2\/pages\/121"}],"wp:attachment":[{"href":"http:\/\/arwann.com\/index.php?rest_route=%2Fwp%2Fv2%2Fmedia&parent=3813"}],"curies":[{"name":"wp","href":"https:\/\/api.w.org\/{rel}","templated":true}]}}