{"id":362,"date":"2014-04-03T20:19:30","date_gmt":"2014-04-03T19:19:30","guid":{"rendered":"http:\/\/arwann.com\/?page_id=362"},"modified":"2014-04-04T22:05:23","modified_gmt":"2014-04-04T21:05:23","slug":"les-croix-de-france","status":"publish","type":"page","link":"http:\/\/arwann.com\/?page_id=362","title":{"rendered":"Les croix de France"},"content":{"rendered":"<p>Par Cygne. <em>pour \u00e9couter cliquer ici -&gt; <audio class=\"wp-audio-shortcode\" id=\"audio-362-1\" preload=\"none\" style=\"width: 100%;\" controls=\"controls\"><source type=\"audio\/x-ms-wma\" src=\"http:\/\/arwann.com\/wp-content\/uploads\/2014\/04\/les-croix-de-France.wma?_=1\" \/><a href=\"http:\/\/arwann.com\/wp-content\/uploads\/2014\/04\/les-croix-de-France.wma\">http:\/\/arwann.com\/wp-content\/uploads\/2014\/04\/les-croix-de-France.wma<\/a><\/audio><br \/>\n<\/em><\/p>\n<p>1. Ils ont forc\u00e9 l&rsquo;horreur des bois<br \/>\nPar del\u00e0 les grands monts sauvages,<br \/>\nEt baptis\u00e9 les cieux gaulois<br \/>\nJusqu&rsquo;aux mers aux sombres rivages,<br \/>\nLes fiers crois\u00e9s, moines et guerriers<br \/>\nQue menaient Saint Michel et Saint Georges,<br \/>\nAu c\u0153ur du roc ont plant\u00e9 la croix,<br \/>\nSur les routes de France.<\/p>\n<p>2. Quand, au tocsin des jours maudits<br \/>\nO\u00f9 souffla le vent des col\u00e8res,<br \/>\nDe leurs enfers, hideux, les bandits<br \/>\nOnt couru briser les calvaires,<br \/>\nDansant, hurlant leurs ignobles chants,<br \/>\nLeur fureur sacril\u00e8ge et sanglante,<br \/>\nAu coeur du roc arracha la croix,<br \/>\nSur les routes de France.<\/p>\n<p>3. Mais nous avons enfin bris\u00e9,<br \/>\nL&rsquo;affreux joug qui pelait nos t\u00eates,<br \/>\nEt, dans les cieux bien hauts, dress\u00e9<br \/>\nLes beaux Christs des plaines en f\u00eate,<br \/>\nFils de Crois\u00e9s, soyons toujours pr\u00eats<br \/>\nA verser tout le sang de nos veines,<br \/>\nAu coeur du roc pour sceller la croix<br \/>\nSur les routes de France.<\/p>\n","protected":false},"excerpt":{"rendered":"<p>Par Cygne. pour \u00e9couter cliquer ici -&gt; 1. Ils ont forc\u00e9 l&rsquo;horreur des bois Par del\u00e0 les grands monts sauvages, Et baptis\u00e9 les cieux gaulois Jusqu&rsquo;aux mers aux sombres rivages, Les fiers crois\u00e9s, moines et guerriers Que menaient Saint Michel et Saint Georges, Au c\u0153ur du roc ont plant\u00e9 la croix, Sur les routes de &hellip; <a href=\"http:\/\/arwann.com\/?page_id=362\" class=\"more-link\">Continuer la lecture de <span class=\"screen-reader-text\">Les croix de France<\/span> <span class=\"meta-nav\">&rarr;<\/span><\/a><\/p>\n","protected":false},"author":1,"featured_media":0,"parent":359,"menu_order":0,"comment_status":"open","ping_status":"open","template":"","meta":{"footnotes":""},"class_list":["post-362","page","type-page","status-publish","hentry"],"yoast_head":"<!-- This site is optimized with the Yoast SEO plugin v27.2 - https:\/\/yoast.com\/product\/yoast-seo-wordpress\/ -->\n<title>Les croix de France -<\/title>\n<meta name=\"robots\" content=\"index, follow, max-snippet:-1, max-image-preview:large, max-video-preview:-1\" \/>\n<link rel=\"canonical\" href=\"http:\/\/arwann.com\/?page_id=362\" \/>\n<meta property=\"og:locale\" content=\"fr_FR\" \/>\n<meta property=\"og:type\" content=\"article\" \/>\n<meta property=\"og:title\" content=\"Les croix de France -\" \/>\n<meta property=\"og:description\" content=\"Par Cygne. pour \u00e9couter cliquer ici -&gt; 1. Ils ont forc\u00e9 l&rsquo;horreur des bois Par del\u00e0 les grands monts sauvages, Et baptis\u00e9 les cieux gaulois Jusqu&rsquo;aux mers aux sombres rivages, Les fiers crois\u00e9s, moines et guerriers Que menaient Saint Michel et Saint Georges, Au c\u0153ur du roc ont plant\u00e9 la croix, Sur les routes de &hellip; Continuer la lecture de Les croix de France &rarr;\" \/>\n<meta property=\"og:url\" content=\"http:\/\/arwann.com\/?page_id=362\" \/>\n<meta property=\"article:modified_time\" content=\"2014-04-04T21:05:23+00:00\" \/>\n<meta name=\"twitter:label1\" content=\"Dur\u00e9e de lecture estim\u00e9e\" \/>\n\t<meta name=\"twitter:data1\" content=\"1 minute\" \/>\n<script type=\"application\/ld+json\" class=\"yoast-schema-graph\">{\"@context\":\"https:\/\/schema.org\",\"@graph\":[{\"@type\":\"WebPage\",\"@id\":\"http:\/\/arwann.com\/?page_id=362\",\"url\":\"http:\/\/arwann.com\/?page_id=362\",\"name\":\"Les croix de France -\",\"isPartOf\":{\"@id\":\"http:\/\/arwann.com\/#website\"},\"datePublished\":\"2014-04-03T19:19:30+00:00\",\"dateModified\":\"2014-04-04T21:05:23+00:00\",\"breadcrumb\":{\"@id\":\"http:\/\/arwann.com\/?page_id=362#breadcrumb\"},\"inLanguage\":\"fr-FR\",\"potentialAction\":[{\"@type\":\"ReadAction\",\"target\":[\"http:\/\/arwann.com\/?page_id=362\"]}]},{\"@type\":\"BreadcrumbList\",\"@id\":\"http:\/\/arwann.com\/?page_id=362#breadcrumb\",\"itemListElement\":[{\"@type\":\"ListItem\",\"position\":1,\"name\":\"Home\",\"item\":\"https:\/\/arwann.com\/\"},{\"@type\":\"ListItem\",\"position\":2,\"name\":\"Le coin des Scouts\",\"item\":\"http:\/\/arwann.com\/?page_id=29\"},{\"@type\":\"ListItem\",\"position\":3,\"name\":\"Veill\u00e9es\",\"item\":\"http:\/\/arwann.com\/?page_id=273\"},{\"@type\":\"ListItem\",\"position\":4,\"name\":\"Chants\",\"item\":\"http:\/\/arwann.com\/?page_id=276\"},{\"@type\":\"ListItem\",\"position\":5,\"name\":\"Chants de traditions et de r\u00e9gions\",\"item\":\"http:\/\/arwann.com\/?page_id=359\"},{\"@type\":\"ListItem\",\"position\":6,\"name\":\"Les croix de France\"}]},{\"@type\":\"WebSite\",\"@id\":\"http:\/\/arwann.com\/#website\",\"url\":\"http:\/\/arwann.com\/\",\"name\":\"Arwann.com\",\"description\":\"\",\"publisher\":{\"@id\":\"http:\/\/arwann.com\/#organization\"},\"potentialAction\":[{\"@type\":\"SearchAction\",\"target\":{\"@type\":\"EntryPoint\",\"urlTemplate\":\"http:\/\/arwann.com\/?s={search_term_string}\"},\"query-input\":{\"@type\":\"PropertyValueSpecification\",\"valueRequired\":true,\"valueName\":\"search_term_string\"}}],\"inLanguage\":\"fr-FR\"},{\"@type\":\"Organization\",\"@id\":\"http:\/\/arwann.com\/#organization\",\"name\":\"Arwann\",\"url\":\"http:\/\/arwann.com\/\",\"logo\":{\"@type\":\"ImageObject\",\"inLanguage\":\"fr-FR\",\"@id\":\"http:\/\/arwann.com\/#\/schema\/logo\/image\/\",\"url\":\"http:\/\/arwann.com\/wp-content\/uploads\/2014\/04\/cropped-bandeau-arwann-5.png\",\"contentUrl\":\"http:\/\/arwann.com\/wp-content\/uploads\/2014\/04\/cropped-bandeau-arwann-5.png\",\"width\":1600,\"height\":230,\"caption\":\"Arwann\"},\"image\":{\"@id\":\"http:\/\/arwann.com\/#\/schema\/logo\/image\/\"}}]}<\/script>\n<!-- \/ Yoast SEO plugin. -->","yoast_head_json":{"title":"Les croix de France -","robots":{"index":"index","follow":"follow","max-snippet":"max-snippet:-1","max-image-preview":"max-image-preview:large","max-video-preview":"max-video-preview:-1"},"canonical":"http:\/\/arwann.com\/?page_id=362","og_locale":"fr_FR","og_type":"article","og_title":"Les croix de France -","og_description":"Par Cygne. pour \u00e9couter cliquer ici -&gt; 1. Ils ont forc\u00e9 l&rsquo;horreur des bois Par del\u00e0 les grands monts sauvages, Et baptis\u00e9 les cieux gaulois Jusqu&rsquo;aux mers aux sombres rivages, Les fiers crois\u00e9s, moines et guerriers Que menaient Saint Michel et Saint Georges, Au c\u0153ur du roc ont plant\u00e9 la croix, Sur les routes de &hellip; Continuer la lecture de Les croix de France &rarr;","og_url":"http:\/\/arwann.com\/?page_id=362","article_modified_time":"2014-04-04T21:05:23+00:00","twitter_misc":{"Dur\u00e9e de lecture estim\u00e9e":"1 minute"},"schema":{"@context":"https:\/\/schema.org","@graph":[{"@type":"WebPage","@id":"http:\/\/arwann.com\/?page_id=362","url":"http:\/\/arwann.com\/?page_id=362","name":"Les croix de France -","isPartOf":{"@id":"http:\/\/arwann.com\/#website"},"datePublished":"2014-04-03T19:19:30+00:00","dateModified":"2014-04-04T21:05:23+00:00","breadcrumb":{"@id":"http:\/\/arwann.com\/?page_id=362#breadcrumb"},"inLanguage":"fr-FR","potentialAction":[{"@type":"ReadAction","target":["http:\/\/arwann.com\/?page_id=362"]}]},{"@type":"BreadcrumbList","@id":"http:\/\/arwann.com\/?page_id=362#breadcrumb","itemListElement":[{"@type":"ListItem","position":1,"name":"Home","item":"https:\/\/arwann.com\/"},{"@type":"ListItem","position":2,"name":"Le coin des Scouts","item":"http:\/\/arwann.com\/?page_id=29"},{"@type":"ListItem","position":3,"name":"Veill\u00e9es","item":"http:\/\/arwann.com\/?page_id=273"},{"@type":"ListItem","position":4,"name":"Chants","item":"http:\/\/arwann.com\/?page_id=276"},{"@type":"ListItem","position":5,"name":"Chants de traditions et de r\u00e9gions","item":"http:\/\/arwann.com\/?page_id=359"},{"@type":"ListItem","position":6,"name":"Les croix de France"}]},{"@type":"WebSite","@id":"http:\/\/arwann.com\/#website","url":"http:\/\/arwann.com\/","name":"Arwann.com","description":"","publisher":{"@id":"http:\/\/arwann.com\/#organization"},"potentialAction":[{"@type":"SearchAction","target":{"@type":"EntryPoint","urlTemplate":"http:\/\/arwann.com\/?s={search_term_string}"},"query-input":{"@type":"PropertyValueSpecification","valueRequired":true,"valueName":"search_term_string"}}],"inLanguage":"fr-FR"},{"@type":"Organization","@id":"http:\/\/arwann.com\/#organization","name":"Arwann","url":"http:\/\/arwann.com\/","logo":{"@type":"ImageObject","inLanguage":"fr-FR","@id":"http:\/\/arwann.com\/#\/schema\/logo\/image\/","url":"http:\/\/arwann.com\/wp-content\/uploads\/2014\/04\/cropped-bandeau-arwann-5.png","contentUrl":"http:\/\/arwann.com\/wp-content\/uploads\/2014\/04\/cropped-bandeau-arwann-5.png","width":1600,"height":230,"caption":"Arwann"},"image":{"@id":"http:\/\/arwann.com\/#\/schema\/logo\/image\/"}}]}},"_links":{"self":[{"href":"http:\/\/arwann.com\/index.php?rest_route=\/wp\/v2\/pages\/362","targetHints":{"allow":["GET"]}}],"collection":[{"href":"http:\/\/arwann.com\/index.php?rest_route=\/wp\/v2\/pages"}],"about":[{"href":"http:\/\/arwann.com\/index.php?rest_route=\/wp\/v2\/types\/page"}],"author":[{"embeddable":true,"href":"http:\/\/arwann.com\/index.php?rest_route=\/wp\/v2\/users\/1"}],"replies":[{"embeddable":true,"href":"http:\/\/arwann.com\/index.php?rest_route=%2Fwp%2Fv2%2Fcomments&post=362"}],"version-history":[{"count":7,"href":"http:\/\/arwann.com\/index.php?rest_route=\/wp\/v2\/pages\/362\/revisions"}],"predecessor-version":[{"id":432,"href":"http:\/\/arwann.com\/index.php?rest_route=\/wp\/v2\/pages\/362\/revisions\/432"}],"up":[{"embeddable":true,"href":"http:\/\/arwann.com\/index.php?rest_route=\/wp\/v2\/pages\/359"}],"wp:attachment":[{"href":"http:\/\/arwann.com\/index.php?rest_route=%2Fwp%2Fv2%2Fmedia&parent=362"}],"curies":[{"name":"wp","href":"https:\/\/api.w.org\/{rel}","templated":true}]}}