{"id":359,"date":"2014-04-03T20:13:56","date_gmt":"2014-04-03T19:13:56","guid":{"rendered":"http:\/\/arwann.com\/?page_id=359"},"modified":"2017-04-08T09:01:31","modified_gmt":"2017-04-08T08:01:31","slug":"chants-de-traditions-et-de-regions","status":"publish","type":"page","link":"http:\/\/arwann.com\/?page_id=359","title":{"rendered":"Chants de traditions et de r\u00e9gions"},"content":{"rendered":"<p><a href=\"http:\/\/arwann.com\/?page_id=29\"><img loading=\"lazy\" decoding=\"async\" class=\" wp-image-177 alignright\" src=\"http:\/\/arwann.com\/wp-content\/uploads\/2014\/03\/compagnons-300x300.png\" alt=\"Scout\" width=\"180\" height=\"180\" srcset=\"http:\/\/arwann.com\/wp-content\/uploads\/2014\/03\/compagnons-300x300.png 300w, http:\/\/arwann.com\/wp-content\/uploads\/2014\/03\/compagnons-200x200.png 200w, http:\/\/arwann.com\/wp-content\/uploads\/2014\/03\/compagnons-100x100.png 100w, http:\/\/arwann.com\/wp-content\/uploads\/2014\/03\/compagnons-150x150.png 150w, http:\/\/arwann.com\/wp-content\/uploads\/2014\/03\/compagnons.png 400w\" sizes=\"auto, (max-width: 180px) 100vw, 180px\" \/><\/a><a title=\"Les croix de France\" href=\"http:\/\/arwann.com\/?page_id=362\">Les croix de France<\/a><br \/>\n<a title=\"Le petit \u00e2ne gris\" href=\"http:\/\/arwann.com\/?page_id=415\">Le petit \u00e2ne gris<\/a><br \/>\n<a title=\"Pri\u00e8re patriotique\" href=\"http:\/\/arwann.com\/?page_id=418\">Pri\u00e8re patriotique<br \/>\n<\/a><a title=\"Le roy Louis\" href=\"http:\/\/arwann.com\/?page_id=496\">Le roy Louis<\/a><br \/>\n<a title=\"Saints de France\" href=\"http:\/\/arwann.com\/?page_id=498\">Saints de France<br \/>\n<\/a><a title=\"Complainte de la blanche biche\" href=\"http:\/\/arwann.com\/?page_id=518\">Complainte de la blanche biche<\/a><br \/>\n<a title=\"L\u2019enfant de Strasbourg\" href=\"http:\/\/arwann.com\/?page_id=516\">L&rsquo;enfant de Strasbourg<br \/>\n<\/a><a title=\"Margoton va-t\u2019\u00e0 l\u2019iau\" href=\"http:\/\/arwann.com\/?page_id=526\">Margoton va-t&rsquo;\u00e0 l&rsquo;iau<\/a><br \/>\n<a title=\"Ma Normandie\" href=\"http:\/\/arwann.com\/?page_id=536\">Ma Normandie<\/a><br \/>\n<a title=\"Je t\u2019aime \u00f4 ma patrie\" href=\"http:\/\/arwann.com\/?page_id=538\">Je t&rsquo;aime \u00f4 ma patrie<\/a><br \/>\n<a title=\"Conte la Seine\" href=\"http:\/\/arwann.com\/?page_id=806\">Conte la Seine<\/a><br \/>\n<a title=\"Digne dindon\" href=\"http:\/\/arwann.com\/?page_id=1008\">Digne dindon<\/a><br \/>\n<a title=\"Digne dindon\" href=\"http:\/\/arwann.com\/?page_id=3127\">Le facteur polonais<\/a><\/p>\n<p>&nbsp;<\/p>\n","protected":false},"excerpt":{"rendered":"<p>Les croix de France Le petit \u00e2ne gris Pri\u00e8re patriotique Le roy Louis Saints de France Complainte de la blanche biche L&rsquo;enfant de Strasbourg Margoton va-t&rsquo;\u00e0 l&rsquo;iau Ma Normandie Je t&rsquo;aime \u00f4 ma patrie Conte la Seine Digne dindon Le facteur polonais &nbsp;<\/p>\n","protected":false},"author":1,"featured_media":0,"parent":276,"menu_order":0,"comment_status":"closed","ping_status":"closed","template":"","meta":{"footnotes":""},"class_list":["post-359","page","type-page","status-publish","hentry"],"yoast_head":"<!-- This site is optimized with the Yoast SEO plugin v27.2 - https:\/\/yoast.com\/product\/yoast-seo-wordpress\/ -->\n<title>Chants de traditions et de r\u00e9gions -<\/title>\n<meta name=\"robots\" content=\"index, follow, max-snippet:-1, max-image-preview:large, max-video-preview:-1\" \/>\n<link rel=\"canonical\" href=\"http:\/\/arwann.com\/?page_id=359\" \/>\n<meta property=\"og:locale\" content=\"fr_FR\" \/>\n<meta property=\"og:type\" content=\"article\" \/>\n<meta property=\"og:title\" content=\"Chants de traditions et de r\u00e9gions -\" \/>\n<meta property=\"og:description\" content=\"Les croix de France Le petit \u00e2ne gris Pri\u00e8re patriotique Le roy Louis Saints de France Complainte de la blanche biche L&rsquo;enfant de Strasbourg Margoton va-t&rsquo;\u00e0 l&rsquo;iau Ma Normandie Je t&rsquo;aime \u00f4 ma patrie Conte la Seine Digne dindon Le facteur polonais &nbsp;\" \/>\n<meta property=\"og:url\" content=\"http:\/\/arwann.com\/?page_id=359\" \/>\n<meta property=\"article:modified_time\" content=\"2017-04-08T08:01:31+00:00\" \/>\n<meta property=\"og:image\" content=\"http:\/\/arwann.com\/wp-content\/uploads\/2014\/03\/compagnons-300x300.png\" \/>\n<script type=\"application\/ld+json\" class=\"yoast-schema-graph\">{\"@context\":\"https:\/\/schema.org\",\"@graph\":[{\"@type\":\"WebPage\",\"@id\":\"http:\/\/arwann.com\/?page_id=359\",\"url\":\"http:\/\/arwann.com\/?page_id=359\",\"name\":\"Chants de traditions et de r\u00e9gions -\",\"isPartOf\":{\"@id\":\"http:\/\/arwann.com\/#website\"},\"primaryImageOfPage\":{\"@id\":\"http:\/\/arwann.com\/?page_id=359#primaryimage\"},\"image\":{\"@id\":\"http:\/\/arwann.com\/?page_id=359#primaryimage\"},\"thumbnailUrl\":\"http:\/\/arwann.com\/wp-content\/uploads\/2014\/03\/compagnons-300x300.png\",\"datePublished\":\"2014-04-03T19:13:56+00:00\",\"dateModified\":\"2017-04-08T08:01:31+00:00\",\"breadcrumb\":{\"@id\":\"http:\/\/arwann.com\/?page_id=359#breadcrumb\"},\"inLanguage\":\"fr-FR\",\"potentialAction\":[{\"@type\":\"ReadAction\",\"target\":[\"http:\/\/arwann.com\/?page_id=359\"]}]},{\"@type\":\"ImageObject\",\"inLanguage\":\"fr-FR\",\"@id\":\"http:\/\/arwann.com\/?page_id=359#primaryimage\",\"url\":\"http:\/\/arwann.com\/wp-content\/uploads\/2014\/03\/compagnons.png\",\"contentUrl\":\"http:\/\/arwann.com\/wp-content\/uploads\/2014\/03\/compagnons.png\",\"width\":400,\"height\":400},{\"@type\":\"BreadcrumbList\",\"@id\":\"http:\/\/arwann.com\/?page_id=359#breadcrumb\",\"itemListElement\":[{\"@type\":\"ListItem\",\"position\":1,\"name\":\"Home\",\"item\":\"https:\/\/arwann.com\/\"},{\"@type\":\"ListItem\",\"position\":2,\"name\":\"Le coin des Scouts\",\"item\":\"http:\/\/arwann.com\/?page_id=29\"},{\"@type\":\"ListItem\",\"position\":3,\"name\":\"Veill\u00e9es\",\"item\":\"http:\/\/arwann.com\/?page_id=273\"},{\"@type\":\"ListItem\",\"position\":4,\"name\":\"Chants\",\"item\":\"http:\/\/arwann.com\/?page_id=276\"},{\"@type\":\"ListItem\",\"position\":5,\"name\":\"Chants de traditions et de r\u00e9gions\"}]},{\"@type\":\"WebSite\",\"@id\":\"http:\/\/arwann.com\/#website\",\"url\":\"http:\/\/arwann.com\/\",\"name\":\"Arwann.com\",\"description\":\"\",\"publisher\":{\"@id\":\"http:\/\/arwann.com\/#organization\"},\"potentialAction\":[{\"@type\":\"SearchAction\",\"target\":{\"@type\":\"EntryPoint\",\"urlTemplate\":\"http:\/\/arwann.com\/?s={search_term_string}\"},\"query-input\":{\"@type\":\"PropertyValueSpecification\",\"valueRequired\":true,\"valueName\":\"search_term_string\"}}],\"inLanguage\":\"fr-FR\"},{\"@type\":\"Organization\",\"@id\":\"http:\/\/arwann.com\/#organization\",\"name\":\"Arwann\",\"url\":\"http:\/\/arwann.com\/\",\"logo\":{\"@type\":\"ImageObject\",\"inLanguage\":\"fr-FR\",\"@id\":\"http:\/\/arwann.com\/#\/schema\/logo\/image\/\",\"url\":\"http:\/\/arwann.com\/wp-content\/uploads\/2014\/04\/cropped-bandeau-arwann-5.png\",\"contentUrl\":\"http:\/\/arwann.com\/wp-content\/uploads\/2014\/04\/cropped-bandeau-arwann-5.png\",\"width\":1600,\"height\":230,\"caption\":\"Arwann\"},\"image\":{\"@id\":\"http:\/\/arwann.com\/#\/schema\/logo\/image\/\"}}]}<\/script>\n<!-- \/ Yoast SEO plugin. -->","yoast_head_json":{"title":"Chants de traditions et de r\u00e9gions -","robots":{"index":"index","follow":"follow","max-snippet":"max-snippet:-1","max-image-preview":"max-image-preview:large","max-video-preview":"max-video-preview:-1"},"canonical":"http:\/\/arwann.com\/?page_id=359","og_locale":"fr_FR","og_type":"article","og_title":"Chants de traditions et de r\u00e9gions -","og_description":"Les croix de France Le petit \u00e2ne gris Pri\u00e8re patriotique Le roy Louis Saints de France Complainte de la blanche biche L&rsquo;enfant de Strasbourg Margoton va-t&rsquo;\u00e0 l&rsquo;iau Ma Normandie Je t&rsquo;aime \u00f4 ma patrie Conte la Seine Digne dindon Le facteur polonais &nbsp;","og_url":"http:\/\/arwann.com\/?page_id=359","article_modified_time":"2017-04-08T08:01:31+00:00","og_image":[{"url":"http:\/\/arwann.com\/wp-content\/uploads\/2014\/03\/compagnons-300x300.png","type":"","width":"","height":""}],"schema":{"@context":"https:\/\/schema.org","@graph":[{"@type":"WebPage","@id":"http:\/\/arwann.com\/?page_id=359","url":"http:\/\/arwann.com\/?page_id=359","name":"Chants de traditions et de r\u00e9gions -","isPartOf":{"@id":"http:\/\/arwann.com\/#website"},"primaryImageOfPage":{"@id":"http:\/\/arwann.com\/?page_id=359#primaryimage"},"image":{"@id":"http:\/\/arwann.com\/?page_id=359#primaryimage"},"thumbnailUrl":"http:\/\/arwann.com\/wp-content\/uploads\/2014\/03\/compagnons-300x300.png","datePublished":"2014-04-03T19:13:56+00:00","dateModified":"2017-04-08T08:01:31+00:00","breadcrumb":{"@id":"http:\/\/arwann.com\/?page_id=359#breadcrumb"},"inLanguage":"fr-FR","potentialAction":[{"@type":"ReadAction","target":["http:\/\/arwann.com\/?page_id=359"]}]},{"@type":"ImageObject","inLanguage":"fr-FR","@id":"http:\/\/arwann.com\/?page_id=359#primaryimage","url":"http:\/\/arwann.com\/wp-content\/uploads\/2014\/03\/compagnons.png","contentUrl":"http:\/\/arwann.com\/wp-content\/uploads\/2014\/03\/compagnons.png","width":400,"height":400},{"@type":"BreadcrumbList","@id":"http:\/\/arwann.com\/?page_id=359#breadcrumb","itemListElement":[{"@type":"ListItem","position":1,"name":"Home","item":"https:\/\/arwann.com\/"},{"@type":"ListItem","position":2,"name":"Le coin des Scouts","item":"http:\/\/arwann.com\/?page_id=29"},{"@type":"ListItem","position":3,"name":"Veill\u00e9es","item":"http:\/\/arwann.com\/?page_id=273"},{"@type":"ListItem","position":4,"name":"Chants","item":"http:\/\/arwann.com\/?page_id=276"},{"@type":"ListItem","position":5,"name":"Chants de traditions et de r\u00e9gions"}]},{"@type":"WebSite","@id":"http:\/\/arwann.com\/#website","url":"http:\/\/arwann.com\/","name":"Arwann.com","description":"","publisher":{"@id":"http:\/\/arwann.com\/#organization"},"potentialAction":[{"@type":"SearchAction","target":{"@type":"EntryPoint","urlTemplate":"http:\/\/arwann.com\/?s={search_term_string}"},"query-input":{"@type":"PropertyValueSpecification","valueRequired":true,"valueName":"search_term_string"}}],"inLanguage":"fr-FR"},{"@type":"Organization","@id":"http:\/\/arwann.com\/#organization","name":"Arwann","url":"http:\/\/arwann.com\/","logo":{"@type":"ImageObject","inLanguage":"fr-FR","@id":"http:\/\/arwann.com\/#\/schema\/logo\/image\/","url":"http:\/\/arwann.com\/wp-content\/uploads\/2014\/04\/cropped-bandeau-arwann-5.png","contentUrl":"http:\/\/arwann.com\/wp-content\/uploads\/2014\/04\/cropped-bandeau-arwann-5.png","width":1600,"height":230,"caption":"Arwann"},"image":{"@id":"http:\/\/arwann.com\/#\/schema\/logo\/image\/"}}]}},"_links":{"self":[{"href":"http:\/\/arwann.com\/index.php?rest_route=\/wp\/v2\/pages\/359","targetHints":{"allow":["GET"]}}],"collection":[{"href":"http:\/\/arwann.com\/index.php?rest_route=\/wp\/v2\/pages"}],"about":[{"href":"http:\/\/arwann.com\/index.php?rest_route=\/wp\/v2\/types\/page"}],"author":[{"embeddable":true,"href":"http:\/\/arwann.com\/index.php?rest_route=\/wp\/v2\/users\/1"}],"replies":[{"embeddable":true,"href":"http:\/\/arwann.com\/index.php?rest_route=%2Fwp%2Fv2%2Fcomments&post=359"}],"version-history":[{"count":21,"href":"http:\/\/arwann.com\/index.php?rest_route=\/wp\/v2\/pages\/359\/revisions"}],"predecessor-version":[{"id":3154,"href":"http:\/\/arwann.com\/index.php?rest_route=\/wp\/v2\/pages\/359\/revisions\/3154"}],"up":[{"embeddable":true,"href":"http:\/\/arwann.com\/index.php?rest_route=\/wp\/v2\/pages\/276"}],"wp:attachment":[{"href":"http:\/\/arwann.com\/index.php?rest_route=%2Fwp%2Fv2%2Fmedia&parent=359"}],"curies":[{"name":"wp","href":"https:\/\/api.w.org\/{rel}","templated":true}]}}