{"id":344,"date":"2014-04-03T16:22:59","date_gmt":"2014-04-03T15:22:59","guid":{"rendered":"http:\/\/arwann.com\/?page_id=344"},"modified":"2015-05-08T10:54:22","modified_gmt":"2015-05-08T09:54:22","slug":"le-but-de-foot","status":"publish","type":"page","link":"http:\/\/arwann.com\/?page_id=344","title":{"rendered":"Le but de foot"},"content":{"rendered":"<p style=\"text-align: justify;\"><a href=\"http:\/\/arwann.com\/wp-content\/uploads\/2014\/04\/bouton-scout.png\"><img loading=\"lazy\" decoding=\"async\" class=\"alignright wp-image-892\" src=\"http:\/\/arwann.com\/wp-content\/uploads\/2014\/04\/bouton-scout.png\" alt=\"bouton scout\" width=\"200\" height=\"200\" srcset=\"http:\/\/arwann.com\/wp-content\/uploads\/2014\/04\/bouton-scout.png 400w, http:\/\/arwann.com\/wp-content\/uploads\/2014\/04\/bouton-scout-200x200.png 200w, http:\/\/arwann.com\/wp-content\/uploads\/2014\/04\/bouton-scout-100x100.png 100w, http:\/\/arwann.com\/wp-content\/uploads\/2014\/04\/bouton-scout-300x300.png 300w, http:\/\/arwann.com\/wp-content\/uploads\/2014\/04\/bouton-scout-150x150.png 150w\" sizes=\"auto, (max-width: 200px) 100vw, 200px\" \/><\/a><a name=\"Haut\"><\/a>Par Wapiti. <a href=\"http:\/\/arwann.com\/?page_id=29\">Le coin des scouts<\/a> -&gt;<a href=\"http:\/\/arwann.com\/?page_id=350\"> Bivouac<\/a><\/p>\n<p style=\"text-align: justify;\">Souvent lorsque les scouts partent camper ils ne connaissent que deux solutions : prendre uniquement le double toit pour ne pas se charger mais risquer d&rsquo;avoir froid en bivouac ou alors prendre la tente compl\u00e8te pour \u00eatre mieux prot\u00e9g\u00e9 mais c&rsquo;est bien lourd sur le sac \u00e0 dos.<br \/>\nCependant il existe une troisi\u00e8me voie qui combine tous les avantages sans aucun inconv\u00e9nient. Plut\u00f4t que de monter le double toit classiquement on peut se m\u00e9nager une sorte de petit abri assez herm\u00e9tique.<br \/>\nA deux arbres ou \u00e0 deux pieux on br\u00eale une barre de 3-4m de long horizontale, environ \u00e0 1,20m du sol. On pose ensuite 7 ou 8 perches de 3m de fa\u00e7on \u00e0 faire une armature qui ressemblerait \u00e0 une pente de toit. On choisira avec avantage ces perches dans des bois mort qu&rsquo;on trouve en abondance dans les c\u00e9p\u00e9es. Il suffit de les casser sur pied. Souvent la souche vient avec, il suffit de la scier. C&rsquo;est plus l\u00e9ger et \u00e7a laisse leur chance aux bois verts. Il suffit ensuite de poser le double toit sur cette armature et de le rabattre sur les c\u00f4t\u00e9s. On couche ensuite toute la patrouille c\u00f4te \u00e0 c\u00f4te.<br \/>\nLe CP et le second se mettent chacun \u00e0 une extr\u00e9mit\u00e9 pour prot\u00e9ger leurs patrouillards contre le froid, contre les b\u00eates f\u00e9roces mais aussi pour pouvoir se lever plus facilement (pour recharger le feu durant la nuit par exemple).<br \/>\nCe type de bivouac est dit \u00ab\u00a0en but de foot\u00a0\u00bb, de par la ressemblance (assez lointaine) avec des cages de foot. \u00c7a fait aussi penser \u00e0 une cage de souffleur.<\/p>\n<p style=\"text-align: justify;\"><a href=\"http:\/\/arwann.com\/wp-content\/uploads\/2014\/04\/but-de-foot.png\"><img loading=\"lazy\" decoding=\"async\" class=\"alignright wp-image-345 size-full\" style=\"border: 1px solid black;\" src=\"http:\/\/arwann.com\/wp-content\/uploads\/2014\/04\/but-de-foot.png\" alt=\"but de foot\" width=\"648\" height=\"434\" srcset=\"http:\/\/arwann.com\/wp-content\/uploads\/2014\/04\/but-de-foot.png 648w, http:\/\/arwann.com\/wp-content\/uploads\/2014\/04\/but-de-foot-300x201.png 300w\" sizes=\"auto, (max-width: 648px) 100vw, 648px\" \/><\/a><br \/>\nIl pr\u00e9sente entre autres l&rsquo;avantage de n&rsquo;avoir aucun tendeur \u00e0 planter. On peut rajouter une barre de soutien verticale au milieu de l&rsquo;ouverture si on trouve que l&rsquo;ensemble est trop souple. Comme la toile est support\u00e9e par une armature, il est facile de camoufler le bivouac en y posant des foug\u00e8res ou des branchages. Ainsi la t\u00e2che claire de la toile ne se remarque plus. Le feu se fait devant l&rsquo;ouverture du but de foot afin de profiter de la chaleur au cours de la nuit ou pour manger \u00e0 l&rsquo;abri tout en \u00e9tant pr\u00e8s du feu.<br \/>\nOn veillera cependant \u00e0 ne pas faire le feu trop pr\u00e8s du bivouac pour que des escarbilles ne viennent pas trouer le double toit. Les barres d&rsquo;armature sont \u00e0 l&rsquo;int\u00e9rieur du but de foot, on peut donc s&rsquo;en servir pour suspendre ses affaires fragiles ou pr\u00e9cieuses plut\u00f4t que de les laisser au sol.<br \/>\nNous avons remarqu\u00e9 \u00e9galement que des chaussettes mouill\u00e9es install\u00e9es sur ces perches s\u00e9chaient en une nuit, sans risquer de cramer. Elles profitent gentiment, comme les dormeurs, du doux rayonnement du foyer.<br \/>\nNaturellement l&rsquo;aire du feu sera bien d\u00e9gag\u00e9e, sans feuilles. On peut placer un gros tronc mort au bord du but de foot pour marquer la limite entre le lieu de coucher et l&rsquo;aire du feu ; mais aussi de fa\u00e7on plus pragmatique pour s&rsquo;asseoir, il est toujours plus agr\u00e9able d&rsquo;avoir les fesses plus hautes que les talons.<br \/>\nD&rsquo;une mani\u00e8re g\u00e9n\u00e9rale on placera le bivouac dos au vent pour que la fum\u00e9e g\u00eane ne pas les dormeurs et pour \u00eatre bien prot\u00e9g\u00e9 du vent (calfeutrer correctement la goutti\u00e8re).<\/p>\n<p style=\"text-align: justify;\"><a href=\"http:\/\/arwann.com\/wp-content\/uploads\/2014\/04\/le-but-de-foot.png\"><img loading=\"lazy\" decoding=\"async\" class=\"alignnone size-full wp-image-490\" src=\"http:\/\/arwann.com\/wp-content\/uploads\/2014\/04\/le-but-de-foot.png\" alt=\"le but de foot\" width=\"1055\" height=\"1421\" srcset=\"http:\/\/arwann.com\/wp-content\/uploads\/2014\/04\/le-but-de-foot.png 1055w, http:\/\/arwann.com\/wp-content\/uploads\/2014\/04\/le-but-de-foot-300x404.png 300w, http:\/\/arwann.com\/wp-content\/uploads\/2014\/04\/le-but-de-foot-222x300.png 222w, http:\/\/arwann.com\/wp-content\/uploads\/2014\/04\/le-but-de-foot-760x1024.png 760w\" sizes=\"auto, (max-width: 1055px) 100vw, 1055px\" \/><\/a><br \/>\nIl faut aussi veiller \u00e0 cacher le feu d&rsquo;\u00e9ventuels noctambules. On essaiera donc si possible de mettre le bivouac dos \u00e0 la direction la plus fr\u00e9quent\u00e9e. Si cette direction ne correspond pas grosso modo \u00e0 la direction du vent dominant nous verrons dans un prochain num\u00e9ro d&rsquo;autres moyens de cacher le feu.<br \/>\nLe double toit peut avantageusement \u00eatre remplac\u00e9 par une b\u00e2che aux bonnes dimensions. Cela est moins lourd \u00e0 porter et une b\u00e2che co\u00fbte beaucoup moins cher qu&rsquo;un double toit. Si par malheur le feu venait \u00e0 l\u00e9cher le but de foot le dommage sera moins grand avec une b\u00e2che plut\u00f4t qu&rsquo;un double toit. On peut aussi installer des punchos \u00e0 la place du double toit. On veillera \u00e0 les placer comme des tuiles. Ainsi, on supprime toute charge suppl\u00e9mentaire car le puncho est (ou devrait \u00eatre) en dotation pour chaque scout. M\u00e9fions nous cependant des b\u00e2ches plus ou moins translucides, il ne suffit pas d&rsquo;arr\u00eater la pluie, il faut aussi arr\u00eater la lumi\u00e8re du feu.<br \/>\nL&rsquo;id\u00e9al est d&rsquo;arriver environ une heure avant la tomb\u00e9e de la nuit afin de s&rsquo;installer au mieux, rep\u00e9rer les alentours, faire la r\u00e9serve de bois. On allumera le feu quand il commence \u00e0 faire vraiment sombre afin \u00e9viter de se faire remarquer par de simples promeneurs (m\u00e9fions nous des cafteurs et des anti-scouts). On a tout int\u00e9r\u00eat \u00e0 profiter des derni\u00e8res lueurs pour constituer l&rsquo;ensemble de la r\u00e9serve de bois. En effet c&rsquo;est ensuite beaucoup plus compliqu\u00e9 d&rsquo;en trouver \u00e0 la lampe de poche, et balayer la for\u00eat avec un faisceau lumineux \u00e7a manque vraiment de discr\u00e9tion. De plus, pourquoi devoir quitter l&rsquo;espace chaleureux et protecteur du bivouac et s&rsquo;enfoncer dans la nuit hostile ? Pendant qu&rsquo;on y est, alors qu&rsquo;il fait encore jour, pensons \u00e0 placer un fagot de petit bois sec \u00e0 l&rsquo;abri du but de foot pour \u00eatre en mesure de rallumer un feu rapidement le matin s&rsquo;il a plu durant la nuit.<\/p>\n<p style=\"text-align: justify;\"><a href=\"#Haut\">Retour en haut<\/a><em><br \/>\npage suivante : <a title=\"Le puncho cerf-volant\" href=\"http:\/\/arwann.com\/?page_id=493\">le puncho cerf-volant<\/a><\/em><\/p>\n","protected":false},"excerpt":{"rendered":"<p>Par Wapiti. Le coin des scouts -&gt; Bivouac Souvent lorsque les scouts partent camper ils ne connaissent que deux solutions : prendre uniquement le double toit pour ne pas se charger mais risquer d&rsquo;avoir froid en bivouac ou alors prendre la tente compl\u00e8te pour \u00eatre mieux prot\u00e9g\u00e9 mais c&rsquo;est bien lourd sur le sac \u00e0 &hellip; <a href=\"http:\/\/arwann.com\/?page_id=344\" class=\"more-link\">Continuer la lecture de <span class=\"screen-reader-text\">Le but de foot<\/span> <span class=\"meta-nav\">&rarr;<\/span><\/a><\/p>\n","protected":false},"author":1,"featured_media":0,"parent":350,"menu_order":0,"comment_status":"open","ping_status":"open","template":"","meta":{"footnotes":""},"class_list":["post-344","page","type-page","status-publish","hentry"],"yoast_head":"<!-- This site is optimized with the Yoast SEO plugin v27.2 - https:\/\/yoast.com\/product\/yoast-seo-wordpress\/ -->\n<title>Le but de foot -<\/title>\n<meta name=\"robots\" content=\"index, follow, max-snippet:-1, max-image-preview:large, max-video-preview:-1\" \/>\n<link rel=\"canonical\" href=\"http:\/\/arwann.com\/?page_id=344\" \/>\n<meta property=\"og:locale\" content=\"fr_FR\" \/>\n<meta property=\"og:type\" content=\"article\" \/>\n<meta property=\"og:title\" content=\"Le but de foot -\" \/>\n<meta property=\"og:description\" content=\"Par Wapiti. Le coin des scouts -&gt; Bivouac Souvent lorsque les scouts partent camper ils ne connaissent que deux solutions : prendre uniquement le double toit pour ne pas se charger mais risquer d&rsquo;avoir froid en bivouac ou alors prendre la tente compl\u00e8te pour \u00eatre mieux prot\u00e9g\u00e9 mais c&rsquo;est bien lourd sur le sac \u00e0 &hellip; Continuer la lecture de Le but de foot &rarr;\" \/>\n<meta property=\"og:url\" content=\"http:\/\/arwann.com\/?page_id=344\" \/>\n<meta property=\"article:modified_time\" content=\"2015-05-08T09:54:22+00:00\" \/>\n<meta property=\"og:image\" content=\"http:\/\/arwann.com\/wp-content\/uploads\/2014\/04\/bouton-scout.png\" \/>\n<meta name=\"twitter:label1\" content=\"Dur\u00e9e de lecture estim\u00e9e\" \/>\n\t<meta name=\"twitter:data1\" content=\"5 minutes\" \/>\n<script type=\"application\/ld+json\" class=\"yoast-schema-graph\">{\"@context\":\"https:\/\/schema.org\",\"@graph\":[{\"@type\":\"WebPage\",\"@id\":\"http:\/\/arwann.com\/?page_id=344\",\"url\":\"http:\/\/arwann.com\/?page_id=344\",\"name\":\"Le but de foot -\",\"isPartOf\":{\"@id\":\"http:\/\/arwann.com\/#website\"},\"primaryImageOfPage\":{\"@id\":\"http:\/\/arwann.com\/?page_id=344#primaryimage\"},\"image\":{\"@id\":\"http:\/\/arwann.com\/?page_id=344#primaryimage\"},\"thumbnailUrl\":\"http:\/\/arwann.com\/wp-content\/uploads\/2014\/04\/bouton-scout.png\",\"datePublished\":\"2014-04-03T15:22:59+00:00\",\"dateModified\":\"2015-05-08T09:54:22+00:00\",\"breadcrumb\":{\"@id\":\"http:\/\/arwann.com\/?page_id=344#breadcrumb\"},\"inLanguage\":\"fr-FR\",\"potentialAction\":[{\"@type\":\"ReadAction\",\"target\":[\"http:\/\/arwann.com\/?page_id=344\"]}]},{\"@type\":\"ImageObject\",\"inLanguage\":\"fr-FR\",\"@id\":\"http:\/\/arwann.com\/?page_id=344#primaryimage\",\"url\":\"http:\/\/arwann.com\/wp-content\/uploads\/2014\/04\/bouton-scout.png\",\"contentUrl\":\"http:\/\/arwann.com\/wp-content\/uploads\/2014\/04\/bouton-scout.png\",\"width\":400,\"height\":400},{\"@type\":\"BreadcrumbList\",\"@id\":\"http:\/\/arwann.com\/?page_id=344#breadcrumb\",\"itemListElement\":[{\"@type\":\"ListItem\",\"position\":1,\"name\":\"Home\",\"item\":\"https:\/\/arwann.com\/\"},{\"@type\":\"ListItem\",\"position\":2,\"name\":\"Le coin des Scouts\",\"item\":\"http:\/\/arwann.com\/?page_id=29\"},{\"@type\":\"ListItem\",\"position\":3,\"name\":\"Bivouac\",\"item\":\"http:\/\/arwann.com\/?page_id=350\"},{\"@type\":\"ListItem\",\"position\":4,\"name\":\"Le but de foot\"}]},{\"@type\":\"WebSite\",\"@id\":\"http:\/\/arwann.com\/#website\",\"url\":\"http:\/\/arwann.com\/\",\"name\":\"Arwann.com\",\"description\":\"\",\"publisher\":{\"@id\":\"http:\/\/arwann.com\/#organization\"},\"potentialAction\":[{\"@type\":\"SearchAction\",\"target\":{\"@type\":\"EntryPoint\",\"urlTemplate\":\"http:\/\/arwann.com\/?s={search_term_string}\"},\"query-input\":{\"@type\":\"PropertyValueSpecification\",\"valueRequired\":true,\"valueName\":\"search_term_string\"}}],\"inLanguage\":\"fr-FR\"},{\"@type\":\"Organization\",\"@id\":\"http:\/\/arwann.com\/#organization\",\"name\":\"Arwann\",\"url\":\"http:\/\/arwann.com\/\",\"logo\":{\"@type\":\"ImageObject\",\"inLanguage\":\"fr-FR\",\"@id\":\"http:\/\/arwann.com\/#\/schema\/logo\/image\/\",\"url\":\"http:\/\/arwann.com\/wp-content\/uploads\/2014\/04\/cropped-bandeau-arwann-5.png\",\"contentUrl\":\"http:\/\/arwann.com\/wp-content\/uploads\/2014\/04\/cropped-bandeau-arwann-5.png\",\"width\":1600,\"height\":230,\"caption\":\"Arwann\"},\"image\":{\"@id\":\"http:\/\/arwann.com\/#\/schema\/logo\/image\/\"}}]}<\/script>\n<!-- \/ Yoast SEO plugin. -->","yoast_head_json":{"title":"Le but de foot -","robots":{"index":"index","follow":"follow","max-snippet":"max-snippet:-1","max-image-preview":"max-image-preview:large","max-video-preview":"max-video-preview:-1"},"canonical":"http:\/\/arwann.com\/?page_id=344","og_locale":"fr_FR","og_type":"article","og_title":"Le but de foot -","og_description":"Par Wapiti. Le coin des scouts -&gt; Bivouac Souvent lorsque les scouts partent camper ils ne connaissent que deux solutions : prendre uniquement le double toit pour ne pas se charger mais risquer d&rsquo;avoir froid en bivouac ou alors prendre la tente compl\u00e8te pour \u00eatre mieux prot\u00e9g\u00e9 mais c&rsquo;est bien lourd sur le sac \u00e0 &hellip; Continuer la lecture de Le but de foot &rarr;","og_url":"http:\/\/arwann.com\/?page_id=344","article_modified_time":"2015-05-08T09:54:22+00:00","og_image":[{"url":"http:\/\/arwann.com\/wp-content\/uploads\/2014\/04\/bouton-scout.png","type":"","width":"","height":""}],"twitter_misc":{"Dur\u00e9e de lecture estim\u00e9e":"5 minutes"},"schema":{"@context":"https:\/\/schema.org","@graph":[{"@type":"WebPage","@id":"http:\/\/arwann.com\/?page_id=344","url":"http:\/\/arwann.com\/?page_id=344","name":"Le but de foot -","isPartOf":{"@id":"http:\/\/arwann.com\/#website"},"primaryImageOfPage":{"@id":"http:\/\/arwann.com\/?page_id=344#primaryimage"},"image":{"@id":"http:\/\/arwann.com\/?page_id=344#primaryimage"},"thumbnailUrl":"http:\/\/arwann.com\/wp-content\/uploads\/2014\/04\/bouton-scout.png","datePublished":"2014-04-03T15:22:59+00:00","dateModified":"2015-05-08T09:54:22+00:00","breadcrumb":{"@id":"http:\/\/arwann.com\/?page_id=344#breadcrumb"},"inLanguage":"fr-FR","potentialAction":[{"@type":"ReadAction","target":["http:\/\/arwann.com\/?page_id=344"]}]},{"@type":"ImageObject","inLanguage":"fr-FR","@id":"http:\/\/arwann.com\/?page_id=344#primaryimage","url":"http:\/\/arwann.com\/wp-content\/uploads\/2014\/04\/bouton-scout.png","contentUrl":"http:\/\/arwann.com\/wp-content\/uploads\/2014\/04\/bouton-scout.png","width":400,"height":400},{"@type":"BreadcrumbList","@id":"http:\/\/arwann.com\/?page_id=344#breadcrumb","itemListElement":[{"@type":"ListItem","position":1,"name":"Home","item":"https:\/\/arwann.com\/"},{"@type":"ListItem","position":2,"name":"Le coin des Scouts","item":"http:\/\/arwann.com\/?page_id=29"},{"@type":"ListItem","position":3,"name":"Bivouac","item":"http:\/\/arwann.com\/?page_id=350"},{"@type":"ListItem","position":4,"name":"Le but de foot"}]},{"@type":"WebSite","@id":"http:\/\/arwann.com\/#website","url":"http:\/\/arwann.com\/","name":"Arwann.com","description":"","publisher":{"@id":"http:\/\/arwann.com\/#organization"},"potentialAction":[{"@type":"SearchAction","target":{"@type":"EntryPoint","urlTemplate":"http:\/\/arwann.com\/?s={search_term_string}"},"query-input":{"@type":"PropertyValueSpecification","valueRequired":true,"valueName":"search_term_string"}}],"inLanguage":"fr-FR"},{"@type":"Organization","@id":"http:\/\/arwann.com\/#organization","name":"Arwann","url":"http:\/\/arwann.com\/","logo":{"@type":"ImageObject","inLanguage":"fr-FR","@id":"http:\/\/arwann.com\/#\/schema\/logo\/image\/","url":"http:\/\/arwann.com\/wp-content\/uploads\/2014\/04\/cropped-bandeau-arwann-5.png","contentUrl":"http:\/\/arwann.com\/wp-content\/uploads\/2014\/04\/cropped-bandeau-arwann-5.png","width":1600,"height":230,"caption":"Arwann"},"image":{"@id":"http:\/\/arwann.com\/#\/schema\/logo\/image\/"}}]}},"_links":{"self":[{"href":"http:\/\/arwann.com\/index.php?rest_route=\/wp\/v2\/pages\/344","targetHints":{"allow":["GET"]}}],"collection":[{"href":"http:\/\/arwann.com\/index.php?rest_route=\/wp\/v2\/pages"}],"about":[{"href":"http:\/\/arwann.com\/index.php?rest_route=\/wp\/v2\/types\/page"}],"author":[{"embeddable":true,"href":"http:\/\/arwann.com\/index.php?rest_route=\/wp\/v2\/users\/1"}],"replies":[{"embeddable":true,"href":"http:\/\/arwann.com\/index.php?rest_route=%2Fwp%2Fv2%2Fcomments&post=344"}],"version-history":[{"count":11,"href":"http:\/\/arwann.com\/index.php?rest_route=\/wp\/v2\/pages\/344\/revisions"}],"predecessor-version":[{"id":2729,"href":"http:\/\/arwann.com\/index.php?rest_route=\/wp\/v2\/pages\/344\/revisions\/2729"}],"up":[{"embeddable":true,"href":"http:\/\/arwann.com\/index.php?rest_route=\/wp\/v2\/pages\/350"}],"wp:attachment":[{"href":"http:\/\/arwann.com\/index.php?rest_route=%2Fwp%2Fv2%2Fmedia&parent=344"}],"curies":[{"name":"wp","href":"https:\/\/api.w.org\/{rel}","templated":true}]}}