{"id":3412,"date":"2018-11-23T16:08:40","date_gmt":"2018-11-23T15:08:40","guid":{"rendered":"http:\/\/arwann.com\/?page_id=3412"},"modified":"2018-11-23T16:08:40","modified_gmt":"2018-11-23T15:08:40","slug":"the-high-patrol","status":"publish","type":"page","link":"http:\/\/arwann.com\/?page_id=3412&lang=en","title":{"rendered":"The High Patrol"},"content":{"rendered":"<p><a href=\"http:\/\/arwann.com\/?page_id=31\"><img loading=\"lazy\" decoding=\"async\" class=\"alignright wp-image-891\" src=\"http:\/\/arwann.com\/wp-content\/uploads\/2014\/04\/Bouton-HP.png\" alt=\"Bouton HP\" width=\"200\" height=\"200\" srcset=\"http:\/\/arwann.com\/wp-content\/uploads\/2014\/04\/Bouton-HP.png 400w, http:\/\/arwann.com\/wp-content\/uploads\/2014\/04\/Bouton-HP-200x200.png 200w, http:\/\/arwann.com\/wp-content\/uploads\/2014\/04\/Bouton-HP-100x100.png 100w, http:\/\/arwann.com\/wp-content\/uploads\/2014\/04\/Bouton-HP-300x300.png 300w, http:\/\/arwann.com\/wp-content\/uploads\/2014\/04\/Bouton-HP-150x150.png 150w\" sizes=\"auto, (max-width: 200px) 100vw, 200px\" \/><\/a>\u00a0<a title=\"Camper en patrouille\" href=\"http:\/\/arwann.com\/?page_id=1177\">Camper en patrouille<br \/>\n<\/a>Les activit\u00e9s durant l&rsquo;ann\u00e9e<br \/>\nMonter une patrouille<br \/>\n<a title=\"Construire un radeau\" href=\"http:\/\/arwann.com\/?page_id=1573\">Construire un radeau<br \/>\n<\/a>Le camp et sa pr\u00e9paration<br \/>\n<a title=\"Gagner de l\u2019argent\" href=\"http:\/\/arwann.com\/?page_id=1901\">Gagner de l&rsquo;argent<br \/>\n<\/a><a href=\"http:\/\/arwann.com\/?page_id=3342\">Une chemin\u00e9e au camp<\/a><\/p>\n<p>&nbsp;<\/p>\n","protected":false},"excerpt":{"rendered":"<p>\u00a0Camper en patrouille Les activit\u00e9s durant l&rsquo;ann\u00e9e Monter une patrouille Construire un radeau Le camp et sa pr\u00e9paration Gagner de l&rsquo;argent Une chemin\u00e9e au camp &nbsp;<\/p>\n","protected":false},"author":1,"featured_media":0,"parent":0,"menu_order":0,"comment_status":"closed","ping_status":"closed","template":"","meta":{"footnotes":""},"class_list":["post-3412","page","type-page","status-publish","hentry"],"yoast_head":"<!-- This site is optimized with the Yoast SEO plugin v27.2 - https:\/\/yoast.com\/product\/yoast-seo-wordpress\/ -->\n<title>The High Patrol -<\/title>\n<meta name=\"robots\" content=\"index, follow, max-snippet:-1, max-image-preview:large, max-video-preview:-1\" \/>\n<link rel=\"canonical\" href=\"http:\/\/arwann.com\/?page_id=3412&lang=en\" \/>\n<meta property=\"og:locale\" content=\"fr_FR\" \/>\n<meta property=\"og:type\" content=\"article\" \/>\n<meta property=\"og:title\" content=\"The High Patrol -\" \/>\n<meta property=\"og:description\" content=\"\u00a0Camper en patrouille Les activit\u00e9s durant l&rsquo;ann\u00e9e Monter une patrouille Construire un radeau Le camp et sa pr\u00e9paration Gagner de l&rsquo;argent Une chemin\u00e9e au camp &nbsp;\" \/>\n<meta property=\"og:url\" content=\"http:\/\/arwann.com\/?page_id=3412&amp;lang=en\" \/>\n<meta property=\"og:image\" content=\"http:\/\/arwann.com\/wp-content\/uploads\/2014\/04\/Bouton-HP.png\" \/>\n<script type=\"application\/ld+json\" class=\"yoast-schema-graph\">{\"@context\":\"https:\/\/schema.org\",\"@graph\":[{\"@type\":\"WebPage\",\"@id\":\"http:\/\/arwann.com\/?page_id=3412&lang=en\",\"url\":\"http:\/\/arwann.com\/?page_id=3412&lang=en\",\"name\":\"The High Patrol -\",\"isPartOf\":{\"@id\":\"http:\/\/arwann.com\/#website\"},\"primaryImageOfPage\":{\"@id\":\"http:\/\/arwann.com\/?page_id=3412&lang=en#primaryimage\"},\"image\":{\"@id\":\"http:\/\/arwann.com\/?page_id=3412&lang=en#primaryimage\"},\"thumbnailUrl\":\"http:\/\/arwann.com\/wp-content\/uploads\/2014\/04\/Bouton-HP.png\",\"datePublished\":\"2018-11-23T15:08:40+00:00\",\"breadcrumb\":{\"@id\":\"http:\/\/arwann.com\/?page_id=3412&lang=en#breadcrumb\"},\"inLanguage\":\"fr-FR\",\"potentialAction\":[{\"@type\":\"ReadAction\",\"target\":[\"http:\/\/arwann.com\/?page_id=3412&lang=en\"]}]},{\"@type\":\"ImageObject\",\"inLanguage\":\"fr-FR\",\"@id\":\"http:\/\/arwann.com\/?page_id=3412&lang=en#primaryimage\",\"url\":\"http:\/\/arwann.com\/wp-content\/uploads\/2014\/04\/Bouton-HP.png\",\"contentUrl\":\"http:\/\/arwann.com\/wp-content\/uploads\/2014\/04\/Bouton-HP.png\",\"width\":400,\"height\":400},{\"@type\":\"BreadcrumbList\",\"@id\":\"http:\/\/arwann.com\/?page_id=3412&lang=en#breadcrumb\",\"itemListElement\":[{\"@type\":\"ListItem\",\"position\":1,\"name\":\"Home\",\"item\":\"http:\/\/arwann.com\/\"},{\"@type\":\"ListItem\",\"position\":2,\"name\":\"The High Patrol\"}]},{\"@type\":\"WebSite\",\"@id\":\"http:\/\/arwann.com\/#website\",\"url\":\"http:\/\/arwann.com\/\",\"name\":\"Arwann.com\",\"description\":\"\",\"publisher\":{\"@id\":\"http:\/\/arwann.com\/#organization\"},\"potentialAction\":[{\"@type\":\"SearchAction\",\"target\":{\"@type\":\"EntryPoint\",\"urlTemplate\":\"http:\/\/arwann.com\/?s={search_term_string}\"},\"query-input\":{\"@type\":\"PropertyValueSpecification\",\"valueRequired\":true,\"valueName\":\"search_term_string\"}}],\"inLanguage\":\"fr-FR\"},{\"@type\":\"Organization\",\"@id\":\"http:\/\/arwann.com\/#organization\",\"name\":\"Arwann\",\"url\":\"http:\/\/arwann.com\/\",\"logo\":{\"@type\":\"ImageObject\",\"inLanguage\":\"fr-FR\",\"@id\":\"http:\/\/arwann.com\/#\/schema\/logo\/image\/\",\"url\":\"http:\/\/arwann.com\/wp-content\/uploads\/2014\/04\/cropped-bandeau-arwann-5.png\",\"contentUrl\":\"http:\/\/arwann.com\/wp-content\/uploads\/2014\/04\/cropped-bandeau-arwann-5.png\",\"width\":1600,\"height\":230,\"caption\":\"Arwann\"},\"image\":{\"@id\":\"http:\/\/arwann.com\/#\/schema\/logo\/image\/\"}}]}<\/script>\n<!-- \/ Yoast SEO plugin. -->","yoast_head_json":{"title":"The High Patrol -","robots":{"index":"index","follow":"follow","max-snippet":"max-snippet:-1","max-image-preview":"max-image-preview:large","max-video-preview":"max-video-preview:-1"},"canonical":"http:\/\/arwann.com\/?page_id=3412&lang=en","og_locale":"fr_FR","og_type":"article","og_title":"The High Patrol -","og_description":"\u00a0Camper en patrouille Les activit\u00e9s durant l&rsquo;ann\u00e9e Monter une patrouille Construire un radeau Le camp et sa pr\u00e9paration Gagner de l&rsquo;argent Une chemin\u00e9e au camp &nbsp;","og_url":"http:\/\/arwann.com\/?page_id=3412&lang=en","og_image":[{"url":"http:\/\/arwann.com\/wp-content\/uploads\/2014\/04\/Bouton-HP.png","type":"","width":"","height":""}],"schema":{"@context":"https:\/\/schema.org","@graph":[{"@type":"WebPage","@id":"http:\/\/arwann.com\/?page_id=3412&lang=en","url":"http:\/\/arwann.com\/?page_id=3412&lang=en","name":"The High Patrol -","isPartOf":{"@id":"http:\/\/arwann.com\/#website"},"primaryImageOfPage":{"@id":"http:\/\/arwann.com\/?page_id=3412&lang=en#primaryimage"},"image":{"@id":"http:\/\/arwann.com\/?page_id=3412&lang=en#primaryimage"},"thumbnailUrl":"http:\/\/arwann.com\/wp-content\/uploads\/2014\/04\/Bouton-HP.png","datePublished":"2018-11-23T15:08:40+00:00","breadcrumb":{"@id":"http:\/\/arwann.com\/?page_id=3412&lang=en#breadcrumb"},"inLanguage":"fr-FR","potentialAction":[{"@type":"ReadAction","target":["http:\/\/arwann.com\/?page_id=3412&lang=en"]}]},{"@type":"ImageObject","inLanguage":"fr-FR","@id":"http:\/\/arwann.com\/?page_id=3412&lang=en#primaryimage","url":"http:\/\/arwann.com\/wp-content\/uploads\/2014\/04\/Bouton-HP.png","contentUrl":"http:\/\/arwann.com\/wp-content\/uploads\/2014\/04\/Bouton-HP.png","width":400,"height":400},{"@type":"BreadcrumbList","@id":"http:\/\/arwann.com\/?page_id=3412&lang=en#breadcrumb","itemListElement":[{"@type":"ListItem","position":1,"name":"Home","item":"http:\/\/arwann.com\/"},{"@type":"ListItem","position":2,"name":"The High Patrol"}]},{"@type":"WebSite","@id":"http:\/\/arwann.com\/#website","url":"http:\/\/arwann.com\/","name":"Arwann.com","description":"","publisher":{"@id":"http:\/\/arwann.com\/#organization"},"potentialAction":[{"@type":"SearchAction","target":{"@type":"EntryPoint","urlTemplate":"http:\/\/arwann.com\/?s={search_term_string}"},"query-input":{"@type":"PropertyValueSpecification","valueRequired":true,"valueName":"search_term_string"}}],"inLanguage":"fr-FR"},{"@type":"Organization","@id":"http:\/\/arwann.com\/#organization","name":"Arwann","url":"http:\/\/arwann.com\/","logo":{"@type":"ImageObject","inLanguage":"fr-FR","@id":"http:\/\/arwann.com\/#\/schema\/logo\/image\/","url":"http:\/\/arwann.com\/wp-content\/uploads\/2014\/04\/cropped-bandeau-arwann-5.png","contentUrl":"http:\/\/arwann.com\/wp-content\/uploads\/2014\/04\/cropped-bandeau-arwann-5.png","width":1600,"height":230,"caption":"Arwann"},"image":{"@id":"http:\/\/arwann.com\/#\/schema\/logo\/image\/"}}]}},"_links":{"self":[{"href":"http:\/\/arwann.com\/index.php?rest_route=\/wp\/v2\/pages\/3412","targetHints":{"allow":["GET"]}}],"collection":[{"href":"http:\/\/arwann.com\/index.php?rest_route=\/wp\/v2\/pages"}],"about":[{"href":"http:\/\/arwann.com\/index.php?rest_route=\/wp\/v2\/types\/page"}],"author":[{"embeddable":true,"href":"http:\/\/arwann.com\/index.php?rest_route=\/wp\/v2\/users\/1"}],"replies":[{"embeddable":true,"href":"http:\/\/arwann.com\/index.php?rest_route=%2Fwp%2Fv2%2Fcomments&post=3412"}],"version-history":[{"count":1,"href":"http:\/\/arwann.com\/index.php?rest_route=\/wp\/v2\/pages\/3412\/revisions"}],"predecessor-version":[{"id":3413,"href":"http:\/\/arwann.com\/index.php?rest_route=\/wp\/v2\/pages\/3412\/revisions\/3413"}],"wp:attachment":[{"href":"http:\/\/arwann.com\/index.php?rest_route=%2Fwp%2Fv2%2Fmedia&parent=3412"}],"curies":[{"name":"wp","href":"https:\/\/api.w.org\/{rel}","templated":true}]}}