{"id":3142,"date":"2017-04-08T08:25:58","date_gmt":"2017-04-08T07:25:58","guid":{"rendered":"http:\/\/arwann.com\/?page_id=3142"},"modified":"2017-04-08T09:54:28","modified_gmt":"2017-04-08T08:54:28","slug":"voyez-o-dame","status":"publish","type":"page","link":"http:\/\/arwann.com\/?page_id=3142","title":{"rendered":"Voyez, \u00f4 Notre Dame"},"content":{"rendered":"<p>Chant\u00e9 par : Loutre, P\u00e9cari, Rainette, flamant Rose, Siamois, Ocelot<\/p>\n<audio class=\"wp-audio-shortcode\" id=\"audio-3142-1\" preload=\"none\" style=\"width: 100%;\" controls=\"controls\"><source type=\"audio\/mpeg\" src=\"http:\/\/arwann.com\/wp-content\/uploads\/2014\/04\/Voyez-\u00f4-Notre-Dame.m4a?_=1\" \/><a href=\"http:\/\/arwann.com\/wp-content\/uploads\/2014\/04\/Voyez-\u00f4-Notre-Dame.m4a\">http:\/\/arwann.com\/wp-content\/uploads\/2014\/04\/Voyez-\u00f4-Notre-Dame.m4a<\/a><\/audio>\n<p>&nbsp;<\/p>\n<p>Voyez, \u00f4 Notre-Dame<br \/>\nVos enfants devant vous<br \/>\nIIs viennent vous prier, Gratia plena<br \/>\nVous les \u00e9couterez, Mater alma.<\/p>\n<p>Ils voudraient que leur \u00e2me<br \/>\nF\u00fbt toujours belle pour vous<br \/>\nEt leur vie \u00e0 vos yeux, Gratia plena<br \/>\nComme un reflet de Dieu, Mater alma.<\/p>\n<p>O vous, l\u2019amour immense<br \/>\nRendez leur c\u0153ur plus grand<br \/>\nEt d\u2019amour d\u00e9bordant, Gratia plena<br \/>\nPuis \u00e9levez-le vers nous, Mater alma.<\/p>\n<p>Prenez les Scouts de France<br \/>\nDans vos bras grands ouverts<br \/>\nPendant les durs hivers, gratia Plena<br \/>\nBercez-les sur vos genoux, Mater alma.<\/p>\n<p>Accordez-leur la gr\u00e2ce<br \/>\nD\u2019\u00eatre pr\u00eat maintenant<br \/>\nPour, leur service achev\u00e9, Gratia plena<br \/>\nAimer \u00e9ternellement, Mater alma.<\/p>\n","protected":false},"excerpt":{"rendered":"<p>Chant\u00e9 par : Loutre, P\u00e9cari, Rainette, flamant Rose, Siamois, Ocelot &nbsp; Voyez, \u00f4 Notre-Dame Vos enfants devant vous IIs viennent vous prier, Gratia plena Vous les \u00e9couterez, Mater alma. Ils voudraient que leur \u00e2me F\u00fbt toujours belle pour vous Et leur vie \u00e0 vos yeux, Gratia plena Comme un reflet de Dieu, Mater alma. O &hellip; <a href=\"http:\/\/arwann.com\/?page_id=3142\" class=\"more-link\">Continuer la lecture de <span class=\"screen-reader-text\">Voyez, \u00f4 Notre Dame<\/span> <span class=\"meta-nav\">&rarr;<\/span><\/a><\/p>\n","protected":false},"author":1,"featured_media":0,"parent":421,"menu_order":0,"comment_status":"closed","ping_status":"closed","template":"","meta":{"footnotes":""},"class_list":["post-3142","page","type-page","status-publish","hentry"],"yoast_head":"<!-- This site is optimized with the Yoast SEO plugin v27.2 - https:\/\/yoast.com\/product\/yoast-seo-wordpress\/ -->\n<title>Voyez, \u00f4 Notre Dame -<\/title>\n<meta name=\"robots\" content=\"index, follow, max-snippet:-1, max-image-preview:large, max-video-preview:-1\" \/>\n<link rel=\"canonical\" href=\"http:\/\/arwann.com\/?page_id=3142\" \/>\n<meta property=\"og:locale\" content=\"fr_FR\" \/>\n<meta property=\"og:type\" content=\"article\" \/>\n<meta property=\"og:title\" content=\"Voyez, \u00f4 Notre Dame -\" \/>\n<meta property=\"og:description\" content=\"Chant\u00e9 par : Loutre, P\u00e9cari, Rainette, flamant Rose, Siamois, Ocelot &nbsp; Voyez, \u00f4 Notre-Dame Vos enfants devant vous IIs viennent vous prier, Gratia plena Vous les \u00e9couterez, Mater alma. Ils voudraient que leur \u00e2me F\u00fbt toujours belle pour vous Et leur vie \u00e0 vos yeux, Gratia plena Comme un reflet de Dieu, Mater alma. O &hellip; Continuer la lecture de Voyez, \u00f4 Notre Dame &rarr;\" \/>\n<meta property=\"og:url\" content=\"http:\/\/arwann.com\/?page_id=3142\" \/>\n<meta property=\"article:modified_time\" content=\"2017-04-08T08:54:28+00:00\" \/>\n<meta name=\"twitter:label1\" content=\"Dur\u00e9e de lecture estim\u00e9e\" \/>\n\t<meta name=\"twitter:data1\" content=\"1 minute\" \/>\n<script type=\"application\/ld+json\" class=\"yoast-schema-graph\">{\"@context\":\"https:\/\/schema.org\",\"@graph\":[{\"@type\":\"WebPage\",\"@id\":\"http:\/\/arwann.com\/?page_id=3142\",\"url\":\"http:\/\/arwann.com\/?page_id=3142\",\"name\":\"Voyez, \u00f4 Notre Dame -\",\"isPartOf\":{\"@id\":\"http:\/\/arwann.com\/#website\"},\"datePublished\":\"2017-04-08T07:25:58+00:00\",\"dateModified\":\"2017-04-08T08:54:28+00:00\",\"breadcrumb\":{\"@id\":\"http:\/\/arwann.com\/?page_id=3142#breadcrumb\"},\"inLanguage\":\"fr-FR\",\"potentialAction\":[{\"@type\":\"ReadAction\",\"target\":[\"http:\/\/arwann.com\/?page_id=3142\"]}]},{\"@type\":\"BreadcrumbList\",\"@id\":\"http:\/\/arwann.com\/?page_id=3142#breadcrumb\",\"itemListElement\":[{\"@type\":\"ListItem\",\"position\":1,\"name\":\"Home\",\"item\":\"https:\/\/arwann.com\/\"},{\"@type\":\"ListItem\",\"position\":2,\"name\":\"Le coin des Scouts\",\"item\":\"http:\/\/arwann.com\/?page_id=29\"},{\"@type\":\"ListItem\",\"position\":3,\"name\":\"Veill\u00e9es\",\"item\":\"http:\/\/arwann.com\/?page_id=273\"},{\"@type\":\"ListItem\",\"position\":4,\"name\":\"Chants\",\"item\":\"http:\/\/arwann.com\/?page_id=276\"},{\"@type\":\"ListItem\",\"position\":5,\"name\":\"Chants religieux\",\"item\":\"http:\/\/arwann.com\/?page_id=421\"},{\"@type\":\"ListItem\",\"position\":6,\"name\":\"Voyez, \u00f4 Notre Dame\"}]},{\"@type\":\"WebSite\",\"@id\":\"http:\/\/arwann.com\/#website\",\"url\":\"http:\/\/arwann.com\/\",\"name\":\"Arwann.com\",\"description\":\"\",\"publisher\":{\"@id\":\"http:\/\/arwann.com\/#organization\"},\"potentialAction\":[{\"@type\":\"SearchAction\",\"target\":{\"@type\":\"EntryPoint\",\"urlTemplate\":\"http:\/\/arwann.com\/?s={search_term_string}\"},\"query-input\":{\"@type\":\"PropertyValueSpecification\",\"valueRequired\":true,\"valueName\":\"search_term_string\"}}],\"inLanguage\":\"fr-FR\"},{\"@type\":\"Organization\",\"@id\":\"http:\/\/arwann.com\/#organization\",\"name\":\"Arwann\",\"url\":\"http:\/\/arwann.com\/\",\"logo\":{\"@type\":\"ImageObject\",\"inLanguage\":\"fr-FR\",\"@id\":\"http:\/\/arwann.com\/#\/schema\/logo\/image\/\",\"url\":\"http:\/\/arwann.com\/wp-content\/uploads\/2014\/04\/cropped-bandeau-arwann-5.png\",\"contentUrl\":\"http:\/\/arwann.com\/wp-content\/uploads\/2014\/04\/cropped-bandeau-arwann-5.png\",\"width\":1600,\"height\":230,\"caption\":\"Arwann\"},\"image\":{\"@id\":\"http:\/\/arwann.com\/#\/schema\/logo\/image\/\"}}]}<\/script>\n<!-- \/ Yoast SEO plugin. -->","yoast_head_json":{"title":"Voyez, \u00f4 Notre Dame -","robots":{"index":"index","follow":"follow","max-snippet":"max-snippet:-1","max-image-preview":"max-image-preview:large","max-video-preview":"max-video-preview:-1"},"canonical":"http:\/\/arwann.com\/?page_id=3142","og_locale":"fr_FR","og_type":"article","og_title":"Voyez, \u00f4 Notre Dame -","og_description":"Chant\u00e9 par : Loutre, P\u00e9cari, Rainette, flamant Rose, Siamois, Ocelot &nbsp; Voyez, \u00f4 Notre-Dame Vos enfants devant vous IIs viennent vous prier, Gratia plena Vous les \u00e9couterez, Mater alma. Ils voudraient que leur \u00e2me F\u00fbt toujours belle pour vous Et leur vie \u00e0 vos yeux, Gratia plena Comme un reflet de Dieu, Mater alma. O &hellip; Continuer la lecture de Voyez, \u00f4 Notre Dame &rarr;","og_url":"http:\/\/arwann.com\/?page_id=3142","article_modified_time":"2017-04-08T08:54:28+00:00","twitter_misc":{"Dur\u00e9e de lecture estim\u00e9e":"1 minute"},"schema":{"@context":"https:\/\/schema.org","@graph":[{"@type":"WebPage","@id":"http:\/\/arwann.com\/?page_id=3142","url":"http:\/\/arwann.com\/?page_id=3142","name":"Voyez, \u00f4 Notre Dame -","isPartOf":{"@id":"http:\/\/arwann.com\/#website"},"datePublished":"2017-04-08T07:25:58+00:00","dateModified":"2017-04-08T08:54:28+00:00","breadcrumb":{"@id":"http:\/\/arwann.com\/?page_id=3142#breadcrumb"},"inLanguage":"fr-FR","potentialAction":[{"@type":"ReadAction","target":["http:\/\/arwann.com\/?page_id=3142"]}]},{"@type":"BreadcrumbList","@id":"http:\/\/arwann.com\/?page_id=3142#breadcrumb","itemListElement":[{"@type":"ListItem","position":1,"name":"Home","item":"https:\/\/arwann.com\/"},{"@type":"ListItem","position":2,"name":"Le coin des Scouts","item":"http:\/\/arwann.com\/?page_id=29"},{"@type":"ListItem","position":3,"name":"Veill\u00e9es","item":"http:\/\/arwann.com\/?page_id=273"},{"@type":"ListItem","position":4,"name":"Chants","item":"http:\/\/arwann.com\/?page_id=276"},{"@type":"ListItem","position":5,"name":"Chants religieux","item":"http:\/\/arwann.com\/?page_id=421"},{"@type":"ListItem","position":6,"name":"Voyez, \u00f4 Notre Dame"}]},{"@type":"WebSite","@id":"http:\/\/arwann.com\/#website","url":"http:\/\/arwann.com\/","name":"Arwann.com","description":"","publisher":{"@id":"http:\/\/arwann.com\/#organization"},"potentialAction":[{"@type":"SearchAction","target":{"@type":"EntryPoint","urlTemplate":"http:\/\/arwann.com\/?s={search_term_string}"},"query-input":{"@type":"PropertyValueSpecification","valueRequired":true,"valueName":"search_term_string"}}],"inLanguage":"fr-FR"},{"@type":"Organization","@id":"http:\/\/arwann.com\/#organization","name":"Arwann","url":"http:\/\/arwann.com\/","logo":{"@type":"ImageObject","inLanguage":"fr-FR","@id":"http:\/\/arwann.com\/#\/schema\/logo\/image\/","url":"http:\/\/arwann.com\/wp-content\/uploads\/2014\/04\/cropped-bandeau-arwann-5.png","contentUrl":"http:\/\/arwann.com\/wp-content\/uploads\/2014\/04\/cropped-bandeau-arwann-5.png","width":1600,"height":230,"caption":"Arwann"},"image":{"@id":"http:\/\/arwann.com\/#\/schema\/logo\/image\/"}}]}},"_links":{"self":[{"href":"http:\/\/arwann.com\/index.php?rest_route=\/wp\/v2\/pages\/3142","targetHints":{"allow":["GET"]}}],"collection":[{"href":"http:\/\/arwann.com\/index.php?rest_route=\/wp\/v2\/pages"}],"about":[{"href":"http:\/\/arwann.com\/index.php?rest_route=\/wp\/v2\/types\/page"}],"author":[{"embeddable":true,"href":"http:\/\/arwann.com\/index.php?rest_route=\/wp\/v2\/users\/1"}],"replies":[{"embeddable":true,"href":"http:\/\/arwann.com\/index.php?rest_route=%2Fwp%2Fv2%2Fcomments&post=3142"}],"version-history":[{"count":3,"href":"http:\/\/arwann.com\/index.php?rest_route=\/wp\/v2\/pages\/3142\/revisions"}],"predecessor-version":[{"id":3166,"href":"http:\/\/arwann.com\/index.php?rest_route=\/wp\/v2\/pages\/3142\/revisions\/3166"}],"up":[{"embeddable":true,"href":"http:\/\/arwann.com\/index.php?rest_route=\/wp\/v2\/pages\/421"}],"wp:attachment":[{"href":"http:\/\/arwann.com\/index.php?rest_route=%2Fwp%2Fv2%2Fmedia&parent=3142"}],"curies":[{"name":"wp","href":"https:\/\/api.w.org\/{rel}","templated":true}]}}