{"id":3136,"date":"2017-04-08T08:19:51","date_gmt":"2017-04-08T07:19:51","guid":{"rendered":"http:\/\/arwann.com\/?page_id=3136"},"modified":"2017-04-08T10:35:59","modified_gmt":"2017-04-08T09:35:59","slug":"letranger","status":"publish","type":"page","link":"http:\/\/arwann.com\/?page_id=3136","title":{"rendered":"L&rsquo;\u00e9tranger"},"content":{"rendered":"<p>Chant\u00e9 par : Loutre, P\u00e9cari, Rainette, Ocelot, Siamois, Flamant Rose<\/p>\n<audio class=\"wp-audio-shortcode\" id=\"audio-3136-1\" preload=\"none\" style=\"width: 100%;\" controls=\"controls\"><source type=\"audio\/mpeg\" src=\"http:\/\/arwann.com\/wp-content\/uploads\/2014\/04\/l\u00e9tranger.m4a?_=1\" \/><a href=\"http:\/\/arwann.com\/wp-content\/uploads\/2014\/04\/l\u00e9tranger.m4a\">http:\/\/arwann.com\/wp-content\/uploads\/2014\/04\/l\u00e9tranger.m4a<\/a><\/audio>\n<p>&nbsp;<\/p>\n<p>Un \u00e9tranger est arriv\u00e9 un beau soir<br \/>\nDe son pipeau il tirait des sons bizarres<br \/>\nSes cheveux longs Lui donnaient l&rsquo;air D&rsquo;un vagabond<\/p>\n<p>R\/ Laa lalalalaaa lalalalaaa lalalalaaaa<\/p>\n<p>En ce temps-l\u00e0 La ville \u00e9tait envahie<br \/>\nPar tous les rats Venant du fond du pays<br \/>\nPriv\u00e9s de pain Les habitants Mouraient de faim<\/p>\n<p>R\/ Laa lalalalaaa lalalalaaa lalalalaaaa<\/p>\n<p>Le musicien leur dit \u00ab\u00a0Si vous le voulez,<br \/>\nJe peux sur l&rsquo;heure Du fl\u00e9au vous d\u00e9livrer\u00a0\u00bb<br \/>\nPour mille \u00e9cus Le march\u00e9 f\u00fbt Bient\u00f4t conclu<\/p>\n<p>R\/ Laa lalalalaaa lalalalaaa lalalalaaaa<\/p>\n<p>Devant l&rsquo;\u00e9glise Il joua de son pipeau<br \/>\nComme le berger Qui rassemble son troupeau<br \/>\nEt de partout Les rats sortirent de leur trou<\/p>\n<p>R\/ Laa lalalalaaa lalalalaaa lalalalaaaa<\/p>\n<p>Et tous ces rats Qui le suivaient dans la rue<br \/>\nChemin faisant Ils \u00e9taient cent mille et plus<br \/>\nIls arriv\u00e8rent \u00e0 la rivi\u00e8re et s&rsquo;y noy\u00e8rent<\/p>\n","protected":false},"excerpt":{"rendered":"<p>Chant\u00e9 par : Loutre, P\u00e9cari, Rainette, Ocelot, Siamois, Flamant Rose &nbsp; Un \u00e9tranger est arriv\u00e9 un beau soir De son pipeau il tirait des sons bizarres Ses cheveux longs Lui donnaient l&rsquo;air D&rsquo;un vagabond R\/ Laa lalalalaaa lalalalaaa lalalalaaaa En ce temps-l\u00e0 La ville \u00e9tait envahie Par tous les rats Venant du fond du pays &hellip; <a href=\"http:\/\/arwann.com\/?page_id=3136\" class=\"more-link\">Continuer la lecture de <span class=\"screen-reader-text\">L&rsquo;\u00e9tranger<\/span> <span class=\"meta-nav\">&rarr;<\/span><\/a><\/p>\n","protected":false},"author":1,"featured_media":0,"parent":1015,"menu_order":0,"comment_status":"closed","ping_status":"closed","template":"","meta":{"footnotes":""},"class_list":["post-3136","page","type-page","status-publish","hentry"],"yoast_head":"<!-- This site is optimized with the Yoast SEO plugin v27.2 - https:\/\/yoast.com\/product\/yoast-seo-wordpress\/ -->\n<title>L&#039;\u00e9tranger -<\/title>\n<meta name=\"robots\" content=\"index, follow, max-snippet:-1, max-image-preview:large, max-video-preview:-1\" \/>\n<link rel=\"canonical\" href=\"http:\/\/arwann.com\/?page_id=3136\" \/>\n<meta property=\"og:locale\" content=\"fr_FR\" \/>\n<meta property=\"og:type\" content=\"article\" \/>\n<meta property=\"og:title\" content=\"L&#039;\u00e9tranger -\" \/>\n<meta property=\"og:description\" content=\"Chant\u00e9 par : Loutre, P\u00e9cari, Rainette, Ocelot, Siamois, Flamant Rose &nbsp; Un \u00e9tranger est arriv\u00e9 un beau soir De son pipeau il tirait des sons bizarres Ses cheveux longs Lui donnaient l&rsquo;air D&rsquo;un vagabond R\/ Laa lalalalaaa lalalalaaa lalalalaaaa En ce temps-l\u00e0 La ville \u00e9tait envahie Par tous les rats Venant du fond du pays &hellip; Continuer la lecture de L&rsquo;\u00e9tranger &rarr;\" \/>\n<meta property=\"og:url\" content=\"http:\/\/arwann.com\/?page_id=3136\" \/>\n<meta property=\"article:modified_time\" content=\"2017-04-08T09:35:59+00:00\" \/>\n<meta name=\"twitter:label1\" content=\"Dur\u00e9e de lecture estim\u00e9e\" \/>\n\t<meta name=\"twitter:data1\" content=\"1 minute\" \/>\n<script type=\"application\/ld+json\" class=\"yoast-schema-graph\">{\"@context\":\"https:\/\/schema.org\",\"@graph\":[{\"@type\":\"WebPage\",\"@id\":\"http:\/\/arwann.com\/?page_id=3136\",\"url\":\"http:\/\/arwann.com\/?page_id=3136\",\"name\":\"L'\u00e9tranger -\",\"isPartOf\":{\"@id\":\"http:\/\/arwann.com\/#website\"},\"datePublished\":\"2017-04-08T07:19:51+00:00\",\"dateModified\":\"2017-04-08T09:35:59+00:00\",\"breadcrumb\":{\"@id\":\"http:\/\/arwann.com\/?page_id=3136#breadcrumb\"},\"inLanguage\":\"fr-FR\",\"potentialAction\":[{\"@type\":\"ReadAction\",\"target\":[\"http:\/\/arwann.com\/?page_id=3136\"]}]},{\"@type\":\"BreadcrumbList\",\"@id\":\"http:\/\/arwann.com\/?page_id=3136#breadcrumb\",\"itemListElement\":[{\"@type\":\"ListItem\",\"position\":1,\"name\":\"Home\",\"item\":\"https:\/\/arwann.com\/\"},{\"@type\":\"ListItem\",\"position\":2,\"name\":\"Le coin des Scouts\",\"item\":\"http:\/\/arwann.com\/?page_id=29\"},{\"@type\":\"ListItem\",\"position\":3,\"name\":\"Veill\u00e9es\",\"item\":\"http:\/\/arwann.com\/?page_id=273\"},{\"@type\":\"ListItem\",\"position\":4,\"name\":\"Chants\",\"item\":\"http:\/\/arwann.com\/?page_id=276\"},{\"@type\":\"ListItem\",\"position\":5,\"name\":\"Chants divers\",\"item\":\"https:\/\/arwann.com\/?page_id=1015\"},{\"@type\":\"ListItem\",\"position\":6,\"name\":\"L&rsquo;\u00e9tranger\"}]},{\"@type\":\"WebSite\",\"@id\":\"http:\/\/arwann.com\/#website\",\"url\":\"http:\/\/arwann.com\/\",\"name\":\"Arwann.com\",\"description\":\"\",\"publisher\":{\"@id\":\"http:\/\/arwann.com\/#organization\"},\"potentialAction\":[{\"@type\":\"SearchAction\",\"target\":{\"@type\":\"EntryPoint\",\"urlTemplate\":\"http:\/\/arwann.com\/?s={search_term_string}\"},\"query-input\":{\"@type\":\"PropertyValueSpecification\",\"valueRequired\":true,\"valueName\":\"search_term_string\"}}],\"inLanguage\":\"fr-FR\"},{\"@type\":\"Organization\",\"@id\":\"http:\/\/arwann.com\/#organization\",\"name\":\"Arwann\",\"url\":\"http:\/\/arwann.com\/\",\"logo\":{\"@type\":\"ImageObject\",\"inLanguage\":\"fr-FR\",\"@id\":\"http:\/\/arwann.com\/#\/schema\/logo\/image\/\",\"url\":\"http:\/\/arwann.com\/wp-content\/uploads\/2014\/04\/cropped-bandeau-arwann-5.png\",\"contentUrl\":\"http:\/\/arwann.com\/wp-content\/uploads\/2014\/04\/cropped-bandeau-arwann-5.png\",\"width\":1600,\"height\":230,\"caption\":\"Arwann\"},\"image\":{\"@id\":\"http:\/\/arwann.com\/#\/schema\/logo\/image\/\"}}]}<\/script>\n<!-- \/ Yoast SEO plugin. -->","yoast_head_json":{"title":"L'\u00e9tranger -","robots":{"index":"index","follow":"follow","max-snippet":"max-snippet:-1","max-image-preview":"max-image-preview:large","max-video-preview":"max-video-preview:-1"},"canonical":"http:\/\/arwann.com\/?page_id=3136","og_locale":"fr_FR","og_type":"article","og_title":"L'\u00e9tranger -","og_description":"Chant\u00e9 par : Loutre, P\u00e9cari, Rainette, Ocelot, Siamois, Flamant Rose &nbsp; Un \u00e9tranger est arriv\u00e9 un beau soir De son pipeau il tirait des sons bizarres Ses cheveux longs Lui donnaient l&rsquo;air D&rsquo;un vagabond R\/ Laa lalalalaaa lalalalaaa lalalalaaaa En ce temps-l\u00e0 La ville \u00e9tait envahie Par tous les rats Venant du fond du pays &hellip; Continuer la lecture de L&rsquo;\u00e9tranger &rarr;","og_url":"http:\/\/arwann.com\/?page_id=3136","article_modified_time":"2017-04-08T09:35:59+00:00","twitter_misc":{"Dur\u00e9e de lecture estim\u00e9e":"1 minute"},"schema":{"@context":"https:\/\/schema.org","@graph":[{"@type":"WebPage","@id":"http:\/\/arwann.com\/?page_id=3136","url":"http:\/\/arwann.com\/?page_id=3136","name":"L'\u00e9tranger -","isPartOf":{"@id":"http:\/\/arwann.com\/#website"},"datePublished":"2017-04-08T07:19:51+00:00","dateModified":"2017-04-08T09:35:59+00:00","breadcrumb":{"@id":"http:\/\/arwann.com\/?page_id=3136#breadcrumb"},"inLanguage":"fr-FR","potentialAction":[{"@type":"ReadAction","target":["http:\/\/arwann.com\/?page_id=3136"]}]},{"@type":"BreadcrumbList","@id":"http:\/\/arwann.com\/?page_id=3136#breadcrumb","itemListElement":[{"@type":"ListItem","position":1,"name":"Home","item":"https:\/\/arwann.com\/"},{"@type":"ListItem","position":2,"name":"Le coin des Scouts","item":"http:\/\/arwann.com\/?page_id=29"},{"@type":"ListItem","position":3,"name":"Veill\u00e9es","item":"http:\/\/arwann.com\/?page_id=273"},{"@type":"ListItem","position":4,"name":"Chants","item":"http:\/\/arwann.com\/?page_id=276"},{"@type":"ListItem","position":5,"name":"Chants divers","item":"https:\/\/arwann.com\/?page_id=1015"},{"@type":"ListItem","position":6,"name":"L&rsquo;\u00e9tranger"}]},{"@type":"WebSite","@id":"http:\/\/arwann.com\/#website","url":"http:\/\/arwann.com\/","name":"Arwann.com","description":"","publisher":{"@id":"http:\/\/arwann.com\/#organization"},"potentialAction":[{"@type":"SearchAction","target":{"@type":"EntryPoint","urlTemplate":"http:\/\/arwann.com\/?s={search_term_string}"},"query-input":{"@type":"PropertyValueSpecification","valueRequired":true,"valueName":"search_term_string"}}],"inLanguage":"fr-FR"},{"@type":"Organization","@id":"http:\/\/arwann.com\/#organization","name":"Arwann","url":"http:\/\/arwann.com\/","logo":{"@type":"ImageObject","inLanguage":"fr-FR","@id":"http:\/\/arwann.com\/#\/schema\/logo\/image\/","url":"http:\/\/arwann.com\/wp-content\/uploads\/2014\/04\/cropped-bandeau-arwann-5.png","contentUrl":"http:\/\/arwann.com\/wp-content\/uploads\/2014\/04\/cropped-bandeau-arwann-5.png","width":1600,"height":230,"caption":"Arwann"},"image":{"@id":"http:\/\/arwann.com\/#\/schema\/logo\/image\/"}}]}},"_links":{"self":[{"href":"http:\/\/arwann.com\/index.php?rest_route=\/wp\/v2\/pages\/3136","targetHints":{"allow":["GET"]}}],"collection":[{"href":"http:\/\/arwann.com\/index.php?rest_route=\/wp\/v2\/pages"}],"about":[{"href":"http:\/\/arwann.com\/index.php?rest_route=\/wp\/v2\/types\/page"}],"author":[{"embeddable":true,"href":"http:\/\/arwann.com\/index.php?rest_route=\/wp\/v2\/users\/1"}],"replies":[{"embeddable":true,"href":"http:\/\/arwann.com\/index.php?rest_route=%2Fwp%2Fv2%2Fcomments&post=3136"}],"version-history":[{"count":4,"href":"http:\/\/arwann.com\/index.php?rest_route=\/wp\/v2\/pages\/3136\/revisions"}],"predecessor-version":[{"id":3177,"href":"http:\/\/arwann.com\/index.php?rest_route=\/wp\/v2\/pages\/3136\/revisions\/3177"}],"up":[{"embeddable":true,"href":"http:\/\/arwann.com\/index.php?rest_route=\/wp\/v2\/pages\/1015"}],"wp:attachment":[{"href":"http:\/\/arwann.com\/index.php?rest_route=%2Fwp%2Fv2%2Fmedia&parent=3136"}],"curies":[{"name":"wp","href":"https:\/\/api.w.org\/{rel}","templated":true}]}}