{"id":3133,"date":"2017-04-08T08:18:22","date_gmt":"2017-04-08T07:18:22","guid":{"rendered":"http:\/\/arwann.com\/?page_id=3133"},"modified":"2017-04-08T10:27:53","modified_gmt":"2017-04-08T09:27:53","slug":"legende-indienne","status":"publish","type":"page","link":"http:\/\/arwann.com\/?page_id=3133","title":{"rendered":"L\u00e9gende indienne"},"content":{"rendered":"<p>Chant\u00e9 par : Loutre, P\u00e9cari, Ocelot, Rainette, Siamois, Flamant Rose<\/p>\n<audio class=\"wp-audio-shortcode\" id=\"audio-3133-1\" preload=\"none\" style=\"width: 100%;\" controls=\"controls\"><source type=\"audio\/mpeg\" src=\"http:\/\/arwann.com\/wp-content\/uploads\/2014\/04\/L\u00e9gende-indienne.m4a?_=1\" \/><a href=\"http:\/\/arwann.com\/wp-content\/uploads\/2014\/04\/L\u00e9gende-indienne.m4a\">http:\/\/arwann.com\/wp-content\/uploads\/2014\/04\/L\u00e9gende-indienne.m4a<\/a><\/audio>\n<p>&nbsp;<\/p>\n<p>Ce matin au bord du sentier<br \/>\nJ\u2019ai entendu l\u2019oiseau chanter<br \/>\nOn aurait dit qu\u2019il s\u2019en allait<br \/>\nMais moi je sais qu\u2019il m\u2019appelait<\/p>\n<p><strong>R\/\u00a0\u00a0 Comme la voix du Grand esprit<\/strong><br \/>\n<strong>L\u2019oiseau sauvage a pouss\u00e9 son cri<\/strong><br \/>\n<strong>Vole vole vole mon c\u0153ur va bien haut<\/strong><br \/>\n<strong>Je suis le fr\u00e8re De cet oiseau<\/strong><\/p>\n<p>Ce soir j\u2019ai li\u00e9 pour toujours<br \/>\nMon sang \u00e0 celui de mon amour<br \/>\nEt sous la liane on dansera<br \/>\nLa danse qui nous unira<br \/>\n<strong>R\/<\/strong><\/p>\n<p>Quand le tam-tam s\u2019arr\u00eatera<br \/>\nDepuis longtemps je n\u2019serai plus l\u00e0<br \/>\nComme l\u2019oiseau quitte son nid<br \/>\nDepuis longtemps je serai parti<br \/>\n<strong>R\/<\/strong><\/p>\n","protected":false},"excerpt":{"rendered":"<p>Chant\u00e9 par : Loutre, P\u00e9cari, Ocelot, Rainette, Siamois, Flamant Rose &nbsp; Ce matin au bord du sentier J\u2019ai entendu l\u2019oiseau chanter On aurait dit qu\u2019il s\u2019en allait Mais moi je sais qu\u2019il m\u2019appelait R\/\u00a0\u00a0 Comme la voix du Grand esprit L\u2019oiseau sauvage a pouss\u00e9 son cri Vole vole vole mon c\u0153ur va bien haut Je &hellip; <a href=\"http:\/\/arwann.com\/?page_id=3133\" class=\"more-link\">Continuer la lecture de <span class=\"screen-reader-text\">L\u00e9gende indienne<\/span> <span class=\"meta-nav\">&rarr;<\/span><\/a><\/p>\n","protected":false},"author":1,"featured_media":0,"parent":1015,"menu_order":0,"comment_status":"closed","ping_status":"closed","template":"","meta":{"footnotes":""},"class_list":["post-3133","page","type-page","status-publish","hentry"],"yoast_head":"<!-- This site is optimized with the Yoast SEO plugin v27.2 - https:\/\/yoast.com\/product\/yoast-seo-wordpress\/ -->\n<title>L\u00e9gende indienne -<\/title>\n<meta name=\"robots\" content=\"index, follow, max-snippet:-1, max-image-preview:large, max-video-preview:-1\" \/>\n<link rel=\"canonical\" href=\"http:\/\/arwann.com\/?page_id=3133\" \/>\n<meta property=\"og:locale\" content=\"fr_FR\" \/>\n<meta property=\"og:type\" content=\"article\" \/>\n<meta property=\"og:title\" content=\"L\u00e9gende indienne -\" \/>\n<meta property=\"og:description\" content=\"Chant\u00e9 par : Loutre, P\u00e9cari, Ocelot, Rainette, Siamois, Flamant Rose &nbsp; Ce matin au bord du sentier J\u2019ai entendu l\u2019oiseau chanter On aurait dit qu\u2019il s\u2019en allait Mais moi je sais qu\u2019il m\u2019appelait R\/\u00a0\u00a0 Comme la voix du Grand esprit L\u2019oiseau sauvage a pouss\u00e9 son cri Vole vole vole mon c\u0153ur va bien haut Je &hellip; Continuer la lecture de L\u00e9gende indienne &rarr;\" \/>\n<meta property=\"og:url\" content=\"http:\/\/arwann.com\/?page_id=3133\" \/>\n<meta property=\"article:modified_time\" content=\"2017-04-08T09:27:53+00:00\" \/>\n<meta name=\"twitter:label1\" content=\"Dur\u00e9e de lecture estim\u00e9e\" \/>\n\t<meta name=\"twitter:data1\" content=\"1 minute\" \/>\n<script type=\"application\/ld+json\" class=\"yoast-schema-graph\">{\"@context\":\"https:\/\/schema.org\",\"@graph\":[{\"@type\":\"WebPage\",\"@id\":\"http:\/\/arwann.com\/?page_id=3133\",\"url\":\"http:\/\/arwann.com\/?page_id=3133\",\"name\":\"L\u00e9gende indienne -\",\"isPartOf\":{\"@id\":\"http:\/\/arwann.com\/#website\"},\"datePublished\":\"2017-04-08T07:18:22+00:00\",\"dateModified\":\"2017-04-08T09:27:53+00:00\",\"breadcrumb\":{\"@id\":\"http:\/\/arwann.com\/?page_id=3133#breadcrumb\"},\"inLanguage\":\"fr-FR\",\"potentialAction\":[{\"@type\":\"ReadAction\",\"target\":[\"http:\/\/arwann.com\/?page_id=3133\"]}]},{\"@type\":\"BreadcrumbList\",\"@id\":\"http:\/\/arwann.com\/?page_id=3133#breadcrumb\",\"itemListElement\":[{\"@type\":\"ListItem\",\"position\":1,\"name\":\"Home\",\"item\":\"https:\/\/arwann.com\/\"},{\"@type\":\"ListItem\",\"position\":2,\"name\":\"Le coin des Scouts\",\"item\":\"http:\/\/arwann.com\/?page_id=29\"},{\"@type\":\"ListItem\",\"position\":3,\"name\":\"Veill\u00e9es\",\"item\":\"http:\/\/arwann.com\/?page_id=273\"},{\"@type\":\"ListItem\",\"position\":4,\"name\":\"Chants\",\"item\":\"http:\/\/arwann.com\/?page_id=276\"},{\"@type\":\"ListItem\",\"position\":5,\"name\":\"Chants divers\",\"item\":\"https:\/\/arwann.com\/?page_id=1015\"},{\"@type\":\"ListItem\",\"position\":6,\"name\":\"L\u00e9gende indienne\"}]},{\"@type\":\"WebSite\",\"@id\":\"http:\/\/arwann.com\/#website\",\"url\":\"http:\/\/arwann.com\/\",\"name\":\"Arwann.com\",\"description\":\"\",\"publisher\":{\"@id\":\"http:\/\/arwann.com\/#organization\"},\"potentialAction\":[{\"@type\":\"SearchAction\",\"target\":{\"@type\":\"EntryPoint\",\"urlTemplate\":\"http:\/\/arwann.com\/?s={search_term_string}\"},\"query-input\":{\"@type\":\"PropertyValueSpecification\",\"valueRequired\":true,\"valueName\":\"search_term_string\"}}],\"inLanguage\":\"fr-FR\"},{\"@type\":\"Organization\",\"@id\":\"http:\/\/arwann.com\/#organization\",\"name\":\"Arwann\",\"url\":\"http:\/\/arwann.com\/\",\"logo\":{\"@type\":\"ImageObject\",\"inLanguage\":\"fr-FR\",\"@id\":\"http:\/\/arwann.com\/#\/schema\/logo\/image\/\",\"url\":\"http:\/\/arwann.com\/wp-content\/uploads\/2014\/04\/cropped-bandeau-arwann-5.png\",\"contentUrl\":\"http:\/\/arwann.com\/wp-content\/uploads\/2014\/04\/cropped-bandeau-arwann-5.png\",\"width\":1600,\"height\":230,\"caption\":\"Arwann\"},\"image\":{\"@id\":\"http:\/\/arwann.com\/#\/schema\/logo\/image\/\"}}]}<\/script>\n<!-- \/ Yoast SEO plugin. -->","yoast_head_json":{"title":"L\u00e9gende indienne -","robots":{"index":"index","follow":"follow","max-snippet":"max-snippet:-1","max-image-preview":"max-image-preview:large","max-video-preview":"max-video-preview:-1"},"canonical":"http:\/\/arwann.com\/?page_id=3133","og_locale":"fr_FR","og_type":"article","og_title":"L\u00e9gende indienne -","og_description":"Chant\u00e9 par : Loutre, P\u00e9cari, Ocelot, Rainette, Siamois, Flamant Rose &nbsp; Ce matin au bord du sentier J\u2019ai entendu l\u2019oiseau chanter On aurait dit qu\u2019il s\u2019en allait Mais moi je sais qu\u2019il m\u2019appelait R\/\u00a0\u00a0 Comme la voix du Grand esprit L\u2019oiseau sauvage a pouss\u00e9 son cri Vole vole vole mon c\u0153ur va bien haut Je &hellip; Continuer la lecture de L\u00e9gende indienne &rarr;","og_url":"http:\/\/arwann.com\/?page_id=3133","article_modified_time":"2017-04-08T09:27:53+00:00","twitter_misc":{"Dur\u00e9e de lecture estim\u00e9e":"1 minute"},"schema":{"@context":"https:\/\/schema.org","@graph":[{"@type":"WebPage","@id":"http:\/\/arwann.com\/?page_id=3133","url":"http:\/\/arwann.com\/?page_id=3133","name":"L\u00e9gende indienne -","isPartOf":{"@id":"http:\/\/arwann.com\/#website"},"datePublished":"2017-04-08T07:18:22+00:00","dateModified":"2017-04-08T09:27:53+00:00","breadcrumb":{"@id":"http:\/\/arwann.com\/?page_id=3133#breadcrumb"},"inLanguage":"fr-FR","potentialAction":[{"@type":"ReadAction","target":["http:\/\/arwann.com\/?page_id=3133"]}]},{"@type":"BreadcrumbList","@id":"http:\/\/arwann.com\/?page_id=3133#breadcrumb","itemListElement":[{"@type":"ListItem","position":1,"name":"Home","item":"https:\/\/arwann.com\/"},{"@type":"ListItem","position":2,"name":"Le coin des Scouts","item":"http:\/\/arwann.com\/?page_id=29"},{"@type":"ListItem","position":3,"name":"Veill\u00e9es","item":"http:\/\/arwann.com\/?page_id=273"},{"@type":"ListItem","position":4,"name":"Chants","item":"http:\/\/arwann.com\/?page_id=276"},{"@type":"ListItem","position":5,"name":"Chants divers","item":"https:\/\/arwann.com\/?page_id=1015"},{"@type":"ListItem","position":6,"name":"L\u00e9gende indienne"}]},{"@type":"WebSite","@id":"http:\/\/arwann.com\/#website","url":"http:\/\/arwann.com\/","name":"Arwann.com","description":"","publisher":{"@id":"http:\/\/arwann.com\/#organization"},"potentialAction":[{"@type":"SearchAction","target":{"@type":"EntryPoint","urlTemplate":"http:\/\/arwann.com\/?s={search_term_string}"},"query-input":{"@type":"PropertyValueSpecification","valueRequired":true,"valueName":"search_term_string"}}],"inLanguage":"fr-FR"},{"@type":"Organization","@id":"http:\/\/arwann.com\/#organization","name":"Arwann","url":"http:\/\/arwann.com\/","logo":{"@type":"ImageObject","inLanguage":"fr-FR","@id":"http:\/\/arwann.com\/#\/schema\/logo\/image\/","url":"http:\/\/arwann.com\/wp-content\/uploads\/2014\/04\/cropped-bandeau-arwann-5.png","contentUrl":"http:\/\/arwann.com\/wp-content\/uploads\/2014\/04\/cropped-bandeau-arwann-5.png","width":1600,"height":230,"caption":"Arwann"},"image":{"@id":"http:\/\/arwann.com\/#\/schema\/logo\/image\/"}}]}},"_links":{"self":[{"href":"http:\/\/arwann.com\/index.php?rest_route=\/wp\/v2\/pages\/3133","targetHints":{"allow":["GET"]}}],"collection":[{"href":"http:\/\/arwann.com\/index.php?rest_route=\/wp\/v2\/pages"}],"about":[{"href":"http:\/\/arwann.com\/index.php?rest_route=\/wp\/v2\/types\/page"}],"author":[{"embeddable":true,"href":"http:\/\/arwann.com\/index.php?rest_route=\/wp\/v2\/users\/1"}],"replies":[{"embeddable":true,"href":"http:\/\/arwann.com\/index.php?rest_route=%2Fwp%2Fv2%2Fcomments&post=3133"}],"version-history":[{"count":4,"href":"http:\/\/arwann.com\/index.php?rest_route=\/wp\/v2\/pages\/3133\/revisions"}],"predecessor-version":[{"id":3174,"href":"http:\/\/arwann.com\/index.php?rest_route=\/wp\/v2\/pages\/3133\/revisions\/3174"}],"up":[{"embeddable":true,"href":"http:\/\/arwann.com\/index.php?rest_route=\/wp\/v2\/pages\/1015"}],"wp:attachment":[{"href":"http:\/\/arwann.com\/index.php?rest_route=%2Fwp%2Fv2%2Fmedia&parent=3133"}],"curies":[{"name":"wp","href":"https:\/\/api.w.org\/{rel}","templated":true}]}}