{"id":3127,"date":"2017-04-08T08:14:03","date_gmt":"2017-04-08T07:14:03","guid":{"rendered":"http:\/\/arwann.com\/?page_id=3127"},"modified":"2017-04-08T09:39:31","modified_gmt":"2017-04-08T08:39:31","slug":"le-facteur-polonais","status":"publish","type":"page","link":"http:\/\/arwann.com\/?page_id=3127","title":{"rendered":"Le facteur polonais"},"content":{"rendered":"<p>Chant\u00e9 par : Loutre, P\u00e9cari, Rainette, Flamant Rose, Siamois, Ocelot<\/p>\n<audio class=\"wp-audio-shortcode\" id=\"audio-3127-1\" preload=\"none\" style=\"width: 100%;\" controls=\"controls\"><source type=\"audio\/mpeg\" src=\"http:\/\/arwann.com\/wp-content\/uploads\/2014\/04\/facteur-polonais.m4a?_=1\" \/><a href=\"http:\/\/arwann.com\/wp-content\/uploads\/2014\/04\/facteur-polonais.m4a\">http:\/\/arwann.com\/wp-content\/uploads\/2014\/04\/facteur-polonais.m4a<\/a><\/audio>\n<p>Amis autrefois quand j\u2019\u00e9tais au pays<br \/>\nTout seul \u00e0 cheval je galopais dans la nuit<br \/>\nPour porter des lettres au village voisin<br \/>\nEt je revenais bien fatigu\u00e9 le matin<\/p>\n<p>Dans mes longues courses je m\u2019arr\u00eatais souvent<br \/>\nPour voir une fille que j\u2019aimais tendrement<br \/>\nSes cheveux \u00e9taient si longs et si soyeux<br \/>\nEt ses yeux avaient lac profondeur d\u2019un lac bleu<\/p>\n<p>Mais un soir d\u2019hiver revenant \u00e0 cheval<br \/>\nIl me vient soudain un pressentiment fatal<br \/>\nTout pr\u00e8s du moulin je l\u2019aper\u00e7ue soudain<br \/>\nEtendue sans vie, morte au milieu du chemin<\/p>\n<p>Amis excusez, pardonnez mon chagrin<br \/>\nJe n\u2019ai plus la force de continuer plus loin<br \/>\nMais pour oublier les tristesses de la vie<br \/>\nBuvons et chantons pour qu\u2019\u00e0 jamais je l\u2019oublie<br \/>\nMais pour oublier les tristesses de la vie<br \/>\nBUVONS et chantons pour qu\u2019\u00e0 jamais je l\u2019oublie<\/p>\n","protected":false},"excerpt":{"rendered":"<p>Chant\u00e9 par : Loutre, P\u00e9cari, Rainette, Flamant Rose, Siamois, Ocelot Amis autrefois quand j\u2019\u00e9tais au pays Tout seul \u00e0 cheval je galopais dans la nuit Pour porter des lettres au village voisin Et je revenais bien fatigu\u00e9 le matin Dans mes longues courses je m\u2019arr\u00eatais souvent Pour voir une fille que j\u2019aimais tendrement Ses cheveux &hellip; <a href=\"http:\/\/arwann.com\/?page_id=3127\" class=\"more-link\">Continuer la lecture de <span class=\"screen-reader-text\">Le facteur polonais<\/span> <span class=\"meta-nav\">&rarr;<\/span><\/a><\/p>\n","protected":false},"author":1,"featured_media":0,"parent":359,"menu_order":0,"comment_status":"closed","ping_status":"closed","template":"","meta":{"footnotes":""},"class_list":["post-3127","page","type-page","status-publish","hentry"],"yoast_head":"<!-- This site is optimized with the Yoast SEO plugin v27.2 - https:\/\/yoast.com\/product\/yoast-seo-wordpress\/ -->\n<title>Le facteur polonais -<\/title>\n<meta name=\"robots\" content=\"index, follow, max-snippet:-1, max-image-preview:large, max-video-preview:-1\" \/>\n<link rel=\"canonical\" href=\"http:\/\/arwann.com\/?page_id=3127\" \/>\n<meta property=\"og:locale\" content=\"fr_FR\" \/>\n<meta property=\"og:type\" content=\"article\" \/>\n<meta property=\"og:title\" content=\"Le facteur polonais -\" \/>\n<meta property=\"og:description\" content=\"Chant\u00e9 par : Loutre, P\u00e9cari, Rainette, Flamant Rose, Siamois, Ocelot Amis autrefois quand j\u2019\u00e9tais au pays Tout seul \u00e0 cheval je galopais dans la nuit Pour porter des lettres au village voisin Et je revenais bien fatigu\u00e9 le matin Dans mes longues courses je m\u2019arr\u00eatais souvent Pour voir une fille que j\u2019aimais tendrement Ses cheveux &hellip; Continuer la lecture de Le facteur polonais &rarr;\" \/>\n<meta property=\"og:url\" content=\"http:\/\/arwann.com\/?page_id=3127\" \/>\n<meta property=\"article:modified_time\" content=\"2017-04-08T08:39:31+00:00\" \/>\n<meta name=\"twitter:label1\" content=\"Dur\u00e9e de lecture estim\u00e9e\" \/>\n\t<meta name=\"twitter:data1\" content=\"1 minute\" \/>\n<script type=\"application\/ld+json\" class=\"yoast-schema-graph\">{\"@context\":\"https:\/\/schema.org\",\"@graph\":[{\"@type\":\"WebPage\",\"@id\":\"http:\/\/arwann.com\/?page_id=3127\",\"url\":\"http:\/\/arwann.com\/?page_id=3127\",\"name\":\"Le facteur polonais -\",\"isPartOf\":{\"@id\":\"http:\/\/arwann.com\/#website\"},\"datePublished\":\"2017-04-08T07:14:03+00:00\",\"dateModified\":\"2017-04-08T08:39:31+00:00\",\"breadcrumb\":{\"@id\":\"http:\/\/arwann.com\/?page_id=3127#breadcrumb\"},\"inLanguage\":\"fr-FR\",\"potentialAction\":[{\"@type\":\"ReadAction\",\"target\":[\"http:\/\/arwann.com\/?page_id=3127\"]}]},{\"@type\":\"BreadcrumbList\",\"@id\":\"http:\/\/arwann.com\/?page_id=3127#breadcrumb\",\"itemListElement\":[{\"@type\":\"ListItem\",\"position\":1,\"name\":\"Home\",\"item\":\"https:\/\/arwann.com\/\"},{\"@type\":\"ListItem\",\"position\":2,\"name\":\"Le coin des Scouts\",\"item\":\"https:\/\/arwann.com\/?page_id=29\"},{\"@type\":\"ListItem\",\"position\":3,\"name\":\"Veill\u00e9es\",\"item\":\"http:\/\/arwann.com\/?page_id=273\"},{\"@type\":\"ListItem\",\"position\":4,\"name\":\"Chants\",\"item\":\"http:\/\/arwann.com\/?page_id=276\"},{\"@type\":\"ListItem\",\"position\":5,\"name\":\"Chants de traditions et de r\u00e9gions\",\"item\":\"http:\/\/arwann.com\/?page_id=359\"},{\"@type\":\"ListItem\",\"position\":6,\"name\":\"Le facteur polonais\"}]},{\"@type\":\"WebSite\",\"@id\":\"http:\/\/arwann.com\/#website\",\"url\":\"http:\/\/arwann.com\/\",\"name\":\"Arwann.com\",\"description\":\"\",\"publisher\":{\"@id\":\"http:\/\/arwann.com\/#organization\"},\"potentialAction\":[{\"@type\":\"SearchAction\",\"target\":{\"@type\":\"EntryPoint\",\"urlTemplate\":\"http:\/\/arwann.com\/?s={search_term_string}\"},\"query-input\":{\"@type\":\"PropertyValueSpecification\",\"valueRequired\":true,\"valueName\":\"search_term_string\"}}],\"inLanguage\":\"fr-FR\"},{\"@type\":\"Organization\",\"@id\":\"http:\/\/arwann.com\/#organization\",\"name\":\"Arwann\",\"url\":\"http:\/\/arwann.com\/\",\"logo\":{\"@type\":\"ImageObject\",\"inLanguage\":\"fr-FR\",\"@id\":\"http:\/\/arwann.com\/#\/schema\/logo\/image\/\",\"url\":\"http:\/\/arwann.com\/wp-content\/uploads\/2014\/04\/cropped-bandeau-arwann-5.png\",\"contentUrl\":\"http:\/\/arwann.com\/wp-content\/uploads\/2014\/04\/cropped-bandeau-arwann-5.png\",\"width\":1600,\"height\":230,\"caption\":\"Arwann\"},\"image\":{\"@id\":\"http:\/\/arwann.com\/#\/schema\/logo\/image\/\"}}]}<\/script>\n<!-- \/ Yoast SEO plugin. -->","yoast_head_json":{"title":"Le facteur polonais -","robots":{"index":"index","follow":"follow","max-snippet":"max-snippet:-1","max-image-preview":"max-image-preview:large","max-video-preview":"max-video-preview:-1"},"canonical":"http:\/\/arwann.com\/?page_id=3127","og_locale":"fr_FR","og_type":"article","og_title":"Le facteur polonais -","og_description":"Chant\u00e9 par : Loutre, P\u00e9cari, Rainette, Flamant Rose, Siamois, Ocelot Amis autrefois quand j\u2019\u00e9tais au pays Tout seul \u00e0 cheval je galopais dans la nuit Pour porter des lettres au village voisin Et je revenais bien fatigu\u00e9 le matin Dans mes longues courses je m\u2019arr\u00eatais souvent Pour voir une fille que j\u2019aimais tendrement Ses cheveux &hellip; Continuer la lecture de Le facteur polonais &rarr;","og_url":"http:\/\/arwann.com\/?page_id=3127","article_modified_time":"2017-04-08T08:39:31+00:00","twitter_misc":{"Dur\u00e9e de lecture estim\u00e9e":"1 minute"},"schema":{"@context":"https:\/\/schema.org","@graph":[{"@type":"WebPage","@id":"http:\/\/arwann.com\/?page_id=3127","url":"http:\/\/arwann.com\/?page_id=3127","name":"Le facteur polonais -","isPartOf":{"@id":"http:\/\/arwann.com\/#website"},"datePublished":"2017-04-08T07:14:03+00:00","dateModified":"2017-04-08T08:39:31+00:00","breadcrumb":{"@id":"http:\/\/arwann.com\/?page_id=3127#breadcrumb"},"inLanguage":"fr-FR","potentialAction":[{"@type":"ReadAction","target":["http:\/\/arwann.com\/?page_id=3127"]}]},{"@type":"BreadcrumbList","@id":"http:\/\/arwann.com\/?page_id=3127#breadcrumb","itemListElement":[{"@type":"ListItem","position":1,"name":"Home","item":"https:\/\/arwann.com\/"},{"@type":"ListItem","position":2,"name":"Le coin des Scouts","item":"https:\/\/arwann.com\/?page_id=29"},{"@type":"ListItem","position":3,"name":"Veill\u00e9es","item":"http:\/\/arwann.com\/?page_id=273"},{"@type":"ListItem","position":4,"name":"Chants","item":"http:\/\/arwann.com\/?page_id=276"},{"@type":"ListItem","position":5,"name":"Chants de traditions et de r\u00e9gions","item":"http:\/\/arwann.com\/?page_id=359"},{"@type":"ListItem","position":6,"name":"Le facteur polonais"}]},{"@type":"WebSite","@id":"http:\/\/arwann.com\/#website","url":"http:\/\/arwann.com\/","name":"Arwann.com","description":"","publisher":{"@id":"http:\/\/arwann.com\/#organization"},"potentialAction":[{"@type":"SearchAction","target":{"@type":"EntryPoint","urlTemplate":"http:\/\/arwann.com\/?s={search_term_string}"},"query-input":{"@type":"PropertyValueSpecification","valueRequired":true,"valueName":"search_term_string"}}],"inLanguage":"fr-FR"},{"@type":"Organization","@id":"http:\/\/arwann.com\/#organization","name":"Arwann","url":"http:\/\/arwann.com\/","logo":{"@type":"ImageObject","inLanguage":"fr-FR","@id":"http:\/\/arwann.com\/#\/schema\/logo\/image\/","url":"http:\/\/arwann.com\/wp-content\/uploads\/2014\/04\/cropped-bandeau-arwann-5.png","contentUrl":"http:\/\/arwann.com\/wp-content\/uploads\/2014\/04\/cropped-bandeau-arwann-5.png","width":1600,"height":230,"caption":"Arwann"},"image":{"@id":"http:\/\/arwann.com\/#\/schema\/logo\/image\/"}}]}},"_links":{"self":[{"href":"http:\/\/arwann.com\/index.php?rest_route=\/wp\/v2\/pages\/3127","targetHints":{"allow":["GET"]}}],"collection":[{"href":"http:\/\/arwann.com\/index.php?rest_route=\/wp\/v2\/pages"}],"about":[{"href":"http:\/\/arwann.com\/index.php?rest_route=\/wp\/v2\/types\/page"}],"author":[{"embeddable":true,"href":"http:\/\/arwann.com\/index.php?rest_route=\/wp\/v2\/users\/1"}],"replies":[{"embeddable":true,"href":"http:\/\/arwann.com\/index.php?rest_route=%2Fwp%2Fv2%2Fcomments&post=3127"}],"version-history":[{"count":3,"href":"http:\/\/arwann.com\/index.php?rest_route=\/wp\/v2\/pages\/3127\/revisions"}],"predecessor-version":[{"id":3160,"href":"http:\/\/arwann.com\/index.php?rest_route=\/wp\/v2\/pages\/3127\/revisions\/3160"}],"up":[{"embeddable":true,"href":"http:\/\/arwann.com\/index.php?rest_route=\/wp\/v2\/pages\/359"}],"wp:attachment":[{"href":"http:\/\/arwann.com\/index.php?rest_route=%2Fwp%2Fv2%2Fmedia&parent=3127"}],"curies":[{"name":"wp","href":"https:\/\/api.w.org\/{rel}","templated":true}]}}