{"id":303,"date":"2014-04-03T14:03:16","date_gmt":"2014-04-03T13:03:16","guid":{"rendered":"http:\/\/arwann.com\/?page_id=303"},"modified":"2015-05-08T10:31:26","modified_gmt":"2015-05-08T09:31:26","slug":"lassemblage-tenon-mortaise","status":"publish","type":"page","link":"http:\/\/arwann.com\/?page_id=303","title":{"rendered":"L&rsquo;assemblage Tenon-Mortaise"},"content":{"rendered":"<p style=\"text-align: justify;\"><a href=\"http:\/\/arwann.com\/wp-content\/uploads\/2014\/04\/bouton-scout.png\"><img loading=\"lazy\" decoding=\"async\" class=\"alignright wp-image-892\" src=\"http:\/\/arwann.com\/wp-content\/uploads\/2014\/04\/bouton-scout.png\" alt=\"bouton scout\" width=\"200\" height=\"200\" srcset=\"http:\/\/arwann.com\/wp-content\/uploads\/2014\/04\/bouton-scout.png 400w, http:\/\/arwann.com\/wp-content\/uploads\/2014\/04\/bouton-scout-200x200.png 200w, http:\/\/arwann.com\/wp-content\/uploads\/2014\/04\/bouton-scout-100x100.png 100w, http:\/\/arwann.com\/wp-content\/uploads\/2014\/04\/bouton-scout-300x300.png 300w, http:\/\/arwann.com\/wp-content\/uploads\/2014\/04\/bouton-scout-150x150.png 150w\" sizes=\"auto, (max-width: 200px) 100vw, 200px\" \/><\/a><a name=\"Haut\"><\/a>Par Lama. <a href=\"http:\/\/arwann.com\/?page_id=29\">Le coin des scouts<\/a> -&gt; <a href=\"http:\/\/arwann.com\/?page_id=121\">Forestage et installations<\/a><\/p>\n<p style=\"text-align: justify;\">Passons maintenant aux choses s\u00e9rieuses et aux exercices pratiques. Pour bien construire il faut ma\u00eetriser les techniques d\u2019assemblage et c\u2019est l\u00e0 le c\u0153ur du forestage scout. Il suffit de ma\u00eetriser un seul assemblage mais il faut parfaitement le poss\u00e9der. Toutes les autres techniques d\u2019assemblage que tu aurais pu voir dans des ouvrages de froissartage, il faut les mettre de c\u00f4t\u00e9 pour l\u2019instant. Apprenons seulement \u00e0 bien faire l\u2019assemblage par <b>tenon et mortaise<\/b> <b>c\u00f4nique<\/b>.<br \/>\nC\u2019est l\u2019assemblage le plus simple et le plus rapide \u00e0 r\u00e9aliser en m\u00eame temps que le plus solide. En outre il utilise de petits diam\u00e8tres de bois. Surtout pas besoin de gros troncs\u00a0!<br \/>\nLorsque cet assemblage sera ma\u00eetris\u00e9, et cela vient tr\u00e8s vite, n\u2019importe quel scout ou guide devient un cador des installations. \u00a0Cet assemblage r\u00e9sout \u00e0 lui seul quasiment tous les cas d\u2019assemblages possible. Par la suite, la ma\u00eetrise du bois brut et des outils acquise gr\u00e2ce \u00e0 l\u2019assemblage tenon-mortaise permettra de s\u2019attaquer \u00e0 n\u2019importe quel autre type d\u2019assemblage.<b><br \/>\n<\/b><\/p>\n<p style=\"text-align: justify;\"><b>Un peu de m\u00e9canique<\/b><br \/>\nComparons les capacit\u00e9s d\u2019un assemblage tenon-mortaise (Forestage) \u00e0 celles d\u2019un assemblage mi-bois chevill\u00e9 (froissartage).<\/p>\n<p style=\"text-align: justify;\"><strong>Le point de vue de l\u2019architecte<br \/>\n<\/strong>Il existe au moins deux grand principes pour r\u00e9aliser des constructions rigides\u00a0:<\/p>\n<p style=\"text-align: left;\" align=\"center\"><em>La <strong>triangulation<\/strong> et l\u2019<strong>encastrement<\/strong>.<\/em><\/p>\n<p style=\"text-align: justify;\">Ces deux principes sont bons tous les deux mais ils ne sont pas employ\u00e9s pour les m\u00eames r\u00e9sultats ni pour les m\u00eames applications.<\/p>\n<p style=\"text-align: center;\">Quelques exemples parleront d\u2019eux-m\u00eames :<em><a href=\"http:\/\/arwann.com\/wp-content\/uploads\/2014\/04\/encastrement-triangulation.png\"><img loading=\"lazy\" decoding=\"async\" class=\"alignright\" src=\"http:\/\/arwann.com\/wp-content\/uploads\/2014\/04\/encastrement-triangulation.png\" alt=\"encastrement triangulation\" width=\"507\" height=\"563\" \/><\/a><\/em><\/p>\n<p style=\"text-align: justify;\">Retenons que le tenon-mortaise r\u00e9alise des encastrements presque parfaits. Avec cet assemblage il faut construire \u00ab\u00a0\u00e0 angle droit\u00a0\u00bb on fait des carr\u00e9s et des rectangles. En revanche il sera tr\u00e8s difficile de r\u00e9aliser des triangles avec le <b>TM.<\/b><\/p>\n<p style=\"text-align: justify;\">En revanche l\u2019assemblage mi-bois chevill\u00e9 du froissartage est assez bon pour r\u00e9aliser des structures triangul\u00e9es (mais on fait aussi bien avec de bons br\u00ealages.) Si on voulait faire des carr\u00e9s ou des rectangles avec le <b>MBC<\/b>, il faudrait imp\u00e9rativement mettre des diagonales (cordes ou perches) sinon tout se replie en parall\u00e9logramme.<\/p>\n<p style=\"text-align: justify;\"><a href=\"http:\/\/arwann.com\/wp-content\/uploads\/2014\/04\/tenon-vs-mibois.png\"><img loading=\"lazy\" decoding=\"async\" class=\"aligncenter wp-image-248 size-full\" style=\"border: 1px solid black;\" src=\"http:\/\/arwann.com\/wp-content\/uploads\/2014\/04\/tenon-vs-mibois.png\" alt=\"tenon vs mibois\" width=\"387\" height=\"466\" srcset=\"http:\/\/arwann.com\/wp-content\/uploads\/2014\/04\/tenon-vs-mibois.png 387w, http:\/\/arwann.com\/wp-content\/uploads\/2014\/04\/tenon-vs-mibois-300x361.png 300w, http:\/\/arwann.com\/wp-content\/uploads\/2014\/04\/tenon-vs-mibois-249x300.png 249w\" sizes=\"auto, (max-width: 387px) 100vw, 387px\" \/><\/a><\/p>\n<p style=\"text-align: justify;\"><b>Top Chrono\u00a0!<br \/>\n<\/b>Si les deux principes de construction (Tenon-Mortaise encastr\u00e9s et mi-bois chevill\u00e9) se valent en th\u00e9orie, il n\u2019en va pas de m\u00eame dans la pratique. Un assemblage TM se r\u00e9alise en 5 fois moins de temps qu\u2019un assemblage MBC. Avec un tout petit peu de pratique, un tenon se taille en 2 minutes et une mortaise normale se perce \u00e9galement en 2 minutes. Pour r\u00e9aliser un assemblage de m\u00eame performance en MBC il faut compter 20 mn. Et encore il n\u2019est pas tenu compte des plus gros diam\u00e8tres de bois rendus indispensables pour cette technique. En outre l\u2019ajustement final est toujours approximatif.<\/p>\n<p style=\"text-align: justify;\"><strong>Pr\u00e9parez la pharma\u00a0!<br \/>\n<\/strong>La question du temps pass\u00e9 est bien s\u00fbr importante lorsque les installations ne durent que 3 \u00bd\u00a0 jours mais il y a un autre avantage\u00a0: on se passe presque totalement du <a title=\"Outils\" href=\"http:\/\/arwann.com\/?page_id=299\">ciseau<\/a>. Et le ciseau est l\u2019outil le plus dangereux au camp. Une seule erreur et il se plante de plusieurs centim\u00e8tres dans les doigts ou la paume.<\/p>\n<p><a href=\"#Haut\">Retour en haut<\/a><em><br \/>\npage pr\u00e9c\u00e9dente : <a title=\"Esprit du Forestage\" href=\"http:\/\/arwann.com\/?page_id=135\">esprit du forestage<\/a><\/em><br \/>\n<em>page suivante : <a title=\"Le tenon\" href=\"http:\/\/arwann.com\/?page_id=228\">le tenon<\/a><\/em><\/p>\n","protected":false},"excerpt":{"rendered":"<p>Par Lama. Le coin des scouts -&gt; Forestage et installations Passons maintenant aux choses s\u00e9rieuses et aux exercices pratiques. Pour bien construire il faut ma\u00eetriser les techniques d\u2019assemblage et c\u2019est l\u00e0 le c\u0153ur du forestage scout. Il suffit de ma\u00eetriser un seul assemblage mais il faut parfaitement le poss\u00e9der. Toutes les autres techniques d\u2019assemblage que &hellip; <a href=\"http:\/\/arwann.com\/?page_id=303\" class=\"more-link\">Continuer la lecture de <span class=\"screen-reader-text\">L&rsquo;assemblage Tenon-Mortaise<\/span> <span class=\"meta-nav\">&rarr;<\/span><\/a><\/p>\n","protected":false},"author":1,"featured_media":0,"parent":121,"menu_order":0,"comment_status":"open","ping_status":"open","template":"","meta":{"footnotes":""},"class_list":["post-303","page","type-page","status-publish","hentry"],"yoast_head":"<!-- This site is optimized with the Yoast SEO plugin v27.2 - https:\/\/yoast.com\/product\/yoast-seo-wordpress\/ -->\n<title>L&#039;assemblage Tenon-Mortaise -<\/title>\n<meta name=\"robots\" content=\"index, follow, max-snippet:-1, max-image-preview:large, max-video-preview:-1\" \/>\n<link rel=\"canonical\" href=\"http:\/\/arwann.com\/?page_id=303\" \/>\n<meta property=\"og:locale\" content=\"fr_FR\" \/>\n<meta property=\"og:type\" content=\"article\" \/>\n<meta property=\"og:title\" content=\"L&#039;assemblage Tenon-Mortaise -\" \/>\n<meta property=\"og:description\" content=\"Par Lama. Le coin des scouts -&gt; Forestage et installations Passons maintenant aux choses s\u00e9rieuses et aux exercices pratiques. Pour bien construire il faut ma\u00eetriser les techniques d\u2019assemblage et c\u2019est l\u00e0 le c\u0153ur du forestage scout. Il suffit de ma\u00eetriser un seul assemblage mais il faut parfaitement le poss\u00e9der. Toutes les autres techniques d\u2019assemblage que &hellip; Continuer la lecture de L&rsquo;assemblage Tenon-Mortaise &rarr;\" \/>\n<meta property=\"og:url\" content=\"http:\/\/arwann.com\/?page_id=303\" \/>\n<meta property=\"article:modified_time\" content=\"2015-05-08T09:31:26+00:00\" \/>\n<meta property=\"og:image\" content=\"http:\/\/arwann.com\/wp-content\/uploads\/2014\/04\/bouton-scout.png\" \/>\n<meta name=\"twitter:label1\" content=\"Dur\u00e9e de lecture estim\u00e9e\" \/>\n\t<meta name=\"twitter:data1\" content=\"3 minutes\" \/>\n<script type=\"application\/ld+json\" class=\"yoast-schema-graph\">{\"@context\":\"https:\/\/schema.org\",\"@graph\":[{\"@type\":\"WebPage\",\"@id\":\"http:\/\/arwann.com\/?page_id=303\",\"url\":\"http:\/\/arwann.com\/?page_id=303\",\"name\":\"L'assemblage Tenon-Mortaise -\",\"isPartOf\":{\"@id\":\"http:\/\/arwann.com\/#website\"},\"primaryImageOfPage\":{\"@id\":\"http:\/\/arwann.com\/?page_id=303#primaryimage\"},\"image\":{\"@id\":\"http:\/\/arwann.com\/?page_id=303#primaryimage\"},\"thumbnailUrl\":\"http:\/\/arwann.com\/wp-content\/uploads\/2014\/04\/bouton-scout.png\",\"datePublished\":\"2014-04-03T13:03:16+00:00\",\"dateModified\":\"2015-05-08T09:31:26+00:00\",\"breadcrumb\":{\"@id\":\"http:\/\/arwann.com\/?page_id=303#breadcrumb\"},\"inLanguage\":\"fr-FR\",\"potentialAction\":[{\"@type\":\"ReadAction\",\"target\":[\"http:\/\/arwann.com\/?page_id=303\"]}]},{\"@type\":\"ImageObject\",\"inLanguage\":\"fr-FR\",\"@id\":\"http:\/\/arwann.com\/?page_id=303#primaryimage\",\"url\":\"http:\/\/arwann.com\/wp-content\/uploads\/2014\/04\/bouton-scout.png\",\"contentUrl\":\"http:\/\/arwann.com\/wp-content\/uploads\/2014\/04\/bouton-scout.png\",\"width\":400,\"height\":400},{\"@type\":\"BreadcrumbList\",\"@id\":\"http:\/\/arwann.com\/?page_id=303#breadcrumb\",\"itemListElement\":[{\"@type\":\"ListItem\",\"position\":1,\"name\":\"Home\",\"item\":\"http:\/\/arwann.com\/\"},{\"@type\":\"ListItem\",\"position\":2,\"name\":\"Le coin des Scouts\",\"item\":\"http:\/\/arwann.com\/?page_id=29\"},{\"@type\":\"ListItem\",\"position\":3,\"name\":\"Forestage et installations\",\"item\":\"http:\/\/arwann.com\/?page_id=121\"},{\"@type\":\"ListItem\",\"position\":4,\"name\":\"L&rsquo;assemblage Tenon-Mortaise\"}]},{\"@type\":\"WebSite\",\"@id\":\"http:\/\/arwann.com\/#website\",\"url\":\"http:\/\/arwann.com\/\",\"name\":\"Arwann.com\",\"description\":\"\",\"publisher\":{\"@id\":\"http:\/\/arwann.com\/#organization\"},\"potentialAction\":[{\"@type\":\"SearchAction\",\"target\":{\"@type\":\"EntryPoint\",\"urlTemplate\":\"http:\/\/arwann.com\/?s={search_term_string}\"},\"query-input\":{\"@type\":\"PropertyValueSpecification\",\"valueRequired\":true,\"valueName\":\"search_term_string\"}}],\"inLanguage\":\"fr-FR\"},{\"@type\":\"Organization\",\"@id\":\"http:\/\/arwann.com\/#organization\",\"name\":\"Arwann\",\"url\":\"http:\/\/arwann.com\/\",\"logo\":{\"@type\":\"ImageObject\",\"inLanguage\":\"fr-FR\",\"@id\":\"http:\/\/arwann.com\/#\/schema\/logo\/image\/\",\"url\":\"http:\/\/arwann.com\/wp-content\/uploads\/2014\/04\/cropped-bandeau-arwann-5.png\",\"contentUrl\":\"http:\/\/arwann.com\/wp-content\/uploads\/2014\/04\/cropped-bandeau-arwann-5.png\",\"width\":1600,\"height\":230,\"caption\":\"Arwann\"},\"image\":{\"@id\":\"http:\/\/arwann.com\/#\/schema\/logo\/image\/\"}}]}<\/script>\n<!-- \/ Yoast SEO plugin. -->","yoast_head_json":{"title":"L'assemblage Tenon-Mortaise -","robots":{"index":"index","follow":"follow","max-snippet":"max-snippet:-1","max-image-preview":"max-image-preview:large","max-video-preview":"max-video-preview:-1"},"canonical":"http:\/\/arwann.com\/?page_id=303","og_locale":"fr_FR","og_type":"article","og_title":"L'assemblage Tenon-Mortaise -","og_description":"Par Lama. Le coin des scouts -&gt; Forestage et installations Passons maintenant aux choses s\u00e9rieuses et aux exercices pratiques. Pour bien construire il faut ma\u00eetriser les techniques d\u2019assemblage et c\u2019est l\u00e0 le c\u0153ur du forestage scout. Il suffit de ma\u00eetriser un seul assemblage mais il faut parfaitement le poss\u00e9der. Toutes les autres techniques d\u2019assemblage que &hellip; Continuer la lecture de L&rsquo;assemblage Tenon-Mortaise &rarr;","og_url":"http:\/\/arwann.com\/?page_id=303","article_modified_time":"2015-05-08T09:31:26+00:00","og_image":[{"url":"http:\/\/arwann.com\/wp-content\/uploads\/2014\/04\/bouton-scout.png","type":"","width":"","height":""}],"twitter_misc":{"Dur\u00e9e de lecture estim\u00e9e":"3 minutes"},"schema":{"@context":"https:\/\/schema.org","@graph":[{"@type":"WebPage","@id":"http:\/\/arwann.com\/?page_id=303","url":"http:\/\/arwann.com\/?page_id=303","name":"L'assemblage Tenon-Mortaise -","isPartOf":{"@id":"http:\/\/arwann.com\/#website"},"primaryImageOfPage":{"@id":"http:\/\/arwann.com\/?page_id=303#primaryimage"},"image":{"@id":"http:\/\/arwann.com\/?page_id=303#primaryimage"},"thumbnailUrl":"http:\/\/arwann.com\/wp-content\/uploads\/2014\/04\/bouton-scout.png","datePublished":"2014-04-03T13:03:16+00:00","dateModified":"2015-05-08T09:31:26+00:00","breadcrumb":{"@id":"http:\/\/arwann.com\/?page_id=303#breadcrumb"},"inLanguage":"fr-FR","potentialAction":[{"@type":"ReadAction","target":["http:\/\/arwann.com\/?page_id=303"]}]},{"@type":"ImageObject","inLanguage":"fr-FR","@id":"http:\/\/arwann.com\/?page_id=303#primaryimage","url":"http:\/\/arwann.com\/wp-content\/uploads\/2014\/04\/bouton-scout.png","contentUrl":"http:\/\/arwann.com\/wp-content\/uploads\/2014\/04\/bouton-scout.png","width":400,"height":400},{"@type":"BreadcrumbList","@id":"http:\/\/arwann.com\/?page_id=303#breadcrumb","itemListElement":[{"@type":"ListItem","position":1,"name":"Home","item":"http:\/\/arwann.com\/"},{"@type":"ListItem","position":2,"name":"Le coin des Scouts","item":"http:\/\/arwann.com\/?page_id=29"},{"@type":"ListItem","position":3,"name":"Forestage et installations","item":"http:\/\/arwann.com\/?page_id=121"},{"@type":"ListItem","position":4,"name":"L&rsquo;assemblage Tenon-Mortaise"}]},{"@type":"WebSite","@id":"http:\/\/arwann.com\/#website","url":"http:\/\/arwann.com\/","name":"Arwann.com","description":"","publisher":{"@id":"http:\/\/arwann.com\/#organization"},"potentialAction":[{"@type":"SearchAction","target":{"@type":"EntryPoint","urlTemplate":"http:\/\/arwann.com\/?s={search_term_string}"},"query-input":{"@type":"PropertyValueSpecification","valueRequired":true,"valueName":"search_term_string"}}],"inLanguage":"fr-FR"},{"@type":"Organization","@id":"http:\/\/arwann.com\/#organization","name":"Arwann","url":"http:\/\/arwann.com\/","logo":{"@type":"ImageObject","inLanguage":"fr-FR","@id":"http:\/\/arwann.com\/#\/schema\/logo\/image\/","url":"http:\/\/arwann.com\/wp-content\/uploads\/2014\/04\/cropped-bandeau-arwann-5.png","contentUrl":"http:\/\/arwann.com\/wp-content\/uploads\/2014\/04\/cropped-bandeau-arwann-5.png","width":1600,"height":230,"caption":"Arwann"},"image":{"@id":"http:\/\/arwann.com\/#\/schema\/logo\/image\/"}}]}},"_links":{"self":[{"href":"http:\/\/arwann.com\/index.php?rest_route=\/wp\/v2\/pages\/303","targetHints":{"allow":["GET"]}}],"collection":[{"href":"http:\/\/arwann.com\/index.php?rest_route=\/wp\/v2\/pages"}],"about":[{"href":"http:\/\/arwann.com\/index.php?rest_route=\/wp\/v2\/types\/page"}],"author":[{"embeddable":true,"href":"http:\/\/arwann.com\/index.php?rest_route=\/wp\/v2\/users\/1"}],"replies":[{"embeddable":true,"href":"http:\/\/arwann.com\/index.php?rest_route=%2Fwp%2Fv2%2Fcomments&post=303"}],"version-history":[{"count":16,"href":"http:\/\/arwann.com\/index.php?rest_route=\/wp\/v2\/pages\/303\/revisions"}],"predecessor-version":[{"id":2711,"href":"http:\/\/arwann.com\/index.php?rest_route=\/wp\/v2\/pages\/303\/revisions\/2711"}],"up":[{"embeddable":true,"href":"http:\/\/arwann.com\/index.php?rest_route=\/wp\/v2\/pages\/121"}],"wp:attachment":[{"href":"http:\/\/arwann.com\/index.php?rest_route=%2Fwp%2Fv2%2Fmedia&parent=303"}],"curies":[{"name":"wp","href":"https:\/\/api.w.org\/{rel}","templated":true}]}}