{"id":2825,"date":"2015-07-05T19:42:35","date_gmt":"2015-07-05T18:42:35","guid":{"rendered":"http:\/\/arwann.com\/?page_id=2825"},"modified":"2015-07-05T19:50:28","modified_gmt":"2015-07-05T18:50:28","slug":"plans-de-tente-rehaussee","status":"publish","type":"page","link":"http:\/\/arwann.com\/?page_id=2825","title":{"rendered":"Plans de tente rehauss\u00e9e"},"content":{"rendered":"<p class=\"ecxMsoNormal\"><b><span style=\"font-family: 'Verdana','sans-serif'; font-size: 12pt;\">PLAN ET CONSEILS<\/span><\/b><\/p>\n<p class=\"ecxMsoNormal\">Par Lama<\/p>\n<p class=\"ecxMsoNormal\"><a href=\"http:\/\/arwann.com\/wp-content\/uploads\/2015\/07\/Tentes-4x2-plan.png\"><img loading=\"lazy\" decoding=\"async\" class=\"alignright wp-image-2830 size-medium\" src=\"http:\/\/arwann.com\/wp-content\/uploads\/2015\/07\/Tentes-4x2-plan-300x204.png\" alt=\"Tentes 4x2 plan\" width=\"300\" height=\"204\" srcset=\"http:\/\/arwann.com\/wp-content\/uploads\/2015\/07\/Tentes-4x2-plan-300x204.png 300w, http:\/\/arwann.com\/wp-content\/uploads\/2015\/07\/Tentes-4x2-plan-1024x698.png 1024w, http:\/\/arwann.com\/wp-content\/uploads\/2015\/07\/Tentes-4x2-plan.png 1123w\" sizes=\"auto, (max-width: 300px) 100vw, 300px\" \/><\/a>Dans les patrouilles ou la ma\u00eetrise on rencontre principalement des tentes canadiennes. Soit la tente est en longueur 6 ou 8 places soit elle est en largeur 8 places (type Jamboree). Ce sont donc ces tentes qu\u2019il faut am\u00e9nager et on va commencer par les rehausser.<\/p>\n<p class=\"ecxMsoNormal\">Une fois que le principe des lits superpos\u00e9 est assimil\u00e9 il faut choisir un plan pour installer sous la tente autant de lits que de patrouillards. Il faut aussi installer un auvent qui va consid\u00e9rablement agrandir la petite maison.<\/p>\n<p class=\"ecxMsoNormal\"><a href=\"http:\/\/arwann.com\/wp-content\/uploads\/2015\/07\/Tentes-3x2-plan.png\"><img loading=\"lazy\" decoding=\"async\" class=\"alignright wp-image-2829 size-medium\" src=\"http:\/\/arwann.com\/wp-content\/uploads\/2015\/07\/Tentes-3x2-plan-300x264.png\" alt=\"Tentes 3x2 plan\" width=\"300\" height=\"264\" srcset=\"http:\/\/arwann.com\/wp-content\/uploads\/2015\/07\/Tentes-3x2-plan-300x264.png 300w, http:\/\/arwann.com\/wp-content\/uploads\/2015\/07\/Tentes-3x2-plan.png 912w\" sizes=\"auto, (max-width: 300px) 100vw, 300px\" \/><\/a>La tente 8 places de type jamboree convient admirablement pour les tentes rehauss\u00e9es. On peut inventer n\u2019importe quel plan, \u00e7a marche toujours \u00e0 merveille. En outre le double toit (taille jamboree \u00e9galement) allonge l\u2019aire couverte. Nous ne nous \u00e9tendrons pas sur ces tentes, les scouts qui en sont \u00e0 ce niveau n\u2019ont plus besoin qu\u2019on les guide. Cependant juste un rappel. Des protections antichute si n\u00e9cessaire et d\u00e8s que c\u2019est un peu haut. ET une bonne \u00e9chelle.<\/p>\n<h2 class=\"ecxMsoNormal\"><span style=\"color: #800080;\">LA GOUTTI\u00c8RE<\/span><\/h2>\n<p class=\"ecxMsoNormal\"><a href=\"http:\/\/arwann.com\/wp-content\/uploads\/2015\/07\/tente-et-double-toit-accol\u00e9s.png\"><img loading=\"lazy\" decoding=\"async\" class=\"alignright wp-image-2826 size-large\" src=\"http:\/\/arwann.com\/wp-content\/uploads\/2015\/07\/tente-et-double-toit-accol\u00e9s-1024x532.png\" alt=\"tentes accol\u00e9es avec goutti\u00e8re scoutisme froissartagetente et double toit accol\u00e9s\" width=\"604\" height=\"314\" srcset=\"http:\/\/arwann.com\/wp-content\/uploads\/2015\/07\/tente-et-double-toit-accol\u00e9s-1024x532.png 1024w, http:\/\/arwann.com\/wp-content\/uploads\/2015\/07\/tente-et-double-toit-accol\u00e9s-300x156.png 300w, http:\/\/arwann.com\/wp-content\/uploads\/2015\/07\/tente-et-double-toit-accol\u00e9s.png 1091w\" sizes=\"auto, (max-width: 604px) 100vw, 604px\" \/><\/a>Pour les tentes plus longues que larges, l\u2019implantation des lits est plus difficile surtout pour les tentes 3 x 2m. (voir les quelques dispositions). Mais on se heurte \u00e0 une nouvelle difficult\u00e9\u00a0: si on veut allonger l\u2019aire couverte avec une double-toit suppl\u00e9mentaire, il n\u2019y a gu\u00e8re d\u2019autre moyen que d\u2019accoler les deux DT par leur rive. Mais si on laisse en l\u2019\u00e9tat, l\u2019eau va couler abondamment \u00e0 la jonction des deux rives. Il faut donc am\u00e9nager une goutti\u00e8re. Cette op\u00e9ration n\u00e9cessite un peu de doigt\u00e9 mais le r\u00e9sultat r\u00e9compense des efforts.<\/p>\n<p class=\"ecxMsoNormal\"><a href=\"http:\/\/arwann.com\/wp-content\/uploads\/2015\/07\/tente-et-double-toit-goutti\u00e8re.png\"><img loading=\"lazy\" decoding=\"async\" class=\"alignright wp-image-2827 size-large\" src=\"http:\/\/arwann.com\/wp-content\/uploads\/2015\/07\/tente-et-double-toit-goutti\u00e8re-1024x492.png\" alt=\"tente et double toit goutti\u00e8re\" width=\"604\" height=\"290\" srcset=\"http:\/\/arwann.com\/wp-content\/uploads\/2015\/07\/tente-et-double-toit-goutti\u00e8re-1024x492.png 1024w, http:\/\/arwann.com\/wp-content\/uploads\/2015\/07\/tente-et-double-toit-goutti\u00e8re-300x144.png 300w, http:\/\/arwann.com\/wp-content\/uploads\/2015\/07\/tente-et-double-toit-goutti\u00e8re.png 1438w\" sizes=\"auto, (max-width: 604px) 100vw, 604px\" \/><\/a>1)<span style=\"font: 7pt\/normal 'Times New Roman'; font-size-adjust: none; font-stretch: normal;\">\u00a0\u00a0\u00a0\u00a0 <\/span>Installer les deux DT sans les tendre bien s\u00fbr.<\/p>\n<p class=\"ecxMsoNormal\">2)<span style=\"font: 7pt\/normal 'Times New Roman'; font-size-adjust: none; font-stretch: normal;\">\u00a0\u00a0\u00a0\u00a0 <\/span>Placer bord \u00e0 bord les deux rives et laisser pendre les tendeurs. Il faut \u00eatre plusieurs pour r\u00e9ussir cette op\u00e9ration.<\/p>\n<p class=\"ecxMsoNormal\">3)<span style=\"font: 7pt\/normal 'Times New Roman'; font-size-adjust: none; font-stretch: normal;\">\u00a0\u00a0\u00a0\u00a0 <\/span>Pr\u00e9senter une longue perche (elle d\u00e9bordera nettement des DT). Elle doit aussi \u00eatre assez droite et d\u2019un diam\u00e8tre qui ne la rend ni trop rigide ni trop souple. Placer cette perche bien parall\u00e8le aux rives superpos\u00e9e et \u00e0 environ 20-25cm en-dessous.<\/p>\n<p class=\"ecxMsoNormal\">4)<span style=\"font: 7pt\/normal 'Times New Roman'; font-size-adjust: none; font-stretch: normal;\">\u00a0\u00a0\u00a0\u00a0 <\/span>Attacher tous les tendeurs en les enroulant dans le m\u00eame sens. Les fixer ensuite avec des demi-cl\u00e9s.<\/p>\n<p class=\"ecxMsoNormal\">5)<span style=\"font: 7pt\/normal 'Times New Roman'; font-size-adjust: none; font-stretch: normal;\">\u00a0\u00a0\u00a0\u00a0 <\/span>\u00c0 plusieurs, rouler doucement la perche jusqu\u2019\u00e0 enrouler les DT. D\u00e8s qu\u2019il y a un peu de recouvrement on peut cesser.<\/p>\n<p class=\"ecxMsoNormal\">6)<span style=\"font: 7pt\/normal 'Times New Roman'; font-size-adjust: none; font-stretch: normal;\">\u00a0\u00a0\u00a0\u00a0 <\/span>Bloquer la perche en rotation avec par exemple des piquets ou des m\u00e2ts qui vont au sol. Bien tendre pour que la goutti\u00e8re ainsi cr\u00e9e ne bouge plus. M\u00eame par grand vent.<\/p>\n<p class=\"ecxMsoNormal\"><span style=\"color: #ff0000;\"><strong>ATTENTION<\/strong><\/span> \u00e0 ce que la perche ne soit pas tordue, sinon des creux vont se former qui retiendront l\u2019eau.<\/p>\n<p class=\"ecxMsoNormal\"><strong><span style=\"color: #ff0000;\">ATTENTION<\/span><\/strong>\u00a0: par temps de pluie on \u00e9vite absolument de toucher le dessous de la goutti\u00e8re sous risque de la faire gouter \u00e0 l\u2019int\u00e9rieur.<\/p>\n<p class=\"ecxMsoNormal\"><strong><span style=\"color: #008080;\">ID\u00c9E<\/span> <\/strong>au d\u00e9bouch\u00e9 de la goutti\u00e8re on peut placer une bassine ou une gamelle, \u00e7a fait toujours une corv\u00e9e d\u2019eau en moins.<\/p>\n<h2 class=\"ecxMsoNormal\"><span style=\"color: #800080;\">LES M\u00c2TS DE BOIS<\/span><\/h2>\n<p class=\"ecxMsoNormal\">En installant la tente rehauss\u00e9e on s\u2019aper\u00e7oit bien vite que les m\u00e2ts en \u00e9l\u00e9ment m\u00e9talliques livr\u00e9s avec la tente sont alors bien trop courts. Pour un simple DT il n\u2019y a aucun probl\u00e8me, on taille un m\u00e2t dans une perche et tout est dit.<\/p>\n<p class=\"ecxMsoNormal\">Pour la tente + le double-toit c\u2019est plus compliqu\u00e9. Il faut absolument une tige fine qui va recevoir le m\u00e2tereau dont le r\u00f4le est d\u2019\u00e9carter le double-toit de la tente (sinon \u00e7a risque de goutter dans la tente).<\/p>\n<p class=\"ecxMsoNormal\"><span style=\"color: #008080;\"><strong>Solution\u00a0:<\/strong><\/span><br \/>\n<strong><a href=\"http:\/\/arwann.com\/wp-content\/uploads\/2015\/07\/tente-et-double-toit-piquet.png\"><img loading=\"lazy\" decoding=\"async\" class=\"alignright wp-image-2828 size-large\" src=\"http:\/\/arwann.com\/wp-content\/uploads\/2015\/07\/tente-et-double-toit-piquet-1024x591.png\" alt=\"tente et double toit piquet\" width=\"604\" height=\"349\" srcset=\"http:\/\/arwann.com\/wp-content\/uploads\/2015\/07\/tente-et-double-toit-piquet-1024x591.png 1024w, http:\/\/arwann.com\/wp-content\/uploads\/2015\/07\/tente-et-double-toit-piquet-300x173.png 300w, http:\/\/arwann.com\/wp-content\/uploads\/2015\/07\/tente-et-double-toit-piquet.png 1176w\" sizes=\"auto, (max-width: 604px) 100vw, 604px\" \/><\/a>A)<span style=\"line-height: normal; font-family: 'Times New Roman'; font-size: 7pt; font-style: normal; font-variant: normal; font-size-adjust: none; font-stretch: normal;\">\u00a0\u00a0\u00a0 <\/span>Pas terrible<\/strong>\u00a0: on trouve d\u2019autres \u00e9l\u00e9ments m\u00e9talliques compatibles qu\u2019on emmanche jusqu\u2019\u00e0 obtenir la bonne hauteur (c\u2019est assez moche dans la tente rehauss\u00e9e)<br \/>\n<strong>B)<span style=\"line-height: normal; font-family: 'Times New Roman'; font-size: 7pt; font-style: normal; font-variant: normal; font-size-adjust: none; font-stretch: normal;\">\u00a0\u00a0\u00a0\u00a0 <\/span>Mieux<\/strong>\u00a0: on prend une perche de la bonne hauteur et on y fore un trou assez profond et on y fiche un fer \u00e0 b\u00e9ton 8 \u00e0 10 mm. Ne pas oublier de ligaturer le haut de la perche, sinon il y risque d\u2019\u00e9clatement. On peut aussi essayer de ligaturer soigneusement ce fer \u00e0 b\u00e9ton (alors plus long) sur le c\u00f4t\u00e9 de la perche.<br \/>\n<strong>C)<span style=\"line-height: normal; font-family: 'Times New Roman'; font-size: 7pt; font-style: normal; font-variant: normal; font-size-adjust: none; font-stretch: normal;\">\u00a0\u00a0\u00a0\u00a0 <\/span>Assez bien<\/strong>\u00a0: perche \u00e9galement mais plus solide pour y forer un trou plus gros qui recevra le dernier \u00e9l\u00e9ment du m\u00e2t m\u00e9tallique. ATTENTION\u00a0: il faut creuser profond. Et il faut imp\u00e9rativement ligaturer tr\u00e8s solidement le sommet de la perche pour emp\u00eacher l\u2019\u00e9clatement.<\/p>\n<p class=\"ecxMsoNormal\">Lorsqu\u2019on a ainsi remplac\u00e9 les m\u00e2ts m\u00e9talliques pas de solides perches, il ne faut pas en rester l\u00e0. On peut relier les m\u00e2ts entre eux par des perches horizontales (am\u00e9nagements, oriflammes, lampe \u00e0 p\u00e9trole\u2026). En \u00e9tant astucieux, on peut m\u00eame se passer d\u2019un m\u00e2t central (dans le cas de deux DT 2 x 4m). Une \u00ab\u00a0 panne fa\u00eeti\u00e8re\u00a0\u00bb, simple ou double, relie les deux m\u00e2ts et vient supporter en haut un petit m\u00e2t central.<\/p>\n<p class=\"ecxMsoNormal\"><a href=\"http:\/\/arwann.com\/?page_id=2773\">Tentes rehauss\u00e9es<\/a><br \/>\n<a href=\"http:\/\/arwann.com\/?page_id=2769\">Tentes am\u00e9nag\u00e9es<\/a><\/p>\n","protected":false},"excerpt":{"rendered":"<p>PLAN ET CONSEILS Par Lama Dans les patrouilles ou la ma\u00eetrise on rencontre principalement des tentes canadiennes. Soit la tente est en longueur 6 ou 8 places soit elle est en largeur 8 places (type Jamboree). Ce sont donc ces tentes qu\u2019il faut am\u00e9nager et on va commencer par les rehausser. Une fois que le &hellip; <a href=\"http:\/\/arwann.com\/?page_id=2825\" class=\"more-link\">Continuer la lecture de <span class=\"screen-reader-text\">Plans de tente rehauss\u00e9e<\/span> <span class=\"meta-nav\">&rarr;<\/span><\/a><\/p>\n","protected":false},"author":1,"featured_media":0,"parent":2769,"menu_order":0,"comment_status":"open","ping_status":"open","template":"","meta":{"footnotes":""},"class_list":["post-2825","page","type-page","status-publish","hentry"],"yoast_head":"<!-- This site is optimized with the Yoast SEO plugin v27.2 - https:\/\/yoast.com\/product\/yoast-seo-wordpress\/ -->\n<title>Plans de tente rehauss\u00e9e -<\/title>\n<meta name=\"robots\" content=\"index, follow, max-snippet:-1, max-image-preview:large, max-video-preview:-1\" \/>\n<link rel=\"canonical\" href=\"http:\/\/arwann.com\/?page_id=2825\" \/>\n<meta property=\"og:locale\" content=\"fr_FR\" \/>\n<meta property=\"og:type\" content=\"article\" \/>\n<meta property=\"og:title\" content=\"Plans de tente rehauss\u00e9e -\" \/>\n<meta property=\"og:description\" content=\"PLAN ET CONSEILS Par Lama Dans les patrouilles ou la ma\u00eetrise on rencontre principalement des tentes canadiennes. Soit la tente est en longueur 6 ou 8 places soit elle est en largeur 8 places (type Jamboree). Ce sont donc ces tentes qu\u2019il faut am\u00e9nager et on va commencer par les rehausser. Une fois que le &hellip; Continuer la lecture de Plans de tente rehauss\u00e9e &rarr;\" \/>\n<meta property=\"og:url\" content=\"http:\/\/arwann.com\/?page_id=2825\" \/>\n<meta property=\"article:modified_time\" content=\"2015-07-05T18:50:28+00:00\" \/>\n<meta property=\"og:image\" content=\"http:\/\/arwann.com\/wp-content\/uploads\/2015\/07\/Tentes-4x2-plan-300x204.png\" \/>\n<meta name=\"twitter:label1\" content=\"Dur\u00e9e de lecture estim\u00e9e\" \/>\n\t<meta name=\"twitter:data1\" content=\"4 minutes\" \/>\n<script type=\"application\/ld+json\" class=\"yoast-schema-graph\">{\"@context\":\"https:\/\/schema.org\",\"@graph\":[{\"@type\":\"WebPage\",\"@id\":\"http:\/\/arwann.com\/?page_id=2825\",\"url\":\"http:\/\/arwann.com\/?page_id=2825\",\"name\":\"Plans de tente rehauss\u00e9e -\",\"isPartOf\":{\"@id\":\"http:\/\/arwann.com\/#website\"},\"primaryImageOfPage\":{\"@id\":\"http:\/\/arwann.com\/?page_id=2825#primaryimage\"},\"image\":{\"@id\":\"http:\/\/arwann.com\/?page_id=2825#primaryimage\"},\"thumbnailUrl\":\"http:\/\/arwann.com\/wp-content\/uploads\/2015\/07\/Tentes-4x2-plan-300x204.png\",\"datePublished\":\"2015-07-05T18:42:35+00:00\",\"dateModified\":\"2015-07-05T18:50:28+00:00\",\"breadcrumb\":{\"@id\":\"http:\/\/arwann.com\/?page_id=2825#breadcrumb\"},\"inLanguage\":\"fr-FR\",\"potentialAction\":[{\"@type\":\"ReadAction\",\"target\":[\"http:\/\/arwann.com\/?page_id=2825\"]}]},{\"@type\":\"ImageObject\",\"inLanguage\":\"fr-FR\",\"@id\":\"http:\/\/arwann.com\/?page_id=2825#primaryimage\",\"url\":\"http:\/\/arwann.com\/wp-content\/uploads\/2015\/07\/Tentes-4x2-plan.png\",\"contentUrl\":\"http:\/\/arwann.com\/wp-content\/uploads\/2015\/07\/Tentes-4x2-plan.png\",\"width\":1123,\"height\":765},{\"@type\":\"BreadcrumbList\",\"@id\":\"http:\/\/arwann.com\/?page_id=2825#breadcrumb\",\"itemListElement\":[{\"@type\":\"ListItem\",\"position\":1,\"name\":\"Home\",\"item\":\"http:\/\/arwann.com\/\"},{\"@type\":\"ListItem\",\"position\":2,\"name\":\"Le coin des Scouts\",\"item\":\"http:\/\/arwann.com\/?page_id=29\"},{\"@type\":\"ListItem\",\"position\":3,\"name\":\"Forestage et installations\",\"item\":\"http:\/\/arwann.com\/?page_id=121\"},{\"@type\":\"ListItem\",\"position\":4,\"name\":\"Les tentes am\u00e9nag\u00e9es\",\"item\":\"http:\/\/arwann.com\/?page_id=2769\"},{\"@type\":\"ListItem\",\"position\":5,\"name\":\"Plans de tente rehauss\u00e9e\"}]},{\"@type\":\"WebSite\",\"@id\":\"http:\/\/arwann.com\/#website\",\"url\":\"http:\/\/arwann.com\/\",\"name\":\"Arwann.com\",\"description\":\"\",\"publisher\":{\"@id\":\"http:\/\/arwann.com\/#organization\"},\"potentialAction\":[{\"@type\":\"SearchAction\",\"target\":{\"@type\":\"EntryPoint\",\"urlTemplate\":\"http:\/\/arwann.com\/?s={search_term_string}\"},\"query-input\":{\"@type\":\"PropertyValueSpecification\",\"valueRequired\":true,\"valueName\":\"search_term_string\"}}],\"inLanguage\":\"fr-FR\"},{\"@type\":\"Organization\",\"@id\":\"http:\/\/arwann.com\/#organization\",\"name\":\"Arwann\",\"url\":\"http:\/\/arwann.com\/\",\"logo\":{\"@type\":\"ImageObject\",\"inLanguage\":\"fr-FR\",\"@id\":\"http:\/\/arwann.com\/#\/schema\/logo\/image\/\",\"url\":\"http:\/\/arwann.com\/wp-content\/uploads\/2014\/04\/cropped-bandeau-arwann-5.png\",\"contentUrl\":\"http:\/\/arwann.com\/wp-content\/uploads\/2014\/04\/cropped-bandeau-arwann-5.png\",\"width\":1600,\"height\":230,\"caption\":\"Arwann\"},\"image\":{\"@id\":\"http:\/\/arwann.com\/#\/schema\/logo\/image\/\"}}]}<\/script>\n<!-- \/ Yoast SEO plugin. -->","yoast_head_json":{"title":"Plans de tente rehauss\u00e9e -","robots":{"index":"index","follow":"follow","max-snippet":"max-snippet:-1","max-image-preview":"max-image-preview:large","max-video-preview":"max-video-preview:-1"},"canonical":"http:\/\/arwann.com\/?page_id=2825","og_locale":"fr_FR","og_type":"article","og_title":"Plans de tente rehauss\u00e9e -","og_description":"PLAN ET CONSEILS Par Lama Dans les patrouilles ou la ma\u00eetrise on rencontre principalement des tentes canadiennes. Soit la tente est en longueur 6 ou 8 places soit elle est en largeur 8 places (type Jamboree). Ce sont donc ces tentes qu\u2019il faut am\u00e9nager et on va commencer par les rehausser. Une fois que le &hellip; Continuer la lecture de Plans de tente rehauss\u00e9e &rarr;","og_url":"http:\/\/arwann.com\/?page_id=2825","article_modified_time":"2015-07-05T18:50:28+00:00","og_image":[{"url":"http:\/\/arwann.com\/wp-content\/uploads\/2015\/07\/Tentes-4x2-plan-300x204.png","type":"","width":"","height":""}],"twitter_misc":{"Dur\u00e9e de lecture estim\u00e9e":"4 minutes"},"schema":{"@context":"https:\/\/schema.org","@graph":[{"@type":"WebPage","@id":"http:\/\/arwann.com\/?page_id=2825","url":"http:\/\/arwann.com\/?page_id=2825","name":"Plans de tente rehauss\u00e9e -","isPartOf":{"@id":"http:\/\/arwann.com\/#website"},"primaryImageOfPage":{"@id":"http:\/\/arwann.com\/?page_id=2825#primaryimage"},"image":{"@id":"http:\/\/arwann.com\/?page_id=2825#primaryimage"},"thumbnailUrl":"http:\/\/arwann.com\/wp-content\/uploads\/2015\/07\/Tentes-4x2-plan-300x204.png","datePublished":"2015-07-05T18:42:35+00:00","dateModified":"2015-07-05T18:50:28+00:00","breadcrumb":{"@id":"http:\/\/arwann.com\/?page_id=2825#breadcrumb"},"inLanguage":"fr-FR","potentialAction":[{"@type":"ReadAction","target":["http:\/\/arwann.com\/?page_id=2825"]}]},{"@type":"ImageObject","inLanguage":"fr-FR","@id":"http:\/\/arwann.com\/?page_id=2825#primaryimage","url":"http:\/\/arwann.com\/wp-content\/uploads\/2015\/07\/Tentes-4x2-plan.png","contentUrl":"http:\/\/arwann.com\/wp-content\/uploads\/2015\/07\/Tentes-4x2-plan.png","width":1123,"height":765},{"@type":"BreadcrumbList","@id":"http:\/\/arwann.com\/?page_id=2825#breadcrumb","itemListElement":[{"@type":"ListItem","position":1,"name":"Home","item":"http:\/\/arwann.com\/"},{"@type":"ListItem","position":2,"name":"Le coin des Scouts","item":"http:\/\/arwann.com\/?page_id=29"},{"@type":"ListItem","position":3,"name":"Forestage et installations","item":"http:\/\/arwann.com\/?page_id=121"},{"@type":"ListItem","position":4,"name":"Les tentes am\u00e9nag\u00e9es","item":"http:\/\/arwann.com\/?page_id=2769"},{"@type":"ListItem","position":5,"name":"Plans de tente rehauss\u00e9e"}]},{"@type":"WebSite","@id":"http:\/\/arwann.com\/#website","url":"http:\/\/arwann.com\/","name":"Arwann.com","description":"","publisher":{"@id":"http:\/\/arwann.com\/#organization"},"potentialAction":[{"@type":"SearchAction","target":{"@type":"EntryPoint","urlTemplate":"http:\/\/arwann.com\/?s={search_term_string}"},"query-input":{"@type":"PropertyValueSpecification","valueRequired":true,"valueName":"search_term_string"}}],"inLanguage":"fr-FR"},{"@type":"Organization","@id":"http:\/\/arwann.com\/#organization","name":"Arwann","url":"http:\/\/arwann.com\/","logo":{"@type":"ImageObject","inLanguage":"fr-FR","@id":"http:\/\/arwann.com\/#\/schema\/logo\/image\/","url":"http:\/\/arwann.com\/wp-content\/uploads\/2014\/04\/cropped-bandeau-arwann-5.png","contentUrl":"http:\/\/arwann.com\/wp-content\/uploads\/2014\/04\/cropped-bandeau-arwann-5.png","width":1600,"height":230,"caption":"Arwann"},"image":{"@id":"http:\/\/arwann.com\/#\/schema\/logo\/image\/"}}]}},"_links":{"self":[{"href":"http:\/\/arwann.com\/index.php?rest_route=\/wp\/v2\/pages\/2825","targetHints":{"allow":["GET"]}}],"collection":[{"href":"http:\/\/arwann.com\/index.php?rest_route=\/wp\/v2\/pages"}],"about":[{"href":"http:\/\/arwann.com\/index.php?rest_route=\/wp\/v2\/types\/page"}],"author":[{"embeddable":true,"href":"http:\/\/arwann.com\/index.php?rest_route=\/wp\/v2\/users\/1"}],"replies":[{"embeddable":true,"href":"http:\/\/arwann.com\/index.php?rest_route=%2Fwp%2Fv2%2Fcomments&post=2825"}],"version-history":[{"count":8,"href":"http:\/\/arwann.com\/index.php?rest_route=\/wp\/v2\/pages\/2825\/revisions"}],"predecessor-version":[{"id":2838,"href":"http:\/\/arwann.com\/index.php?rest_route=\/wp\/v2\/pages\/2825\/revisions\/2838"}],"up":[{"embeddable":true,"href":"http:\/\/arwann.com\/index.php?rest_route=\/wp\/v2\/pages\/2769"}],"wp:attachment":[{"href":"http:\/\/arwann.com\/index.php?rest_route=%2Fwp%2Fv2%2Fmedia&parent=2825"}],"curies":[{"name":"wp","href":"https:\/\/api.w.org\/{rel}","templated":true}]}}