{"id":2535,"date":"2015-02-26T12:29:05","date_gmt":"2015-02-26T11:29:05","guid":{"rendered":"http:\/\/arwann.com\/?page_id=2535"},"modified":"2015-05-08T10:59:35","modified_gmt":"2015-05-08T09:59:35","slug":"allumer-un-feu-sous-la-pluie","status":"publish","type":"page","link":"http:\/\/arwann.com\/?page_id=2535","title":{"rendered":"Allumer un feu sous la pluie"},"content":{"rendered":"<p style=\"text-align: justify;\"><a href=\"http:\/\/arwann.com\/wp-content\/uploads\/2014\/04\/bouton-scout.png\"><img loading=\"lazy\" decoding=\"async\" class=\"alignright wp-image-892\" src=\"http:\/\/arwann.com\/wp-content\/uploads\/2014\/04\/bouton-scout.png\" alt=\"bouton scout\" width=\"200\" height=\"200\" srcset=\"http:\/\/arwann.com\/wp-content\/uploads\/2014\/04\/bouton-scout.png 400w, http:\/\/arwann.com\/wp-content\/uploads\/2014\/04\/bouton-scout-200x200.png 200w, http:\/\/arwann.com\/wp-content\/uploads\/2014\/04\/bouton-scout-100x100.png 100w, http:\/\/arwann.com\/wp-content\/uploads\/2014\/04\/bouton-scout-300x300.png 300w, http:\/\/arwann.com\/wp-content\/uploads\/2014\/04\/bouton-scout-150x150.png 150w\" sizes=\"auto, (max-width: 200px) 100vw, 200px\" \/><\/a><a name=\"Haut\"><\/a>Par Wapiti. <a href=\"http:\/\/arwann.com\/?page_id=29\">Le coin des scouts<\/a> -&gt;<a href=\"http:\/\/arwann.com\/?page_id=350\"> Bivouac<\/a><\/p>\n<p style=\"text-align: justify;\">Quoi de plus d\u00e9primant qu\u2019un feu qui ne d\u00e9marre pas alors qu\u2019il pleut et que toute la patrouille est tremp\u00e9e\u00a0?<\/p>\n<p style=\"text-align: justify;\">Pour se fixer les id\u00e9es on prendra le cas d\u2019une pluie battante. Si tu as la chance de faire face \u00e0 une pluie moins forte, allumer ton feu sera d\u2019autant plus facile.<\/p>\n<p style=\"text-align: justify;\">La journ\u00e9e de raid se termine et il faut commencer \u00e0 monter le bivouac, sous la pluie.<\/p>\n<p style=\"text-align: justify;\">C\u2019est le moment critique o\u00f9 il faut quitter son puncho pour monter le bivouac. Le moral remontera d\u00e8s qu\u2019un bon feu ronflera, mais pour l\u2019instant tout est froid et humide.<\/p>\n<h3 style=\"text-align: justify;\"><span style=\"color: #800000;\"><strong>Ne pas trop se mouiller<\/strong><\/span><\/h3>\n<p style=\"text-align: justify;\">La premi\u00e8re chose \u00e0 faire est prot\u00e9ger les sacs et monter un premier puncho cerf-volant (voir <a title=\"Puncho cerf-volant, utilisations multiples\" href=\"http:\/\/arwann.com\/?page_id=2367\">puncho cerf-volant, utilisations multiples<\/a>).<\/p>\n<p style=\"text-align: justify;\">Il ne faut pas h\u00e9siter quitter quelques \u00e9paisseurs (pull, treillis\u2026), voire se mettre torse nu pour les plus courageux, pendant les premiers instants o\u00f9 il pleut tr\u00e8s fort et o\u00f9 il faut s\u2019activer \u00e0 chercher des perches, creuser le trou du feu et ramasser le plus de bois sec possible. Si on s\u2019active bien, on n\u2019a pas le temps de prendre froid en 10 minutes. Un pull mouill\u00e9 sera tr\u00e8s long \u00e0 s\u00e9cher, une chemise beaucoup moins. Une fois que le bivouac sera \u00e0 peu pr\u00e8s mont\u00e9 on pourra remettre ses \u00e9paisseurs, moins mouill\u00e9es que si on les avait gard\u00e9es sur le dos.<\/p>\n<p style=\"text-align: justify;\">Le premier cerf-volant doit \u00eatre mont\u00e9 tr\u00e8s rapidement (voir<a title=\"Le puncho cerf-volant\" href=\"http:\/\/arwann.com\/?page_id=493\"> puncho cerf-volant<\/a>).<\/p>\n<p style=\"text-align: justify;\">Pendant le montage du premier cerf-volant, un scout creuse le trou du feu et les autres s\u2019activent \u00e0 trouver des brindilles s\u00e8ches.<\/p>\n<h3 style=\"text-align: justify;\"><span style=\"color: #800000;\"><strong>Des brindilles bien s\u00e8ches<\/strong><\/span><\/h3>\n<p style=\"text-align: justify;\">On ne peut pas d\u00e9marrer un feu avec des brindilles mouill\u00e9es. Il est imp\u00e9ratif de trouver des brindilles s\u00e8ches ou du moins juste mouill\u00e9es superficiellement. On les trouve sur les arbres et non pas au sol o\u00f9 elles ont tout loisir de s\u2019imbiber d\u2019eau. Un noisetier ou un \u00e9pic\u00e9a poss\u00e8dent quantit\u00e9 de brindilles mortes encore accroch\u00e9es \u00e0 l\u2019arbre. Cela est n\u00e9cessaire pour d\u00e9marrer le feu.<\/p>\n<figure id=\"attachment_2522\" aria-describedby=\"caption-attachment-2522\" style=\"width: 200px\" class=\"wp-caption alignright\"><a href=\"http:\/\/arwann.com\/wp-content\/uploads\/2015\/01\/\u00e9pic\u00e9a-sec.jpg\"><img loading=\"lazy\" decoding=\"async\" class=\"wp-image-2522 size-medium\" src=\"http:\/\/arwann.com\/wp-content\/uploads\/2015\/01\/\u00e9pic\u00e9a-sec-200x300.jpg\" alt=\"un \u00e9pic\u00e9a sec sur pied\" width=\"200\" height=\"300\" srcset=\"http:\/\/arwann.com\/wp-content\/uploads\/2015\/01\/\u00e9pic\u00e9a-sec-200x300.jpg 200w, http:\/\/arwann.com\/wp-content\/uploads\/2015\/01\/\u00e9pic\u00e9a-sec-300x450.jpg 300w, http:\/\/arwann.com\/wp-content\/uploads\/2015\/01\/\u00e9pic\u00e9a-sec.jpg 683w\" sizes=\"auto, (max-width: 200px) 100vw, 200px\" \/><\/a><figcaption id=\"caption-attachment-2522\" class=\"wp-caption-text\">brindilles bien s\u00e8ches sur un \u00e9pic\u00e9a<\/figcaption><\/figure>\n<figure id=\"attachment_2617\" aria-describedby=\"caption-attachment-2617\" style=\"width: 200px\" class=\"wp-caption alignleft\"><a href=\"http:\/\/arwann.com\/wp-content\/uploads\/2015\/01\/P4160174.jpg\"><img loading=\"lazy\" decoding=\"async\" class=\"wp-image-2617 size-medium\" src=\"http:\/\/arwann.com\/wp-content\/uploads\/2015\/01\/P4160174-200x300.jpg\" alt=\"Brindilles presque s\u00e8ches au centre d'un bouquet de troncs (ici aulnes)\" width=\"200\" height=\"300\" srcset=\"http:\/\/arwann.com\/wp-content\/uploads\/2015\/01\/P4160174-200x300.jpg 200w, http:\/\/arwann.com\/wp-content\/uploads\/2015\/01\/P4160174-300x450.jpg 300w, http:\/\/arwann.com\/wp-content\/uploads\/2015\/01\/P4160174-683x1024.jpg 683w\" sizes=\"auto, (max-width: 200px) 100vw, 200px\" \/><\/a><figcaption id=\"caption-attachment-2617\" class=\"wp-caption-text\">Brindilles presque s\u00e8ches au centre d&rsquo;un bouquet de troncs (ici aulnes)<\/figcaption><\/figure>\n<p>Il ne faut pas non plus n\u00e9gliger les \u00e9corces de bouleau. On les prend directement sur un arbre vivant en prenant soin de ne pas mettre en danger l\u2019arbre. Le bouleau se recouvre d\u2019une \u00e9corce pelliculaire qui finit par peler et tomber. Ces fines \u00e9corces brulent tr\u00e8s bien et ne s\u2019imbibent pas d\u2019eau.<\/p>\n<p>Le but de la premi\u00e8re phase d\u2019allumage du feu est de cr\u00e9er une quantit\u00e9 de chaleur suffisante pour faire s\u00e9cher, chauffer et enflammer les bouts de bois qu\u2019on va rajouter par la suite. Le bois rajout\u00e9 et s\u00e9ch\u00e9 va ensuite se consumer et la chaleur qu\u2019il d\u00e9gagera permettra \u00e0 un autre bout de bois de s\u00e9cher. Cette pr\u00e9sentation est un peu simplifi\u00e9e mais l\u2019id\u00e9e est l\u00e0. Il faut r\u00e9ussir \u00e0 cr\u00e9er une r\u00e9action en chaine de type avalanche de chaleur, des plus petites brindilles jusqu\u2019aux grosses buches.<\/p>\n<figure id=\"attachment_2537\" aria-describedby=\"caption-attachment-2537\" style=\"width: 604px\" class=\"wp-caption alignnone\"><a href=\"http:\/\/arwann.com\/wp-content\/uploads\/2015\/02\/Bouleau_\u00e9corceD\u00e9tail.jpg\"><img loading=\"lazy\" decoding=\"async\" class=\"wp-image-2537 size-large\" src=\"http:\/\/arwann.com\/wp-content\/uploads\/2015\/02\/Bouleau_\u00e9corceD\u00e9tail-1024x692.jpg\" alt=\"Bouleau_\u00e9corceD\u00e9tail\" width=\"604\" height=\"408\" srcset=\"http:\/\/arwann.com\/wp-content\/uploads\/2015\/02\/Bouleau_\u00e9corceD\u00e9tail-1024x692.jpg 1024w, http:\/\/arwann.com\/wp-content\/uploads\/2015\/02\/Bouleau_\u00e9corceD\u00e9tail-300x203.jpg 300w, http:\/\/arwann.com\/wp-content\/uploads\/2015\/02\/Bouleau_\u00e9corceD\u00e9tail.jpg 1437w\" sizes=\"auto, (max-width: 604px) 100vw, 604px\" \/><\/a><figcaption id=\"caption-attachment-2537\" class=\"wp-caption-text\">L&rsquo;\u00e9corce de bouleau brule tr\u00e8s bien et c&rsquo;est tr\u00e8s utile pour d\u00e9marer un feu<\/figcaption><\/figure>\n<p style=\"text-align: justify;\">Pour cr\u00e9er cette quantit\u00e9 de chaleur initiale suffisante pour amorcer la r\u00e9action en chaine, il faut que la r\u00e9action soit suffisamment rapide et intense. C\u2019est pourquoi le papier et le bois de d\u00e9marrage doivent \u00eatre le plus sec possible. Les CP pr\u00e9voyants ont dans leurs sac une petite r\u00e9serve de mat\u00e9riaux inflammables compl\u00e8tement secs<\/p>\n<h3 style=\"text-align: justify;\"><span style=\"color: #800000;\"><strong>Prot\u00e9ger le feu<\/strong><\/span><\/h3>\n<p style=\"text-align: justify;\">Le premier puncho cerf-volant mont\u00e9 servira de parapluie au-dessus du futur feu. Cela peut-\u00eatre la t\u00e2che du plus petit ou du plus fatigu\u00e9. Il enjambe le feu et le prot\u00e8ge. D\u00e8s les premi\u00e8res volutes, la chaleur commencera \u00e0 lui r\u00e9chauffer les jambes et leur donnera un parfum de jambon fum\u00e9.<\/p>\n<p style=\"text-align: justify;\"><a href=\"http:\/\/arwann.com\/wp-content\/uploads\/2014\/12\/puncho-magique-1.png\"><img loading=\"lazy\" decoding=\"async\" class=\"alignright size-full wp-image-2371\" src=\"http:\/\/arwann.com\/wp-content\/uploads\/2014\/12\/puncho-magique-1.png\" alt=\"puncho-magique-1\" width=\"591\" height=\"679\" srcset=\"http:\/\/arwann.com\/wp-content\/uploads\/2014\/12\/puncho-magique-1.png 591w, http:\/\/arwann.com\/wp-content\/uploads\/2014\/12\/puncho-magique-1-300x345.png 300w, http:\/\/arwann.com\/wp-content\/uploads\/2014\/12\/puncho-magique-1-261x300.png 261w\" sizes=\"auto, (max-width: 591px) 100vw, 591px\" \/><\/a><\/p>\n<p style=\"text-align: justify;\">Il est \u00e0 noter que par temps de pluie il est quasiment impossible de faire un feu sans fum\u00e9e. Le bois doit \u00eatre le plus sec possible pour \u00e9viter la fum\u00e9e\u2026ce qui est difficile par temps de pluie. Heureusement, sous la pluie les odeurs ne portent pas loin et la fum\u00e9e se perd dans la brume de la pluie.<\/p>\n<p style=\"text-align: justify;\">Le briquet est plus facile d\u2019utilisation que les allumettes m\u00eame s\u2019il faut aussi prendre garde de ne pas le mouiller. Si la pierre est humide, on ne pourra rien faire. Il en est de m\u00eame avec un grattoir humide. Le briquet pr\u00e9sente l\u2019avantage de pouvoir rester plus longtemps sous la partie \u00e0 enflammer. On peut en outre faire s\u00e9cher un briquet mais difficilement une boite d\u2019allumette (elle restera souvent inutilisable).<\/p>\n<p style=\"text-align: justify;\">Si le fond du trou du feu est tremp\u00e9, il faut isoler le papier sinon il ferra buvard et deviendra inutilisable. Commencer par faire une boulette de papier un peu serr\u00e9e mais pas trop. Attention \u00e0 froisser le papier de mani\u00e8re optimale, juste serr\u00e9 pour concentrer la chaleur, mais pas trop serr\u00e9 pour laisser passer les gaz et en particulier l\u2019air pour la combustion.<\/p>\n<h3 style=\"text-align: justify;\"><span style=\"color: #800000;\"><strong>Construire le feu brindille par brindille<\/strong><\/span><\/h3>\n<p style=\"text-align: justify;\">Placer les \u00e9corces de bouleau par-dessus puis les brindilles, une par une, en commen\u00e7ant par les plus petites et les plus s\u00e8ches.<\/p>\n<p style=\"text-align: justify;\">C\u2019est une erreur que de croire gagner du temps en mettant directement un fagot de brindille sur une boule de papier. Par temps sec cela fonctionnera sans doute mais comme ici tu es d\u00e9j\u00e0 sous la pluie, la loi de Murphy s\u2019appliquera certainement\u00a0: le feu va fumer puis s\u2019\u00e9teindre.<\/p>\n<p style=\"text-align: justify;\">Si le premier allumage rate, que tout le papier est consum\u00e9 mais que le feu n\u2019a pas d\u00e9marr\u00e9, il faut recommencer au d\u00e9but. Enlever toutes les brindilles, remettre une boule de papier et replacer les brindilles une \u00e0 une.<\/p>\n<p style=\"text-align: justify;\">Il n\u2019y a aucune chance que le feu prenne finalement en refourrant une boulette de papier tant bien que mal sous la pyramide de brindilles.<\/p>\n<p style=\"text-align: justify;\">Un ratage est d\u00e9j\u00e0 \u00e9prouvant pour le moral de la patrouille mais 2 ou 3 seront catastrophiques.<\/p>\n<h3 style=\"text-align: justify;\"><span style=\"color: #800000;\"><strong>Ne pas \u00e9touffer, ne pas surcharger<\/strong><\/span><\/h3>\n<p style=\"text-align: justify;\">Quand les premi\u00e8res brindilles s\u2019enflamment, il faut charger le feu naissant avec du bois \u2013 toujours sec \u2013 de diam\u00e8tre un peu plus grand. Veuillez surtout \u00e0 ne pas \u00e9touffer le feu en chargeant trop vite, le feu a besoin d\u2019oxyg\u00e8ne (voir<a title=\"L\u2019art du feu\" href=\"http:\/\/arwann.com\/?page_id=1264\"> l\u2019art du feu<\/a> et <a title=\"Maitriser le feu\" href=\"http:\/\/arwann.com\/?page_id=748\">Maitriser le feu<\/a>).<\/p>\n<p style=\"text-align: justify;\">Plus le feu se propage et davantage on peut charger avec du gros bois. On peut aussi mettre du bois de plus en plus humide. Attention toutefois\u00a0: toute l\u2019humidit\u00e9 devra s\u2019\u00e9vaporer en fum\u00e9e avant que le bout de bois s\u2019enflamme. Il faut donc que la quantit\u00e9 de chaleur en braises soit suffisante pour faire s\u00e9cher le bois.<\/p>\n<p style=\"text-align: justify;\">Une fois que le feu est bien d\u00e9marr\u00e9 le scout qui tient le puncho se brulera les jambes et partira naturellement. Ainsi pas de risque de percer le puncho avec des escarbilles. Le puncho cerf-volant int\u00e9grera le cercle des autres punchos qui ont \u00e9t\u00e9 mont\u00e9 pendant que le feu d\u00e9marrait timidement.<\/p>\n<p style=\"text-align: justify;\">Avec un bon feu, le moral remonte en fl\u00e8che. Pour peu que le repas soit r\u00e9ussi et la pluie sera oubli\u00e9e.<\/p>\n<h3 style=\"text-align: justify;\"><span style=\"color: #800000;\"><strong>Garder le moral<\/strong><\/span><\/h3>\n<p style=\"text-align: justify;\">Pour terminer sur une note positive, sachez que la pluie cesse en g\u00e9n\u00e9ral quelques instants au coucher et au lever du soleil. De plus un feu dure plus longtemps sous la pluie car la combustion est plus lente\u00a0; il n\u2019est pas rare de retrouver encore des braises le matin quand il a plu la nuit.<\/p>\n<p style=\"text-align: justify;\"><a href=\"#Haut\">Retour en haut<\/a><br \/>\n<em>Page pr\u00e9c\u00e9dente : <a title=\"Cuisine Trappeur\" href=\"http:\/\/arwann.com\/?page_id=1907\">cuisine trappeur<\/a><br \/>\n<\/em><em>Page suivante :<\/em><\/p>\n","protected":false},"excerpt":{"rendered":"<p>Par Wapiti. Le coin des scouts -&gt; Bivouac Quoi de plus d\u00e9primant qu\u2019un feu qui ne d\u00e9marre pas alors qu\u2019il pleut et que toute la patrouille est tremp\u00e9e\u00a0? Pour se fixer les id\u00e9es on prendra le cas d\u2019une pluie battante. Si tu as la chance de faire face \u00e0 une pluie moins forte, allumer ton &hellip; <a href=\"http:\/\/arwann.com\/?page_id=2535\" class=\"more-link\">Continuer la lecture de <span class=\"screen-reader-text\">Allumer un feu sous la pluie<\/span> <span class=\"meta-nav\">&rarr;<\/span><\/a><\/p>\n","protected":false},"author":1,"featured_media":0,"parent":350,"menu_order":0,"comment_status":"open","ping_status":"open","template":"","meta":{"footnotes":""},"class_list":["post-2535","page","type-page","status-publish","hentry"],"yoast_head":"<!-- This site is optimized with the Yoast SEO plugin v27.2 - https:\/\/yoast.com\/product\/yoast-seo-wordpress\/ -->\n<title>Allumer un feu sous la pluie -<\/title>\n<meta name=\"description\" content=\"comment r\u00e9ussir \u00e0 allumer son feu sous la pluie?\" \/>\n<meta name=\"robots\" content=\"index, follow, max-snippet:-1, max-image-preview:large, max-video-preview:-1\" \/>\n<link rel=\"canonical\" href=\"http:\/\/arwann.com\/?page_id=2535\" \/>\n<meta property=\"og:locale\" content=\"fr_FR\" \/>\n<meta property=\"og:type\" content=\"article\" \/>\n<meta property=\"og:title\" content=\"Allumer un feu sous la pluie -\" \/>\n<meta property=\"og:description\" content=\"comment r\u00e9ussir \u00e0 allumer son feu sous la pluie?\" \/>\n<meta property=\"og:url\" content=\"http:\/\/arwann.com\/?page_id=2535\" \/>\n<meta property=\"article:modified_time\" content=\"2015-05-08T09:59:35+00:00\" \/>\n<meta property=\"og:image\" content=\"http:\/\/arwann.com\/wp-content\/uploads\/2014\/04\/bouton-scout.png\" \/>\n<meta name=\"twitter:label1\" content=\"Dur\u00e9e de lecture estim\u00e9e\" \/>\n\t<meta name=\"twitter:data1\" content=\"7 minutes\" \/>\n<script type=\"application\/ld+json\" class=\"yoast-schema-graph\">{\"@context\":\"https:\/\/schema.org\",\"@graph\":[{\"@type\":\"WebPage\",\"@id\":\"http:\/\/arwann.com\/?page_id=2535\",\"url\":\"http:\/\/arwann.com\/?page_id=2535\",\"name\":\"Allumer un feu sous la pluie -\",\"isPartOf\":{\"@id\":\"http:\/\/arwann.com\/#website\"},\"primaryImageOfPage\":{\"@id\":\"http:\/\/arwann.com\/?page_id=2535#primaryimage\"},\"image\":{\"@id\":\"http:\/\/arwann.com\/?page_id=2535#primaryimage\"},\"thumbnailUrl\":\"http:\/\/arwann.com\/wp-content\/uploads\/2014\/04\/bouton-scout.png\",\"datePublished\":\"2015-02-26T11:29:05+00:00\",\"dateModified\":\"2015-05-08T09:59:35+00:00\",\"description\":\"comment r\u00e9ussir \u00e0 allumer son feu sous la pluie?\",\"breadcrumb\":{\"@id\":\"http:\/\/arwann.com\/?page_id=2535#breadcrumb\"},\"inLanguage\":\"fr-FR\",\"potentialAction\":[{\"@type\":\"ReadAction\",\"target\":[\"http:\/\/arwann.com\/?page_id=2535\"]}]},{\"@type\":\"ImageObject\",\"inLanguage\":\"fr-FR\",\"@id\":\"http:\/\/arwann.com\/?page_id=2535#primaryimage\",\"url\":\"http:\/\/arwann.com\/wp-content\/uploads\/2014\/04\/bouton-scout.png\",\"contentUrl\":\"http:\/\/arwann.com\/wp-content\/uploads\/2014\/04\/bouton-scout.png\",\"width\":400,\"height\":400},{\"@type\":\"BreadcrumbList\",\"@id\":\"http:\/\/arwann.com\/?page_id=2535#breadcrumb\",\"itemListElement\":[{\"@type\":\"ListItem\",\"position\":1,\"name\":\"Home\",\"item\":\"http:\/\/arwann.com\/\"},{\"@type\":\"ListItem\",\"position\":2,\"name\":\"Le coin des Scouts\",\"item\":\"https:\/\/arwann.com\/?page_id=29\"},{\"@type\":\"ListItem\",\"position\":3,\"name\":\"Bivouac\",\"item\":\"https:\/\/arwann.com\/?page_id=350\"},{\"@type\":\"ListItem\",\"position\":4,\"name\":\"Allumer un feu sous la pluie\"}]},{\"@type\":\"WebSite\",\"@id\":\"http:\/\/arwann.com\/#website\",\"url\":\"http:\/\/arwann.com\/\",\"name\":\"Arwann.com\",\"description\":\"\",\"publisher\":{\"@id\":\"http:\/\/arwann.com\/#organization\"},\"potentialAction\":[{\"@type\":\"SearchAction\",\"target\":{\"@type\":\"EntryPoint\",\"urlTemplate\":\"http:\/\/arwann.com\/?s={search_term_string}\"},\"query-input\":{\"@type\":\"PropertyValueSpecification\",\"valueRequired\":true,\"valueName\":\"search_term_string\"}}],\"inLanguage\":\"fr-FR\"},{\"@type\":\"Organization\",\"@id\":\"http:\/\/arwann.com\/#organization\",\"name\":\"Arwann\",\"url\":\"http:\/\/arwann.com\/\",\"logo\":{\"@type\":\"ImageObject\",\"inLanguage\":\"fr-FR\",\"@id\":\"http:\/\/arwann.com\/#\/schema\/logo\/image\/\",\"url\":\"http:\/\/arwann.com\/wp-content\/uploads\/2014\/04\/cropped-bandeau-arwann-5.png\",\"contentUrl\":\"http:\/\/arwann.com\/wp-content\/uploads\/2014\/04\/cropped-bandeau-arwann-5.png\",\"width\":1600,\"height\":230,\"caption\":\"Arwann\"},\"image\":{\"@id\":\"http:\/\/arwann.com\/#\/schema\/logo\/image\/\"}}]}<\/script>\n<!-- \/ Yoast SEO plugin. -->","yoast_head_json":{"title":"Allumer un feu sous la pluie -","description":"comment r\u00e9ussir \u00e0 allumer son feu sous la pluie?","robots":{"index":"index","follow":"follow","max-snippet":"max-snippet:-1","max-image-preview":"max-image-preview:large","max-video-preview":"max-video-preview:-1"},"canonical":"http:\/\/arwann.com\/?page_id=2535","og_locale":"fr_FR","og_type":"article","og_title":"Allumer un feu sous la pluie -","og_description":"comment r\u00e9ussir \u00e0 allumer son feu sous la pluie?","og_url":"http:\/\/arwann.com\/?page_id=2535","article_modified_time":"2015-05-08T09:59:35+00:00","og_image":[{"url":"http:\/\/arwann.com\/wp-content\/uploads\/2014\/04\/bouton-scout.png","type":"","width":"","height":""}],"twitter_misc":{"Dur\u00e9e de lecture estim\u00e9e":"7 minutes"},"schema":{"@context":"https:\/\/schema.org","@graph":[{"@type":"WebPage","@id":"http:\/\/arwann.com\/?page_id=2535","url":"http:\/\/arwann.com\/?page_id=2535","name":"Allumer un feu sous la pluie -","isPartOf":{"@id":"http:\/\/arwann.com\/#website"},"primaryImageOfPage":{"@id":"http:\/\/arwann.com\/?page_id=2535#primaryimage"},"image":{"@id":"http:\/\/arwann.com\/?page_id=2535#primaryimage"},"thumbnailUrl":"http:\/\/arwann.com\/wp-content\/uploads\/2014\/04\/bouton-scout.png","datePublished":"2015-02-26T11:29:05+00:00","dateModified":"2015-05-08T09:59:35+00:00","description":"comment r\u00e9ussir \u00e0 allumer son feu sous la pluie?","breadcrumb":{"@id":"http:\/\/arwann.com\/?page_id=2535#breadcrumb"},"inLanguage":"fr-FR","potentialAction":[{"@type":"ReadAction","target":["http:\/\/arwann.com\/?page_id=2535"]}]},{"@type":"ImageObject","inLanguage":"fr-FR","@id":"http:\/\/arwann.com\/?page_id=2535#primaryimage","url":"http:\/\/arwann.com\/wp-content\/uploads\/2014\/04\/bouton-scout.png","contentUrl":"http:\/\/arwann.com\/wp-content\/uploads\/2014\/04\/bouton-scout.png","width":400,"height":400},{"@type":"BreadcrumbList","@id":"http:\/\/arwann.com\/?page_id=2535#breadcrumb","itemListElement":[{"@type":"ListItem","position":1,"name":"Home","item":"http:\/\/arwann.com\/"},{"@type":"ListItem","position":2,"name":"Le coin des Scouts","item":"https:\/\/arwann.com\/?page_id=29"},{"@type":"ListItem","position":3,"name":"Bivouac","item":"https:\/\/arwann.com\/?page_id=350"},{"@type":"ListItem","position":4,"name":"Allumer un feu sous la pluie"}]},{"@type":"WebSite","@id":"http:\/\/arwann.com\/#website","url":"http:\/\/arwann.com\/","name":"Arwann.com","description":"","publisher":{"@id":"http:\/\/arwann.com\/#organization"},"potentialAction":[{"@type":"SearchAction","target":{"@type":"EntryPoint","urlTemplate":"http:\/\/arwann.com\/?s={search_term_string}"},"query-input":{"@type":"PropertyValueSpecification","valueRequired":true,"valueName":"search_term_string"}}],"inLanguage":"fr-FR"},{"@type":"Organization","@id":"http:\/\/arwann.com\/#organization","name":"Arwann","url":"http:\/\/arwann.com\/","logo":{"@type":"ImageObject","inLanguage":"fr-FR","@id":"http:\/\/arwann.com\/#\/schema\/logo\/image\/","url":"http:\/\/arwann.com\/wp-content\/uploads\/2014\/04\/cropped-bandeau-arwann-5.png","contentUrl":"http:\/\/arwann.com\/wp-content\/uploads\/2014\/04\/cropped-bandeau-arwann-5.png","width":1600,"height":230,"caption":"Arwann"},"image":{"@id":"http:\/\/arwann.com\/#\/schema\/logo\/image\/"}}]}},"_links":{"self":[{"href":"http:\/\/arwann.com\/index.php?rest_route=\/wp\/v2\/pages\/2535","targetHints":{"allow":["GET"]}}],"collection":[{"href":"http:\/\/arwann.com\/index.php?rest_route=\/wp\/v2\/pages"}],"about":[{"href":"http:\/\/arwann.com\/index.php?rest_route=\/wp\/v2\/types\/page"}],"author":[{"embeddable":true,"href":"http:\/\/arwann.com\/index.php?rest_route=\/wp\/v2\/users\/1"}],"replies":[{"embeddable":true,"href":"http:\/\/arwann.com\/index.php?rest_route=%2Fwp%2Fv2%2Fcomments&post=2535"}],"version-history":[{"count":17,"href":"http:\/\/arwann.com\/index.php?rest_route=\/wp\/v2\/pages\/2535\/revisions"}],"predecessor-version":[{"id":2733,"href":"http:\/\/arwann.com\/index.php?rest_route=\/wp\/v2\/pages\/2535\/revisions\/2733"}],"up":[{"embeddable":true,"href":"http:\/\/arwann.com\/index.php?rest_route=\/wp\/v2\/pages\/350"}],"wp:attachment":[{"href":"http:\/\/arwann.com\/index.php?rest_route=%2Fwp%2Fv2%2Fmedia&parent=2535"}],"curies":[{"name":"wp","href":"https:\/\/api.w.org\/{rel}","templated":true}]}}