{"id":251,"date":"2014-04-02T08:49:14","date_gmt":"2014-04-02T07:49:14","guid":{"rendered":"http:\/\/arwann.com\/?page_id=251"},"modified":"2015-05-08T10:32:52","modified_gmt":"2015-05-08T09:32:52","slug":"la-mortaise","status":"publish","type":"page","link":"http:\/\/arwann.com\/?page_id=251","title":{"rendered":"La mortaise"},"content":{"rendered":"<p style=\"text-align: justify;\"><a href=\"http:\/\/arwann.com\/wp-content\/uploads\/2014\/04\/bouton-scout.png\"><img loading=\"lazy\" decoding=\"async\" class=\"alignright wp-image-892\" src=\"http:\/\/arwann.com\/wp-content\/uploads\/2014\/04\/bouton-scout.png\" alt=\"bouton scout\" width=\"200\" height=\"200\" srcset=\"http:\/\/arwann.com\/wp-content\/uploads\/2014\/04\/bouton-scout.png 400w, http:\/\/arwann.com\/wp-content\/uploads\/2014\/04\/bouton-scout-200x200.png 200w, http:\/\/arwann.com\/wp-content\/uploads\/2014\/04\/bouton-scout-100x100.png 100w, http:\/\/arwann.com\/wp-content\/uploads\/2014\/04\/bouton-scout-300x300.png 300w, http:\/\/arwann.com\/wp-content\/uploads\/2014\/04\/bouton-scout-150x150.png 150w\" sizes=\"auto, (max-width: 200px) 100vw, 200px\" \/><\/a>Par Lama. <a href=\"http:\/\/arwann.com\/?page_id=29\">Le coin des scouts<\/a> -&gt; <a href=\"http:\/\/arwann.com\/?page_id=121\">Forestage et installations<\/a><\/p>\n<p style=\"text-align: justify;\">Percer une mortaise avec une tari\u00e8re n\u2019est pas tr\u00e8s difficile mais il faut faire attention \u00e0 quelques r\u00e8gles. (Aller voir la page des <a title=\"Outils\" href=\"http:\/\/arwann.com\/?page_id=299\">outils<\/a>) R\u00e9p\u00e9tons que la tari\u00e8re doit \u00eatre <span style=\"text-decoration: underline;\">aiguis\u00e9e<\/span>, <span style=\"text-decoration: underline;\">avoir une vrille en bon<\/span> \u00e9tat et poss\u00e9der un <span style=\"text-decoration: underline;\">manche ad\u00e9quat<\/span>.<\/p>\n<p style=\"text-align: justify;\"><strong>1)<\/strong> En g\u00e9n\u00e9ral il faut percer un trou d\u2019un diam\u00e8tre compris <strong><a href=\"http:\/\/arwann.com\/wp-content\/uploads\/2014\/04\/coin-5.png\"><img loading=\"lazy\" decoding=\"async\" class=\"alignright\" style=\"border: 1px solid black;\" src=\"http:\/\/arwann.com\/wp-content\/uploads\/2014\/04\/coin-5.png\" alt=\"coin 5\" width=\"392\" height=\"123\" \/><\/a><\/strong>entre 30% et 40% de celui du rondin. \u00a0On peut percer un peu plus grand dans certains cas. On pourrait percer plus petit mais c\u2019est le tenon qui deviendrait trop fr\u00eale.<\/p>\n<p style=\"text-align: justify;\">\n<table id=\"tablepress-2\" class=\"tablepress tablepress-id-2\">\n<thead>\n<tr class=\"row-1\">\n\t<th class=\"column-1\">\u01feRondin -><br \/>\n\u01feTari\u00e8re\t<\/th><th class=\"column-2\">60<\/th><th class=\"column-3\">70<\/th><th class=\"column-4\">80<\/th><th class=\"column-5\">90<\/th><th class=\"column-6\">100<\/th>\n<\/tr>\n<\/thead>\n<tbody class=\"row-striping row-hover\">\n<tr class=\"row-2\">\n\t<td class=\"column-1\">30% mini<\/td><td class=\"column-2\">18<\/td><td class=\"column-3\">20<\/td><td class=\"column-4\">24<\/td><td class=\"column-5\">28<\/td><td class=\"column-6\">30<\/td>\n<\/tr>\n<tr class=\"row-3\">\n\t<td class=\"column-1\">40% maxi<\/td><td class=\"column-2\">24<\/td><td class=\"column-3\">28<\/td><td class=\"column-4\">32<\/td><td class=\"column-5\">36<\/td><td class=\"column-6\">40<\/td>\n<\/tr>\n<\/tbody>\n<\/table>\n<!-- #tablepress-2 from cache --><\/p>\n<p style=\"text-align: justify;\"><strong style=\"text-align: justify;\">2)<\/strong> En g\u00e9n\u00e9ral on perce au centre du diam\u00e8tre et perpendiculairement aux fibres du bois. On peut percer en biais ou m\u00eame au bout du rondin dans le m\u00eame sens que les fibres mais c\u2019est bien plus difficile et le r\u00e9sultat est al\u00e9atoire.<\/p>\n<p style=\"text-align: justify;\"><strong>3)<\/strong> Il faut bien choisir l\u2019endroit o\u00f9 percer la mortaise surtout lorsqu\u2019elle se trouve en bout de rondin. Le risque d\u2019\u00e9clater les fibres au moment d\u2019enfoncer le tenon est important. <a href=\"http:\/\/arwann.com\/wp-content\/uploads\/2014\/04\/coin-4.png\"><img loading=\"lazy\" decoding=\"async\" class=\"size-full wp-image-236 alignright\" style=\"border: 1px solid black;\" src=\"http:\/\/arwann.com\/wp-content\/uploads\/2014\/04\/coin-4.png\" alt=\"coin 4\" width=\"245\" height=\"117\" \/><\/a>Certains bois r\u00e9sistent bien au fendage mais d\u2019autres \u00e9clatent tr\u00e8s facilement. Pour un bois qui se fend facilement on \u00e9loignera les mortaises de l\u2019extr\u00e9mit\u00e9. Une distance de 2 fois le diam\u00e8tre du rondin semble suffisante. Si le bois r\u00e9siste bien au fendage ou s\u2019il se trouve un n\u0153ud entre la mortaise et l\u2019extr\u00e9mit\u00e9, on peut descendre \u00e0 1,5 fois le diam\u00e8tre.<\/p>\n<p style=\"text-align: justify;\"><strong>4)<\/strong> Il faut s\u2019appliquer \u00e0 percer bien dans l\u2019axe. Si on perce de guingois, le r\u00e9sultat final en <a href=\"http:\/\/arwann.com\/wp-content\/uploads\/2014\/04\/mortaise-droite-aide.png\"><img loading=\"lazy\" decoding=\"async\" class=\"alignnone  wp-image-241\" style=\"border: 1px solid black;\" src=\"http:\/\/arwann.com\/wp-content\/uploads\/2014\/04\/mortaise-droite-aide.png\" alt=\"mortaise droite aide\" width=\"647\" height=\"328\" srcset=\"http:\/\/arwann.com\/wp-content\/uploads\/2014\/04\/mortaise-droite-aide.png 647w, http:\/\/arwann.com\/wp-content\/uploads\/2014\/04\/mortaise-droite-aide-300x152.png 300w\" sizes=\"auto, (max-width: 647px) 100vw, 647px\" \/><\/a>p\u00e2tira et le r\u00e9sultat risque de d\u00e9cevoir. Si toutes les mortaises sont perc\u00e9es de travers il sera assez difficile de r\u00e9aliser une construction droite. Il faut se faire aider par des \u00ab\u00a0viseurs\u00a0\u00bb au d\u00e9marrage du per\u00e7age. Une fois la vrille bien engag\u00e9e et les premiers copeaux \u00e9ject\u00e9s on peut continuer sans aide.<\/p>\n<p style=\"text-align: justify;\"><strong>5)<\/strong> Il faut sur\u00e9lever le rondin que l\u2019on perce avant de faire d\u00e9boucher la vrille, sinon celle-ci va mordre la terre ou les cailloux. Pas terrible\u00a0!<\/p>\n<p style=\"text-align: justify;\"><strong>6)<\/strong> Enfin on fera attention de ne pas \u00e9clater les derni\u00e8res fibres au d\u00e9bouch\u00e9 de la vrille. \u00c0 <a href=\"http:\/\/arwann.com\/wp-content\/uploads\/2014\/04\/mortaise.png\"><img loading=\"lazy\" decoding=\"async\" class=\"size-full wp-image-242 alignright\" style=\"border: 1px solid black;\" src=\"http:\/\/arwann.com\/wp-content\/uploads\/2014\/04\/mortaise.png\" alt=\"mortaise\" width=\"415\" height=\"321\" srcset=\"http:\/\/arwann.com\/wp-content\/uploads\/2014\/04\/mortaise.png 415w, http:\/\/arwann.com\/wp-content\/uploads\/2014\/04\/mortaise-300x232.png 300w\" sizes=\"auto, (max-width: 415px) 100vw, 415px\" \/><\/a>la fin du per\u00e7age, la vrille qui est sortie, ne tire plus la tari\u00e8re. Et ces derni\u00e8res fibres ne peuvent plus \u00eatre coup\u00e9es. Si on continue d\u2019appuyer, on va simplement les plier ou les d\u00e9laminer. Il est pr\u00e9f\u00e9rable d\u2019arr\u00eater le per\u00e7age et de retourner le rondin pour percer dans l\u2019autre sens\u00a0; la vrille ne tire plus mais les couteaux peuvent couper les fibres restantes sans risquer de les d\u00e9laminer. On peut aussi finir au couteau en respectant le sens des fibres.<\/p>\n<p style=\"text-align: justify;\"><em>page pr\u00e9c\u00e9dente :<a title=\"Le tenon\" href=\"http:\/\/arwann.com\/?page_id=228\"> le tenon<\/a><\/em><br \/>\n<em>page suivante : <a title=\"Mettre un coin dans un tenon\" href=\"http:\/\/arwann.com\/?page_id=253\">mettre un coin dans un tenon<\/a><\/em><\/p>\n","protected":false},"excerpt":{"rendered":"<p>Par Lama. Le coin des scouts -&gt; Forestage et installations Percer une mortaise avec une tari\u00e8re n\u2019est pas tr\u00e8s difficile mais il faut faire attention \u00e0 quelques r\u00e8gles. (Aller voir la page des outils) R\u00e9p\u00e9tons que la tari\u00e8re doit \u00eatre aiguis\u00e9e, avoir une vrille en bon \u00e9tat et poss\u00e9der un manche ad\u00e9quat. 1) En g\u00e9n\u00e9ral &hellip; <a href=\"http:\/\/arwann.com\/?page_id=251\" class=\"more-link\">Continuer la lecture de <span class=\"screen-reader-text\">La mortaise<\/span> <span class=\"meta-nav\">&rarr;<\/span><\/a><\/p>\n","protected":false},"author":1,"featured_media":0,"parent":121,"menu_order":0,"comment_status":"open","ping_status":"open","template":"","meta":{"footnotes":""},"class_list":["post-251","page","type-page","status-publish","hentry"],"yoast_head":"<!-- This site is optimized with the Yoast SEO plugin v27.2 - https:\/\/yoast.com\/product\/yoast-seo-wordpress\/ -->\n<title>La mortaise -<\/title>\n<meta name=\"robots\" content=\"index, follow, max-snippet:-1, max-image-preview:large, max-video-preview:-1\" \/>\n<link rel=\"canonical\" href=\"http:\/\/arwann.com\/?page_id=251\" \/>\n<meta property=\"og:locale\" content=\"fr_FR\" \/>\n<meta property=\"og:type\" content=\"article\" \/>\n<meta property=\"og:title\" content=\"La mortaise -\" \/>\n<meta property=\"og:description\" content=\"Par Lama. Le coin des scouts -&gt; Forestage et installations Percer une mortaise avec une tari\u00e8re n\u2019est pas tr\u00e8s difficile mais il faut faire attention \u00e0 quelques r\u00e8gles. (Aller voir la page des outils) R\u00e9p\u00e9tons que la tari\u00e8re doit \u00eatre aiguis\u00e9e, avoir une vrille en bon \u00e9tat et poss\u00e9der un manche ad\u00e9quat. 1) En g\u00e9n\u00e9ral &hellip; Continuer la lecture de La mortaise &rarr;\" \/>\n<meta property=\"og:url\" content=\"http:\/\/arwann.com\/?page_id=251\" \/>\n<meta property=\"article:modified_time\" content=\"2015-05-08T09:32:52+00:00\" \/>\n<meta property=\"og:image\" content=\"http:\/\/arwann.com\/wp-content\/uploads\/2014\/04\/bouton-scout.png\" \/>\n<meta name=\"twitter:label1\" content=\"Dur\u00e9e de lecture estim\u00e9e\" \/>\n\t<meta name=\"twitter:data1\" content=\"2 minutes\" \/>\n<script type=\"application\/ld+json\" class=\"yoast-schema-graph\">{\"@context\":\"https:\/\/schema.org\",\"@graph\":[{\"@type\":\"WebPage\",\"@id\":\"http:\/\/arwann.com\/?page_id=251\",\"url\":\"http:\/\/arwann.com\/?page_id=251\",\"name\":\"La mortaise -\",\"isPartOf\":{\"@id\":\"http:\/\/arwann.com\/#website\"},\"primaryImageOfPage\":{\"@id\":\"http:\/\/arwann.com\/?page_id=251#primaryimage\"},\"image\":{\"@id\":\"http:\/\/arwann.com\/?page_id=251#primaryimage\"},\"thumbnailUrl\":\"http:\/\/arwann.com\/wp-content\/uploads\/2014\/04\/bouton-scout.png\",\"datePublished\":\"2014-04-02T07:49:14+00:00\",\"dateModified\":\"2015-05-08T09:32:52+00:00\",\"breadcrumb\":{\"@id\":\"http:\/\/arwann.com\/?page_id=251#breadcrumb\"},\"inLanguage\":\"fr-FR\",\"potentialAction\":[{\"@type\":\"ReadAction\",\"target\":[\"http:\/\/arwann.com\/?page_id=251\"]}]},{\"@type\":\"ImageObject\",\"inLanguage\":\"fr-FR\",\"@id\":\"http:\/\/arwann.com\/?page_id=251#primaryimage\",\"url\":\"http:\/\/arwann.com\/wp-content\/uploads\/2014\/04\/bouton-scout.png\",\"contentUrl\":\"http:\/\/arwann.com\/wp-content\/uploads\/2014\/04\/bouton-scout.png\",\"width\":400,\"height\":400},{\"@type\":\"BreadcrumbList\",\"@id\":\"http:\/\/arwann.com\/?page_id=251#breadcrumb\",\"itemListElement\":[{\"@type\":\"ListItem\",\"position\":1,\"name\":\"Home\",\"item\":\"http:\/\/arwann.com\/\"},{\"@type\":\"ListItem\",\"position\":2,\"name\":\"Le coin des Scouts\",\"item\":\"http:\/\/arwann.com\/?page_id=29\"},{\"@type\":\"ListItem\",\"position\":3,\"name\":\"Forestage et installations\",\"item\":\"http:\/\/arwann.com\/?page_id=121\"},{\"@type\":\"ListItem\",\"position\":4,\"name\":\"La mortaise\"}]},{\"@type\":\"WebSite\",\"@id\":\"http:\/\/arwann.com\/#website\",\"url\":\"http:\/\/arwann.com\/\",\"name\":\"Arwann.com\",\"description\":\"\",\"publisher\":{\"@id\":\"http:\/\/arwann.com\/#organization\"},\"potentialAction\":[{\"@type\":\"SearchAction\",\"target\":{\"@type\":\"EntryPoint\",\"urlTemplate\":\"http:\/\/arwann.com\/?s={search_term_string}\"},\"query-input\":{\"@type\":\"PropertyValueSpecification\",\"valueRequired\":true,\"valueName\":\"search_term_string\"}}],\"inLanguage\":\"fr-FR\"},{\"@type\":\"Organization\",\"@id\":\"http:\/\/arwann.com\/#organization\",\"name\":\"Arwann\",\"url\":\"http:\/\/arwann.com\/\",\"logo\":{\"@type\":\"ImageObject\",\"inLanguage\":\"fr-FR\",\"@id\":\"http:\/\/arwann.com\/#\/schema\/logo\/image\/\",\"url\":\"http:\/\/arwann.com\/wp-content\/uploads\/2014\/04\/cropped-bandeau-arwann-5.png\",\"contentUrl\":\"http:\/\/arwann.com\/wp-content\/uploads\/2014\/04\/cropped-bandeau-arwann-5.png\",\"width\":1600,\"height\":230,\"caption\":\"Arwann\"},\"image\":{\"@id\":\"http:\/\/arwann.com\/#\/schema\/logo\/image\/\"}}]}<\/script>\n<!-- \/ Yoast SEO plugin. -->","yoast_head_json":{"title":"La mortaise -","robots":{"index":"index","follow":"follow","max-snippet":"max-snippet:-1","max-image-preview":"max-image-preview:large","max-video-preview":"max-video-preview:-1"},"canonical":"http:\/\/arwann.com\/?page_id=251","og_locale":"fr_FR","og_type":"article","og_title":"La mortaise -","og_description":"Par Lama. Le coin des scouts -&gt; Forestage et installations Percer une mortaise avec une tari\u00e8re n\u2019est pas tr\u00e8s difficile mais il faut faire attention \u00e0 quelques r\u00e8gles. (Aller voir la page des outils) R\u00e9p\u00e9tons que la tari\u00e8re doit \u00eatre aiguis\u00e9e, avoir une vrille en bon \u00e9tat et poss\u00e9der un manche ad\u00e9quat. 1) En g\u00e9n\u00e9ral &hellip; Continuer la lecture de La mortaise &rarr;","og_url":"http:\/\/arwann.com\/?page_id=251","article_modified_time":"2015-05-08T09:32:52+00:00","og_image":[{"url":"http:\/\/arwann.com\/wp-content\/uploads\/2014\/04\/bouton-scout.png","type":"","width":"","height":""}],"twitter_misc":{"Dur\u00e9e de lecture estim\u00e9e":"2 minutes"},"schema":{"@context":"https:\/\/schema.org","@graph":[{"@type":"WebPage","@id":"http:\/\/arwann.com\/?page_id=251","url":"http:\/\/arwann.com\/?page_id=251","name":"La mortaise -","isPartOf":{"@id":"http:\/\/arwann.com\/#website"},"primaryImageOfPage":{"@id":"http:\/\/arwann.com\/?page_id=251#primaryimage"},"image":{"@id":"http:\/\/arwann.com\/?page_id=251#primaryimage"},"thumbnailUrl":"http:\/\/arwann.com\/wp-content\/uploads\/2014\/04\/bouton-scout.png","datePublished":"2014-04-02T07:49:14+00:00","dateModified":"2015-05-08T09:32:52+00:00","breadcrumb":{"@id":"http:\/\/arwann.com\/?page_id=251#breadcrumb"},"inLanguage":"fr-FR","potentialAction":[{"@type":"ReadAction","target":["http:\/\/arwann.com\/?page_id=251"]}]},{"@type":"ImageObject","inLanguage":"fr-FR","@id":"http:\/\/arwann.com\/?page_id=251#primaryimage","url":"http:\/\/arwann.com\/wp-content\/uploads\/2014\/04\/bouton-scout.png","contentUrl":"http:\/\/arwann.com\/wp-content\/uploads\/2014\/04\/bouton-scout.png","width":400,"height":400},{"@type":"BreadcrumbList","@id":"http:\/\/arwann.com\/?page_id=251#breadcrumb","itemListElement":[{"@type":"ListItem","position":1,"name":"Home","item":"http:\/\/arwann.com\/"},{"@type":"ListItem","position":2,"name":"Le coin des Scouts","item":"http:\/\/arwann.com\/?page_id=29"},{"@type":"ListItem","position":3,"name":"Forestage et installations","item":"http:\/\/arwann.com\/?page_id=121"},{"@type":"ListItem","position":4,"name":"La mortaise"}]},{"@type":"WebSite","@id":"http:\/\/arwann.com\/#website","url":"http:\/\/arwann.com\/","name":"Arwann.com","description":"","publisher":{"@id":"http:\/\/arwann.com\/#organization"},"potentialAction":[{"@type":"SearchAction","target":{"@type":"EntryPoint","urlTemplate":"http:\/\/arwann.com\/?s={search_term_string}"},"query-input":{"@type":"PropertyValueSpecification","valueRequired":true,"valueName":"search_term_string"}}],"inLanguage":"fr-FR"},{"@type":"Organization","@id":"http:\/\/arwann.com\/#organization","name":"Arwann","url":"http:\/\/arwann.com\/","logo":{"@type":"ImageObject","inLanguage":"fr-FR","@id":"http:\/\/arwann.com\/#\/schema\/logo\/image\/","url":"http:\/\/arwann.com\/wp-content\/uploads\/2014\/04\/cropped-bandeau-arwann-5.png","contentUrl":"http:\/\/arwann.com\/wp-content\/uploads\/2014\/04\/cropped-bandeau-arwann-5.png","width":1600,"height":230,"caption":"Arwann"},"image":{"@id":"http:\/\/arwann.com\/#\/schema\/logo\/image\/"}}]}},"_links":{"self":[{"href":"http:\/\/arwann.com\/index.php?rest_route=\/wp\/v2\/pages\/251","targetHints":{"allow":["GET"]}}],"collection":[{"href":"http:\/\/arwann.com\/index.php?rest_route=\/wp\/v2\/pages"}],"about":[{"href":"http:\/\/arwann.com\/index.php?rest_route=\/wp\/v2\/types\/page"}],"author":[{"embeddable":true,"href":"http:\/\/arwann.com\/index.php?rest_route=\/wp\/v2\/users\/1"}],"replies":[{"embeddable":true,"href":"http:\/\/arwann.com\/index.php?rest_route=%2Fwp%2Fv2%2Fcomments&post=251"}],"version-history":[{"count":15,"href":"http:\/\/arwann.com\/index.php?rest_route=\/wp\/v2\/pages\/251\/revisions"}],"predecessor-version":[{"id":2714,"href":"http:\/\/arwann.com\/index.php?rest_route=\/wp\/v2\/pages\/251\/revisions\/2714"}],"up":[{"embeddable":true,"href":"http:\/\/arwann.com\/index.php?rest_route=\/wp\/v2\/pages\/121"}],"wp:attachment":[{"href":"http:\/\/arwann.com\/index.php?rest_route=%2Fwp%2Fv2%2Fmedia&parent=251"}],"curies":[{"name":"wp","href":"https:\/\/api.w.org\/{rel}","templated":true}]}}