{"id":2413,"date":"2015-01-04T19:29:19","date_gmt":"2015-01-04T18:29:19","guid":{"rendered":"http:\/\/arwann.com\/?page_id=2413"},"modified":"2015-01-09T12:53:01","modified_gmt":"2015-01-09T11:53:01","slug":"realiser-un-film-au-camp","status":"publish","type":"page","link":"http:\/\/arwann.com\/?page_id=2413","title":{"rendered":"R\u00e9aliser un film au camp"},"content":{"rendered":"<p><a name=\"Haut\"><\/a>Par Epaulard.<\/p>\n<h2><span style=\"color: #0000ff;\"><a href=\"http:\/\/arwann.com\/wp-content\/uploads\/2014\/04\/baden_powell_portrait-Copie.png\"><img loading=\"lazy\" decoding=\"async\" class=\"alignright wp-image-601\" src=\"http:\/\/arwann.com\/wp-content\/uploads\/2014\/04\/baden_powell_portrait-Copie.png\" alt=\"baden_powell_portrait - Copie\" width=\"200\" height=\"200\" srcset=\"http:\/\/arwann.com\/wp-content\/uploads\/2014\/04\/baden_powell_portrait-Copie.png 400w, http:\/\/arwann.com\/wp-content\/uploads\/2014\/04\/baden_powell_portrait-Copie-200x200.png 200w, http:\/\/arwann.com\/wp-content\/uploads\/2014\/04\/baden_powell_portrait-Copie-100x100.png 100w, http:\/\/arwann.com\/wp-content\/uploads\/2014\/04\/baden_powell_portrait-Copie-300x300.png 300w, http:\/\/arwann.com\/wp-content\/uploads\/2014\/04\/baden_powell_portrait-Copie-150x150.png 150w\" sizes=\"auto, (max-width: 200px) 100vw, 200px\" \/><\/a>Pourquoi faire un film de camp\u00a0:<\/span><\/h2>\n<p>&#8211; Les scouts\/guides auront un souvenir de ce qu\u2019ils ont fait<br \/>\n&#8211; C\u2019est un reportage pour les parents, les amis\u2026<br \/>\n&#8211; Cela permet de faire de la publicit\u00e9 pour la troupe\/compagnie afin de recruter<\/p>\n<p>Voici quelques conseils tir\u00e9s de mon exp\u00e9rience. Ceci n\u2019est bien s\u00fbr pas la r\u00e8gle absolue. Si vous avez d\u2019autres suggestions ou remarques, celles-ci sont les bienvenues.<\/p>\n<h2><span style=\"color: #0000ff;\">Pour filmer\u00a0:<\/span><\/h2>\n<ol>\n<ol>\n<li><span style=\"color: #ff0000;\"><strong>Le film doit raconter une histoire<\/strong><\/span>. Ceci est tr\u00e8s important. Une personne ext\u00e9rieure au camp doit comprendre le d\u00e9roulement du camp, les activit\u00e9s principales, les temps forts, la vie au camp\u2026<\/li>\n<li>Penser \u00e0 filmer toutes les activit\u00e9s principales<\/li>\n<li>Penser \u00e0 filmer de quoi raconter une journ\u00e9e type au camp (r\u00e9veil, PDDM, Veill\u00e9es\u2026)<\/li>\n<li>Chaque participant doit au moins appara\u00eetre une fois en tant qu\u2019acteur principal ; pour lui-m\u00eame, pour ses parents, ses amis\u2026 c\u2019est indispensable la consid\u00e9ration des autres et une v\u00e9ritable place dans une soci\u00e9t\u00e9 est indispensable \u00e0 chacun des scouts ou guides. (tenir une comptabilit\u00e9 des apparitions)<\/li>\n<li>Eviter donc de toujours filmer les m\u00eames boute-en-train ou les m\u00eames enfants photog\u00e9niques.<\/li>\n<li>Pour satisfaire ces 5 premiers points,<strong><span style=\"color: #ff0000;\"> UNE SEULE PERSONNE<\/span> <\/strong>est responsable du\u00a0film , pr\u00e9paration, prise de vues, montage. Cela signifie\u00a0qu\u2019avant le camp, on d\u00e9signe untel pour filmer le camp et <strong><span style=\"color: #ff0000;\">c&rsquo;est une v\u00e9ritable mission<\/span><\/strong>.<\/li>\n<li><span style=\"color: #0000ff;\"><strong>Ensuite quelques conseils techniques<\/strong><\/span><\/li>\n<li><span style=\"text-decoration: underline;\">Ne jamais<\/span>\u00a0zoomer ou d\u00e9-zoomer en filmant.<\/li>\n<li>Garder la cam\u00e9ra la plus immobile possible<\/li>\n<li>Ne pas faire de panoramique en filmant<\/li>\n<li>Pour les points 8, 9, 10\u00a0 &#8211; \u00a0ces conseils sont bas\u00e9s sur le fait que la plupart des cas, les zooms et les panoramiques sont ex\u00e9cut\u00e9s trop rapidement et le rendu sur un film est tr\u00e8s d\u00e9sagr\u00e9able. Il est donc possible d&rsquo;ex\u00e9cuter ces actions mais alors il faut aller <span style=\"text-decoration: underline;\">tr\u00e8s, tr\u00e8s, tr\u00e8s lentement<\/span>. (parfois pour le zoom c&rsquo;est impossible)<\/li>\n<li>Faire des plans\u00a0 d&rsquo;au moins 5 secondes ; avec le num\u00e9rique \u00e7a ne co\u00fbte rien.<\/li>\n<li>\u00a0Faire beaucoup de gros plans, mains, visages, actions&#8230; les spectateurs comprendrons un peu mieux ce qui se passe.<\/li>\n<li>Attention aux contre-jours, \u00e0 l&rsquo;exposition. Par exemple, filmer les couleurs qui flottent au m\u00e2t est un exercice difficile car la luminosit\u00e9 va se r\u00e9gler automatiquement sur le ciel et les pavillons vont para\u00eetre\u00a0 sombres et m\u00eame noirs.<\/li>\n<li>effectuer une formation aux scouts ou guides AVANT le film. Les acteurs ne doivent pas r\u00e9agir \u00e0 la cam\u00e9ra, ils doivent continuer leur action comme si on ne les filmait pas. Ne pas h\u00e9siter si besoin \u00e0 pr\u00e9parer de petites sc\u00e8nes (installations, intendance&#8230;)<\/li>\n<li>Un film de camp a vocation \u00e0 circuler et sera montr\u00e9\u00a0\u00e0 un large public qui n&rsquo;a pas\u00a0n\u00e9cessairement notre sensibilit\u00e9\u00a0 ==&gt; Donc\u00a0: <span style=\"color: #ff0000;\"><b><strong>Les films d\u00e9lires en camp n\u2019int\u00e9ressent que vous (idem pour les photos)<\/strong><\/b>\u00a0<strong>et risquent bien de vous faire du tort.<\/strong><\/span><\/li>\n<\/ol>\n<\/ol>\n<h2><span style=\"color: #0000ff;\">Pour monter le film\u00a0:<\/span><\/h2>\n<ol>\n<li>Inclure une s\u00e9quence d\u2019introduction qui montre notamment la r\u00e9gion o\u00f9 se d\u00e9roule l\u2019action<\/li>\n<li>Les s\u00e9quences ne doivent pas \u00eatre trop courtes ni trop longues. Il faut faire des choix<\/li>\n<li>Les logiciels offrent des transitions de tous les styles, avec des effets. Le plus simple et le plus sobre est souvent pr\u00e9f\u00e9rable.<\/li>\n<li>Le th\u00e8me musical est important car, souvent, il va donner son caract\u00e8re \u00e0 la s\u00e9quence. En g\u00e9n\u00e9ral, le r\u00e9pertoire des musiques de films est suffisant pour couvrir les besoins mais celui-ci commence \u00e0 \u00eatre connu. On citera comme compositeur de musique de film\u00a0: Ennio Morricone ou Hans Zimmer\u2026 Il faut aussi ajouter tout le r\u00e9pertoire de la musique classique, de th\u00e8mes instrumentaux de chansons. Bref, la liste est longue. La musique est l\u00e0 pour mettre en valeur l\u2019action, sugg\u00e9rer l\u2019atmosph\u00e8re.\n<ul>\n<li>Des commentaires en voix \u00ab\u00a0off\u00a0\u00bb sont bienvenus. Les textes doivent \u00eatre courts et simples. Choisir une belle voix avec une belle diction (gar\u00e7on ou fille indiff\u00e9rent, mais belle voix imp\u00e9rative)<\/li>\n<li>Pr\u00e9voir un g\u00e9n\u00e9rique de fin avec la liste des participants au camp ainsi que des remerciements \u00e0 ceux qui vous ont aid\u00e9s. Envoyer ensuite une copie \u00e0 ceux qui vous ont accueilli pour le camp est une bonne fa\u00e7on de remercier encore<\/li>\n<\/ul>\n<\/li>\n<li>La dur\u00e9e d\u2019un film devrait \u00eatre de l\u2019ordre d\u2019une demi-heure. Pour information, lorsque je montais mes films, j\u2019ai calcul\u00e9 qu\u2019il me fallait en moyenne une heure de travail par minute de film (soit 30 heures de travail \u00a0pour 30 minutes de film). De la m\u00eame mani\u00e8re, un cam\u00e9raman \u00ab\u00a0moyen\u00a0\u00bb obtient un rendement de 20%. C&rsquo;est \u00e0 dire que 80% des prises ne seront pas utilis\u00e9es (mal film\u00e9, action pas nette, action \u00e0 ne pas montrer, r\u00e9p\u00e9titions, probl\u00e8me de lumi\u00e8re&#8230;) Avec de l&rsquo;exp\u00e9rience le rendement s&rsquo;am\u00e9liore mais il faut savoir ne pas tout mettre.<\/li>\n<\/ol>\n<h2><span style=\"color: #0000ff;\">Pour la projection du film\u00a0:<\/span><\/h2>\n<ol>\n<li>Pr\u00e9voir une salle adapt\u00e9e (en g\u00e9n\u00e9ral, on utilisait des salles paroissiales)<\/li>\n<li>Pr\u00e9voir le mat\u00e9riel et le tester avant la projection\u00a0: Baffles, amplificateur, video projecteur, ordinateur. Sans doute est-ce un corolaire de la loi de Murphy mais si on ne teste pas l\u2019ensemble du syst\u00e8me en conditions r\u00e9elles,\u00a0avec \u00a0<strong><span style=\"color: #ff0000;\">LE MATERIEL QUI SERA UTILISE \u00a0le jour J<\/span>. <\/strong>\u00a0Il y aura toujours quelque chose qui ne marchera pas et \u00e7a sera\u00a0 CATA !<\/li>\n<li>Faire la publicit\u00e9, je pense qu\u2019il est pr\u00e9f\u00e9rable\u00a0de projeter le film du camp le soir, avec tout le monde en m\u00eame temps (scouts\/guides, parents, amis\u2026). Pourquoi\u00a0? sans doute pour plus de solennit\u00e9 mais surtout\u00a0 parce que c&rsquo;est\u00a0<span style=\"color: #ff0000;\"><strong>LE<\/strong> <\/span>moment de gloire des acteurs du film et ces derniers\u00a0ont besoin d\u2019\u00eatre pr\u00e9sents quand leurs parents, et leurs fr\u00e8res et s\u0153urs verront ce qu\u2019ils ont v\u00e9cu.<\/li>\n<li>Projeter le film assez rapidement apr\u00e8s l&rsquo;action. Ne pas attendre trop longtemps (\u00e0 la rentr\u00e9e s\u2019il s\u2019agit du film du camp d\u2019\u00e9t\u00e9 ).<\/li>\n<\/ol>\n<p><a href=\"#Haut\">Retour en haut<\/a><em><br \/>\npage pr\u00e9c\u00e9dente : <a title=\"L\u2019aum\u00f4nier au camp\" href=\"http:\/\/arwann.com\/?page_id=1986\">l&rsquo;aum\u00f4nier au camp<\/a><\/em><br \/>\n<em>page suivante<\/em><\/p>\n","protected":false},"excerpt":{"rendered":"<p>Par Epaulard. Pourquoi faire un film de camp\u00a0: &#8211; Les scouts\/guides auront un souvenir de ce qu\u2019ils ont fait &#8211; C\u2019est un reportage pour les parents, les amis\u2026 &#8211; Cela permet de faire de la publicit\u00e9 pour la troupe\/compagnie afin de recruter Voici quelques conseils tir\u00e9s de mon exp\u00e9rience. Ceci n\u2019est bien s\u00fbr pas la &hellip; <a href=\"http:\/\/arwann.com\/?page_id=2413\" class=\"more-link\">Continuer la lecture de <span class=\"screen-reader-text\">R\u00e9aliser un film au camp<\/span> <span class=\"meta-nav\">&rarr;<\/span><\/a><\/p>\n","protected":false},"author":1,"featured_media":0,"parent":1185,"menu_order":0,"comment_status":"open","ping_status":"open","template":"","meta":{"footnotes":""},"class_list":["post-2413","page","type-page","status-publish","hentry"],"yoast_head":"<!-- This site is optimized with the Yoast SEO plugin v27.2 - https:\/\/yoast.com\/product\/yoast-seo-wordpress\/ -->\n<title>R\u00e9aliser un film au camp -<\/title>\n<meta name=\"description\" content=\"filmer un camp scout\" \/>\n<meta name=\"robots\" content=\"index, follow, max-snippet:-1, max-image-preview:large, max-video-preview:-1\" \/>\n<link rel=\"canonical\" href=\"http:\/\/arwann.com\/?page_id=2413\" \/>\n<meta property=\"og:locale\" content=\"fr_FR\" \/>\n<meta property=\"og:type\" content=\"article\" \/>\n<meta property=\"og:title\" content=\"R\u00e9aliser un film au camp -\" \/>\n<meta property=\"og:description\" content=\"filmer un camp scout\" \/>\n<meta property=\"og:url\" content=\"http:\/\/arwann.com\/?page_id=2413\" \/>\n<meta property=\"article:modified_time\" content=\"2015-01-09T11:53:01+00:00\" \/>\n<meta property=\"og:image\" content=\"http:\/\/arwann.com\/wp-content\/uploads\/2014\/04\/baden_powell_portrait-Copie.png\" \/>\n<meta name=\"twitter:label1\" content=\"Dur\u00e9e de lecture estim\u00e9e\" \/>\n\t<meta name=\"twitter:data1\" content=\"5 minutes\" \/>\n<script type=\"application\/ld+json\" class=\"yoast-schema-graph\">{\"@context\":\"https:\/\/schema.org\",\"@graph\":[{\"@type\":\"WebPage\",\"@id\":\"http:\/\/arwann.com\/?page_id=2413\",\"url\":\"http:\/\/arwann.com\/?page_id=2413\",\"name\":\"R\u00e9aliser un film au camp -\",\"isPartOf\":{\"@id\":\"http:\/\/arwann.com\/#website\"},\"primaryImageOfPage\":{\"@id\":\"http:\/\/arwann.com\/?page_id=2413#primaryimage\"},\"image\":{\"@id\":\"http:\/\/arwann.com\/?page_id=2413#primaryimage\"},\"thumbnailUrl\":\"http:\/\/arwann.com\/wp-content\/uploads\/2014\/04\/baden_powell_portrait-Copie.png\",\"datePublished\":\"2015-01-04T18:29:19+00:00\",\"dateModified\":\"2015-01-09T11:53:01+00:00\",\"description\":\"filmer un camp scout\",\"breadcrumb\":{\"@id\":\"http:\/\/arwann.com\/?page_id=2413#breadcrumb\"},\"inLanguage\":\"fr-FR\",\"potentialAction\":[{\"@type\":\"ReadAction\",\"target\":[\"http:\/\/arwann.com\/?page_id=2413\"]}]},{\"@type\":\"ImageObject\",\"inLanguage\":\"fr-FR\",\"@id\":\"http:\/\/arwann.com\/?page_id=2413#primaryimage\",\"url\":\"http:\/\/arwann.com\/wp-content\/uploads\/2014\/04\/baden_powell_portrait-Copie.png\",\"contentUrl\":\"http:\/\/arwann.com\/wp-content\/uploads\/2014\/04\/baden_powell_portrait-Copie.png\",\"width\":400,\"height\":400},{\"@type\":\"BreadcrumbList\",\"@id\":\"http:\/\/arwann.com\/?page_id=2413#breadcrumb\",\"itemListElement\":[{\"@type\":\"ListItem\",\"position\":1,\"name\":\"Home\",\"item\":\"http:\/\/arwann.com\/\"},{\"@type\":\"ListItem\",\"position\":2,\"name\":\"Le Kr\u00e2al\",\"item\":\"http:\/\/arwann.com\/?page_id=33\"},{\"@type\":\"ListItem\",\"position\":3,\"name\":\"Diriger son unit\u00e9\",\"item\":\"http:\/\/arwann.com\/?page_id=1185\"},{\"@type\":\"ListItem\",\"position\":4,\"name\":\"R\u00e9aliser un film au camp\"}]},{\"@type\":\"WebSite\",\"@id\":\"http:\/\/arwann.com\/#website\",\"url\":\"http:\/\/arwann.com\/\",\"name\":\"Arwann.com\",\"description\":\"\",\"publisher\":{\"@id\":\"http:\/\/arwann.com\/#organization\"},\"potentialAction\":[{\"@type\":\"SearchAction\",\"target\":{\"@type\":\"EntryPoint\",\"urlTemplate\":\"http:\/\/arwann.com\/?s={search_term_string}\"},\"query-input\":{\"@type\":\"PropertyValueSpecification\",\"valueRequired\":true,\"valueName\":\"search_term_string\"}}],\"inLanguage\":\"fr-FR\"},{\"@type\":\"Organization\",\"@id\":\"http:\/\/arwann.com\/#organization\",\"name\":\"Arwann\",\"url\":\"http:\/\/arwann.com\/\",\"logo\":{\"@type\":\"ImageObject\",\"inLanguage\":\"fr-FR\",\"@id\":\"http:\/\/arwann.com\/#\/schema\/logo\/image\/\",\"url\":\"http:\/\/arwann.com\/wp-content\/uploads\/2014\/04\/cropped-bandeau-arwann-5.png\",\"contentUrl\":\"http:\/\/arwann.com\/wp-content\/uploads\/2014\/04\/cropped-bandeau-arwann-5.png\",\"width\":1600,\"height\":230,\"caption\":\"Arwann\"},\"image\":{\"@id\":\"http:\/\/arwann.com\/#\/schema\/logo\/image\/\"}}]}<\/script>\n<!-- \/ Yoast SEO plugin. -->","yoast_head_json":{"title":"R\u00e9aliser un film au camp -","description":"filmer un camp scout","robots":{"index":"index","follow":"follow","max-snippet":"max-snippet:-1","max-image-preview":"max-image-preview:large","max-video-preview":"max-video-preview:-1"},"canonical":"http:\/\/arwann.com\/?page_id=2413","og_locale":"fr_FR","og_type":"article","og_title":"R\u00e9aliser un film au camp -","og_description":"filmer un camp scout","og_url":"http:\/\/arwann.com\/?page_id=2413","article_modified_time":"2015-01-09T11:53:01+00:00","og_image":[{"url":"http:\/\/arwann.com\/wp-content\/uploads\/2014\/04\/baden_powell_portrait-Copie.png","type":"","width":"","height":""}],"twitter_misc":{"Dur\u00e9e de lecture estim\u00e9e":"5 minutes"},"schema":{"@context":"https:\/\/schema.org","@graph":[{"@type":"WebPage","@id":"http:\/\/arwann.com\/?page_id=2413","url":"http:\/\/arwann.com\/?page_id=2413","name":"R\u00e9aliser un film au camp -","isPartOf":{"@id":"http:\/\/arwann.com\/#website"},"primaryImageOfPage":{"@id":"http:\/\/arwann.com\/?page_id=2413#primaryimage"},"image":{"@id":"http:\/\/arwann.com\/?page_id=2413#primaryimage"},"thumbnailUrl":"http:\/\/arwann.com\/wp-content\/uploads\/2014\/04\/baden_powell_portrait-Copie.png","datePublished":"2015-01-04T18:29:19+00:00","dateModified":"2015-01-09T11:53:01+00:00","description":"filmer un camp scout","breadcrumb":{"@id":"http:\/\/arwann.com\/?page_id=2413#breadcrumb"},"inLanguage":"fr-FR","potentialAction":[{"@type":"ReadAction","target":["http:\/\/arwann.com\/?page_id=2413"]}]},{"@type":"ImageObject","inLanguage":"fr-FR","@id":"http:\/\/arwann.com\/?page_id=2413#primaryimage","url":"http:\/\/arwann.com\/wp-content\/uploads\/2014\/04\/baden_powell_portrait-Copie.png","contentUrl":"http:\/\/arwann.com\/wp-content\/uploads\/2014\/04\/baden_powell_portrait-Copie.png","width":400,"height":400},{"@type":"BreadcrumbList","@id":"http:\/\/arwann.com\/?page_id=2413#breadcrumb","itemListElement":[{"@type":"ListItem","position":1,"name":"Home","item":"http:\/\/arwann.com\/"},{"@type":"ListItem","position":2,"name":"Le Kr\u00e2al","item":"http:\/\/arwann.com\/?page_id=33"},{"@type":"ListItem","position":3,"name":"Diriger son unit\u00e9","item":"http:\/\/arwann.com\/?page_id=1185"},{"@type":"ListItem","position":4,"name":"R\u00e9aliser un film au camp"}]},{"@type":"WebSite","@id":"http:\/\/arwann.com\/#website","url":"http:\/\/arwann.com\/","name":"Arwann.com","description":"","publisher":{"@id":"http:\/\/arwann.com\/#organization"},"potentialAction":[{"@type":"SearchAction","target":{"@type":"EntryPoint","urlTemplate":"http:\/\/arwann.com\/?s={search_term_string}"},"query-input":{"@type":"PropertyValueSpecification","valueRequired":true,"valueName":"search_term_string"}}],"inLanguage":"fr-FR"},{"@type":"Organization","@id":"http:\/\/arwann.com\/#organization","name":"Arwann","url":"http:\/\/arwann.com\/","logo":{"@type":"ImageObject","inLanguage":"fr-FR","@id":"http:\/\/arwann.com\/#\/schema\/logo\/image\/","url":"http:\/\/arwann.com\/wp-content\/uploads\/2014\/04\/cropped-bandeau-arwann-5.png","contentUrl":"http:\/\/arwann.com\/wp-content\/uploads\/2014\/04\/cropped-bandeau-arwann-5.png","width":1600,"height":230,"caption":"Arwann"},"image":{"@id":"http:\/\/arwann.com\/#\/schema\/logo\/image\/"}}]}},"_links":{"self":[{"href":"http:\/\/arwann.com\/index.php?rest_route=\/wp\/v2\/pages\/2413","targetHints":{"allow":["GET"]}}],"collection":[{"href":"http:\/\/arwann.com\/index.php?rest_route=\/wp\/v2\/pages"}],"about":[{"href":"http:\/\/arwann.com\/index.php?rest_route=\/wp\/v2\/types\/page"}],"author":[{"embeddable":true,"href":"http:\/\/arwann.com\/index.php?rest_route=\/wp\/v2\/users\/1"}],"replies":[{"embeddable":true,"href":"http:\/\/arwann.com\/index.php?rest_route=%2Fwp%2Fv2%2Fcomments&post=2413"}],"version-history":[{"count":5,"href":"http:\/\/arwann.com\/index.php?rest_route=\/wp\/v2\/pages\/2413\/revisions"}],"predecessor-version":[{"id":2441,"href":"http:\/\/arwann.com\/index.php?rest_route=\/wp\/v2\/pages\/2413\/revisions\/2441"}],"up":[{"embeddable":true,"href":"http:\/\/arwann.com\/index.php?rest_route=\/wp\/v2\/pages\/1185"}],"wp:attachment":[{"href":"http:\/\/arwann.com\/index.php?rest_route=%2Fwp%2Fv2%2Fmedia&parent=2413"}],"curies":[{"name":"wp","href":"https:\/\/api.w.org\/{rel}","templated":true}]}}