{"id":2367,"date":"2014-12-16T22:06:04","date_gmt":"2014-12-16T21:06:04","guid":{"rendered":"http:\/\/arwann.com\/?page_id=2367"},"modified":"2016-05-10T22:31:22","modified_gmt":"2016-05-10T21:31:22","slug":"puncho-cerf-volant-utilisations-multiples","status":"publish","type":"page","link":"http:\/\/arwann.com\/?page_id=2367","title":{"rendered":"Puncho cerf-volant, utilisations multiples"},"content":{"rendered":"<p><a name=\"Haut\"><\/a>Par Lama. <a href=\"http:\/\/arwann.com\/?page_id=29\">Le coin des scouts<\/a> -&gt; <a href=\"http:\/\/arwann.com\/?page_id=347\">Campisme<\/a><\/p>\n<h2><span style=\"color: #0000ff;\"><strong>AVANT, LE CIR\u00c9<\/strong><\/span><\/h2>\n<p style=\"text-align: justify;\"><a href=\"http:\/\/arwann.com\/wp-content\/uploads\/2014\/12\/puncho-magiqie-4.png\"><img loading=\"lazy\" decoding=\"async\" class=\" wp-image-2370 size-medium alignleft\" src=\"http:\/\/arwann.com\/wp-content\/uploads\/2014\/12\/puncho-magiqie-4-205x300.png\" alt=\"puncho-magique-4\" width=\"205\" height=\"300\" srcset=\"http:\/\/arwann.com\/wp-content\/uploads\/2014\/12\/puncho-magiqie-4-205x300.png 205w, http:\/\/arwann.com\/wp-content\/uploads\/2014\/12\/puncho-magiqie-4-300x437.png 300w, http:\/\/arwann.com\/wp-content\/uploads\/2014\/12\/puncho-magiqie-4.png 556w\" sizes=\"auto, (max-width: 205px) 100vw, 205px\" \/><\/a><a href=\"http:\/\/arwann.com\/wp-content\/uploads\/2014\/04\/bouton-scout.png\"><img loading=\"lazy\" decoding=\"async\" class=\" wp-image-892 alignright\" src=\"http:\/\/arwann.com\/wp-content\/uploads\/2014\/04\/bouton-scout.png\" alt=\"bouton scout\" width=\"200\" height=\"200\" srcset=\"http:\/\/arwann.com\/wp-content\/uploads\/2014\/04\/bouton-scout.png 400w, http:\/\/arwann.com\/wp-content\/uploads\/2014\/04\/bouton-scout-200x200.png 200w, http:\/\/arwann.com\/wp-content\/uploads\/2014\/04\/bouton-scout-100x100.png 100w, http:\/\/arwann.com\/wp-content\/uploads\/2014\/04\/bouton-scout-300x300.png 300w, http:\/\/arwann.com\/wp-content\/uploads\/2014\/04\/bouton-scout-150x150.png 150w\" sizes=\"auto, (max-width: 200px) 100vw, 200px\" \/><\/a>Pendant fort longtemps le cir\u00e9 \u00e9tait LE v\u00eatement de pluie. Au camp, les scouts en emportaient tous un dans leurs affaires. En weekend on parvenait \u00e0 s\u2019en passer, s\u2019il pleuvait vraiment et longtemps alors la veille de treillis ou le manteau \u00e9tait tremp\u00e9 mais ce probl\u00e8me ne durait pas au-del\u00e0 du dimanche soir.<br \/>\nLe cir\u00e9 est r\u00e9ellement imperm\u00e9able mais il pr\u00e9sente plusieurs inconv\u00e9nients s\u00e9rieux\u00a0: lourd et raide, condensation interne et manque d\u2019a\u00e9ration, ruissellement qui trempe la culotte et les jambes, le sac \u00e0 dos reste expos\u00e9.<br \/>\nCertains optent pour le Kway. On gagne en l\u00e9g\u00e8ret\u00e9, souplesse, moins imperm\u00e9able mais mieux a\u00e9r\u00e9. Reste que le sac n\u2019est pas prot\u00e9g\u00e9. Et comme pour le cir\u00e9, la mise ou l\u2019enl\u00e8vement du v\u00eatement de pluie passe par la d\u00e9pose et la pose du sac \u00e0 dos.<\/p>\n<h2><span style=\"color: #0000ff;\"><strong>APR\u00c8S, LE PUNCHO<\/strong><\/span><\/h2>\n<p style=\"text-align: justify;\"><a href=\"http:\/\/arwann.com\/wp-content\/uploads\/2014\/12\/Puncho-magique-5.png\"><img loading=\"lazy\" decoding=\"async\" class=\"alignright wp-image-2373 size-medium\" src=\"http:\/\/arwann.com\/wp-content\/uploads\/2014\/12\/Puncho-magique-5-300x261.png\" alt=\"Puncho-magique-5\" width=\"300\" height=\"261\" srcset=\"http:\/\/arwann.com\/wp-content\/uploads\/2014\/12\/Puncho-magique-5-300x261.png 300w, http:\/\/arwann.com\/wp-content\/uploads\/2014\/12\/Puncho-magique-5.png 786w\" sizes=\"auto, (max-width: 300px) 100vw, 300px\" \/><\/a><a href=\"http:\/\/arwann.com\/wp-content\/uploads\/2014\/12\/puncho-magique-1.png\"><img loading=\"lazy\" decoding=\"async\" class=\"alignleft wp-image-2371 size-medium\" src=\"http:\/\/arwann.com\/wp-content\/uploads\/2014\/12\/puncho-magique-1-261x300.png\" alt=\"puncho-magique-1\" width=\"261\" height=\"300\" srcset=\"http:\/\/arwann.com\/wp-content\/uploads\/2014\/12\/puncho-magique-1-261x300.png 261w, http:\/\/arwann.com\/wp-content\/uploads\/2014\/12\/puncho-magique-1-300x345.png 300w, http:\/\/arwann.com\/wp-content\/uploads\/2014\/12\/puncho-magique-1.png 591w\" sizes=\"auto, (max-width: 261px) 100vw, 261px\" \/><\/a>Dans les surplus est alors apparu le puncho militaire. Et la vie des scouts a chang\u00e9. Le puncho se place par-dessus le scout et son sac, l\u2019a\u00e9ration est parfaite, la protection satisfaisante, c\u2019est souple et l\u00e9ger \u00e7a ruisselle encore sur les jambes et dans les chaussures mais la culotte reste s\u00e8che. Le puncho peut se placer ou se retirer en marchant et sans d\u00e9poser le sac \u00e0 dos, on peut en relever les pans sur le devant et il permet de prot\u00e9ger carte ou trousse topo pendant la marche.<br \/>\nCependant attention, il y a PUNCHO et puncho. Le v\u00e9ritable PUNCHO est de pr\u00e9f\u00e9rence couleur nature, il est ample et vaste, et ses coins sont carr\u00e9s (tr\u00e8s important). Car le puncho ne sert \u00e0 bien davantage que se prot\u00e9ger de la pluie pendant la marche. Il va \u00e9galement servir \u00e0 l\u2019\u00e9tape, au bivouac ou au camp.<\/p>\n<h2><span style=\"color: #0000ff;\"><strong>BIVOUAC, CERF-VOLANT<\/strong><\/span><\/h2>\n<p style=\"text-align: justify;\"><a href=\"http:\/\/arwann.com\/wp-content\/uploads\/2014\/12\/Puncho-magique-6.png\"><img loading=\"lazy\" decoding=\"async\" class=\"alignright wp-image-2374 size-large\" src=\"http:\/\/arwann.com\/wp-content\/uploads\/2014\/12\/Puncho-magique-6-1009x1024.png\" alt=\"Puncho-magique-6\" width=\"604\" height=\"612\" srcset=\"http:\/\/arwann.com\/wp-content\/uploads\/2014\/12\/Puncho-magique-6-1009x1024.png 1009w, http:\/\/arwann.com\/wp-content\/uploads\/2014\/12\/Puncho-magique-6-100x100.png 100w, http:\/\/arwann.com\/wp-content\/uploads\/2014\/12\/Puncho-magique-6-300x304.png 300w, http:\/\/arwann.com\/wp-content\/uploads\/2014\/12\/Puncho-magique-6-295x300.png 295w, http:\/\/arwann.com\/wp-content\/uploads\/2014\/12\/Puncho-magique-6.png 1109w\" sizes=\"auto, (max-width: 604px) 100vw, 604px\" \/><\/a>Le puncho couleur nature, vaste et \u00e0 coins carr\u00e9s se monte en toile de bivouac individuel ou collectif et remplace avantageusement tentes et cir\u00e9s.<br \/>\nLa pause. S\u2019il y a une pause pendant la marche, il s\u2019assoit et reste parfaitement couvert ainsi que son sac \u00e0 dos.<br \/>\nAu Bivouac. Le puncho est tendu en cerf-volant. Deux longues perches plac\u00e9es dans les diagonales du puncho le tendent gr\u00e2ce \u00e0 des ficelles s\u2019agrippant aux coins carr\u00e9s. Le puncho ainsi tendu en cerf-volant s\u2019utilise en abri individuel ou collectif. Pendant l\u2019\u00e9tablissement du bivouac, on le place en hauteur. Une fourche bien plac\u00e9e le maintient en position. Parfois il se r\u00e9v\u00e8le n\u00e9cessaire de lester la base avec une grosse branche morte ou des mottes. Plac\u00e9 dos au vent, cette disposition verticale prot\u00e8ge tr\u00e8s efficacement le bivouaqueur qui se tient debout face au feu (surtout les \u00e9paules). On peut \u00e9galement garder cette disposition du cerf-volant pour le repas, voire la veill\u00e9e.<br \/>\nAu moment de se glisser dans les plumes, le cerf-volant est plac\u00e9 en long. L\u00e0 il faut avoir choisi un puncho bien grand, id\u00e9alement 2m en longueur. S\u2019il y a plusieurs scouts qui bivouaquent alors on disposera les punchos \u00ab\u00a0en cour\u00a0\u00bb. Cela cr\u00e9e un espace parfaitement s\u00e9curisant, bien abrit\u00e9 de la pluie, du vent du froid et de l\u2019obscurit\u00e9. Par ailleurs les punchos cr\u00e9ent un tr\u00e8s bon \u00e9cran et masquent la flamme. Il ne reste que le halo de lumi\u00e8re sur les branchages.<br \/>\nSi le temps est assez mauvais, si les pluies sont fortes et prolong\u00e9es on peut appuyer l\u2019un contre l\u2019autre deux cerf-volants et cela forme une petite tente canadienne. Toujours se placer de travers par rapport \u00e0 la pluie.<br \/>\n<a href=\"http:\/\/arwann.com\/wp-content\/uploads\/2014\/12\/Puncho-magique-7.png\"><img loading=\"lazy\" decoding=\"async\" class=\"alignleft wp-image-2375 size-medium\" src=\"http:\/\/arwann.com\/wp-content\/uploads\/2014\/12\/Puncho-magique-7-300x162.png\" alt=\"Puncho-magique-7\" width=\"300\" height=\"162\" srcset=\"http:\/\/arwann.com\/wp-content\/uploads\/2014\/12\/Puncho-magique-7-300x163.png 300w, http:\/\/arwann.com\/wp-content\/uploads\/2014\/12\/Puncho-magique-7.png 697w\" sizes=\"auto, (max-width: 300px) 100vw, 300px\" \/><\/a><a href=\"http:\/\/arwann.com\/wp-content\/uploads\/2014\/12\/Puncho-magique-8.png\"><img loading=\"lazy\" decoding=\"async\" class=\"alignright wp-image-2376 size-medium\" src=\"http:\/\/arwann.com\/wp-content\/uploads\/2014\/12\/Puncho-magique-8-300x224.png\" alt=\"Puncho-magique-8\" width=\"300\" height=\"224\" srcset=\"http:\/\/arwann.com\/wp-content\/uploads\/2014\/12\/Puncho-magique-8-300x224.png 300w, http:\/\/arwann.com\/wp-content\/uploads\/2014\/12\/Puncho-magique-8.png 887w\" sizes=\"auto, (max-width: 300px) 100vw, 300px\" \/><\/a>Surtout s\u2019il a d\u00e9j\u00e0 beaucoup servi, on remarquera que le puncho, n\u2019est que mod\u00e9r\u00e9ment \u00e9tanche. La pluie ruiselle bien mais la face interne est humide. Un peu d\u2019eau passe tout de m\u00eame (containrement au vrai cir\u00e9). Cet inconv\u00e9nient est largement contre balanc\u00e9 par l\u2019excellente aptitude \u00e0 l\u2019a\u00e9ration.<br \/>\nBien tendue sur les perches en diagonales, la face int\u00e9rieure est bien expos\u00e9e au rayonnement du feu et s\u00e8che rapidement m\u00eame en cas de fortes pluies. On se servira de cette exposition au feu et de cet abri pour faire s\u00e9cher de nombreuses affaires pendant la nuit. Les perches en diagonales recevront chemises et chaussettes. On pourra \u00e9galement y suspendre montre et couteau, scapulaire et autres petites choses qui ne demandent qu\u2019\u00e0 se perdre dans les feuilles mortes.<\/p>\n<h2><strong><span style=\"color: #0000ff;\">AU CAMP<\/span> <\/strong><\/h2>\n<p style=\"text-align: justify;\"><a href=\"http:\/\/arwann.com\/wp-content\/uploads\/2014\/12\/puncho-magique-2.png\"><img loading=\"lazy\" decoding=\"async\" class=\"alignleft wp-image-2377 size-full\" src=\"http:\/\/arwann.com\/wp-content\/uploads\/2014\/12\/puncho-magique-2.png\" alt=\"puncho-magique-2\" width=\"425\" height=\"342\" srcset=\"http:\/\/arwann.com\/wp-content\/uploads\/2014\/12\/puncho-magique-2.png 425w, http:\/\/arwann.com\/wp-content\/uploads\/2014\/12\/puncho-magique-2-300x241.png 300w\" sizes=\"auto, (max-width: 425px) 100vw, 425px\" \/><\/a>M\u00eame au camp le puncho peut \u00eatre mont\u00e9 en cerf-volant. Ces panneaux amovibles et l\u00e9gers servent \u00e0 calfeutrer les flancs d\u2019une tente r\u00e9sidence. On peut faire \u00e7a pour la nuit mais aussi en cas de fortes pluies.<\/p>\n<p style=\"text-align: justify;\">On peut venir avec \u00e0 la veill\u00e9e et retrouver l\u2019ambiance d\u2019un vaste <a href=\"http:\/\/arwann.com\/wp-content\/uploads\/2014\/12\/puncho-magique-3.png\"><img loading=\"lazy\" decoding=\"async\" class=\"alignright wp-image-2372 size-medium\" src=\"http:\/\/arwann.com\/wp-content\/uploads\/2014\/12\/puncho-magique-3-300x257.png\" alt=\"puncho-magique-3\" width=\"300\" height=\"257\" srcset=\"http:\/\/arwann.com\/wp-content\/uploads\/2014\/12\/puncho-magique-3-300x257.png 300w, http:\/\/arwann.com\/wp-content\/uploads\/2014\/12\/puncho-magique-3.png 555w\" sizes=\"auto, (max-width: 300px) 100vw, 300px\" \/><\/a>tipi indien gr\u00e2ce \u00e0 l\u2019effet de nombre de la troupe. Particuli\u00e8rement agr\u00e9able en camp d\u2019hiver ou en camp d\u2019\u00e9t\u00e9 lorsqu\u2019il pleut\u2026 essayez et vous serez conquis. Mais pour cela il faut qu\u2019au moins tous les scouts a\u00een\u00e9s poss\u00e8dent un puncho.<\/p>\n<h2 style=\"text-align: justify;\"><span style=\"color: #0000ff;\"><strong>D\u00c9TAILS PRATIQUES<\/strong><\/span><\/h2>\n<p style=\"text-align: justify;\">Pour nouer les coins on se servira de la protub\u00e9rance des boutons pression qui se trouvent aux coins. Un simple n\u0153ud de gal\u00e8re qui \u00e9trangle ce bouton-pression et voil\u00e0 le coin attrap\u00e9.<\/p>\n<p style=\"text-align: justify;\">Attention \u00e0 la longueur des perches. On a toujours tendance \u00e0 prendre les perches trop courtes. Exemple\u00a0: L x l puncho = 200 x 140. La diagonale vaut Racine carr\u00e9e de (L\u00b2 + l\u00b2). ici avec 200 et 140 \u00e7a fait 244. Il faut rajouter un peu de longueur de chaque c\u00f4t\u00e9 pour tendre les coins. Pour \u00eatre tranquille on se taillera des perches de 3 m\u00e8tres que l\u2019on recoupera apr\u00e8s tension du puncho.<\/p>\n<p style=\"text-align: justify;\">Les fourches de maintien seront termin\u00e9es par une pointe afin de bien tenir au sol. Par ailleurs, on pr\u00e9f\u00e8rera soutenir la perche qui soutient sa cons\u0153ur. De toute fa\u00e7on il faut attacher les deux perches ensemble par un br\u00ealage. Pour obtenir un maintien optimal on placera deux fourches, en revanche, cela tend \u00e0 g\u00eaner un peu le passage.<\/p>\n<p style=\"text-align: justify;\">La capuche sera bien resserr\u00e9e par son cordon et plac\u00e9e plut\u00f4t ouverture vers le bas. (Autrement ce sera sur le c\u00f4t\u00e9).<\/p>\n<p style=\"text-align: justify;\">Il peut \u00eatre souhaitable dans certains cas (Vent ou alors perches trop lourdes ou mal \u00e9quilibr\u00e9es) de placer des lests \u00e0 la base du cerf-volant gr\u00e2ce \u00e0 de grosses branches mortes ou des mottes de terre.<\/p>\n<p><a href=\"#Haut\">Retour en haut<\/a><br \/>\n<em>Article en relation : <a title=\"Le puncho cerf-volant\" href=\"http:\/\/arwann.com\/?page_id=493\">Le puncho cerf-volant<\/a><\/em><br \/>\n<em> autre article en relation : <a title=\"Bivouac fondu dans la nature\" href=\"http:\/\/arwann.com\/?page_id=725\">Bivouac fondu dans la nature<\/a><\/em><br \/>\n<em>page suivante : <a href=\"http:\/\/arwann.com\/?page_id=2679\">le contenu du sac<\/a><\/em><\/p>\n","protected":false},"excerpt":{"rendered":"<p>Par Lama. Le coin des scouts -&gt; Campisme AVANT, LE CIR\u00c9 Pendant fort longtemps le cir\u00e9 \u00e9tait LE v\u00eatement de pluie. Au camp, les scouts en emportaient tous un dans leurs affaires. En weekend on parvenait \u00e0 s\u2019en passer, s\u2019il pleuvait vraiment et longtemps alors la veille de treillis ou le manteau \u00e9tait tremp\u00e9 mais &hellip; <a href=\"http:\/\/arwann.com\/?page_id=2367\" class=\"more-link\">Continuer la lecture de <span class=\"screen-reader-text\">Puncho cerf-volant, utilisations multiples<\/span> <span class=\"meta-nav\">&rarr;<\/span><\/a><\/p>\n","protected":false},"author":3,"featured_media":0,"parent":347,"menu_order":0,"comment_status":"open","ping_status":"open","template":"","meta":{"footnotes":""},"class_list":["post-2367","page","type-page","status-publish","hentry"],"yoast_head":"<!-- This site is optimized with the Yoast SEO plugin v27.2 - https:\/\/yoast.com\/product\/yoast-seo-wordpress\/ -->\n<title>Puncho cerf-volant, utilisations multiples -<\/title>\n<meta name=\"robots\" content=\"index, follow, max-snippet:-1, max-image-preview:large, max-video-preview:-1\" \/>\n<link rel=\"canonical\" href=\"http:\/\/arwann.com\/?page_id=2367\" \/>\n<meta property=\"og:locale\" content=\"fr_FR\" \/>\n<meta property=\"og:type\" content=\"article\" \/>\n<meta property=\"og:title\" content=\"Puncho cerf-volant, utilisations multiples -\" \/>\n<meta property=\"og:description\" content=\"Par Lama. Le coin des scouts -&gt; Campisme AVANT, LE CIR\u00c9 Pendant fort longtemps le cir\u00e9 \u00e9tait LE v\u00eatement de pluie. Au camp, les scouts en emportaient tous un dans leurs affaires. En weekend on parvenait \u00e0 s\u2019en passer, s\u2019il pleuvait vraiment et longtemps alors la veille de treillis ou le manteau \u00e9tait tremp\u00e9 mais &hellip; Continuer la lecture de Puncho cerf-volant, utilisations multiples &rarr;\" \/>\n<meta property=\"og:url\" content=\"http:\/\/arwann.com\/?page_id=2367\" \/>\n<meta property=\"article:modified_time\" content=\"2016-05-10T21:31:22+00:00\" \/>\n<meta property=\"og:image\" content=\"http:\/\/arwann.com\/wp-content\/uploads\/2014\/12\/puncho-magiqie-4-205x300.png\" \/>\n<meta name=\"twitter:label1\" content=\"Dur\u00e9e de lecture estim\u00e9e\" \/>\n\t<meta name=\"twitter:data1\" content=\"6 minutes\" \/>\n<script type=\"application\/ld+json\" class=\"yoast-schema-graph\">{\"@context\":\"https:\/\/schema.org\",\"@graph\":[{\"@type\":\"WebPage\",\"@id\":\"http:\/\/arwann.com\/?page_id=2367\",\"url\":\"http:\/\/arwann.com\/?page_id=2367\",\"name\":\"Puncho cerf-volant, utilisations multiples -\",\"isPartOf\":{\"@id\":\"http:\/\/arwann.com\/#website\"},\"primaryImageOfPage\":{\"@id\":\"http:\/\/arwann.com\/?page_id=2367#primaryimage\"},\"image\":{\"@id\":\"http:\/\/arwann.com\/?page_id=2367#primaryimage\"},\"thumbnailUrl\":\"http:\/\/arwann.com\/wp-content\/uploads\/2014\/12\/puncho-magiqie-4-205x300.png\",\"datePublished\":\"2014-12-16T21:06:04+00:00\",\"dateModified\":\"2016-05-10T21:31:22+00:00\",\"breadcrumb\":{\"@id\":\"http:\/\/arwann.com\/?page_id=2367#breadcrumb\"},\"inLanguage\":\"fr-FR\",\"potentialAction\":[{\"@type\":\"ReadAction\",\"target\":[\"http:\/\/arwann.com\/?page_id=2367\"]}]},{\"@type\":\"ImageObject\",\"inLanguage\":\"fr-FR\",\"@id\":\"http:\/\/arwann.com\/?page_id=2367#primaryimage\",\"url\":\"http:\/\/arwann.com\/wp-content\/uploads\/2014\/12\/puncho-magiqie-4.png\",\"contentUrl\":\"http:\/\/arwann.com\/wp-content\/uploads\/2014\/12\/puncho-magiqie-4.png\",\"width\":556,\"height\":810},{\"@type\":\"BreadcrumbList\",\"@id\":\"http:\/\/arwann.com\/?page_id=2367#breadcrumb\",\"itemListElement\":[{\"@type\":\"ListItem\",\"position\":1,\"name\":\"Home\",\"item\":\"http:\/\/arwann.com\/\"},{\"@type\":\"ListItem\",\"position\":2,\"name\":\"Le coin des Scouts\",\"item\":\"https:\/\/arwann.com\/?page_id=29\"},{\"@type\":\"ListItem\",\"position\":3,\"name\":\"Campisme\",\"item\":\"https:\/\/arwann.com\/?page_id=347\"},{\"@type\":\"ListItem\",\"position\":4,\"name\":\"Puncho cerf-volant, utilisations multiples\"}]},{\"@type\":\"WebSite\",\"@id\":\"http:\/\/arwann.com\/#website\",\"url\":\"http:\/\/arwann.com\/\",\"name\":\"Arwann.com\",\"description\":\"\",\"publisher\":{\"@id\":\"http:\/\/arwann.com\/#organization\"},\"potentialAction\":[{\"@type\":\"SearchAction\",\"target\":{\"@type\":\"EntryPoint\",\"urlTemplate\":\"http:\/\/arwann.com\/?s={search_term_string}\"},\"query-input\":{\"@type\":\"PropertyValueSpecification\",\"valueRequired\":true,\"valueName\":\"search_term_string\"}}],\"inLanguage\":\"fr-FR\"},{\"@type\":\"Organization\",\"@id\":\"http:\/\/arwann.com\/#organization\",\"name\":\"Arwann\",\"url\":\"http:\/\/arwann.com\/\",\"logo\":{\"@type\":\"ImageObject\",\"inLanguage\":\"fr-FR\",\"@id\":\"http:\/\/arwann.com\/#\/schema\/logo\/image\/\",\"url\":\"http:\/\/arwann.com\/wp-content\/uploads\/2014\/04\/cropped-bandeau-arwann-5.png\",\"contentUrl\":\"http:\/\/arwann.com\/wp-content\/uploads\/2014\/04\/cropped-bandeau-arwann-5.png\",\"width\":1600,\"height\":230,\"caption\":\"Arwann\"},\"image\":{\"@id\":\"http:\/\/arwann.com\/#\/schema\/logo\/image\/\"}}]}<\/script>\n<!-- \/ Yoast SEO plugin. -->","yoast_head_json":{"title":"Puncho cerf-volant, utilisations multiples -","robots":{"index":"index","follow":"follow","max-snippet":"max-snippet:-1","max-image-preview":"max-image-preview:large","max-video-preview":"max-video-preview:-1"},"canonical":"http:\/\/arwann.com\/?page_id=2367","og_locale":"fr_FR","og_type":"article","og_title":"Puncho cerf-volant, utilisations multiples -","og_description":"Par Lama. Le coin des scouts -&gt; Campisme AVANT, LE CIR\u00c9 Pendant fort longtemps le cir\u00e9 \u00e9tait LE v\u00eatement de pluie. Au camp, les scouts en emportaient tous un dans leurs affaires. En weekend on parvenait \u00e0 s\u2019en passer, s\u2019il pleuvait vraiment et longtemps alors la veille de treillis ou le manteau \u00e9tait tremp\u00e9 mais &hellip; Continuer la lecture de Puncho cerf-volant, utilisations multiples &rarr;","og_url":"http:\/\/arwann.com\/?page_id=2367","article_modified_time":"2016-05-10T21:31:22+00:00","og_image":[{"url":"http:\/\/arwann.com\/wp-content\/uploads\/2014\/12\/puncho-magiqie-4-205x300.png","type":"","width":"","height":""}],"twitter_misc":{"Dur\u00e9e de lecture estim\u00e9e":"6 minutes"},"schema":{"@context":"https:\/\/schema.org","@graph":[{"@type":"WebPage","@id":"http:\/\/arwann.com\/?page_id=2367","url":"http:\/\/arwann.com\/?page_id=2367","name":"Puncho cerf-volant, utilisations multiples -","isPartOf":{"@id":"http:\/\/arwann.com\/#website"},"primaryImageOfPage":{"@id":"http:\/\/arwann.com\/?page_id=2367#primaryimage"},"image":{"@id":"http:\/\/arwann.com\/?page_id=2367#primaryimage"},"thumbnailUrl":"http:\/\/arwann.com\/wp-content\/uploads\/2014\/12\/puncho-magiqie-4-205x300.png","datePublished":"2014-12-16T21:06:04+00:00","dateModified":"2016-05-10T21:31:22+00:00","breadcrumb":{"@id":"http:\/\/arwann.com\/?page_id=2367#breadcrumb"},"inLanguage":"fr-FR","potentialAction":[{"@type":"ReadAction","target":["http:\/\/arwann.com\/?page_id=2367"]}]},{"@type":"ImageObject","inLanguage":"fr-FR","@id":"http:\/\/arwann.com\/?page_id=2367#primaryimage","url":"http:\/\/arwann.com\/wp-content\/uploads\/2014\/12\/puncho-magiqie-4.png","contentUrl":"http:\/\/arwann.com\/wp-content\/uploads\/2014\/12\/puncho-magiqie-4.png","width":556,"height":810},{"@type":"BreadcrumbList","@id":"http:\/\/arwann.com\/?page_id=2367#breadcrumb","itemListElement":[{"@type":"ListItem","position":1,"name":"Home","item":"http:\/\/arwann.com\/"},{"@type":"ListItem","position":2,"name":"Le coin des Scouts","item":"https:\/\/arwann.com\/?page_id=29"},{"@type":"ListItem","position":3,"name":"Campisme","item":"https:\/\/arwann.com\/?page_id=347"},{"@type":"ListItem","position":4,"name":"Puncho cerf-volant, utilisations multiples"}]},{"@type":"WebSite","@id":"http:\/\/arwann.com\/#website","url":"http:\/\/arwann.com\/","name":"Arwann.com","description":"","publisher":{"@id":"http:\/\/arwann.com\/#organization"},"potentialAction":[{"@type":"SearchAction","target":{"@type":"EntryPoint","urlTemplate":"http:\/\/arwann.com\/?s={search_term_string}"},"query-input":{"@type":"PropertyValueSpecification","valueRequired":true,"valueName":"search_term_string"}}],"inLanguage":"fr-FR"},{"@type":"Organization","@id":"http:\/\/arwann.com\/#organization","name":"Arwann","url":"http:\/\/arwann.com\/","logo":{"@type":"ImageObject","inLanguage":"fr-FR","@id":"http:\/\/arwann.com\/#\/schema\/logo\/image\/","url":"http:\/\/arwann.com\/wp-content\/uploads\/2014\/04\/cropped-bandeau-arwann-5.png","contentUrl":"http:\/\/arwann.com\/wp-content\/uploads\/2014\/04\/cropped-bandeau-arwann-5.png","width":1600,"height":230,"caption":"Arwann"},"image":{"@id":"http:\/\/arwann.com\/#\/schema\/logo\/image\/"}}]}},"_links":{"self":[{"href":"http:\/\/arwann.com\/index.php?rest_route=\/wp\/v2\/pages\/2367","targetHints":{"allow":["GET"]}}],"collection":[{"href":"http:\/\/arwann.com\/index.php?rest_route=\/wp\/v2\/pages"}],"about":[{"href":"http:\/\/arwann.com\/index.php?rest_route=\/wp\/v2\/types\/page"}],"author":[{"embeddable":true,"href":"http:\/\/arwann.com\/index.php?rest_route=\/wp\/v2\/users\/3"}],"replies":[{"embeddable":true,"href":"http:\/\/arwann.com\/index.php?rest_route=%2Fwp%2Fv2%2Fcomments&post=2367"}],"version-history":[{"count":16,"href":"http:\/\/arwann.com\/index.php?rest_route=\/wp\/v2\/pages\/2367\/revisions"}],"predecessor-version":[{"id":3019,"href":"http:\/\/arwann.com\/index.php?rest_route=\/wp\/v2\/pages\/2367\/revisions\/3019"}],"up":[{"embeddable":true,"href":"http:\/\/arwann.com\/index.php?rest_route=\/wp\/v2\/pages\/347"}],"wp:attachment":[{"href":"http:\/\/arwann.com\/index.php?rest_route=%2Fwp%2Fv2%2Fmedia&parent=2367"}],"curies":[{"name":"wp","href":"https:\/\/api.w.org\/{rel}","templated":true}]}}