{"id":206,"date":"2014-03-29T21:19:44","date_gmt":"2014-03-29T20:19:44","guid":{"rendered":"http:\/\/arwann.com\/?page_id=206"},"modified":"2021-11-23T09:47:43","modified_gmt":"2021-11-23T08:47:43","slug":"sachem","status":"publish","type":"page","link":"http:\/\/arwann.com\/?page_id=206","title":{"rendered":"Sachem"},"content":{"rendered":"<p style=\"text-align: justify;\">Pour ne pas d\u00e9florer le conseil sous les \u00e9toiles \u00e0 ceux qui ne sont pas encore sachem, cette section est donc r\u00e9serv\u00e9e aux seuls sachems.<\/p>\n<p style=\"text-align: justify;\"><a title=\"Le Tipi\" href=\"http:\/\/arwann.com\/?page_id=618\">Je suis sachem, je suis d\u00e9j\u00e0 connect\u00e9 -&gt; le Tipi<\/a><\/p>\n<p style=\"text-align: justify;\"><a href=\"http:\/\/arwann.com\/wp-login.php\">Je suis sachem, je suis d\u00e9j\u00e0 inscrit -&gt; je me connecte<br \/>\n<\/a><a title=\"mot de passe perdu\" href=\"http:\/\/arwann.com\/?page_id=1089\">(mot de passe perdu?)<\/a><\/p>\n<p style=\"text-align: justify;\"><a title=\"Accueil\" href=\"http:\/\/arwann.com\/\">Je ne suis pas sachem -&gt; je reviendrai lorsque je le serai<\/a><\/p>\n<p style=\"text-align: justify;\"><a title=\"Inscription sachem\" href=\"http:\/\/arwann.com\/?page_id=612\">Je suis sachem, je ne suis pas encore inscrit -&gt; je m&rsquo;inscris<\/a><br \/>\nL&rsquo;inscription se fait par parrainage. Tu dois connaitre un sachem d\u00e9j\u00e0 inscrit qui nous certifiera sur son honneur que tu es bien sachem.<\/p>\n<p style=\"text-align: justify;\"><strong><a href=\"http:\/\/arwann.com\/wp-login.php?action=logout\">se d\u00e9connecter ?<\/a><\/strong><\/p>\n<h3 style=\"text-align: justify;\"><span style=\"color: #008000;\">Ce qu&rsquo;il faut savoir sur le conseil sous les \u00e9toiles<\/span><\/h3>\n<p style=\"text-align: justify;\">Le conseil sous les \u00e9toiles n\u2019est ni une \u00e9preuve, ni une \u00e9tape, ni un grade du scoutisme. Il ne s\u2019y attache donc aucune notion de valeur, de m\u00e9rite ou de r\u00e9compense. Dans la vie du scout, Ce conseil qui rassemble les sachems est simplement une p\u00e9rip\u00e9tie \u00e0 l\u2019issue de laquelle il re\u00e7oit de ses a\u00een\u00e9s un nom d\u2019animal.<br \/>\nPour cela, il suffit simplement que le gar\u00e7on entre dans l\u2019une des cat\u00e9gories suivantes :<\/p>\n<ul>\n<li style=\"text-align: justify;\">\u00eatre second de patrouille<\/li>\n<li style=\"text-align: justify;\">\u00eatre scout de seconde classe<\/li>\n<li style=\"text-align: justify;\">avoir aux alentours de 14-16 ans<\/li>\n<li style=\"text-align: justify;\">surtout, le jeune (\u00e9claireur ou \u00e9claireuse) doit se plaire aux scouts m\u00eame s&rsquo;il n&rsquo;est pas tr\u00e8s \u00ab dou\u00e9 \u00bb.<br \/>\nUne fois devenu sachem, l&rsquo;\u00e9claireur n\u2019acc\u00e8de \u00e0 aucun privil\u00e8ge, il ne rejoint aucune caste, il ne voit en aucune mani\u00e8re ses pr\u00e9rogatives augmenter, il garde sa place dans la patrouille, point final. Avoir particip\u00e9 au conseil sous les \u00e9toiles produit seulement deux effets :<\/li>\n<li style=\"text-align: justify;\">le scout peut \u00eatre appel\u00e9 par son nom d&rsquo;animal.<\/li>\n<li style=\"text-align: justify;\">il participera aux conseils suivants comme sachem.<br \/>\nPar jeu, et uniquement par jeu, pendant ces conseils, on distingue alors les papooses des sachems. Chez les indiens d\u2019Am\u00e9rique, le papoose devenait un jeune guerrier apr\u00e8s avoir r\u00e9ussi des \u00e9preuves. Pendant le conseil dans le cadre du scoutisme il a de petites \u00e9preuves techniques simples\u00a0\u00a0et de bon go\u00fbt.<\/li>\n<\/ul>\n<h3 style=\"text-align: justify;\"><span style=\"color: #008000;\">Pour les chefs et les parents<\/span><\/h3>\n<p style=\"text-align: justify;\">Par le pass\u00e9 ou dans certains mouvements de scoutisme, des abus ont pu conduire \u00e0 des interdictions prononc\u00e9es par la hi\u00e9rarchie ou alors ont pu alimenter des craintes justifi\u00e9es chez les parents. Cependant il est bon de faire remarquer la chose suivante : ce n\u2019est pas le conseil sous les \u00e9toiles qui pourrait \u00eatre mauvais en soi mais plut\u00f4t les chefs et les ma\u00eetrises qui auraient commis des abus (comme dans tous les actes de la vie). Ainsi, par une interdiction pure et simple on s\u2019imaginerait qu\u2019il n\u2019y aurait plus de probl\u00e8mes ? Pourtant les chefs restent en place, avec ou sans conseil. Celui qui se rend coupable d\u2019abus pendant un conseil se rendra \u00e9galement coupable d\u2019abus dans la direction de son camp\u2026 et malheureusement c\u2019est bien ce qu\u2019on observe. Le conseil n\u2019est alors qu\u2019un \u00ab r\u00e9v\u00e9lateur \u00bb de mauvais chefs. Cependant il reste vrai que de bons chef pourraient se laisser entra\u00eener par le jeu et nous verrons plus loin comment se prot\u00e9ger de ces d\u00e9rives.<\/p>\n<p style=\"text-align: justify;\">Si des parents venaient \u00e0 s\u2019inqui\u00e9ter au sujet de ces conseils dans votre unit\u00e9, la meilleure r\u00e9ponse est de leur montrer le c\u00e9r\u00e9monial de ces conseil et de leur expliquer pr\u00e9cis\u00e9ment en quoi consiste ce conseil et les \u00e9preuves associ\u00e9es. Alors : soit ces parents sont finalement d\u2019accord, et il leur est simplement demand\u00e9 de ne rien d\u00e9voiler pour maintenir l\u2019imaginaire des enfants ; soit ils restent en d\u00e9saccord et leur enfant scout ne sera pas admis au conseil et ne deviendra pas sachem, et rien ne changera pour ce dernier au cours de sa vie scoute..<\/p>\n<p style=\"text-align: justify;\">Toute activit\u00e9 un peu s\u00e9rieuse, courante et r\u00e9p\u00e9titive, aux scouts comme partout ailleurs, doit \u00eatre encadr\u00e9e par des r\u00e8gles (souvent orales) mais pr\u00e9f\u00e9rablement \u00e9crites. Le conseil sous les \u00e9toile ne doit pas \u00e9chapper \u00e0 cette r\u00e8gle de bon sens.<br \/>\n<strong>\u00a0\u00a0\u00a0\u00a0\u00a0\u00a0\u00a0\u00a0 \u00a01<sup>er<\/sup> reproche potentiel : le caract\u00e8re secret du conseil<br \/>\n<\/strong>R\u00e9ponse : avoir un c\u00e9r\u00e9monial \u00e9crit et immuable pour ce conseil et s\u2019y tenir. Le montrer aux parents qui le demandent et qui ont le droit de savoir.<br \/>\n<strong>\u00a0\u00a0\u00a0\u00a0\u00a0\u00a0\u00a0 \u00a02<sup>\u00e8me<\/sup> reproche : ce conseil ne serait pas scout<br \/>\n<\/strong>Le c\u00e9r\u00e9monial du conseil sous les \u00e9toiles reprend des dialogues c\u00e9l\u00e8bres du Le livre de la jungle. C\u2019est ce m\u00eame livre de la Jungle qui sert de base \u00e0 la p\u00e9dagogie des louveteaux. Par ailleurs, comme chez les indiens mais aussi comme chez de nombreuses peuplades, le conseil sou sles \u00e9toiles symbolise de mani\u00e8re visible le passage de l\u2019enfance \u00e0 l\u2019\u00e2ge adulte. Bien s\u00fbr, de nos jours et pendant le parcours scout actif, ce passage s\u2019effectue en r\u00e9alit\u00e9 sur 5 ou 6 ann\u00e9es entre le moment o\u00f9 l\u2019adolescent entre aux scout et celui o\u00f9 il en sort. Enfin,, l\u2019organisation de la tribu indienne ressemble beaucoup \u00e0 la petite soci\u00e9t\u00e9 scoute qui s\u2019organise pendant le camp.<br \/>\n<strong>\u00a0\u00a0\u00a0\u00a0\u00a0\u00a0 \u00a03<sup>\u00e8me<\/sup> reproche : possibilit\u00e9 de brimades<br \/>\n<\/strong>La meilleure r\u00e9ponse est de montrer \u00e0 nouveau le c\u00e9r\u00e9monial du conseil \u00e0 ceux (chef de groupe, ou parents qui seraient inquiets) il faut rappeler qu\u2019on peut \u00eatre un excellent scout sans \u00eatre sachem. <strong><span style=\"color: #ff0000;\">\u00a0Attention<\/span><\/strong>,\u00a0 la tentation des brimades est forte<span style=\"color: #ff0000;\"> chez les chefs insuffisamment form\u00e9s ou pas tr\u00e8s \u00e9quilibr\u00e9s. c&rsquo;est pourquoi il faut des \u00e9preuves techniques encadr\u00e9es par des \u00e9crits.<\/span><\/p>\n<p>Par ailleurs, il existe la brimade bien r\u00e9elle envers certains jeunes qui ne pourraient pas \u00eatre sachem. L\u00e0, il faut se reporter aux conditions pour pour devenir sachem, le simple fait d&rsquo;avoir une certaine maturit\u00e9 et de se plaire aux scouts doit suffire pour devenir sachem.<br \/>\n<strong>\u00a0\u00a0\u00a0\u00a0\u00a0\u00a0 \u00a04<sup>\u00e8me<\/sup> reproche : ce conseil serait pa\u00efen<br \/>\n<\/strong>Ce point a d\u00e9j\u00e0 \u00e9t\u00e9 abord\u00e9 : de base, tout ce qui est profane n\u2019est pas de J\u00e9sus-Christ et les religions pa\u00efennes sont contre J\u00e9sus-Christ. Attention donc \u00e0 ne pas \u00ab jouer \u00bb \u00e0 la religion pa\u00efenne avec les \u00ab esprits \u00bb ou les \u00ab \u00e9l\u00e9ments \u00bb. Dans la vraie religion les \u00e9l\u00e9ments fondamentaux (terre, eau air et feu) ont \u00e9galement leur place, il suffit d\u2019y faire ouvertement r\u00e9f\u00e9rence : Eau du bapt\u00eame, souffle du Saint esprit, poussi\u00e8re de la terre, feu de l\u2019amour et du Saint esprit.<\/p>\n","protected":false},"excerpt":{"rendered":"<p>Pour ne pas d\u00e9florer le conseil sous les \u00e9toiles \u00e0 ceux qui ne sont pas encore sachem, cette section est donc r\u00e9serv\u00e9e aux seuls sachems. Je suis sachem, je suis d\u00e9j\u00e0 connect\u00e9 -&gt; le Tipi Je suis sachem, je suis d\u00e9j\u00e0 inscrit -&gt; je me connecte (mot de passe perdu?) Je ne suis pas sachem &hellip; <a href=\"http:\/\/arwann.com\/?page_id=206\" class=\"more-link\">Continuer la lecture de <span class=\"screen-reader-text\">Sachem<\/span> <span class=\"meta-nav\">&rarr;<\/span><\/a><\/p>\n","protected":false},"author":1,"featured_media":0,"parent":0,"menu_order":0,"comment_status":"closed","ping_status":"closed","template":"","meta":{"footnotes":""},"class_list":["post-206","page","type-page","status-publish","hentry"],"yoast_head":"<!-- This site is optimized with the Yoast SEO plugin v27.2 - https:\/\/yoast.com\/product\/yoast-seo-wordpress\/ -->\n<title>Sachem -<\/title>\n<meta name=\"description\" content=\"inscription des sachems (tot\u00e9mis\u00e9s) au site scout Arwann.com\" \/>\n<meta name=\"robots\" content=\"index, follow, max-snippet:-1, max-image-preview:large, max-video-preview:-1\" \/>\n<link rel=\"canonical\" href=\"http:\/\/arwann.com\/?page_id=206\" \/>\n<meta property=\"og:locale\" content=\"fr_FR\" \/>\n<meta property=\"og:type\" content=\"article\" \/>\n<meta property=\"og:title\" content=\"Sachem -\" \/>\n<meta property=\"og:description\" content=\"inscription des sachems (tot\u00e9mis\u00e9s) au site scout Arwann.com\" \/>\n<meta property=\"og:url\" content=\"http:\/\/arwann.com\/?page_id=206\" \/>\n<meta property=\"article:modified_time\" content=\"2021-11-23T08:47:43+00:00\" \/>\n<meta name=\"twitter:label1\" content=\"Dur\u00e9e de lecture estim\u00e9e\" \/>\n\t<meta name=\"twitter:data1\" content=\"5 minutes\" \/>\n<script type=\"application\/ld+json\" class=\"yoast-schema-graph\">{\"@context\":\"https:\/\/schema.org\",\"@graph\":[{\"@type\":\"WebPage\",\"@id\":\"http:\/\/arwann.com\/?page_id=206\",\"url\":\"http:\/\/arwann.com\/?page_id=206\",\"name\":\"Sachem -\",\"isPartOf\":{\"@id\":\"http:\/\/arwann.com\/#website\"},\"datePublished\":\"2014-03-29T20:19:44+00:00\",\"dateModified\":\"2021-11-23T08:47:43+00:00\",\"description\":\"inscription des sachems (tot\u00e9mis\u00e9s) au site scout Arwann.com\",\"breadcrumb\":{\"@id\":\"http:\/\/arwann.com\/?page_id=206#breadcrumb\"},\"inLanguage\":\"fr-FR\",\"potentialAction\":[{\"@type\":\"ReadAction\",\"target\":[\"http:\/\/arwann.com\/?page_id=206\"]}]},{\"@type\":\"BreadcrumbList\",\"@id\":\"http:\/\/arwann.com\/?page_id=206#breadcrumb\",\"itemListElement\":[{\"@type\":\"ListItem\",\"position\":1,\"name\":\"Home\",\"item\":\"http:\/\/arwann.com\/\"},{\"@type\":\"ListItem\",\"position\":2,\"name\":\"Sachem\"}]},{\"@type\":\"WebSite\",\"@id\":\"http:\/\/arwann.com\/#website\",\"url\":\"http:\/\/arwann.com\/\",\"name\":\"Arwann.com\",\"description\":\"\",\"publisher\":{\"@id\":\"http:\/\/arwann.com\/#organization\"},\"potentialAction\":[{\"@type\":\"SearchAction\",\"target\":{\"@type\":\"EntryPoint\",\"urlTemplate\":\"http:\/\/arwann.com\/?s={search_term_string}\"},\"query-input\":{\"@type\":\"PropertyValueSpecification\",\"valueRequired\":true,\"valueName\":\"search_term_string\"}}],\"inLanguage\":\"fr-FR\"},{\"@type\":\"Organization\",\"@id\":\"http:\/\/arwann.com\/#organization\",\"name\":\"Arwann\",\"url\":\"http:\/\/arwann.com\/\",\"logo\":{\"@type\":\"ImageObject\",\"inLanguage\":\"fr-FR\",\"@id\":\"http:\/\/arwann.com\/#\/schema\/logo\/image\/\",\"url\":\"http:\/\/arwann.com\/wp-content\/uploads\/2014\/04\/cropped-bandeau-arwann-5.png\",\"contentUrl\":\"http:\/\/arwann.com\/wp-content\/uploads\/2014\/04\/cropped-bandeau-arwann-5.png\",\"width\":1600,\"height\":230,\"caption\":\"Arwann\"},\"image\":{\"@id\":\"http:\/\/arwann.com\/#\/schema\/logo\/image\/\"}}]}<\/script>\n<!-- \/ Yoast SEO plugin. -->","yoast_head_json":{"title":"Sachem -","description":"inscription des sachems (tot\u00e9mis\u00e9s) au site scout Arwann.com","robots":{"index":"index","follow":"follow","max-snippet":"max-snippet:-1","max-image-preview":"max-image-preview:large","max-video-preview":"max-video-preview:-1"},"canonical":"http:\/\/arwann.com\/?page_id=206","og_locale":"fr_FR","og_type":"article","og_title":"Sachem -","og_description":"inscription des sachems (tot\u00e9mis\u00e9s) au site scout Arwann.com","og_url":"http:\/\/arwann.com\/?page_id=206","article_modified_time":"2021-11-23T08:47:43+00:00","twitter_misc":{"Dur\u00e9e de lecture estim\u00e9e":"5 minutes"},"schema":{"@context":"https:\/\/schema.org","@graph":[{"@type":"WebPage","@id":"http:\/\/arwann.com\/?page_id=206","url":"http:\/\/arwann.com\/?page_id=206","name":"Sachem -","isPartOf":{"@id":"http:\/\/arwann.com\/#website"},"datePublished":"2014-03-29T20:19:44+00:00","dateModified":"2021-11-23T08:47:43+00:00","description":"inscription des sachems (tot\u00e9mis\u00e9s) au site scout Arwann.com","breadcrumb":{"@id":"http:\/\/arwann.com\/?page_id=206#breadcrumb"},"inLanguage":"fr-FR","potentialAction":[{"@type":"ReadAction","target":["http:\/\/arwann.com\/?page_id=206"]}]},{"@type":"BreadcrumbList","@id":"http:\/\/arwann.com\/?page_id=206#breadcrumb","itemListElement":[{"@type":"ListItem","position":1,"name":"Home","item":"http:\/\/arwann.com\/"},{"@type":"ListItem","position":2,"name":"Sachem"}]},{"@type":"WebSite","@id":"http:\/\/arwann.com\/#website","url":"http:\/\/arwann.com\/","name":"Arwann.com","description":"","publisher":{"@id":"http:\/\/arwann.com\/#organization"},"potentialAction":[{"@type":"SearchAction","target":{"@type":"EntryPoint","urlTemplate":"http:\/\/arwann.com\/?s={search_term_string}"},"query-input":{"@type":"PropertyValueSpecification","valueRequired":true,"valueName":"search_term_string"}}],"inLanguage":"fr-FR"},{"@type":"Organization","@id":"http:\/\/arwann.com\/#organization","name":"Arwann","url":"http:\/\/arwann.com\/","logo":{"@type":"ImageObject","inLanguage":"fr-FR","@id":"http:\/\/arwann.com\/#\/schema\/logo\/image\/","url":"http:\/\/arwann.com\/wp-content\/uploads\/2014\/04\/cropped-bandeau-arwann-5.png","contentUrl":"http:\/\/arwann.com\/wp-content\/uploads\/2014\/04\/cropped-bandeau-arwann-5.png","width":1600,"height":230,"caption":"Arwann"},"image":{"@id":"http:\/\/arwann.com\/#\/schema\/logo\/image\/"}}]}},"_links":{"self":[{"href":"http:\/\/arwann.com\/index.php?rest_route=\/wp\/v2\/pages\/206","targetHints":{"allow":["GET"]}}],"collection":[{"href":"http:\/\/arwann.com\/index.php?rest_route=\/wp\/v2\/pages"}],"about":[{"href":"http:\/\/arwann.com\/index.php?rest_route=\/wp\/v2\/types\/page"}],"author":[{"embeddable":true,"href":"http:\/\/arwann.com\/index.php?rest_route=\/wp\/v2\/users\/1"}],"replies":[{"embeddable":true,"href":"http:\/\/arwann.com\/index.php?rest_route=%2Fwp%2Fv2%2Fcomments&post=206"}],"version-history":[{"count":21,"href":"http:\/\/arwann.com\/index.php?rest_route=\/wp\/v2\/pages\/206\/revisions"}],"predecessor-version":[{"id":3968,"href":"http:\/\/arwann.com\/index.php?rest_route=\/wp\/v2\/pages\/206\/revisions\/3968"}],"wp:attachment":[{"href":"http:\/\/arwann.com\/index.php?rest_route=%2Fwp%2Fv2%2Fmedia&parent=206"}],"curies":[{"name":"wp","href":"https:\/\/api.w.org\/{rel}","templated":true}]}}