{"id":1907,"date":"2014-08-26T11:57:28","date_gmt":"2014-08-26T10:57:28","guid":{"rendered":"http:\/\/arwann.com\/?page_id=1907"},"modified":"2015-05-08T10:56:12","modified_gmt":"2015-05-08T09:56:12","slug":"cuisine-trappeur","status":"publish","type":"page","link":"http:\/\/arwann.com\/?page_id=1907","title":{"rendered":"Cuisine Trappeur"},"content":{"rendered":"<p style=\"text-align: justify;\"><a href=\"http:\/\/arwann.com\/wp-content\/uploads\/2014\/04\/bouton-scout.png\"><img loading=\"lazy\" decoding=\"async\" class=\"alignright wp-image-892\" src=\"http:\/\/arwann.com\/wp-content\/uploads\/2014\/04\/bouton-scout.png\" alt=\"bouton scout\" width=\"200\" height=\"200\" srcset=\"http:\/\/arwann.com\/wp-content\/uploads\/2014\/04\/bouton-scout.png 400w, http:\/\/arwann.com\/wp-content\/uploads\/2014\/04\/bouton-scout-200x200.png 200w, http:\/\/arwann.com\/wp-content\/uploads\/2014\/04\/bouton-scout-100x100.png 100w, http:\/\/arwann.com\/wp-content\/uploads\/2014\/04\/bouton-scout-300x300.png 300w, http:\/\/arwann.com\/wp-content\/uploads\/2014\/04\/bouton-scout-150x150.png 150w\" sizes=\"auto, (max-width: 200px) 100vw, 200px\" \/><\/a><a name=\"Haut\"><\/a>Par Wapiti. <a href=\"http:\/\/arwann.com\/?page_id=29\">Le coin des scouts<\/a> -&gt;<a href=\"http:\/\/arwann.com\/?page_id=350\"> Bivouac<\/a><\/p>\n<p style=\"text-align: justify;\">On parlera ici de la cuisine en bivouac o\u00f9 chacun fait son repas dans sa gamelle. Que l\u2019on soit en raid on en week-end de patrouille les principes sont les m\u00eames.<\/p>\n<p style=\"text-align: justify;\">Pendant l\u2019explo on est moins dans les bois, le but recherch\u00e9 est le contact avec les autochtones et la d\u00e9couverte des villages et des sites. Il n&rsquo;est alors pas besoin de se camoufler au fond des bois pour le repas.<\/p>\n<p style=\"text-align: justify;\">En grand jeu il faut juste se nourrir, le plus important \u00e9tant le jeu, la mission. Pas de grande cuisine ou de petits plats mais juste de quoi ne pas tomber en hypoglyc\u00e9mie. Les militaires en op\u00e9rations mangent presque toujours froid par souci de rapidit\u00e9 mais aussi pour ne pas se faire rep\u00e9rer par l\u2019odeur.<\/p>\n<figure id=\"attachment_2060\" aria-describedby=\"caption-attachment-2060\" style=\"width: 807px\" class=\"wp-caption aligncenter\"><a href=\"http:\/\/arwann.com\/wp-content\/uploads\/2014\/08\/cuisine-trappeur-1.png\"><img loading=\"lazy\" decoding=\"async\" class=\"wp-image-2060 size-full\" src=\"http:\/\/arwann.com\/wp-content\/uploads\/2014\/08\/cuisine-trappeur-1.png\" alt=\"Tous r\u00e9unis autour du feu, chacun qui fait sa d\u00e9licieuse tambouille trappeur, \" width=\"807\" height=\"365\" srcset=\"http:\/\/arwann.com\/wp-content\/uploads\/2014\/08\/cuisine-trappeur-1.png 807w, http:\/\/arwann.com\/wp-content\/uploads\/2014\/08\/cuisine-trappeur-1-300x136.png 300w\" sizes=\"auto, (max-width: 807px) 100vw, 807px\" \/><\/a><figcaption id=\"caption-attachment-2060\" class=\"wp-caption-text\">Tous r\u00e9unis autour du feu, chacun qui fait sa d\u00e9licieuse tambouille trappeur,<\/figcaption><\/figure>\n<p style=\"text-align: justify;\">En bivouac ou en raid on se recr\u00e9e un petit chez soi au fond des bois. Le moral est souvent au fond de la gamelle, il convient donc de bien manger. Quand je dis bien manger ce n\u2019est pas du Nutella, de la cr\u00e8me Mont-Blanc et des plats de luxe de la soci\u00e9t\u00e9 de consommation. C\u2019est cuisiner soit m\u00eame un bon petit plat avec des ingr\u00e9dients de base.<\/p>\n<p style=\"text-align: justify;\"><a href=\"http:\/\/arwann.com\/wp-content\/uploads\/2014\/08\/2_eclaireurs_devant_feu.png\"><img loading=\"lazy\" decoding=\"async\" class=\"alignleft wp-image-1936 size-medium\" src=\"http:\/\/arwann.com\/wp-content\/uploads\/2014\/08\/2_eclaireurs_devant_feu-300x162.png\" alt=\"2_eclaireurs_devant_feu\" width=\"300\" height=\"162\" srcset=\"http:\/\/arwann.com\/wp-content\/uploads\/2014\/08\/2_eclaireurs_devant_feu-300x162.png 300w, http:\/\/arwann.com\/wp-content\/uploads\/2014\/08\/2_eclaireurs_devant_feu.png 711w\" sizes=\"auto, (max-width: 300px) 100vw, 300px\" \/><\/a><\/p>\n<p style=\"text-align: justify;\">Lorsqu\u2019on est en patrouille, on a tout int\u00e9r\u00eat \u00e0 ce que chacun fasse son repas dans sa gamelle. On se sent davantage responsable et plus impliqu\u00e9 lorsqu&rsquo;on cuisine\u00a0son propre repas. Si un patrouillard fait la cuisine pour toute la patrouille, on lui en voudra si c\u2019est rat\u00e9. Inversement on trouvera normal que ce soit r\u00e9ussi et oubliera de remercier ou de f\u00e9liciter. Pendant tout le temps de la pr\u00e9paration du repas ce patrouillard sera seul responsable de la nourriture de la patrouille et les autres ne s\u2019 int\u00e9resseront uniquement \u00e0 l&rsquo;heure du repas.<\/p>\n<p style=\"text-align: justify;\">On cuisine donc tous ensemble (toute la patrouille ou les co-raideurs). Au d\u00e9but du repas chacun d\u00e9marre avec le m\u00eame capital\u00a0: sa gamelle personnelle et les ingr\u00e9dients de base. La pr\u00e9paration du repas est int\u00e9gr\u00e9e dans le repas et cela devient un moment de convivialit\u00e9 autour du feu. Ne pas oublier de commencer par le b\u00e9n\u00e9dicit\u00e9 car on passe tout naturellement de la pr\u00e9paration au repas sans s\u2019en rendre compte et on mange un peu de fa\u00e7on d\u00e9cal\u00e9e. Les vieux scouts auront leur repas pr\u00eat plus t\u00f4t que les patte-tendres.<\/p>\n<p style=\"text-align: justify;\">Le CP ou un des a\u00een\u00e9s donne l\u2019exemple et indique la bonne mani\u00e8re de proc\u00e9der. Les plus jeunes peuvent faire leurs propres exp\u00e9riences sans p\u00e9naliser tout le monde. Quand il y a un feu, en g\u00e9n\u00e9ral ou essaye de tout faire griller\u00a0: le fromage, les oranges\u2026<\/p>\n<p style=\"text-align: justify;\"><a href=\"http:\/\/arwann.com\/wp-content\/uploads\/2014\/08\/trappeur.png\"><img loading=\"lazy\" decoding=\"async\" class=\"alignright wp-image-1937 size-medium\" src=\"http:\/\/arwann.com\/wp-content\/uploads\/2014\/08\/trappeur-300x158.png\" alt=\"trappeur\" width=\"300\" height=\"158\" srcset=\"http:\/\/arwann.com\/wp-content\/uploads\/2014\/08\/trappeur-300x159.png 300w, http:\/\/arwann.com\/wp-content\/uploads\/2014\/08\/trappeur.png 878w\" sizes=\"auto, (max-width: 300px) 100vw, 300px\" \/><\/a><\/p>\n<p style=\"text-align: justify;\">Le CP veillera tout de m\u00eame \u00e0 ce que tous ses scouts aient suffisamment mang\u00e9 \u00e0 la fin du repas et stoppera les exp\u00e9riences les plus stupides. On se rappelle que la nourriture repr\u00e9sente du travail et qu\u2019elle m\u00e9rite donc un certain respect.<\/p>\n<p style=\"text-align: justify;\">Les f\u00e9culents\u00a0 forment la base du repas trappeur : riz, pattes, semoule ou autre. Tout d\u2019abord on fait bouillir de l\u2019eau dans son quart (militaire), environ un tiers de litre pour un scout normalement constitu\u00e9. D\u00e8s que l\u2019eau bout \u00e0 gros bouillon on rajoute une pinc\u00e9e de sel et un peu d\u2019huile si on en a et on jette les f\u00e9culents dans l\u2019eau. D\u00e8s que \u00e7a bout de nouveau, on sort du feu, on place le quart \u00e0 sur le c\u00f4t\u00e9 et on couvre d\u2019un foulard ou d\u2019un torchon pour garder la chaleur. Il convient de placer son quart \u00e0 un endroit prot\u00e9g\u00e9 pour \u00eatre certain de ne pas le voir renvers\u00e9 par m\u00e9garde. Les f\u00e9culents finissent de cuire dans l\u2019eau chaude.\u00a0 On peut proc\u00e9der autrement pour \u00eatre certain de mettre la bonne quantit\u00e9 d&rsquo;eau. <span style=\"color: #0000ff;\"><strong>1<\/strong><\/span> &#8211; Mettre les f\u00e9culents dans le quart (riz = environ 60-80g, p\u00e2tes = 100 g)<span style=\"color: #0000ff;\"><strong> 2<\/strong><\/span> -Recouvrir de deux fois plus d&rsquo;eau. <span style=\"color: #0000ff;\"><strong>3 &#8211;<\/strong><\/span>\u00a0faire bouillir et surtout touiller pendant que l&rsquo;eau chauffe (c&rsquo;est l&rsquo;inconv\u00e9nient) <strong><span style=\"color: #0000ff;\">4 &#8211;<\/span><\/strong>\u00a0Retirer, emmitoufler, mettre \u00e0 part. Normalement les f\u00e9culents cuisent en absorbant toute l&rsquo;eau.<\/p>\n<p style=\"text-align: justify;\"><a href=\"http:\/\/arwann.com\/wp-content\/uploads\/2014\/08\/cuisine-trappeur-2.png\"><img loading=\"lazy\" decoding=\"async\" class=\"aligncenter wp-image-2061 size-full\" src=\"http:\/\/arwann.com\/wp-content\/uploads\/2014\/08\/cuisine-trappeur-2.png\" alt=\"cuisine trappeur cuire riz pate quart militaire-2\" width=\"857\" height=\"343\" srcset=\"http:\/\/arwann.com\/wp-content\/uploads\/2014\/08\/cuisine-trappeur-2.png 857w, http:\/\/arwann.com\/wp-content\/uploads\/2014\/08\/cuisine-trappeur-2-300x120.png 300w\" sizes=\"auto, (max-width: 857px) 100vw, 857px\" \/><\/a><\/p>\n<p style=\"text-align: justify;\">Pendant que les f\u00e9culents cuisent tout seuls et sans risque d&rsquo;attacher en dehors du feu, n r\u00e9cup\u00e8re de Laplace sur le foyer\u00a0pour la suite des op\u00e9rations. Il faut une po\u00eale pour la fricass\u00e9e, les gamelles personnelles avec un manche pliables sont parfaites. Tous les ingr\u00e9dients sont mis les uns \u00e0 la suite des autres dans un ordre logique. Par exemple les lardons seront mis en premier parce qu&rsquo;ils doivent \u00eatre l\u00e9g\u00e8rement grill\u00e9s et que la graisse qui en suinte sert de lubrifiant pour la gamelle. ensuite les champignons, des tomates et enfin des \u0153ufs qu&rsquo;on peut faire au plat. Mis \u00e0 part les \u0153ufs, le tout est coup\u00e9 en lamelles ou en d\u00e9s avec votre pukko. mettre du fromage r\u00e2p\u00e9 peu de temps avant de d\u00e9guster.<\/p>\n<p style=\"text-align: justify;\"><span style=\"color: #ff0000;\">Pour les champignons on prendra ceux qu\u2019on aura trouv\u00e9 durant la marche. Ne prenez que des champignons dont vous \u00eates certains. S&rsquo;il y a le moindre doute abstenez-vous. .<\/span><\/p>\n<p style=\"text-align: justify;\">Peu \u00e0 peu la gamelle se remplit et tout cela commence \u00e0 sertir bon. L\u2019eau monte \u00e0 la bouche. \u00c0 ce moment on se souvient de notre quart qu\u2019on avait laiss\u00e9 sur le c\u00f4t\u00e9 pour finir de cuire. Si la quantit\u00e9 d\u2019eau initiale \u00e9tait correcte, les f\u00e9culents sont cuits \u00e0 point et il ne reste plus d\u2019eau et le quart n\u2019a pas attach\u00e9.<\/p>\n<p style=\"text-align: justify;\">Si on a mis trop d\u2019eau il faut en retirer en inclinant d\u00e9licatement le quart pour ne pas perdre la moindre parcelle de la pr\u00e9cieuse pitance. Si on ne retire pas l\u2019eau et qu\u2019on attend encore les f\u00e9culents seront tout mous et trop gorg\u00e9s d\u2019eau<\/p>\n<p style=\"text-align: justify;\">Si au contraire il n\u2019y avait pas assez d\u2019eau le contenu du quart est tout sec. On peut rajouter un peu d\u2019eau et remettre sur le feu mais on risque de faire accrocher le fond.<\/p>\n<p style=\"text-align: justify;\">Il convient donc de bien doser l\u2019eau au d\u00e9but pour ne pas gaspiller l\u2019eau et pour r\u00e9ussir ses f\u00e9culents. Lorsqu&rsquo;on ne dispose pas\u00a0de rivi\u00e8re potable \u00e0 proximit\u00e9 on doit porter l\u2019eau, il faut donc l\u2019\u00e9conomiser.<\/p>\n<p style=\"text-align: justify;\">On m\u00e9lange alors les f\u00e9culents au contenu de la po\u00eale et le repas commence. Tout le monde est assis autour du feu. et \u00e7a, les petits amis, c&rsquo;est de la bonne nourriture et c&rsquo;est convivial. De toute ma vie (scoute et p\u00e9kin) ce sont ces repas trappeurs pris en patrouille ou en HP qui restent dans ma m\u00e9moire comme le summum des meilleurs repas.<\/p>\n<p style=\"text-align: justify;\">\u00c0 la fin, pas de corv\u00e9e de vaisselle puisqu\u2019il n\u2019y a pas de grosse gamelle \u00e0 laver.<\/p>\n<p style=\"text-align: justify;\">Comme on a surveill\u00e9 en permanence sa po\u00eale, rien n\u2019est vraiment accroch\u00e9 au fond. Le quart qui a servi \u00e0 la cuisson du riz ou des pattes ressert directement pour la tisane vesp\u00e9rale ou le caf\u00e9 si on est vraiment rationn\u00e9 en eau. Il y a un petit go\u00fbt d\u2019amidon mais il est largement masqu\u00e9 par l\u2019odeur du feu de bois. Si on dispose de suffisamment\u00a0d&rsquo;eau on peut tout de m\u00eame rincer son quart avant la tisane.<br \/>\nUn petit jus bien chaud pris\u00a0dans son bivouac tapis au fond des bois poss\u00e8de le go\u00fbt le plus exquis du monde m\u00eame si, en soi, ce n\u2019est qu\u2019une eau trouble vaguement parfum\u00e9e.<\/p>\n<p style=\"text-align: justify;\">Finalement \u00e0 la fin du raid ou de l\u2019activit\u00e9 de patrouille il faudra juste frotter un coup le dessous des gamelles pour enlever le noir de fum\u00e9e \u00e9ventuel. L\u2019int\u00e9rieur est presque propre, un coup de torchon et c\u2019est reparti pour un tour. Les maniaques de la propret\u00e9 ou les guides peuvent quand m\u00eame mettre un peu de liquide vaisselle.<\/p>\n<p style=\"text-align: center;\">Voici pour finir un exemple de menu trappeur :<br \/>\n<em>riz.<\/em><br \/>\n<em> lardons.<\/em><br \/>\n<em> d\u00e9s de jambon.<\/em><br \/>\n<em> tomates coup\u00e9s en petits cubes.<\/em><br \/>\n<em> champignons de Paris \u00e9minc\u00e9s.<\/em><br \/>\n<em> \u0153ufs en omelette.<br \/>\nsaupoudr\u00e9 de fromage r\u00e2p\u00e9<br \/>\n(le d\u00e9sert est superflu)<\/em><\/p>\n<p>\u00a0<a href=\"#Haut\">Retour en haut<br \/>\n<\/a><em>Page pr\u00e9c\u00e9dente : <a title=\"Bivouaquer par grand froid\" href=\"http:\/\/arwann.com\/?page_id=762\">bivouaquer par grand froid<\/a><\/em><br \/>\n<em>Page suivante : <a title=\"Allumer un feu sous la pluie\" href=\"http:\/\/arwann.com\/?page_id=2535\">Allumer un feu sous la pluie<\/a><\/em><\/p>\n","protected":false},"excerpt":{"rendered":"<p>Par Wapiti. Le coin des scouts -&gt; Bivouac On parlera ici de la cuisine en bivouac o\u00f9 chacun fait son repas dans sa gamelle. Que l\u2019on soit en raid on en week-end de patrouille les principes sont les m\u00eames. Pendant l\u2019explo on est moins dans les bois, le but recherch\u00e9 est le contact avec les &hellip; <a href=\"http:\/\/arwann.com\/?page_id=1907\" class=\"more-link\">Continuer la lecture de <span class=\"screen-reader-text\">Cuisine Trappeur<\/span> <span class=\"meta-nav\">&rarr;<\/span><\/a><\/p>\n","protected":false},"author":1,"featured_media":0,"parent":350,"menu_order":0,"comment_status":"open","ping_status":"open","template":"","meta":{"footnotes":""},"class_list":["post-1907","page","type-page","status-publish","hentry"],"yoast_head":"<!-- This site is optimized with the Yoast SEO plugin v27.2 - https:\/\/yoast.com\/product\/yoast-seo-wordpress\/ -->\n<title>Cuisine Trappeur -<\/title>\n<meta name=\"description\" content=\"cuisine trappeur le soir au bivouac\" \/>\n<meta name=\"robots\" content=\"index, follow, max-snippet:-1, max-image-preview:large, max-video-preview:-1\" \/>\n<link rel=\"canonical\" href=\"http:\/\/arwann.com\/?page_id=1907\" \/>\n<meta property=\"og:locale\" content=\"fr_FR\" \/>\n<meta property=\"og:type\" content=\"article\" \/>\n<meta property=\"og:title\" content=\"Cuisine Trappeur -\" \/>\n<meta property=\"og:description\" content=\"cuisine trappeur le soir au bivouac\" \/>\n<meta property=\"og:url\" content=\"http:\/\/arwann.com\/?page_id=1907\" \/>\n<meta property=\"article:modified_time\" content=\"2015-05-08T09:56:12+00:00\" \/>\n<meta property=\"og:image\" content=\"http:\/\/arwann.com\/wp-content\/uploads\/2014\/04\/bouton-scout.png\" \/>\n<meta name=\"twitter:label1\" content=\"Dur\u00e9e de lecture estim\u00e9e\" \/>\n\t<meta name=\"twitter:data1\" content=\"7 minutes\" \/>\n<script type=\"application\/ld+json\" class=\"yoast-schema-graph\">{\"@context\":\"https:\/\/schema.org\",\"@graph\":[{\"@type\":\"WebPage\",\"@id\":\"http:\/\/arwann.com\/?page_id=1907\",\"url\":\"http:\/\/arwann.com\/?page_id=1907\",\"name\":\"Cuisine Trappeur -\",\"isPartOf\":{\"@id\":\"http:\/\/arwann.com\/#website\"},\"primaryImageOfPage\":{\"@id\":\"http:\/\/arwann.com\/?page_id=1907#primaryimage\"},\"image\":{\"@id\":\"http:\/\/arwann.com\/?page_id=1907#primaryimage\"},\"thumbnailUrl\":\"http:\/\/arwann.com\/wp-content\/uploads\/2014\/04\/bouton-scout.png\",\"datePublished\":\"2014-08-26T10:57:28+00:00\",\"dateModified\":\"2015-05-08T09:56:12+00:00\",\"description\":\"cuisine trappeur le soir au bivouac\",\"breadcrumb\":{\"@id\":\"http:\/\/arwann.com\/?page_id=1907#breadcrumb\"},\"inLanguage\":\"fr-FR\",\"potentialAction\":[{\"@type\":\"ReadAction\",\"target\":[\"http:\/\/arwann.com\/?page_id=1907\"]}]},{\"@type\":\"ImageObject\",\"inLanguage\":\"fr-FR\",\"@id\":\"http:\/\/arwann.com\/?page_id=1907#primaryimage\",\"url\":\"http:\/\/arwann.com\/wp-content\/uploads\/2014\/04\/bouton-scout.png\",\"contentUrl\":\"http:\/\/arwann.com\/wp-content\/uploads\/2014\/04\/bouton-scout.png\",\"width\":400,\"height\":400},{\"@type\":\"BreadcrumbList\",\"@id\":\"http:\/\/arwann.com\/?page_id=1907#breadcrumb\",\"itemListElement\":[{\"@type\":\"ListItem\",\"position\":1,\"name\":\"Home\",\"item\":\"http:\/\/arwann.com\/\"},{\"@type\":\"ListItem\",\"position\":2,\"name\":\"Le coin des Scouts\",\"item\":\"https:\/\/arwann.com\/?page_id=29\"},{\"@type\":\"ListItem\",\"position\":3,\"name\":\"Bivouac\",\"item\":\"https:\/\/arwann.com\/?page_id=350\"},{\"@type\":\"ListItem\",\"position\":4,\"name\":\"Cuisine Trappeur\"}]},{\"@type\":\"WebSite\",\"@id\":\"http:\/\/arwann.com\/#website\",\"url\":\"http:\/\/arwann.com\/\",\"name\":\"Arwann.com\",\"description\":\"\",\"publisher\":{\"@id\":\"http:\/\/arwann.com\/#organization\"},\"potentialAction\":[{\"@type\":\"SearchAction\",\"target\":{\"@type\":\"EntryPoint\",\"urlTemplate\":\"http:\/\/arwann.com\/?s={search_term_string}\"},\"query-input\":{\"@type\":\"PropertyValueSpecification\",\"valueRequired\":true,\"valueName\":\"search_term_string\"}}],\"inLanguage\":\"fr-FR\"},{\"@type\":\"Organization\",\"@id\":\"http:\/\/arwann.com\/#organization\",\"name\":\"Arwann\",\"url\":\"http:\/\/arwann.com\/\",\"logo\":{\"@type\":\"ImageObject\",\"inLanguage\":\"fr-FR\",\"@id\":\"http:\/\/arwann.com\/#\/schema\/logo\/image\/\",\"url\":\"http:\/\/arwann.com\/wp-content\/uploads\/2014\/04\/cropped-bandeau-arwann-5.png\",\"contentUrl\":\"http:\/\/arwann.com\/wp-content\/uploads\/2014\/04\/cropped-bandeau-arwann-5.png\",\"width\":1600,\"height\":230,\"caption\":\"Arwann\"},\"image\":{\"@id\":\"http:\/\/arwann.com\/#\/schema\/logo\/image\/\"}}]}<\/script>\n<!-- \/ Yoast SEO plugin. -->","yoast_head_json":{"title":"Cuisine Trappeur -","description":"cuisine trappeur le soir au bivouac","robots":{"index":"index","follow":"follow","max-snippet":"max-snippet:-1","max-image-preview":"max-image-preview:large","max-video-preview":"max-video-preview:-1"},"canonical":"http:\/\/arwann.com\/?page_id=1907","og_locale":"fr_FR","og_type":"article","og_title":"Cuisine Trappeur -","og_description":"cuisine trappeur le soir au bivouac","og_url":"http:\/\/arwann.com\/?page_id=1907","article_modified_time":"2015-05-08T09:56:12+00:00","og_image":[{"url":"http:\/\/arwann.com\/wp-content\/uploads\/2014\/04\/bouton-scout.png","type":"","width":"","height":""}],"twitter_misc":{"Dur\u00e9e de lecture estim\u00e9e":"7 minutes"},"schema":{"@context":"https:\/\/schema.org","@graph":[{"@type":"WebPage","@id":"http:\/\/arwann.com\/?page_id=1907","url":"http:\/\/arwann.com\/?page_id=1907","name":"Cuisine Trappeur -","isPartOf":{"@id":"http:\/\/arwann.com\/#website"},"primaryImageOfPage":{"@id":"http:\/\/arwann.com\/?page_id=1907#primaryimage"},"image":{"@id":"http:\/\/arwann.com\/?page_id=1907#primaryimage"},"thumbnailUrl":"http:\/\/arwann.com\/wp-content\/uploads\/2014\/04\/bouton-scout.png","datePublished":"2014-08-26T10:57:28+00:00","dateModified":"2015-05-08T09:56:12+00:00","description":"cuisine trappeur le soir au bivouac","breadcrumb":{"@id":"http:\/\/arwann.com\/?page_id=1907#breadcrumb"},"inLanguage":"fr-FR","potentialAction":[{"@type":"ReadAction","target":["http:\/\/arwann.com\/?page_id=1907"]}]},{"@type":"ImageObject","inLanguage":"fr-FR","@id":"http:\/\/arwann.com\/?page_id=1907#primaryimage","url":"http:\/\/arwann.com\/wp-content\/uploads\/2014\/04\/bouton-scout.png","contentUrl":"http:\/\/arwann.com\/wp-content\/uploads\/2014\/04\/bouton-scout.png","width":400,"height":400},{"@type":"BreadcrumbList","@id":"http:\/\/arwann.com\/?page_id=1907#breadcrumb","itemListElement":[{"@type":"ListItem","position":1,"name":"Home","item":"http:\/\/arwann.com\/"},{"@type":"ListItem","position":2,"name":"Le coin des Scouts","item":"https:\/\/arwann.com\/?page_id=29"},{"@type":"ListItem","position":3,"name":"Bivouac","item":"https:\/\/arwann.com\/?page_id=350"},{"@type":"ListItem","position":4,"name":"Cuisine Trappeur"}]},{"@type":"WebSite","@id":"http:\/\/arwann.com\/#website","url":"http:\/\/arwann.com\/","name":"Arwann.com","description":"","publisher":{"@id":"http:\/\/arwann.com\/#organization"},"potentialAction":[{"@type":"SearchAction","target":{"@type":"EntryPoint","urlTemplate":"http:\/\/arwann.com\/?s={search_term_string}"},"query-input":{"@type":"PropertyValueSpecification","valueRequired":true,"valueName":"search_term_string"}}],"inLanguage":"fr-FR"},{"@type":"Organization","@id":"http:\/\/arwann.com\/#organization","name":"Arwann","url":"http:\/\/arwann.com\/","logo":{"@type":"ImageObject","inLanguage":"fr-FR","@id":"http:\/\/arwann.com\/#\/schema\/logo\/image\/","url":"http:\/\/arwann.com\/wp-content\/uploads\/2014\/04\/cropped-bandeau-arwann-5.png","contentUrl":"http:\/\/arwann.com\/wp-content\/uploads\/2014\/04\/cropped-bandeau-arwann-5.png","width":1600,"height":230,"caption":"Arwann"},"image":{"@id":"http:\/\/arwann.com\/#\/schema\/logo\/image\/"}}]}},"_links":{"self":[{"href":"http:\/\/arwann.com\/index.php?rest_route=\/wp\/v2\/pages\/1907","targetHints":{"allow":["GET"]}}],"collection":[{"href":"http:\/\/arwann.com\/index.php?rest_route=\/wp\/v2\/pages"}],"about":[{"href":"http:\/\/arwann.com\/index.php?rest_route=\/wp\/v2\/types\/page"}],"author":[{"embeddable":true,"href":"http:\/\/arwann.com\/index.php?rest_route=\/wp\/v2\/users\/1"}],"replies":[{"embeddable":true,"href":"http:\/\/arwann.com\/index.php?rest_route=%2Fwp%2Fv2%2Fcomments&post=1907"}],"version-history":[{"count":24,"href":"http:\/\/arwann.com\/index.php?rest_route=\/wp\/v2\/pages\/1907\/revisions"}],"predecessor-version":[{"id":1952,"href":"http:\/\/arwann.com\/index.php?rest_route=\/wp\/v2\/pages\/1907\/revisions\/1952"}],"up":[{"embeddable":true,"href":"http:\/\/arwann.com\/index.php?rest_route=\/wp\/v2\/pages\/350"}],"wp:attachment":[{"href":"http:\/\/arwann.com\/index.php?rest_route=%2Fwp%2Fv2%2Fmedia&parent=1907"}],"curies":[{"name":"wp","href":"https:\/\/api.w.org\/{rel}","templated":true}]}}