{"id":1748,"date":"2014-07-03T17:29:32","date_gmt":"2014-07-03T16:29:32","guid":{"rendered":"http:\/\/arwann.com\/?page_id=1748"},"modified":"2014-07-30T15:15:08","modified_gmt":"2014-07-30T14:15:08","slug":"epuiser-jeunesse-aux-scouts","status":"publish","type":"page","link":"http:\/\/arwann.com\/?page_id=1748","title":{"rendered":"Epuiser sa jeunesse aux scouts"},"content":{"rendered":"<p><a href=\"http:\/\/arwann.com\/wp-content\/uploads\/2014\/04\/parents.png\"><img loading=\"lazy\" decoding=\"async\" class=\"alignright wp-image-602\" src=\"http:\/\/arwann.com\/wp-content\/uploads\/2014\/04\/parents.png\" alt=\"parents\" width=\"200\" height=\"200\" srcset=\"http:\/\/arwann.com\/wp-content\/uploads\/2014\/04\/parents.png 400w, http:\/\/arwann.com\/wp-content\/uploads\/2014\/04\/parents-200x200.png 200w, http:\/\/arwann.com\/wp-content\/uploads\/2014\/04\/parents-100x100.png 100w, http:\/\/arwann.com\/wp-content\/uploads\/2014\/04\/parents-300x300.png 300w, http:\/\/arwann.com\/wp-content\/uploads\/2014\/04\/parents-150x150.png 150w\" sizes=\"auto, (max-width: 200px) 100vw, 200px\" \/><\/a><a name=\"Haut\"><\/a>Par Gerfaut.<\/p>\n<p style=\"text-align: justify;\">L&rsquo;enfant r\u00eave d&rsquo;\u00eatre adulte, de faire comme les grands. Il sera tent\u00e9 de tricher pour faire semblant : fumer comme les grands, dire des gros mots comme les grands, s\u2019habiller comme les grands. \u00c0 court terme \u00e7a le laisse frustr\u00e9 et m\u00e9content car cela ne procure pas du tout la sensation de satisfaction qu\u2019il attendait.<\/p>\n<p style=\"text-align: justify;\">Cette attitude se retrouve \u00e9galement chez les petits. Ces derniers essaient de deviner la bonne r\u00e9ponse au lieu de comprendre le probl\u00e8me et de r\u00e9fl\u00e9chir pour trouver. Or deviner la bonne r\u00e9ponse par hasard ou par indices ne procure pas de r\u00e9elle satisfaction. Ce n\u2019est pas tant le r\u00e9sultat qui compte que le moyen employ\u00e9 pour y parvenir. On parvient rapidement \u00e0 la notion d\u2019effort. Ce qui a co\u00fbt\u00e9 un effort prend de la valeur et procure une grande satisfaction, ce qui a \u00e9t\u00e9 obtenu sans effort n\u2019a pas de valeur et aucune v\u00e9ritable joie n\u2019y est associ\u00e9e.<\/p>\n<h3 style=\"text-align: justify;\"><span style=\"color: #008000;\">Des enfants qui jouent vraiment aux adultes<\/span><\/h3>\n<p style=\"text-align: justify;\">C\u2019est par ces exemples qu\u2019on pourrait expliquer le scoutisme d\u2019une autre fa\u00e7on. La m\u00e9thode scoute est le grand jeu des enfants qui jouent aux adultes. La troupe ou la compagnie est une micro soci\u00e9t\u00e9 faite pour les jeunes. En y regardant bien, toutes les activit\u00e9s du scoutisme sont des activit\u00e9s d\u2019adultes mais elles sont effectu\u00e9es dans une soci\u00e9t\u00e9 de jeunes. On fait des trucs de grands mais surtout on acqui\u00e8re la comp\u00e9tence pour cela. La joie de r\u00e9ussir se trouve magnifi\u00e9e gr\u00e2ce aux efforts consentis pendant la pr\u00e9paration et pendant l\u2019ex\u00e9cution.<\/p>\n<p style=\"text-align: justify;\">L&rsquo;enfant a aussi envie de conna\u00eetre et de pouvoir. Si la m\u00e9thode d&rsquo;apprentissage est bonne, il s&rsquo;investit enti\u00e8rement dans l&rsquo;exercice qui prend la forme d\u2019un jeu, il vit dans le pr\u00e9sent, il se fatigue avec plaisir, et il recommence de nombreuses fois dans la joie car il en ressent une vive satisfaction int\u00e9rieure. Cela vaut pour la m\u00e9thode Montessori pour les petits qui apprennent \u00e0 lire. Cela vaut de la m\u00eame mani\u00e8re pour le scoutisme, l\u00e0 o\u00f9 les adolescents apprennent \u00e0 devenir des hommes par le jeu. La d\u00e9couverte des nouveaux m\u00e9canismes de la soci\u00e9t\u00e9 des jeunes, le jeu de leur fonctionnement procure un intense plaisir et les jeunes sont heureux de s\u2019\u00e9puiser et de recommencer tant ils en retirent de satisfaction.<\/p>\n<p style=\"text-align: justify;\">Vers l\u2019\u00e2ge critique de l\u2019adolescence, ce qui est vraiment important c&rsquo;est de vivre vraiment et surtout ne pas rechercher la frime. Le jeu scout, le grand jeu de la m\u00e9thode scoute, lorsqu\u2019il est bien men\u00e9 par des chefs qui poss\u00e8dent la m\u00e9thode et y jouent encore mais cette fois comme chef (et non pas animateurs) rends facile et gratifiant l\u2019apprentissage de la vie en soci\u00e9t\u00e9. L\u2019apprentissage devient facile et d\u00e9sirable pour le jeune si ses chefs sont des gar\u00e7ons \u00e0 peine plus grands que lui.<\/p>\n<p style=\"text-align: justify;\">En outre, la chose \u00e0 r\u00e9aliser doit \u00eatre \u00e0 la port\u00e9e du jeune gar\u00e7on ou de la jeune fille, ni trop facile ni trop difficile. Pour r\u00e9ussir cet \u00e9quilibre, les plus grands ne doivent pas \u00eatre des juges ou des censeurs, ils doivent jouer dans le m\u00eame jeu, ainsi ils seront r\u00e9ellement proches. Ce sera facile pour les Chefs de Patrouilles qui sont encore \u00e0 fond dans le jeu mais ceci est \u00e9galement valable pour les chefs d\u2019unit\u00e9s qui, tout en ayant appris un peu la th\u00e9orie et les aspects r\u00e9glementaires, continuent de \u00ab\u00a0s\u2019\u00e9clater\u00a0\u00bb dans le jeu scout.<\/p>\n<p style=\"text-align: justify;\">Le meilleur signe que la m\u00e9thode p\u00e9dagogique est bien men\u00e9e c&rsquo;est que l&rsquo;exercice est v\u00e9ritablement un jeu. On reconna\u00eet un bon jeu par la joie d\u00e9bordante qui en r\u00e9sulte.<\/p>\n<h3 style=\"text-align: justify;\"><span style=\"color: #808080;\"><strong>Ils m\u00e9prisent leurs chefs<\/strong><\/span><\/h3>\n<p style=\"text-align: justify;\">Il existe deux types de d\u00e9viations\u00a0: la premi\u00e8re consiste \u00e0 placer la barre trop basse. Ne pas croire \u00e0 l\u2019aventure, ne pas croire \u00e0 l\u2019engagement, n\u00e9gliger la technique sous pr\u00e9texte que l\u2019esprit est pr\u00e9f\u00e9rable et relativiser l\u2019engagement. En d\u00e9finitive il ne reste que la bande et les jeunes en viennent vite \u00e0 s\u2019ennuyer car <strong>SANS EFFORT PAS DE JOIE<\/strong>. Pourtant ces jeunes restent aux scouts. Tout simplement parce qu\u2019ils ont r\u00e9ussi \u00e0 d\u00e9ployer leur petite soci\u00e9t\u00e9 entre eux, leur bande \u00e0 eux sans les chefs. D\u00e8s lors ils commencent \u00e0 m\u00e9priser leurs chefs. Bien s\u00fbr on n\u2019est plus dans le scoutisme authentique malgr\u00e9 les apparences et on n\u2019atteindra pas les buts affich\u00e9s par la m\u00e9thode scoute.<\/p>\n<h3 style=\"text-align: justify;\"><span style=\"color: #808080;\">\u00a0<strong>Soci\u00e9t\u00e9 de tricheurs<\/strong><\/span><\/h3>\n<p style=\"text-align: justify;\">L\u2019autre type de d\u00e9viation consiste \u00e0 ne d\u00e9ployer que le mythe de l\u2019engagement et la pi\u00e9t\u00e9 \u00e0 hautes doses. Ceci donne ext\u00e9rieurement l\u2019impression de fonctionner mais c\u2019est du scoutisme d\u2019apparence, du scoutisme \u00ab\u00a0d\u2019uniforme et de tradition\u00a0\u00bb, le mythe prend alors une importance d\u00e9mesur\u00e9e et remplace l\u2019aventure v\u00e9cue. Alors que les chefs semblent avoir plac\u00e9 la barre au plus haut, l\u2019int\u00e9r\u00eat tombe au plus bas car il n\u2019y a plus d\u2019aventure. C\u2019est la d\u00e9rive vers le caporalisme, ou le mythe. L&rsquo;enfant est d\u00e9go\u00fbt\u00e9 parce qu\u2019il voit bien qu\u2019il ne peut r\u00e9ussir. Le chef appara\u00eet alors comme un tyran. Pourtant les jeunes restent. En fait ils sont coinc\u00e9s ces pauvres jeunes, leurs familles appartiennent souvent \u00e0 une communaut\u00e9 un peu \u00e0 part. Quitter la troupe serait per\u00e7u comme renier cette communaut\u00e9 et renier sa religion. Alors ils restent \u00e0 la troupe.<\/p>\n<p style=\"text-align: justify;\">Ceux qui n\u2019ont pas de caract\u00e8re se laissent faire, acceptent les brimades et deviennent de plus en plus mous.<\/p>\n<p style=\"text-align: justify;\">Ceux qui ont une personnalit\u00e9 normale deviennent des tricheurs, ils apprennent \u00e0 feindre, se d\u00e9filer et d\u00e9nigrer. Plus tard ils brigueront les places de chefs pour profiter \u00e0 leur tour du syst\u00e8me et exiger des plus jeunes ce qu&rsquo;ils n&rsquo;ont pas \u00e9t\u00e9 capable de r\u00e9aliser eux-m\u00eames.<\/p>\n<p style=\"text-align: justify;\">Ceux qui ont vraiment du caract\u00e8re deviennent des r\u00e9volt\u00e9s. Plus tard ils enverront tout voler pour retrouver leur libert\u00e9 apr\u00e8s trop d\u2019ann\u00e9es de brimades.<\/p>\n<h3 style=\"text-align: justify;\"><span style=\"color: #008000;\"><strong>Br\u00fbler l\u2019\u00e9nergie de la jeunesse pour devenir des hommes<\/strong><\/span><\/h3>\n<p style=\"text-align: justify;\">Mais dans les bonnes unit\u00e9s, celle qui ont la chance d\u2019avoir un chef v\u00e9ritable qui s\u2019implique lui aussi dans le jeu, qui y prend autant de plaisir que ses jeunes, l\u2019effort demand\u00e9 correspond toujours \u00e0 ce que les jeunes peuvent atteindre. Le plaisir de r\u00e9ussir bien plus que celui de contenter le chef procure la v\u00e9ritable satisfaction. Le chef peut alors proposer des paris, des aventures encore plus costauds, les enfants suivront.<\/p>\n<p style=\"text-align: justify;\">Le chef qui a bien compris la m\u00e9thode scoute sait d\u00e9ployer les moteurs de l\u2019aventure, de la bande, de l\u2019engagement, des responsabilit\u00e9s et des techniques scoutes. Alors les jeunes fournissent avec ardeur toutes leurs r\u00e9serves d\u2019\u00e9nergie qui se nomment\u00a0: d\u00e9sir de r\u00e9ussir, d\u00e9sir d\u2019apprendre et de conna\u00eetre, don de soi, ardeur et honneur\u2026 C\u2019est ainsi qu\u2019ils \u00ab\u00a0\u00e9puisent\u00a0\u00bb leur jeunesse. Tout cette \u00e9nergie interne qu\u2019ils poss\u00e8dent, ils la br\u00fblent dans la joie et c\u2019est ainsi qu\u2019ils deviennent des hommes de caract\u00e8res, \u00ab\u00a0<em>des hommes qui viennent de leur enfance\u00a0\u00bb<\/em>.<\/p>\n<p style=\"text-align: justify;\"><a href=\"#Haut\">Retour en haut<\/a><\/p>\n","protected":false},"excerpt":{"rendered":"<p>Par Gerfaut. L&rsquo;enfant r\u00eave d&rsquo;\u00eatre adulte, de faire comme les grands. Il sera tent\u00e9 de tricher pour faire semblant : fumer comme les grands, dire des gros mots comme les grands, s\u2019habiller comme les grands. \u00c0 court terme \u00e7a le laisse frustr\u00e9 et m\u00e9content car cela ne procure pas du tout la sensation de satisfaction &hellip; <a href=\"http:\/\/arwann.com\/?page_id=1748\" class=\"more-link\">Continuer la lecture de <span class=\"screen-reader-text\">Epuiser sa jeunesse aux scouts<\/span> <span class=\"meta-nav\">&rarr;<\/span><\/a><\/p>\n","protected":false},"author":3,"featured_media":0,"parent":1200,"menu_order":0,"comment_status":"open","ping_status":"open","template":"","meta":{"footnotes":""},"class_list":["post-1748","page","type-page","status-publish","hentry"],"yoast_head":"<!-- This site is optimized with the Yoast SEO plugin v27.2 - https:\/\/yoast.com\/product\/yoast-seo-wordpress\/ -->\n<title>Epuiser sa jeunesse aux scouts -<\/title>\n<meta name=\"description\" content=\"en quoi le scoutisme aide \u00e0 devenir vraiment adulte?\" \/>\n<meta name=\"robots\" content=\"index, follow, max-snippet:-1, max-image-preview:large, max-video-preview:-1\" \/>\n<link rel=\"canonical\" href=\"http:\/\/arwann.com\/?page_id=1748\" \/>\n<meta property=\"og:locale\" content=\"fr_FR\" \/>\n<meta property=\"og:type\" content=\"article\" \/>\n<meta property=\"og:title\" content=\"Epuiser sa jeunesse aux scouts -\" \/>\n<meta property=\"og:description\" content=\"en quoi le scoutisme aide \u00e0 devenir vraiment adulte?\" \/>\n<meta property=\"og:url\" content=\"http:\/\/arwann.com\/?page_id=1748\" \/>\n<meta property=\"article:modified_time\" content=\"2014-07-30T14:15:08+00:00\" \/>\n<meta property=\"og:image\" content=\"http:\/\/arwann.com\/wp-content\/uploads\/2014\/04\/parents.png\" \/>\n<meta name=\"twitter:label1\" content=\"Dur\u00e9e de lecture estim\u00e9e\" \/>\n\t<meta name=\"twitter:data1\" content=\"6 minutes\" \/>\n<script type=\"application\/ld+json\" class=\"yoast-schema-graph\">{\"@context\":\"https:\/\/schema.org\",\"@graph\":[{\"@type\":\"WebPage\",\"@id\":\"http:\/\/arwann.com\/?page_id=1748\",\"url\":\"http:\/\/arwann.com\/?page_id=1748\",\"name\":\"Epuiser sa jeunesse aux scouts -\",\"isPartOf\":{\"@id\":\"http:\/\/arwann.com\/#website\"},\"primaryImageOfPage\":{\"@id\":\"http:\/\/arwann.com\/?page_id=1748#primaryimage\"},\"image\":{\"@id\":\"http:\/\/arwann.com\/?page_id=1748#primaryimage\"},\"thumbnailUrl\":\"http:\/\/arwann.com\/wp-content\/uploads\/2014\/04\/parents.png\",\"datePublished\":\"2014-07-03T16:29:32+00:00\",\"dateModified\":\"2014-07-30T14:15:08+00:00\",\"description\":\"en quoi le scoutisme aide \u00e0 devenir vraiment adulte?\",\"breadcrumb\":{\"@id\":\"http:\/\/arwann.com\/?page_id=1748#breadcrumb\"},\"inLanguage\":\"fr-FR\",\"potentialAction\":[{\"@type\":\"ReadAction\",\"target\":[\"http:\/\/arwann.com\/?page_id=1748\"]}]},{\"@type\":\"ImageObject\",\"inLanguage\":\"fr-FR\",\"@id\":\"http:\/\/arwann.com\/?page_id=1748#primaryimage\",\"url\":\"http:\/\/arwann.com\/wp-content\/uploads\/2014\/04\/parents.png\",\"contentUrl\":\"http:\/\/arwann.com\/wp-content\/uploads\/2014\/04\/parents.png\",\"width\":400,\"height\":400},{\"@type\":\"BreadcrumbList\",\"@id\":\"http:\/\/arwann.com\/?page_id=1748#breadcrumb\",\"itemListElement\":[{\"@type\":\"ListItem\",\"position\":1,\"name\":\"Home\",\"item\":\"http:\/\/arwann.com\/\"},{\"@type\":\"ListItem\",\"position\":2,\"name\":\"La Maison\",\"item\":\"http:\/\/arwann.com\/?page_id=35\"},{\"@type\":\"ListItem\",\"position\":3,\"name\":\"Que faut-il attendre du scoutisme\",\"item\":\"http:\/\/arwann.com\/?page_id=1200\"},{\"@type\":\"ListItem\",\"position\":4,\"name\":\"Epuiser sa jeunesse aux scouts\"}]},{\"@type\":\"WebSite\",\"@id\":\"http:\/\/arwann.com\/#website\",\"url\":\"http:\/\/arwann.com\/\",\"name\":\"Arwann.com\",\"description\":\"\",\"publisher\":{\"@id\":\"http:\/\/arwann.com\/#organization\"},\"potentialAction\":[{\"@type\":\"SearchAction\",\"target\":{\"@type\":\"EntryPoint\",\"urlTemplate\":\"http:\/\/arwann.com\/?s={search_term_string}\"},\"query-input\":{\"@type\":\"PropertyValueSpecification\",\"valueRequired\":true,\"valueName\":\"search_term_string\"}}],\"inLanguage\":\"fr-FR\"},{\"@type\":\"Organization\",\"@id\":\"http:\/\/arwann.com\/#organization\",\"name\":\"Arwann\",\"url\":\"http:\/\/arwann.com\/\",\"logo\":{\"@type\":\"ImageObject\",\"inLanguage\":\"fr-FR\",\"@id\":\"http:\/\/arwann.com\/#\/schema\/logo\/image\/\",\"url\":\"http:\/\/arwann.com\/wp-content\/uploads\/2014\/04\/cropped-bandeau-arwann-5.png\",\"contentUrl\":\"http:\/\/arwann.com\/wp-content\/uploads\/2014\/04\/cropped-bandeau-arwann-5.png\",\"width\":1600,\"height\":230,\"caption\":\"Arwann\"},\"image\":{\"@id\":\"http:\/\/arwann.com\/#\/schema\/logo\/image\/\"}}]}<\/script>\n<!-- \/ Yoast SEO plugin. -->","yoast_head_json":{"title":"Epuiser sa jeunesse aux scouts -","description":"en quoi le scoutisme aide \u00e0 devenir vraiment adulte?","robots":{"index":"index","follow":"follow","max-snippet":"max-snippet:-1","max-image-preview":"max-image-preview:large","max-video-preview":"max-video-preview:-1"},"canonical":"http:\/\/arwann.com\/?page_id=1748","og_locale":"fr_FR","og_type":"article","og_title":"Epuiser sa jeunesse aux scouts -","og_description":"en quoi le scoutisme aide \u00e0 devenir vraiment adulte?","og_url":"http:\/\/arwann.com\/?page_id=1748","article_modified_time":"2014-07-30T14:15:08+00:00","og_image":[{"url":"http:\/\/arwann.com\/wp-content\/uploads\/2014\/04\/parents.png","type":"","width":"","height":""}],"twitter_misc":{"Dur\u00e9e de lecture estim\u00e9e":"6 minutes"},"schema":{"@context":"https:\/\/schema.org","@graph":[{"@type":"WebPage","@id":"http:\/\/arwann.com\/?page_id=1748","url":"http:\/\/arwann.com\/?page_id=1748","name":"Epuiser sa jeunesse aux scouts -","isPartOf":{"@id":"http:\/\/arwann.com\/#website"},"primaryImageOfPage":{"@id":"http:\/\/arwann.com\/?page_id=1748#primaryimage"},"image":{"@id":"http:\/\/arwann.com\/?page_id=1748#primaryimage"},"thumbnailUrl":"http:\/\/arwann.com\/wp-content\/uploads\/2014\/04\/parents.png","datePublished":"2014-07-03T16:29:32+00:00","dateModified":"2014-07-30T14:15:08+00:00","description":"en quoi le scoutisme aide \u00e0 devenir vraiment adulte?","breadcrumb":{"@id":"http:\/\/arwann.com\/?page_id=1748#breadcrumb"},"inLanguage":"fr-FR","potentialAction":[{"@type":"ReadAction","target":["http:\/\/arwann.com\/?page_id=1748"]}]},{"@type":"ImageObject","inLanguage":"fr-FR","@id":"http:\/\/arwann.com\/?page_id=1748#primaryimage","url":"http:\/\/arwann.com\/wp-content\/uploads\/2014\/04\/parents.png","contentUrl":"http:\/\/arwann.com\/wp-content\/uploads\/2014\/04\/parents.png","width":400,"height":400},{"@type":"BreadcrumbList","@id":"http:\/\/arwann.com\/?page_id=1748#breadcrumb","itemListElement":[{"@type":"ListItem","position":1,"name":"Home","item":"http:\/\/arwann.com\/"},{"@type":"ListItem","position":2,"name":"La Maison","item":"http:\/\/arwann.com\/?page_id=35"},{"@type":"ListItem","position":3,"name":"Que faut-il attendre du scoutisme","item":"http:\/\/arwann.com\/?page_id=1200"},{"@type":"ListItem","position":4,"name":"Epuiser sa jeunesse aux scouts"}]},{"@type":"WebSite","@id":"http:\/\/arwann.com\/#website","url":"http:\/\/arwann.com\/","name":"Arwann.com","description":"","publisher":{"@id":"http:\/\/arwann.com\/#organization"},"potentialAction":[{"@type":"SearchAction","target":{"@type":"EntryPoint","urlTemplate":"http:\/\/arwann.com\/?s={search_term_string}"},"query-input":{"@type":"PropertyValueSpecification","valueRequired":true,"valueName":"search_term_string"}}],"inLanguage":"fr-FR"},{"@type":"Organization","@id":"http:\/\/arwann.com\/#organization","name":"Arwann","url":"http:\/\/arwann.com\/","logo":{"@type":"ImageObject","inLanguage":"fr-FR","@id":"http:\/\/arwann.com\/#\/schema\/logo\/image\/","url":"http:\/\/arwann.com\/wp-content\/uploads\/2014\/04\/cropped-bandeau-arwann-5.png","contentUrl":"http:\/\/arwann.com\/wp-content\/uploads\/2014\/04\/cropped-bandeau-arwann-5.png","width":1600,"height":230,"caption":"Arwann"},"image":{"@id":"http:\/\/arwann.com\/#\/schema\/logo\/image\/"}}]}},"_links":{"self":[{"href":"http:\/\/arwann.com\/index.php?rest_route=\/wp\/v2\/pages\/1748","targetHints":{"allow":["GET"]}}],"collection":[{"href":"http:\/\/arwann.com\/index.php?rest_route=\/wp\/v2\/pages"}],"about":[{"href":"http:\/\/arwann.com\/index.php?rest_route=\/wp\/v2\/types\/page"}],"author":[{"embeddable":true,"href":"http:\/\/arwann.com\/index.php?rest_route=\/wp\/v2\/users\/3"}],"replies":[{"embeddable":true,"href":"http:\/\/arwann.com\/index.php?rest_route=%2Fwp%2Fv2%2Fcomments&post=1748"}],"version-history":[{"count":4,"href":"http:\/\/arwann.com\/index.php?rest_route=\/wp\/v2\/pages\/1748\/revisions"}],"predecessor-version":[{"id":1865,"href":"http:\/\/arwann.com\/index.php?rest_route=\/wp\/v2\/pages\/1748\/revisions\/1865"}],"up":[{"embeddable":true,"href":"http:\/\/arwann.com\/index.php?rest_route=\/wp\/v2\/pages\/1200"}],"wp:attachment":[{"href":"http:\/\/arwann.com\/index.php?rest_route=%2Fwp%2Fv2%2Fmedia&parent=1748"}],"curies":[{"name":"wp","href":"https:\/\/api.w.org\/{rel}","templated":true}]}}