{"id":1696,"date":"2014-07-01T20:16:01","date_gmt":"2014-07-01T19:16:01","guid":{"rendered":"http:\/\/arwann.com\/?page_id=1696"},"modified":"2020-04-16T13:44:51","modified_gmt":"2020-04-16T12:44:51","slug":"les-5-buts-du-scoutisme","status":"publish","type":"page","link":"http:\/\/arwann.com\/?page_id=1696","title":{"rendered":"Les 5 buts du scoutisme"},"content":{"rendered":"<p style=\"text-align: justify;\"><a href=\"http:\/\/arwann.com\/wp-content\/uploads\/2014\/04\/baden_powell_portrait-Copie.png\"><img loading=\"lazy\" decoding=\"async\" class=\"alignright wp-image-601\" src=\"http:\/\/arwann.com\/wp-content\/uploads\/2014\/04\/baden_powell_portrait-Copie.png\" alt=\"baden_powell_portrait - Copie\" width=\"200\" height=\"200\" srcset=\"http:\/\/arwann.com\/wp-content\/uploads\/2014\/04\/baden_powell_portrait-Copie.png 400w, http:\/\/arwann.com\/wp-content\/uploads\/2014\/04\/baden_powell_portrait-Copie-200x200.png 200w, http:\/\/arwann.com\/wp-content\/uploads\/2014\/04\/baden_powell_portrait-Copie-100x100.png 100w, http:\/\/arwann.com\/wp-content\/uploads\/2014\/04\/baden_powell_portrait-Copie-300x300.png 300w, http:\/\/arwann.com\/wp-content\/uploads\/2014\/04\/baden_powell_portrait-Copie-150x150.png 150w\" sizes=\"auto, (max-width: 200px) 100vw, 200px\" \/><\/a>Par Lama.<\/p>\n<p style=\"text-align: justify;\">Le scoutisme poss\u00e8de une finalit\u00e9 propre qui est du domaine naturel. Il s\u2019agit d\u2019\u00e9duquer et de former la personnalit\u00e9 de l\u2019adolescent sans pour cela modifier son caract\u00e8re mais plut\u00f4t en le bonifiant. L\u2019adolescence est une p\u00e9riode critique pendant laquelle le jeune se transforme aussi bien physiquement que psychiquement. Le scoutisme propose que cette transformation qu\u2019on ne peut emp\u00eacher ou retarder se passe dans les meilleures conditions pour l\u2019avenir de l\u2019adolescent. Le milieu des cinq dimensions lui offre le cadre d\u2019une micro soci\u00e9t\u00e9 simplifi\u00e9e ainsi\u00a0qu\u2019\u00e9pur\u00e9e. Les cinq moyens mis en \u0153uvre par le scoutisme vont rendre l\u2019adolescent acteur volontaire et enthousiaste de sa propre \u00e9ducation. Il ne s\u2019agit pas l\u00e0 d\u2019auto \u00e9ducation qui ne manquerait pas de faire voir rouge \u00e0 certains, il s\u2019agit d\u2019\u00e9ducation pour laquelle l\u2019adolescent trouve en lui-m\u00eame le moteur et l&rsquo;\u00e9nergie de sa transformation. Il n\u2019est ni pouss\u00e9 ni tir\u00e9 dans une direction, il marche volontairement dans la direction que lui indiquent de bons chefs qui ont compris la m\u00e9thode scoute et qui l\u2019appliquent avec intelligence et passion.<\/p>\n<p style=\"text-align: justify;\"><img loading=\"lazy\" decoding=\"async\" class=\"alignnone wp-image-3802 size-full\" src=\"http:\/\/arwann.com\/wp-content\/uploads\/2020\/04\/Les-5-finalit\u00e9s.jpg\" alt=\"\" width=\"871\" height=\"540\" srcset=\"http:\/\/arwann.com\/wp-content\/uploads\/2020\/04\/Les-5-finalit\u00e9s.jpg 871w, http:\/\/arwann.com\/wp-content\/uploads\/2020\/04\/Les-5-finalit\u00e9s-300x186.jpg 300w, http:\/\/arwann.com\/wp-content\/uploads\/2020\/04\/Les-5-finalit\u00e9s-768x476.jpg 768w\" sizes=\"auto, (max-width: 871px) 100vw, 871px\" \/><\/p>\n<p style=\"text-align: justify;\">Il ne s\u2019agit l\u00e0 que d\u2019une m\u00e9thode naturelle, comme la famille est une m\u00e9thode naturelle d\u2019\u00e9ducation, comme l\u2019\u00e9cole est une m\u00e9thode naturelle d\u2019instruction. Il s\u2019agit de fournir \u00e0 la nature humaine du jeune une base saine et robuste qui lib\u00e8re l\u2019intelligence et la volont\u00e9. L\u2019id\u00e9e est que la gr\u00e2ce surnaturelle produira de bien meilleurs fruits sur une bonne nature que sur une nature ch\u00e9tive.<\/p>\n<p style=\"text-align: justify;\">Les cinq buts du scoutisme sont les suivants\u00a0: habilet\u00e9 manuelle \/ sens du concret\u00a0; sant\u00e9 \/ joie de vivre\u00a0; sens des autres \/ don de soi\u00a0; harmonisation \/ polissage du caract\u00e8re\u00a0; sens de Dieu\u00a0\/ destin\u00e9e.<\/p>\n<h2><span style=\"color: #008000;\"><strong>Sant\u00e9 \/ Joie de vivre<\/strong><\/span><\/h2>\n<p>La sant\u00e9 des scouts est bien plus que la sant\u00e9 clinique. C\u2019est \u00eatre capable de supporter les petits rhumes migraines et autres d\u00e9sagr\u00e9ments vaillamment sans r\u00e9duire significativement son activit\u00e9. C\u2019est aimer d\u2019une humeur \u00e9gale, le froid le chaud, la pluie et le vent. C\u2019est aimer le grand air bien davantage que le confort et le luxe des maisons, c\u2019est aimer l\u2019impr\u00e9vu et se confier \u00e0 la Providence. D\u2019une mani\u00e8re g\u00e9n\u00e9rale c\u2019est d\u2019\u00eatre heureux de sa situation, de sa position de ses coll\u00e8gues, de sa famille, de sa patrouille, de son chef, du temps, du lieu de camp. On aura reconnu un certain nombre d\u2019articles de la loi.<\/p>\n<h2 style=\"text-align: justify;\"><span style=\"color: #3366ff;\"><strong>Habilet\u00e9 manuelle \/ <\/strong><strong>Sens du concret<\/strong><\/span><\/h2>\n<p style=\"text-align: justify;\">Il s\u2019agit de savoir se d\u00e9brouiller en toute circonstance et de comprendre comment fonctionnent les choses et les organisations autour de soi. Il s\u2019agit de percevoir l\u2019environnement et de comprendre rapidement comment agir. Les domaines sont vastes. Un autre nom pour ces qualit\u00e9s serait la comp\u00e9tence. On pourrait aussi viser plus haut en disant que le scoutisme vise \u00e0 donner confiance en soi. Dans la vie il faut avoir confiance en soi en ses capacit\u00e9s pour oser se lancer dans des entreprises. C\u2019est ainsi que l\u2019on devient acteur de son destin et non pas suiveur. Celui qui n\u2019a pas confiance en lui, celui qui doute de ses capacit\u00e9s n\u2019osera pas entreprendre. L\u2019action peut entra\u00eener l\u2019\u00e9chec, au moins partiel. Savoir recommencer et apprendre de ses erreurs fait partie de la confiance en soi.<\/p>\n<h2 style=\"text-align: justify;\"><span style=\"color: #ff0000;\"><strong>Sens des autres \/ Don de soi<\/strong><\/span><\/h2>\n<p style=\"text-align: justify;\"><em>Tu aimeras ton prochain comme toi-m\u00eame<\/em>. Pas plus que toi, COMME toi. C\u2019est la base de la vie en communaut\u00e9 libre. Une communaut\u00e9 dont les membres pensent les uns aux autres n\u2019a quasiment pas besoins de r\u00e8glements. C\u2019est ainsi qu\u2019avoir le sens des autres, c\u2019est avoir le sens du plus grands des biens communs qui est une vie harmonieuse en soci\u00e9t\u00e9. Il faut n\u00e9cessairement une certaine dose de sacrifice pour quitter la tendance naturelle \u00e0 l\u2019individualisme et passer \u00e0 celle du bien des autres et de la communaut\u00e9. C\u2019est se priver maintenant d\u2019un certain confort \u00e9go\u00efste pour investir dans les autres et la communaut\u00e9 afin d\u2019obtenir demain la joie d\u2019\u00eatre ensemble. Plusieurs articles de la loi vont enti\u00e8rement dans ces sens.<\/p>\n<h2 style=\"text-align: justify;\"><span style=\"color: #ff9900;\"><strong>Volont\u00e9 \/ caract\u00e8re<\/strong><\/span><\/h2>\n<p style=\"text-align: justify;\">C\u2019est un peu la suite du but pr\u00e9c\u00e9dent. Chacun d\u2019entre nous vient au monde avec des caract\u00e9ristiques physiques mais aussi de caract\u00e8re qui sont d\u00e9termin\u00e9es par nos g\u00e8nes. Le caract\u00e8re n\u2019est ni bon ni mauvais. C\u2019est \u00e0 chacun d\u2019entre nous de le bonifier. Il y a deux axes pour y parvenir. 1\u00b0 D\u00e9velopper ses caract\u00e9ristiques fortes\u00a0 2\u00b0 Corriger au minimum ce qui constitue les points faibles, et tout particuli\u00e8rement les caract\u00e9ristiques qui concernent nous relations avec les autres. Si l\u2019on est autoritaire ou essaiera de rendre notre leadership joyeux et entra\u00eenant, sans \u00e9craser les autres. On s\u2019efforcera de se temp\u00e9rer si l\u2019on a un caract\u00e8re extraverti qui pourrait fatiguer les gens calmes. C\u2019est principalement la vie en communaut\u00e9 qui va nous apprendre sur nous-m\u00eame. Les autres, nos coll\u00e8gues mais aussi nos sup\u00e9rieurs. Les autres voient imm\u00e9diatement et bien mieux que nous m\u00eame nos propres travers et ce qui leur rend la vie plus difficile. Ce que nous avons du mal \u00e0 accepter de nos \u00e9ducateurs ou ma\u00eetres passe bien mieux lorsque cela vient de nos \u00e9gaux et nous l\u2019acceptons facilement. Cette p\u00e9riode pass\u00e9e aux scouts, dans cette soci\u00e9t\u00e9 particuli\u00e8re r\u00e9gie par la loi scoute est le moment id\u00e9al pour s\u2019am\u00e9liorer facilement pour devenir un adulte agr\u00e9able.<\/p>\n<p>Mais il faut aussi apprendre \u00e0 former sa volont\u00e9. Le but de la volont\u00e9 est de vouloir ce qui est bien. La volont\u00e9 ne consiste pas \u00e0 vouloir nos passion ou nos caprices. Non il faut viser le bien sup\u00e9rieur qui est le bien commun. Le deuxi\u00e8me volet de la volont\u00e9 est de passer \u00e0 l&rsquo;action. C&rsquo;est \u00e0 dire de prendre les moyens, le temps,\u00a0 mettre des \u00e9tapes pour atteindre le but. et de prendre les moyens pour y parvenir. Aux scout un gar\u00e7on qui passe par toutes les \u00e9tapes depuis novice jusqu&rsquo;\u00e0 CP, aura constamment l&rsquo;occasion de comprendre et de mettre en pratique sa volont\u00e9&#8230; et en plus ce sera int\u00e9ressant.<\/p>\n<h2 style=\"text-align: justify;\"><span style=\"color: #800080;\"><strong><span style=\"color: #999999;\">Sens de Dieu\u00a0\/ Id\u00e9al<\/span><\/strong><\/span><\/h2>\n<p style=\"text-align: justify;\">Attention, le scoutisme ne donne pas la foi mais il y pr\u00e9dispose. Cependant bon nombre de jeunes avouent s\u2019\u00eatre r\u00e9ellement converti parce qu\u2019ils \u00e9taient scouts. En revanche le scoutisme procure deux choses essentielles.<\/p>\n<ul style=\"text-align: justify;\">\n<li>\u00a0La vie en soci\u00e9t\u00e9 (le camp) dans laquelle Dieu a toute sa place et en cela nous sommes entra\u00een\u00e9s \u00e0 d\u00e9gorger le la\u00efcisme omnipr\u00e9sent qui infeste la soci\u00e9t\u00e9 fran\u00e7aise.<\/li>\n<li>L\u2019\u00e9vidence de la pr\u00e9sence de Dieu (ou d&rsquo;un principe vivant sup\u00e9rieur \u00e0 l&rsquo;homme) par l\u2019immersion dans la nature qui est effectif par arr\u00eat et retrait de la vie artificielle des villes et des maisons et ensuite par la d\u00e9couverte de l\u2019ordre extraordinaire du monde, depuis le plus petit jusqu\u2019au plus grand. Le camp fait de lui un Abraham qui quitte le monde des idoles et adore le Cr\u00e9ateur. Les cantiques de la fin de la veill\u00e9e dans la paix du soir font de lui un contemplatif m\u00eame si ce n\u2019est que de fa\u00e7on tr\u00e8s br\u00e8ve. Ce gar\u00e7on comprendra alors que son cat\u00e9chisme et la pri\u00e8re en famille sont comme des portes qui s&rsquo;ouvrent vers le monde r\u00e9el\u00a0: la patrie de l&rsquo;\u00e9ternit\u00e9 pour laquelle il est normal de combattre. En outre, aux scouts il a compris que rien de bon ne se fait sans effort.<\/li>\n<\/ul>\n<p style=\"text-align: justify;\">Parfois il advient,\u00a0 qu&rsquo;en plus de se convertir,\u00a0le petit pa\u00efen qui est entr\u00e9 aux\u00a0scouts\u00a0par go\u00fbt de la bande et de l&rsquo;aventure convertisse aussi ses parents.<\/p>\n<h2><span style=\"color: #0000ff;\">Ces 5 finalit\u00e9s se rassemblent en 1 seule<\/span>\u00a0<\/h2>\n<p>Transformer des jeunes en adultes &#8211; Bons \u2013 Joyeux \u2013 comp\u00e9tents \u2013 efficaces &#8211; s\u00fbr d\u2019eux \u2013 confiants \u2013 entreprenants &#8211; solides. <span style=\"color: #0000ff;\"><strong>Ces jeunes vont devenir des citoyens exemplaires qui seront le levain de la soci\u00e9t\u00e9<\/strong>.<\/span><br \/>Le chef n&rsquo;a pas besoin de s&rsquo;inqui\u00e9ter de ces 5 buts. S&rsquo;il a r\u00e9ellement construit sa petite civilisation \u00e0 5 dimension et s&rsquo;il actionne correctement les 5 moteurs\u00a0 alors les 5 buts seront atteints.<br \/>Le chef se contentera de suivre chaque gar\u00e7on (ou fille) \u00e0 l&rsquo;occasion des \u00e9preuves de classe, des badges et de se poser pour lui la question suivante : ce gars (fille) deviendra-t-il un citoyen, mod\u00e8le, sera-t-il le ferment dans la p\u00e2te de la soci\u00e9t\u00e9 ?<br \/>A l&rsquo;issue des camp par exemple ou en CDC de d\u00e9but d&rsquo;ann\u00e9e, le chef peut simplement se poser\u00a0 la question : ma troupe forme-t-elle vraiment de futurs citoyen mod\u00e8les ?<br \/>Si la r\u00e9ponse est satisfaisante, alors continuons la m\u00e9thode scoute avec ses dimensions et ses moteurs et formons de futurs chefs.<br \/>Si le chef pense que le r\u00e9sultat laisse \u00e0 d\u00e9sirer alors, reprendre les moteurs et les r\u00e9activer plus efficacement, v\u00e9rifier aussi que les cinq dimensions sont bien r\u00e9elle et non pas de fa\u00e7ade.<br \/>J&rsquo;ai personnellement vi d&rsquo;excellent chef de troupe qui faisait tout bien par instinct.<br \/>J&rsquo;en ai vu d&rsquo;autres, nettement moins dou\u00e9s mais qui, connaissant la m\u00e9thode et l&rsquo;appliquant au mieux, parvenaient \u00e0 de bons r\u00e9sultats.<\/p>\n<p>Alors, je vous laisse imaginer ce que peut donner un gars dou\u00e9 qui applique la m\u00e9thode !<\/p>\n<ul>\n<li style=\"text-align: justify;\"><a title=\"Les 5 moyens\" href=\"http:\/\/arwann.com\/?page_id=1127\">les 5 moyens<\/a><\/li>\n<li style=\"text-align: justify;\"><a title=\"Les 5 dimensions\" href=\"http:\/\/arwann.com\/?page_id=1118\">les 5 dimensions<\/a><\/li>\n<li style=\"text-align: justify;\"><a title=\"les 15 points du scoutisme\" href=\"http:\/\/arwann.com\/?page_id=1108\">les 15 points du scoutisme<\/a><\/li>\n<\/ul>\n\n\n<p><\/p>\n","protected":false},"excerpt":{"rendered":"<p>Par Lama. Le scoutisme poss\u00e8de une finalit\u00e9 propre qui est du domaine naturel. Il s\u2019agit d\u2019\u00e9duquer et de former la personnalit\u00e9 de l\u2019adolescent sans pour cela modifier son caract\u00e8re mais plut\u00f4t en le bonifiant. L\u2019adolescence est une p\u00e9riode critique pendant laquelle le jeune se transforme aussi bien physiquement que psychiquement. Le scoutisme propose que cette &hellip; <a href=\"http:\/\/arwann.com\/?page_id=1696\" class=\"more-link\">Continuer la lecture de <span class=\"screen-reader-text\">Les 5 buts du scoutisme<\/span> <span class=\"meta-nav\">&rarr;<\/span><\/a><\/p>\n","protected":false},"author":3,"featured_media":0,"parent":1183,"menu_order":0,"comment_status":"open","ping_status":"open","template":"","meta":{"footnotes":""},"class_list":["post-1696","page","type-page","status-publish","hentry"],"yoast_head":"<!-- This site is optimized with the Yoast SEO plugin v27.2 - https:\/\/yoast.com\/product\/yoast-seo-wordpress\/ -->\n<title>Les 5 buts du scoutisme -<\/title>\n<meta name=\"description\" content=\"5 buts du scoutisme\" \/>\n<meta name=\"robots\" content=\"index, follow, max-snippet:-1, max-image-preview:large, max-video-preview:-1\" \/>\n<link rel=\"canonical\" href=\"http:\/\/arwann.com\/?page_id=1696\" \/>\n<meta property=\"og:locale\" content=\"fr_FR\" \/>\n<meta property=\"og:type\" content=\"article\" \/>\n<meta property=\"og:title\" content=\"Les 5 buts du scoutisme -\" \/>\n<meta property=\"og:description\" content=\"5 buts du scoutisme\" \/>\n<meta property=\"og:url\" content=\"http:\/\/arwann.com\/?page_id=1696\" \/>\n<meta property=\"article:modified_time\" content=\"2020-04-16T12:44:51+00:00\" \/>\n<meta property=\"og:image\" content=\"http:\/\/arwann.com\/wp-content\/uploads\/2014\/04\/baden_powell_portrait-Copie.png\" \/>\n<meta name=\"twitter:label1\" content=\"Dur\u00e9e de lecture estim\u00e9e\" \/>\n\t<meta name=\"twitter:data1\" content=\"8 minutes\" \/>\n<script type=\"application\/ld+json\" class=\"yoast-schema-graph\">{\"@context\":\"https:\/\/schema.org\",\"@graph\":[{\"@type\":\"WebPage\",\"@id\":\"http:\/\/arwann.com\/?page_id=1696\",\"url\":\"http:\/\/arwann.com\/?page_id=1696\",\"name\":\"Les 5 buts du scoutisme -\",\"isPartOf\":{\"@id\":\"http:\/\/arwann.com\/#website\"},\"primaryImageOfPage\":{\"@id\":\"http:\/\/arwann.com\/?page_id=1696#primaryimage\"},\"image\":{\"@id\":\"http:\/\/arwann.com\/?page_id=1696#primaryimage\"},\"thumbnailUrl\":\"http:\/\/arwann.com\/wp-content\/uploads\/2014\/04\/baden_powell_portrait-Copie.png\",\"datePublished\":\"2014-07-01T19:16:01+00:00\",\"dateModified\":\"2020-04-16T12:44:51+00:00\",\"description\":\"5 buts du scoutisme\",\"breadcrumb\":{\"@id\":\"http:\/\/arwann.com\/?page_id=1696#breadcrumb\"},\"inLanguage\":\"fr-FR\",\"potentialAction\":[{\"@type\":\"ReadAction\",\"target\":[\"http:\/\/arwann.com\/?page_id=1696\"]}]},{\"@type\":\"ImageObject\",\"inLanguage\":\"fr-FR\",\"@id\":\"http:\/\/arwann.com\/?page_id=1696#primaryimage\",\"url\":\"http:\/\/arwann.com\/wp-content\/uploads\/2014\/04\/baden_powell_portrait-Copie.png\",\"contentUrl\":\"http:\/\/arwann.com\/wp-content\/uploads\/2014\/04\/baden_powell_portrait-Copie.png\",\"width\":400,\"height\":400},{\"@type\":\"BreadcrumbList\",\"@id\":\"http:\/\/arwann.com\/?page_id=1696#breadcrumb\",\"itemListElement\":[{\"@type\":\"ListItem\",\"position\":1,\"name\":\"Home\",\"item\":\"https:\/\/arwann.com\/\"},{\"@type\":\"ListItem\",\"position\":2,\"name\":\"Le Kr\u00e2al\",\"item\":\"https:\/\/arwann.com\/?page_id=33\"},{\"@type\":\"ListItem\",\"position\":3,\"name\":\"Comprendre la m\u00e9thode scoute\",\"item\":\"http:\/\/arwann.com\/?page_id=1183\"},{\"@type\":\"ListItem\",\"position\":4,\"name\":\"Les 5 buts du scoutisme\"}]},{\"@type\":\"WebSite\",\"@id\":\"http:\/\/arwann.com\/#website\",\"url\":\"http:\/\/arwann.com\/\",\"name\":\"Arwann.com\",\"description\":\"\",\"publisher\":{\"@id\":\"http:\/\/arwann.com\/#organization\"},\"potentialAction\":[{\"@type\":\"SearchAction\",\"target\":{\"@type\":\"EntryPoint\",\"urlTemplate\":\"http:\/\/arwann.com\/?s={search_term_string}\"},\"query-input\":{\"@type\":\"PropertyValueSpecification\",\"valueRequired\":true,\"valueName\":\"search_term_string\"}}],\"inLanguage\":\"fr-FR\"},{\"@type\":\"Organization\",\"@id\":\"http:\/\/arwann.com\/#organization\",\"name\":\"Arwann\",\"url\":\"http:\/\/arwann.com\/\",\"logo\":{\"@type\":\"ImageObject\",\"inLanguage\":\"fr-FR\",\"@id\":\"http:\/\/arwann.com\/#\/schema\/logo\/image\/\",\"url\":\"http:\/\/arwann.com\/wp-content\/uploads\/2014\/04\/cropped-bandeau-arwann-5.png\",\"contentUrl\":\"http:\/\/arwann.com\/wp-content\/uploads\/2014\/04\/cropped-bandeau-arwann-5.png\",\"width\":1600,\"height\":230,\"caption\":\"Arwann\"},\"image\":{\"@id\":\"http:\/\/arwann.com\/#\/schema\/logo\/image\/\"}}]}<\/script>\n<!-- \/ Yoast SEO plugin. -->","yoast_head_json":{"title":"Les 5 buts du scoutisme -","description":"5 buts du scoutisme","robots":{"index":"index","follow":"follow","max-snippet":"max-snippet:-1","max-image-preview":"max-image-preview:large","max-video-preview":"max-video-preview:-1"},"canonical":"http:\/\/arwann.com\/?page_id=1696","og_locale":"fr_FR","og_type":"article","og_title":"Les 5 buts du scoutisme -","og_description":"5 buts du scoutisme","og_url":"http:\/\/arwann.com\/?page_id=1696","article_modified_time":"2020-04-16T12:44:51+00:00","og_image":[{"url":"http:\/\/arwann.com\/wp-content\/uploads\/2014\/04\/baden_powell_portrait-Copie.png","type":"","width":"","height":""}],"twitter_misc":{"Dur\u00e9e de lecture estim\u00e9e":"8 minutes"},"schema":{"@context":"https:\/\/schema.org","@graph":[{"@type":"WebPage","@id":"http:\/\/arwann.com\/?page_id=1696","url":"http:\/\/arwann.com\/?page_id=1696","name":"Les 5 buts du scoutisme -","isPartOf":{"@id":"http:\/\/arwann.com\/#website"},"primaryImageOfPage":{"@id":"http:\/\/arwann.com\/?page_id=1696#primaryimage"},"image":{"@id":"http:\/\/arwann.com\/?page_id=1696#primaryimage"},"thumbnailUrl":"http:\/\/arwann.com\/wp-content\/uploads\/2014\/04\/baden_powell_portrait-Copie.png","datePublished":"2014-07-01T19:16:01+00:00","dateModified":"2020-04-16T12:44:51+00:00","description":"5 buts du scoutisme","breadcrumb":{"@id":"http:\/\/arwann.com\/?page_id=1696#breadcrumb"},"inLanguage":"fr-FR","potentialAction":[{"@type":"ReadAction","target":["http:\/\/arwann.com\/?page_id=1696"]}]},{"@type":"ImageObject","inLanguage":"fr-FR","@id":"http:\/\/arwann.com\/?page_id=1696#primaryimage","url":"http:\/\/arwann.com\/wp-content\/uploads\/2014\/04\/baden_powell_portrait-Copie.png","contentUrl":"http:\/\/arwann.com\/wp-content\/uploads\/2014\/04\/baden_powell_portrait-Copie.png","width":400,"height":400},{"@type":"BreadcrumbList","@id":"http:\/\/arwann.com\/?page_id=1696#breadcrumb","itemListElement":[{"@type":"ListItem","position":1,"name":"Home","item":"https:\/\/arwann.com\/"},{"@type":"ListItem","position":2,"name":"Le Kr\u00e2al","item":"https:\/\/arwann.com\/?page_id=33"},{"@type":"ListItem","position":3,"name":"Comprendre la m\u00e9thode scoute","item":"http:\/\/arwann.com\/?page_id=1183"},{"@type":"ListItem","position":4,"name":"Les 5 buts du scoutisme"}]},{"@type":"WebSite","@id":"http:\/\/arwann.com\/#website","url":"http:\/\/arwann.com\/","name":"Arwann.com","description":"","publisher":{"@id":"http:\/\/arwann.com\/#organization"},"potentialAction":[{"@type":"SearchAction","target":{"@type":"EntryPoint","urlTemplate":"http:\/\/arwann.com\/?s={search_term_string}"},"query-input":{"@type":"PropertyValueSpecification","valueRequired":true,"valueName":"search_term_string"}}],"inLanguage":"fr-FR"},{"@type":"Organization","@id":"http:\/\/arwann.com\/#organization","name":"Arwann","url":"http:\/\/arwann.com\/","logo":{"@type":"ImageObject","inLanguage":"fr-FR","@id":"http:\/\/arwann.com\/#\/schema\/logo\/image\/","url":"http:\/\/arwann.com\/wp-content\/uploads\/2014\/04\/cropped-bandeau-arwann-5.png","contentUrl":"http:\/\/arwann.com\/wp-content\/uploads\/2014\/04\/cropped-bandeau-arwann-5.png","width":1600,"height":230,"caption":"Arwann"},"image":{"@id":"http:\/\/arwann.com\/#\/schema\/logo\/image\/"}}]}},"_links":{"self":[{"href":"http:\/\/arwann.com\/index.php?rest_route=\/wp\/v2\/pages\/1696","targetHints":{"allow":["GET"]}}],"collection":[{"href":"http:\/\/arwann.com\/index.php?rest_route=\/wp\/v2\/pages"}],"about":[{"href":"http:\/\/arwann.com\/index.php?rest_route=\/wp\/v2\/types\/page"}],"author":[{"embeddable":true,"href":"http:\/\/arwann.com\/index.php?rest_route=\/wp\/v2\/users\/3"}],"replies":[{"embeddable":true,"href":"http:\/\/arwann.com\/index.php?rest_route=%2Fwp%2Fv2%2Fcomments&post=1696"}],"version-history":[{"count":15,"href":"http:\/\/arwann.com\/index.php?rest_route=\/wp\/v2\/pages\/1696\/revisions"}],"predecessor-version":[{"id":3811,"href":"http:\/\/arwann.com\/index.php?rest_route=\/wp\/v2\/pages\/1696\/revisions\/3811"}],"up":[{"embeddable":true,"href":"http:\/\/arwann.com\/index.php?rest_route=\/wp\/v2\/pages\/1183"}],"wp:attachment":[{"href":"http:\/\/arwann.com\/index.php?rest_route=%2Fwp%2Fv2%2Fmedia&parent=1696"}],"curies":[{"name":"wp","href":"https:\/\/api.w.org\/{rel}","templated":true}]}}