{"id":1631,"date":"2014-06-27T19:26:52","date_gmt":"2014-06-27T18:26:52","guid":{"rendered":"http:\/\/arwann.com\/?page_id=1631"},"modified":"2014-09-04T14:29:26","modified_gmt":"2014-09-04T13:29:26","slug":"article-3","status":"publish","type":"page","link":"http:\/\/arwann.com\/?page_id=1631","title":{"rendered":"Article 3"},"content":{"rendered":"<h2 style=\"text-align: justify;\"><strong><span style=\"color: #ff0000;\"><a href=\"http:\/\/arwann.com\/wp-content\/uploads\/2014\/04\/bouton-scout.png\"><img loading=\"lazy\" decoding=\"async\" class=\"alignright wp-image-892\" src=\"http:\/\/arwann.com\/wp-content\/uploads\/2014\/04\/bouton-scout.png\" alt=\"bouton scout\" width=\"200\" height=\"200\" srcset=\"http:\/\/arwann.com\/wp-content\/uploads\/2014\/04\/bouton-scout.png 400w, http:\/\/arwann.com\/wp-content\/uploads\/2014\/04\/bouton-scout-200x200.png 200w, http:\/\/arwann.com\/wp-content\/uploads\/2014\/04\/bouton-scout-100x100.png 100w, http:\/\/arwann.com\/wp-content\/uploads\/2014\/04\/bouton-scout-300x300.png 300w, http:\/\/arwann.com\/wp-content\/uploads\/2014\/04\/bouton-scout-150x150.png 150w\" sizes=\"auto, (max-width: 200px) 100vw, 200px\" \/><\/a>Le scout est fait pour servir et sauver son prochain<\/span> <\/strong><\/h2>\n<p style=\"text-align: justify;\">C&rsquo;est une belle phrase qui fait beau sur le programme mais qui comprend vraiment ce que cela signifie ?<\/p>\n<p style=\"text-align: justify;\">&#8211;\u00a0\u00a0\u00a0\u00a0\u00a0 <em>C&rsquo;est comme dans la patrouille des castors, chef, nous allons sauver des jeunes des flammes et puis nous allons sauver des familles d&rsquo;une inondation <\/em><\/p>\n<p style=\"text-align: justify;\">Tout \u00e7a c&rsquo;est dans les bandes dessin\u00e9es, ce n&rsquo;est pas exactement comme \u00e7a qu&rsquo;il faut comprendre cet article. La r\u00e9alit\u00e9 est plus facile \u00e0 atteindre et donne de bien meilleurs r\u00e9sultats. Commen\u00e7ons par servir, c&rsquo;est plus facile \u00e0 comprendre et \u00e7a enthousiasme moins les foules.<\/p>\n<p style=\"text-align: justify;\">Servir son prochain, c&rsquo;est expliqu\u00e9 partout dans l&rsquo;\u00e9vangile et c&rsquo;est le commandement que le Christ place sans cesse \u00e0 la crois\u00e9e de nos d\u00e9cisions. Aux scouts un peu r\u00e9calcitrants on applique le 7<sup>\u00e8me<\/sup> article : <em>le scouts ob\u00e9it sans r\u00e9plique et ne fait rien \u00e0 moiti\u00e9.<\/em> Mais \u00e0 ceux qui se sentent \u00e0 l&rsquo;aise avec cet article alors il est propos\u00e9 de passer au cran sup\u00e9rieur qui est de servir au lieu d&rsquo;ob\u00e9ir (car dans \u00ab\u00a0ob\u00e9ir\u00a0\u00bb il y comme une odeur de contre c\u0153ur). Servir c&rsquo;est bien s\u00fbr l\u00e2cher un peu de son confort personnel pour penser au bien-\u00eatre de tous ou bien d&rsquo;un autre. Reprenons le cas de l&rsquo;orage qui \u00e9clate en pleine nuit et qui menace d&#8217;emporter la tente ou de la submerger. Le scout \u00ab\u00a0mod\u00e8le courant\u00a0\u00bb se sent bien au chaud dans son duvet et souhaiterait bien que le CP et le second r\u00e8glent le probl\u00e8me sans qu&rsquo;il ait lui-m\u00eame \u00e0 renoncer \u00e0 la douceur de ses plumes. Cependant, servir \u00e7a veut dire se donner aux autres pour le bien commun. C&rsquo;est ce qu&rsquo;a fait J\u00e9sus Christ en venant partager notre condition. Alors m\u00eame si l CP et le second sont sortis pour consolider la tente ou pour creuser la tranch\u00e9e qui arr\u00eatera l&rsquo;eau, le scout qui veut servir sera aussi de la rescousse. Et s\u2019il ne peut vraiment pas aider \u00e0 lutter contre la temp\u00eate, \u00e0 ceux qui triment pour la patrouille il montrera sa reconnaissance. En participant au c\u00f4t\u00e9 des grands ce scout d\u00e9sireux de servir apprend comment faire et lorsqu&rsquo;\u00e0 son tour il devra braver le mauvais temps ou l&rsquo;infortune il saura comment s&rsquo;en sortir. On sert efficacement seulement si on est comp\u00e9tent. Le guide n&rsquo;a pas le droit d&rsquo;\u00eatre une nouille qui ne sait pas comment s&rsquo;en sortir dans une situation un peu d\u00e9licate. Pour respecter le 3<sup>\u00e8me<\/sup> article il faut donc avoir la volont\u00e9 de se former et d&rsquo;acqu\u00e9rir des comp\u00e9tences sinon on reste un serviteur inutile. Servir sa patrouille c&rsquo;est \u00eatre assez fort pour porter ses propres affaires sans \u00eatre un boulet mais c&rsquo;est aussi en avoir encore un peu plus dans les mollets pour accepter du mat\u00e9riel collectif ou de la nourriture. Servir sa patouille (et donc chaque fille ou gar\u00e7on qui la compose) c&rsquo;est \u00eatre suffisamment dou\u00e9 pour savoir participer \u00e0 la construction des installes qui donneront les commodit\u00e9s et la vie int\u00e9ressante. C&rsquo;est \u00eatre assez cal\u00e9 en topo pour retrouver son chemin dans la for\u00eat hostile et tracer la piste pour la patrouille. En veill\u00e9e c&rsquo;est savoir chanter avec gr\u00e2ce et entrain pour donner \u00e0 chacun la joie d&rsquo;\u00eatre ensemble au service d&rsquo;un Ma\u00eetre si doux. <strong>Servir c&rsquo;est donc \u00eatre conscient de ses responsabilit\u00e9s et les assumer avec joie et brio.<\/strong><\/p>\n<p style=\"text-align: justify;\">Mais servir c&rsquo;est encore plus que cela. C&rsquo;est aussi savoir se priver un peu pour les autres. C&rsquo;est savoir renoncer \u00e0 un droit l\u00e9gitime pour le bien et le bonheur de tous. Et c&rsquo;est maintenant seulement qu&rsquo;on aborde la deuxi\u00e8me partie de l&rsquo;article : sauver son prochain. En renon\u00e7ant \u00e0 son plaisir l\u00e9gitime, on se sacrifie un peu et chaque sacrifice soulage un peu le poids de la croix sur les \u00e9paules de J\u00e9sus. Ce poids lib\u00e9r\u00e9 peut servir imm\u00e9diatement \u00e0 d&rsquo;autres. Comme le Bon Dieu fait bien les choses, ce petit bout de r\u00e9demption \u00e9conomis\u00e9 va servir \u00e0 ceux qui sont au plus pr\u00e8s, c&rsquo;est \u00e0 dire aux filles et aux gar\u00e7ons de la patrouille, \u00e0 leur parents, leur famille. \u00c0 l&rsquo;exemple de sainte Th\u00e9r\u00e8se, il n&rsquo;est pas n\u00e9cessaire de se lancer dans des actions sensationnelles de sauvetage de la plan\u00e8te, il suffit de bien accomplir sa t\u00e2che de CP, de second, de troisi\u00e8me ou de Cul-de-pat.<\/p>\n<p style=\"text-align: justify;\"><a title=\"Article 2\" href=\"http:\/\/arwann.com\/?page_id=1628\">article 2<\/a><br \/>\n<a title=\"article 4\" href=\"http:\/\/arwann.com\/?page_id=1637\">article 4<\/a><\/p>\n","protected":false},"excerpt":{"rendered":"<p>Le scout est fait pour servir et sauver son prochain C&rsquo;est une belle phrase qui fait beau sur le programme mais qui comprend vraiment ce que cela signifie ? &#8211;\u00a0\u00a0\u00a0\u00a0\u00a0 C&rsquo;est comme dans la patrouille des castors, chef, nous allons sauver des jeunes des flammes et puis nous allons sauver des familles d&rsquo;une inondation Tout &hellip; <a href=\"http:\/\/arwann.com\/?page_id=1631\" class=\"more-link\">Continuer la lecture de <span class=\"screen-reader-text\">Article 3<\/span> <span class=\"meta-nav\">&rarr;<\/span><\/a><\/p>\n","protected":false},"author":3,"featured_media":0,"parent":60,"menu_order":0,"comment_status":"open","ping_status":"open","template":"","meta":{"footnotes":""},"class_list":["post-1631","page","type-page","status-publish","hentry"],"yoast_head":"<!-- This site is optimized with the Yoast SEO plugin v27.2 - https:\/\/yoast.com\/product\/yoast-seo-wordpress\/ -->\n<title>Article 3 -<\/title>\n<meta name=\"description\" content=\"Le scout est fait pour servir et sauver son prochain\" \/>\n<meta name=\"robots\" content=\"index, follow, max-snippet:-1, max-image-preview:large, max-video-preview:-1\" \/>\n<link rel=\"canonical\" href=\"http:\/\/arwann.com\/?page_id=1631\" \/>\n<meta property=\"og:locale\" content=\"fr_FR\" \/>\n<meta property=\"og:type\" content=\"article\" \/>\n<meta property=\"og:title\" content=\"Article 3 -\" \/>\n<meta property=\"og:description\" content=\"Le scout est fait pour servir et sauver son prochain\" \/>\n<meta property=\"og:url\" content=\"http:\/\/arwann.com\/?page_id=1631\" \/>\n<meta property=\"article:modified_time\" content=\"2014-09-04T13:29:26+00:00\" \/>\n<meta property=\"og:image\" content=\"http:\/\/arwann.com\/wp-content\/uploads\/2014\/04\/bouton-scout.png\" \/>\n<meta name=\"twitter:label1\" content=\"Dur\u00e9e de lecture estim\u00e9e\" \/>\n\t<meta name=\"twitter:data1\" content=\"4 minutes\" \/>\n<script type=\"application\/ld+json\" class=\"yoast-schema-graph\">{\"@context\":\"https:\/\/schema.org\",\"@graph\":[{\"@type\":\"WebPage\",\"@id\":\"http:\/\/arwann.com\/?page_id=1631\",\"url\":\"http:\/\/arwann.com\/?page_id=1631\",\"name\":\"Article 3 -\",\"isPartOf\":{\"@id\":\"http:\/\/arwann.com\/#website\"},\"primaryImageOfPage\":{\"@id\":\"http:\/\/arwann.com\/?page_id=1631#primaryimage\"},\"image\":{\"@id\":\"http:\/\/arwann.com\/?page_id=1631#primaryimage\"},\"thumbnailUrl\":\"http:\/\/arwann.com\/wp-content\/uploads\/2014\/04\/bouton-scout.png\",\"datePublished\":\"2014-06-27T18:26:52+00:00\",\"dateModified\":\"2014-09-04T13:29:26+00:00\",\"description\":\"Le scout est fait pour servir et sauver son prochain\",\"breadcrumb\":{\"@id\":\"http:\/\/arwann.com\/?page_id=1631#breadcrumb\"},\"inLanguage\":\"fr-FR\",\"potentialAction\":[{\"@type\":\"ReadAction\",\"target\":[\"http:\/\/arwann.com\/?page_id=1631\"]}]},{\"@type\":\"ImageObject\",\"inLanguage\":\"fr-FR\",\"@id\":\"http:\/\/arwann.com\/?page_id=1631#primaryimage\",\"url\":\"http:\/\/arwann.com\/wp-content\/uploads\/2014\/04\/bouton-scout.png\",\"contentUrl\":\"http:\/\/arwann.com\/wp-content\/uploads\/2014\/04\/bouton-scout.png\",\"width\":400,\"height\":400},{\"@type\":\"BreadcrumbList\",\"@id\":\"http:\/\/arwann.com\/?page_id=1631#breadcrumb\",\"itemListElement\":[{\"@type\":\"ListItem\",\"position\":1,\"name\":\"Home\",\"item\":\"https:\/\/arwann.com\/\"},{\"@type\":\"ListItem\",\"position\":2,\"name\":\"Le coin des Scouts\",\"item\":\"http:\/\/arwann.com\/?page_id=29\"},{\"@type\":\"ListItem\",\"position\":3,\"name\":\"La Loi &#038; les Principes\",\"item\":\"http:\/\/arwann.com\/?page_id=60\"},{\"@type\":\"ListItem\",\"position\":4,\"name\":\"Article 3\"}]},{\"@type\":\"WebSite\",\"@id\":\"http:\/\/arwann.com\/#website\",\"url\":\"http:\/\/arwann.com\/\",\"name\":\"Arwann.com\",\"description\":\"\",\"publisher\":{\"@id\":\"http:\/\/arwann.com\/#organization\"},\"potentialAction\":[{\"@type\":\"SearchAction\",\"target\":{\"@type\":\"EntryPoint\",\"urlTemplate\":\"http:\/\/arwann.com\/?s={search_term_string}\"},\"query-input\":{\"@type\":\"PropertyValueSpecification\",\"valueRequired\":true,\"valueName\":\"search_term_string\"}}],\"inLanguage\":\"fr-FR\"},{\"@type\":\"Organization\",\"@id\":\"http:\/\/arwann.com\/#organization\",\"name\":\"Arwann\",\"url\":\"http:\/\/arwann.com\/\",\"logo\":{\"@type\":\"ImageObject\",\"inLanguage\":\"fr-FR\",\"@id\":\"http:\/\/arwann.com\/#\/schema\/logo\/image\/\",\"url\":\"http:\/\/arwann.com\/wp-content\/uploads\/2014\/04\/cropped-bandeau-arwann-5.png\",\"contentUrl\":\"http:\/\/arwann.com\/wp-content\/uploads\/2014\/04\/cropped-bandeau-arwann-5.png\",\"width\":1600,\"height\":230,\"caption\":\"Arwann\"},\"image\":{\"@id\":\"http:\/\/arwann.com\/#\/schema\/logo\/image\/\"}}]}<\/script>\n<!-- \/ Yoast SEO plugin. -->","yoast_head_json":{"title":"Article 3 -","description":"Le scout est fait pour servir et sauver son prochain","robots":{"index":"index","follow":"follow","max-snippet":"max-snippet:-1","max-image-preview":"max-image-preview:large","max-video-preview":"max-video-preview:-1"},"canonical":"http:\/\/arwann.com\/?page_id=1631","og_locale":"fr_FR","og_type":"article","og_title":"Article 3 -","og_description":"Le scout est fait pour servir et sauver son prochain","og_url":"http:\/\/arwann.com\/?page_id=1631","article_modified_time":"2014-09-04T13:29:26+00:00","og_image":[{"url":"http:\/\/arwann.com\/wp-content\/uploads\/2014\/04\/bouton-scout.png","type":"","width":"","height":""}],"twitter_misc":{"Dur\u00e9e de lecture estim\u00e9e":"4 minutes"},"schema":{"@context":"https:\/\/schema.org","@graph":[{"@type":"WebPage","@id":"http:\/\/arwann.com\/?page_id=1631","url":"http:\/\/arwann.com\/?page_id=1631","name":"Article 3 -","isPartOf":{"@id":"http:\/\/arwann.com\/#website"},"primaryImageOfPage":{"@id":"http:\/\/arwann.com\/?page_id=1631#primaryimage"},"image":{"@id":"http:\/\/arwann.com\/?page_id=1631#primaryimage"},"thumbnailUrl":"http:\/\/arwann.com\/wp-content\/uploads\/2014\/04\/bouton-scout.png","datePublished":"2014-06-27T18:26:52+00:00","dateModified":"2014-09-04T13:29:26+00:00","description":"Le scout est fait pour servir et sauver son prochain","breadcrumb":{"@id":"http:\/\/arwann.com\/?page_id=1631#breadcrumb"},"inLanguage":"fr-FR","potentialAction":[{"@type":"ReadAction","target":["http:\/\/arwann.com\/?page_id=1631"]}]},{"@type":"ImageObject","inLanguage":"fr-FR","@id":"http:\/\/arwann.com\/?page_id=1631#primaryimage","url":"http:\/\/arwann.com\/wp-content\/uploads\/2014\/04\/bouton-scout.png","contentUrl":"http:\/\/arwann.com\/wp-content\/uploads\/2014\/04\/bouton-scout.png","width":400,"height":400},{"@type":"BreadcrumbList","@id":"http:\/\/arwann.com\/?page_id=1631#breadcrumb","itemListElement":[{"@type":"ListItem","position":1,"name":"Home","item":"https:\/\/arwann.com\/"},{"@type":"ListItem","position":2,"name":"Le coin des Scouts","item":"http:\/\/arwann.com\/?page_id=29"},{"@type":"ListItem","position":3,"name":"La Loi &#038; les Principes","item":"http:\/\/arwann.com\/?page_id=60"},{"@type":"ListItem","position":4,"name":"Article 3"}]},{"@type":"WebSite","@id":"http:\/\/arwann.com\/#website","url":"http:\/\/arwann.com\/","name":"Arwann.com","description":"","publisher":{"@id":"http:\/\/arwann.com\/#organization"},"potentialAction":[{"@type":"SearchAction","target":{"@type":"EntryPoint","urlTemplate":"http:\/\/arwann.com\/?s={search_term_string}"},"query-input":{"@type":"PropertyValueSpecification","valueRequired":true,"valueName":"search_term_string"}}],"inLanguage":"fr-FR"},{"@type":"Organization","@id":"http:\/\/arwann.com\/#organization","name":"Arwann","url":"http:\/\/arwann.com\/","logo":{"@type":"ImageObject","inLanguage":"fr-FR","@id":"http:\/\/arwann.com\/#\/schema\/logo\/image\/","url":"http:\/\/arwann.com\/wp-content\/uploads\/2014\/04\/cropped-bandeau-arwann-5.png","contentUrl":"http:\/\/arwann.com\/wp-content\/uploads\/2014\/04\/cropped-bandeau-arwann-5.png","width":1600,"height":230,"caption":"Arwann"},"image":{"@id":"http:\/\/arwann.com\/#\/schema\/logo\/image\/"}}]}},"_links":{"self":[{"href":"http:\/\/arwann.com\/index.php?rest_route=\/wp\/v2\/pages\/1631","targetHints":{"allow":["GET"]}}],"collection":[{"href":"http:\/\/arwann.com\/index.php?rest_route=\/wp\/v2\/pages"}],"about":[{"href":"http:\/\/arwann.com\/index.php?rest_route=\/wp\/v2\/types\/page"}],"author":[{"embeddable":true,"href":"http:\/\/arwann.com\/index.php?rest_route=\/wp\/v2\/users\/3"}],"replies":[{"embeddable":true,"href":"http:\/\/arwann.com\/index.php?rest_route=%2Fwp%2Fv2%2Fcomments&post=1631"}],"version-history":[{"count":4,"href":"http:\/\/arwann.com\/index.php?rest_route=\/wp\/v2\/pages\/1631\/revisions"}],"predecessor-version":[{"id":1855,"href":"http:\/\/arwann.com\/index.php?rest_route=\/wp\/v2\/pages\/1631\/revisions\/1855"}],"up":[{"embeddable":true,"href":"http:\/\/arwann.com\/index.php?rest_route=\/wp\/v2\/pages\/60"}],"wp:attachment":[{"href":"http:\/\/arwann.com\/index.php?rest_route=%2Fwp%2Fv2%2Fmedia&parent=1631"}],"curies":[{"name":"wp","href":"https:\/\/api.w.org\/{rel}","templated":true}]}}