{"id":1619,"date":"2014-06-27T19:10:53","date_gmt":"2014-06-27T18:10:53","guid":{"rendered":"http:\/\/arwann.com\/?page_id=1619"},"modified":"2014-07-30T08:06:39","modified_gmt":"2014-07-30T07:06:39","slug":"article-1","status":"publish","type":"page","link":"http:\/\/arwann.com\/?page_id=1619","title":{"rendered":"Article 1"},"content":{"rendered":"<h2 style=\"text-align: justify;\"><span style=\"color: #ff00ff;\"><strong><a href=\"http:\/\/arwann.com\/wp-content\/uploads\/2014\/04\/bouton-scout.png\"><img loading=\"lazy\" decoding=\"async\" class=\"alignright wp-image-892\" src=\"http:\/\/arwann.com\/wp-content\/uploads\/2014\/04\/bouton-scout.png\" alt=\"bouton scout\" width=\"200\" height=\"200\" srcset=\"http:\/\/arwann.com\/wp-content\/uploads\/2014\/04\/bouton-scout.png 400w, http:\/\/arwann.com\/wp-content\/uploads\/2014\/04\/bouton-scout-200x200.png 200w, http:\/\/arwann.com\/wp-content\/uploads\/2014\/04\/bouton-scout-100x100.png 100w, http:\/\/arwann.com\/wp-content\/uploads\/2014\/04\/bouton-scout-300x300.png 300w, http:\/\/arwann.com\/wp-content\/uploads\/2014\/04\/bouton-scout-150x150.png 150w\" sizes=\"auto, (max-width: 200px) 100vw, 200px\" \/><\/a>Le scout met son honneur \u00e0 m\u00e9riter confiance<\/strong><\/span><\/h2>\n<p style=\"text-align: justify;\">Cet article reprend presque un des dialogues de la promesse :<\/p>\n<p style=\"text-align: justify;\">&#8211;\u00a0\u00a0 <strong>&#8230;<\/strong><em>Oui, sur mon honneur.<\/em><\/p>\n<p style=\"text-align: justify;\">&#8211;\u00a0\u00a0\u00a0\u00a0\u00a0 <em>Sais-tu que ton honneur est d&rsquo;appartenir au Christ, d&rsquo;\u00eatre fid\u00e8le \u00e0 tes fr\u00e8res et de n&rsquo;avoir qu&rsquo;une seule parole sur laquelle les autres doivent pouvoir compter ?<\/em><\/p>\n<p style=\"text-align: justify;\">&#8211;\u00a0\u00a0\u00a0\u00a0\u00a0 <em>Oui chef, je le sais, on pourra compter sur ma parole de scout (guide)<\/em><\/p>\n<p style=\"text-align: justify;\">Mesure-t-on bien la port\u00e9e de cet engagement : l&rsquo;honneur de la parole donn\u00e9e ? Je m&rsquo;y suis engag\u00e9, je le fais. Parfois cela para\u00eet surhumain et pourtant \u00e7a commence par de petites choses accomplies tous les jours\u00a0qui finissent par donner un v\u00e9ritable \u00e9tat d\u2019esprit : <em>la v\u00e9racit\u00e9, la prudence, la confiance, la comp\u00e9tence, l\u2019honneur<\/em><\/p>\n<p style=\"text-align: justify;\"><span style=\"color: #0000ff;\"><strong>La v\u00e9racit\u00e9<\/strong><\/span> : il faut prendre l&rsquo;habitude de ne dire que des choses vraies, m\u00eame pour blaguer. Ainsi, le jour o\u00f9 dire la v\u00e9rit\u00e9 nous co\u00fbtera un peu, le pli sera pris. Celui qui s&rsquo;habitue \u00e0 mentir pour de petites choses devient peu \u00e0 peu une l\u00e2che, sans m\u00eame s&rsquo;en rendre compte. Pourtant affronter une petite \u00ab\u00a0soufflante\u00a0\u00bb est un excellent exercice de courage et d&rsquo;humilit\u00e9. Celui qui prend l&rsquo;habitude de mentir, finit par taire certains p\u00e9ch\u00e9s au confessionnal&#8230; puis il fera encore plus grave.<\/p>\n<p style=\"text-align: justify;\"><strong><span style=\"color: #0000ff;\">La prudence<\/span> <\/strong>: s&rsquo;il va falloir tenir sa parole, alors on fera davantage attention \u00e0 ce qu&rsquo;on va avancer. Moins de fanfaronnade et plus de r\u00e9flexion. \u00c7a veut dire mieux se conna\u00eetre. Celui qui se plante une fois&#8230; Bon ! On oublie. Deux fois&#8230; Bon ! il n&rsquo;a pas de chance. Trois fois : ce type (ou cette fille) n&rsquo;est pas fiable, il ne fait d\u00e9finitivement pas l&rsquo;affaire.<\/p>\n<p style=\"text-align: justify;\"><strong><span style=\"color: #0000ff;\">La comp\u00e9tence :<\/span><\/strong> c&rsquo;est une des cl\u00e9s. Le gar\u00e7on ou la fille comp\u00e9tent sait faire et r\u00e9ussi habituellement ce qu&rsquo;il entreprend. La comp\u00e9tence \u00e7a se travaille, \u00e7a s&rsquo;acqui\u00e8re et c&rsquo;est un d\u00fb que les autres attendent de nous. Nos chefs attendent de nous la comp\u00e9tence mais bien plus encore nos subordonn\u00e9s attendent de nous la comp\u00e9tence puisqu\u2019ils nous confient une partie de leur vie. Un chef de patrouille doit \u00eatre comp\u00e9tent en installations, en orientation, en cuisine etc.<\/p>\n<p style=\"text-align: justify;\"><strong><span style=\"color: #0000ff;\">L&rsquo;honneur :<\/span><\/strong> c&rsquo;est la valeur la plus importante pour un homme ou une femme. L&rsquo;honneur perdu c&rsquo;est le regard des autres qu&rsquo;on ne peut plus supporter. Sans honneur on devient une \u00e9pave, un clochard, une loque, c&rsquo;est moins qu&rsquo;un animal. Mais avant d&rsquo;en arriver l\u00e0 il y a une multitude de petites l\u00e2chet\u00e9s qui, degr\u00e9 par d\u00e9gr\u00e9 font descendre vers la d\u00e9ch\u00e9ance.<\/p>\n<p style=\"text-align: justify;\"><strong><span style=\"color: #0000ff;\">La confiance :<\/span><\/strong> c&rsquo;est ce qui fait vivre l&rsquo;homme et qui fait que la soci\u00e9t\u00e9 tourne rond. Il faut avoir naturellement confiance dans les autres pour autant que rien ne l&#8217;emp\u00eache. Mais plus important, il faut que les autres aient confiance en nous : Parce qu&rsquo;on ne ment pas, parce qu&rsquo;on est suffisamment prudent, parce qu&rsquo;on est comp\u00e9tent et anim\u00e9 du d\u00e9sir de bien faire.<\/p>\n<p style=\"text-align: justify;\">Exemple concret : Germaine est invit\u00e9e \u00e0 une soir\u00e9e, elle d\u00e9cide de s\u00e9cher une partie du WE. Elle ne pr\u00e9vient pas la cheftaine, connaissant parfaitement sa r\u00e9action, ou si elle la pr\u00e9vient elle avance un pr\u00e9texte. Finalement comme elle s&rsquo;est couch\u00e9e tr\u00e8s tard, le lendemain elle ne rejoint la compagnie que vers 11H.<\/p>\n<p style=\"text-align: justify;\">1\u00b0 Germaine pr\u00e9f\u00e8re ses copines \u00e0 sa patrouille, \u00e0 chacune de ses filles de sa patrouille.<\/p>\n<p style=\"text-align: justify;\">2\u00b0 Germaine qui est CP savait tr\u00e8s bien qu&rsquo;il y avait des WE et que t\u00f4t ou tard ce serait en opposition avec ses soir\u00e9es.<\/p>\n<p style=\"text-align: justify;\">3\u00b0 Germaine avait \u00e9t\u00e9 tr\u00e8s fi\u00e8re de prendre le staff de patrouille le jour o\u00f9 la cheftaine lui avait fait confiance mais il fallait l&rsquo;accepter pour tout et pour l&rsquo;ann\u00e9e enti\u00e8re et c&rsquo;\u00e9tait bien dans le contrat.<\/p>\n<p style=\"text-align: justify;\">4\u00b0 Germaine a \u00ab\u00a0refil\u00e9\u00a0\u00bb sa patrouille \u00e0 sa seconde, elle a b\u00e2cl\u00e9 la pr\u00e9paration et la transmission des consignes si bien que manquait le double toit et que le repas de midi n&rsquo;a pas \u00e9t\u00e9 pr\u00e9vu.<\/p>\n<p style=\"text-align: justify;\">5\u00b0 Germaine a menti et continuera \u00e0 mentir pour minimiser la port\u00e9e de son manquement. Si elle parvient \u00e0 duper temporairement la cheftaine, la patrouille conna\u00eet parfaitement les \u00ab\u00a0motivations\u00a0\u00bb du CP. \u00c0 force de mentir elle finira par se persuader qu&rsquo;elle a raison. Bien s\u00fbr qu&rsquo;elle a raison puisque tous autour de lui (ses copines) agissent de m\u00eame.<\/p>\n<p style=\"text-align: justify;\">Fera-t-on une nouvelle fois confiance \u00e0 Germaine ? Les parents des autres guides lui feront-ils confiance ? La cheftaine ? Les guides de la patrouille ? Fid\u00e8le \u00e0 ses s\u0153urs ?&#8230; Nous pouvons plus que douter. Fid\u00e8le au Christ ?&#8230; Appartenir au Christ ? Cela a-t-il encore une signification ?<\/p>\n<p style=\"text-align: justify;\">Germaine a fini par quitter la compagnie. Du temps passe. Elle travaille, \u00e7a l&rsquo;int\u00e9resse. Elle grimpe. Elle d\u00e9couvre une autre vie&#8230; Infiniment plus complexe que celle des guides. Au boulot les engagements doivent \u00eatre tenus sinon les clients vous quittent. Au boulot \u00e7a allait au d\u00e9but et puis elle a fait une erreur. Oh ! Pas grand-chose. Elle a racont\u00e9 une histoire pour se disculper mais la confrontation avec le client (qui a toujours raison) a r\u00e9v\u00e9l\u00e9 une \u00ab\u00a0inexactitude mensonge\u00a0\u00bb. D\u00e9sormais son chef ne la l\u00e2che plus et lui impose de rapporter pour tout et \u00e0 tout moment. Son avancement s&rsquo;en trouve stopp\u00e9.<\/p>\n<p style=\"text-align: justify;\">Plus tard Elle sollicite un emprunt \u00e0 sa banque pour acheter sa maison. Et Elle signe pour 20 ans ! Et elle qui n&rsquo;a pas su tenir pour un WE s&rsquo;engage pour 20 ans ! Et tant que tout n&rsquo;est pas rembours\u00e9, la maison est sous hypoth\u00e8que. Pour le dossier on ne lui a pas fait confiance on a exig\u00e9 des centaines de preuves, certificats, attestations, signature \u00e0 chaque page&#8230;<\/p>\n<p style=\"text-align: justify;\">Ce que J\u00e9sus lui proposait par amour et dans la joie, dans le jeu scout et la fraternit\u00e9, Germaine l&rsquo;a refus\u00e9. Ce que le fric et les puissants lui imposent elle l&#8217;embrasse avec une totale soumission.<\/p>\n<p style=\"text-align: justify;\"><a title=\"Vivre la loi scoute\" href=\"http:\/\/arwann.com\/?page_id=1623\">vivre la loi<\/a><br \/>\n<a title=\"Article 2\" href=\"http:\/\/arwann.com\/?page_id=1628\">article 2<\/a><\/p>\n","protected":false},"excerpt":{"rendered":"<p>Le scout met son honneur \u00e0 m\u00e9riter confiance Cet article reprend presque un des dialogues de la promesse : &#8211;\u00a0\u00a0 &#8230;Oui, sur mon honneur. &#8211;\u00a0\u00a0\u00a0\u00a0\u00a0 Sais-tu que ton honneur est d&rsquo;appartenir au Christ, d&rsquo;\u00eatre fid\u00e8le \u00e0 tes fr\u00e8res et de n&rsquo;avoir qu&rsquo;une seule parole sur laquelle les autres doivent pouvoir compter ? &#8211;\u00a0\u00a0\u00a0\u00a0\u00a0 Oui chef, &hellip; <a href=\"http:\/\/arwann.com\/?page_id=1619\" class=\"more-link\">Continuer la lecture de <span class=\"screen-reader-text\">Article 1<\/span> <span class=\"meta-nav\">&rarr;<\/span><\/a><\/p>\n","protected":false},"author":3,"featured_media":0,"parent":60,"menu_order":0,"comment_status":"open","ping_status":"open","template":"","meta":{"footnotes":""},"class_list":["post-1619","page","type-page","status-publish","hentry"],"yoast_head":"<!-- This site is optimized with the Yoast SEO plugin v27.2 - https:\/\/yoast.com\/product\/yoast-seo-wordpress\/ -->\n<title>Article 1 -<\/title>\n<meta name=\"description\" content=\"Le scout met son honneur \u00e0 m\u00e9riter confiance\" \/>\n<meta name=\"robots\" content=\"index, follow, max-snippet:-1, max-image-preview:large, max-video-preview:-1\" \/>\n<link rel=\"canonical\" href=\"http:\/\/arwann.com\/?page_id=1619\" \/>\n<meta property=\"og:locale\" content=\"fr_FR\" \/>\n<meta property=\"og:type\" content=\"article\" \/>\n<meta property=\"og:title\" content=\"Article 1 -\" \/>\n<meta property=\"og:description\" content=\"Le scout met son honneur \u00e0 m\u00e9riter confiance\" \/>\n<meta property=\"og:url\" content=\"http:\/\/arwann.com\/?page_id=1619\" \/>\n<meta property=\"article:modified_time\" content=\"2014-07-30T07:06:39+00:00\" \/>\n<meta property=\"og:image\" content=\"http:\/\/arwann.com\/wp-content\/uploads\/2014\/04\/bouton-scout.png\" \/>\n<meta name=\"twitter:label1\" content=\"Dur\u00e9e de lecture estim\u00e9e\" \/>\n\t<meta name=\"twitter:data1\" content=\"5 minutes\" \/>\n<script type=\"application\/ld+json\" class=\"yoast-schema-graph\">{\"@context\":\"https:\/\/schema.org\",\"@graph\":[{\"@type\":\"WebPage\",\"@id\":\"http:\/\/arwann.com\/?page_id=1619\",\"url\":\"http:\/\/arwann.com\/?page_id=1619\",\"name\":\"Article 1 -\",\"isPartOf\":{\"@id\":\"http:\/\/arwann.com\/#website\"},\"primaryImageOfPage\":{\"@id\":\"http:\/\/arwann.com\/?page_id=1619#primaryimage\"},\"image\":{\"@id\":\"http:\/\/arwann.com\/?page_id=1619#primaryimage\"},\"thumbnailUrl\":\"http:\/\/arwann.com\/wp-content\/uploads\/2014\/04\/bouton-scout.png\",\"datePublished\":\"2014-06-27T18:10:53+00:00\",\"dateModified\":\"2014-07-30T07:06:39+00:00\",\"description\":\"Le scout met son honneur \u00e0 m\u00e9riter confiance\",\"breadcrumb\":{\"@id\":\"http:\/\/arwann.com\/?page_id=1619#breadcrumb\"},\"inLanguage\":\"fr-FR\",\"potentialAction\":[{\"@type\":\"ReadAction\",\"target\":[\"http:\/\/arwann.com\/?page_id=1619\"]}]},{\"@type\":\"ImageObject\",\"inLanguage\":\"fr-FR\",\"@id\":\"http:\/\/arwann.com\/?page_id=1619#primaryimage\",\"url\":\"http:\/\/arwann.com\/wp-content\/uploads\/2014\/04\/bouton-scout.png\",\"contentUrl\":\"http:\/\/arwann.com\/wp-content\/uploads\/2014\/04\/bouton-scout.png\",\"width\":400,\"height\":400},{\"@type\":\"BreadcrumbList\",\"@id\":\"http:\/\/arwann.com\/?page_id=1619#breadcrumb\",\"itemListElement\":[{\"@type\":\"ListItem\",\"position\":1,\"name\":\"Home\",\"item\":\"http:\/\/arwann.com\/\"},{\"@type\":\"ListItem\",\"position\":2,\"name\":\"Le coin des Scouts\",\"item\":\"https:\/\/arwann.com\/?page_id=29\"},{\"@type\":\"ListItem\",\"position\":3,\"name\":\"La Loi &#038; les Principes\",\"item\":\"https:\/\/arwann.com\/?page_id=60\"},{\"@type\":\"ListItem\",\"position\":4,\"name\":\"Article 1\"}]},{\"@type\":\"WebSite\",\"@id\":\"http:\/\/arwann.com\/#website\",\"url\":\"http:\/\/arwann.com\/\",\"name\":\"Arwann.com\",\"description\":\"\",\"publisher\":{\"@id\":\"http:\/\/arwann.com\/#organization\"},\"potentialAction\":[{\"@type\":\"SearchAction\",\"target\":{\"@type\":\"EntryPoint\",\"urlTemplate\":\"http:\/\/arwann.com\/?s={search_term_string}\"},\"query-input\":{\"@type\":\"PropertyValueSpecification\",\"valueRequired\":true,\"valueName\":\"search_term_string\"}}],\"inLanguage\":\"fr-FR\"},{\"@type\":\"Organization\",\"@id\":\"http:\/\/arwann.com\/#organization\",\"name\":\"Arwann\",\"url\":\"http:\/\/arwann.com\/\",\"logo\":{\"@type\":\"ImageObject\",\"inLanguage\":\"fr-FR\",\"@id\":\"http:\/\/arwann.com\/#\/schema\/logo\/image\/\",\"url\":\"http:\/\/arwann.com\/wp-content\/uploads\/2014\/04\/cropped-bandeau-arwann-5.png\",\"contentUrl\":\"http:\/\/arwann.com\/wp-content\/uploads\/2014\/04\/cropped-bandeau-arwann-5.png\",\"width\":1600,\"height\":230,\"caption\":\"Arwann\"},\"image\":{\"@id\":\"http:\/\/arwann.com\/#\/schema\/logo\/image\/\"}}]}<\/script>\n<!-- \/ Yoast SEO plugin. -->","yoast_head_json":{"title":"Article 1 -","description":"Le scout met son honneur \u00e0 m\u00e9riter confiance","robots":{"index":"index","follow":"follow","max-snippet":"max-snippet:-1","max-image-preview":"max-image-preview:large","max-video-preview":"max-video-preview:-1"},"canonical":"http:\/\/arwann.com\/?page_id=1619","og_locale":"fr_FR","og_type":"article","og_title":"Article 1 -","og_description":"Le scout met son honneur \u00e0 m\u00e9riter confiance","og_url":"http:\/\/arwann.com\/?page_id=1619","article_modified_time":"2014-07-30T07:06:39+00:00","og_image":[{"url":"http:\/\/arwann.com\/wp-content\/uploads\/2014\/04\/bouton-scout.png","type":"","width":"","height":""}],"twitter_misc":{"Dur\u00e9e de lecture estim\u00e9e":"5 minutes"},"schema":{"@context":"https:\/\/schema.org","@graph":[{"@type":"WebPage","@id":"http:\/\/arwann.com\/?page_id=1619","url":"http:\/\/arwann.com\/?page_id=1619","name":"Article 1 -","isPartOf":{"@id":"http:\/\/arwann.com\/#website"},"primaryImageOfPage":{"@id":"http:\/\/arwann.com\/?page_id=1619#primaryimage"},"image":{"@id":"http:\/\/arwann.com\/?page_id=1619#primaryimage"},"thumbnailUrl":"http:\/\/arwann.com\/wp-content\/uploads\/2014\/04\/bouton-scout.png","datePublished":"2014-06-27T18:10:53+00:00","dateModified":"2014-07-30T07:06:39+00:00","description":"Le scout met son honneur \u00e0 m\u00e9riter confiance","breadcrumb":{"@id":"http:\/\/arwann.com\/?page_id=1619#breadcrumb"},"inLanguage":"fr-FR","potentialAction":[{"@type":"ReadAction","target":["http:\/\/arwann.com\/?page_id=1619"]}]},{"@type":"ImageObject","inLanguage":"fr-FR","@id":"http:\/\/arwann.com\/?page_id=1619#primaryimage","url":"http:\/\/arwann.com\/wp-content\/uploads\/2014\/04\/bouton-scout.png","contentUrl":"http:\/\/arwann.com\/wp-content\/uploads\/2014\/04\/bouton-scout.png","width":400,"height":400},{"@type":"BreadcrumbList","@id":"http:\/\/arwann.com\/?page_id=1619#breadcrumb","itemListElement":[{"@type":"ListItem","position":1,"name":"Home","item":"http:\/\/arwann.com\/"},{"@type":"ListItem","position":2,"name":"Le coin des Scouts","item":"https:\/\/arwann.com\/?page_id=29"},{"@type":"ListItem","position":3,"name":"La Loi &#038; les Principes","item":"https:\/\/arwann.com\/?page_id=60"},{"@type":"ListItem","position":4,"name":"Article 1"}]},{"@type":"WebSite","@id":"http:\/\/arwann.com\/#website","url":"http:\/\/arwann.com\/","name":"Arwann.com","description":"","publisher":{"@id":"http:\/\/arwann.com\/#organization"},"potentialAction":[{"@type":"SearchAction","target":{"@type":"EntryPoint","urlTemplate":"http:\/\/arwann.com\/?s={search_term_string}"},"query-input":{"@type":"PropertyValueSpecification","valueRequired":true,"valueName":"search_term_string"}}],"inLanguage":"fr-FR"},{"@type":"Organization","@id":"http:\/\/arwann.com\/#organization","name":"Arwann","url":"http:\/\/arwann.com\/","logo":{"@type":"ImageObject","inLanguage":"fr-FR","@id":"http:\/\/arwann.com\/#\/schema\/logo\/image\/","url":"http:\/\/arwann.com\/wp-content\/uploads\/2014\/04\/cropped-bandeau-arwann-5.png","contentUrl":"http:\/\/arwann.com\/wp-content\/uploads\/2014\/04\/cropped-bandeau-arwann-5.png","width":1600,"height":230,"caption":"Arwann"},"image":{"@id":"http:\/\/arwann.com\/#\/schema\/logo\/image\/"}}]}},"_links":{"self":[{"href":"http:\/\/arwann.com\/index.php?rest_route=\/wp\/v2\/pages\/1619","targetHints":{"allow":["GET"]}}],"collection":[{"href":"http:\/\/arwann.com\/index.php?rest_route=\/wp\/v2\/pages"}],"about":[{"href":"http:\/\/arwann.com\/index.php?rest_route=\/wp\/v2\/types\/page"}],"author":[{"embeddable":true,"href":"http:\/\/arwann.com\/index.php?rest_route=\/wp\/v2\/users\/3"}],"replies":[{"embeddable":true,"href":"http:\/\/arwann.com\/index.php?rest_route=%2Fwp%2Fv2%2Fcomments&post=1619"}],"version-history":[{"count":5,"href":"http:\/\/arwann.com\/index.php?rest_route=\/wp\/v2\/pages\/1619\/revisions"}],"predecessor-version":[{"id":1857,"href":"http:\/\/arwann.com\/index.php?rest_route=\/wp\/v2\/pages\/1619\/revisions\/1857"}],"up":[{"embeddable":true,"href":"http:\/\/arwann.com\/index.php?rest_route=\/wp\/v2\/pages\/60"}],"wp:attachment":[{"href":"http:\/\/arwann.com\/index.php?rest_route=%2Fwp%2Fv2%2Fmedia&parent=1619"}],"curies":[{"name":"wp","href":"https:\/\/api.w.org\/{rel}","templated":true}]}}